{"id":6419,"date":"2022-04-26T11:49:27","date_gmt":"2022-04-26T11:49:27","guid":{"rendered":"https:\/\/proventuss.eu\/produkt\/vi-pro-liquid-foil\/"},"modified":"2022-11-02T11:48:05","modified_gmt":"2022-11-02T11:48:05","slug":"vi-pro-liquid-foil","status":"publish","type":"product","link":"https:\/\/proventuss.eu\/uk\/\u043f\u0440\u043e\u0434\u0443\u043a\u0442\/vi-pro-liquid-foil\/","title":{"rendered":"Vi-Pro\u00ae LIQUID FOIL"},"content":{"rendered":"<p><strong>Vi-Pro\u00ae LIQUID FOIL<\/strong> \u2014 \u0446\u0435 \u043f\u0440\u043e\u0437\u043e\u0440\u0435 \u0430\u0431\u043e \u0431\u043b\u0430\u043a\u0438\u0442\u043d\u0435 \u0435\u043c\u0443\u043b\u044c\u0441\u0456\u0439\u043d\u0435 \u043f\u043e\u043a\u0440\u0438\u0442\u0442\u044f \u043d\u0430 \u0432\u043e\u0434\u043d\u0456\u0439 \u043e\u0441\u043d\u043e\u0432\u0456, \u044f\u043a\u0435 \u043c\u043e\u0436\u043d\u0430 \u043d\u0430\u043d\u043e\u0441\u0438\u0442\u0438 \u043d\u0430 \u043a\u043e\u043b\u044c\u043e\u0440\u043e\u0432\u0456 \u0430\u0431\u043e \u043d\u0435\u0437\u0430\u0431\u0430\u0440\u0432\u043b\u0435\u043d\u0456 \u0432\u0435\u0440\u0442\u0438\u043a\u0430\u043b\u044c\u043d\u0456 \u0430\u0431\u043e \u0433\u043e\u0440\u0438\u0437\u043e\u043d\u0442\u0430\u043b\u044c\u043d\u0456 \u043f\u043e\u0432\u0435\u0440\u0445\u043d\u0456 \u0434\u043b\u044f \u0442\u0438\u043c\u0447\u0430\u0441\u043e\u0432\u043e\u0433\u043e \u0437\u0430\u0445\u0438\u0441\u0442\u0443.<\/p>\n<p>Vi-Pro\u00ae LIQUID FOIL \u043c\u043e\u0436\u043d\u0430 \u0432\u0438\u043a\u043e\u0440\u0438\u0441\u0442\u043e\u0432\u0443\u0432\u0430\u0442\u0438 \u0434\u043b\u044f \u0434\u043e\u0432\u0433\u043e\u0442\u0440\u0438\u0432\u0430\u043b\u043e\u0433\u043e \u0437\u0430\u0445\u0438\u0441\u0442\u0443 \u0434\u0435\u044f\u043a\u0438\u0445 \u043d\u0435\u043f\u043e\u0440\u0438\u0441\u0442\u0438\u0445 \u043f\u043e\u0432\u0435\u0440\u0445\u043e\u043d\u044c, \u0442\u0430\u043a\u0438\u0445 \u044f\u043a: \u0430\u043b\u044e\u043c\u0456\u043d\u0456\u0439, \u0441\u0442\u0430\u043d\u0434\u0430\u0440\u0442\u043d\u0438\u0439 \u0431\u0456\u043b\u0438\u0439 \u041f\u0412\u0425, \u0441\u043a\u043b\u043e, \u043c\u0430\u0440\u043c\u0443\u0440 \u0430\u0431\u043e \u0433\u0440\u0430\u043d\u0456\u0442, \u043a\u0435\u0440\u0430\u043c\u0456\u043a\u0430, \u043b\u0430\u043c\u0456\u043d\u043e\u0432\u0430\u043d\u0438\u0439 \u043f\u0430\u0440\u043a\u0435\u0442, \u043f\u043e\u0432\u0435\u0440\u0445\u043d\u0456 \u0437 \u0435\u043f\u043e\u043a\u0441\u0438\u0434\u043d\u0438\u043c \u043f\u043e\u043a\u0440\u0438\u0442\u0442\u044f\u043c \u0442\u043e\u0449\u043e.<\/p>\n<p>\u0414\u043e\u043f\u043e\u043c\u0430\u0433\u0430\u0454 \u043b\u0435\u0433\u043a\u043e \u0432\u0438\u0434\u0430\u043b\u044f\u0442\u0438 \u0437\u0430\u0431\u0440\u0443\u0434\u043d\u0435\u043d\u043d\u044f, \u0437\u0430\u0445\u0438\u0449\u0430\u0454 \u0432\u0456\u0434 \u0431\u0440\u0443\u0434\u0443, \u0444\u0430\u0440\u0431, \u043f\u043e\u0434\u0440\u044f\u043f\u0438\u043d, \u0437\u0432\u0430\u0440\u044e\u0432\u0430\u043b\u044c\u043d\u0438\u0445<br \/>\n\u0456\u0441\u043a\u043e\u0440, \u0432\u043e\u0434\u0438, \u0432\u043e\u043b\u043e\u0433\u0438 \u0442\u0430 \u043a\u043e\u0440\u043e\u0437\u0456\u0457.<\/p>\n<p><strong>\u041f\u0415\u0420\u0415\u0412\u0410\u0413\u0418:<\/strong><br \/>\n\u2022 \u0417\u0430\u0445\u0438\u0449\u0430\u0454 \u0432\u0456\u0434 \u0437\u0432\u0430\u0440\u044e\u0432\u0430\u043b\u044c\u043d\u0438\u0445 \u0456\u0441\u043a\u043e\u0440<br \/>\n\u2022 \u041f\u043b\u0456\u0432\u043a\u0430, \u0449\u043e \u043b\u0435\u0433\u043a\u043e \u0432\u0456\u0434\u043a\u043b\u0435\u044e\u0454\u0442\u044c\u0441\u044f, \u0441\u0442\u0456\u0439\u043a\u0430 \u0434\u043e \u0440\u0456\u0437\u043d\u0438\u0445 \u0444\u0430\u0440\u0431 \u0456 \u0445\u0456\u043c\u0456\u0447\u043d\u0438\u0445 \u0440\u0435\u0447\u043e\u0432\u0438\u043d<br \/>\n\u2022 \u0422\u0438\u043a\u0441\u043e\u0442\u0440\u043e\u043f\u043d\u0430, \u0457\u0457 \u043c\u043e\u0436\u043d\u0430 \u043d\u0430\u043d\u043e\u0441\u0438\u0442\u0438 \u043d\u0430 \u0432\u0435\u0440\u0442\u0438\u043a\u0430\u043b\u044c\u043d\u0456 \u043f\u043e\u0432\u0435\u0440\u0445\u043d\u0456.<br \/>\n\u2022 \u041d\u0430 \u0432\u043e\u0434\u043d\u0456\u0439 \u043e\u0441\u043d\u043e\u0432\u0456 \u043c\u043e\u0436\u043d\u0430 \u043d\u0430\u043d\u043e\u0441\u0438\u0442\u0438 \u043d\u0430 \u0435\u043b\u0435\u043a\u0442\u0440\u043e\u0441\u0442\u0430\u0442\u0438\u0447\u043d\u043e \u043f\u043e\u0444\u0430\u0440\u0431\u043e\u0432\u0430\u043d\u0456 \u043f\u043e\u0432\u0435\u0440\u0445\u043d\u0456<br \/>\n\u2022 \u0406\u043d\u0441\u0442\u0440\u0443\u043c\u0435\u043d\u0442\u0438 \u0434\u043b\u044f \u043d\u0430\u043d\u0435\u0441\u0435\u043d\u043d\u044f \u043c\u043e\u0436\u043d\u0430 \u043c\u0438\u0442\u0438 \u0432\u043e\u0434\u043e\u044e, \u0449\u043e \u0440\u043e\u0431\u0438\u0442\u044c \u043e\u0447\u0438\u0449\u0435\u043d\u043d\u044f \u043f\u0440\u043e\u0441\u0442\u0438\u043c \u0456 \u0434\u0435\u0448\u0435\u0432\u0438\u043c<br \/>\n\u2022 \u0411\u0435\u0437\u043f\u0435\u043a\u0430 (\u0432\u0438\u0440\u0456\u0431 \u043d\u0435 \u0432\u043f\u043b\u0438\u0432\u0430\u0454 \u043d\u0435\u0433\u0430\u0442\u0438\u0432\u043d\u043e \u043d\u0430 \u0432\u0456\u043a\u043d\u0430 \u0430\u0431\u043e \u0440\u0430\u043c\u0438)<br \/>\n\u2022 \u0415\u043a\u043e\u043b\u043e\u0433\u0456\u0447\u043d\u043e \u0447\u0438\u0441\u0442\u0438\u0439 \u043f\u0440\u043e\u0434\u0443\u043a\u0442 \u043d\u0430 \u0432\u043e\u0434\u043d\u0456\u0439 \u043e\u0441\u043d\u043e\u0432\u0456 \u043d\u0435 \u0432\u043f\u043b\u0438\u0432\u0430\u0454 \u043d\u0430 \u0437\u0434\u043e\u0440\u043e\u0432\u2019\u044f \u043b\u044e\u0434\u0438\u043d\u0438<\/p>\n<p><strong>\u041f\u0415\u0420\u0415\u0412\u0410\u0413\u0418:<\/strong><br \/>\n\u2022 \u041d\u0435\u0433\u043e\u0440\u044e\u0447\u0438\u0439<br \/>\n\u2022 \u0428\u0432\u0438\u0434\u043a\u0435 \u0432\u0438\u0441\u0438\u0445\u0430\u043d\u043d\u044f<br \/>\n\u2022 \u0415\u0444\u0435\u043a\u0442\u0438\u0432\u043d\u0438\u0439 \u0443 \u0432\u0438\u043a\u043e\u0440\u0438\u0441\u0442\u0430\u043d\u043d\u0456, \u0431\u0435\u0437 \u0432\u0456\u0434\u0445\u043e\u0434\u0456\u0432<br \/>\n\u2022 \u041b\u0435\u0433\u043a\u043e \u0437\u043d\u0456\u043c\u0430\u0454\u0442\u044c\u0441\u044f \u043f\u0456\u0441\u043b\u044f \u043f\u0435\u0440\u0456\u043e\u0434\u0443 \u0437\u0430\u0445\u0438\u0441\u0442\u0443<br \/>\n\u2022 \u041f\u043e\u043a\u0440\u0430\u0449\u0435\u043d\u043d\u044f \u0456\u043c\u0456\u0434\u0436\u0443 \u043a\u043e\u043c\u043f\u0430\u043d\u0456\u0457 (\u0432\u0456\u0434\u0441\u0443\u0442\u043d\u0456\u0441\u0442\u044c \u0440\u0435\u043a\u043b\u0430\u043c\u0430\u0446\u0456\u0439)<br \/>\n\u2022 \u0417\u043c\u0435\u043d\u0448\u0435\u043d\u043d\u044f \u0440\u0438\u0437\u0438\u043a\u0443 \u0432\u0442\u0440\u0430\u0442 \u0456 \u0434\u043e\u0440\u043e\u0433\u043e\u0433\u043e \u0440\u0435\u043c\u043e\u043d\u0442\u0443<br \/>\n\u2022 \u0428\u0432\u0438\u0434\u0448\u0435 \u043d\u0430\u043d\u0435\u0441\u0435\u043d\u043d\u044f, \u043d\u0456\u0436 \u0441\u0442\u0430\u043d\u0434\u0430\u0440\u0442\u043d\u0438\u0445 \u043f\u043b\u0456\u0432\u043e\u043a<\/p>\n<p><strong>\u0423\u041f\u0410\u041a\u041e\u0412\u041a\u0410<\/strong>: 20 \u043b<\/p>\n<p><iframe src=\"\/\/www.youtube.com\/embed\/PZkKRlxRgDY\" width=\"560\" height=\"314\" allowfullscreen=\"allowfullscreen\"><\/iframe><\/p>\n","protected":false},"excerpt":{"rendered":"<p>Vi-Pro\u00ae LIQUID FOIL \u2014 \u0446\u0435 \u043f\u0440\u043e\u0437\u043e\u0440\u0435 \u0430\u0431\u043e \u0431\u043b\u0430\u043a\u0438\u0442\u043d\u0435 \u0435\u043c\u0443\u043b\u044c\u0441\u0456\u0439\u043d\u0435 \u043f\u043e\u043a\u0440\u0438\u0442\u0442\u044f \u043d\u0430 \u0432\u043e\u0434\u043d\u0456\u0439 \u043e\u0441\u043d\u043e\u0432\u0456, \u044f\u043a\u0435 \u043c\u043e\u0436\u043d\u0430 \u043d\u0430\u043d\u043e\u0441\u0438\u0442\u0438 \u043d\u0430 \u043a\u043e\u043b\u044c\u043e\u0440\u043e\u0432\u0456 \u0430\u0431\u043e \u043d\u0435\u0437\u0430\u0431\u0430\u0440\u0432\u043b\u0435\u043d\u0456 \u0432\u0435\u0440\u0442\u0438\u043a\u0430\u043b\u044c\u043d\u0456 \u0430\u0431\u043e \u0433\u043e\u0440\u0438\u0437\u043e\u043d\u0442\u0430\u043b\u044c\u043d\u0456 \u043f\u043e\u0432\u0435\u0440\u0445\u043d\u0456 \u0434\u043b\u044f \u0442\u0438\u043c\u0447\u0430\u0441\u043e\u0432\u043e\u0433\u043e \u0437\u0430\u0445\u0438\u0441\u0442\u0443. Vi-Pro\u00ae LIQUID FOIL \u043c\u043e\u0436\u043d\u0430 \u0432\u0438\u043a\u043e\u0440\u0438\u0441\u0442\u043e\u0432\u0443\u0432\u0430\u0442\u0438 \u0434\u043b\u044f \u0434\u043e\u0432\u0433\u043e\u0442\u0440\u0438\u0432\u0430\u043b\u043e\u0433\u043e \u0437\u0430\u0445\u0438\u0441\u0442\u0443 \u0434\u0435\u044f\u043a\u0438\u0445 \u043d\u0435\u043f\u043e\u0440\u0438\u0441\u0442\u0438\u0445 \u043f\u043e\u0432\u0435\u0440\u0445\u043e\u043d\u044c, \u0442\u0430\u043a\u0438\u0445 \u044f\u043a: \u0430\u043b\u044e\u043c\u0456\u043d\u0456\u0439, \u0441\u0442\u0430\u043d\u0434\u0430\u0440\u0442\u043d\u0438\u0439 \u0431\u0456\u043b\u0438\u0439 \u041f\u0412\u0425, \u0441\u043a\u043b\u043e, \u043c\u0430\u0440\u043c\u0443\u0440 \u0430\u0431\u043e \u0433\u0440\u0430\u043d\u0456\u0442, \u043a\u0435\u0440\u0430\u043c\u0456\u043a\u0430, \u043b\u0430\u043c\u0456\u043d\u043e\u0432\u0430\u043d\u0438\u0439 \u043f\u0430\u0440\u043a\u0435\u0442, \u043f\u043e\u0432\u0435\u0440\u0445\u043d\u0456 \u0437 \u0435\u043f\u043e\u043a\u0441\u0438\u0434\u043d\u0438\u043c \u043f\u043e\u043a\u0440\u0438\u0442\u0442\u044f\u043c [&hellip;]<\/p>\n","protected":false},"featured_media":10720,"comment_status":"open","ping_status":"closed","template":"","meta":{"_acf_changed":false},"product_cat":[301],"product_tag":[],"acf":[],"yoast_head":"<!-- This site is optimized with the Yoast SEO plugin v22.9 - https:\/\/yoast.com\/wordpress\/plugins\/seo\/ -->\n<title>Vi-Pro\u00ae LIQUID FOIL - Proventuss<\/title>\n<meta name=\"robots\" content=\"index, follow, max-snippet:-1, max-image-preview:large, max-video-preview:-1\" \/>\n<link rel=\"canonical\" href=\"https:\/\/proventuss.eu\/uk\/produkt\/vi-pro-liquid-foil\/\" \/>\n<meta property=\"og:locale\" content=\"uk_UA\" \/>\n<meta property=\"og:type\" content=\"article\" \/>\n<meta property=\"og:title\" content=\"Vi-Pro\u00ae LIQUID FOIL - Proventuss\" \/>\n<meta property=\"og:description\" content=\"Vi-Pro\u00ae LIQUID FOIL \u2014 \u0446\u0435 \u043f\u0440\u043e\u0437\u043e\u0440\u0435 \u0430\u0431\u043e \u0431\u043b\u0430\u043a\u0438\u0442\u043d\u0435 \u0435\u043c\u0443\u043b\u044c\u0441\u0456\u0439\u043d\u0435 \u043f\u043e\u043a\u0440\u0438\u0442\u0442\u044f \u043d\u0430 \u0432\u043e\u0434\u043d\u0456\u0439 \u043e\u0441\u043d\u043e\u0432\u0456, \u044f\u043a\u0435 \u043c\u043e\u0436\u043d\u0430 \u043d\u0430\u043d\u043e\u0441\u0438\u0442\u0438 \u043d\u0430 \u043a\u043e\u043b\u044c\u043e\u0440\u043e\u0432\u0456 \u0430\u0431\u043e \u043d\u0435\u0437\u0430\u0431\u0430\u0440\u0432\u043b\u0435\u043d\u0456 \u0432\u0435\u0440\u0442\u0438\u043a\u0430\u043b\u044c\u043d\u0456 \u0430\u0431\u043e \u0433\u043e\u0440\u0438\u0437\u043e\u043d\u0442\u0430\u043b\u044c\u043d\u0456 \u043f\u043e\u0432\u0435\u0440\u0445\u043d\u0456 \u0434\u043b\u044f \u0442\u0438\u043c\u0447\u0430\u0441\u043e\u0432\u043e\u0433\u043e \u0437\u0430\u0445\u0438\u0441\u0442\u0443. Vi-Pro\u00ae LIQUID FOIL \u043c\u043e\u0436\u043d\u0430 \u0432\u0438\u043a\u043e\u0440\u0438\u0441\u0442\u043e\u0432\u0443\u0432\u0430\u0442\u0438 \u0434\u043b\u044f \u0434\u043e\u0432\u0433\u043e\u0442\u0440\u0438\u0432\u0430\u043b\u043e\u0433\u043e \u0437\u0430\u0445\u0438\u0441\u0442\u0443 \u0434\u0435\u044f\u043a\u0438\u0445 \u043d\u0435\u043f\u043e\u0440\u0438\u0441\u0442\u0438\u0445 \u043f\u043e\u0432\u0435\u0440\u0445\u043e\u043d\u044c, \u0442\u0430\u043a\u0438\u0445 \u044f\u043a: \u0430\u043b\u044e\u043c\u0456\u043d\u0456\u0439, \u0441\u0442\u0430\u043d\u0434\u0430\u0440\u0442\u043d\u0438\u0439 \u0431\u0456\u043b\u0438\u0439 \u041f\u0412\u0425, \u0441\u043a\u043b\u043e, \u043c\u0430\u0440\u043c\u0443\u0440 \u0430\u0431\u043e \u0433\u0440\u0430\u043d\u0456\u0442, \u043a\u0435\u0440\u0430\u043c\u0456\u043a\u0430, \u043b\u0430\u043c\u0456\u043d\u043e\u0432\u0430\u043d\u0438\u0439 \u043f\u0430\u0440\u043a\u0435\u0442, \u043f\u043e\u0432\u0435\u0440\u0445\u043d\u0456 \u0437 \u0435\u043f\u043e\u043a\u0441\u0438\u0434\u043d\u0438\u043c \u043f\u043e\u043a\u0440\u0438\u0442\u0442\u044f\u043c [&hellip;]\" \/>\n<meta property=\"og:url\" content=\"https:\/\/proventuss.eu\/uk\/produkt\/vi-pro-liquid-foil\/\" \/>\n<meta property=\"og:site_name\" content=\"Proventuss\" \/>\n<meta property=\"article:modified_time\" content=\"2022-11-02T11:48:05+00:00\" \/>\n<meta property=\"og:image\" content=\"https:\/\/proventuss.eu\/wp-content\/uploads\/2022\/04\/MG_5905a1M.png\" \/>\n\t<meta property=\"og:image:width\" content=\"1058\" \/>\n\t<meta property=\"og:image:height\" content=\"1200\" \/>\n\t<meta property=\"og:image:type\" content=\"image\/png\" \/>\n<meta name=\"twitter:card\" content=\"summary_large_image\" \/>\n<meta name=\"twitter:label1\" content=\"\u041f\u0440\u0438\u0431\u043b. \u0447\u0430\u0441 \u0447\u0438\u0442\u0430\u043d\u043d\u044f\" \/>\n\t<meta name=\"twitter:data1\" content=\"2 \u0445\u0432\u0438\u043b\u0438\u043d\u0438\" \/>\n<script type=\"application\/ld+json\" class=\"yoast-schema-graph\">{\"@context\":\"https:\/\/schema.org\",\"@graph\":[{\"@type\":\"WebPage\",\"@id\":\"https:\/\/proventuss.eu\/uk\/produkt\/vi-pro-liquid-foil\/\",\"url\":\"https:\/\/proventuss.eu\/uk\/produkt\/vi-pro-liquid-foil\/\",\"name\":\"Vi-Pro\u00ae LIQUID FOIL - Proventuss\",\"isPartOf\":{\"@id\":\"https:\/\/proventuss.eu\/#website\"},\"primaryImageOfPage\":{\"@id\":\"https:\/\/proventuss.eu\/uk\/produkt\/vi-pro-liquid-foil\/#primaryimage\"},\"image\":{\"@id\":\"https:\/\/proventuss.eu\/uk\/produkt\/vi-pro-liquid-foil\/#primaryimage\"},\"thumbnailUrl\":\"https:\/\/proventuss.eu\/wp-content\/uploads\/2022\/04\/MG_5905a1M.png\",\"datePublished\":\"2022-04-26T11:49:27+00:00\",\"dateModified\":\"2022-11-02T11:48:05+00:00\",\"breadcrumb\":{\"@id\":\"https:\/\/proventuss.eu\/uk\/produkt\/vi-pro-liquid-foil\/#breadcrumb\"},\"inLanguage\":\"uk\",\"potentialAction\":[{\"@type\":\"ReadAction\",\"target\":[\"https:\/\/proventuss.eu\/uk\/produkt\/vi-pro-liquid-foil\/\"]}]},{\"@type\":\"ImageObject\",\"inLanguage\":\"uk\",\"@id\":\"https:\/\/proventuss.eu\/uk\/produkt\/vi-pro-liquid-foil\/#primaryimage\",\"url\":\"https:\/\/proventuss.eu\/wp-content\/uploads\/2022\/04\/MG_5905a1M.png\",\"contentUrl\":\"https:\/\/proventuss.eu\/wp-content\/uploads\/2022\/04\/MG_5905a1M.png\",\"width\":1058,\"height\":1200,\"caption\":\"Na zdj\u0119ciu Folia w p\u0142ynie zabezpiecza przed zabrudzeniami, malowaniem, zarysowaniami, odpryskami spawalniczymi, wod\u0105, wilgoci\u0105 i korozj\u0105. Wydajna w u\u017cyciu. Czarne wiadro 20 L.\"},{\"@type\":\"BreadcrumbList\",\"@id\":\"https:\/\/proventuss.eu\/uk\/produkt\/vi-pro-liquid-foil\/#breadcrumb\",\"itemListElement\":[{\"@type\":\"ListItem\",\"position\":1,\"name\":\"Home\",\"item\":\"https:\/\/proventuss.eu\/uk\/\"},{\"@type\":\"ListItem\",\"position\":2,\"name\":\"\u041f\u0440\u043e\u0434\u0443\u043a\u0442\u0438\",\"item\":\"https:\/\/proventuss.eu\/%d0%bf%d1%80%d0%be%d0%b4%d1%83%d0%ba%d1%82%d0%b8\/\"},{\"@type\":\"ListItem\",\"position\":3,\"name\":\"Vi-Pro\u00ae LIQUID FOIL\"}]},{\"@type\":\"WebSite\",\"@id\":\"https:\/\/proventuss.eu\/#website\",\"url\":\"https:\/\/proventuss.eu\/\",\"name\":\"Proventuss\",\"description\":\"\",\"potentialAction\":[{\"@type\":\"SearchAction\",\"target\":{\"@type\":\"EntryPoint\",\"urlTemplate\":\"https:\/\/proventuss.eu\/?s={search_term_string}\"},\"query-input\":\"required name=search_term_string\"}],\"inLanguage\":\"uk\"}]}<\/script>\n<!-- \/ Yoast SEO plugin. -->","yoast_head_json":{"title":"Vi-Pro\u00ae LIQUID FOIL - Proventuss","robots":{"index":"index","follow":"follow","max-snippet":"max-snippet:-1","max-image-preview":"max-image-preview:large","max-video-preview":"max-video-preview:-1"},"canonical":"https:\/\/proventuss.eu\/uk\/produkt\/vi-pro-liquid-foil\/","og_locale":"uk_UA","og_type":"article","og_title":"Vi-Pro\u00ae LIQUID FOIL - Proventuss","og_description":"Vi-Pro\u00ae LIQUID FOIL \u2014 \u0446\u0435 \u043f\u0440\u043e\u0437\u043e\u0440\u0435 \u0430\u0431\u043e \u0431\u043b\u0430\u043a\u0438\u0442\u043d\u0435 \u0435\u043c\u0443\u043b\u044c\u0441\u0456\u0439\u043d\u0435 \u043f\u043e\u043a\u0440\u0438\u0442\u0442\u044f \u043d\u0430 \u0432\u043e\u0434\u043d\u0456\u0439 \u043e\u0441\u043d\u043e\u0432\u0456, \u044f\u043a\u0435 \u043c\u043e\u0436\u043d\u0430 \u043d\u0430\u043d\u043e\u0441\u0438\u0442\u0438 \u043d\u0430 \u043a\u043e\u043b\u044c\u043e\u0440\u043e\u0432\u0456 \u0430\u0431\u043e \u043d\u0435\u0437\u0430\u0431\u0430\u0440\u0432\u043b\u0435\u043d\u0456 \u0432\u0435\u0440\u0442\u0438\u043a\u0430\u043b\u044c\u043d\u0456 \u0430\u0431\u043e \u0433\u043e\u0440\u0438\u0437\u043e\u043d\u0442\u0430\u043b\u044c\u043d\u0456 \u043f\u043e\u0432\u0435\u0440\u0445\u043d\u0456 \u0434\u043b\u044f \u0442\u0438\u043c\u0447\u0430\u0441\u043e\u0432\u043e\u0433\u043e \u0437\u0430\u0445\u0438\u0441\u0442\u0443. Vi-Pro\u00ae LIQUID FOIL \u043c\u043e\u0436\u043d\u0430 \u0432\u0438\u043a\u043e\u0440\u0438\u0441\u0442\u043e\u0432\u0443\u0432\u0430\u0442\u0438 \u0434\u043b\u044f \u0434\u043e\u0432\u0433\u043e\u0442\u0440\u0438\u0432\u0430\u043b\u043e\u0433\u043e \u0437\u0430\u0445\u0438\u0441\u0442\u0443 \u0434\u0435\u044f\u043a\u0438\u0445 \u043d\u0435\u043f\u043e\u0440\u0438\u0441\u0442\u0438\u0445 \u043f\u043e\u0432\u0435\u0440\u0445\u043e\u043d\u044c, \u0442\u0430\u043a\u0438\u0445 \u044f\u043a: \u0430\u043b\u044e\u043c\u0456\u043d\u0456\u0439, \u0441\u0442\u0430\u043d\u0434\u0430\u0440\u0442\u043d\u0438\u0439 \u0431\u0456\u043b\u0438\u0439 \u041f\u0412\u0425, \u0441\u043a\u043b\u043e, \u043c\u0430\u0440\u043c\u0443\u0440 \u0430\u0431\u043e \u0433\u0440\u0430\u043d\u0456\u0442, \u043a\u0435\u0440\u0430\u043c\u0456\u043a\u0430, \u043b\u0430\u043c\u0456\u043d\u043e\u0432\u0430\u043d\u0438\u0439 \u043f\u0430\u0440\u043a\u0435\u0442, \u043f\u043e\u0432\u0435\u0440\u0445\u043d\u0456 \u0437 \u0435\u043f\u043e\u043a\u0441\u0438\u0434\u043d\u0438\u043c \u043f\u043e\u043a\u0440\u0438\u0442\u0442\u044f\u043c [&hellip;]","og_url":"https:\/\/proventuss.eu\/uk\/produkt\/vi-pro-liquid-foil\/","og_site_name":"Proventuss","article_modified_time":"2022-11-02T11:48:05+00:00","og_image":[{"width":1058,"height":1200,"url":"https:\/\/proventuss.eu\/wp-content\/uploads\/2022\/04\/MG_5905a1M.png","type":"image\/png"}],"twitter_card":"summary_large_image","twitter_misc":{"\u041f\u0440\u0438\u0431\u043b. \u0447\u0430\u0441 \u0447\u0438\u0442\u0430\u043d\u043d\u044f":"2 \u0445\u0432\u0438\u043b\u0438\u043d\u0438"},"schema":{"@context":"https:\/\/schema.org","@graph":[{"@type":"WebPage","@id":"https:\/\/proventuss.eu\/uk\/produkt\/vi-pro-liquid-foil\/","url":"https:\/\/proventuss.eu\/uk\/produkt\/vi-pro-liquid-foil\/","name":"Vi-Pro\u00ae LIQUID FOIL - Proventuss","isPartOf":{"@id":"https:\/\/proventuss.eu\/#website"},"primaryImageOfPage":{"@id":"https:\/\/proventuss.eu\/uk\/produkt\/vi-pro-liquid-foil\/#primaryimage"},"image":{"@id":"https:\/\/proventuss.eu\/uk\/produkt\/vi-pro-liquid-foil\/#primaryimage"},"thumbnailUrl":"https:\/\/proventuss.eu\/wp-content\/uploads\/2022\/04\/MG_5905a1M.png","datePublished":"2022-04-26T11:49:27+00:00","dateModified":"2022-11-02T11:48:05+00:00","breadcrumb":{"@id":"https:\/\/proventuss.eu\/uk\/produkt\/vi-pro-liquid-foil\/#breadcrumb"},"inLanguage":"uk","potentialAction":[{"@type":"ReadAction","target":["https:\/\/proventuss.eu\/uk\/produkt\/vi-pro-liquid-foil\/"]}]},{"@type":"ImageObject","inLanguage":"uk","@id":"https:\/\/proventuss.eu\/uk\/produkt\/vi-pro-liquid-foil\/#primaryimage","url":"https:\/\/proventuss.eu\/wp-content\/uploads\/2022\/04\/MG_5905a1M.png","contentUrl":"https:\/\/proventuss.eu\/wp-content\/uploads\/2022\/04\/MG_5905a1M.png","width":1058,"height":1200,"caption":"Na zdj\u0119ciu Folia w p\u0142ynie zabezpiecza przed zabrudzeniami, malowaniem, zarysowaniami, odpryskami spawalniczymi, wod\u0105, wilgoci\u0105 i korozj\u0105. Wydajna w u\u017cyciu. Czarne wiadro 20 L."},{"@type":"BreadcrumbList","@id":"https:\/\/proventuss.eu\/uk\/produkt\/vi-pro-liquid-foil\/#breadcrumb","itemListElement":[{"@type":"ListItem","position":1,"name":"Home","item":"https:\/\/proventuss.eu\/uk\/"},{"@type":"ListItem","position":2,"name":"\u041f\u0440\u043e\u0434\u0443\u043a\u0442\u0438","item":"https:\/\/proventuss.eu\/%d0%bf%d1%80%d0%be%d0%b4%d1%83%d0%ba%d1%82%d0%b8\/"},{"@type":"ListItem","position":3,"name":"Vi-Pro\u00ae LIQUID FOIL"}]},{"@type":"WebSite","@id":"https:\/\/proventuss.eu\/#website","url":"https:\/\/proventuss.eu\/","name":"Proventuss","description":"","potentialAction":[{"@type":"SearchAction","target":{"@type":"EntryPoint","urlTemplate":"https:\/\/proventuss.eu\/?s={search_term_string}"},"query-input":"required name=search_term_string"}],"inLanguage":"uk"}]}},"_links":{"self":[{"href":"https:\/\/proventuss.eu\/uk\/wp-json\/wp\/v2\/product\/6419"}],"collection":[{"href":"https:\/\/proventuss.eu\/uk\/wp-json\/wp\/v2\/product"}],"about":[{"href":"https:\/\/proventuss.eu\/uk\/wp-json\/wp\/v2\/types\/product"}],"replies":[{"embeddable":true,"href":"https:\/\/proventuss.eu\/uk\/wp-json\/wp\/v2\/comments?post=6419"}],"wp:featuredmedia":[{"embeddable":true,"href":"https:\/\/proventuss.eu\/uk\/wp-json\/wp\/v2\/media\/10720"}],"wp:attachment":[{"href":"https:\/\/proventuss.eu\/uk\/wp-json\/wp\/v2\/media?parent=6419"}],"wp:term":[{"taxonomy":"product_cat","embeddable":true,"href":"https:\/\/proventuss.eu\/uk\/wp-json\/wp\/v2\/product_cat?post=6419"},{"taxonomy":"product_tag","embeddable":true,"href":"https:\/\/proventuss.eu\/uk\/wp-json\/wp\/v2\/product_tag?post=6419"}],"curies":[{"name":"wp","href":"https:\/\/api.w.org\/{rel}","templated":true}]}}