{"id":6393,"date":"2022-04-26T10:46:52","date_gmt":"2022-04-26T10:46:52","guid":{"rendered":"https:\/\/proventuss.eu\/produkt\/vi-pro-sg-tape\/"},"modified":"2022-04-26T10:46:52","modified_gmt":"2022-04-26T10:46:52","slug":"vi-pro-sg-tape","status":"publish","type":"product","link":"https:\/\/proventuss.eu\/uk\/\u043f\u0440\u043e\u0434\u0443\u043a\u0442\/vi-pro-sg-tape\/","title":{"rendered":"Vi-Pro\u00ae SG TAPE"},"content":{"rendered":"<p>\u0414\u0412\u041e\u0421\u0422\u041e\u0420\u041e\u041d\u041d\u042f \u0412\u0418\u0421\u041e\u041a\u041e\u041a\u041b\u0415\u0419\u041a\u0410 \u041f\u0412\u0425 \u0421\u0422\u0420\u0406\u0427\u041a\u0410 \u0417 \u0410\u041a\u0420\u0418\u041b\u041e\u0412\u0418\u041c \u0410\u0414\u0413\u0415\u0417\u0418\u0412\u041e\u041c, \u0441\u043f\u0435\u0446\u0456\u0430\u043b\u044c\u043d\u043e \u0440\u043e\u0437\u0440\u043e\u0431\u043b\u0435\u043d\u0430 \u0434\u043b\u044f \u0432\u0438\u043a\u043e\u0440\u0438\u0441\u0442\u0430\u043d\u043d\u044f \u0432 \u0441\u0438\u0441\u0442\u0435\u043c\u0430\u0445 \u0441\u0442\u0440\u0443\u043a\u0442\u0443\u0440\u043d\u043e\u0433\u043e \u0441\u043a\u043b\u0456\u043d\u043d\u044f. \u041c\u0430\u0454 \u0447\u0430\u0441\u0442\u043a\u043e\u0432\u043e \u0432\u0456\u0434\u043a\u0440\u0438\u0442\u0443 \u0441\u0442\u0440\u0443\u043a\u0442\u0443\u0440\u0443 \u043f\u043e\u0440, \u0449\u043e \u0434\u043e\u0437\u0432\u043e\u043b\u044f\u0454 \u0432\u0443\u043b\u043a\u0430\u043d\u0456\u0437\u0443\u0432\u0430\u0442\u0438\u0441\u044c \u0441\u0438\u043b\u0456\u043a\u043e\u043d\u0443 \u0437 \u0443\u0441\u0456\u0445 \u0441\u0442\u043e\u0440\u0456\u043d.<\/p>\n<p>\u041e\u0421\u041e\u0411\u041b\u0418\u0412\u041e\u0421\u0422\u0406:<br \/>\n\u2022 \u041a\u043e\u043b\u0456\u0440: \u0447\u043e\u0440\u043d\u0438\u0439<br \/>\n\u2022 \u0421\u043f\u0435\u0446\u0438\u0444\u0456\u043a\u0430\u0446\u0456\u044f \u043a\u043b\u0435\u044e: \u0432\u0456\u0434\u043a\u0440\u0438\u0442\u0430 \u0441\u0442\u043e\u0440\u043e\u043d\u0430, \u043d\u0430 \u043e\u0441\u043d\u043e\u0432\u0456 \u043c\u043e\u0434\u0438\u0444\u0456\u043a\u043e\u0432\u0430\u043d\u043e\u0433\u043e \u0430\u043a\u0440\u0438\u043b\u043e\u0432\u043e\u0433\u043e \u043a\u043b\u0435\u044e<br \/>\n\u043d\u0430 \u0431\u0430\u0437\u0456 \u0440\u043e\u0437\u0447\u0438\u043d\u043d\u0438\u043a\u0430, \u0442\u043e\u0432\u0449\u0438\u043d\u043e\u044e 90 \u043c\u043a\u043c<br \/>\n\u2022 \u0422\u0435\u043c\u043f\u0435\u0440\u0430\u0442\u0443\u0440\u043d\u0438\u0439 \u0434\u0456\u0430\u043f\u0430\u0437\u043e\u043d: \u0432\u0456\u0434 -20\u00b0C \u0434\u043e +90\u00b0C<br \/>\n\u2022 \u0421\u0442\u0456\u0439\u043a\u0456\u0441\u0442\u044c \u0434\u043e \u0443\u043b\u044c\u0442\u0440\u0430\u0444\u0456\u043e\u043b\u0435\u0442\u0443: \u0434\u0443\u0436\u0435 \u0434\u043e\u0431\u0440\u0430<br \/>\n\u2022 \u0412\u043e\u0434\u043e\u0441\u0442\u0456\u0439\u043a\u0456\u0441\u0442\u044c: \u0434\u0443\u0436\u0435 \u0445\u043e\u0440\u043e\u0448\u0430<\/p>\n","protected":false},"excerpt":{"rendered":"<p>\u0414\u0412\u041e\u0421\u0422\u041e\u0420\u041e\u041d\u041d\u042f \u0412\u0418\u0421\u041e\u041a\u041e\u041a\u041b\u0415\u0419\u041a\u0410 \u041f\u0412\u0425 \u0421\u0422\u0420\u0406\u0427\u041a\u0410 \u0417 \u0410\u041a\u0420\u0418\u041b\u041e\u0412\u0418\u041c \u0410\u0414\u0413\u0415\u0417\u0418\u0412\u041e\u041c, \u0441\u043f\u0435\u0446\u0456\u0430\u043b\u044c\u043d\u043e \u0440\u043e\u0437\u0440\u043e\u0431\u043b\u0435\u043d\u0430 \u0434\u043b\u044f \u0432\u0438\u043a\u043e\u0440\u0438\u0441\u0442\u0430\u043d\u043d\u044f \u0432 \u0441\u0438\u0441\u0442\u0435\u043c\u0430\u0445 \u0441\u0442\u0440\u0443\u043a\u0442\u0443\u0440\u043d\u043e\u0433\u043e \u0441\u043a\u043b\u0456\u043d\u043d\u044f. \u041c\u0430\u0454 \u0447\u0430\u0441\u0442\u043a\u043e\u0432\u043e \u0432\u0456\u0434\u043a\u0440\u0438\u0442\u0443 \u0441\u0442\u0440\u0443\u043a\u0442\u0443\u0440\u0443 \u043f\u043e\u0440, \u0449\u043e \u0434\u043e\u0437\u0432\u043e\u043b\u044f\u0454 \u0432\u0443\u043b\u043a\u0430\u043d\u0456\u0437\u0443\u0432\u0430\u0442\u0438\u0441\u044c \u0441\u0438\u043b\u0456\u043a\u043e\u043d\u0443 \u0437 \u0443\u0441\u0456\u0445 \u0441\u0442\u043e\u0440\u0456\u043d. \u041e\u0421\u041e\u0411\u041b\u0418\u0412\u041e\u0421\u0422\u0406: \u2022 \u041a\u043e\u043b\u0456\u0440: \u0447\u043e\u0440\u043d\u0438\u0439 \u2022 \u0421\u043f\u0435\u0446\u0438\u0444\u0456\u043a\u0430\u0446\u0456\u044f \u043a\u043b\u0435\u044e: \u0432\u0456\u0434\u043a\u0440\u0438\u0442\u0430 \u0441\u0442\u043e\u0440\u043e\u043d\u0430, \u043d\u0430 \u043e\u0441\u043d\u043e\u0432\u0456 \u043c\u043e\u0434\u0438\u0444\u0456\u043a\u043e\u0432\u0430\u043d\u043e\u0433\u043e \u0430\u043a\u0440\u0438\u043b\u043e\u0432\u043e\u0433\u043e \u043a\u043b\u0435\u044e \u043d\u0430 \u0431\u0430\u0437\u0456 \u0440\u043e\u0437\u0447\u0438\u043d\u043d\u0438\u043a\u0430, \u0442\u043e\u0432\u0449\u0438\u043d\u043e\u044e 90 \u043c\u043a\u043c \u2022 \u0422\u0435\u043c\u043f\u0435\u0440\u0430\u0442\u0443\u0440\u043d\u0438\u0439 \u0434\u0456\u0430\u043f\u0430\u0437\u043e\u043d: \u0432\u0456\u0434 -20\u00b0C \u0434\u043e +90\u00b0C \u2022 [&hellip;]<\/p>\n","protected":false},"featured_media":4721,"comment_status":"open","ping_status":"closed","template":"","meta":{"_acf_changed":false},"product_cat":[299],"product_tag":[],"acf":[],"yoast_head":"<!-- This site is optimized with the Yoast SEO plugin v22.9 - https:\/\/yoast.com\/wordpress\/plugins\/seo\/ -->\n<title>Vi-Pro\u00ae SG TAPE - Proventuss<\/title>\n<meta name=\"robots\" content=\"index, follow, max-snippet:-1, max-image-preview:large, max-video-preview:-1\" \/>\n<link rel=\"canonical\" href=\"https:\/\/proventuss.eu\/uk\/produkt\/vi-pro-sg-tape\/\" \/>\n<meta property=\"og:locale\" content=\"uk_UA\" \/>\n<meta property=\"og:type\" content=\"article\" \/>\n<meta property=\"og:title\" content=\"Vi-Pro\u00ae SG TAPE - Proventuss\" \/>\n<meta property=\"og:description\" content=\"\u0414\u0412\u041e\u0421\u0422\u041e\u0420\u041e\u041d\u041d\u042f \u0412\u0418\u0421\u041e\u041a\u041e\u041a\u041b\u0415\u0419\u041a\u0410 \u041f\u0412\u0425 \u0421\u0422\u0420\u0406\u0427\u041a\u0410 \u0417 \u0410\u041a\u0420\u0418\u041b\u041e\u0412\u0418\u041c \u0410\u0414\u0413\u0415\u0417\u0418\u0412\u041e\u041c, \u0441\u043f\u0435\u0446\u0456\u0430\u043b\u044c\u043d\u043e \u0440\u043e\u0437\u0440\u043e\u0431\u043b\u0435\u043d\u0430 \u0434\u043b\u044f \u0432\u0438\u043a\u043e\u0440\u0438\u0441\u0442\u0430\u043d\u043d\u044f \u0432 \u0441\u0438\u0441\u0442\u0435\u043c\u0430\u0445 \u0441\u0442\u0440\u0443\u043a\u0442\u0443\u0440\u043d\u043e\u0433\u043e \u0441\u043a\u043b\u0456\u043d\u043d\u044f. \u041c\u0430\u0454 \u0447\u0430\u0441\u0442\u043a\u043e\u0432\u043e \u0432\u0456\u0434\u043a\u0440\u0438\u0442\u0443 \u0441\u0442\u0440\u0443\u043a\u0442\u0443\u0440\u0443 \u043f\u043e\u0440, \u0449\u043e \u0434\u043e\u0437\u0432\u043e\u043b\u044f\u0454 \u0432\u0443\u043b\u043a\u0430\u043d\u0456\u0437\u0443\u0432\u0430\u0442\u0438\u0441\u044c \u0441\u0438\u043b\u0456\u043a\u043e\u043d\u0443 \u0437 \u0443\u0441\u0456\u0445 \u0441\u0442\u043e\u0440\u0456\u043d. \u041e\u0421\u041e\u0411\u041b\u0418\u0412\u041e\u0421\u0422\u0406: \u2022 \u041a\u043e\u043b\u0456\u0440: \u0447\u043e\u0440\u043d\u0438\u0439 \u2022 \u0421\u043f\u0435\u0446\u0438\u0444\u0456\u043a\u0430\u0446\u0456\u044f \u043a\u043b\u0435\u044e: \u0432\u0456\u0434\u043a\u0440\u0438\u0442\u0430 \u0441\u0442\u043e\u0440\u043e\u043d\u0430, \u043d\u0430 \u043e\u0441\u043d\u043e\u0432\u0456 \u043c\u043e\u0434\u0438\u0444\u0456\u043a\u043e\u0432\u0430\u043d\u043e\u0433\u043e \u0430\u043a\u0440\u0438\u043b\u043e\u0432\u043e\u0433\u043e \u043a\u043b\u0435\u044e \u043d\u0430 \u0431\u0430\u0437\u0456 \u0440\u043e\u0437\u0447\u0438\u043d\u043d\u0438\u043a\u0430, \u0442\u043e\u0432\u0449\u0438\u043d\u043e\u044e 90 \u043c\u043a\u043c \u2022 \u0422\u0435\u043c\u043f\u0435\u0440\u0430\u0442\u0443\u0440\u043d\u0438\u0439 \u0434\u0456\u0430\u043f\u0430\u0437\u043e\u043d: \u0432\u0456\u0434 -20\u00b0C \u0434\u043e +90\u00b0C \u2022 [&hellip;]\" \/>\n<meta property=\"og:url\" content=\"https:\/\/proventuss.eu\/uk\/produkt\/vi-pro-sg-tape\/\" \/>\n<meta property=\"og:site_name\" content=\"Proventuss\" \/>\n<meta property=\"og:image\" content=\"https:\/\/proventuss.eu\/wp-content\/uploads\/2022\/04\/Vi-pro-tasma-SG.png\" \/>\n\t<meta property=\"og:image:width\" content=\"967\" \/>\n\t<meta property=\"og:image:height\" content=\"640\" \/>\n\t<meta property=\"og:image:type\" content=\"image\/png\" \/>\n<meta name=\"twitter:card\" content=\"summary_large_image\" \/>\n<script type=\"application\/ld+json\" class=\"yoast-schema-graph\">{\"@context\":\"https:\/\/schema.org\",\"@graph\":[{\"@type\":\"WebPage\",\"@id\":\"https:\/\/proventuss.eu\/uk\/produkt\/vi-pro-sg-tape\/\",\"url\":\"https:\/\/proventuss.eu\/uk\/produkt\/vi-pro-sg-tape\/\",\"name\":\"Vi-Pro\u00ae SG TAPE - Proventuss\",\"isPartOf\":{\"@id\":\"https:\/\/proventuss.eu\/#website\"},\"primaryImageOfPage\":{\"@id\":\"https:\/\/proventuss.eu\/uk\/produkt\/vi-pro-sg-tape\/#primaryimage\"},\"image\":{\"@id\":\"https:\/\/proventuss.eu\/uk\/produkt\/vi-pro-sg-tape\/#primaryimage\"},\"thumbnailUrl\":\"https:\/\/proventuss.eu\/wp-content\/uploads\/2022\/04\/Vi-pro-tasma-SG.png\",\"datePublished\":\"2022-04-26T10:46:52+00:00\",\"dateModified\":\"2022-04-26T10:46:52+00:00\",\"breadcrumb\":{\"@id\":\"https:\/\/proventuss.eu\/uk\/produkt\/vi-pro-sg-tape\/#breadcrumb\"},\"inLanguage\":\"uk\",\"potentialAction\":[{\"@type\":\"ReadAction\",\"target\":[\"https:\/\/proventuss.eu\/uk\/produkt\/vi-pro-sg-tape\/\"]}]},{\"@type\":\"ImageObject\",\"inLanguage\":\"uk\",\"@id\":\"https:\/\/proventuss.eu\/uk\/produkt\/vi-pro-sg-tape\/#primaryimage\",\"url\":\"https:\/\/proventuss.eu\/wp-content\/uploads\/2022\/04\/Vi-pro-tasma-SG.png\",\"contentUrl\":\"https:\/\/proventuss.eu\/wp-content\/uploads\/2022\/04\/Vi-pro-tasma-SG.png\",\"width\":967,\"height\":640,\"caption\":\"Na zdj\u0119ciu dwustronna ta\u015bma o wysokiej przyczepno\u015bci do stosowania w systemach szklenia strukturalnego. Odporno\u015b\u0107 na promieniowanie UV: bardzo dobra.\"},{\"@type\":\"BreadcrumbList\",\"@id\":\"https:\/\/proventuss.eu\/uk\/produkt\/vi-pro-sg-tape\/#breadcrumb\",\"itemListElement\":[{\"@type\":\"ListItem\",\"position\":1,\"name\":\"Home\",\"item\":\"https:\/\/proventuss.eu\/uk\/\"},{\"@type\":\"ListItem\",\"position\":2,\"name\":\"\u041f\u0440\u043e\u0434\u0443\u043a\u0442\u0438\",\"item\":\"https:\/\/proventuss.eu\/%d0%bf%d1%80%d0%be%d0%b4%d1%83%d0%ba%d1%82%d0%b8\/\"},{\"@type\":\"ListItem\",\"position\":3,\"name\":\"Vi-Pro\u00ae SG TAPE\"}]},{\"@type\":\"WebSite\",\"@id\":\"https:\/\/proventuss.eu\/#website\",\"url\":\"https:\/\/proventuss.eu\/\",\"name\":\"Proventuss\",\"description\":\"\",\"potentialAction\":[{\"@type\":\"SearchAction\",\"target\":{\"@type\":\"EntryPoint\",\"urlTemplate\":\"https:\/\/proventuss.eu\/?s={search_term_string}\"},\"query-input\":\"required name=search_term_string\"}],\"inLanguage\":\"uk\"}]}<\/script>\n<!-- \/ Yoast SEO plugin. -->","yoast_head_json":{"title":"Vi-Pro\u00ae SG TAPE - Proventuss","robots":{"index":"index","follow":"follow","max-snippet":"max-snippet:-1","max-image-preview":"max-image-preview:large","max-video-preview":"max-video-preview:-1"},"canonical":"https:\/\/proventuss.eu\/uk\/produkt\/vi-pro-sg-tape\/","og_locale":"uk_UA","og_type":"article","og_title":"Vi-Pro\u00ae SG TAPE - Proventuss","og_description":"\u0414\u0412\u041e\u0421\u0422\u041e\u0420\u041e\u041d\u041d\u042f \u0412\u0418\u0421\u041e\u041a\u041e\u041a\u041b\u0415\u0419\u041a\u0410 \u041f\u0412\u0425 \u0421\u0422\u0420\u0406\u0427\u041a\u0410 \u0417 \u0410\u041a\u0420\u0418\u041b\u041e\u0412\u0418\u041c \u0410\u0414\u0413\u0415\u0417\u0418\u0412\u041e\u041c, \u0441\u043f\u0435\u0446\u0456\u0430\u043b\u044c\u043d\u043e \u0440\u043e\u0437\u0440\u043e\u0431\u043b\u0435\u043d\u0430 \u0434\u043b\u044f \u0432\u0438\u043a\u043e\u0440\u0438\u0441\u0442\u0430\u043d\u043d\u044f \u0432 \u0441\u0438\u0441\u0442\u0435\u043c\u0430\u0445 \u0441\u0442\u0440\u0443\u043a\u0442\u0443\u0440\u043d\u043e\u0433\u043e \u0441\u043a\u043b\u0456\u043d\u043d\u044f. \u041c\u0430\u0454 \u0447\u0430\u0441\u0442\u043a\u043e\u0432\u043e \u0432\u0456\u0434\u043a\u0440\u0438\u0442\u0443 \u0441\u0442\u0440\u0443\u043a\u0442\u0443\u0440\u0443 \u043f\u043e\u0440, \u0449\u043e \u0434\u043e\u0437\u0432\u043e\u043b\u044f\u0454 \u0432\u0443\u043b\u043a\u0430\u043d\u0456\u0437\u0443\u0432\u0430\u0442\u0438\u0441\u044c \u0441\u0438\u043b\u0456\u043a\u043e\u043d\u0443 \u0437 \u0443\u0441\u0456\u0445 \u0441\u0442\u043e\u0440\u0456\u043d. \u041e\u0421\u041e\u0411\u041b\u0418\u0412\u041e\u0421\u0422\u0406: \u2022 \u041a\u043e\u043b\u0456\u0440: \u0447\u043e\u0440\u043d\u0438\u0439 \u2022 \u0421\u043f\u0435\u0446\u0438\u0444\u0456\u043a\u0430\u0446\u0456\u044f \u043a\u043b\u0435\u044e: \u0432\u0456\u0434\u043a\u0440\u0438\u0442\u0430 \u0441\u0442\u043e\u0440\u043e\u043d\u0430, \u043d\u0430 \u043e\u0441\u043d\u043e\u0432\u0456 \u043c\u043e\u0434\u0438\u0444\u0456\u043a\u043e\u0432\u0430\u043d\u043e\u0433\u043e \u0430\u043a\u0440\u0438\u043b\u043e\u0432\u043e\u0433\u043e \u043a\u043b\u0435\u044e \u043d\u0430 \u0431\u0430\u0437\u0456 \u0440\u043e\u0437\u0447\u0438\u043d\u043d\u0438\u043a\u0430, \u0442\u043e\u0432\u0449\u0438\u043d\u043e\u044e 90 \u043c\u043a\u043c \u2022 \u0422\u0435\u043c\u043f\u0435\u0440\u0430\u0442\u0443\u0440\u043d\u0438\u0439 \u0434\u0456\u0430\u043f\u0430\u0437\u043e\u043d: \u0432\u0456\u0434 -20\u00b0C \u0434\u043e +90\u00b0C \u2022 [&hellip;]","og_url":"https:\/\/proventuss.eu\/uk\/produkt\/vi-pro-sg-tape\/","og_site_name":"Proventuss","og_image":[{"width":967,"height":640,"url":"https:\/\/proventuss.eu\/wp-content\/uploads\/2022\/04\/Vi-pro-tasma-SG.png","type":"image\/png"}],"twitter_card":"summary_large_image","schema":{"@context":"https:\/\/schema.org","@graph":[{"@type":"WebPage","@id":"https:\/\/proventuss.eu\/uk\/produkt\/vi-pro-sg-tape\/","url":"https:\/\/proventuss.eu\/uk\/produkt\/vi-pro-sg-tape\/","name":"Vi-Pro\u00ae SG TAPE - Proventuss","isPartOf":{"@id":"https:\/\/proventuss.eu\/#website"},"primaryImageOfPage":{"@id":"https:\/\/proventuss.eu\/uk\/produkt\/vi-pro-sg-tape\/#primaryimage"},"image":{"@id":"https:\/\/proventuss.eu\/uk\/produkt\/vi-pro-sg-tape\/#primaryimage"},"thumbnailUrl":"https:\/\/proventuss.eu\/wp-content\/uploads\/2022\/04\/Vi-pro-tasma-SG.png","datePublished":"2022-04-26T10:46:52+00:00","dateModified":"2022-04-26T10:46:52+00:00","breadcrumb":{"@id":"https:\/\/proventuss.eu\/uk\/produkt\/vi-pro-sg-tape\/#breadcrumb"},"inLanguage":"uk","potentialAction":[{"@type":"ReadAction","target":["https:\/\/proventuss.eu\/uk\/produkt\/vi-pro-sg-tape\/"]}]},{"@type":"ImageObject","inLanguage":"uk","@id":"https:\/\/proventuss.eu\/uk\/produkt\/vi-pro-sg-tape\/#primaryimage","url":"https:\/\/proventuss.eu\/wp-content\/uploads\/2022\/04\/Vi-pro-tasma-SG.png","contentUrl":"https:\/\/proventuss.eu\/wp-content\/uploads\/2022\/04\/Vi-pro-tasma-SG.png","width":967,"height":640,"caption":"Na zdj\u0119ciu dwustronna ta\u015bma o wysokiej przyczepno\u015bci do stosowania w systemach szklenia strukturalnego. Odporno\u015b\u0107 na promieniowanie UV: bardzo dobra."},{"@type":"BreadcrumbList","@id":"https:\/\/proventuss.eu\/uk\/produkt\/vi-pro-sg-tape\/#breadcrumb","itemListElement":[{"@type":"ListItem","position":1,"name":"Home","item":"https:\/\/proventuss.eu\/uk\/"},{"@type":"ListItem","position":2,"name":"\u041f\u0440\u043e\u0434\u0443\u043a\u0442\u0438","item":"https:\/\/proventuss.eu\/%d0%bf%d1%80%d0%be%d0%b4%d1%83%d0%ba%d1%82%d0%b8\/"},{"@type":"ListItem","position":3,"name":"Vi-Pro\u00ae SG TAPE"}]},{"@type":"WebSite","@id":"https:\/\/proventuss.eu\/#website","url":"https:\/\/proventuss.eu\/","name":"Proventuss","description":"","potentialAction":[{"@type":"SearchAction","target":{"@type":"EntryPoint","urlTemplate":"https:\/\/proventuss.eu\/?s={search_term_string}"},"query-input":"required name=search_term_string"}],"inLanguage":"uk"}]}},"_links":{"self":[{"href":"https:\/\/proventuss.eu\/uk\/wp-json\/wp\/v2\/product\/6393"}],"collection":[{"href":"https:\/\/proventuss.eu\/uk\/wp-json\/wp\/v2\/product"}],"about":[{"href":"https:\/\/proventuss.eu\/uk\/wp-json\/wp\/v2\/types\/product"}],"replies":[{"embeddable":true,"href":"https:\/\/proventuss.eu\/uk\/wp-json\/wp\/v2\/comments?post=6393"}],"wp:featuredmedia":[{"embeddable":true,"href":"https:\/\/proventuss.eu\/uk\/wp-json\/wp\/v2\/media\/4721"}],"wp:attachment":[{"href":"https:\/\/proventuss.eu\/uk\/wp-json\/wp\/v2\/media?parent=6393"}],"wp:term":[{"taxonomy":"product_cat","embeddable":true,"href":"https:\/\/proventuss.eu\/uk\/wp-json\/wp\/v2\/product_cat?post=6393"},{"taxonomy":"product_tag","embeddable":true,"href":"https:\/\/proventuss.eu\/uk\/wp-json\/wp\/v2\/product_tag?post=6393"}],"curies":[{"name":"wp","href":"https:\/\/api.w.org\/{rel}","templated":true}]}}