{"id":6389,"date":"2022-04-26T10:37:53","date_gmt":"2022-04-26T10:37:53","guid":{"rendered":"https:\/\/proventuss.eu\/produkt\/vi-pro-butyl-tape\/"},"modified":"2022-04-26T10:37:53","modified_gmt":"2022-04-26T10:37:53","slug":"vi-pro-butyl-tape","status":"publish","type":"product","link":"https:\/\/proventuss.eu\/uk\/\u043f\u0440\u043e\u0434\u0443\u043a\u0442\/vi-pro-butyl-tape\/","title":{"rendered":"Vi-Pro\u00ae BUTYL TAPE"},"content":{"rendered":"<p>\u0421\u0418\u041d\u0422\u0415\u0422\u0418\u0427\u041d\u0418\u0419 \u0411\u0423\u0422\u0418\u041b\u041e\u0412\u0418\u0419 \u0413\u0415\u0420\u041c\u0415\u0422\u0418\u041a, \u0434\u043e\u0441\u0442\u0443\u043f\u043d\u0438\u0439 \u0443 \u0432\u0438\u0433\u043b\u044f\u0434\u0456 \u0441\u0442\u0440\u0456\u0447\u043a\u0438, \u0441\u043c\u0443\u0436\u043a\u0438, \u0448\u043d\u0443\u0440\u0430, \u0440\u0456\u0437\u043d\u0438\u0445 \u0444\u043e\u0440\u043c\u0430\u0442\u0456\u0432 \u0440\u0456\u0437\u043d\u043e\u0457 \u0448\u0438\u0440\u0438\u043d\u0438. \u041c\u043e\u0436\u0435 \u0431\u0443\u0442\u0438 \u0443 \u0441\u0456\u0440\u043e\u043c\u0443, \u0447\u043e\u0440\u043d\u043e\u043c\u0443 \u0430\u0431\u043e \u0431\u0456\u043b\u043e\u043c\u0443 \u043a\u043e\u043b\u044c\u043e\u0440\u0430\u0445.<\/p>\n<p>\u041f\u0415\u0420\u0415\u0412\u0410\u0413\u0418:<br \/>\n\u2022 \u0425\u043e\u0440\u043e\u0448\u0430 \u0430\u0434\u0433\u0435\u0437\u0456\u044f \u0434\u043e \u0431\u0430\u0433\u0430\u0442\u044c\u043e\u0445 \u0442\u0438\u043f\u0456\u0432 \u043f\u043e\u0432\u0435\u0440\u0445\u043e\u043d\u044c<br \/>\n\u2022 \u0425\u043e\u0440\u043e\u0448\u0430 \u0441\u0442\u0456\u0439\u043a\u0456\u0441\u0442\u044c \u0434\u043e \u0423\u0424-\u0432\u0438\u043f\u0440\u043e\u043c\u0456\u043d\u044e\u0432\u0430\u043d\u043d\u044f<br \/>\n\u2022 \u0417\u0440\u0443\u0447\u043d\u0438\u0439 \u0443 \u0432\u0438\u043a\u043e\u0440\u0438\u0441\u0442\u0430\u043d\u043d\u0456<br \/>\n\u2022 \u0412\u0438\u0440\u043e\u0431\u043b\u044f\u0454\u0442\u0441\u044f \u0443 \u0432\u0438\u0433\u043b\u044f\u0434\u0456 \u0441\u0442\u0440\u0456\u0447\u043a\u0438 \u0430\u0431\u043e \u0448\u043d\u0443\u0440\u0430, \u0446\u0435 \u0434\u043e\u0437\u0432\u043e\u043b\u044f\u0454 \u043b\u0435\u0433\u043a\u043e \u0456 \u0442\u043e\u0447\u043d\u043e \u0432\u0438\u043a\u043e\u0440\u0438\u0441\u0442\u043e\u0432\u0443\u0432\u0430\u0442\u0438 \u0437 \u043c\u0456\u043d\u0456\u043c\u0430\u043b\u044c\u043d\u043e\u044e \u043a\u0456\u043b\u044c\u043a\u0456\u0441\u0442\u044e \u0432\u0456\u0434\u0445\u043e\u0434\u0456\u0432<br \/>\n\u2022 \u0412\u0438\u0441\u043e\u043a\u0430 \u0432\u2019\u044f\u0437\u043a\u0456\u0441\u0442\u044c<br \/>\n\u2022 \u0417\u0430\u043b\u0438\u0448\u0430\u0454\u0442\u044c\u0441\u044f \u0433\u043d\u0443\u0447\u043a\u0438\u043c \u043f\u0440\u043e\u0442\u044f\u0433\u043e\u043c \u0443\u0441\u044c\u043e\u0433\u043e \u043f\u0435\u0440\u0456\u043e\u0434\u0443 \u0432\u0438\u043a\u043e\u0440\u0438\u0441\u0442\u0430\u043d\u043d\u044f<br \/>\n\u2022 \u0421\u0442\u0430\u0431\u0456\u043b\u044c\u043d\u0438\u0439 \u0443 \u0448\u0438\u0440\u043e\u043a\u043e\u043c\u0443 \u0434\u0456\u0430\u043f\u0430\u0437\u043e\u043d\u0456 \u0442\u0435\u043c\u043f\u0435\u0440\u0430\u0442\u0443\u0440: \u0432\u0456\u0434 -40\u00b0C \u0434\u043e +90\u00b0C<\/p>\n","protected":false},"excerpt":{"rendered":"<p>\u0421\u0418\u041d\u0422\u0415\u0422\u0418\u0427\u041d\u0418\u0419 \u0411\u0423\u0422\u0418\u041b\u041e\u0412\u0418\u0419 \u0413\u0415\u0420\u041c\u0415\u0422\u0418\u041a, \u0434\u043e\u0441\u0442\u0443\u043f\u043d\u0438\u0439 \u0443 \u0432\u0438\u0433\u043b\u044f\u0434\u0456 \u0441\u0442\u0440\u0456\u0447\u043a\u0438, \u0441\u043c\u0443\u0436\u043a\u0438, \u0448\u043d\u0443\u0440\u0430, \u0440\u0456\u0437\u043d\u0438\u0445 \u0444\u043e\u0440\u043c\u0430\u0442\u0456\u0432 \u0440\u0456\u0437\u043d\u043e\u0457 \u0448\u0438\u0440\u0438\u043d\u0438. \u041c\u043e\u0436\u0435 \u0431\u0443\u0442\u0438 \u0443 \u0441\u0456\u0440\u043e\u043c\u0443, \u0447\u043e\u0440\u043d\u043e\u043c\u0443 \u0430\u0431\u043e \u0431\u0456\u043b\u043e\u043c\u0443 \u043a\u043e\u043b\u044c\u043e\u0440\u0430\u0445. \u041f\u0415\u0420\u0415\u0412\u0410\u0413\u0418: \u2022 \u0425\u043e\u0440\u043e\u0448\u0430 \u0430\u0434\u0433\u0435\u0437\u0456\u044f \u0434\u043e \u0431\u0430\u0433\u0430\u0442\u044c\u043e\u0445 \u0442\u0438\u043f\u0456\u0432 \u043f\u043e\u0432\u0435\u0440\u0445\u043e\u043d\u044c \u2022 \u0425\u043e\u0440\u043e\u0448\u0430 \u0441\u0442\u0456\u0439\u043a\u0456\u0441\u0442\u044c \u0434\u043e \u0423\u0424-\u0432\u0438\u043f\u0440\u043e\u043c\u0456\u043d\u044e\u0432\u0430\u043d\u043d\u044f \u2022 \u0417\u0440\u0443\u0447\u043d\u0438\u0439 \u0443 \u0432\u0438\u043a\u043e\u0440\u0438\u0441\u0442\u0430\u043d\u043d\u0456 \u2022 \u0412\u0438\u0440\u043e\u0431\u043b\u044f\u0454\u0442\u0441\u044f \u0443 \u0432\u0438\u0433\u043b\u044f\u0434\u0456 \u0441\u0442\u0440\u0456\u0447\u043a\u0438 \u0430\u0431\u043e \u0448\u043d\u0443\u0440\u0430, \u0446\u0435 \u0434\u043e\u0437\u0432\u043e\u043b\u044f\u0454 \u043b\u0435\u0433\u043a\u043e \u0456 \u0442\u043e\u0447\u043d\u043e \u0432\u0438\u043a\u043e\u0440\u0438\u0441\u0442\u043e\u0432\u0443\u0432\u0430\u0442\u0438 \u0437 \u043c\u0456\u043d\u0456\u043c\u0430\u043b\u044c\u043d\u043e\u044e \u043a\u0456\u043b\u044c\u043a\u0456\u0441\u0442\u044e \u0432\u0456\u0434\u0445\u043e\u0434\u0456\u0432 [&hellip;]<\/p>\n","protected":false},"featured_media":4709,"comment_status":"open","ping_status":"closed","template":"","meta":{"_acf_changed":false},"product_cat":[299],"product_tag":[],"acf":[],"yoast_head":"<!-- This site is optimized with the Yoast SEO plugin v22.9 - https:\/\/yoast.com\/wordpress\/plugins\/seo\/ -->\n<title>Vi-Pro\u00ae BUTYL TAPE - Proventuss<\/title>\n<meta name=\"robots\" content=\"index, follow, max-snippet:-1, max-image-preview:large, max-video-preview:-1\" \/>\n<link rel=\"canonical\" href=\"https:\/\/proventuss.eu\/uk\/produkt\/vi-pro-butyl-tape\/\" \/>\n<meta property=\"og:locale\" content=\"uk_UA\" \/>\n<meta property=\"og:type\" content=\"article\" \/>\n<meta property=\"og:title\" content=\"Vi-Pro\u00ae BUTYL TAPE - Proventuss\" \/>\n<meta property=\"og:description\" content=\"\u0421\u0418\u041d\u0422\u0415\u0422\u0418\u0427\u041d\u0418\u0419 \u0411\u0423\u0422\u0418\u041b\u041e\u0412\u0418\u0419 \u0413\u0415\u0420\u041c\u0415\u0422\u0418\u041a, \u0434\u043e\u0441\u0442\u0443\u043f\u043d\u0438\u0439 \u0443 \u0432\u0438\u0433\u043b\u044f\u0434\u0456 \u0441\u0442\u0440\u0456\u0447\u043a\u0438, \u0441\u043c\u0443\u0436\u043a\u0438, \u0448\u043d\u0443\u0440\u0430, \u0440\u0456\u0437\u043d\u0438\u0445 \u0444\u043e\u0440\u043c\u0430\u0442\u0456\u0432 \u0440\u0456\u0437\u043d\u043e\u0457 \u0448\u0438\u0440\u0438\u043d\u0438. \u041c\u043e\u0436\u0435 \u0431\u0443\u0442\u0438 \u0443 \u0441\u0456\u0440\u043e\u043c\u0443, \u0447\u043e\u0440\u043d\u043e\u043c\u0443 \u0430\u0431\u043e \u0431\u0456\u043b\u043e\u043c\u0443 \u043a\u043e\u043b\u044c\u043e\u0440\u0430\u0445. \u041f\u0415\u0420\u0415\u0412\u0410\u0413\u0418: \u2022 \u0425\u043e\u0440\u043e\u0448\u0430 \u0430\u0434\u0433\u0435\u0437\u0456\u044f \u0434\u043e \u0431\u0430\u0433\u0430\u0442\u044c\u043e\u0445 \u0442\u0438\u043f\u0456\u0432 \u043f\u043e\u0432\u0435\u0440\u0445\u043e\u043d\u044c \u2022 \u0425\u043e\u0440\u043e\u0448\u0430 \u0441\u0442\u0456\u0439\u043a\u0456\u0441\u0442\u044c \u0434\u043e \u0423\u0424-\u0432\u0438\u043f\u0440\u043e\u043c\u0456\u043d\u044e\u0432\u0430\u043d\u043d\u044f \u2022 \u0417\u0440\u0443\u0447\u043d\u0438\u0439 \u0443 \u0432\u0438\u043a\u043e\u0440\u0438\u0441\u0442\u0430\u043d\u043d\u0456 \u2022 \u0412\u0438\u0440\u043e\u0431\u043b\u044f\u0454\u0442\u0441\u044f \u0443 \u0432\u0438\u0433\u043b\u044f\u0434\u0456 \u0441\u0442\u0440\u0456\u0447\u043a\u0438 \u0430\u0431\u043e \u0448\u043d\u0443\u0440\u0430, \u0446\u0435 \u0434\u043e\u0437\u0432\u043e\u043b\u044f\u0454 \u043b\u0435\u0433\u043a\u043e \u0456 \u0442\u043e\u0447\u043d\u043e \u0432\u0438\u043a\u043e\u0440\u0438\u0441\u0442\u043e\u0432\u0443\u0432\u0430\u0442\u0438 \u0437 \u043c\u0456\u043d\u0456\u043c\u0430\u043b\u044c\u043d\u043e\u044e \u043a\u0456\u043b\u044c\u043a\u0456\u0441\u0442\u044e \u0432\u0456\u0434\u0445\u043e\u0434\u0456\u0432 [&hellip;]\" \/>\n<meta property=\"og:url\" content=\"https:\/\/proventuss.eu\/uk\/produkt\/vi-pro-butyl-tape\/\" \/>\n<meta property=\"og:site_name\" content=\"Proventuss\" \/>\n<meta property=\"og:image\" content=\"https:\/\/proventuss.eu\/wp-content\/uploads\/2022\/04\/tasma.png\" \/>\n\t<meta property=\"og:image:width\" content=\"670\" \/>\n\t<meta property=\"og:image:height\" content=\"640\" \/>\n\t<meta property=\"og:image:type\" content=\"image\/png\" \/>\n<meta name=\"twitter:card\" content=\"summary_large_image\" \/>\n<script type=\"application\/ld+json\" class=\"yoast-schema-graph\">{\"@context\":\"https:\/\/schema.org\",\"@graph\":[{\"@type\":\"WebPage\",\"@id\":\"https:\/\/proventuss.eu\/uk\/produkt\/vi-pro-butyl-tape\/\",\"url\":\"https:\/\/proventuss.eu\/uk\/produkt\/vi-pro-butyl-tape\/\",\"name\":\"Vi-Pro\u00ae BUTYL TAPE - Proventuss\",\"isPartOf\":{\"@id\":\"https:\/\/proventuss.eu\/#website\"},\"primaryImageOfPage\":{\"@id\":\"https:\/\/proventuss.eu\/uk\/produkt\/vi-pro-butyl-tape\/#primaryimage\"},\"image\":{\"@id\":\"https:\/\/proventuss.eu\/uk\/produkt\/vi-pro-butyl-tape\/#primaryimage\"},\"thumbnailUrl\":\"https:\/\/proventuss.eu\/wp-content\/uploads\/2022\/04\/tasma.png\",\"datePublished\":\"2022-04-26T10:37:53+00:00\",\"dateModified\":\"2022-04-26T10:37:53+00:00\",\"breadcrumb\":{\"@id\":\"https:\/\/proventuss.eu\/uk\/produkt\/vi-pro-butyl-tape\/#breadcrumb\"},\"inLanguage\":\"uk\",\"potentialAction\":[{\"@type\":\"ReadAction\",\"target\":[\"https:\/\/proventuss.eu\/uk\/produkt\/vi-pro-butyl-tape\/\"]}]},{\"@type\":\"ImageObject\",\"inLanguage\":\"uk\",\"@id\":\"https:\/\/proventuss.eu\/uk\/produkt\/vi-pro-butyl-tape\/#primaryimage\",\"url\":\"https:\/\/proventuss.eu\/wp-content\/uploads\/2022\/04\/tasma.png\",\"contentUrl\":\"https:\/\/proventuss.eu\/wp-content\/uploads\/2022\/04\/tasma.png\",\"width\":670,\"height\":640,\"caption\":\"Na zdj\u0119ciu uszczelniacz z masy butylowej zapewnia dobr\u0105 przyczepno\u015b\u0107 do wielu rodzaj\u00f3w powierzchni, odporno\u015b\u0107 na promieniowanie UV; wysoka lepko\u015b\u0107.\"},{\"@type\":\"BreadcrumbList\",\"@id\":\"https:\/\/proventuss.eu\/uk\/produkt\/vi-pro-butyl-tape\/#breadcrumb\",\"itemListElement\":[{\"@type\":\"ListItem\",\"position\":1,\"name\":\"Home\",\"item\":\"https:\/\/proventuss.eu\/uk\/\"},{\"@type\":\"ListItem\",\"position\":2,\"name\":\"\u041f\u0440\u043e\u0434\u0443\u043a\u0442\u0438\",\"item\":\"https:\/\/proventuss.eu\/%d0%bf%d1%80%d0%be%d0%b4%d1%83%d0%ba%d1%82%d0%b8\/\"},{\"@type\":\"ListItem\",\"position\":3,\"name\":\"Vi-Pro\u00ae BUTYL TAPE\"}]},{\"@type\":\"WebSite\",\"@id\":\"https:\/\/proventuss.eu\/#website\",\"url\":\"https:\/\/proventuss.eu\/\",\"name\":\"Proventuss\",\"description\":\"\",\"potentialAction\":[{\"@type\":\"SearchAction\",\"target\":{\"@type\":\"EntryPoint\",\"urlTemplate\":\"https:\/\/proventuss.eu\/?s={search_term_string}\"},\"query-input\":\"required name=search_term_string\"}],\"inLanguage\":\"uk\"}]}<\/script>\n<!-- \/ Yoast SEO plugin. -->","yoast_head_json":{"title":"Vi-Pro\u00ae BUTYL TAPE - Proventuss","robots":{"index":"index","follow":"follow","max-snippet":"max-snippet:-1","max-image-preview":"max-image-preview:large","max-video-preview":"max-video-preview:-1"},"canonical":"https:\/\/proventuss.eu\/uk\/produkt\/vi-pro-butyl-tape\/","og_locale":"uk_UA","og_type":"article","og_title":"Vi-Pro\u00ae BUTYL TAPE - Proventuss","og_description":"\u0421\u0418\u041d\u0422\u0415\u0422\u0418\u0427\u041d\u0418\u0419 \u0411\u0423\u0422\u0418\u041b\u041e\u0412\u0418\u0419 \u0413\u0415\u0420\u041c\u0415\u0422\u0418\u041a, \u0434\u043e\u0441\u0442\u0443\u043f\u043d\u0438\u0439 \u0443 \u0432\u0438\u0433\u043b\u044f\u0434\u0456 \u0441\u0442\u0440\u0456\u0447\u043a\u0438, \u0441\u043c\u0443\u0436\u043a\u0438, \u0448\u043d\u0443\u0440\u0430, \u0440\u0456\u0437\u043d\u0438\u0445 \u0444\u043e\u0440\u043c\u0430\u0442\u0456\u0432 \u0440\u0456\u0437\u043d\u043e\u0457 \u0448\u0438\u0440\u0438\u043d\u0438. \u041c\u043e\u0436\u0435 \u0431\u0443\u0442\u0438 \u0443 \u0441\u0456\u0440\u043e\u043c\u0443, \u0447\u043e\u0440\u043d\u043e\u043c\u0443 \u0430\u0431\u043e \u0431\u0456\u043b\u043e\u043c\u0443 \u043a\u043e\u043b\u044c\u043e\u0440\u0430\u0445. \u041f\u0415\u0420\u0415\u0412\u0410\u0413\u0418: \u2022 \u0425\u043e\u0440\u043e\u0448\u0430 \u0430\u0434\u0433\u0435\u0437\u0456\u044f \u0434\u043e \u0431\u0430\u0433\u0430\u0442\u044c\u043e\u0445 \u0442\u0438\u043f\u0456\u0432 \u043f\u043e\u0432\u0435\u0440\u0445\u043e\u043d\u044c \u2022 \u0425\u043e\u0440\u043e\u0448\u0430 \u0441\u0442\u0456\u0439\u043a\u0456\u0441\u0442\u044c \u0434\u043e \u0423\u0424-\u0432\u0438\u043f\u0440\u043e\u043c\u0456\u043d\u044e\u0432\u0430\u043d\u043d\u044f \u2022 \u0417\u0440\u0443\u0447\u043d\u0438\u0439 \u0443 \u0432\u0438\u043a\u043e\u0440\u0438\u0441\u0442\u0430\u043d\u043d\u0456 \u2022 \u0412\u0438\u0440\u043e\u0431\u043b\u044f\u0454\u0442\u0441\u044f \u0443 \u0432\u0438\u0433\u043b\u044f\u0434\u0456 \u0441\u0442\u0440\u0456\u0447\u043a\u0438 \u0430\u0431\u043e \u0448\u043d\u0443\u0440\u0430, \u0446\u0435 \u0434\u043e\u0437\u0432\u043e\u043b\u044f\u0454 \u043b\u0435\u0433\u043a\u043e \u0456 \u0442\u043e\u0447\u043d\u043e \u0432\u0438\u043a\u043e\u0440\u0438\u0441\u0442\u043e\u0432\u0443\u0432\u0430\u0442\u0438 \u0437 \u043c\u0456\u043d\u0456\u043c\u0430\u043b\u044c\u043d\u043e\u044e \u043a\u0456\u043b\u044c\u043a\u0456\u0441\u0442\u044e \u0432\u0456\u0434\u0445\u043e\u0434\u0456\u0432 [&hellip;]","og_url":"https:\/\/proventuss.eu\/uk\/produkt\/vi-pro-butyl-tape\/","og_site_name":"Proventuss","og_image":[{"width":670,"height":640,"url":"https:\/\/proventuss.eu\/wp-content\/uploads\/2022\/04\/tasma.png","type":"image\/png"}],"twitter_card":"summary_large_image","schema":{"@context":"https:\/\/schema.org","@graph":[{"@type":"WebPage","@id":"https:\/\/proventuss.eu\/uk\/produkt\/vi-pro-butyl-tape\/","url":"https:\/\/proventuss.eu\/uk\/produkt\/vi-pro-butyl-tape\/","name":"Vi-Pro\u00ae BUTYL TAPE - Proventuss","isPartOf":{"@id":"https:\/\/proventuss.eu\/#website"},"primaryImageOfPage":{"@id":"https:\/\/proventuss.eu\/uk\/produkt\/vi-pro-butyl-tape\/#primaryimage"},"image":{"@id":"https:\/\/proventuss.eu\/uk\/produkt\/vi-pro-butyl-tape\/#primaryimage"},"thumbnailUrl":"https:\/\/proventuss.eu\/wp-content\/uploads\/2022\/04\/tasma.png","datePublished":"2022-04-26T10:37:53+00:00","dateModified":"2022-04-26T10:37:53+00:00","breadcrumb":{"@id":"https:\/\/proventuss.eu\/uk\/produkt\/vi-pro-butyl-tape\/#breadcrumb"},"inLanguage":"uk","potentialAction":[{"@type":"ReadAction","target":["https:\/\/proventuss.eu\/uk\/produkt\/vi-pro-butyl-tape\/"]}]},{"@type":"ImageObject","inLanguage":"uk","@id":"https:\/\/proventuss.eu\/uk\/produkt\/vi-pro-butyl-tape\/#primaryimage","url":"https:\/\/proventuss.eu\/wp-content\/uploads\/2022\/04\/tasma.png","contentUrl":"https:\/\/proventuss.eu\/wp-content\/uploads\/2022\/04\/tasma.png","width":670,"height":640,"caption":"Na zdj\u0119ciu uszczelniacz z masy butylowej zapewnia dobr\u0105 przyczepno\u015b\u0107 do wielu rodzaj\u00f3w powierzchni, odporno\u015b\u0107 na promieniowanie UV; wysoka lepko\u015b\u0107."},{"@type":"BreadcrumbList","@id":"https:\/\/proventuss.eu\/uk\/produkt\/vi-pro-butyl-tape\/#breadcrumb","itemListElement":[{"@type":"ListItem","position":1,"name":"Home","item":"https:\/\/proventuss.eu\/uk\/"},{"@type":"ListItem","position":2,"name":"\u041f\u0440\u043e\u0434\u0443\u043a\u0442\u0438","item":"https:\/\/proventuss.eu\/%d0%bf%d1%80%d0%be%d0%b4%d1%83%d0%ba%d1%82%d0%b8\/"},{"@type":"ListItem","position":3,"name":"Vi-Pro\u00ae BUTYL TAPE"}]},{"@type":"WebSite","@id":"https:\/\/proventuss.eu\/#website","url":"https:\/\/proventuss.eu\/","name":"Proventuss","description":"","potentialAction":[{"@type":"SearchAction","target":{"@type":"EntryPoint","urlTemplate":"https:\/\/proventuss.eu\/?s={search_term_string}"},"query-input":"required name=search_term_string"}],"inLanguage":"uk"}]}},"_links":{"self":[{"href":"https:\/\/proventuss.eu\/uk\/wp-json\/wp\/v2\/product\/6389"}],"collection":[{"href":"https:\/\/proventuss.eu\/uk\/wp-json\/wp\/v2\/product"}],"about":[{"href":"https:\/\/proventuss.eu\/uk\/wp-json\/wp\/v2\/types\/product"}],"replies":[{"embeddable":true,"href":"https:\/\/proventuss.eu\/uk\/wp-json\/wp\/v2\/comments?post=6389"}],"wp:featuredmedia":[{"embeddable":true,"href":"https:\/\/proventuss.eu\/uk\/wp-json\/wp\/v2\/media\/4709"}],"wp:attachment":[{"href":"https:\/\/proventuss.eu\/uk\/wp-json\/wp\/v2\/media?parent=6389"}],"wp:term":[{"taxonomy":"product_cat","embeddable":true,"href":"https:\/\/proventuss.eu\/uk\/wp-json\/wp\/v2\/product_cat?post=6389"},{"taxonomy":"product_tag","embeddable":true,"href":"https:\/\/proventuss.eu\/uk\/wp-json\/wp\/v2\/product_tag?post=6389"}],"curies":[{"name":"wp","href":"https:\/\/api.w.org\/{rel}","templated":true}]}}