{"id":6360,"date":"2022-04-26T09:17:16","date_gmt":"2022-04-26T09:17:16","guid":{"rendered":"https:\/\/proventuss.eu\/produkt\/vi-pro-epdm-primer-908\/"},"modified":"2022-04-26T09:17:16","modified_gmt":"2022-04-26T09:17:16","slug":"vi-pro-epdm-primer-908","status":"publish","type":"product","link":"https:\/\/proventuss.eu\/uk\/\u043f\u0440\u043e\u0434\u0443\u043a\u0442\/vi-pro-epdm-primer-908\/","title":{"rendered":"Vi-Pro\u00ae EPDM PRIMER 908"},"content":{"rendered":"<p>\u0417 \u041f\u0420\u0410\u0419\u041c\u0415\u0420\u041e\u041c Vi-Pro\u00ae EPDM Primer 908 \u0432\u0438 \u043c\u043e\u0436\u0435\u0442\u0435 \u043d\u0430\u043b\u0435\u0436\u043d\u0438\u043c \u0447\u0438\u043d\u043e\u043c \u043f\u0456\u0434\u0433\u043e\u0442\u0443\u0432\u0430\u0442\u0438 \u043e\u0441\u043d\u043e\u0432\u0443 \u043f\u0435\u0440\u0435\u0434 \u043c\u043e\u043d\u0442\u0430\u0436\u0435\u043c EPDM-\u043c\u0435\u043c\u0431\u0440\u0430\u043d\u0438. \u0490\u0440\u0443\u043d\u0442\u043e\u0432\u043a\u0430 \u2014 \u0446\u0435 \u0432\u0438\u0441\u043e\u043a\u043e\u044f\u043a\u0456\u0441\u043d\u0438\u0439 \u043f\u0440\u043e\u0434\u0443\u043a\u0442 \u043d\u0430 \u043e\u0441\u043d\u043e\u0432\u0456 \u0441\u0438\u043b\u0456\u043a\u043e\u043d\u0443 \u0437 \u043d\u0438\u0437\u044c\u043a\u0438\u043c \u0432\u043c\u0456\u0441\u0442\u043e\u043c \u0440\u043e\u0437\u0447\u0438\u043d\u043d\u0438\u043a\u0430. \u0419\u043e\u0433\u043e \u043c\u043e\u0436\u043d\u0430 \u0432\u0438\u043a\u043e\u0440\u0438\u0441\u0442\u043e\u0432\u0443\u0432\u0430\u0442\u0438 \u043d\u0430 \u0431\u0435\u0442\u043e\u043d\u0456, \u0433\u0430\u0437\u043e\u0431\u0435\u0442\u043e\u043d\u0456, \u043a\u0430\u043c\u0435\u043d\u0456, \u043f\u0435\u0440\u043b\u0456\u0442\u0456, \u0430 \u0442\u0430\u043a\u043e\u0436 \u043f\u043b\u0438\u0442\u0430\u0445 \u0442\u0430 \u043c\u0456\u043d\u0435\u0440\u0430\u043b\u044c\u043d\u0456 \u043f\u043e\u0432\u0435\u0440\u0445\u043d\u044f\u0445. \u0415\u0444\u0435\u043a\u0442\u0438\u0432\u043d\u043e \u0437\u043c\u0456\u0446\u043d\u044e\u0454 \u0442\u0430 \u0437\u0431\u0430\u043b\u0430\u043d\u0441\u043e\u0432\u0443\u0454<br \/>\n\u043f\u043e\u0433\u043b\u0438\u043d\u0430\u044e\u0447\u0443 \u0437\u0434\u0430\u0442\u043d\u0456\u0441\u0442\u044c \u043e\u0441\u043d\u043e\u0432\u0438.<\/p>\n<p>\u041f\u0415\u0420\u0415\u0412\u0410\u0413\u0418:<br \/>\n\u2022 \u0423\u043d\u0456\u0444\u0456\u043a\u0443\u0454 \u0442\u0430 \u043f\u043e\u043a\u0440\u0430\u0449\u0443\u0454 \u0430\u0434\u0433\u0435\u0437\u0456\u044e \u043e\u0441\u043d\u043e\u0432\u0438<br \/>\n\u2022 \u041d\u0430 \u0440\u0456\u0437\u043d\u0438\u0445 \u0442\u0438\u043f\u0430\u0445 \u043f\u043e\u0440\u0438\u0441\u0442\u0438\u0445 \u043e\u0441\u043d\u043e\u0432\u0430\u0445<br \/>\n\u2022 \u0414\u043e\u0441\u0442\u0443\u043f\u043d\u0438\u0439 \u0443 \u0447\u0435\u0440\u0432\u043e\u043d\u043e\u043c\u0443 \u043a\u043e\u043b\u044c\u043e\u0440\u0456<\/p>\n","protected":false},"excerpt":{"rendered":"<p>\u0417 \u041f\u0420\u0410\u0419\u041c\u0415\u0420\u041e\u041c Vi-Pro\u00ae EPDM Primer 908 \u0432\u0438 \u043c\u043e\u0436\u0435\u0442\u0435 \u043d\u0430\u043b\u0435\u0436\u043d\u0438\u043c \u0447\u0438\u043d\u043e\u043c \u043f\u0456\u0434\u0433\u043e\u0442\u0443\u0432\u0430\u0442\u0438 \u043e\u0441\u043d\u043e\u0432\u0443 \u043f\u0435\u0440\u0435\u0434 \u043c\u043e\u043d\u0442\u0430\u0436\u0435\u043c EPDM-\u043c\u0435\u043c\u0431\u0440\u0430\u043d\u0438. \u0490\u0440\u0443\u043d\u0442\u043e\u0432\u043a\u0430 \u2014 \u0446\u0435 \u0432\u0438\u0441\u043e\u043a\u043e\u044f\u043a\u0456\u0441\u043d\u0438\u0439 \u043f\u0440\u043e\u0434\u0443\u043a\u0442 \u043d\u0430 \u043e\u0441\u043d\u043e\u0432\u0456 \u0441\u0438\u043b\u0456\u043a\u043e\u043d\u0443 \u0437 \u043d\u0438\u0437\u044c\u043a\u0438\u043c \u0432\u043c\u0456\u0441\u0442\u043e\u043c \u0440\u043e\u0437\u0447\u0438\u043d\u043d\u0438\u043a\u0430. \u0419\u043e\u0433\u043e \u043c\u043e\u0436\u043d\u0430 \u0432\u0438\u043a\u043e\u0440\u0438\u0441\u0442\u043e\u0432\u0443\u0432\u0430\u0442\u0438 \u043d\u0430 \u0431\u0435\u0442\u043e\u043d\u0456, \u0433\u0430\u0437\u043e\u0431\u0435\u0442\u043e\u043d\u0456, \u043a\u0430\u043c\u0435\u043d\u0456, \u043f\u0435\u0440\u043b\u0456\u0442\u0456, \u0430 \u0442\u0430\u043a\u043e\u0436 \u043f\u043b\u0438\u0442\u0430\u0445 \u0442\u0430 \u043c\u0456\u043d\u0435\u0440\u0430\u043b\u044c\u043d\u0456 \u043f\u043e\u0432\u0435\u0440\u0445\u043d\u044f\u0445. \u0415\u0444\u0435\u043a\u0442\u0438\u0432\u043d\u043e \u0437\u043c\u0456\u0446\u043d\u044e\u0454 \u0442\u0430 \u0437\u0431\u0430\u043b\u0430\u043d\u0441\u043e\u0432\u0443\u0454 \u043f\u043e\u0433\u043b\u0438\u043d\u0430\u044e\u0447\u0443 \u0437\u0434\u0430\u0442\u043d\u0456\u0441\u0442\u044c \u043e\u0441\u043d\u043e\u0432\u0438. \u041f\u0415\u0420\u0415\u0412\u0410\u0413\u0418: \u2022 \u0423\u043d\u0456\u0444\u0456\u043a\u0443\u0454 \u0442\u0430 \u043f\u043e\u043a\u0440\u0430\u0449\u0443\u0454 \u0430\u0434\u0433\u0435\u0437\u0456\u044e \u043e\u0441\u043d\u043e\u0432\u0438 [&hellip;]<\/p>\n","protected":false},"featured_media":4655,"comment_status":"open","ping_status":"closed","template":"","meta":{"_acf_changed":false},"product_cat":[292],"product_tag":[],"acf":[],"yoast_head":"<!-- This site is optimized with the Yoast SEO plugin v22.9 - https:\/\/yoast.com\/wordpress\/plugins\/seo\/ -->\n<title>Vi-Pro\u00ae EPDM PRIMER 908 - Proventuss<\/title>\n<meta name=\"robots\" content=\"index, follow, max-snippet:-1, max-image-preview:large, max-video-preview:-1\" \/>\n<link rel=\"canonical\" href=\"https:\/\/proventuss.eu\/uk\/produkt\/vi-pro-epdm-primer-908\/\" \/>\n<meta property=\"og:locale\" content=\"uk_UA\" \/>\n<meta property=\"og:type\" content=\"article\" \/>\n<meta property=\"og:title\" content=\"Vi-Pro\u00ae EPDM PRIMER 908 - Proventuss\" \/>\n<meta property=\"og:description\" content=\"\u0417 \u041f\u0420\u0410\u0419\u041c\u0415\u0420\u041e\u041c Vi-Pro\u00ae EPDM Primer 908 \u0432\u0438 \u043c\u043e\u0436\u0435\u0442\u0435 \u043d\u0430\u043b\u0435\u0436\u043d\u0438\u043c \u0447\u0438\u043d\u043e\u043c \u043f\u0456\u0434\u0433\u043e\u0442\u0443\u0432\u0430\u0442\u0438 \u043e\u0441\u043d\u043e\u0432\u0443 \u043f\u0435\u0440\u0435\u0434 \u043c\u043e\u043d\u0442\u0430\u0436\u0435\u043c EPDM-\u043c\u0435\u043c\u0431\u0440\u0430\u043d\u0438. \u0490\u0440\u0443\u043d\u0442\u043e\u0432\u043a\u0430 \u2014 \u0446\u0435 \u0432\u0438\u0441\u043e\u043a\u043e\u044f\u043a\u0456\u0441\u043d\u0438\u0439 \u043f\u0440\u043e\u0434\u0443\u043a\u0442 \u043d\u0430 \u043e\u0441\u043d\u043e\u0432\u0456 \u0441\u0438\u043b\u0456\u043a\u043e\u043d\u0443 \u0437 \u043d\u0438\u0437\u044c\u043a\u0438\u043c \u0432\u043c\u0456\u0441\u0442\u043e\u043c \u0440\u043e\u0437\u0447\u0438\u043d\u043d\u0438\u043a\u0430. \u0419\u043e\u0433\u043e \u043c\u043e\u0436\u043d\u0430 \u0432\u0438\u043a\u043e\u0440\u0438\u0441\u0442\u043e\u0432\u0443\u0432\u0430\u0442\u0438 \u043d\u0430 \u0431\u0435\u0442\u043e\u043d\u0456, \u0433\u0430\u0437\u043e\u0431\u0435\u0442\u043e\u043d\u0456, \u043a\u0430\u043c\u0435\u043d\u0456, \u043f\u0435\u0440\u043b\u0456\u0442\u0456, \u0430 \u0442\u0430\u043a\u043e\u0436 \u043f\u043b\u0438\u0442\u0430\u0445 \u0442\u0430 \u043c\u0456\u043d\u0435\u0440\u0430\u043b\u044c\u043d\u0456 \u043f\u043e\u0432\u0435\u0440\u0445\u043d\u044f\u0445. \u0415\u0444\u0435\u043a\u0442\u0438\u0432\u043d\u043e \u0437\u043c\u0456\u0446\u043d\u044e\u0454 \u0442\u0430 \u0437\u0431\u0430\u043b\u0430\u043d\u0441\u043e\u0432\u0443\u0454 \u043f\u043e\u0433\u043b\u0438\u043d\u0430\u044e\u0447\u0443 \u0437\u0434\u0430\u0442\u043d\u0456\u0441\u0442\u044c \u043e\u0441\u043d\u043e\u0432\u0438. \u041f\u0415\u0420\u0415\u0412\u0410\u0413\u0418: \u2022 \u0423\u043d\u0456\u0444\u0456\u043a\u0443\u0454 \u0442\u0430 \u043f\u043e\u043a\u0440\u0430\u0449\u0443\u0454 \u0430\u0434\u0433\u0435\u0437\u0456\u044e \u043e\u0441\u043d\u043e\u0432\u0438 [&hellip;]\" \/>\n<meta property=\"og:url\" content=\"https:\/\/proventuss.eu\/uk\/produkt\/vi-pro-epdm-primer-908\/\" \/>\n<meta property=\"og:site_name\" content=\"Proventuss\" \/>\n<meta property=\"og:image\" content=\"https:\/\/proventuss.eu\/wp-content\/uploads\/2022\/04\/Vi-Pro-EPDM-Primer-908_2.png\" \/>\n\t<meta property=\"og:image:width\" content=\"640\" \/>\n\t<meta property=\"og:image:height\" content=\"640\" \/>\n\t<meta property=\"og:image:type\" content=\"image\/png\" \/>\n<meta name=\"twitter:card\" content=\"summary_large_image\" \/>\n<script type=\"application\/ld+json\" class=\"yoast-schema-graph\">{\"@context\":\"https:\/\/schema.org\",\"@graph\":[{\"@type\":\"WebPage\",\"@id\":\"https:\/\/proventuss.eu\/uk\/produkt\/vi-pro-epdm-primer-908\/\",\"url\":\"https:\/\/proventuss.eu\/uk\/produkt\/vi-pro-epdm-primer-908\/\",\"name\":\"Vi-Pro\u00ae EPDM PRIMER 908 - Proventuss\",\"isPartOf\":{\"@id\":\"https:\/\/proventuss.eu\/#website\"},\"primaryImageOfPage\":{\"@id\":\"https:\/\/proventuss.eu\/uk\/produkt\/vi-pro-epdm-primer-908\/#primaryimage\"},\"image\":{\"@id\":\"https:\/\/proventuss.eu\/uk\/produkt\/vi-pro-epdm-primer-908\/#primaryimage\"},\"thumbnailUrl\":\"https:\/\/proventuss.eu\/wp-content\/uploads\/2022\/04\/Vi-Pro-EPDM-Primer-908_2.png\",\"datePublished\":\"2022-04-26T09:17:16+00:00\",\"dateModified\":\"2022-04-26T09:17:16+00:00\",\"breadcrumb\":{\"@id\":\"https:\/\/proventuss.eu\/uk\/produkt\/vi-pro-epdm-primer-908\/#breadcrumb\"},\"inLanguage\":\"uk\",\"potentialAction\":[{\"@type\":\"ReadAction\",\"target\":[\"https:\/\/proventuss.eu\/uk\/produkt\/vi-pro-epdm-primer-908\/\"]}]},{\"@type\":\"ImageObject\",\"inLanguage\":\"uk\",\"@id\":\"https:\/\/proventuss.eu\/uk\/produkt\/vi-pro-epdm-primer-908\/#primaryimage\",\"url\":\"https:\/\/proventuss.eu\/wp-content\/uploads\/2022\/04\/Vi-Pro-EPDM-Primer-908_2.png\",\"contentUrl\":\"https:\/\/proventuss.eu\/wp-content\/uploads\/2022\/04\/Vi-Pro-EPDM-Primer-908_2.png\",\"width\":640,\"height\":640,\"caption\":\"Na zdj\u0119ciu podk\u0142ad na bazie silikonu o niskiej zawarto\u015bci rozpuszczalnik\u00f3w stosowany na r\u00f3\u017cnego rodzaju pod\u0142o\u017ca porowate. Ujednolica i poprawia przyczepno\u015b\u0107 pod\u0142o\u017ca.\"},{\"@type\":\"BreadcrumbList\",\"@id\":\"https:\/\/proventuss.eu\/uk\/produkt\/vi-pro-epdm-primer-908\/#breadcrumb\",\"itemListElement\":[{\"@type\":\"ListItem\",\"position\":1,\"name\":\"Home\",\"item\":\"https:\/\/proventuss.eu\/uk\/\"},{\"@type\":\"ListItem\",\"position\":2,\"name\":\"\u041f\u0440\u043e\u0434\u0443\u043a\u0442\u0438\",\"item\":\"https:\/\/proventuss.eu\/%d0%bf%d1%80%d0%be%d0%b4%d1%83%d0%ba%d1%82%d0%b8\/\"},{\"@type\":\"ListItem\",\"position\":3,\"name\":\"Vi-Pro\u00ae EPDM PRIMER 908\"}]},{\"@type\":\"WebSite\",\"@id\":\"https:\/\/proventuss.eu\/#website\",\"url\":\"https:\/\/proventuss.eu\/\",\"name\":\"Proventuss\",\"description\":\"\",\"potentialAction\":[{\"@type\":\"SearchAction\",\"target\":{\"@type\":\"EntryPoint\",\"urlTemplate\":\"https:\/\/proventuss.eu\/?s={search_term_string}\"},\"query-input\":\"required name=search_term_string\"}],\"inLanguage\":\"uk\"}]}<\/script>\n<!-- \/ Yoast SEO plugin. -->","yoast_head_json":{"title":"Vi-Pro\u00ae EPDM PRIMER 908 - Proventuss","robots":{"index":"index","follow":"follow","max-snippet":"max-snippet:-1","max-image-preview":"max-image-preview:large","max-video-preview":"max-video-preview:-1"},"canonical":"https:\/\/proventuss.eu\/uk\/produkt\/vi-pro-epdm-primer-908\/","og_locale":"uk_UA","og_type":"article","og_title":"Vi-Pro\u00ae EPDM PRIMER 908 - Proventuss","og_description":"\u0417 \u041f\u0420\u0410\u0419\u041c\u0415\u0420\u041e\u041c Vi-Pro\u00ae EPDM Primer 908 \u0432\u0438 \u043c\u043e\u0436\u0435\u0442\u0435 \u043d\u0430\u043b\u0435\u0436\u043d\u0438\u043c \u0447\u0438\u043d\u043e\u043c \u043f\u0456\u0434\u0433\u043e\u0442\u0443\u0432\u0430\u0442\u0438 \u043e\u0441\u043d\u043e\u0432\u0443 \u043f\u0435\u0440\u0435\u0434 \u043c\u043e\u043d\u0442\u0430\u0436\u0435\u043c EPDM-\u043c\u0435\u043c\u0431\u0440\u0430\u043d\u0438. \u0490\u0440\u0443\u043d\u0442\u043e\u0432\u043a\u0430 \u2014 \u0446\u0435 \u0432\u0438\u0441\u043e\u043a\u043e\u044f\u043a\u0456\u0441\u043d\u0438\u0439 \u043f\u0440\u043e\u0434\u0443\u043a\u0442 \u043d\u0430 \u043e\u0441\u043d\u043e\u0432\u0456 \u0441\u0438\u043b\u0456\u043a\u043e\u043d\u0443 \u0437 \u043d\u0438\u0437\u044c\u043a\u0438\u043c \u0432\u043c\u0456\u0441\u0442\u043e\u043c \u0440\u043e\u0437\u0447\u0438\u043d\u043d\u0438\u043a\u0430. \u0419\u043e\u0433\u043e \u043c\u043e\u0436\u043d\u0430 \u0432\u0438\u043a\u043e\u0440\u0438\u0441\u0442\u043e\u0432\u0443\u0432\u0430\u0442\u0438 \u043d\u0430 \u0431\u0435\u0442\u043e\u043d\u0456, \u0433\u0430\u0437\u043e\u0431\u0435\u0442\u043e\u043d\u0456, \u043a\u0430\u043c\u0435\u043d\u0456, \u043f\u0435\u0440\u043b\u0456\u0442\u0456, \u0430 \u0442\u0430\u043a\u043e\u0436 \u043f\u043b\u0438\u0442\u0430\u0445 \u0442\u0430 \u043c\u0456\u043d\u0435\u0440\u0430\u043b\u044c\u043d\u0456 \u043f\u043e\u0432\u0435\u0440\u0445\u043d\u044f\u0445. \u0415\u0444\u0435\u043a\u0442\u0438\u0432\u043d\u043e \u0437\u043c\u0456\u0446\u043d\u044e\u0454 \u0442\u0430 \u0437\u0431\u0430\u043b\u0430\u043d\u0441\u043e\u0432\u0443\u0454 \u043f\u043e\u0433\u043b\u0438\u043d\u0430\u044e\u0447\u0443 \u0437\u0434\u0430\u0442\u043d\u0456\u0441\u0442\u044c \u043e\u0441\u043d\u043e\u0432\u0438. \u041f\u0415\u0420\u0415\u0412\u0410\u0413\u0418: \u2022 \u0423\u043d\u0456\u0444\u0456\u043a\u0443\u0454 \u0442\u0430 \u043f\u043e\u043a\u0440\u0430\u0449\u0443\u0454 \u0430\u0434\u0433\u0435\u0437\u0456\u044e \u043e\u0441\u043d\u043e\u0432\u0438 [&hellip;]","og_url":"https:\/\/proventuss.eu\/uk\/produkt\/vi-pro-epdm-primer-908\/","og_site_name":"Proventuss","og_image":[{"width":640,"height":640,"url":"https:\/\/proventuss.eu\/wp-content\/uploads\/2022\/04\/Vi-Pro-EPDM-Primer-908_2.png","type":"image\/png"}],"twitter_card":"summary_large_image","schema":{"@context":"https:\/\/schema.org","@graph":[{"@type":"WebPage","@id":"https:\/\/proventuss.eu\/uk\/produkt\/vi-pro-epdm-primer-908\/","url":"https:\/\/proventuss.eu\/uk\/produkt\/vi-pro-epdm-primer-908\/","name":"Vi-Pro\u00ae EPDM PRIMER 908 - Proventuss","isPartOf":{"@id":"https:\/\/proventuss.eu\/#website"},"primaryImageOfPage":{"@id":"https:\/\/proventuss.eu\/uk\/produkt\/vi-pro-epdm-primer-908\/#primaryimage"},"image":{"@id":"https:\/\/proventuss.eu\/uk\/produkt\/vi-pro-epdm-primer-908\/#primaryimage"},"thumbnailUrl":"https:\/\/proventuss.eu\/wp-content\/uploads\/2022\/04\/Vi-Pro-EPDM-Primer-908_2.png","datePublished":"2022-04-26T09:17:16+00:00","dateModified":"2022-04-26T09:17:16+00:00","breadcrumb":{"@id":"https:\/\/proventuss.eu\/uk\/produkt\/vi-pro-epdm-primer-908\/#breadcrumb"},"inLanguage":"uk","potentialAction":[{"@type":"ReadAction","target":["https:\/\/proventuss.eu\/uk\/produkt\/vi-pro-epdm-primer-908\/"]}]},{"@type":"ImageObject","inLanguage":"uk","@id":"https:\/\/proventuss.eu\/uk\/produkt\/vi-pro-epdm-primer-908\/#primaryimage","url":"https:\/\/proventuss.eu\/wp-content\/uploads\/2022\/04\/Vi-Pro-EPDM-Primer-908_2.png","contentUrl":"https:\/\/proventuss.eu\/wp-content\/uploads\/2022\/04\/Vi-Pro-EPDM-Primer-908_2.png","width":640,"height":640,"caption":"Na zdj\u0119ciu podk\u0142ad na bazie silikonu o niskiej zawarto\u015bci rozpuszczalnik\u00f3w stosowany na r\u00f3\u017cnego rodzaju pod\u0142o\u017ca porowate. Ujednolica i poprawia przyczepno\u015b\u0107 pod\u0142o\u017ca."},{"@type":"BreadcrumbList","@id":"https:\/\/proventuss.eu\/uk\/produkt\/vi-pro-epdm-primer-908\/#breadcrumb","itemListElement":[{"@type":"ListItem","position":1,"name":"Home","item":"https:\/\/proventuss.eu\/uk\/"},{"@type":"ListItem","position":2,"name":"\u041f\u0440\u043e\u0434\u0443\u043a\u0442\u0438","item":"https:\/\/proventuss.eu\/%d0%bf%d1%80%d0%be%d0%b4%d1%83%d0%ba%d1%82%d0%b8\/"},{"@type":"ListItem","position":3,"name":"Vi-Pro\u00ae EPDM PRIMER 908"}]},{"@type":"WebSite","@id":"https:\/\/proventuss.eu\/#website","url":"https:\/\/proventuss.eu\/","name":"Proventuss","description":"","potentialAction":[{"@type":"SearchAction","target":{"@type":"EntryPoint","urlTemplate":"https:\/\/proventuss.eu\/?s={search_term_string}"},"query-input":"required name=search_term_string"}],"inLanguage":"uk"}]}},"_links":{"self":[{"href":"https:\/\/proventuss.eu\/uk\/wp-json\/wp\/v2\/product\/6360"}],"collection":[{"href":"https:\/\/proventuss.eu\/uk\/wp-json\/wp\/v2\/product"}],"about":[{"href":"https:\/\/proventuss.eu\/uk\/wp-json\/wp\/v2\/types\/product"}],"replies":[{"embeddable":true,"href":"https:\/\/proventuss.eu\/uk\/wp-json\/wp\/v2\/comments?post=6360"}],"wp:featuredmedia":[{"embeddable":true,"href":"https:\/\/proventuss.eu\/uk\/wp-json\/wp\/v2\/media\/4655"}],"wp:attachment":[{"href":"https:\/\/proventuss.eu\/uk\/wp-json\/wp\/v2\/media?parent=6360"}],"wp:term":[{"taxonomy":"product_cat","embeddable":true,"href":"https:\/\/proventuss.eu\/uk\/wp-json\/wp\/v2\/product_cat?post=6360"},{"taxonomy":"product_tag","embeddable":true,"href":"https:\/\/proventuss.eu\/uk\/wp-json\/wp\/v2\/product_tag?post=6360"}],"curies":[{"name":"wp","href":"https:\/\/api.w.org\/{rel}","templated":true}]}}