{"id":6357,"date":"2022-04-26T09:14:22","date_gmt":"2022-04-26T09:14:22","guid":{"rendered":"https:\/\/proventuss.eu\/produkt\/vi-pro-epdm-contact-adhesive-904\/"},"modified":"2024-09-04T07:05:51","modified_gmt":"2024-09-04T07:05:51","slug":"vi-pro-epdm-contact-adhesive-904","status":"publish","type":"product","link":"https:\/\/proventuss.eu\/uk\/\u043f\u0440\u043e\u0434\u0443\u043a\u0442\/vi-pro-epdm-contact-adhesive-904\/","title":{"rendered":"Vi-Pro\u00ae EPDM CONTACT ADHESIVE 904"},"content":{"rendered":"<p>\u0415\u0444\u0435\u043a\u0442\u0438\u0432\u043d\u0435 \u0442\u0430 \u0448\u0432\u0438\u0434\u043a\u0435 \u0437\u2019\u0454\u0434\u043d\u0430\u043d\u043d\u044f EPDM-\u043c\u0435\u043c\u0431\u0440\u0430\u043d\u0438 \u0437 \u043f\u043e\u0432\u0435\u0440\u0445\u043d\u0435\u044e \u0437\u0430\u0431\u0435\u0437\u043f\u0435\u0447\u0443\u0454\u0442\u044c\u0441\u044f \u043a\u043e\u043d\u0442\u0430\u043a\u0442\u043d\u0438\u043c \u043a\u043b\u0435\u0454\u043c \u0434\u043b\u044f EPDM Vi-Pro\u00ae EPDM Contact Adhesive 904. \u0426\u0435 \u0412\u0418\u0421\u041e\u041a\u041e\u042f\u041a\u0406\u0421\u041d\u0418\u0419, \u041e\u0414\u041d\u041e\u041a\u041e\u041c\u041f\u041e\u041d\u0415\u041d\u0422\u041d\u0418\u0419<br \/>\n\u041a\u041b\u0415\u0419 \u041d\u0410 \u041e\u0421\u041d\u041e\u0412\u0406 \u0421\u0418\u041d\u0422\u0415\u0422\u0418\u0427\u041d\u041e\u0413\u041e \u041a\u0410\u0423\u0427\u0423\u041a\u0423 \u0422\u0410 \u0421\u0418\u041d\u0422\u0415\u0422\u0418\u0427\u041d\u0418\u0425 \u0421\u041c\u041e\u041b, \u043f\u0440\u0438\u0437\u043d\u0430\u0447\u0435\u043d\u0438\u0439 \u0434\u043b\u044f \u043d\u0430\u043d\u0435\u0441\u0435\u043d\u043d\u044f \u043d\u0430 \u043e\u0431\u0438\u0434\u0432\u0456 \u043f\u043e\u0432\u0435\u0440\u0445\u043d\u0456, \u0449\u043e \u0441\u043a\u043b\u0435\u044e\u044e\u0442\u044c\u0441\u044f (EPDM \u043c\u0435\u043c\u0431\u0440\u0430\u043d\u0430 \u0442\u0430 \u043e\u0441\u043d\u043e\u0432\u0430). \u0417\u0430\u0432\u0434\u044f\u043a\u0438 \u0432\u0456\u0434\u043c\u0456\u043d\u043d\u0456\u0439 \u0430\u0434\u0433\u0435\u0437\u0456\u0457 \u0432\u0456\u043d \u0442\u0430\u043a\u043e\u0436 \u043c\u043e\u0436\u0435 \u0432\u0438\u043a\u043e\u0440\u0438\u0441\u0442\u043e\u0432\u0443\u0432\u0430\u0442\u0438\u0441\u044f \u043d\u0430 \u0442\u0430\u043a\u0438\u0445 \u043c\u0430\u0442\u0435\u0440\u0456\u0430\u043b\u0430\u0445, \u044f\u043a: \u0431\u0456\u0442\u0443\u043c, \u0431\u0443\u0442\u0438\u043b\u0430\u043b\u044e\u043c\u0456\u043d\u0456\u0454\u0432\u0438<br \/>\n\u0441\u0442\u0440\u0456\u0447\u043a\u0438, \u0434\u0435\u0440\u0435\u0432\u043e, \u0441\u0442\u0430\u043b\u044c, \u0431\u0435\u0442\u043e\u043d \u0456 \u043b\u0435\u0433\u043a\u0438\u0439 \u0431\u0435\u0442\u043e\u043d.<\/p>\n<p>\u041f\u0415\u0420\u0415\u0412\u0410\u0413\u0418:<br \/>\n\u2022 \u0417\u2019\u0454\u0434\u043d\u0443\u0454 \u0437 \u043f\u0435\u0440\u0448\u043e\u0433\u043e \u0434\u043e\u0442\u0438\u043a\u0443<br \/>\n\u2022 \u041b\u0435\u0433\u043a\u043e \u043d\u0430\u043d\u043e\u0441\u0438\u0442\u044c\u0441\u044f \u0432\u0430\u043b\u0438\u043a\u043e\u043c \u0430\u0431\u043e \u043f\u0435\u043d\u0437\u043b\u0435\u043c<br \/>\n\u2022 \u041c\u043e\u0436\u043d\u0430 \u0432\u0438\u043a\u043e\u0440\u0438\u0441\u0442\u043e\u0432\u0443\u0432\u0430\u0442\u0438 \u044f\u043a \u0433\u0440\u0443\u043d\u0442\u043e\u0432\u043a\u0443\u00bb<\/p>\n","protected":false},"excerpt":{"rendered":"<p>\u0415\u0444\u0435\u043a\u0442\u0438\u0432\u043d\u0435 \u0442\u0430 \u0448\u0432\u0438\u0434\u043a\u0435 \u0437\u2019\u0454\u0434\u043d\u0430\u043d\u043d\u044f EPDM-\u043c\u0435\u043c\u0431\u0440\u0430\u043d\u0438 \u0437 \u043f\u043e\u0432\u0435\u0440\u0445\u043d\u0435\u044e \u0437\u0430\u0431\u0435\u0437\u043f\u0435\u0447\u0443\u0454\u0442\u044c\u0441\u044f \u043a\u043e\u043d\u0442\u0430\u043a\u0442\u043d\u0438\u043c \u043a\u043b\u0435\u0454\u043c \u0434\u043b\u044f EPDM Vi-Pro\u00ae EPDM Contact Adhesive 904. \u0426\u0435 \u0412\u0418\u0421\u041e\u041a\u041e\u042f\u041a\u0406\u0421\u041d\u0418\u0419, \u041e\u0414\u041d\u041e\u041a\u041e\u041c\u041f\u041e\u041d\u0415\u041d\u0422\u041d\u0418\u0419 \u041a\u041b\u0415\u0419 \u041d\u0410 \u041e\u0421\u041d\u041e\u0412\u0406 \u0421\u0418\u041d\u0422\u0415\u0422\u0418\u0427\u041d\u041e\u0413\u041e \u041a\u0410\u0423\u0427\u0423\u041a\u0423 \u0422\u0410 \u0421\u0418\u041d\u0422\u0415\u0422\u0418\u0427\u041d\u0418\u0425 \u0421\u041c\u041e\u041b, \u043f\u0440\u0438\u0437\u043d\u0430\u0447\u0435\u043d\u0438\u0439 \u0434\u043b\u044f \u043d\u0430\u043d\u0435\u0441\u0435\u043d\u043d\u044f \u043d\u0430 \u043e\u0431\u0438\u0434\u0432\u0456 \u043f\u043e\u0432\u0435\u0440\u0445\u043d\u0456, \u0449\u043e \u0441\u043a\u043b\u0435\u044e\u044e\u0442\u044c\u0441\u044f (EPDM \u043c\u0435\u043c\u0431\u0440\u0430\u043d\u0430 \u0442\u0430 \u043e\u0441\u043d\u043e\u0432\u0430). \u0417\u0430\u0432\u0434\u044f\u043a\u0438 \u0432\u0456\u0434\u043c\u0456\u043d\u043d\u0456\u0439 \u0430\u0434\u0433\u0435\u0437\u0456\u0457 \u0432\u0456\u043d \u0442\u0430\u043a\u043e\u0436 \u043c\u043e\u0436\u0435 \u0432\u0438\u043a\u043e\u0440\u0438\u0441\u0442\u043e\u0432\u0443\u0432\u0430\u0442\u0438\u0441\u044f \u043d\u0430 \u0442\u0430\u043a\u0438\u0445 \u043c\u0430\u0442\u0435\u0440\u0456\u0430\u043b\u0430\u0445, \u044f\u043a: \u0431\u0456\u0442\u0443\u043c, \u0431\u0443\u0442\u0438\u043b\u0430\u043b\u044e\u043c\u0456\u043d\u0456\u0454\u0432\u0438 \u0441\u0442\u0440\u0456\u0447\u043a\u0438, \u0434\u0435\u0440\u0435\u0432\u043e, [&hellip;]<\/p>\n","protected":false},"featured_media":4937,"comment_status":"open","ping_status":"closed","template":"","meta":{"_acf_changed":false},"product_cat":[292],"product_tag":[],"acf":[],"yoast_head":"<!-- This site is optimized with the Yoast SEO plugin v22.9 - https:\/\/yoast.com\/wordpress\/plugins\/seo\/ -->\n<title>Vi-Pro\u00ae EPDM CONTACT ADHESIVE 904 - Proventuss<\/title>\n<meta name=\"robots\" content=\"index, follow, max-snippet:-1, max-image-preview:large, max-video-preview:-1\" \/>\n<link rel=\"canonical\" href=\"https:\/\/proventuss.eu\/uk\/produkt\/vi-pro-epdm-contact-adhesive-904\/\" \/>\n<meta property=\"og:locale\" content=\"uk_UA\" \/>\n<meta property=\"og:type\" content=\"article\" \/>\n<meta property=\"og:title\" content=\"Vi-Pro\u00ae EPDM CONTACT ADHESIVE 904 - Proventuss\" \/>\n<meta property=\"og:description\" content=\"\u0415\u0444\u0435\u043a\u0442\u0438\u0432\u043d\u0435 \u0442\u0430 \u0448\u0432\u0438\u0434\u043a\u0435 \u0437\u2019\u0454\u0434\u043d\u0430\u043d\u043d\u044f EPDM-\u043c\u0435\u043c\u0431\u0440\u0430\u043d\u0438 \u0437 \u043f\u043e\u0432\u0435\u0440\u0445\u043d\u0435\u044e \u0437\u0430\u0431\u0435\u0437\u043f\u0435\u0447\u0443\u0454\u0442\u044c\u0441\u044f \u043a\u043e\u043d\u0442\u0430\u043a\u0442\u043d\u0438\u043c \u043a\u043b\u0435\u0454\u043c \u0434\u043b\u044f EPDM Vi-Pro\u00ae EPDM Contact Adhesive 904. \u0426\u0435 \u0412\u0418\u0421\u041e\u041a\u041e\u042f\u041a\u0406\u0421\u041d\u0418\u0419, \u041e\u0414\u041d\u041e\u041a\u041e\u041c\u041f\u041e\u041d\u0415\u041d\u0422\u041d\u0418\u0419 \u041a\u041b\u0415\u0419 \u041d\u0410 \u041e\u0421\u041d\u041e\u0412\u0406 \u0421\u0418\u041d\u0422\u0415\u0422\u0418\u0427\u041d\u041e\u0413\u041e \u041a\u0410\u0423\u0427\u0423\u041a\u0423 \u0422\u0410 \u0421\u0418\u041d\u0422\u0415\u0422\u0418\u0427\u041d\u0418\u0425 \u0421\u041c\u041e\u041b, \u043f\u0440\u0438\u0437\u043d\u0430\u0447\u0435\u043d\u0438\u0439 \u0434\u043b\u044f \u043d\u0430\u043d\u0435\u0441\u0435\u043d\u043d\u044f \u043d\u0430 \u043e\u0431\u0438\u0434\u0432\u0456 \u043f\u043e\u0432\u0435\u0440\u0445\u043d\u0456, \u0449\u043e \u0441\u043a\u043b\u0435\u044e\u044e\u0442\u044c\u0441\u044f (EPDM \u043c\u0435\u043c\u0431\u0440\u0430\u043d\u0430 \u0442\u0430 \u043e\u0441\u043d\u043e\u0432\u0430). \u0417\u0430\u0432\u0434\u044f\u043a\u0438 \u0432\u0456\u0434\u043c\u0456\u043d\u043d\u0456\u0439 \u0430\u0434\u0433\u0435\u0437\u0456\u0457 \u0432\u0456\u043d \u0442\u0430\u043a\u043e\u0436 \u043c\u043e\u0436\u0435 \u0432\u0438\u043a\u043e\u0440\u0438\u0441\u0442\u043e\u0432\u0443\u0432\u0430\u0442\u0438\u0441\u044f \u043d\u0430 \u0442\u0430\u043a\u0438\u0445 \u043c\u0430\u0442\u0435\u0440\u0456\u0430\u043b\u0430\u0445, \u044f\u043a: \u0431\u0456\u0442\u0443\u043c, \u0431\u0443\u0442\u0438\u043b\u0430\u043b\u044e\u043c\u0456\u043d\u0456\u0454\u0432\u0438 \u0441\u0442\u0440\u0456\u0447\u043a\u0438, \u0434\u0435\u0440\u0435\u0432\u043e, [&hellip;]\" \/>\n<meta property=\"og:url\" content=\"https:\/\/proventuss.eu\/uk\/produkt\/vi-pro-epdm-contact-adhesive-904\/\" \/>\n<meta property=\"og:site_name\" content=\"Proventuss\" \/>\n<meta property=\"article:modified_time\" content=\"2024-09-04T07:05:51+00:00\" \/>\n<meta property=\"og:image\" content=\"https:\/\/proventuss.eu\/wp-content\/uploads\/2022\/04\/Vi-Pro-EPDM-Contact-Adhesive-904.png\" \/>\n\t<meta property=\"og:image:width\" content=\"640\" \/>\n\t<meta property=\"og:image:height\" content=\"640\" \/>\n\t<meta property=\"og:image:type\" content=\"image\/png\" \/>\n<meta name=\"twitter:card\" content=\"summary_large_image\" \/>\n<meta name=\"twitter:label1\" content=\"\u041f\u0440\u0438\u0431\u043b. \u0447\u0430\u0441 \u0447\u0438\u0442\u0430\u043d\u043d\u044f\" \/>\n\t<meta name=\"twitter:data1\" content=\"1 \u0445\u0432\u0438\u043b\u0438\u043d\u0430\" \/>\n<script type=\"application\/ld+json\" class=\"yoast-schema-graph\">{\"@context\":\"https:\/\/schema.org\",\"@graph\":[{\"@type\":\"WebPage\",\"@id\":\"https:\/\/proventuss.eu\/uk\/produkt\/vi-pro-epdm-contact-adhesive-904\/\",\"url\":\"https:\/\/proventuss.eu\/uk\/produkt\/vi-pro-epdm-contact-adhesive-904\/\",\"name\":\"Vi-Pro\u00ae EPDM CONTACT ADHESIVE 904 - Proventuss\",\"isPartOf\":{\"@id\":\"https:\/\/proventuss.eu\/#website\"},\"primaryImageOfPage\":{\"@id\":\"https:\/\/proventuss.eu\/uk\/produkt\/vi-pro-epdm-contact-adhesive-904\/#primaryimage\"},\"image\":{\"@id\":\"https:\/\/proventuss.eu\/uk\/produkt\/vi-pro-epdm-contact-adhesive-904\/#primaryimage\"},\"thumbnailUrl\":\"https:\/\/proventuss.eu\/wp-content\/uploads\/2022\/04\/Vi-Pro-EPDM-Contact-Adhesive-904.png\",\"datePublished\":\"2022-04-26T09:14:22+00:00\",\"dateModified\":\"2024-09-04T07:05:51+00:00\",\"breadcrumb\":{\"@id\":\"https:\/\/proventuss.eu\/uk\/produkt\/vi-pro-epdm-contact-adhesive-904\/#breadcrumb\"},\"inLanguage\":\"uk\",\"potentialAction\":[{\"@type\":\"ReadAction\",\"target\":[\"https:\/\/proventuss.eu\/uk\/produkt\/vi-pro-epdm-contact-adhesive-904\/\"]}]},{\"@type\":\"ImageObject\",\"inLanguage\":\"uk\",\"@id\":\"https:\/\/proventuss.eu\/uk\/produkt\/vi-pro-epdm-contact-adhesive-904\/#primaryimage\",\"url\":\"https:\/\/proventuss.eu\/wp-content\/uploads\/2022\/04\/Vi-Pro-EPDM-Contact-Adhesive-904.png\",\"contentUrl\":\"https:\/\/proventuss.eu\/wp-content\/uploads\/2022\/04\/Vi-Pro-EPDM-Contact-Adhesive-904.png\",\"width\":640,\"height\":640,\"caption\":\"Na zdj\u0119ciu jednosk\u0142adnikowy klej kontaktowy na bazie syntetycznego kauczuku i syntetycznych \u017cywic, przeznaczony do aplikacji na obie klejone powierzchnie.\"},{\"@type\":\"BreadcrumbList\",\"@id\":\"https:\/\/proventuss.eu\/uk\/produkt\/vi-pro-epdm-contact-adhesive-904\/#breadcrumb\",\"itemListElement\":[{\"@type\":\"ListItem\",\"position\":1,\"name\":\"Home\",\"item\":\"https:\/\/proventuss.eu\/uk\/\"},{\"@type\":\"ListItem\",\"position\":2,\"name\":\"\u041f\u0440\u043e\u0434\u0443\u043a\u0442\u0438\",\"item\":\"https:\/\/proventuss.eu\/%d0%bf%d1%80%d0%be%d0%b4%d1%83%d0%ba%d1%82%d0%b8\/\"},{\"@type\":\"ListItem\",\"position\":3,\"name\":\"Vi-Pro\u00ae EPDM CONTACT ADHESIVE 904\"}]},{\"@type\":\"WebSite\",\"@id\":\"https:\/\/proventuss.eu\/#website\",\"url\":\"https:\/\/proventuss.eu\/\",\"name\":\"Proventuss\",\"description\":\"\",\"potentialAction\":[{\"@type\":\"SearchAction\",\"target\":{\"@type\":\"EntryPoint\",\"urlTemplate\":\"https:\/\/proventuss.eu\/?s={search_term_string}\"},\"query-input\":\"required name=search_term_string\"}],\"inLanguage\":\"uk\"}]}<\/script>\n<!-- \/ Yoast SEO plugin. -->","yoast_head_json":{"title":"Vi-Pro\u00ae EPDM CONTACT ADHESIVE 904 - Proventuss","robots":{"index":"index","follow":"follow","max-snippet":"max-snippet:-1","max-image-preview":"max-image-preview:large","max-video-preview":"max-video-preview:-1"},"canonical":"https:\/\/proventuss.eu\/uk\/produkt\/vi-pro-epdm-contact-adhesive-904\/","og_locale":"uk_UA","og_type":"article","og_title":"Vi-Pro\u00ae EPDM CONTACT ADHESIVE 904 - Proventuss","og_description":"\u0415\u0444\u0435\u043a\u0442\u0438\u0432\u043d\u0435 \u0442\u0430 \u0448\u0432\u0438\u0434\u043a\u0435 \u0437\u2019\u0454\u0434\u043d\u0430\u043d\u043d\u044f EPDM-\u043c\u0435\u043c\u0431\u0440\u0430\u043d\u0438 \u0437 \u043f\u043e\u0432\u0435\u0440\u0445\u043d\u0435\u044e \u0437\u0430\u0431\u0435\u0437\u043f\u0435\u0447\u0443\u0454\u0442\u044c\u0441\u044f \u043a\u043e\u043d\u0442\u0430\u043a\u0442\u043d\u0438\u043c \u043a\u043b\u0435\u0454\u043c \u0434\u043b\u044f EPDM Vi-Pro\u00ae EPDM Contact Adhesive 904. \u0426\u0435 \u0412\u0418\u0421\u041e\u041a\u041e\u042f\u041a\u0406\u0421\u041d\u0418\u0419, \u041e\u0414\u041d\u041e\u041a\u041e\u041c\u041f\u041e\u041d\u0415\u041d\u0422\u041d\u0418\u0419 \u041a\u041b\u0415\u0419 \u041d\u0410 \u041e\u0421\u041d\u041e\u0412\u0406 \u0421\u0418\u041d\u0422\u0415\u0422\u0418\u0427\u041d\u041e\u0413\u041e \u041a\u0410\u0423\u0427\u0423\u041a\u0423 \u0422\u0410 \u0421\u0418\u041d\u0422\u0415\u0422\u0418\u0427\u041d\u0418\u0425 \u0421\u041c\u041e\u041b, \u043f\u0440\u0438\u0437\u043d\u0430\u0447\u0435\u043d\u0438\u0439 \u0434\u043b\u044f \u043d\u0430\u043d\u0435\u0441\u0435\u043d\u043d\u044f \u043d\u0430 \u043e\u0431\u0438\u0434\u0432\u0456 \u043f\u043e\u0432\u0435\u0440\u0445\u043d\u0456, \u0449\u043e \u0441\u043a\u043b\u0435\u044e\u044e\u0442\u044c\u0441\u044f (EPDM \u043c\u0435\u043c\u0431\u0440\u0430\u043d\u0430 \u0442\u0430 \u043e\u0441\u043d\u043e\u0432\u0430). \u0417\u0430\u0432\u0434\u044f\u043a\u0438 \u0432\u0456\u0434\u043c\u0456\u043d\u043d\u0456\u0439 \u0430\u0434\u0433\u0435\u0437\u0456\u0457 \u0432\u0456\u043d \u0442\u0430\u043a\u043e\u0436 \u043c\u043e\u0436\u0435 \u0432\u0438\u043a\u043e\u0440\u0438\u0441\u0442\u043e\u0432\u0443\u0432\u0430\u0442\u0438\u0441\u044f \u043d\u0430 \u0442\u0430\u043a\u0438\u0445 \u043c\u0430\u0442\u0435\u0440\u0456\u0430\u043b\u0430\u0445, \u044f\u043a: \u0431\u0456\u0442\u0443\u043c, \u0431\u0443\u0442\u0438\u043b\u0430\u043b\u044e\u043c\u0456\u043d\u0456\u0454\u0432\u0438 \u0441\u0442\u0440\u0456\u0447\u043a\u0438, \u0434\u0435\u0440\u0435\u0432\u043e, [&hellip;]","og_url":"https:\/\/proventuss.eu\/uk\/produkt\/vi-pro-epdm-contact-adhesive-904\/","og_site_name":"Proventuss","article_modified_time":"2024-09-04T07:05:51+00:00","og_image":[{"width":640,"height":640,"url":"https:\/\/proventuss.eu\/wp-content\/uploads\/2022\/04\/Vi-Pro-EPDM-Contact-Adhesive-904.png","type":"image\/png"}],"twitter_card":"summary_large_image","twitter_misc":{"\u041f\u0440\u0438\u0431\u043b. \u0447\u0430\u0441 \u0447\u0438\u0442\u0430\u043d\u043d\u044f":"1 \u0445\u0432\u0438\u043b\u0438\u043d\u0430"},"schema":{"@context":"https:\/\/schema.org","@graph":[{"@type":"WebPage","@id":"https:\/\/proventuss.eu\/uk\/produkt\/vi-pro-epdm-contact-adhesive-904\/","url":"https:\/\/proventuss.eu\/uk\/produkt\/vi-pro-epdm-contact-adhesive-904\/","name":"Vi-Pro\u00ae EPDM CONTACT ADHESIVE 904 - Proventuss","isPartOf":{"@id":"https:\/\/proventuss.eu\/#website"},"primaryImageOfPage":{"@id":"https:\/\/proventuss.eu\/uk\/produkt\/vi-pro-epdm-contact-adhesive-904\/#primaryimage"},"image":{"@id":"https:\/\/proventuss.eu\/uk\/produkt\/vi-pro-epdm-contact-adhesive-904\/#primaryimage"},"thumbnailUrl":"https:\/\/proventuss.eu\/wp-content\/uploads\/2022\/04\/Vi-Pro-EPDM-Contact-Adhesive-904.png","datePublished":"2022-04-26T09:14:22+00:00","dateModified":"2024-09-04T07:05:51+00:00","breadcrumb":{"@id":"https:\/\/proventuss.eu\/uk\/produkt\/vi-pro-epdm-contact-adhesive-904\/#breadcrumb"},"inLanguage":"uk","potentialAction":[{"@type":"ReadAction","target":["https:\/\/proventuss.eu\/uk\/produkt\/vi-pro-epdm-contact-adhesive-904\/"]}]},{"@type":"ImageObject","inLanguage":"uk","@id":"https:\/\/proventuss.eu\/uk\/produkt\/vi-pro-epdm-contact-adhesive-904\/#primaryimage","url":"https:\/\/proventuss.eu\/wp-content\/uploads\/2022\/04\/Vi-Pro-EPDM-Contact-Adhesive-904.png","contentUrl":"https:\/\/proventuss.eu\/wp-content\/uploads\/2022\/04\/Vi-Pro-EPDM-Contact-Adhesive-904.png","width":640,"height":640,"caption":"Na zdj\u0119ciu jednosk\u0142adnikowy klej kontaktowy na bazie syntetycznego kauczuku i syntetycznych \u017cywic, przeznaczony do aplikacji na obie klejone powierzchnie."},{"@type":"BreadcrumbList","@id":"https:\/\/proventuss.eu\/uk\/produkt\/vi-pro-epdm-contact-adhesive-904\/#breadcrumb","itemListElement":[{"@type":"ListItem","position":1,"name":"Home","item":"https:\/\/proventuss.eu\/uk\/"},{"@type":"ListItem","position":2,"name":"\u041f\u0440\u043e\u0434\u0443\u043a\u0442\u0438","item":"https:\/\/proventuss.eu\/%d0%bf%d1%80%d0%be%d0%b4%d1%83%d0%ba%d1%82%d0%b8\/"},{"@type":"ListItem","position":3,"name":"Vi-Pro\u00ae EPDM CONTACT ADHESIVE 904"}]},{"@type":"WebSite","@id":"https:\/\/proventuss.eu\/#website","url":"https:\/\/proventuss.eu\/","name":"Proventuss","description":"","potentialAction":[{"@type":"SearchAction","target":{"@type":"EntryPoint","urlTemplate":"https:\/\/proventuss.eu\/?s={search_term_string}"},"query-input":"required name=search_term_string"}],"inLanguage":"uk"}]}},"_links":{"self":[{"href":"https:\/\/proventuss.eu\/uk\/wp-json\/wp\/v2\/product\/6357"}],"collection":[{"href":"https:\/\/proventuss.eu\/uk\/wp-json\/wp\/v2\/product"}],"about":[{"href":"https:\/\/proventuss.eu\/uk\/wp-json\/wp\/v2\/types\/product"}],"replies":[{"embeddable":true,"href":"https:\/\/proventuss.eu\/uk\/wp-json\/wp\/v2\/comments?post=6357"}],"wp:featuredmedia":[{"embeddable":true,"href":"https:\/\/proventuss.eu\/uk\/wp-json\/wp\/v2\/media\/4937"}],"wp:attachment":[{"href":"https:\/\/proventuss.eu\/uk\/wp-json\/wp\/v2\/media?parent=6357"}],"wp:term":[{"taxonomy":"product_cat","embeddable":true,"href":"https:\/\/proventuss.eu\/uk\/wp-json\/wp\/v2\/product_cat?post=6357"},{"taxonomy":"product_tag","embeddable":true,"href":"https:\/\/proventuss.eu\/uk\/wp-json\/wp\/v2\/product_tag?post=6357"}],"curies":[{"name":"wp","href":"https:\/\/api.w.org\/{rel}","templated":true}]}}