{"id":6356,"date":"2022-04-26T09:07:48","date_gmt":"2022-04-26T09:07:48","guid":{"rendered":"https:\/\/proventuss.eu\/produkt\/vi-pro-epdm-membrane-butyl-layer\/"},"modified":"2023-06-23T09:36:14","modified_gmt":"2023-06-23T09:36:14","slug":"vi-pro-epdm-membrane-butyl-layer","status":"publish","type":"product","link":"https:\/\/proventuss.eu\/uk\/\u043f\u0440\u043e\u0434\u0443\u043a\u0442\/vi-pro-epdm-membrane-butyl-layer\/","title":{"rendered":"Vi-Pro\u00ae EPDM MEMBRANE BUTYL LAYER"},"content":{"rendered":"<p>\u0421\u0410\u041c\u041e\u041a\u041b\u0415\u0419\u041a\u0410 \u0417\u041e\u0412\u041d\u0406\u0428\u041d\u042f \u0413\u0406\u0414\u0420\u041e\u0417\u0410\u0425\u0418\u0421\u041d\u0410 EPDM \u0421\u0422\u0420\u0406\u0427\u041a\u0410 \u043d\u0430 \u043e\u0441\u043d\u043e\u0432\u0456 \u0433\u0443\u043c\u043e\u0432\u043e\u0433\u043e \u043f\u043e\u043b\u0456\u043c\u0435\u0440\u0443. \u041f\u0440\u043e\u0434\u0443\u043a\u0442 \u0441\u043a\u043b\u0430\u0434\u0430\u0454\u0442\u044c\u0441\u044f \u0437 \u0430\u0440\u043c\u043e\u0432\u0430\u043d\u043e\u0457 EPDM \u043c\u0435\u043c\u0431\u0440\u0430\u043d\u0438 \u0442\u043e\u0432\u0449\u0438\u043d\u043e\u044e 1,0 \u043c\u043c, \u043f\u043e\u043a\u0440\u0438\u0442\u043e\u0457 \u043b\u0438\u043f\u043a\u0438\u043c \u0431\u0443\u0442\u0438\u043b\u043e\u043c 0,6 \u043c\u043c, \u0449\u043e \u043f\u043e\u043a\u0440\u0438\u0442\u0438\u0439 \u0437\u0430\u0445\u0438\u0441\u043d\u043e\u044e \u043f\u043b\u0456\u0432\u043a\u043e\u044e. EPDM \u0456 \u043b\u0438\u043f\u043a\u0438\u0439 \u0431\u0443\u0442\u0438\u043b \u0440\u0430\u0437\u043e\u043c \u0434\u0430\u044e\u0442\u044c \u043d\u0430\u043c \u043f\u0440\u043e\u0434\u0443\u043a\u0442<br \/>\n\u0437 \u0432\u0438\u0441\u043e\u043a\u0438\u043c \u043a\u043e\u0435\u0444\u0456\u0446\u0456\u0454\u043d\u0442\u043e\u043c \u043f\u0440\u043e\u043f\u0443\u0441\u043a\u0430\u043d\u043d\u044f \u0432\u043e\u0434\u044f\u043d\u043e\u0457 \u043f\u0430\u0440\u0438. \u0411\u0443\u0442\u0438\u043b\u043e\u0432\u0438\u0439 \u0448\u0430\u0440 Vi-Pro EPDM \u0434\u043e\u0441\u0442\u0443\u043f\u043d\u0438\u0439 \u0443 \u0447\u043e\u0440\u043d\u043e\u043c\u0443 \u043a\u043e\u043b\u044c\u043e\u0440\u0456\u00bb.<\/p>\n","protected":false},"excerpt":{"rendered":"<p>\u0421\u0410\u041c\u041e\u041a\u041b\u0415\u0419\u041a\u0410 \u0417\u041e\u0412\u041d\u0406\u0428\u041d\u042f \u0413\u0406\u0414\u0420\u041e\u0417\u0410\u0425\u0418\u0421\u041d\u0410 EPDM \u0421\u0422\u0420\u0406\u0427\u041a\u0410 \u043d\u0430 \u043e\u0441\u043d\u043e\u0432\u0456 \u0433\u0443\u043c\u043e\u0432\u043e\u0433\u043e \u043f\u043e\u043b\u0456\u043c\u0435\u0440\u0443. \u041f\u0440\u043e\u0434\u0443\u043a\u0442 \u0441\u043a\u043b\u0430\u0434\u0430\u0454\u0442\u044c\u0441\u044f \u0437 \u0430\u0440\u043c\u043e\u0432\u0430\u043d\u043e\u0457 EPDM \u043c\u0435\u043c\u0431\u0440\u0430\u043d\u0438 \u0442\u043e\u0432\u0449\u0438\u043d\u043e\u044e 1,0 \u043c\u043c, \u043f\u043e\u043a\u0440\u0438\u0442\u043e\u0457 \u043b\u0438\u043f\u043a\u0438\u043c \u0431\u0443\u0442\u0438\u043b\u043e\u043c 0,6 \u043c\u043c, \u0449\u043e \u043f\u043e\u043a\u0440\u0438\u0442\u0438\u0439 \u0437\u0430\u0445\u0438\u0441\u043d\u043e\u044e \u043f\u043b\u0456\u0432\u043a\u043e\u044e. EPDM \u0456 \u043b\u0438\u043f\u043a\u0438\u0439 \u0431\u0443\u0442\u0438\u043b \u0440\u0430\u0437\u043e\u043c \u0434\u0430\u044e\u0442\u044c \u043d\u0430\u043c \u043f\u0440\u043e\u0434\u0443\u043a\u0442 \u0437 \u0432\u0438\u0441\u043e\u043a\u0438\u043c \u043a\u043e\u0435\u0444\u0456\u0446\u0456\u0454\u043d\u0442\u043e\u043c \u043f\u0440\u043e\u043f\u0443\u0441\u043a\u0430\u043d\u043d\u044f \u0432\u043e\u0434\u044f\u043d\u043e\u0457 \u043f\u0430\u0440\u0438. \u0411\u0443\u0442\u0438\u043b\u043e\u0432\u0438\u0439 \u0448\u0430\u0440 Vi-Pro EPDM \u0434\u043e\u0441\u0442\u0443\u043f\u043d\u0438\u0439 \u0443 \u0447\u043e\u0440\u043d\u043e\u043c\u0443 \u043a\u043e\u043b\u044c\u043e\u0440\u0456\u00bb.<\/p>\n","protected":false},"featured_media":4646,"comment_status":"open","ping_status":"closed","template":"","meta":{"_acf_changed":false},"product_cat":[292],"product_tag":[],"acf":[],"yoast_head":"<!-- This site is optimized with the Yoast SEO plugin v22.9 - https:\/\/yoast.com\/wordpress\/plugins\/seo\/ -->\n<title>Vi-Pro\u00ae EPDM MEMBRANE BUTYL LAYER - Proventuss<\/title>\n<meta name=\"robots\" content=\"index, follow, max-snippet:-1, max-image-preview:large, max-video-preview:-1\" \/>\n<link rel=\"canonical\" href=\"https:\/\/proventuss.eu\/uk\/produkt\/vi-pro-epdm-membrane-butyl-layer\/\" \/>\n<meta property=\"og:locale\" content=\"uk_UA\" \/>\n<meta property=\"og:type\" content=\"article\" \/>\n<meta property=\"og:title\" content=\"Vi-Pro\u00ae EPDM MEMBRANE BUTYL LAYER - Proventuss\" \/>\n<meta property=\"og:description\" content=\"\u0421\u0410\u041c\u041e\u041a\u041b\u0415\u0419\u041a\u0410 \u0417\u041e\u0412\u041d\u0406\u0428\u041d\u042f \u0413\u0406\u0414\u0420\u041e\u0417\u0410\u0425\u0418\u0421\u041d\u0410 EPDM \u0421\u0422\u0420\u0406\u0427\u041a\u0410 \u043d\u0430 \u043e\u0441\u043d\u043e\u0432\u0456 \u0433\u0443\u043c\u043e\u0432\u043e\u0433\u043e \u043f\u043e\u043b\u0456\u043c\u0435\u0440\u0443. \u041f\u0440\u043e\u0434\u0443\u043a\u0442 \u0441\u043a\u043b\u0430\u0434\u0430\u0454\u0442\u044c\u0441\u044f \u0437 \u0430\u0440\u043c\u043e\u0432\u0430\u043d\u043e\u0457 EPDM \u043c\u0435\u043c\u0431\u0440\u0430\u043d\u0438 \u0442\u043e\u0432\u0449\u0438\u043d\u043e\u044e 1,0 \u043c\u043c, \u043f\u043e\u043a\u0440\u0438\u0442\u043e\u0457 \u043b\u0438\u043f\u043a\u0438\u043c \u0431\u0443\u0442\u0438\u043b\u043e\u043c 0,6 \u043c\u043c, \u0449\u043e \u043f\u043e\u043a\u0440\u0438\u0442\u0438\u0439 \u0437\u0430\u0445\u0438\u0441\u043d\u043e\u044e \u043f\u043b\u0456\u0432\u043a\u043e\u044e. EPDM \u0456 \u043b\u0438\u043f\u043a\u0438\u0439 \u0431\u0443\u0442\u0438\u043b \u0440\u0430\u0437\u043e\u043c \u0434\u0430\u044e\u0442\u044c \u043d\u0430\u043c \u043f\u0440\u043e\u0434\u0443\u043a\u0442 \u0437 \u0432\u0438\u0441\u043e\u043a\u0438\u043c \u043a\u043e\u0435\u0444\u0456\u0446\u0456\u0454\u043d\u0442\u043e\u043c \u043f\u0440\u043e\u043f\u0443\u0441\u043a\u0430\u043d\u043d\u044f \u0432\u043e\u0434\u044f\u043d\u043e\u0457 \u043f\u0430\u0440\u0438. \u0411\u0443\u0442\u0438\u043b\u043e\u0432\u0438\u0439 \u0448\u0430\u0440 Vi-Pro EPDM \u0434\u043e\u0441\u0442\u0443\u043f\u043d\u0438\u0439 \u0443 \u0447\u043e\u0440\u043d\u043e\u043c\u0443 \u043a\u043e\u043b\u044c\u043e\u0440\u0456\u00bb.\" \/>\n<meta property=\"og:url\" content=\"https:\/\/proventuss.eu\/uk\/produkt\/vi-pro-epdm-membrane-butyl-layer\/\" \/>\n<meta property=\"og:site_name\" content=\"Proventuss\" \/>\n<meta property=\"article:modified_time\" content=\"2023-06-23T09:36:14+00:00\" \/>\n<meta property=\"og:image\" content=\"https:\/\/proventuss.eu\/wp-content\/uploads\/2022\/04\/EPDM-Butyl-Layer.jpg\" \/>\n\t<meta property=\"og:image:width\" content=\"832\" \/>\n\t<meta property=\"og:image:height\" content=\"640\" \/>\n\t<meta property=\"og:image:type\" content=\"image\/jpeg\" \/>\n<meta name=\"twitter:card\" content=\"summary_large_image\" \/>\n<meta name=\"twitter:label1\" content=\"\u041f\u0440\u0438\u0431\u043b. \u0447\u0430\u0441 \u0447\u0438\u0442\u0430\u043d\u043d\u044f\" \/>\n\t<meta name=\"twitter:data1\" content=\"1 \u0445\u0432\u0438\u043b\u0438\u043d\u0430\" \/>\n<script type=\"application\/ld+json\" class=\"yoast-schema-graph\">{\"@context\":\"https:\/\/schema.org\",\"@graph\":[{\"@type\":\"WebPage\",\"@id\":\"https:\/\/proventuss.eu\/uk\/produkt\/vi-pro-epdm-membrane-butyl-layer\/\",\"url\":\"https:\/\/proventuss.eu\/uk\/produkt\/vi-pro-epdm-membrane-butyl-layer\/\",\"name\":\"Vi-Pro\u00ae EPDM MEMBRANE BUTYL LAYER - Proventuss\",\"isPartOf\":{\"@id\":\"https:\/\/proventuss.eu\/#website\"},\"primaryImageOfPage\":{\"@id\":\"https:\/\/proventuss.eu\/uk\/produkt\/vi-pro-epdm-membrane-butyl-layer\/#primaryimage\"},\"image\":{\"@id\":\"https:\/\/proventuss.eu\/uk\/produkt\/vi-pro-epdm-membrane-butyl-layer\/#primaryimage\"},\"thumbnailUrl\":\"https:\/\/proventuss.eu\/wp-content\/uploads\/2022\/04\/EPDM-Butyl-Layer.jpg\",\"datePublished\":\"2022-04-26T09:07:48+00:00\",\"dateModified\":\"2023-06-23T09:36:14+00:00\",\"breadcrumb\":{\"@id\":\"https:\/\/proventuss.eu\/uk\/produkt\/vi-pro-epdm-membrane-butyl-layer\/#breadcrumb\"},\"inLanguage\":\"uk\",\"potentialAction\":[{\"@type\":\"ReadAction\",\"target\":[\"https:\/\/proventuss.eu\/uk\/produkt\/vi-pro-epdm-membrane-butyl-layer\/\"]}]},{\"@type\":\"ImageObject\",\"inLanguage\":\"uk\",\"@id\":\"https:\/\/proventuss.eu\/uk\/produkt\/vi-pro-epdm-membrane-butyl-layer\/#primaryimage\",\"url\":\"https:\/\/proventuss.eu\/wp-content\/uploads\/2022\/04\/EPDM-Butyl-Layer.jpg\",\"contentUrl\":\"https:\/\/proventuss.eu\/wp-content\/uploads\/2022\/04\/EPDM-Butyl-Layer.jpg\",\"width\":832,\"height\":640,\"caption\":\"Na zdj\u0119ciu samoprzylepny, fasadowy pas uszczelniaj\u0105cy z EPDM o grubo\u015bci 1,6 mm o niskim wsp\u00f3\u0142czynniku oporu na dyfuzje pary wodnej. Kolor czarny. Rolka.\"},{\"@type\":\"BreadcrumbList\",\"@id\":\"https:\/\/proventuss.eu\/uk\/produkt\/vi-pro-epdm-membrane-butyl-layer\/#breadcrumb\",\"itemListElement\":[{\"@type\":\"ListItem\",\"position\":1,\"name\":\"Home\",\"item\":\"https:\/\/proventuss.eu\/uk\/\"},{\"@type\":\"ListItem\",\"position\":2,\"name\":\"\u041f\u0440\u043e\u0434\u0443\u043a\u0442\u0438\",\"item\":\"https:\/\/proventuss.eu\/%d0%bf%d1%80%d0%be%d0%b4%d1%83%d0%ba%d1%82%d0%b8\/\"},{\"@type\":\"ListItem\",\"position\":3,\"name\":\"Vi-Pro\u00ae EPDM MEMBRANE BUTYL LAYER\"}]},{\"@type\":\"WebSite\",\"@id\":\"https:\/\/proventuss.eu\/#website\",\"url\":\"https:\/\/proventuss.eu\/\",\"name\":\"Proventuss\",\"description\":\"\",\"potentialAction\":[{\"@type\":\"SearchAction\",\"target\":{\"@type\":\"EntryPoint\",\"urlTemplate\":\"https:\/\/proventuss.eu\/?s={search_term_string}\"},\"query-input\":\"required name=search_term_string\"}],\"inLanguage\":\"uk\"}]}<\/script>\n<!-- \/ Yoast SEO plugin. -->","yoast_head_json":{"title":"Vi-Pro\u00ae EPDM MEMBRANE BUTYL LAYER - Proventuss","robots":{"index":"index","follow":"follow","max-snippet":"max-snippet:-1","max-image-preview":"max-image-preview:large","max-video-preview":"max-video-preview:-1"},"canonical":"https:\/\/proventuss.eu\/uk\/produkt\/vi-pro-epdm-membrane-butyl-layer\/","og_locale":"uk_UA","og_type":"article","og_title":"Vi-Pro\u00ae EPDM MEMBRANE BUTYL LAYER - Proventuss","og_description":"\u0421\u0410\u041c\u041e\u041a\u041b\u0415\u0419\u041a\u0410 \u0417\u041e\u0412\u041d\u0406\u0428\u041d\u042f \u0413\u0406\u0414\u0420\u041e\u0417\u0410\u0425\u0418\u0421\u041d\u0410 EPDM \u0421\u0422\u0420\u0406\u0427\u041a\u0410 \u043d\u0430 \u043e\u0441\u043d\u043e\u0432\u0456 \u0433\u0443\u043c\u043e\u0432\u043e\u0433\u043e \u043f\u043e\u043b\u0456\u043c\u0435\u0440\u0443. \u041f\u0440\u043e\u0434\u0443\u043a\u0442 \u0441\u043a\u043b\u0430\u0434\u0430\u0454\u0442\u044c\u0441\u044f \u0437 \u0430\u0440\u043c\u043e\u0432\u0430\u043d\u043e\u0457 EPDM \u043c\u0435\u043c\u0431\u0440\u0430\u043d\u0438 \u0442\u043e\u0432\u0449\u0438\u043d\u043e\u044e 1,0 \u043c\u043c, \u043f\u043e\u043a\u0440\u0438\u0442\u043e\u0457 \u043b\u0438\u043f\u043a\u0438\u043c \u0431\u0443\u0442\u0438\u043b\u043e\u043c 0,6 \u043c\u043c, \u0449\u043e \u043f\u043e\u043a\u0440\u0438\u0442\u0438\u0439 \u0437\u0430\u0445\u0438\u0441\u043d\u043e\u044e \u043f\u043b\u0456\u0432\u043a\u043e\u044e. EPDM \u0456 \u043b\u0438\u043f\u043a\u0438\u0439 \u0431\u0443\u0442\u0438\u043b \u0440\u0430\u0437\u043e\u043c \u0434\u0430\u044e\u0442\u044c \u043d\u0430\u043c \u043f\u0440\u043e\u0434\u0443\u043a\u0442 \u0437 \u0432\u0438\u0441\u043e\u043a\u0438\u043c \u043a\u043e\u0435\u0444\u0456\u0446\u0456\u0454\u043d\u0442\u043e\u043c \u043f\u0440\u043e\u043f\u0443\u0441\u043a\u0430\u043d\u043d\u044f \u0432\u043e\u0434\u044f\u043d\u043e\u0457 \u043f\u0430\u0440\u0438. \u0411\u0443\u0442\u0438\u043b\u043e\u0432\u0438\u0439 \u0448\u0430\u0440 Vi-Pro EPDM \u0434\u043e\u0441\u0442\u0443\u043f\u043d\u0438\u0439 \u0443 \u0447\u043e\u0440\u043d\u043e\u043c\u0443 \u043a\u043e\u043b\u044c\u043e\u0440\u0456\u00bb.","og_url":"https:\/\/proventuss.eu\/uk\/produkt\/vi-pro-epdm-membrane-butyl-layer\/","og_site_name":"Proventuss","article_modified_time":"2023-06-23T09:36:14+00:00","og_image":[{"width":832,"height":640,"url":"https:\/\/proventuss.eu\/wp-content\/uploads\/2022\/04\/EPDM-Butyl-Layer.jpg","type":"image\/jpeg"}],"twitter_card":"summary_large_image","twitter_misc":{"\u041f\u0440\u0438\u0431\u043b. \u0447\u0430\u0441 \u0447\u0438\u0442\u0430\u043d\u043d\u044f":"1 \u0445\u0432\u0438\u043b\u0438\u043d\u0430"},"schema":{"@context":"https:\/\/schema.org","@graph":[{"@type":"WebPage","@id":"https:\/\/proventuss.eu\/uk\/produkt\/vi-pro-epdm-membrane-butyl-layer\/","url":"https:\/\/proventuss.eu\/uk\/produkt\/vi-pro-epdm-membrane-butyl-layer\/","name":"Vi-Pro\u00ae EPDM MEMBRANE BUTYL LAYER - Proventuss","isPartOf":{"@id":"https:\/\/proventuss.eu\/#website"},"primaryImageOfPage":{"@id":"https:\/\/proventuss.eu\/uk\/produkt\/vi-pro-epdm-membrane-butyl-layer\/#primaryimage"},"image":{"@id":"https:\/\/proventuss.eu\/uk\/produkt\/vi-pro-epdm-membrane-butyl-layer\/#primaryimage"},"thumbnailUrl":"https:\/\/proventuss.eu\/wp-content\/uploads\/2022\/04\/EPDM-Butyl-Layer.jpg","datePublished":"2022-04-26T09:07:48+00:00","dateModified":"2023-06-23T09:36:14+00:00","breadcrumb":{"@id":"https:\/\/proventuss.eu\/uk\/produkt\/vi-pro-epdm-membrane-butyl-layer\/#breadcrumb"},"inLanguage":"uk","potentialAction":[{"@type":"ReadAction","target":["https:\/\/proventuss.eu\/uk\/produkt\/vi-pro-epdm-membrane-butyl-layer\/"]}]},{"@type":"ImageObject","inLanguage":"uk","@id":"https:\/\/proventuss.eu\/uk\/produkt\/vi-pro-epdm-membrane-butyl-layer\/#primaryimage","url":"https:\/\/proventuss.eu\/wp-content\/uploads\/2022\/04\/EPDM-Butyl-Layer.jpg","contentUrl":"https:\/\/proventuss.eu\/wp-content\/uploads\/2022\/04\/EPDM-Butyl-Layer.jpg","width":832,"height":640,"caption":"Na zdj\u0119ciu samoprzylepny, fasadowy pas uszczelniaj\u0105cy z EPDM o grubo\u015bci 1,6 mm o niskim wsp\u00f3\u0142czynniku oporu na dyfuzje pary wodnej. Kolor czarny. Rolka."},{"@type":"BreadcrumbList","@id":"https:\/\/proventuss.eu\/uk\/produkt\/vi-pro-epdm-membrane-butyl-layer\/#breadcrumb","itemListElement":[{"@type":"ListItem","position":1,"name":"Home","item":"https:\/\/proventuss.eu\/uk\/"},{"@type":"ListItem","position":2,"name":"\u041f\u0440\u043e\u0434\u0443\u043a\u0442\u0438","item":"https:\/\/proventuss.eu\/%d0%bf%d1%80%d0%be%d0%b4%d1%83%d0%ba%d1%82%d0%b8\/"},{"@type":"ListItem","position":3,"name":"Vi-Pro\u00ae EPDM MEMBRANE BUTYL LAYER"}]},{"@type":"WebSite","@id":"https:\/\/proventuss.eu\/#website","url":"https:\/\/proventuss.eu\/","name":"Proventuss","description":"","potentialAction":[{"@type":"SearchAction","target":{"@type":"EntryPoint","urlTemplate":"https:\/\/proventuss.eu\/?s={search_term_string}"},"query-input":"required name=search_term_string"}],"inLanguage":"uk"}]}},"_links":{"self":[{"href":"https:\/\/proventuss.eu\/uk\/wp-json\/wp\/v2\/product\/6356"}],"collection":[{"href":"https:\/\/proventuss.eu\/uk\/wp-json\/wp\/v2\/product"}],"about":[{"href":"https:\/\/proventuss.eu\/uk\/wp-json\/wp\/v2\/types\/product"}],"replies":[{"embeddable":true,"href":"https:\/\/proventuss.eu\/uk\/wp-json\/wp\/v2\/comments?post=6356"}],"wp:featuredmedia":[{"embeddable":true,"href":"https:\/\/proventuss.eu\/uk\/wp-json\/wp\/v2\/media\/4646"}],"wp:attachment":[{"href":"https:\/\/proventuss.eu\/uk\/wp-json\/wp\/v2\/media?parent=6356"}],"wp:term":[{"taxonomy":"product_cat","embeddable":true,"href":"https:\/\/proventuss.eu\/uk\/wp-json\/wp\/v2\/product_cat?post=6356"},{"taxonomy":"product_tag","embeddable":true,"href":"https:\/\/proventuss.eu\/uk\/wp-json\/wp\/v2\/product_tag?post=6356"}],"curies":[{"name":"wp","href":"https:\/\/api.w.org\/{rel}","templated":true}]}}