{"id":6352,"date":"2022-04-26T09:06:32","date_gmt":"2022-04-26T09:06:32","guid":{"rendered":"https:\/\/proventuss.eu\/produkt\/vi-pro-epdm-membrane-butyl-strips\/"},"modified":"2022-04-26T09:06:32","modified_gmt":"2022-04-26T09:06:32","slug":"vi-pro-epdm-membrane-butyl-strips","status":"publish","type":"product","link":"https:\/\/proventuss.eu\/uk\/\u043f\u0440\u043e\u0434\u0443\u043a\u0442\/vi-pro-epdm-membrane-butyl-strips\/","title":{"rendered":"Vi-Pro\u00ae EPDM MEMBRANE BUTYL STRIPS"},"content":{"rendered":"<p>\u0413\u0406\u0414\u0420\u041e\u0417\u0410\u0425\u0418\u0421\u041d\u0410 (\u0417\u043e\u0432\u043d\u0456\u0448\u043d\u044f) EPDM \u0441\u0442\u0440\u0456\u0447\u043a\u0430 \u043d\u0430 \u043e\u0441\u043d\u043e\u0432\u0456 \u0433\u0443\u043c\u043e\u0432\u043e\u0433\u043e \u043f\u043e\u043b\u0456\u043c\u0435\u0440\u0443 \u0437 \u043d\u0438\u0437\u044c\u043a\u0438\u043c \u043a\u043e\u0435\u0444\u0456\u0446\u0456\u0454\u043d\u0442\u043e\u043c \u043f\u0440\u043e\u043f\u0443\u0441\u043a\u0430\u043d\u043d\u044f \u0432\u043e\u0434\u044f\u043d\u043e\u0457 \u043f\u0430\u0440\u0438 \u0437 \u043b\u0438\u043f\u043a\u043e\u044e \u0431\u0443\u0442\u0438\u043b\u043e\u0432\u043e\u044e \u0441\u043c\u0443\u0436\u043a\u043e\u044e. \u041f\u0440\u043e\u0434\u0443\u043a\u0442 \u043f\u043e\u0441\u0442\u0430\u0432\u043b\u044f\u0454\u0442\u044c\u0441\u044f \u0432 \u0447\u043e\u0440\u043d\u043e\u043c\u0443 \u043a\u043e\u043b\u044c\u043e\u0440\u0456 \u0456 \u043c\u0430\u0454 \u0442\u0435\u043a\u0441\u0442\u0443\u0440\u043e\u0432\u0430\u043d\u0443  \u043f\u043e\u0432\u0435\u0440\u0445\u043d\u044e \u0437 \u043e\u0431\u043e\u0445 \u0441\u0442\u043e\u0440\u0456\u043d \u0434\u043b\u044f \u043c\u0430\u043a\u0441\u0438\u043c\u0430\u043b\u044c\u043d\u043e\u0457 \u0430\u0434\u0433\u0435\u0437\u0456\u0457.<\/p>\n","protected":false},"excerpt":{"rendered":"<p>\u0413\u0406\u0414\u0420\u041e\u0417\u0410\u0425\u0418\u0421\u041d\u0410 (\u0417\u043e\u0432\u043d\u0456\u0448\u043d\u044f) EPDM \u0441\u0442\u0440\u0456\u0447\u043a\u0430 \u043d\u0430 \u043e\u0441\u043d\u043e\u0432\u0456 \u0433\u0443\u043c\u043e\u0432\u043e\u0433\u043e \u043f\u043e\u043b\u0456\u043c\u0435\u0440\u0443 \u0437 \u043d\u0438\u0437\u044c\u043a\u0438\u043c \u043a\u043e\u0435\u0444\u0456\u0446\u0456\u0454\u043d\u0442\u043e\u043c \u043f\u0440\u043e\u043f\u0443\u0441\u043a\u0430\u043d\u043d\u044f \u0432\u043e\u0434\u044f\u043d\u043e\u0457 \u043f\u0430\u0440\u0438 \u0437 \u043b\u0438\u043f\u043a\u043e\u044e \u0431\u0443\u0442\u0438\u043b\u043e\u0432\u043e\u044e \u0441\u043c\u0443\u0436\u043a\u043e\u044e. \u041f\u0440\u043e\u0434\u0443\u043a\u0442 \u043f\u043e\u0441\u0442\u0430\u0432\u043b\u044f\u0454\u0442\u044c\u0441\u044f \u0432 \u0447\u043e\u0440\u043d\u043e\u043c\u0443 \u043a\u043e\u043b\u044c\u043e\u0440\u0456 \u0456 \u043c\u0430\u0454 \u0442\u0435\u043a\u0441\u0442\u0443\u0440\u043e\u0432\u0430\u043d\u0443 \u043f\u043e\u0432\u0435\u0440\u0445\u043d\u044e \u0437 \u043e\u0431\u043e\u0445 \u0441\u0442\u043e\u0440\u0456\u043d \u0434\u043b\u044f \u043c\u0430\u043a\u0441\u0438\u043c\u0430\u043b\u044c\u043d\u043e\u0457 \u0430\u0434\u0433\u0435\u0437\u0456\u0457.<\/p>\n","protected":false},"featured_media":4643,"comment_status":"open","ping_status":"closed","template":"","meta":{"_acf_changed":false},"product_cat":[292],"product_tag":[],"acf":[],"yoast_head":"<!-- This site is optimized with the Yoast SEO plugin v22.9 - https:\/\/yoast.com\/wordpress\/plugins\/seo\/ -->\n<title>Vi-Pro\u00ae EPDM MEMBRANE BUTYL STRIPS - Proventuss<\/title>\n<meta name=\"robots\" content=\"index, follow, max-snippet:-1, max-image-preview:large, max-video-preview:-1\" \/>\n<link rel=\"canonical\" href=\"https:\/\/proventuss.eu\/uk\/produkt\/vi-pro-epdm-membrane-butyl-strips\/\" \/>\n<meta property=\"og:locale\" content=\"uk_UA\" \/>\n<meta property=\"og:type\" content=\"article\" \/>\n<meta property=\"og:title\" content=\"Vi-Pro\u00ae EPDM MEMBRANE BUTYL STRIPS - Proventuss\" \/>\n<meta property=\"og:description\" content=\"\u0413\u0406\u0414\u0420\u041e\u0417\u0410\u0425\u0418\u0421\u041d\u0410 (\u0417\u043e\u0432\u043d\u0456\u0448\u043d\u044f) EPDM \u0441\u0442\u0440\u0456\u0447\u043a\u0430 \u043d\u0430 \u043e\u0441\u043d\u043e\u0432\u0456 \u0433\u0443\u043c\u043e\u0432\u043e\u0433\u043e \u043f\u043e\u043b\u0456\u043c\u0435\u0440\u0443 \u0437 \u043d\u0438\u0437\u044c\u043a\u0438\u043c \u043a\u043e\u0435\u0444\u0456\u0446\u0456\u0454\u043d\u0442\u043e\u043c \u043f\u0440\u043e\u043f\u0443\u0441\u043a\u0430\u043d\u043d\u044f \u0432\u043e\u0434\u044f\u043d\u043e\u0457 \u043f\u0430\u0440\u0438 \u0437 \u043b\u0438\u043f\u043a\u043e\u044e \u0431\u0443\u0442\u0438\u043b\u043e\u0432\u043e\u044e \u0441\u043c\u0443\u0436\u043a\u043e\u044e. \u041f\u0440\u043e\u0434\u0443\u043a\u0442 \u043f\u043e\u0441\u0442\u0430\u0432\u043b\u044f\u0454\u0442\u044c\u0441\u044f \u0432 \u0447\u043e\u0440\u043d\u043e\u043c\u0443 \u043a\u043e\u043b\u044c\u043e\u0440\u0456 \u0456 \u043c\u0430\u0454 \u0442\u0435\u043a\u0441\u0442\u0443\u0440\u043e\u0432\u0430\u043d\u0443 \u043f\u043e\u0432\u0435\u0440\u0445\u043d\u044e \u0437 \u043e\u0431\u043e\u0445 \u0441\u0442\u043e\u0440\u0456\u043d \u0434\u043b\u044f \u043c\u0430\u043a\u0441\u0438\u043c\u0430\u043b\u044c\u043d\u043e\u0457 \u0430\u0434\u0433\u0435\u0437\u0456\u0457.\" \/>\n<meta property=\"og:url\" content=\"https:\/\/proventuss.eu\/uk\/produkt\/vi-pro-epdm-membrane-butyl-strips\/\" \/>\n<meta property=\"og:site_name\" content=\"Proventuss\" \/>\n<meta property=\"og:image\" content=\"https:\/\/proventuss.eu\/wp-content\/uploads\/2022\/04\/Vi-Pro-EPDM-Membrane.png\" \/>\n\t<meta property=\"og:image:width\" content=\"640\" \/>\n\t<meta property=\"og:image:height\" content=\"640\" \/>\n\t<meta property=\"og:image:type\" content=\"image\/png\" \/>\n<meta name=\"twitter:card\" content=\"summary_large_image\" \/>\n<script type=\"application\/ld+json\" class=\"yoast-schema-graph\">{\"@context\":\"https:\/\/schema.org\",\"@graph\":[{\"@type\":\"WebPage\",\"@id\":\"https:\/\/proventuss.eu\/uk\/produkt\/vi-pro-epdm-membrane-butyl-strips\/\",\"url\":\"https:\/\/proventuss.eu\/uk\/produkt\/vi-pro-epdm-membrane-butyl-strips\/\",\"name\":\"Vi-Pro\u00ae EPDM MEMBRANE BUTYL STRIPS - Proventuss\",\"isPartOf\":{\"@id\":\"https:\/\/proventuss.eu\/#website\"},\"primaryImageOfPage\":{\"@id\":\"https:\/\/proventuss.eu\/uk\/produkt\/vi-pro-epdm-membrane-butyl-strips\/#primaryimage\"},\"image\":{\"@id\":\"https:\/\/proventuss.eu\/uk\/produkt\/vi-pro-epdm-membrane-butyl-strips\/#primaryimage\"},\"thumbnailUrl\":\"https:\/\/proventuss.eu\/wp-content\/uploads\/2022\/04\/Vi-Pro-EPDM-Membrane.png\",\"datePublished\":\"2022-04-26T09:06:32+00:00\",\"dateModified\":\"2022-04-26T09:06:32+00:00\",\"breadcrumb\":{\"@id\":\"https:\/\/proventuss.eu\/uk\/produkt\/vi-pro-epdm-membrane-butyl-strips\/#breadcrumb\"},\"inLanguage\":\"uk\",\"potentialAction\":[{\"@type\":\"ReadAction\",\"target\":[\"https:\/\/proventuss.eu\/uk\/produkt\/vi-pro-epdm-membrane-butyl-strips\/\"]}]},{\"@type\":\"ImageObject\",\"inLanguage\":\"uk\",\"@id\":\"https:\/\/proventuss.eu\/uk\/produkt\/vi-pro-epdm-membrane-butyl-strips\/#primaryimage\",\"url\":\"https:\/\/proventuss.eu\/wp-content\/uploads\/2022\/04\/Vi-Pro-EPDM-Membrane.png\",\"contentUrl\":\"https:\/\/proventuss.eu\/wp-content\/uploads\/2022\/04\/Vi-Pro-EPDM-Membrane.png\",\"width\":640,\"height\":640,\"caption\":\"Na zdj\u0119ciu membrana EPDM z paskiem butylu wykonana na bazie kauczuku syntetycznego o niskim wsp\u00f3\u0142czynniku oporu na dyfuzje pary wodnej. Kolor rolki czarny.\"},{\"@type\":\"BreadcrumbList\",\"@id\":\"https:\/\/proventuss.eu\/uk\/produkt\/vi-pro-epdm-membrane-butyl-strips\/#breadcrumb\",\"itemListElement\":[{\"@type\":\"ListItem\",\"position\":1,\"name\":\"Home\",\"item\":\"https:\/\/proventuss.eu\/uk\/\"},{\"@type\":\"ListItem\",\"position\":2,\"name\":\"\u041f\u0440\u043e\u0434\u0443\u043a\u0442\u0438\",\"item\":\"https:\/\/proventuss.eu\/%d0%bf%d1%80%d0%be%d0%b4%d1%83%d0%ba%d1%82%d0%b8\/\"},{\"@type\":\"ListItem\",\"position\":3,\"name\":\"Vi-Pro\u00ae EPDM MEMBRANE BUTYL STRIPS\"}]},{\"@type\":\"WebSite\",\"@id\":\"https:\/\/proventuss.eu\/#website\",\"url\":\"https:\/\/proventuss.eu\/\",\"name\":\"Proventuss\",\"description\":\"\",\"potentialAction\":[{\"@type\":\"SearchAction\",\"target\":{\"@type\":\"EntryPoint\",\"urlTemplate\":\"https:\/\/proventuss.eu\/?s={search_term_string}\"},\"query-input\":\"required name=search_term_string\"}],\"inLanguage\":\"uk\"}]}<\/script>\n<!-- \/ Yoast SEO plugin. -->","yoast_head_json":{"title":"Vi-Pro\u00ae EPDM MEMBRANE BUTYL STRIPS - Proventuss","robots":{"index":"index","follow":"follow","max-snippet":"max-snippet:-1","max-image-preview":"max-image-preview:large","max-video-preview":"max-video-preview:-1"},"canonical":"https:\/\/proventuss.eu\/uk\/produkt\/vi-pro-epdm-membrane-butyl-strips\/","og_locale":"uk_UA","og_type":"article","og_title":"Vi-Pro\u00ae EPDM MEMBRANE BUTYL STRIPS - Proventuss","og_description":"\u0413\u0406\u0414\u0420\u041e\u0417\u0410\u0425\u0418\u0421\u041d\u0410 (\u0417\u043e\u0432\u043d\u0456\u0448\u043d\u044f) EPDM \u0441\u0442\u0440\u0456\u0447\u043a\u0430 \u043d\u0430 \u043e\u0441\u043d\u043e\u0432\u0456 \u0433\u0443\u043c\u043e\u0432\u043e\u0433\u043e \u043f\u043e\u043b\u0456\u043c\u0435\u0440\u0443 \u0437 \u043d\u0438\u0437\u044c\u043a\u0438\u043c \u043a\u043e\u0435\u0444\u0456\u0446\u0456\u0454\u043d\u0442\u043e\u043c \u043f\u0440\u043e\u043f\u0443\u0441\u043a\u0430\u043d\u043d\u044f \u0432\u043e\u0434\u044f\u043d\u043e\u0457 \u043f\u0430\u0440\u0438 \u0437 \u043b\u0438\u043f\u043a\u043e\u044e \u0431\u0443\u0442\u0438\u043b\u043e\u0432\u043e\u044e \u0441\u043c\u0443\u0436\u043a\u043e\u044e. \u041f\u0440\u043e\u0434\u0443\u043a\u0442 \u043f\u043e\u0441\u0442\u0430\u0432\u043b\u044f\u0454\u0442\u044c\u0441\u044f \u0432 \u0447\u043e\u0440\u043d\u043e\u043c\u0443 \u043a\u043e\u043b\u044c\u043e\u0440\u0456 \u0456 \u043c\u0430\u0454 \u0442\u0435\u043a\u0441\u0442\u0443\u0440\u043e\u0432\u0430\u043d\u0443 \u043f\u043e\u0432\u0435\u0440\u0445\u043d\u044e \u0437 \u043e\u0431\u043e\u0445 \u0441\u0442\u043e\u0440\u0456\u043d \u0434\u043b\u044f \u043c\u0430\u043a\u0441\u0438\u043c\u0430\u043b\u044c\u043d\u043e\u0457 \u0430\u0434\u0433\u0435\u0437\u0456\u0457.","og_url":"https:\/\/proventuss.eu\/uk\/produkt\/vi-pro-epdm-membrane-butyl-strips\/","og_site_name":"Proventuss","og_image":[{"width":640,"height":640,"url":"https:\/\/proventuss.eu\/wp-content\/uploads\/2022\/04\/Vi-Pro-EPDM-Membrane.png","type":"image\/png"}],"twitter_card":"summary_large_image","schema":{"@context":"https:\/\/schema.org","@graph":[{"@type":"WebPage","@id":"https:\/\/proventuss.eu\/uk\/produkt\/vi-pro-epdm-membrane-butyl-strips\/","url":"https:\/\/proventuss.eu\/uk\/produkt\/vi-pro-epdm-membrane-butyl-strips\/","name":"Vi-Pro\u00ae EPDM MEMBRANE BUTYL STRIPS - Proventuss","isPartOf":{"@id":"https:\/\/proventuss.eu\/#website"},"primaryImageOfPage":{"@id":"https:\/\/proventuss.eu\/uk\/produkt\/vi-pro-epdm-membrane-butyl-strips\/#primaryimage"},"image":{"@id":"https:\/\/proventuss.eu\/uk\/produkt\/vi-pro-epdm-membrane-butyl-strips\/#primaryimage"},"thumbnailUrl":"https:\/\/proventuss.eu\/wp-content\/uploads\/2022\/04\/Vi-Pro-EPDM-Membrane.png","datePublished":"2022-04-26T09:06:32+00:00","dateModified":"2022-04-26T09:06:32+00:00","breadcrumb":{"@id":"https:\/\/proventuss.eu\/uk\/produkt\/vi-pro-epdm-membrane-butyl-strips\/#breadcrumb"},"inLanguage":"uk","potentialAction":[{"@type":"ReadAction","target":["https:\/\/proventuss.eu\/uk\/produkt\/vi-pro-epdm-membrane-butyl-strips\/"]}]},{"@type":"ImageObject","inLanguage":"uk","@id":"https:\/\/proventuss.eu\/uk\/produkt\/vi-pro-epdm-membrane-butyl-strips\/#primaryimage","url":"https:\/\/proventuss.eu\/wp-content\/uploads\/2022\/04\/Vi-Pro-EPDM-Membrane.png","contentUrl":"https:\/\/proventuss.eu\/wp-content\/uploads\/2022\/04\/Vi-Pro-EPDM-Membrane.png","width":640,"height":640,"caption":"Na zdj\u0119ciu membrana EPDM z paskiem butylu wykonana na bazie kauczuku syntetycznego o niskim wsp\u00f3\u0142czynniku oporu na dyfuzje pary wodnej. Kolor rolki czarny."},{"@type":"BreadcrumbList","@id":"https:\/\/proventuss.eu\/uk\/produkt\/vi-pro-epdm-membrane-butyl-strips\/#breadcrumb","itemListElement":[{"@type":"ListItem","position":1,"name":"Home","item":"https:\/\/proventuss.eu\/uk\/"},{"@type":"ListItem","position":2,"name":"\u041f\u0440\u043e\u0434\u0443\u043a\u0442\u0438","item":"https:\/\/proventuss.eu\/%d0%bf%d1%80%d0%be%d0%b4%d1%83%d0%ba%d1%82%d0%b8\/"},{"@type":"ListItem","position":3,"name":"Vi-Pro\u00ae EPDM MEMBRANE BUTYL STRIPS"}]},{"@type":"WebSite","@id":"https:\/\/proventuss.eu\/#website","url":"https:\/\/proventuss.eu\/","name":"Proventuss","description":"","potentialAction":[{"@type":"SearchAction","target":{"@type":"EntryPoint","urlTemplate":"https:\/\/proventuss.eu\/?s={search_term_string}"},"query-input":"required name=search_term_string"}],"inLanguage":"uk"}]}},"_links":{"self":[{"href":"https:\/\/proventuss.eu\/uk\/wp-json\/wp\/v2\/product\/6352"}],"collection":[{"href":"https:\/\/proventuss.eu\/uk\/wp-json\/wp\/v2\/product"}],"about":[{"href":"https:\/\/proventuss.eu\/uk\/wp-json\/wp\/v2\/types\/product"}],"replies":[{"embeddable":true,"href":"https:\/\/proventuss.eu\/uk\/wp-json\/wp\/v2\/comments?post=6352"}],"wp:featuredmedia":[{"embeddable":true,"href":"https:\/\/proventuss.eu\/uk\/wp-json\/wp\/v2\/media\/4643"}],"wp:attachment":[{"href":"https:\/\/proventuss.eu\/uk\/wp-json\/wp\/v2\/media?parent=6352"}],"wp:term":[{"taxonomy":"product_cat","embeddable":true,"href":"https:\/\/proventuss.eu\/uk\/wp-json\/wp\/v2\/product_cat?post=6352"},{"taxonomy":"product_tag","embeddable":true,"href":"https:\/\/proventuss.eu\/uk\/wp-json\/wp\/v2\/product_tag?post=6352"}],"curies":[{"name":"wp","href":"https:\/\/api.w.org\/{rel}","templated":true}]}}