{"id":6350,"date":"2022-04-26T08:51:11","date_gmt":"2022-04-26T08:51:11","guid":{"rendered":"https:\/\/proventuss.eu\/produkt\/vi-pro-wns\/"},"modified":"2022-04-26T08:51:11","modified_gmt":"2022-04-26T08:51:11","slug":"vi-pro-wns","status":"publish","type":"product","link":"https:\/\/proventuss.eu\/uk\/\u043f\u0440\u043e\u0434\u0443\u043a\u0442\/vi-pro-wns\/","title":{"rendered":"Vi-Pro WNS"},"content":{"rendered":"<p>\u041e\u0414\u041d\u041e\u041a\u041e\u041c\u041f\u041e\u041d\u0415\u041d\u0422\u041d\u0418\u0419, \u041d\u0418\u0417\u041a\u041e\u041c\u041e\u0414\u0423\u041b\u042c\u041d\u0418\u0419 \u0413\u0415\u0420\u041c\u0415\u0422\u0418\u041a \u041d\u0415\u0419\u0422\u0420\u0410\u041b\u042c\u041d\u041e\u0407 \u0412\u0423\u041b\u041a\u0410\u041d\u0406\u0417\u0410\u0426\u0406\u0407, \u0441\u043f\u0435\u0446\u0456\u0430\u043b\u044c\u043d\u043e \u0440\u043e\u0437\u0440\u043e\u0431\u043b\u0435\u043d\u0438\u0439 \u0434\u043b\u044f \u0441\u043a\u043b\u0456\u043d\u043d\u044f \u0442\u0430 \u0433\u0435\u0440\u043c\u0435\u0442\u0438\u0437\u0430\u0446\u0456\u0457 \u0432\u0456\u0434 \u043f\u043e\u0433\u043e\u0434\u043d\u0438\u0445 \u0443\u043c\u043e\u0432. \u041e\u0441\u043e\u0431\u043b\u0438\u0432\u043e \u043f\u0456\u0434\u0445\u043e\u0434\u0438\u0442\u044c<br \/>\n\u0434\u043b\u044f \u0441\u043a\u043b\u0456\u043d\u043d\u044f \u0442\u0430 \u0443\u0449\u0456\u043b\u044c\u043d\u0435\u043d\u043d\u044f \u043f\u0435\u0440\u0438\u043c\u0435\u0442\u0440\u0430 \u0432\u0456\u043a\u043e\u043d \u0456 \u0434\u0432\u0435\u0440\u0435\u0439 \u0437 \u0434\u0435\u0440\u0435\u0432\u0430, \u041f\u0412\u0425 \u0430\u0431\u043e \u0430\u043b\u044e\u043c\u0456\u043d\u0456\u044e.<\/p>\n<p>\u041f\u0415\u0420\u0415\u0412\u0410\u0413\u0418:<br \/>\n\u2022 \u0421\u0438\u0441\u0442\u0435\u043c\u0430 \u043d\u0435\u0439\u0442\u0440\u0430\u043b\u044c\u043d\u043e\u0457 \u0432\u0443\u043b\u043a\u0430\u043d\u0456\u0437\u0430\u0446\u0456\u0457<br \/>\n\u2022 \u041d\u0438\u0437\u044c\u043a\u0438\u0439 \u043c\u043e\u0434\u0443\u043b\u044c \u043f\u0440\u0443\u0436\u043d\u043e\u0441\u0442\u0456, \u0432\u0438\u0441\u043e\u043a\u0430 \u0435\u043b\u0430\u0441\u0442\u0438\u0447\u043d\u0456\u0441\u0442\u044c<br \/>\n\u2022 \u0425\u043e\u0440\u043e\u0448\u0430 \u0430\u0434\u0433\u0435\u0437\u0456\u044f \u0431\u0435\u0437 \u0433\u0440\u0443\u043d\u0442\u043e\u0432\u043a\u0438 \u0434\u043e \u0431\u0456\u043b\u044c\u0448\u043e\u0441\u0442\u0456 \u043c\u0430\u0442\u0435\u0440\u0456\u0430\u043b\u0456\u0432<br \/>\n\u2022 \u041d\u0435 \u043a\u043e\u0440\u043e\u0437\u0456\u0439\u043d\u0438\u0439 \u0434\u043b\u044f \u043c\u0435\u0442\u0430\u043b\u0456\u0432<br \/>\n\u2022 \u041f\u0440\u043e\u0441\u0442\u043e\u0442\u0430 \u043d\u0430\u043d\u0435\u0441\u0435\u043d\u043d\u044f \u0442\u0430 \u0432\u0438\u043a\u043e\u0440\u0438\u0441\u0442\u0430\u043d\u043d\u044f<br \/>\n\u2022 \u0421\u043b\u0430\u0431\u043a\u0438\u0439 \u0437\u0430\u043f\u0430\u0445<br \/>\n\u2022 \u0421\u0442\u0456\u0439\u043a\u0456\u0441\u0442\u044c \u0434\u043e \u0423\u0424-\u0432\u0438\u043f\u0440\u043e\u043c\u0456\u043d\u044e\u0432\u0430\u043d\u043d\u044f \u0442\u0430 \u043f\u043e\u0433\u043e\u0434\u043d\u0438\u0445 \u0443\u043c\u043e\u0432<\/p>\n<p>\u0423\u041f\u0410\u041a\u041e\u0412\u041a\u0410:<br \/>\n600 \u043c\u043b \u0430\u043b\u044e\u043c\u0456\u043d\u0456\u0454\u0432\u043e\u0457 \u0444\u043e\u043b\u044c\u0433\u0438, 20 \u0448\u0442.\/\u043a\u0430\u0440\u0442\u043e\u043d\u201d<\/p>\n","protected":false},"excerpt":{"rendered":"<p>\u041e\u0414\u041d\u041e\u041a\u041e\u041c\u041f\u041e\u041d\u0415\u041d\u0422\u041d\u0418\u0419, \u041d\u0418\u0417\u041a\u041e\u041c\u041e\u0414\u0423\u041b\u042c\u041d\u0418\u0419 \u0413\u0415\u0420\u041c\u0415\u0422\u0418\u041a \u041d\u0415\u0419\u0422\u0420\u0410\u041b\u042c\u041d\u041e\u0407 \u0412\u0423\u041b\u041a\u0410\u041d\u0406\u0417\u0410\u0426\u0406\u0407, \u0441\u043f\u0435\u0446\u0456\u0430\u043b\u044c\u043d\u043e \u0440\u043e\u0437\u0440\u043e\u0431\u043b\u0435\u043d\u0438\u0439 \u0434\u043b\u044f \u0441\u043a\u043b\u0456\u043d\u043d\u044f \u0442\u0430 \u0433\u0435\u0440\u043c\u0435\u0442\u0438\u0437\u0430\u0446\u0456\u0457 \u0432\u0456\u0434 \u043f\u043e\u0433\u043e\u0434\u043d\u0438\u0445 \u0443\u043c\u043e\u0432. \u041e\u0441\u043e\u0431\u043b\u0438\u0432\u043e \u043f\u0456\u0434\u0445\u043e\u0434\u0438\u0442\u044c \u0434\u043b\u044f \u0441\u043a\u043b\u0456\u043d\u043d\u044f \u0442\u0430 \u0443\u0449\u0456\u043b\u044c\u043d\u0435\u043d\u043d\u044f \u043f\u0435\u0440\u0438\u043c\u0435\u0442\u0440\u0430 \u0432\u0456\u043a\u043e\u043d \u0456 \u0434\u0432\u0435\u0440\u0435\u0439 \u0437 \u0434\u0435\u0440\u0435\u0432\u0430, \u041f\u0412\u0425 \u0430\u0431\u043e \u0430\u043b\u044e\u043c\u0456\u043d\u0456\u044e. \u041f\u0415\u0420\u0415\u0412\u0410\u0413\u0418: \u2022 \u0421\u0438\u0441\u0442\u0435\u043c\u0430 \u043d\u0435\u0439\u0442\u0440\u0430\u043b\u044c\u043d\u043e\u0457 \u0432\u0443\u043b\u043a\u0430\u043d\u0456\u0437\u0430\u0446\u0456\u0457 \u2022 \u041d\u0438\u0437\u044c\u043a\u0438\u0439 \u043c\u043e\u0434\u0443\u043b\u044c \u043f\u0440\u0443\u0436\u043d\u043e\u0441\u0442\u0456, \u0432\u0438\u0441\u043e\u043a\u0430 \u0435\u043b\u0430\u0441\u0442\u0438\u0447\u043d\u0456\u0441\u0442\u044c \u2022 \u0425\u043e\u0440\u043e\u0448\u0430 \u0430\u0434\u0433\u0435\u0437\u0456\u044f \u0431\u0435\u0437 \u0433\u0440\u0443\u043d\u0442\u043e\u0432\u043a\u0438 \u0434\u043e \u0431\u0456\u043b\u044c\u0448\u043e\u0441\u0442\u0456 \u043c\u0430\u0442\u0435\u0440\u0456\u0430\u043b\u0456\u0432 \u2022 \u041d\u0435 \u043a\u043e\u0440\u043e\u0437\u0456\u0439\u043d\u0438\u0439 \u0434\u043b\u044f \u043c\u0435\u0442\u0430\u043b\u0456\u0432 \u2022 \u041f\u0440\u043e\u0441\u0442\u043e\u0442\u0430 [&hellip;]<\/p>\n","protected":false},"featured_media":4943,"comment_status":"open","ping_status":"closed","template":"","meta":{"_acf_changed":false},"product_cat":[291],"product_tag":[],"acf":[],"yoast_head":"<!-- This site is optimized with the Yoast SEO plugin v22.9 - https:\/\/yoast.com\/wordpress\/plugins\/seo\/ -->\n<title>Vi-Pro WNS - Proventuss<\/title>\n<meta name=\"robots\" content=\"index, follow, max-snippet:-1, max-image-preview:large, max-video-preview:-1\" \/>\n<link rel=\"canonical\" href=\"https:\/\/proventuss.eu\/uk\/produkt\/vi-pro-wns\/\" \/>\n<meta property=\"og:locale\" content=\"uk_UA\" \/>\n<meta property=\"og:type\" content=\"article\" \/>\n<meta property=\"og:title\" content=\"Vi-Pro WNS - Proventuss\" \/>\n<meta property=\"og:description\" content=\"\u041e\u0414\u041d\u041e\u041a\u041e\u041c\u041f\u041e\u041d\u0415\u041d\u0422\u041d\u0418\u0419, \u041d\u0418\u0417\u041a\u041e\u041c\u041e\u0414\u0423\u041b\u042c\u041d\u0418\u0419 \u0413\u0415\u0420\u041c\u0415\u0422\u0418\u041a \u041d\u0415\u0419\u0422\u0420\u0410\u041b\u042c\u041d\u041e\u0407 \u0412\u0423\u041b\u041a\u0410\u041d\u0406\u0417\u0410\u0426\u0406\u0407, \u0441\u043f\u0435\u0446\u0456\u0430\u043b\u044c\u043d\u043e \u0440\u043e\u0437\u0440\u043e\u0431\u043b\u0435\u043d\u0438\u0439 \u0434\u043b\u044f \u0441\u043a\u043b\u0456\u043d\u043d\u044f \u0442\u0430 \u0433\u0435\u0440\u043c\u0435\u0442\u0438\u0437\u0430\u0446\u0456\u0457 \u0432\u0456\u0434 \u043f\u043e\u0433\u043e\u0434\u043d\u0438\u0445 \u0443\u043c\u043e\u0432. \u041e\u0441\u043e\u0431\u043b\u0438\u0432\u043e \u043f\u0456\u0434\u0445\u043e\u0434\u0438\u0442\u044c \u0434\u043b\u044f \u0441\u043a\u043b\u0456\u043d\u043d\u044f \u0442\u0430 \u0443\u0449\u0456\u043b\u044c\u043d\u0435\u043d\u043d\u044f \u043f\u0435\u0440\u0438\u043c\u0435\u0442\u0440\u0430 \u0432\u0456\u043a\u043e\u043d \u0456 \u0434\u0432\u0435\u0440\u0435\u0439 \u0437 \u0434\u0435\u0440\u0435\u0432\u0430, \u041f\u0412\u0425 \u0430\u0431\u043e \u0430\u043b\u044e\u043c\u0456\u043d\u0456\u044e. \u041f\u0415\u0420\u0415\u0412\u0410\u0413\u0418: \u2022 \u0421\u0438\u0441\u0442\u0435\u043c\u0430 \u043d\u0435\u0439\u0442\u0440\u0430\u043b\u044c\u043d\u043e\u0457 \u0432\u0443\u043b\u043a\u0430\u043d\u0456\u0437\u0430\u0446\u0456\u0457 \u2022 \u041d\u0438\u0437\u044c\u043a\u0438\u0439 \u043c\u043e\u0434\u0443\u043b\u044c \u043f\u0440\u0443\u0436\u043d\u043e\u0441\u0442\u0456, \u0432\u0438\u0441\u043e\u043a\u0430 \u0435\u043b\u0430\u0441\u0442\u0438\u0447\u043d\u0456\u0441\u0442\u044c \u2022 \u0425\u043e\u0440\u043e\u0448\u0430 \u0430\u0434\u0433\u0435\u0437\u0456\u044f \u0431\u0435\u0437 \u0433\u0440\u0443\u043d\u0442\u043e\u0432\u043a\u0438 \u0434\u043e \u0431\u0456\u043b\u044c\u0448\u043e\u0441\u0442\u0456 \u043c\u0430\u0442\u0435\u0440\u0456\u0430\u043b\u0456\u0432 \u2022 \u041d\u0435 \u043a\u043e\u0440\u043e\u0437\u0456\u0439\u043d\u0438\u0439 \u0434\u043b\u044f \u043c\u0435\u0442\u0430\u043b\u0456\u0432 \u2022 \u041f\u0440\u043e\u0441\u0442\u043e\u0442\u0430 [&hellip;]\" \/>\n<meta property=\"og:url\" content=\"https:\/\/proventuss.eu\/uk\/produkt\/vi-pro-wns\/\" \/>\n<meta property=\"og:site_name\" content=\"Proventuss\" \/>\n<meta property=\"og:image\" content=\"https:\/\/proventuss.eu\/wp-content\/uploads\/2022\/04\/Vi-Pro-WNS.png\" \/>\n\t<meta property=\"og:image:width\" content=\"153\" \/>\n\t<meta property=\"og:image:height\" content=\"921\" \/>\n\t<meta property=\"og:image:type\" content=\"image\/png\" \/>\n<meta name=\"twitter:card\" content=\"summary_large_image\" \/>\n<script type=\"application\/ld+json\" class=\"yoast-schema-graph\">{\"@context\":\"https:\/\/schema.org\",\"@graph\":[{\"@type\":\"WebPage\",\"@id\":\"https:\/\/proventuss.eu\/uk\/produkt\/vi-pro-wns\/\",\"url\":\"https:\/\/proventuss.eu\/uk\/produkt\/vi-pro-wns\/\",\"name\":\"Vi-Pro WNS - Proventuss\",\"isPartOf\":{\"@id\":\"https:\/\/proventuss.eu\/#website\"},\"primaryImageOfPage\":{\"@id\":\"https:\/\/proventuss.eu\/uk\/produkt\/vi-pro-wns\/#primaryimage\"},\"image\":{\"@id\":\"https:\/\/proventuss.eu\/uk\/produkt\/vi-pro-wns\/#primaryimage\"},\"thumbnailUrl\":\"https:\/\/proventuss.eu\/wp-content\/uploads\/2022\/04\/Vi-Pro-WNS.png\",\"datePublished\":\"2022-04-26T08:51:11+00:00\",\"dateModified\":\"2022-04-26T08:51:11+00:00\",\"breadcrumb\":{\"@id\":\"https:\/\/proventuss.eu\/uk\/produkt\/vi-pro-wns\/#breadcrumb\"},\"inLanguage\":\"uk\",\"potentialAction\":[{\"@type\":\"ReadAction\",\"target\":[\"https:\/\/proventuss.eu\/uk\/produkt\/vi-pro-wns\/\"]}]},{\"@type\":\"ImageObject\",\"inLanguage\":\"uk\",\"@id\":\"https:\/\/proventuss.eu\/uk\/produkt\/vi-pro-wns\/#primaryimage\",\"url\":\"https:\/\/proventuss.eu\/wp-content\/uploads\/2022\/04\/Vi-Pro-WNS.png\",\"contentUrl\":\"https:\/\/proventuss.eu\/wp-content\/uploads\/2022\/04\/Vi-Pro-WNS.png\",\"width\":153,\"height\":921,\"caption\":\"Na zdj\u0119ciu jednosk\u0142adnikowe szczeliwo do szklenia oraz uszczelniania obwod\u00f3w futryn okiennych i drzwiowych wykonanych z drewna, PVC lub aluminium.\"},{\"@type\":\"BreadcrumbList\",\"@id\":\"https:\/\/proventuss.eu\/uk\/produkt\/vi-pro-wns\/#breadcrumb\",\"itemListElement\":[{\"@type\":\"ListItem\",\"position\":1,\"name\":\"Home\",\"item\":\"https:\/\/proventuss.eu\/uk\/\"},{\"@type\":\"ListItem\",\"position\":2,\"name\":\"\u041f\u0440\u043e\u0434\u0443\u043a\u0442\u0438\",\"item\":\"https:\/\/proventuss.eu\/%d0%bf%d1%80%d0%be%d0%b4%d1%83%d0%ba%d1%82%d0%b8\/\"},{\"@type\":\"ListItem\",\"position\":3,\"name\":\"Vi-Pro WNS\"}]},{\"@type\":\"WebSite\",\"@id\":\"https:\/\/proventuss.eu\/#website\",\"url\":\"https:\/\/proventuss.eu\/\",\"name\":\"Proventuss\",\"description\":\"\",\"potentialAction\":[{\"@type\":\"SearchAction\",\"target\":{\"@type\":\"EntryPoint\",\"urlTemplate\":\"https:\/\/proventuss.eu\/?s={search_term_string}\"},\"query-input\":\"required name=search_term_string\"}],\"inLanguage\":\"uk\"}]}<\/script>\n<!-- \/ Yoast SEO plugin. -->","yoast_head_json":{"title":"Vi-Pro WNS - Proventuss","robots":{"index":"index","follow":"follow","max-snippet":"max-snippet:-1","max-image-preview":"max-image-preview:large","max-video-preview":"max-video-preview:-1"},"canonical":"https:\/\/proventuss.eu\/uk\/produkt\/vi-pro-wns\/","og_locale":"uk_UA","og_type":"article","og_title":"Vi-Pro WNS - Proventuss","og_description":"\u041e\u0414\u041d\u041e\u041a\u041e\u041c\u041f\u041e\u041d\u0415\u041d\u0422\u041d\u0418\u0419, \u041d\u0418\u0417\u041a\u041e\u041c\u041e\u0414\u0423\u041b\u042c\u041d\u0418\u0419 \u0413\u0415\u0420\u041c\u0415\u0422\u0418\u041a \u041d\u0415\u0419\u0422\u0420\u0410\u041b\u042c\u041d\u041e\u0407 \u0412\u0423\u041b\u041a\u0410\u041d\u0406\u0417\u0410\u0426\u0406\u0407, \u0441\u043f\u0435\u0446\u0456\u0430\u043b\u044c\u043d\u043e \u0440\u043e\u0437\u0440\u043e\u0431\u043b\u0435\u043d\u0438\u0439 \u0434\u043b\u044f \u0441\u043a\u043b\u0456\u043d\u043d\u044f \u0442\u0430 \u0433\u0435\u0440\u043c\u0435\u0442\u0438\u0437\u0430\u0446\u0456\u0457 \u0432\u0456\u0434 \u043f\u043e\u0433\u043e\u0434\u043d\u0438\u0445 \u0443\u043c\u043e\u0432. \u041e\u0441\u043e\u0431\u043b\u0438\u0432\u043e \u043f\u0456\u0434\u0445\u043e\u0434\u0438\u0442\u044c \u0434\u043b\u044f \u0441\u043a\u043b\u0456\u043d\u043d\u044f \u0442\u0430 \u0443\u0449\u0456\u043b\u044c\u043d\u0435\u043d\u043d\u044f \u043f\u0435\u0440\u0438\u043c\u0435\u0442\u0440\u0430 \u0432\u0456\u043a\u043e\u043d \u0456 \u0434\u0432\u0435\u0440\u0435\u0439 \u0437 \u0434\u0435\u0440\u0435\u0432\u0430, \u041f\u0412\u0425 \u0430\u0431\u043e \u0430\u043b\u044e\u043c\u0456\u043d\u0456\u044e. \u041f\u0415\u0420\u0415\u0412\u0410\u0413\u0418: \u2022 \u0421\u0438\u0441\u0442\u0435\u043c\u0430 \u043d\u0435\u0439\u0442\u0440\u0430\u043b\u044c\u043d\u043e\u0457 \u0432\u0443\u043b\u043a\u0430\u043d\u0456\u0437\u0430\u0446\u0456\u0457 \u2022 \u041d\u0438\u0437\u044c\u043a\u0438\u0439 \u043c\u043e\u0434\u0443\u043b\u044c \u043f\u0440\u0443\u0436\u043d\u043e\u0441\u0442\u0456, \u0432\u0438\u0441\u043e\u043a\u0430 \u0435\u043b\u0430\u0441\u0442\u0438\u0447\u043d\u0456\u0441\u0442\u044c \u2022 \u0425\u043e\u0440\u043e\u0448\u0430 \u0430\u0434\u0433\u0435\u0437\u0456\u044f \u0431\u0435\u0437 \u0433\u0440\u0443\u043d\u0442\u043e\u0432\u043a\u0438 \u0434\u043e \u0431\u0456\u043b\u044c\u0448\u043e\u0441\u0442\u0456 \u043c\u0430\u0442\u0435\u0440\u0456\u0430\u043b\u0456\u0432 \u2022 \u041d\u0435 \u043a\u043e\u0440\u043e\u0437\u0456\u0439\u043d\u0438\u0439 \u0434\u043b\u044f \u043c\u0435\u0442\u0430\u043b\u0456\u0432 \u2022 \u041f\u0440\u043e\u0441\u0442\u043e\u0442\u0430 [&hellip;]","og_url":"https:\/\/proventuss.eu\/uk\/produkt\/vi-pro-wns\/","og_site_name":"Proventuss","og_image":[{"width":153,"height":921,"url":"https:\/\/proventuss.eu\/wp-content\/uploads\/2022\/04\/Vi-Pro-WNS.png","type":"image\/png"}],"twitter_card":"summary_large_image","schema":{"@context":"https:\/\/schema.org","@graph":[{"@type":"WebPage","@id":"https:\/\/proventuss.eu\/uk\/produkt\/vi-pro-wns\/","url":"https:\/\/proventuss.eu\/uk\/produkt\/vi-pro-wns\/","name":"Vi-Pro WNS - Proventuss","isPartOf":{"@id":"https:\/\/proventuss.eu\/#website"},"primaryImageOfPage":{"@id":"https:\/\/proventuss.eu\/uk\/produkt\/vi-pro-wns\/#primaryimage"},"image":{"@id":"https:\/\/proventuss.eu\/uk\/produkt\/vi-pro-wns\/#primaryimage"},"thumbnailUrl":"https:\/\/proventuss.eu\/wp-content\/uploads\/2022\/04\/Vi-Pro-WNS.png","datePublished":"2022-04-26T08:51:11+00:00","dateModified":"2022-04-26T08:51:11+00:00","breadcrumb":{"@id":"https:\/\/proventuss.eu\/uk\/produkt\/vi-pro-wns\/#breadcrumb"},"inLanguage":"uk","potentialAction":[{"@type":"ReadAction","target":["https:\/\/proventuss.eu\/uk\/produkt\/vi-pro-wns\/"]}]},{"@type":"ImageObject","inLanguage":"uk","@id":"https:\/\/proventuss.eu\/uk\/produkt\/vi-pro-wns\/#primaryimage","url":"https:\/\/proventuss.eu\/wp-content\/uploads\/2022\/04\/Vi-Pro-WNS.png","contentUrl":"https:\/\/proventuss.eu\/wp-content\/uploads\/2022\/04\/Vi-Pro-WNS.png","width":153,"height":921,"caption":"Na zdj\u0119ciu jednosk\u0142adnikowe szczeliwo do szklenia oraz uszczelniania obwod\u00f3w futryn okiennych i drzwiowych wykonanych z drewna, PVC lub aluminium."},{"@type":"BreadcrumbList","@id":"https:\/\/proventuss.eu\/uk\/produkt\/vi-pro-wns\/#breadcrumb","itemListElement":[{"@type":"ListItem","position":1,"name":"Home","item":"https:\/\/proventuss.eu\/uk\/"},{"@type":"ListItem","position":2,"name":"\u041f\u0440\u043e\u0434\u0443\u043a\u0442\u0438","item":"https:\/\/proventuss.eu\/%d0%bf%d1%80%d0%be%d0%b4%d1%83%d0%ba%d1%82%d0%b8\/"},{"@type":"ListItem","position":3,"name":"Vi-Pro WNS"}]},{"@type":"WebSite","@id":"https:\/\/proventuss.eu\/#website","url":"https:\/\/proventuss.eu\/","name":"Proventuss","description":"","potentialAction":[{"@type":"SearchAction","target":{"@type":"EntryPoint","urlTemplate":"https:\/\/proventuss.eu\/?s={search_term_string}"},"query-input":"required name=search_term_string"}],"inLanguage":"uk"}]}},"_links":{"self":[{"href":"https:\/\/proventuss.eu\/uk\/wp-json\/wp\/v2\/product\/6350"}],"collection":[{"href":"https:\/\/proventuss.eu\/uk\/wp-json\/wp\/v2\/product"}],"about":[{"href":"https:\/\/proventuss.eu\/uk\/wp-json\/wp\/v2\/types\/product"}],"replies":[{"embeddable":true,"href":"https:\/\/proventuss.eu\/uk\/wp-json\/wp\/v2\/comments?post=6350"}],"wp:featuredmedia":[{"embeddable":true,"href":"https:\/\/proventuss.eu\/uk\/wp-json\/wp\/v2\/media\/4943"}],"wp:attachment":[{"href":"https:\/\/proventuss.eu\/uk\/wp-json\/wp\/v2\/media?parent=6350"}],"wp:term":[{"taxonomy":"product_cat","embeddable":true,"href":"https:\/\/proventuss.eu\/uk\/wp-json\/wp\/v2\/product_cat?post=6350"},{"taxonomy":"product_tag","embeddable":true,"href":"https:\/\/proventuss.eu\/uk\/wp-json\/wp\/v2\/product_tag?post=6350"}],"curies":[{"name":"wp","href":"https:\/\/api.w.org\/{rel}","templated":true}]}}