{"id":17985,"date":"2024-10-22T09:12:56","date_gmt":"2024-10-22T09:12:56","guid":{"rendered":"https:\/\/proventuss.eu\/produkt\/vi-pro-pneumatic-gun-2k-p-490-ml\/"},"modified":"2024-10-22T12:14:40","modified_gmt":"2024-10-22T12:14:40","slug":"vi-pro-pneumatic-gun-2k-p-490-ml","status":"publish","type":"product","link":"https:\/\/proventuss.eu\/uk\/\u043f\u0440\u043e\u0434\u0443\u043a\u0442\/vi-pro-pneumatic-gun-2k-p-490-ml\/","title":{"rendered":"Vi-Pro\u00ae PNEUMATIC GUN 2K (P) 490 ML"},"content":{"rendered":"<p>\u041f\u0440\u043e\u0444\u0435\u0441\u0456\u0439\u043d\u0438\u0439 \u043f\u043d\u0435\u0432\u043c\u0430\u0442\u0438\u0447\u043d\u0438\u0439 \u0430\u043f\u043b\u0456\u043a\u0430\u0442\u043e\u0440 \u0434\u043b\u044f \u0435\u043a\u0441\u0442\u0440\u0443\u0434\u0443\u0432\u0430\u043d\u043d\u044f \u0432\u0441\u0456\u0445 \u0432\u0438\u0434\u0456\u0432 \u0432\u0438\u0441\u043e\u043a\u043e\u0432&#8217;\u044f\u0437\u043a\u0438\u0445 \u043f\u0440\u043e\u0434\u0443\u043a\u0442\u0456\u0432 \u0456 \u0445\u0456\u043c\u0456\u0447\u043d\u0438\u0445 \u0440\u043e\u0437\u0447\u0438\u043d\u0456\u0432, \u0443\u043f\u0430\u043a\u043e\u0432\u0430\u043d\u0438\u0439 \u0432 \u043f\u043e\u0434\u0432\u0456\u0439\u043d\u0456 \u043a\u0430\u0440\u0442\u0440\u0438\u0434\u0436\u0456 \u043f\u043e 490 \u043c\u043b \u0432 \u043f\u0440\u043e\u043f\u043e\u0440\u0446\u0456\u0457 10:1.<\/p>\n<p>\u0425\u0430\u0440\u0430\u043a\u0442\u0435\u0440\u043d\u0456 \u043e\u0441\u043e\u0431\u043b\u0438\u0432\u043e\u0441\u0442\u0456:<\/p>\n<ul>\n<li>\u041c\u0430\u0441\u0430 \u043d\u0435\u0442\u0442\u043e &#8211; 4260 \u0433<\/li>\n<li>\u0420\u043e\u0431\u043e\u0447\u0438\u0439 \u0442\u0438\u0441\u043a &#8211; 0-10 \u0431\u0430\u0440<\/li>\n<li>\u0417\u0430\u0433\u0430\u043b\u044c\u043d\u0430 \u0434\u043e\u0432\u0436\u0438\u043d\u0430 &#8211; 520 \u043c\u043c<\/li>\n<li>\u041c\u0430\u043a\u0441\u0438\u043c\u0430\u043b\u044c\u043d\u0430 \u0441\u0438\u043b\u0430 &#8211; 600 \u043a\u0433\u0441 (10 \u0431\u0430\u0440 &#8211; 145 PSI) &#8211; 5,88 \u043a\u041d<\/li>\n<li>\u041f\u0456\u0434\u043a\u043b\u044e\u0447\u0435\u043d\u043d\u044f &#8211; 1\/4 \u043f\u0430\u0442\u0440\u0443\u0431\u043e\u043a \u0433\u0430\u0437\u0443<\/li>\n<li>\u0420\u0456\u0432\u0435\u043d\u044c \u0448\u0443\u043c\u0443 &#8211; &lt;80\u0434\u0411<\/li>\n<li>\u0406\u043d\u0442\u0435\u0433\u0440\u043e\u0432\u0430\u043d\u0438\u0439 \u0440\u0435\u0434\u0443\u043a\u0442\u043e\u0440 \u0442\u0438\u0441\u043a\u0443<\/li>\n<li>\u0406\u043d\u0442\u0435\u0433\u0440\u043e\u0432\u0430\u043d\u0435 \u0437\u043d\u0430\u0447\u0435\u043d\u043d\u044f \u0441\u043a\u0438\u0434\u0430\u043d\u043d\u044f (\u0431\u0435\u0437 \u043a\u0440\u0430\u043f\u0435\u043b\u044c)<\/li>\n<li>\u041f\u043d\u0435\u0432\u043c\u0430\u0442\u0438\u0447\u043d\u0435 \u043f\u043e\u0432\u0435\u0440\u043d\u0435\u043d\u043d\u044f<\/li>\n<\/ul>\n<p>\u0423\u043f\u0430\u043a\u043e\u0432\u043a\u0430:\u00a01 \u0448\u0442 \u0432 \u043a\u0430\u0440\u0442\u043e\u043d\u043d\u0456\u0439 \u043a\u043e\u0440\u043e\u0431\u0446\u0456.<\/p>\n","protected":false},"excerpt":{"rendered":"<p>\u041f\u0440\u043e\u0444\u0435\u0441\u0456\u0439\u043d\u0438\u0439 \u043f\u043d\u0435\u0432\u043c\u0430\u0442\u0438\u0447\u043d\u0438\u0439 \u0430\u043f\u043b\u0456\u043a\u0430\u0442\u043e\u0440 \u0434\u043b\u044f \u0435\u043a\u0441\u0442\u0440\u0443\u0434\u0443\u0432\u0430\u043d\u043d\u044f \u0432\u0441\u0456\u0445 \u0432\u0438\u0434\u0456\u0432 \u0432\u0438\u0441\u043e\u043a\u043e\u0432&#8217;\u044f\u0437\u043a\u0438\u0445 \u043f\u0440\u043e\u0434\u0443\u043a\u0442\u0456\u0432 \u0456 \u0445\u0456\u043c\u0456\u0447\u043d\u0438\u0445 \u0440\u043e\u0437\u0447\u0438\u043d\u0456\u0432, \u0443\u043f\u0430\u043a\u043e\u0432\u0430\u043d\u0438\u0439 \u0432 \u043f\u043e\u0434\u0432\u0456\u0439\u043d\u0456 \u043a\u0430\u0440\u0442\u0440\u0438\u0434\u0436\u0456 \u043f\u043e 490 \u043c\u043b \u0432 \u043f\u0440\u043e\u043f\u043e\u0440\u0446\u0456\u0457 10:1. \u0425\u0430\u0440\u0430\u043a\u0442\u0435\u0440\u043d\u0456 \u043e\u0441\u043e\u0431\u043b\u0438\u0432\u043e\u0441\u0442\u0456: \u041c\u0430\u0441\u0430 \u043d\u0435\u0442\u0442\u043e &#8211; 4260 \u0433 \u0420\u043e\u0431\u043e\u0447\u0438\u0439 \u0442\u0438\u0441\u043a &#8211; 0-10 \u0431\u0430\u0440 \u0417\u0430\u0433\u0430\u043b\u044c\u043d\u0430 \u0434\u043e\u0432\u0436\u0438\u043d\u0430 &#8211; 520 \u043c\u043c \u041c\u0430\u043a\u0441\u0438\u043c\u0430\u043b\u044c\u043d\u0430 \u0441\u0438\u043b\u0430 &#8211; 600 \u043a\u0433\u0441 (10 \u0431\u0430\u0440 &#8211; 145 PSI) &#8211; 5,88 \u043a\u041d \u041f\u0456\u0434\u043a\u043b\u044e\u0447\u0435\u043d\u043d\u044f &#8211; 1\/4 [&hellip;]<\/p>\n","protected":false},"featured_media":17954,"comment_status":"open","ping_status":"closed","template":"","meta":{"_acf_changed":false},"product_cat":[300,307],"product_tag":[],"acf":[],"yoast_head":"<!-- This site is optimized with the Yoast SEO plugin v22.9 - https:\/\/yoast.com\/wordpress\/plugins\/seo\/ -->\n<title>Vi-Pro\u00ae PNEUMATIC GUN 2K (P) 490 ML - Proventuss<\/title>\n<meta name=\"robots\" content=\"index, follow, max-snippet:-1, max-image-preview:large, max-video-preview:-1\" \/>\n<link rel=\"canonical\" href=\"https:\/\/proventuss.eu\/uk\/produkt\/vi-pro-pneumatic-gun-2k-p-490-ml\/\" \/>\n<meta property=\"og:locale\" content=\"uk_UA\" \/>\n<meta property=\"og:type\" content=\"article\" \/>\n<meta property=\"og:title\" content=\"Vi-Pro\u00ae PNEUMATIC GUN 2K (P) 490 ML - Proventuss\" \/>\n<meta property=\"og:description\" content=\"\u041f\u0440\u043e\u0444\u0435\u0441\u0456\u0439\u043d\u0438\u0439 \u043f\u043d\u0435\u0432\u043c\u0430\u0442\u0438\u0447\u043d\u0438\u0439 \u0430\u043f\u043b\u0456\u043a\u0430\u0442\u043e\u0440 \u0434\u043b\u044f \u0435\u043a\u0441\u0442\u0440\u0443\u0434\u0443\u0432\u0430\u043d\u043d\u044f \u0432\u0441\u0456\u0445 \u0432\u0438\u0434\u0456\u0432 \u0432\u0438\u0441\u043e\u043a\u043e\u0432&#8217;\u044f\u0437\u043a\u0438\u0445 \u043f\u0440\u043e\u0434\u0443\u043a\u0442\u0456\u0432 \u0456 \u0445\u0456\u043c\u0456\u0447\u043d\u0438\u0445 \u0440\u043e\u0437\u0447\u0438\u043d\u0456\u0432, \u0443\u043f\u0430\u043a\u043e\u0432\u0430\u043d\u0438\u0439 \u0432 \u043f\u043e\u0434\u0432\u0456\u0439\u043d\u0456 \u043a\u0430\u0440\u0442\u0440\u0438\u0434\u0436\u0456 \u043f\u043e 490 \u043c\u043b \u0432 \u043f\u0440\u043e\u043f\u043e\u0440\u0446\u0456\u0457 10:1. \u0425\u0430\u0440\u0430\u043a\u0442\u0435\u0440\u043d\u0456 \u043e\u0441\u043e\u0431\u043b\u0438\u0432\u043e\u0441\u0442\u0456: \u041c\u0430\u0441\u0430 \u043d\u0435\u0442\u0442\u043e &#8211; 4260 \u0433 \u0420\u043e\u0431\u043e\u0447\u0438\u0439 \u0442\u0438\u0441\u043a &#8211; 0-10 \u0431\u0430\u0440 \u0417\u0430\u0433\u0430\u043b\u044c\u043d\u0430 \u0434\u043e\u0432\u0436\u0438\u043d\u0430 &#8211; 520 \u043c\u043c \u041c\u0430\u043a\u0441\u0438\u043c\u0430\u043b\u044c\u043d\u0430 \u0441\u0438\u043b\u0430 &#8211; 600 \u043a\u0433\u0441 (10 \u0431\u0430\u0440 &#8211; 145 PSI) &#8211; 5,88 \u043a\u041d \u041f\u0456\u0434\u043a\u043b\u044e\u0447\u0435\u043d\u043d\u044f &#8211; 1\/4 [&hellip;]\" \/>\n<meta property=\"og:url\" content=\"https:\/\/proventuss.eu\/uk\/produkt\/vi-pro-pneumatic-gun-2k-p-490-ml\/\" \/>\n<meta property=\"og:site_name\" content=\"Proventuss\" \/>\n<meta property=\"article:modified_time\" content=\"2024-10-22T12:14:40+00:00\" \/>\n<meta property=\"og:image\" content=\"https:\/\/proventuss.eu\/wp-content\/uploads\/2024\/10\/Vi-Pro\u00ae-PNEUMATIC-GUN-2K-P-490-ML-scaled-e1729588187438.jpg\" \/>\n\t<meta property=\"og:image:width\" content=\"2560\" \/>\n\t<meta property=\"og:image:height\" content=\"1707\" \/>\n\t<meta property=\"og:image:type\" content=\"image\/jpeg\" \/>\n<meta name=\"twitter:card\" content=\"summary_large_image\" \/>\n<meta name=\"twitter:label1\" content=\"\u041f\u0440\u0438\u0431\u043b. \u0447\u0430\u0441 \u0447\u0438\u0442\u0430\u043d\u043d\u044f\" \/>\n\t<meta name=\"twitter:data1\" content=\"1 \u0445\u0432\u0438\u043b\u0438\u043d\u0430\" \/>\n<script type=\"application\/ld+json\" class=\"yoast-schema-graph\">{\"@context\":\"https:\/\/schema.org\",\"@graph\":[{\"@type\":\"WebPage\",\"@id\":\"https:\/\/proventuss.eu\/uk\/produkt\/vi-pro-pneumatic-gun-2k-p-490-ml\/\",\"url\":\"https:\/\/proventuss.eu\/uk\/produkt\/vi-pro-pneumatic-gun-2k-p-490-ml\/\",\"name\":\"Vi-Pro\u00ae PNEUMATIC GUN 2K (P) 490 ML - Proventuss\",\"isPartOf\":{\"@id\":\"https:\/\/proventuss.eu\/#website\"},\"primaryImageOfPage\":{\"@id\":\"https:\/\/proventuss.eu\/uk\/produkt\/vi-pro-pneumatic-gun-2k-p-490-ml\/#primaryimage\"},\"image\":{\"@id\":\"https:\/\/proventuss.eu\/uk\/produkt\/vi-pro-pneumatic-gun-2k-p-490-ml\/#primaryimage\"},\"thumbnailUrl\":\"https:\/\/proventuss.eu\/wp-content\/uploads\/2024\/10\/Vi-Pro\u00ae-PNEUMATIC-GUN-2K-P-490-ML-scaled-e1729588187438.jpg\",\"datePublished\":\"2024-10-22T09:12:56+00:00\",\"dateModified\":\"2024-10-22T12:14:40+00:00\",\"breadcrumb\":{\"@id\":\"https:\/\/proventuss.eu\/uk\/produkt\/vi-pro-pneumatic-gun-2k-p-490-ml\/#breadcrumb\"},\"inLanguage\":\"uk\",\"potentialAction\":[{\"@type\":\"ReadAction\",\"target\":[\"https:\/\/proventuss.eu\/uk\/produkt\/vi-pro-pneumatic-gun-2k-p-490-ml\/\"]}]},{\"@type\":\"ImageObject\",\"inLanguage\":\"uk\",\"@id\":\"https:\/\/proventuss.eu\/uk\/produkt\/vi-pro-pneumatic-gun-2k-p-490-ml\/#primaryimage\",\"url\":\"https:\/\/proventuss.eu\/wp-content\/uploads\/2024\/10\/Vi-Pro\u00ae-PNEUMATIC-GUN-2K-P-490-ML-scaled-e1729588187438.jpg\",\"contentUrl\":\"https:\/\/proventuss.eu\/wp-content\/uploads\/2024\/10\/Vi-Pro\u00ae-PNEUMATIC-GUN-2K-P-490-ML-scaled-e1729588187438.jpg\",\"width\":2560,\"height\":1707,\"caption\":\"Na zdj\u0119ciu pistolet pneumatyczny do wyt\u0142aczania wszystkich rodzaj\u00f3w produkt\u00f3w o du\u017cej lepko\u015bci pakowanych w podw\u00f3jne kartusze o pojemno\u015bci 490 ml.\"},{\"@type\":\"BreadcrumbList\",\"@id\":\"https:\/\/proventuss.eu\/uk\/produkt\/vi-pro-pneumatic-gun-2k-p-490-ml\/#breadcrumb\",\"itemListElement\":[{\"@type\":\"ListItem\",\"position\":1,\"name\":\"Home\",\"item\":\"https:\/\/proventuss.eu\/uk\/\"},{\"@type\":\"ListItem\",\"position\":2,\"name\":\"\u041f\u0440\u043e\u0434\u0443\u043a\u0442\u0438\",\"item\":\"https:\/\/proventuss.eu\/%d0%bf%d1%80%d0%be%d0%b4%d1%83%d0%ba%d1%82%d0%b8\/\"},{\"@type\":\"ListItem\",\"position\":3,\"name\":\"Vi-Pro\u00ae PNEUMATIC GUN 2K (P) 490 ML\"}]},{\"@type\":\"WebSite\",\"@id\":\"https:\/\/proventuss.eu\/#website\",\"url\":\"https:\/\/proventuss.eu\/\",\"name\":\"Proventuss\",\"description\":\"\",\"potentialAction\":[{\"@type\":\"SearchAction\",\"target\":{\"@type\":\"EntryPoint\",\"urlTemplate\":\"https:\/\/proventuss.eu\/?s={search_term_string}\"},\"query-input\":\"required name=search_term_string\"}],\"inLanguage\":\"uk\"}]}<\/script>\n<!-- \/ Yoast SEO plugin. -->","yoast_head_json":{"title":"Vi-Pro\u00ae PNEUMATIC GUN 2K (P) 490 ML - Proventuss","robots":{"index":"index","follow":"follow","max-snippet":"max-snippet:-1","max-image-preview":"max-image-preview:large","max-video-preview":"max-video-preview:-1"},"canonical":"https:\/\/proventuss.eu\/uk\/produkt\/vi-pro-pneumatic-gun-2k-p-490-ml\/","og_locale":"uk_UA","og_type":"article","og_title":"Vi-Pro\u00ae PNEUMATIC GUN 2K (P) 490 ML - Proventuss","og_description":"\u041f\u0440\u043e\u0444\u0435\u0441\u0456\u0439\u043d\u0438\u0439 \u043f\u043d\u0435\u0432\u043c\u0430\u0442\u0438\u0447\u043d\u0438\u0439 \u0430\u043f\u043b\u0456\u043a\u0430\u0442\u043e\u0440 \u0434\u043b\u044f \u0435\u043a\u0441\u0442\u0440\u0443\u0434\u0443\u0432\u0430\u043d\u043d\u044f \u0432\u0441\u0456\u0445 \u0432\u0438\u0434\u0456\u0432 \u0432\u0438\u0441\u043e\u043a\u043e\u0432&#8217;\u044f\u0437\u043a\u0438\u0445 \u043f\u0440\u043e\u0434\u0443\u043a\u0442\u0456\u0432 \u0456 \u0445\u0456\u043c\u0456\u0447\u043d\u0438\u0445 \u0440\u043e\u0437\u0447\u0438\u043d\u0456\u0432, \u0443\u043f\u0430\u043a\u043e\u0432\u0430\u043d\u0438\u0439 \u0432 \u043f\u043e\u0434\u0432\u0456\u0439\u043d\u0456 \u043a\u0430\u0440\u0442\u0440\u0438\u0434\u0436\u0456 \u043f\u043e 490 \u043c\u043b \u0432 \u043f\u0440\u043e\u043f\u043e\u0440\u0446\u0456\u0457 10:1. \u0425\u0430\u0440\u0430\u043a\u0442\u0435\u0440\u043d\u0456 \u043e\u0441\u043e\u0431\u043b\u0438\u0432\u043e\u0441\u0442\u0456: \u041c\u0430\u0441\u0430 \u043d\u0435\u0442\u0442\u043e &#8211; 4260 \u0433 \u0420\u043e\u0431\u043e\u0447\u0438\u0439 \u0442\u0438\u0441\u043a &#8211; 0-10 \u0431\u0430\u0440 \u0417\u0430\u0433\u0430\u043b\u044c\u043d\u0430 \u0434\u043e\u0432\u0436\u0438\u043d\u0430 &#8211; 520 \u043c\u043c \u041c\u0430\u043a\u0441\u0438\u043c\u0430\u043b\u044c\u043d\u0430 \u0441\u0438\u043b\u0430 &#8211; 600 \u043a\u0433\u0441 (10 \u0431\u0430\u0440 &#8211; 145 PSI) &#8211; 5,88 \u043a\u041d \u041f\u0456\u0434\u043a\u043b\u044e\u0447\u0435\u043d\u043d\u044f &#8211; 1\/4 [&hellip;]","og_url":"https:\/\/proventuss.eu\/uk\/produkt\/vi-pro-pneumatic-gun-2k-p-490-ml\/","og_site_name":"Proventuss","article_modified_time":"2024-10-22T12:14:40+00:00","og_image":[{"width":2560,"height":1707,"url":"https:\/\/proventuss.eu\/wp-content\/uploads\/2024\/10\/Vi-Pro\u00ae-PNEUMATIC-GUN-2K-P-490-ML-scaled-e1729588187438.jpg","type":"image\/jpeg"}],"twitter_card":"summary_large_image","twitter_misc":{"\u041f\u0440\u0438\u0431\u043b. \u0447\u0430\u0441 \u0447\u0438\u0442\u0430\u043d\u043d\u044f":"1 \u0445\u0432\u0438\u043b\u0438\u043d\u0430"},"schema":{"@context":"https:\/\/schema.org","@graph":[{"@type":"WebPage","@id":"https:\/\/proventuss.eu\/uk\/produkt\/vi-pro-pneumatic-gun-2k-p-490-ml\/","url":"https:\/\/proventuss.eu\/uk\/produkt\/vi-pro-pneumatic-gun-2k-p-490-ml\/","name":"Vi-Pro\u00ae PNEUMATIC GUN 2K (P) 490 ML - Proventuss","isPartOf":{"@id":"https:\/\/proventuss.eu\/#website"},"primaryImageOfPage":{"@id":"https:\/\/proventuss.eu\/uk\/produkt\/vi-pro-pneumatic-gun-2k-p-490-ml\/#primaryimage"},"image":{"@id":"https:\/\/proventuss.eu\/uk\/produkt\/vi-pro-pneumatic-gun-2k-p-490-ml\/#primaryimage"},"thumbnailUrl":"https:\/\/proventuss.eu\/wp-content\/uploads\/2024\/10\/Vi-Pro\u00ae-PNEUMATIC-GUN-2K-P-490-ML-scaled-e1729588187438.jpg","datePublished":"2024-10-22T09:12:56+00:00","dateModified":"2024-10-22T12:14:40+00:00","breadcrumb":{"@id":"https:\/\/proventuss.eu\/uk\/produkt\/vi-pro-pneumatic-gun-2k-p-490-ml\/#breadcrumb"},"inLanguage":"uk","potentialAction":[{"@type":"ReadAction","target":["https:\/\/proventuss.eu\/uk\/produkt\/vi-pro-pneumatic-gun-2k-p-490-ml\/"]}]},{"@type":"ImageObject","inLanguage":"uk","@id":"https:\/\/proventuss.eu\/uk\/produkt\/vi-pro-pneumatic-gun-2k-p-490-ml\/#primaryimage","url":"https:\/\/proventuss.eu\/wp-content\/uploads\/2024\/10\/Vi-Pro\u00ae-PNEUMATIC-GUN-2K-P-490-ML-scaled-e1729588187438.jpg","contentUrl":"https:\/\/proventuss.eu\/wp-content\/uploads\/2024\/10\/Vi-Pro\u00ae-PNEUMATIC-GUN-2K-P-490-ML-scaled-e1729588187438.jpg","width":2560,"height":1707,"caption":"Na zdj\u0119ciu pistolet pneumatyczny do wyt\u0142aczania wszystkich rodzaj\u00f3w produkt\u00f3w o du\u017cej lepko\u015bci pakowanych w podw\u00f3jne kartusze o pojemno\u015bci 490 ml."},{"@type":"BreadcrumbList","@id":"https:\/\/proventuss.eu\/uk\/produkt\/vi-pro-pneumatic-gun-2k-p-490-ml\/#breadcrumb","itemListElement":[{"@type":"ListItem","position":1,"name":"Home","item":"https:\/\/proventuss.eu\/uk\/"},{"@type":"ListItem","position":2,"name":"\u041f\u0440\u043e\u0434\u0443\u043a\u0442\u0438","item":"https:\/\/proventuss.eu\/%d0%bf%d1%80%d0%be%d0%b4%d1%83%d0%ba%d1%82%d0%b8\/"},{"@type":"ListItem","position":3,"name":"Vi-Pro\u00ae PNEUMATIC GUN 2K (P) 490 ML"}]},{"@type":"WebSite","@id":"https:\/\/proventuss.eu\/#website","url":"https:\/\/proventuss.eu\/","name":"Proventuss","description":"","potentialAction":[{"@type":"SearchAction","target":{"@type":"EntryPoint","urlTemplate":"https:\/\/proventuss.eu\/?s={search_term_string}"},"query-input":"required name=search_term_string"}],"inLanguage":"uk"}]}},"_links":{"self":[{"href":"https:\/\/proventuss.eu\/uk\/wp-json\/wp\/v2\/product\/17985"}],"collection":[{"href":"https:\/\/proventuss.eu\/uk\/wp-json\/wp\/v2\/product"}],"about":[{"href":"https:\/\/proventuss.eu\/uk\/wp-json\/wp\/v2\/types\/product"}],"replies":[{"embeddable":true,"href":"https:\/\/proventuss.eu\/uk\/wp-json\/wp\/v2\/comments?post=17985"}],"wp:featuredmedia":[{"embeddable":true,"href":"https:\/\/proventuss.eu\/uk\/wp-json\/wp\/v2\/media\/17954"}],"wp:attachment":[{"href":"https:\/\/proventuss.eu\/uk\/wp-json\/wp\/v2\/media?parent=17985"}],"wp:term":[{"taxonomy":"product_cat","embeddable":true,"href":"https:\/\/proventuss.eu\/uk\/wp-json\/wp\/v2\/product_cat?post=17985"},{"taxonomy":"product_tag","embeddable":true,"href":"https:\/\/proventuss.eu\/uk\/wp-json\/wp\/v2\/product_tag?post=17985"}],"curies":[{"name":"wp","href":"https:\/\/api.w.org\/{rel}","templated":true}]}}