{"id":17137,"date":"2023-08-29T09:54:12","date_gmt":"2023-08-29T09:54:12","guid":{"rendered":"https:\/\/proventuss.eu\/produkt\/vi-pro-primer-135\/"},"modified":"2024-08-02T09:18:11","modified_gmt":"2024-08-02T09:18:11","slug":"vi-pro-primer-135","status":"publish","type":"product","link":"https:\/\/proventuss.eu\/uk\/\u043f\u0440\u043e\u0434\u0443\u043a\u0442\/vi-pro-primer-135\/","title":{"rendered":"Vi-Pro Primer 135"},"content":{"rendered":"<p>Vi-Pro Primer 135 \u2014 \u043e\u0434\u043d\u043e\u0435\u0442\u0430\u043f\u043d\u0430 \u0447\u043e\u0440\u043d\u0430 \u0430\u0434\u0433\u0435\u0437\u0456\u0439\u043d\u0430 \u0433\u0440\u0443\u043d\u0442\u043e\u0432\u043a\u0430 (2 \u0432 1), \u0440\u043e\u0437\u0440\u043e\u0431\u043b\u0435\u043d\u0430 \u0441\u043f\u0435\u0446\u0456\u0430\u043b\u044c\u043d\u043e \u0434\u043b\u044f \u043f\u043e\u043a\u0440\u0430\u0449\u0435\u043d\u043d\u044f \u0430\u0434\u0433\u0435\u0437\u0456\u0457 \u0431\u0430\u0433\u0430\u0442\u044c\u043e\u0445 \u0431\u0443\u0434\u0456\u0432\u0435\u043b\u044c\u043d\u0438\u0445 \u043c\u0430\u0442\u0435\u0440\u0456\u0430\u043b\u0456\u0432.<\/p>\n<p>\u041f\u0415\u0420\u0415\u0412\u0410\u0413\u0418:<br \/>\n\u2022 \u0417\u0430\u0431\u0435\u0437\u043f\u0435\u0447\u0443\u0454 \u0432\u0456\u0434\u043c\u0456\u043d\u043d\u0443 \u0430\u0434\u0433\u0435\u0437\u0456\u044e \u0434\u043b\u044f \u0433\u0435\u0440\u043c\u0435\u0442\u0438\u043a\u0456\u0432 Vi-Pro Strongbond.<br \/>\n\u2022 \u0406\u0434\u0435\u0430\u043b\u044c\u043d\u043e \u043f\u0456\u0434\u0445\u043e\u0434\u0438\u0442\u044c \u0434\u043b\u044f \u0432\u0456\u0434\u043d\u043e\u0432\u043b\u0435\u043d\u043d\u044f \u043f\u043e\u0434\u0440\u044f\u043f\u0438\u043d \u0444\u0430\u0440\u0431\u0438 \u043d\u0430 \u0437\u0432\u0430\u0440\u043d\u0438\u0445 \u0448\u0432\u0430\u0445 \u0434\u043b\u044f \u0437\u0430\u0445\u0438\u0441\u0442\u0443 \u0432\u0456\u0434 \u043a\u043e\u0440\u043e\u0437\u0456\u0457.<br \/>\n\u2022 \u0421\u0442\u0456\u0439\u043a\u0438\u0439 \u0434\u043e \u0443\u043b\u044c\u0442\u0440\u0430\u0444\u0456\u043e\u043b\u0435\u0442\u043e\u0432\u043e\u0433\u043e \u0432\u0438\u043f\u0440\u043e\u043c\u0456\u043d\u044e\u0432\u0430\u043d\u043d\u044f, \u043f\u0456\u0434\u0445\u043e\u0434\u0438\u0442\u044c \u0434\u043b\u044f \u043d\u0430\u043d\u0435\u0441\u0435\u043d\u043d\u044f \u0423\u0424-\u043f\u043e\u043a\u0440\u0438\u0442\u0442\u044f \u043d\u0430 \u043f\u0440\u043e\u0437\u043e\u0440\u0435 \u0441\u043a\u043b\u043e.<br \/>\n\u2022 \u0417\u0430\u0431\u0435\u0437\u043f\u0435\u0447\u0443\u0454 \u043f\u043e\u043a\u0440\u0430\u0449\u0435\u043d\u0443 \u0430\u0434\u0433\u0435\u0437\u0456\u044e \u0434\u043e \u0432\u0441\u0456\u0445 \u043d\u0435\u043f\u043e\u0440\u0438\u0441\u0442\u0438\u0445 \u043c\u0430\u0442\u0435\u0440\u0456\u0430\u043b\u0456\u0432, \u0449\u043e \u0432\u0438\u043a\u043e\u0440\u0438\u0441\u0442\u043e\u0432\u0443\u044e\u0442\u044c\u0441\u044f \u0432 \u043f\u0440\u043e\u043c\u0438\u0441\u043b\u043e\u0432\u043e\u0441\u0442\u0456 \u0442\u0430 \u0431\u0443\u0434\u0456\u0432\u043d\u0438\u0446\u0442\u0432\u0456, \u0442\u0430\u043a\u0438\u0445 \u044f\u043a \u043f\u043e\u0444\u0430\u0440\u0431\u043e\u0432\u0430\u043d\u0456 \u043f\u043e\u0432\u0435\u0440\u0445\u043d\u0456, FRP, \u043f\u043b\u0430\u0441\u0442\u0438\u043a, \u0441\u043a\u043b\u043e, \u0430\u043b\u044e\u043c\u0456\u043d\u0456\u0439 \u0442\u0430 \u0434\u0435\u044f\u043a\u0456 \u043c\u0435\u0442\u0430\u043b\u0438.<\/p>\n","protected":false},"excerpt":{"rendered":"<p>Vi-Pro Primer 135 \u2014 \u043e\u0434\u043d\u043e\u0435\u0442\u0430\u043f\u043d\u0430 \u0447\u043e\u0440\u043d\u0430 \u0430\u0434\u0433\u0435\u0437\u0456\u0439\u043d\u0430 \u0433\u0440\u0443\u043d\u0442\u043e\u0432\u043a\u0430 (2 \u0432 1), \u0440\u043e\u0437\u0440\u043e\u0431\u043b\u0435\u043d\u0430 \u0441\u043f\u0435\u0446\u0456\u0430\u043b\u044c\u043d\u043e \u0434\u043b\u044f \u043f\u043e\u043a\u0440\u0430\u0449\u0435\u043d\u043d\u044f \u0430\u0434\u0433\u0435\u0437\u0456\u0457 \u0431\u0430\u0433\u0430\u0442\u044c\u043e\u0445 \u0431\u0443\u0434\u0456\u0432\u0435\u043b\u044c\u043d\u0438\u0445 \u043c\u0430\u0442\u0435\u0440\u0456\u0430\u043b\u0456\u0432. \u041f\u0415\u0420\u0415\u0412\u0410\u0413\u0418: \u2022 \u0417\u0430\u0431\u0435\u0437\u043f\u0435\u0447\u0443\u0454 \u0432\u0456\u0434\u043c\u0456\u043d\u043d\u0443 \u0430\u0434\u0433\u0435\u0437\u0456\u044e \u0434\u043b\u044f \u0433\u0435\u0440\u043c\u0435\u0442\u0438\u043a\u0456\u0432 Vi-Pro Strongbond. \u2022 \u0406\u0434\u0435\u0430\u043b\u044c\u043d\u043e \u043f\u0456\u0434\u0445\u043e\u0434\u0438\u0442\u044c \u0434\u043b\u044f \u0432\u0456\u0434\u043d\u043e\u0432\u043b\u0435\u043d\u043d\u044f \u043f\u043e\u0434\u0440\u044f\u043f\u0438\u043d \u0444\u0430\u0440\u0431\u0438 \u043d\u0430 \u0437\u0432\u0430\u0440\u043d\u0438\u0445 \u0448\u0432\u0430\u0445 \u0434\u043b\u044f \u0437\u0430\u0445\u0438\u0441\u0442\u0443 \u0432\u0456\u0434 \u043a\u043e\u0440\u043e\u0437\u0456\u0457. \u2022 \u0421\u0442\u0456\u0439\u043a\u0438\u0439 \u0434\u043e \u0443\u043b\u044c\u0442\u0440\u0430\u0444\u0456\u043e\u043b\u0435\u0442\u043e\u0432\u043e\u0433\u043e \u0432\u0438\u043f\u0440\u043e\u043c\u0456\u043d\u044e\u0432\u0430\u043d\u043d\u044f, \u043f\u0456\u0434\u0445\u043e\u0434\u0438\u0442\u044c \u0434\u043b\u044f \u043d\u0430\u043d\u0435\u0441\u0435\u043d\u043d\u044f \u0423\u0424-\u043f\u043e\u043a\u0440\u0438\u0442\u0442\u044f \u043d\u0430 \u043f\u0440\u043e\u0437\u043e\u0440\u0435 \u0441\u043a\u043b\u043e. \u2022 [&hellip;]<\/p>\n","protected":false},"featured_media":13713,"comment_status":"open","ping_status":"closed","template":"","meta":{"_acf_changed":false},"product_cat":[301,305],"product_tag":[],"acf":[],"yoast_head":"<!-- This site is optimized with the Yoast SEO plugin v22.9 - https:\/\/yoast.com\/wordpress\/plugins\/seo\/ -->\n<title>Vi-Pro Primer 135 - Proventuss<\/title>\n<meta name=\"description\" content=\"Vi-Pro Primer 135 \u2014 \u043e\u0434\u043d\u043e\u0435\u0442\u0430\u043f\u043d\u0430 \u0447\u043e\u0440\u043d\u0430 \u0430\u0434\u0433\u0435\u0437\u0456\u0439\u043d\u0430 \u0433\u0440\u0443\u043d\u0442\u043e\u0432\u043a\u0430, \u0440\u043e\u0437\u0440\u043e\u0431\u043b\u0435\u043d\u0430 \u0441\u043f\u0435\u0446\u0456\u0430\u043b\u044c\u043d\u043e \u0434\u043b\u044f \u043f\u043e\u043a\u0440\u0430\u0449\u0435\u043d\u043d\u044f \u0430\u0434\u0433\u0435\u0437\u0456\u0457 \u0431\u0430\u0433\u0430\u0442\u044c\u043e\u0445 \u0431\u0443\u0434\u0456\u0432\u0435\u043b\u044c\u043d\u0438\u0445 \u043c\u0430\u0442\u0435\u0440\u0456\u0430\u043b\u0456\u0432.\" \/>\n<meta name=\"robots\" content=\"index, follow, max-snippet:-1, max-image-preview:large, max-video-preview:-1\" \/>\n<link rel=\"canonical\" href=\"https:\/\/proventuss.eu\/uk\/produkt\/vi-pro-primer-135\/\" \/>\n<meta property=\"og:locale\" content=\"uk_UA\" \/>\n<meta property=\"og:type\" content=\"article\" \/>\n<meta property=\"og:title\" content=\"Vi-Pro Primer 135 - Proventuss\" \/>\n<meta property=\"og:description\" content=\"Vi-Pro Primer 135 \u2014 \u043e\u0434\u043d\u043e\u0435\u0442\u0430\u043f\u043d\u0430 \u0447\u043e\u0440\u043d\u0430 \u0430\u0434\u0433\u0435\u0437\u0456\u0439\u043d\u0430 \u0433\u0440\u0443\u043d\u0442\u043e\u0432\u043a\u0430, \u0440\u043e\u0437\u0440\u043e\u0431\u043b\u0435\u043d\u0430 \u0441\u043f\u0435\u0446\u0456\u0430\u043b\u044c\u043d\u043e \u0434\u043b\u044f \u043f\u043e\u043a\u0440\u0430\u0449\u0435\u043d\u043d\u044f \u0430\u0434\u0433\u0435\u0437\u0456\u0457 \u0431\u0430\u0433\u0430\u0442\u044c\u043e\u0445 \u0431\u0443\u0434\u0456\u0432\u0435\u043b\u044c\u043d\u0438\u0445 \u043c\u0430\u0442\u0435\u0440\u0456\u0430\u043b\u0456\u0432.\" \/>\n<meta property=\"og:url\" content=\"https:\/\/proventuss.eu\/uk\/produkt\/vi-pro-primer-135\/\" \/>\n<meta property=\"og:site_name\" content=\"Proventuss\" \/>\n<meta property=\"article:modified_time\" content=\"2024-08-02T09:18:11+00:00\" \/>\n<meta property=\"og:image\" content=\"https:\/\/proventuss.eu\/wp-content\/uploads\/2023\/08\/Vi-Pro-Primer-135m.jpg\" \/>\n\t<meta property=\"og:image:width\" content=\"636\" \/>\n\t<meta property=\"og:image:height\" content=\"1059\" \/>\n\t<meta property=\"og:image:type\" content=\"image\/jpeg\" \/>\n<meta name=\"twitter:card\" content=\"summary_large_image\" \/>\n<meta name=\"twitter:label1\" content=\"\u041f\u0440\u0438\u0431\u043b. \u0447\u0430\u0441 \u0447\u0438\u0442\u0430\u043d\u043d\u044f\" \/>\n\t<meta name=\"twitter:data1\" content=\"1 \u0445\u0432\u0438\u043b\u0438\u043d\u0430\" \/>\n<script type=\"application\/ld+json\" class=\"yoast-schema-graph\">{\"@context\":\"https:\/\/schema.org\",\"@graph\":[{\"@type\":\"WebPage\",\"@id\":\"https:\/\/proventuss.eu\/uk\/produkt\/vi-pro-primer-135\/\",\"url\":\"https:\/\/proventuss.eu\/uk\/produkt\/vi-pro-primer-135\/\",\"name\":\"Vi-Pro Primer 135 - Proventuss\",\"isPartOf\":{\"@id\":\"https:\/\/proventuss.eu\/#website\"},\"primaryImageOfPage\":{\"@id\":\"https:\/\/proventuss.eu\/uk\/produkt\/vi-pro-primer-135\/#primaryimage\"},\"image\":{\"@id\":\"https:\/\/proventuss.eu\/uk\/produkt\/vi-pro-primer-135\/#primaryimage\"},\"thumbnailUrl\":\"https:\/\/proventuss.eu\/wp-content\/uploads\/2023\/08\/Vi-Pro-Primer-135m.jpg\",\"datePublished\":\"2023-08-29T09:54:12+00:00\",\"dateModified\":\"2024-08-02T09:18:11+00:00\",\"description\":\"Vi-Pro Primer 135 \u2014 \u043e\u0434\u043d\u043e\u0435\u0442\u0430\u043f\u043d\u0430 \u0447\u043e\u0440\u043d\u0430 \u0430\u0434\u0433\u0435\u0437\u0456\u0439\u043d\u0430 \u0433\u0440\u0443\u043d\u0442\u043e\u0432\u043a\u0430, \u0440\u043e\u0437\u0440\u043e\u0431\u043b\u0435\u043d\u0430 \u0441\u043f\u0435\u0446\u0456\u0430\u043b\u044c\u043d\u043e \u0434\u043b\u044f \u043f\u043e\u043a\u0440\u0430\u0449\u0435\u043d\u043d\u044f \u0430\u0434\u0433\u0435\u0437\u0456\u0457 \u0431\u0430\u0433\u0430\u0442\u044c\u043e\u0445 \u0431\u0443\u0434\u0456\u0432\u0435\u043b\u044c\u043d\u0438\u0445 \u043c\u0430\u0442\u0435\u0440\u0456\u0430\u043b\u0456\u0432.\",\"breadcrumb\":{\"@id\":\"https:\/\/proventuss.eu\/uk\/produkt\/vi-pro-primer-135\/#breadcrumb\"},\"inLanguage\":\"uk\",\"potentialAction\":[{\"@type\":\"ReadAction\",\"target\":[\"https:\/\/proventuss.eu\/uk\/produkt\/vi-pro-primer-135\/\"]}]},{\"@type\":\"ImageObject\",\"inLanguage\":\"uk\",\"@id\":\"https:\/\/proventuss.eu\/uk\/produkt\/vi-pro-primer-135\/#primaryimage\",\"url\":\"https:\/\/proventuss.eu\/wp-content\/uploads\/2023\/08\/Vi-Pro-Primer-135m.jpg\",\"contentUrl\":\"https:\/\/proventuss.eu\/wp-content\/uploads\/2023\/08\/Vi-Pro-Primer-135m.jpg\",\"width\":636,\"height\":1059,\"caption\":\"Na zdj\u0119ciu jednoetapowy czarny podk\u0142ad zwi\u0119kszaj\u0105cy przyczepno\u015b\u0107 Vi-Pro Primer 135 zaprojektowany specjalnie do poprawy adhezji dla wielu materia\u0142\u00f3w budowlanych.\"},{\"@type\":\"BreadcrumbList\",\"@id\":\"https:\/\/proventuss.eu\/uk\/produkt\/vi-pro-primer-135\/#breadcrumb\",\"itemListElement\":[{\"@type\":\"ListItem\",\"position\":1,\"name\":\"Home\",\"item\":\"https:\/\/proventuss.eu\/uk\/\"},{\"@type\":\"ListItem\",\"position\":2,\"name\":\"\u041f\u0440\u043e\u0434\u0443\u043a\u0442\u0438\",\"item\":\"https:\/\/proventuss.eu\/%d0%bf%d1%80%d0%be%d0%b4%d1%83%d0%ba%d1%82%d0%b8\/\"},{\"@type\":\"ListItem\",\"position\":3,\"name\":\"Vi-Pro Primer 135\"}]},{\"@type\":\"WebSite\",\"@id\":\"https:\/\/proventuss.eu\/#website\",\"url\":\"https:\/\/proventuss.eu\/\",\"name\":\"Proventuss\",\"description\":\"\",\"potentialAction\":[{\"@type\":\"SearchAction\",\"target\":{\"@type\":\"EntryPoint\",\"urlTemplate\":\"https:\/\/proventuss.eu\/?s={search_term_string}\"},\"query-input\":\"required name=search_term_string\"}],\"inLanguage\":\"uk\"}]}<\/script>\n<!-- \/ Yoast SEO plugin. -->","yoast_head_json":{"title":"Vi-Pro Primer 135 - Proventuss","description":"Vi-Pro Primer 135 \u2014 \u043e\u0434\u043d\u043e\u0435\u0442\u0430\u043f\u043d\u0430 \u0447\u043e\u0440\u043d\u0430 \u0430\u0434\u0433\u0435\u0437\u0456\u0439\u043d\u0430 \u0433\u0440\u0443\u043d\u0442\u043e\u0432\u043a\u0430, \u0440\u043e\u0437\u0440\u043e\u0431\u043b\u0435\u043d\u0430 \u0441\u043f\u0435\u0446\u0456\u0430\u043b\u044c\u043d\u043e \u0434\u043b\u044f \u043f\u043e\u043a\u0440\u0430\u0449\u0435\u043d\u043d\u044f \u0430\u0434\u0433\u0435\u0437\u0456\u0457 \u0431\u0430\u0433\u0430\u0442\u044c\u043e\u0445 \u0431\u0443\u0434\u0456\u0432\u0435\u043b\u044c\u043d\u0438\u0445 \u043c\u0430\u0442\u0435\u0440\u0456\u0430\u043b\u0456\u0432.","robots":{"index":"index","follow":"follow","max-snippet":"max-snippet:-1","max-image-preview":"max-image-preview:large","max-video-preview":"max-video-preview:-1"},"canonical":"https:\/\/proventuss.eu\/uk\/produkt\/vi-pro-primer-135\/","og_locale":"uk_UA","og_type":"article","og_title":"Vi-Pro Primer 135 - Proventuss","og_description":"Vi-Pro Primer 135 \u2014 \u043e\u0434\u043d\u043e\u0435\u0442\u0430\u043f\u043d\u0430 \u0447\u043e\u0440\u043d\u0430 \u0430\u0434\u0433\u0435\u0437\u0456\u0439\u043d\u0430 \u0433\u0440\u0443\u043d\u0442\u043e\u0432\u043a\u0430, \u0440\u043e\u0437\u0440\u043e\u0431\u043b\u0435\u043d\u0430 \u0441\u043f\u0435\u0446\u0456\u0430\u043b\u044c\u043d\u043e \u0434\u043b\u044f \u043f\u043e\u043a\u0440\u0430\u0449\u0435\u043d\u043d\u044f \u0430\u0434\u0433\u0435\u0437\u0456\u0457 \u0431\u0430\u0433\u0430\u0442\u044c\u043e\u0445 \u0431\u0443\u0434\u0456\u0432\u0435\u043b\u044c\u043d\u0438\u0445 \u043c\u0430\u0442\u0435\u0440\u0456\u0430\u043b\u0456\u0432.","og_url":"https:\/\/proventuss.eu\/uk\/produkt\/vi-pro-primer-135\/","og_site_name":"Proventuss","article_modified_time":"2024-08-02T09:18:11+00:00","og_image":[{"width":636,"height":1059,"url":"https:\/\/proventuss.eu\/wp-content\/uploads\/2023\/08\/Vi-Pro-Primer-135m.jpg","type":"image\/jpeg"}],"twitter_card":"summary_large_image","twitter_misc":{"\u041f\u0440\u0438\u0431\u043b. \u0447\u0430\u0441 \u0447\u0438\u0442\u0430\u043d\u043d\u044f":"1 \u0445\u0432\u0438\u043b\u0438\u043d\u0430"},"schema":{"@context":"https:\/\/schema.org","@graph":[{"@type":"WebPage","@id":"https:\/\/proventuss.eu\/uk\/produkt\/vi-pro-primer-135\/","url":"https:\/\/proventuss.eu\/uk\/produkt\/vi-pro-primer-135\/","name":"Vi-Pro Primer 135 - Proventuss","isPartOf":{"@id":"https:\/\/proventuss.eu\/#website"},"primaryImageOfPage":{"@id":"https:\/\/proventuss.eu\/uk\/produkt\/vi-pro-primer-135\/#primaryimage"},"image":{"@id":"https:\/\/proventuss.eu\/uk\/produkt\/vi-pro-primer-135\/#primaryimage"},"thumbnailUrl":"https:\/\/proventuss.eu\/wp-content\/uploads\/2023\/08\/Vi-Pro-Primer-135m.jpg","datePublished":"2023-08-29T09:54:12+00:00","dateModified":"2024-08-02T09:18:11+00:00","description":"Vi-Pro Primer 135 \u2014 \u043e\u0434\u043d\u043e\u0435\u0442\u0430\u043f\u043d\u0430 \u0447\u043e\u0440\u043d\u0430 \u0430\u0434\u0433\u0435\u0437\u0456\u0439\u043d\u0430 \u0433\u0440\u0443\u043d\u0442\u043e\u0432\u043a\u0430, \u0440\u043e\u0437\u0440\u043e\u0431\u043b\u0435\u043d\u0430 \u0441\u043f\u0435\u0446\u0456\u0430\u043b\u044c\u043d\u043e \u0434\u043b\u044f \u043f\u043e\u043a\u0440\u0430\u0449\u0435\u043d\u043d\u044f \u0430\u0434\u0433\u0435\u0437\u0456\u0457 \u0431\u0430\u0433\u0430\u0442\u044c\u043e\u0445 \u0431\u0443\u0434\u0456\u0432\u0435\u043b\u044c\u043d\u0438\u0445 \u043c\u0430\u0442\u0435\u0440\u0456\u0430\u043b\u0456\u0432.","breadcrumb":{"@id":"https:\/\/proventuss.eu\/uk\/produkt\/vi-pro-primer-135\/#breadcrumb"},"inLanguage":"uk","potentialAction":[{"@type":"ReadAction","target":["https:\/\/proventuss.eu\/uk\/produkt\/vi-pro-primer-135\/"]}]},{"@type":"ImageObject","inLanguage":"uk","@id":"https:\/\/proventuss.eu\/uk\/produkt\/vi-pro-primer-135\/#primaryimage","url":"https:\/\/proventuss.eu\/wp-content\/uploads\/2023\/08\/Vi-Pro-Primer-135m.jpg","contentUrl":"https:\/\/proventuss.eu\/wp-content\/uploads\/2023\/08\/Vi-Pro-Primer-135m.jpg","width":636,"height":1059,"caption":"Na zdj\u0119ciu jednoetapowy czarny podk\u0142ad zwi\u0119kszaj\u0105cy przyczepno\u015b\u0107 Vi-Pro Primer 135 zaprojektowany specjalnie do poprawy adhezji dla wielu materia\u0142\u00f3w budowlanych."},{"@type":"BreadcrumbList","@id":"https:\/\/proventuss.eu\/uk\/produkt\/vi-pro-primer-135\/#breadcrumb","itemListElement":[{"@type":"ListItem","position":1,"name":"Home","item":"https:\/\/proventuss.eu\/uk\/"},{"@type":"ListItem","position":2,"name":"\u041f\u0440\u043e\u0434\u0443\u043a\u0442\u0438","item":"https:\/\/proventuss.eu\/%d0%bf%d1%80%d0%be%d0%b4%d1%83%d0%ba%d1%82%d0%b8\/"},{"@type":"ListItem","position":3,"name":"Vi-Pro Primer 135"}]},{"@type":"WebSite","@id":"https:\/\/proventuss.eu\/#website","url":"https:\/\/proventuss.eu\/","name":"Proventuss","description":"","potentialAction":[{"@type":"SearchAction","target":{"@type":"EntryPoint","urlTemplate":"https:\/\/proventuss.eu\/?s={search_term_string}"},"query-input":"required name=search_term_string"}],"inLanguage":"uk"}]}},"_links":{"self":[{"href":"https:\/\/proventuss.eu\/uk\/wp-json\/wp\/v2\/product\/17137"}],"collection":[{"href":"https:\/\/proventuss.eu\/uk\/wp-json\/wp\/v2\/product"}],"about":[{"href":"https:\/\/proventuss.eu\/uk\/wp-json\/wp\/v2\/types\/product"}],"replies":[{"embeddable":true,"href":"https:\/\/proventuss.eu\/uk\/wp-json\/wp\/v2\/comments?post=17137"}],"wp:featuredmedia":[{"embeddable":true,"href":"https:\/\/proventuss.eu\/uk\/wp-json\/wp\/v2\/media\/13713"}],"wp:attachment":[{"href":"https:\/\/proventuss.eu\/uk\/wp-json\/wp\/v2\/media?parent=17137"}],"wp:term":[{"taxonomy":"product_cat","embeddable":true,"href":"https:\/\/proventuss.eu\/uk\/wp-json\/wp\/v2\/product_cat?post=17137"},{"taxonomy":"product_tag","embeddable":true,"href":"https:\/\/proventuss.eu\/uk\/wp-json\/wp\/v2\/product_tag?post=17137"}],"curies":[{"name":"wp","href":"https:\/\/api.w.org\/{rel}","templated":true}]}}