{"id":15773,"date":"2024-05-10T13:25:35","date_gmt":"2024-05-10T13:25:35","guid":{"rendered":"https:\/\/proventuss.eu\/produkt\/vi-pro-ms-2k-modified-silane-adhesive\/"},"modified":"2024-08-02T08:58:48","modified_gmt":"2024-08-02T08:58:48","slug":"vi-pro-ms-2k-modified-silane-adhesive","status":"publish","type":"product","link":"https:\/\/proventuss.eu\/uk\/\u043f\u0440\u043e\u0434\u0443\u043a\u0442\/vi-pro-ms-2k-modified-silane-adhesive\/","title":{"rendered":"Vi-Pro\u00ae MS 2K MODIFIED SILANE ADHESIVE"},"content":{"rendered":"<p>Vi-Pro\u00ae MS 2K MODIFIED SILANE ADHESIVE &#8211; \u0446\u0435 \u0432\u0438\u0441\u043e\u043a\u043e\u044f\u043a\u0456\u0441\u043d\u0438\u0439 \u043a\u043b\u0435\u0439 \u043d\u0430 \u043e\u0441\u043d\u043e\u0432\u0456 \u043f\u043e\u043b\u0456\u043c\u0435\u0440\u0456\u0432 MS. \u0421\u0442\u0456\u0439\u043a\u0438\u0439 \u0434\u043e \u0423\u0424-\u0432\u0438\u043f\u0440\u043e\u043c\u0456\u043d\u044e\u0432\u0430\u043d\u043d\u044f, \u043f\u043e\u0433\u043e\u0434\u043d\u0438\u0445 \u0444\u0430\u043a\u0442\u043e\u0440\u0456\u0432, \u0432\u043e\u0434\u0438, \u0432\u043e\u043b\u043e\u0433\u043e\u0441\u0442\u0456 \u0442\u0430 \u0445\u043b\u043e\u0440\u0443, Vi-Pro\u00ae MS 2K \u0445\u0430\u0440\u0430\u043a\u0442\u0435\u0440\u0438\u0437\u0443\u0454\u0442\u044c\u0441\u044f \u0434\u0443\u0436\u0435 \u0445\u043e\u0440\u043e\u0448\u043e\u044e \u0430\u0434\u0433\u0435\u0437\u0456\u0454\u044e \u0434\u043e \u0431\u0430\u0433\u0430\u0442\u044c\u043e\u0445 \u043e\u0441\u043d\u043e\u0432, \u0443 \u0431\u0456\u043b\u044c\u0448\u043e\u0441\u0442\u0456 \u0432\u0438\u043f\u0430\u0434\u043a\u0456\u0432 \u0431\u0435\u0437 \u0491\u0440\u0443\u043d\u0442\u043e\u0432\u043a\u0438. \u0421\u0442\u0456\u0439\u043a\u0456\u0441\u0442\u044c \u0434\u043e \u0442\u0435\u043c\u043f\u0435\u0440\u0430\u0442\u0443\u0440 \u0432\u0456\u0434 -40\u00b0C \u0434\u043e +100\u00b0C.<\/p>\n<p>\u041f\u0415\u0420\u0415\u0412\u0410\u0413\u0418:<\/p>\n<p>&#8211; \u0417\u0430\u0442\u0432\u0435\u0440\u0434\u0456\u043d\u043d\u044f \u0431\u0435\u0437 \u0432\u043e\u043b\u043e\u0433\u0438 \u0447\u0435\u0440\u0435\u0437 1 \u0433\u043e\u0434\u0438\u043d\u0443<br \/>\n&#8211; \u041d\u0435 \u043c\u0456\u0441\u0442\u0438\u0442\u044c \u0456\u0437\u043e\u0446\u0456\u0430\u043d\u0430\u0442\u0456\u0432, \u0440\u043e\u0437\u0447\u0438\u043d\u043d\u0438\u043a\u0456\u0432 \u0456 \u0441\u0438\u043b\u0456\u043a\u043e\u043d\u0443<br \/>\n&#8211; \u041f\u0456\u0434\u0434\u0430\u0454\u0442\u044c\u0441\u044f \u0444\u0430\u0440\u0431\u0443\u0432\u0430\u043d\u043d\u044e<br \/>\n&#8211; \u0425\u043e\u0440\u043e\u0448\u0438\u0439 \u0437\u0430\u0445\u0438\u0441\u0442 \u0432\u0456\u0434 \u043a\u043e\u0440\u043e\u0437\u0456\u0457<br \/>\n&#8211; \u0421\u043b\u0430\u0431\u043a\u0438\u0439 \u0437\u0430\u043f\u0430\u0445<br \/>\n&#8211; \u041f\u043e\u0441\u0442\u0456\u0439\u043d\u043e \u0433\u043d\u0443\u0447\u043a\u0438\u0439<br \/>\n&#8211; \u041d\u0430\u043d\u0435\u0441\u0435\u043d\u043d\u044f \u043c\u043e\u043a\u0440\u0438\u043c \u043f\u043e \u043c\u043e\u043a\u0440\u043e\u043c\u0443.<br \/>\n&#8211; \u0425\u043e\u0440\u043e\u0448\u0430 \u0441\u0442\u0456\u0439\u043a\u0456\u0441\u0442\u044c \u0434\u043e: \u043c\u0430\u0441\u0435\u043b, \u0436\u0438\u0440\u0456\u0432, \u0432\u043e\u0434\u0438, \u0430\u043b\u0456\u0444\u0430\u0442\u0438\u0447\u043d\u0438\u0445 \u0440\u043e\u0437\u0447\u0438\u043d\u043d\u0438\u043a\u0456\u0432 \u0442\u043e\u0449\u043e.<\/p>\n","protected":false},"excerpt":{"rendered":"<p>Vi-Pro\u00ae MS 2K MODIFIED SILANE ADHESIVE &#8211; \u0446\u0435 \u0432\u0438\u0441\u043e\u043a\u043e\u044f\u043a\u0456\u0441\u043d\u0438\u0439 \u043a\u043b\u0435\u0439 \u043d\u0430 \u043e\u0441\u043d\u043e\u0432\u0456 \u043f\u043e\u043b\u0456\u043c\u0435\u0440\u0456\u0432 MS. \u0421\u0442\u0456\u0439\u043a\u0438\u0439 \u0434\u043e \u0423\u0424-\u0432\u0438\u043f\u0440\u043e\u043c\u0456\u043d\u044e\u0432\u0430\u043d\u043d\u044f, \u043f\u043e\u0433\u043e\u0434\u043d\u0438\u0445 \u0444\u0430\u043a\u0442\u043e\u0440\u0456\u0432, \u0432\u043e\u0434\u0438, \u0432\u043e\u043b\u043e\u0433\u043e\u0441\u0442\u0456 \u0442\u0430 \u0445\u043b\u043e\u0440\u0443, Vi-Pro\u00ae MS 2K \u0445\u0430\u0440\u0430\u043a\u0442\u0435\u0440\u0438\u0437\u0443\u0454\u0442\u044c\u0441\u044f \u0434\u0443\u0436\u0435 \u0445\u043e\u0440\u043e\u0448\u043e\u044e \u0430\u0434\u0433\u0435\u0437\u0456\u0454\u044e \u0434\u043e \u0431\u0430\u0433\u0430\u0442\u044c\u043e\u0445 \u043e\u0441\u043d\u043e\u0432, \u0443 \u0431\u0456\u043b\u044c\u0448\u043e\u0441\u0442\u0456 \u0432\u0438\u043f\u0430\u0434\u043a\u0456\u0432 \u0431\u0435\u0437 \u0491\u0440\u0443\u043d\u0442\u043e\u0432\u043a\u0438. \u0421\u0442\u0456\u0439\u043a\u0456\u0441\u0442\u044c \u0434\u043e \u0442\u0435\u043c\u043f\u0435\u0440\u0430\u0442\u0443\u0440 \u0432\u0456\u0434 -40\u00b0C \u0434\u043e +100\u00b0C. \u041f\u0415\u0420\u0415\u0412\u0410\u0413\u0418: &#8211; \u0417\u0430\u0442\u0432\u0435\u0440\u0434\u0456\u043d\u043d\u044f \u0431\u0435\u0437 \u0432\u043e\u043b\u043e\u0433\u0438 \u0447\u0435\u0440\u0435\u0437 1 \u0433\u043e\u0434\u0438\u043d\u0443 &#8211; \u041d\u0435 [&hellip;]<\/p>\n","protected":false},"featured_media":15765,"comment_status":"open","ping_status":"closed","template":"","meta":{"_acf_changed":false},"product_cat":[291],"product_tag":[],"acf":[],"yoast_head":"<!-- This site is optimized with the Yoast SEO plugin v22.9 - https:\/\/yoast.com\/wordpress\/plugins\/seo\/ -->\n<title>Vi-Pro\u00ae MS 2K MODIFIED SILANE ADHESIVE - Proventuss<\/title>\n<meta name=\"robots\" content=\"index, follow, max-snippet:-1, max-image-preview:large, max-video-preview:-1\" \/>\n<link rel=\"canonical\" href=\"https:\/\/proventuss.eu\/uk\/produkt\/vi-pro-ms-2k-modified-silane-adhesive\/\" \/>\n<meta property=\"og:locale\" content=\"uk_UA\" \/>\n<meta property=\"og:type\" content=\"article\" \/>\n<meta property=\"og:title\" content=\"Vi-Pro\u00ae MS 2K MODIFIED SILANE ADHESIVE - Proventuss\" \/>\n<meta property=\"og:description\" content=\"Vi-Pro\u00ae MS 2K MODIFIED SILANE ADHESIVE &#8211; \u0446\u0435 \u0432\u0438\u0441\u043e\u043a\u043e\u044f\u043a\u0456\u0441\u043d\u0438\u0439 \u043a\u043b\u0435\u0439 \u043d\u0430 \u043e\u0441\u043d\u043e\u0432\u0456 \u043f\u043e\u043b\u0456\u043c\u0435\u0440\u0456\u0432 MS. \u0421\u0442\u0456\u0439\u043a\u0438\u0439 \u0434\u043e \u0423\u0424-\u0432\u0438\u043f\u0440\u043e\u043c\u0456\u043d\u044e\u0432\u0430\u043d\u043d\u044f, \u043f\u043e\u0433\u043e\u0434\u043d\u0438\u0445 \u0444\u0430\u043a\u0442\u043e\u0440\u0456\u0432, \u0432\u043e\u0434\u0438, \u0432\u043e\u043b\u043e\u0433\u043e\u0441\u0442\u0456 \u0442\u0430 \u0445\u043b\u043e\u0440\u0443, Vi-Pro\u00ae MS 2K \u0445\u0430\u0440\u0430\u043a\u0442\u0435\u0440\u0438\u0437\u0443\u0454\u0442\u044c\u0441\u044f \u0434\u0443\u0436\u0435 \u0445\u043e\u0440\u043e\u0448\u043e\u044e \u0430\u0434\u0433\u0435\u0437\u0456\u0454\u044e \u0434\u043e \u0431\u0430\u0433\u0430\u0442\u044c\u043e\u0445 \u043e\u0441\u043d\u043e\u0432, \u0443 \u0431\u0456\u043b\u044c\u0448\u043e\u0441\u0442\u0456 \u0432\u0438\u043f\u0430\u0434\u043a\u0456\u0432 \u0431\u0435\u0437 \u0491\u0440\u0443\u043d\u0442\u043e\u0432\u043a\u0438. \u0421\u0442\u0456\u0439\u043a\u0456\u0441\u0442\u044c \u0434\u043e \u0442\u0435\u043c\u043f\u0435\u0440\u0430\u0442\u0443\u0440 \u0432\u0456\u0434 -40\u00b0C \u0434\u043e +100\u00b0C. \u041f\u0415\u0420\u0415\u0412\u0410\u0413\u0418: &#8211; \u0417\u0430\u0442\u0432\u0435\u0440\u0434\u0456\u043d\u043d\u044f \u0431\u0435\u0437 \u0432\u043e\u043b\u043e\u0433\u0438 \u0447\u0435\u0440\u0435\u0437 1 \u0433\u043e\u0434\u0438\u043d\u0443 &#8211; \u041d\u0435 [&hellip;]\" \/>\n<meta property=\"og:url\" content=\"https:\/\/proventuss.eu\/uk\/produkt\/vi-pro-ms-2k-modified-silane-adhesive\/\" \/>\n<meta property=\"og:site_name\" content=\"Proventuss\" \/>\n<meta property=\"article:modified_time\" content=\"2024-08-02T08:58:48+00:00\" \/>\n<meta property=\"og:image\" content=\"https:\/\/proventuss.eu\/wp-content\/uploads\/2024\/05\/MG_7364m.jpg\" \/>\n\t<meta property=\"og:image:width\" content=\"455\" \/>\n\t<meta property=\"og:image:height\" content=\"1009\" \/>\n\t<meta property=\"og:image:type\" content=\"image\/jpeg\" \/>\n<meta name=\"twitter:card\" content=\"summary_large_image\" \/>\n<meta name=\"twitter:label1\" content=\"\u041f\u0440\u0438\u0431\u043b. \u0447\u0430\u0441 \u0447\u0438\u0442\u0430\u043d\u043d\u044f\" \/>\n\t<meta name=\"twitter:data1\" content=\"1 \u0445\u0432\u0438\u043b\u0438\u043d\u0430\" \/>\n<script type=\"application\/ld+json\" class=\"yoast-schema-graph\">{\"@context\":\"https:\/\/schema.org\",\"@graph\":[{\"@type\":\"WebPage\",\"@id\":\"https:\/\/proventuss.eu\/uk\/produkt\/vi-pro-ms-2k-modified-silane-adhesive\/\",\"url\":\"https:\/\/proventuss.eu\/uk\/produkt\/vi-pro-ms-2k-modified-silane-adhesive\/\",\"name\":\"Vi-Pro\u00ae MS 2K MODIFIED SILANE ADHESIVE - Proventuss\",\"isPartOf\":{\"@id\":\"https:\/\/proventuss.eu\/#website\"},\"primaryImageOfPage\":{\"@id\":\"https:\/\/proventuss.eu\/uk\/produkt\/vi-pro-ms-2k-modified-silane-adhesive\/#primaryimage\"},\"image\":{\"@id\":\"https:\/\/proventuss.eu\/uk\/produkt\/vi-pro-ms-2k-modified-silane-adhesive\/#primaryimage\"},\"thumbnailUrl\":\"https:\/\/proventuss.eu\/wp-content\/uploads\/2024\/05\/MG_7364m.jpg\",\"datePublished\":\"2024-05-10T13:25:35+00:00\",\"dateModified\":\"2024-08-02T08:58:48+00:00\",\"breadcrumb\":{\"@id\":\"https:\/\/proventuss.eu\/uk\/produkt\/vi-pro-ms-2k-modified-silane-adhesive\/#breadcrumb\"},\"inLanguage\":\"uk\",\"potentialAction\":[{\"@type\":\"ReadAction\",\"target\":[\"https:\/\/proventuss.eu\/uk\/produkt\/vi-pro-ms-2k-modified-silane-adhesive\/\"]}]},{\"@type\":\"ImageObject\",\"inLanguage\":\"uk\",\"@id\":\"https:\/\/proventuss.eu\/uk\/produkt\/vi-pro-ms-2k-modified-silane-adhesive\/#primaryimage\",\"url\":\"https:\/\/proventuss.eu\/wp-content\/uploads\/2024\/05\/MG_7364m.jpg\",\"contentUrl\":\"https:\/\/proventuss.eu\/wp-content\/uploads\/2024\/05\/MG_7364m.jpg\",\"width\":455,\"height\":1009,\"caption\":\"Na zdj\u0119ciu klej na bazie polimer\u00f3w MS odporny na promieniowanie UV, czynniki pogodowe, wod\u0119, wilgotno\u015b\u0107 oraz chlor. Bardzo dobra przyczepno\u015b\u0107 do wielu pod\u0142o\u017cy.\"},{\"@type\":\"BreadcrumbList\",\"@id\":\"https:\/\/proventuss.eu\/uk\/produkt\/vi-pro-ms-2k-modified-silane-adhesive\/#breadcrumb\",\"itemListElement\":[{\"@type\":\"ListItem\",\"position\":1,\"name\":\"Home\",\"item\":\"https:\/\/proventuss.eu\/uk\/\"},{\"@type\":\"ListItem\",\"position\":2,\"name\":\"\u041f\u0440\u043e\u0434\u0443\u043a\u0442\u0438\",\"item\":\"https:\/\/proventuss.eu\/%d0%bf%d1%80%d0%be%d0%b4%d1%83%d0%ba%d1%82%d0%b8\/\"},{\"@type\":\"ListItem\",\"position\":3,\"name\":\"Vi-Pro\u00ae MS 2K MODIFIED SILANE ADHESIVE\"}]},{\"@type\":\"WebSite\",\"@id\":\"https:\/\/proventuss.eu\/#website\",\"url\":\"https:\/\/proventuss.eu\/\",\"name\":\"Proventuss\",\"description\":\"\",\"potentialAction\":[{\"@type\":\"SearchAction\",\"target\":{\"@type\":\"EntryPoint\",\"urlTemplate\":\"https:\/\/proventuss.eu\/?s={search_term_string}\"},\"query-input\":\"required name=search_term_string\"}],\"inLanguage\":\"uk\"}]}<\/script>\n<!-- \/ Yoast SEO plugin. -->","yoast_head_json":{"title":"Vi-Pro\u00ae MS 2K MODIFIED SILANE ADHESIVE - Proventuss","robots":{"index":"index","follow":"follow","max-snippet":"max-snippet:-1","max-image-preview":"max-image-preview:large","max-video-preview":"max-video-preview:-1"},"canonical":"https:\/\/proventuss.eu\/uk\/produkt\/vi-pro-ms-2k-modified-silane-adhesive\/","og_locale":"uk_UA","og_type":"article","og_title":"Vi-Pro\u00ae MS 2K MODIFIED SILANE ADHESIVE - Proventuss","og_description":"Vi-Pro\u00ae MS 2K MODIFIED SILANE ADHESIVE &#8211; \u0446\u0435 \u0432\u0438\u0441\u043e\u043a\u043e\u044f\u043a\u0456\u0441\u043d\u0438\u0439 \u043a\u043b\u0435\u0439 \u043d\u0430 \u043e\u0441\u043d\u043e\u0432\u0456 \u043f\u043e\u043b\u0456\u043c\u0435\u0440\u0456\u0432 MS. \u0421\u0442\u0456\u0439\u043a\u0438\u0439 \u0434\u043e \u0423\u0424-\u0432\u0438\u043f\u0440\u043e\u043c\u0456\u043d\u044e\u0432\u0430\u043d\u043d\u044f, \u043f\u043e\u0433\u043e\u0434\u043d\u0438\u0445 \u0444\u0430\u043a\u0442\u043e\u0440\u0456\u0432, \u0432\u043e\u0434\u0438, \u0432\u043e\u043b\u043e\u0433\u043e\u0441\u0442\u0456 \u0442\u0430 \u0445\u043b\u043e\u0440\u0443, Vi-Pro\u00ae MS 2K \u0445\u0430\u0440\u0430\u043a\u0442\u0435\u0440\u0438\u0437\u0443\u0454\u0442\u044c\u0441\u044f \u0434\u0443\u0436\u0435 \u0445\u043e\u0440\u043e\u0448\u043e\u044e \u0430\u0434\u0433\u0435\u0437\u0456\u0454\u044e \u0434\u043e \u0431\u0430\u0433\u0430\u0442\u044c\u043e\u0445 \u043e\u0441\u043d\u043e\u0432, \u0443 \u0431\u0456\u043b\u044c\u0448\u043e\u0441\u0442\u0456 \u0432\u0438\u043f\u0430\u0434\u043a\u0456\u0432 \u0431\u0435\u0437 \u0491\u0440\u0443\u043d\u0442\u043e\u0432\u043a\u0438. \u0421\u0442\u0456\u0439\u043a\u0456\u0441\u0442\u044c \u0434\u043e \u0442\u0435\u043c\u043f\u0435\u0440\u0430\u0442\u0443\u0440 \u0432\u0456\u0434 -40\u00b0C \u0434\u043e +100\u00b0C. \u041f\u0415\u0420\u0415\u0412\u0410\u0413\u0418: &#8211; \u0417\u0430\u0442\u0432\u0435\u0440\u0434\u0456\u043d\u043d\u044f \u0431\u0435\u0437 \u0432\u043e\u043b\u043e\u0433\u0438 \u0447\u0435\u0440\u0435\u0437 1 \u0433\u043e\u0434\u0438\u043d\u0443 &#8211; \u041d\u0435 [&hellip;]","og_url":"https:\/\/proventuss.eu\/uk\/produkt\/vi-pro-ms-2k-modified-silane-adhesive\/","og_site_name":"Proventuss","article_modified_time":"2024-08-02T08:58:48+00:00","og_image":[{"width":455,"height":1009,"url":"https:\/\/proventuss.eu\/wp-content\/uploads\/2024\/05\/MG_7364m.jpg","type":"image\/jpeg"}],"twitter_card":"summary_large_image","twitter_misc":{"\u041f\u0440\u0438\u0431\u043b. \u0447\u0430\u0441 \u0447\u0438\u0442\u0430\u043d\u043d\u044f":"1 \u0445\u0432\u0438\u043b\u0438\u043d\u0430"},"schema":{"@context":"https:\/\/schema.org","@graph":[{"@type":"WebPage","@id":"https:\/\/proventuss.eu\/uk\/produkt\/vi-pro-ms-2k-modified-silane-adhesive\/","url":"https:\/\/proventuss.eu\/uk\/produkt\/vi-pro-ms-2k-modified-silane-adhesive\/","name":"Vi-Pro\u00ae MS 2K MODIFIED SILANE ADHESIVE - Proventuss","isPartOf":{"@id":"https:\/\/proventuss.eu\/#website"},"primaryImageOfPage":{"@id":"https:\/\/proventuss.eu\/uk\/produkt\/vi-pro-ms-2k-modified-silane-adhesive\/#primaryimage"},"image":{"@id":"https:\/\/proventuss.eu\/uk\/produkt\/vi-pro-ms-2k-modified-silane-adhesive\/#primaryimage"},"thumbnailUrl":"https:\/\/proventuss.eu\/wp-content\/uploads\/2024\/05\/MG_7364m.jpg","datePublished":"2024-05-10T13:25:35+00:00","dateModified":"2024-08-02T08:58:48+00:00","breadcrumb":{"@id":"https:\/\/proventuss.eu\/uk\/produkt\/vi-pro-ms-2k-modified-silane-adhesive\/#breadcrumb"},"inLanguage":"uk","potentialAction":[{"@type":"ReadAction","target":["https:\/\/proventuss.eu\/uk\/produkt\/vi-pro-ms-2k-modified-silane-adhesive\/"]}]},{"@type":"ImageObject","inLanguage":"uk","@id":"https:\/\/proventuss.eu\/uk\/produkt\/vi-pro-ms-2k-modified-silane-adhesive\/#primaryimage","url":"https:\/\/proventuss.eu\/wp-content\/uploads\/2024\/05\/MG_7364m.jpg","contentUrl":"https:\/\/proventuss.eu\/wp-content\/uploads\/2024\/05\/MG_7364m.jpg","width":455,"height":1009,"caption":"Na zdj\u0119ciu klej na bazie polimer\u00f3w MS odporny na promieniowanie UV, czynniki pogodowe, wod\u0119, wilgotno\u015b\u0107 oraz chlor. Bardzo dobra przyczepno\u015b\u0107 do wielu pod\u0142o\u017cy."},{"@type":"BreadcrumbList","@id":"https:\/\/proventuss.eu\/uk\/produkt\/vi-pro-ms-2k-modified-silane-adhesive\/#breadcrumb","itemListElement":[{"@type":"ListItem","position":1,"name":"Home","item":"https:\/\/proventuss.eu\/uk\/"},{"@type":"ListItem","position":2,"name":"\u041f\u0440\u043e\u0434\u0443\u043a\u0442\u0438","item":"https:\/\/proventuss.eu\/%d0%bf%d1%80%d0%be%d0%b4%d1%83%d0%ba%d1%82%d0%b8\/"},{"@type":"ListItem","position":3,"name":"Vi-Pro\u00ae MS 2K MODIFIED SILANE ADHESIVE"}]},{"@type":"WebSite","@id":"https:\/\/proventuss.eu\/#website","url":"https:\/\/proventuss.eu\/","name":"Proventuss","description":"","potentialAction":[{"@type":"SearchAction","target":{"@type":"EntryPoint","urlTemplate":"https:\/\/proventuss.eu\/?s={search_term_string}"},"query-input":"required name=search_term_string"}],"inLanguage":"uk"}]}},"_links":{"self":[{"href":"https:\/\/proventuss.eu\/uk\/wp-json\/wp\/v2\/product\/15773"}],"collection":[{"href":"https:\/\/proventuss.eu\/uk\/wp-json\/wp\/v2\/product"}],"about":[{"href":"https:\/\/proventuss.eu\/uk\/wp-json\/wp\/v2\/types\/product"}],"replies":[{"embeddable":true,"href":"https:\/\/proventuss.eu\/uk\/wp-json\/wp\/v2\/comments?post=15773"}],"wp:featuredmedia":[{"embeddable":true,"href":"https:\/\/proventuss.eu\/uk\/wp-json\/wp\/v2\/media\/15765"}],"wp:attachment":[{"href":"https:\/\/proventuss.eu\/uk\/wp-json\/wp\/v2\/media?parent=15773"}],"wp:term":[{"taxonomy":"product_cat","embeddable":true,"href":"https:\/\/proventuss.eu\/uk\/wp-json\/wp\/v2\/product_cat?post=15773"},{"taxonomy":"product_tag","embeddable":true,"href":"https:\/\/proventuss.eu\/uk\/wp-json\/wp\/v2\/product_tag?post=15773"}],"curies":[{"name":"wp","href":"https:\/\/api.w.org\/{rel}","templated":true}]}}