{"id":7178,"date":"2022-05-19T11:27:27","date_gmt":"2022-05-19T11:27:27","guid":{"rendered":"https:\/\/proventuss.eu\/%d0%bf%d0%be%d1%80%d0%b0%d0%b4%d0%b8\/"},"modified":"2022-09-09T14:26:26","modified_gmt":"2022-09-09T14:26:26","slug":"%d0%bf%d0%be%d1%80%d0%b0%d0%b4%d0%b8","status":"publish","type":"page","link":"https:\/\/proventuss.eu\/uk\/%d0%bf%d0%be%d1%80%d0%b0%d0%b4%d0%b8\/","title":{"rendered":"\u041f\u043e\u0440\u0430\u0434\u0438"},"content":{"rendered":"\t\t<div data-elementor-type=\"wp-page\" data-elementor-id=\"7178\" class=\"elementor elementor-7178 elementor-1663\" data-elementor-post-type=\"page\">\n\t\t\t\t\t\t<section class=\"elementor-section elementor-top-section elementor-element elementor-element-c88c21e elementor-section-height-min-height elementor-section-boxed elementor-section-height-default elementor-section-items-middle\" data-id=\"c88c21e\" data-element_type=\"section\" data-settings=\"{&quot;background_background&quot;:&quot;classic&quot;}\">\n\t\t\t\t\t\t\t<div class=\"elementor-background-overlay\"><\/div>\n\t\t\t\t\t\t\t<div class=\"elementor-container elementor-column-gap-default\">\n\t\t\t\t\t<div class=\"elementor-column elementor-col-50 elementor-top-column elementor-element elementor-element-b5a3f83\" data-id=\"b5a3f83\" data-element_type=\"column\">\n\t\t\t<div class=\"elementor-widget-wrap elementor-element-populated\">\n\t\t\t\t\t\t\t<\/div>\n\t\t<\/div>\n\t\t\t\t<div class=\"elementor-column elementor-col-50 elementor-top-column elementor-element elementor-element-4edbc4e\" data-id=\"4edbc4e\" data-element_type=\"column\">\n\t\t\t<div class=\"elementor-widget-wrap\">\n\t\t\t\t\t\t\t<\/div>\n\t\t<\/div>\n\t\t\t\t\t<\/div>\n\t\t<\/section>\n\t\t\t\t<section class=\"elementor-section elementor-top-section elementor-element elementor-element-db3e646 elementor-section-boxed elementor-section-height-default elementor-section-height-default\" data-id=\"db3e646\" data-element_type=\"section\">\n\t\t\t\t\t\t<div class=\"elementor-container elementor-column-gap-default\">\n\t\t\t\t\t<div class=\"elementor-column elementor-col-100 elementor-top-column elementor-element elementor-element-a193fbd\" data-id=\"a193fbd\" data-element_type=\"column\">\n\t\t\t<div class=\"elementor-widget-wrap elementor-element-populated\">\n\t\t\t\t\t\t<div class=\"elementor-element elementor-element-d489962 elementor-widget__width-initial elementor-widget-mobile__width-inherit elementor-position-top elementor-widget elementor-widget-image-box\" data-id=\"d489962\" data-element_type=\"widget\" data-widget_type=\"image-box.default\">\n\t\t\t\t<div class=\"elementor-widget-container\">\n\t\t\t<style>\/*! elementor - v3.22.0 - 26-06-2024 *\/\n.elementor-widget-image-box .elementor-image-box-content{width:100%}@media (min-width:768px){.elementor-widget-image-box.elementor-position-left .elementor-image-box-wrapper,.elementor-widget-image-box.elementor-position-right .elementor-image-box-wrapper{display:flex}.elementor-widget-image-box.elementor-position-right .elementor-image-box-wrapper{text-align:end;flex-direction:row-reverse}.elementor-widget-image-box.elementor-position-left .elementor-image-box-wrapper{text-align:start;flex-direction:row}.elementor-widget-image-box.elementor-position-top .elementor-image-box-img{margin:auto}.elementor-widget-image-box.elementor-vertical-align-top .elementor-image-box-wrapper{align-items:flex-start}.elementor-widget-image-box.elementor-vertical-align-middle .elementor-image-box-wrapper{align-items:center}.elementor-widget-image-box.elementor-vertical-align-bottom .elementor-image-box-wrapper{align-items:flex-end}}@media (max-width:767px){.elementor-widget-image-box .elementor-image-box-img{margin-left:auto!important;margin-right:auto!important;margin-bottom:15px}}.elementor-widget-image-box .elementor-image-box-img{display:inline-block}.elementor-widget-image-box .elementor-image-box-title a{color:inherit}.elementor-widget-image-box .elementor-image-box-wrapper{text-align:center}.elementor-widget-image-box .elementor-image-box-description{margin:0}<\/style><div class=\"elementor-image-box-wrapper\"><figure class=\"elementor-image-box-img\"><a href=\"https:\/\/proventuss.eu\/uk\/%d0%ba%d0%b0%d0%bb%d1%8c%d0%ba%d1%83%d0%bb%d1%8f%d1%82%d0%be%d1%80-%d1%82%d0%b0%d0%b1%d0%bb%d0%b8%d1%86%d1%96-%d0%b2%d0%b8%d1%82%d1%80%d0%b0%d1%82-%d0%bc%d0%b0%d1%82%d0%b5%d1%80%d1%96%d0%b0%d0%bb\/\" tabindex=\"-1\"><img decoding=\"async\" src=\"https:\/\/proventuss.eu\/wp-content\/uploads\/elementor\/thumbs\/1_Kalkulator-zuzycia-materialow-pp1ksqgtz32v2f4irb8gj6qiq6bxn01jbdqypngvow.jpg\" title=\"1_Kalkulator zu\u017cycia materia\u0142\u00f3w\" alt=\"1_Kalkulator zu\u017cycia materia\u0142\u00f3w\" loading=\"lazy\" \/><\/a><\/figure><div class=\"elementor-image-box-content\"><h5 class=\"elementor-image-box-title\"><a href=\"https:\/\/proventuss.eu\/uk\/%d0%ba%d0%b0%d0%bb%d1%8c%d0%ba%d1%83%d0%bb%d1%8f%d1%82%d0%be%d1%80-%d1%82%d0%b0%d0%b1%d0%bb%d0%b8%d1%86%d1%96-%d0%b2%d0%b8%d1%82%d1%80%d0%b0%d1%82-%d0%bc%d0%b0%d1%82%d0%b5%d1%80%d1%96%d0%b0%d0%bb\/\">\u041a\u0430\u043b\u044c\u043a\u0443\u043b\u044f\u0442\u043e\u0440 \u0432\u0438\u0442\u0440\u0430\u0442 \u043c\u0430\u0442\u0435\u0440\u0456\u0430\u043b\u0456\u0432<\/a><\/h5><\/div><\/div>\t\t<\/div>\n\t\t\t\t<\/div>\n\t\t\t\t<div class=\"elementor-element elementor-element-5c3ccde elementor-widget__width-initial elementor-widget-mobile__width-inherit elementor-position-top elementor-widget elementor-widget-image-box\" data-id=\"5c3ccde\" data-element_type=\"widget\" data-widget_type=\"image-box.default\">\n\t\t\t\t<div class=\"elementor-widget-container\">\n\t\t\t<div class=\"elementor-image-box-wrapper\"><figure class=\"elementor-image-box-img\"><a href=\"https:\/\/proventuss.eu\/uk\/%d0%b2%d1%96%d0%b4%d0%b5%d0%be-%d0%bf%d0%be%d1%80%d0%b0%d0%b4%d0%b8\/\" tabindex=\"-1\"><img decoding=\"async\" src=\"https:\/\/proventuss.eu\/wp-content\/uploads\/elementor\/thumbs\/2_Video-porady-pp1lahn32fdud9c32zirmpfyo6tj16j0f9d51t565s.jpg\" title=\"2_Video porady\" alt=\"2_Video porady\" loading=\"lazy\" \/><\/a><\/figure><div class=\"elementor-image-box-content\"><h5 class=\"elementor-image-box-title\"><a href=\"https:\/\/proventuss.eu\/uk\/%d0%b2%d1%96%d0%b4%d0%b5%d0%be-%d0%bf%d0%be%d1%80%d0%b0%d0%b4%d0%b8\/\">\u0412\u0406\u0414\u0415\u041e\u041f\u041e\u0420\u0410\u0414\u0418<\/a><\/h5><\/div><\/div>\t\t<\/div>\n\t\t\t\t<\/div>\n\t\t\t\t<div class=\"elementor-element elementor-element-2a8c934 elementor-widget__width-initial elementor-widget-mobile__width-inherit elementor-position-top elementor-widget elementor-widget-image-box\" data-id=\"2a8c934\" data-element_type=\"widget\" data-widget_type=\"image-box.default\">\n\t\t\t\t<div class=\"elementor-widget-container\">\n\t\t\t<div class=\"elementor-image-box-wrapper\"><figure class=\"elementor-image-box-img\"><a href=\"https:\/\/proventuss.eu\/uk\/%d1%82%d0%b5%d1%85%d0%bd%d1%96%d1%87%d0%bd%d1%96-%d0%bf%d0%be%d1%80%d0%b0%d0%b4%d0%b8\/\" tabindex=\"-1\"><img decoding=\"async\" src=\"https:\/\/proventuss.eu\/wp-content\/uploads\/elementor\/thumbs\/3_Porady-techniczne-pp1lg3qdvt2hpf6jawvk0sg2e15g03tav1mj8atj00.jpg\" title=\"3_Porady techniczne\" alt=\"3_Porady techniczne\" loading=\"lazy\" \/><\/a><\/figure><div class=\"elementor-image-box-content\"><h5 class=\"elementor-image-box-title\"><a href=\"https:\/\/proventuss.eu\/uk\/%d1%82%d0%b5%d1%85%d0%bd%d1%96%d1%87%d0%bd%d1%96-%d0%bf%d0%be%d1%80%d0%b0%d0%b4%d0%b8\/\">\u0422\u0435\u0445\u043d\u0456\u0447\u043d\u0456 \u043f\u043e\u0440\u0430\u0434\u0438<\/a><\/h5><\/div><\/div>\t\t<\/div>\n\t\t\t\t<\/div>\n\t\t\t\t<div class=\"elementor-element elementor-element-927b51c elementor-widget__width-initial elementor-widget-mobile__width-inherit elementor-position-top elementor-widget elementor-widget-image-box\" data-id=\"927b51c\" data-element_type=\"widget\" data-widget_type=\"image-box.default\">\n\t\t\t\t<div class=\"elementor-widget-container\">\n\t\t\t<div class=\"elementor-image-box-wrapper\"><figure class=\"elementor-image-box-img\"><a href=\"https:\/\/proventuss.eu\/uk\/%d1%96%d0%bd%d1%81%d1%82%d1%80%d1%83%d0%ba%d1%86%d1%96%d1%8f-%d0%bf%d0%be-%d0%b7%d0%b1%d1%96%d1%80%d1%86%d1%96\/\" tabindex=\"-1\"><img decoding=\"async\" src=\"https:\/\/proventuss.eu\/wp-content\/uploads\/elementor\/thumbs\/4_Instrukcje-montazu-pp1lix8ydwxgjb32u4r9i2tujn933f0b902z26n0c0.jpg\" title=\"4_Instrukcje monta\u017cu\" alt=\"4_Instrukcje monta\u017cu\" loading=\"lazy\" \/><\/a><\/figure><div class=\"elementor-image-box-content\"><h5 class=\"elementor-image-box-title\"><a href=\"https:\/\/proventuss.eu\/uk\/%d1%96%d0%bd%d1%81%d1%82%d1%80%d1%83%d0%ba%d1%86%d1%96%d1%8f-%d0%bf%d0%be-%d0%b7%d0%b1%d1%96%d1%80%d1%86%d1%96\/\">\u0406\u041d\u0421\u0422\u0420\u0423\u041a\u0426\u0406\u042f \u0417 \u041c\u041e\u041d\u0422\u0410\u0416\u0423<\/a><\/h5><\/div><\/div>\t\t<\/div>\n\t\t\t\t<\/div>\n\t\t\t\t<div class=\"elementor-element elementor-element-bde74f9 elementor-widget__width-initial elementor-widget-mobile__width-inherit elementor-position-top elementor-widget elementor-widget-image-box\" data-id=\"bde74f9\" data-element_type=\"widget\" data-widget_type=\"image-box.default\">\n\t\t\t\t<div class=\"elementor-widget-container\">\n\t\t\t<div class=\"elementor-image-box-wrapper\"><figure class=\"elementor-image-box-img\"><a href=\"https:\/\/proventuss.eu\/uk\/pdf-%d0%ba%d0%b0%d1%82%d0%b0%d0%bb%d0%be%d0%b3%d0%b8\/\" tabindex=\"-1\"><img decoding=\"async\" src=\"https:\/\/proventuss.eu\/wp-content\/uploads\/elementor\/thumbs\/5_Katalogi-pdf-pp1lm7omb1fl66b1mjy988xxe71c1a2hpaa5j1rek0.jpg\" title=\"5_Katalogi pdf\" alt=\"5_Katalogi pdf\" loading=\"lazy\" \/><\/a><\/figure><div class=\"elementor-image-box-content\"><h5 class=\"elementor-image-box-title\"><a href=\"https:\/\/proventuss.eu\/uk\/pdf-%d0%ba%d0%b0%d1%82%d0%b0%d0%bb%d0%be%d0%b3%d0%b8\/\">PDF \u041a\u0410\u0422\u0410\u041b\u041e\u0413\u0418<\/a><\/h5><\/div><\/div>\t\t<\/div>\n\t\t\t\t<\/div>\n\t\t\t\t\t<\/div>\n\t\t<\/div>\n\t\t\t\t\t<\/div>\n\t\t<\/section>\n\t\t\t\t<\/div>\n\t\t","protected":false},"excerpt":{"rendered":"<p>\u041a\u0430\u043b\u044c\u043a\u0443\u043b\u044f\u0442\u043e\u0440 \u0432\u0438\u0442\u0440\u0430\u0442 \u043c\u0430\u0442\u0435\u0440\u0456\u0430\u043b\u0456\u0432 \u0412\u0406\u0414\u0415\u041e\u041f\u041e\u0420\u0410\u0414\u0418 \u0422\u0435\u0445\u043d\u0456\u0447\u043d\u0456 \u043f\u043e\u0440\u0430\u0434\u0438 \u0406\u041d\u0421\u0422\u0420\u0423\u041a\u0426\u0406\u042f \u0417 \u041c\u041e\u041d\u0422\u0410\u0416\u0423 PDF \u041a\u0410\u0422\u0410\u041b\u041e\u0413\u0418<\/p>\n","protected":false},"author":1,"featured_media":0,"parent":0,"menu_order":0,"comment_status":"closed","ping_status":"closed","template":"elementor_header_footer","meta":{"_acf_changed":false,"footnotes":""},"acf":[],"yoast_head":"<!-- This site is optimized with the Yoast SEO plugin v22.9 - https:\/\/yoast.com\/wordpress\/plugins\/seo\/ -->\n<title>\u041f\u043e\u0440\u0430\u0434\u0438 - Proventuss<\/title>\n<meta name=\"robots\" content=\"index, follow, max-snippet:-1, max-image-preview:large, max-video-preview:-1\" \/>\n<link rel=\"canonical\" href=\"https:\/\/proventuss.eu\/uk\/\u043f\u043e\u0440\u0430\u0434\u0438\/\" \/>\n<meta property=\"og:locale\" content=\"uk_UA\" \/>\n<meta property=\"og:type\" content=\"article\" \/>\n<meta property=\"og:title\" content=\"\u041f\u043e\u0440\u0430\u0434\u0438 - Proventuss\" \/>\n<meta property=\"og:description\" content=\"\u041a\u0430\u043b\u044c\u043a\u0443\u043b\u044f\u0442\u043e\u0440 \u0432\u0438\u0442\u0440\u0430\u0442 \u043c\u0430\u0442\u0435\u0440\u0456\u0430\u043b\u0456\u0432 \u0412\u0406\u0414\u0415\u041e\u041f\u041e\u0420\u0410\u0414\u0418 \u0422\u0435\u0445\u043d\u0456\u0447\u043d\u0456 \u043f\u043e\u0440\u0430\u0434\u0438 \u0406\u041d\u0421\u0422\u0420\u0423\u041a\u0426\u0406\u042f \u0417 \u041c\u041e\u041d\u0422\u0410\u0416\u0423 PDF \u041a\u0410\u0422\u0410\u041b\u041e\u0413\u0418\" \/>\n<meta property=\"og:url\" content=\"https:\/\/proventuss.eu\/uk\/\u043f\u043e\u0440\u0430\u0434\u0438\/\" \/>\n<meta property=\"og:site_name\" content=\"Proventuss\" \/>\n<meta property=\"article:modified_time\" content=\"2022-09-09T14:26:26+00:00\" \/>\n<meta property=\"og:image\" content=\"https:\/\/proventuss.eu\/wp-content\/uploads\/elementor\/thumbs\/1_Kalkulator-zuzycia-materialow-pp1ksqgtz32v2f4irb8gj6qiq6bxn01jbdqypngvow.jpg\" \/>\n<meta name=\"twitter:card\" content=\"summary_large_image\" \/>\n<meta name=\"twitter:label1\" content=\"\u041f\u0440\u0438\u0431\u043b. \u0447\u0430\u0441 \u0447\u0438\u0442\u0430\u043d\u043d\u044f\" \/>\n\t<meta name=\"twitter:data1\" content=\"2 \u0445\u0432\u0438\u043b\u0438\u043d\u0438\" \/>\n<script type=\"application\/ld+json\" class=\"yoast-schema-graph\">{\"@context\":\"https:\/\/schema.org\",\"@graph\":[{\"@type\":\"WebPage\",\"@id\":\"https:\/\/proventuss.eu\/uk\/%d0%bf%d0%be%d1%80%d0%b0%d0%b4%d0%b8\/\",\"url\":\"https:\/\/proventuss.eu\/uk\/%d0%bf%d0%be%d1%80%d0%b0%d0%b4%d0%b8\/\",\"name\":\"\u041f\u043e\u0440\u0430\u0434\u0438 - Proventuss\",\"isPartOf\":{\"@id\":\"https:\/\/proventuss.eu\/#website\"},\"primaryImageOfPage\":{\"@id\":\"https:\/\/proventuss.eu\/uk\/%d0%bf%d0%be%d1%80%d0%b0%d0%b4%d0%b8\/#primaryimage\"},\"image\":{\"@id\":\"https:\/\/proventuss.eu\/uk\/%d0%bf%d0%be%d1%80%d0%b0%d0%b4%d0%b8\/#primaryimage\"},\"thumbnailUrl\":\"https:\/\/proventuss.eu\/wp-content\/uploads\/elementor\/thumbs\/1_Kalkulator-zuzycia-materialow-pp1ksqgtz32v2f4irb8gj6qiq6bxn01jbdqypngvow.jpg\",\"datePublished\":\"2022-05-19T11:27:27+00:00\",\"dateModified\":\"2022-09-09T14:26:26+00:00\",\"breadcrumb\":{\"@id\":\"https:\/\/proventuss.eu\/uk\/%d0%bf%d0%be%d1%80%d0%b0%d0%b4%d0%b8\/#breadcrumb\"},\"inLanguage\":\"uk\",\"potentialAction\":[{\"@type\":\"ReadAction\",\"target\":[\"https:\/\/proventuss.eu\/uk\/%d0%bf%d0%be%d1%80%d0%b0%d0%b4%d0%b8\/\"]}]},{\"@type\":\"ImageObject\",\"inLanguage\":\"uk\",\"@id\":\"https:\/\/proventuss.eu\/uk\/%d0%bf%d0%be%d1%80%d0%b0%d0%b4%d0%b8\/#primaryimage\",\"url\":\"https:\/\/proventuss.eu\/wp-content\/uploads\/elementor\/thumbs\/1_Kalkulator-zuzycia-materialow-pp1ksqgtz32v2f4irb8gj6qiq6bxn01jbdqypngvow.jpg\",\"contentUrl\":\"https:\/\/proventuss.eu\/wp-content\/uploads\/elementor\/thumbs\/1_Kalkulator-zuzycia-materialow-pp1ksqgtz32v2f4irb8gj6qiq6bxn01jbdqypngvow.jpg\"},{\"@type\":\"BreadcrumbList\",\"@id\":\"https:\/\/proventuss.eu\/uk\/%d0%bf%d0%be%d1%80%d0%b0%d0%b4%d0%b8\/#breadcrumb\",\"itemListElement\":[{\"@type\":\"ListItem\",\"position\":1,\"name\":\"Home\",\"item\":\"https:\/\/proventuss.eu\/uk\/\"},{\"@type\":\"ListItem\",\"position\":2,\"name\":\"\u041f\u043e\u0440\u0430\u0434\u0438\"}]},{\"@type\":\"WebSite\",\"@id\":\"https:\/\/proventuss.eu\/#website\",\"url\":\"https:\/\/proventuss.eu\/\",\"name\":\"Proventuss\",\"description\":\"\",\"potentialAction\":[{\"@type\":\"SearchAction\",\"target\":{\"@type\":\"EntryPoint\",\"urlTemplate\":\"https:\/\/proventuss.eu\/?s={search_term_string}\"},\"query-input\":\"required name=search_term_string\"}],\"inLanguage\":\"uk\"}]}<\/script>\n<!-- \/ Yoast SEO plugin. -->","yoast_head_json":{"title":"\u041f\u043e\u0440\u0430\u0434\u0438 - Proventuss","robots":{"index":"index","follow":"follow","max-snippet":"max-snippet:-1","max-image-preview":"max-image-preview:large","max-video-preview":"max-video-preview:-1"},"canonical":"https:\/\/proventuss.eu\/uk\/\u043f\u043e\u0440\u0430\u0434\u0438\/","og_locale":"uk_UA","og_type":"article","og_title":"\u041f\u043e\u0440\u0430\u0434\u0438 - Proventuss","og_description":"\u041a\u0430\u043b\u044c\u043a\u0443\u043b\u044f\u0442\u043e\u0440 \u0432\u0438\u0442\u0440\u0430\u0442 \u043c\u0430\u0442\u0435\u0440\u0456\u0430\u043b\u0456\u0432 \u0412\u0406\u0414\u0415\u041e\u041f\u041e\u0420\u0410\u0414\u0418 \u0422\u0435\u0445\u043d\u0456\u0447\u043d\u0456 \u043f\u043e\u0440\u0430\u0434\u0438 \u0406\u041d\u0421\u0422\u0420\u0423\u041a\u0426\u0406\u042f \u0417 \u041c\u041e\u041d\u0422\u0410\u0416\u0423 PDF \u041a\u0410\u0422\u0410\u041b\u041e\u0413\u0418","og_url":"https:\/\/proventuss.eu\/uk\/\u043f\u043e\u0440\u0430\u0434\u0438\/","og_site_name":"Proventuss","article_modified_time":"2022-09-09T14:26:26+00:00","og_image":[{"url":"https:\/\/proventuss.eu\/wp-content\/uploads\/elementor\/thumbs\/1_Kalkulator-zuzycia-materialow-pp1ksqgtz32v2f4irb8gj6qiq6bxn01jbdqypngvow.jpg"}],"twitter_card":"summary_large_image","twitter_misc":{"\u041f\u0440\u0438\u0431\u043b. \u0447\u0430\u0441 \u0447\u0438\u0442\u0430\u043d\u043d\u044f":"2 \u0445\u0432\u0438\u043b\u0438\u043d\u0438"},"schema":{"@context":"https:\/\/schema.org","@graph":[{"@type":"WebPage","@id":"https:\/\/proventuss.eu\/uk\/%d0%bf%d0%be%d1%80%d0%b0%d0%b4%d0%b8\/","url":"https:\/\/proventuss.eu\/uk\/%d0%bf%d0%be%d1%80%d0%b0%d0%b4%d0%b8\/","name":"\u041f\u043e\u0440\u0430\u0434\u0438 - Proventuss","isPartOf":{"@id":"https:\/\/proventuss.eu\/#website"},"primaryImageOfPage":{"@id":"https:\/\/proventuss.eu\/uk\/%d0%bf%d0%be%d1%80%d0%b0%d0%b4%d0%b8\/#primaryimage"},"image":{"@id":"https:\/\/proventuss.eu\/uk\/%d0%bf%d0%be%d1%80%d0%b0%d0%b4%d0%b8\/#primaryimage"},"thumbnailUrl":"https:\/\/proventuss.eu\/wp-content\/uploads\/elementor\/thumbs\/1_Kalkulator-zuzycia-materialow-pp1ksqgtz32v2f4irb8gj6qiq6bxn01jbdqypngvow.jpg","datePublished":"2022-05-19T11:27:27+00:00","dateModified":"2022-09-09T14:26:26+00:00","breadcrumb":{"@id":"https:\/\/proventuss.eu\/uk\/%d0%bf%d0%be%d1%80%d0%b0%d0%b4%d0%b8\/#breadcrumb"},"inLanguage":"uk","potentialAction":[{"@type":"ReadAction","target":["https:\/\/proventuss.eu\/uk\/%d0%bf%d0%be%d1%80%d0%b0%d0%b4%d0%b8\/"]}]},{"@type":"ImageObject","inLanguage":"uk","@id":"https:\/\/proventuss.eu\/uk\/%d0%bf%d0%be%d1%80%d0%b0%d0%b4%d0%b8\/#primaryimage","url":"https:\/\/proventuss.eu\/wp-content\/uploads\/elementor\/thumbs\/1_Kalkulator-zuzycia-materialow-pp1ksqgtz32v2f4irb8gj6qiq6bxn01jbdqypngvow.jpg","contentUrl":"https:\/\/proventuss.eu\/wp-content\/uploads\/elementor\/thumbs\/1_Kalkulator-zuzycia-materialow-pp1ksqgtz32v2f4irb8gj6qiq6bxn01jbdqypngvow.jpg"},{"@type":"BreadcrumbList","@id":"https:\/\/proventuss.eu\/uk\/%d0%bf%d0%be%d1%80%d0%b0%d0%b4%d0%b8\/#breadcrumb","itemListElement":[{"@type":"ListItem","position":1,"name":"Home","item":"https:\/\/proventuss.eu\/uk\/"},{"@type":"ListItem","position":2,"name":"\u041f\u043e\u0440\u0430\u0434\u0438"}]},{"@type":"WebSite","@id":"https:\/\/proventuss.eu\/#website","url":"https:\/\/proventuss.eu\/","name":"Proventuss","description":"","potentialAction":[{"@type":"SearchAction","target":{"@type":"EntryPoint","urlTemplate":"https:\/\/proventuss.eu\/?s={search_term_string}"},"query-input":"required name=search_term_string"}],"inLanguage":"uk"}]}},"_links":{"self":[{"href":"https:\/\/proventuss.eu\/uk\/wp-json\/wp\/v2\/pages\/7178"}],"collection":[{"href":"https:\/\/proventuss.eu\/uk\/wp-json\/wp\/v2\/pages"}],"about":[{"href":"https:\/\/proventuss.eu\/uk\/wp-json\/wp\/v2\/types\/page"}],"author":[{"embeddable":true,"href":"https:\/\/proventuss.eu\/uk\/wp-json\/wp\/v2\/users\/1"}],"replies":[{"embeddable":true,"href":"https:\/\/proventuss.eu\/uk\/wp-json\/wp\/v2\/comments?post=7178"}],"version-history":[{"count":4,"href":"https:\/\/proventuss.eu\/uk\/wp-json\/wp\/v2\/pages\/7178\/revisions"}],"predecessor-version":[{"id":8420,"href":"https:\/\/proventuss.eu\/uk\/wp-json\/wp\/v2\/pages\/7178\/revisions\/8420"}],"wp:attachment":[{"href":"https:\/\/proventuss.eu\/uk\/wp-json\/wp\/v2\/media?parent=7178"}],"curies":[{"name":"wp","href":"https:\/\/api.w.org\/{rel}","templated":true}]}}