{"id":8909,"date":"2022-04-26T12:01:58","date_gmt":"2022-04-26T12:01:58","guid":{"rendered":"https:\/\/proventuss.eu\/produkt\/dowsil-3535-catalyst-cleaner-clear\/"},"modified":"2022-04-26T12:01:58","modified_gmt":"2022-04-26T12:01:58","slug":"dowsil-3535-catalyst-cleaner-clear","status":"publish","type":"product","link":"https:\/\/proventuss.eu\/sk\/produkt\/dowsil-3535-catalyst-cleaner-clear\/","title":{"rendered":"DOWSIL 3535 CATALYST CLEANER-CLEAR"},"content":{"rendered":"<p><strong>\u010cISTIDLO NA VETVY KATALYZ\u00c1TORU<\/strong> pre 2-zlo\u017ekov\u00e9 d\u00e1vkovacie zariadenie. Umo\u017e\u0148uje r\u00fdchlu a jednoduch\u00fa v\u00fdmenu r\u00f4znych farieb katalyz\u00e1tora silik\u00f3nov\u00fdch tmelov, ktor\u00e9 sa pou\u017e\u00edvaj\u00fa v izola\u010dn\u00fdch skl\u00e1ch, \u0161truktur\u00e1lnych zaskleniach alebo sol\u00e1rnych a fotovoltaick\u00fdch aplik\u00e1ci\u00e1ch.<\/p>\n<p><strong>V\u00ddHODY:<\/strong><br \/>\n\u2022 Umo\u017e\u0148uje r\u00fdchlu v\u00fdmenu farby katalyz\u00e1tora vo v\u00fdrobe<br \/>\n\u2022 Jednoduch\u00e9 a bezpe\u010dn\u00e9 pou\u017eitie<br \/>\n\u2022 Dlh\u00e1 doba skladovania<br \/>\n\u2022 Bez z\u00e1pachu<br \/>\n\u2022 Nekoroz\u00edvne<br \/>\n\u2022 Kompatibiln\u00fd so v\u0161etk\u00fdmi tmelmi Dowsil<\/p>\n<p>BALENIE: 22 kg vedro<br \/>\nFarba: kry\u0161talicky \u010d\u00edry g\u00e9l<\/p>\n","protected":false},"excerpt":{"rendered":"<p>\u010cISTIDLO NA VETVY KATALYZ\u00c1TORU pre 2-zlo\u017ekov\u00e9 d\u00e1vkovacie zariadenie. Umo\u017e\u0148uje r\u00fdchlu a jednoduch\u00fa v\u00fdmenu r\u00f4znych farieb katalyz\u00e1tora silik\u00f3nov\u00fdch tmelov, ktor\u00e9 sa pou\u017e\u00edvaj\u00fa v izola\u010dn\u00fdch skl\u00e1ch, \u0161truktur\u00e1lnych zaskleniach alebo sol\u00e1rnych a fotovoltaick\u00fdch aplik\u00e1ci\u00e1ch. V\u00ddHODY: \u2022 Umo\u017e\u0148uje r\u00fdchlu v\u00fdmenu farby katalyz\u00e1tora vo v\u00fdrobe \u2022 Jednoduch\u00e9 a bezpe\u010dn\u00e9 pou\u017eitie \u2022 Dlh\u00e1 doba skladovania \u2022 Bez z\u00e1pachu \u2022 Nekoroz\u00edvne \u2022 [&hellip;]<\/p>\n","protected":false},"featured_media":7342,"comment_status":"open","ping_status":"closed","template":"","meta":{"_acf_changed":false},"product_cat":[383],"product_tag":[],"acf":[],"yoast_head":"<!-- This site is optimized with the Yoast SEO plugin v22.9 - https:\/\/yoast.com\/wordpress\/plugins\/seo\/ -->\n<title>DOWSIL 3535 CATALYST CLEANER-CLEAR - Proventuss<\/title>\n<meta name=\"robots\" content=\"index, follow, max-snippet:-1, max-image-preview:large, max-video-preview:-1\" \/>\n<link rel=\"canonical\" href=\"https:\/\/proventuss.eu\/sk\/produkt\/dowsil-3535-catalyst-cleaner-clear\/\" \/>\n<meta property=\"og:locale\" content=\"sk_SK\" \/>\n<meta property=\"og:type\" content=\"article\" \/>\n<meta property=\"og:title\" content=\"DOWSIL 3535 CATALYST CLEANER-CLEAR - Proventuss\" \/>\n<meta property=\"og:description\" content=\"\u010cISTIDLO NA VETVY KATALYZ\u00c1TORU pre 2-zlo\u017ekov\u00e9 d\u00e1vkovacie zariadenie. Umo\u017e\u0148uje r\u00fdchlu a jednoduch\u00fa v\u00fdmenu r\u00f4znych farieb katalyz\u00e1tora silik\u00f3nov\u00fdch tmelov, ktor\u00e9 sa pou\u017e\u00edvaj\u00fa v izola\u010dn\u00fdch skl\u00e1ch, \u0161truktur\u00e1lnych zaskleniach alebo sol\u00e1rnych a fotovoltaick\u00fdch aplik\u00e1ci\u00e1ch. V\u00ddHODY: \u2022 Umo\u017e\u0148uje r\u00fdchlu v\u00fdmenu farby katalyz\u00e1tora vo v\u00fdrobe \u2022 Jednoduch\u00e9 a bezpe\u010dn\u00e9 pou\u017eitie \u2022 Dlh\u00e1 doba skladovania \u2022 Bez z\u00e1pachu \u2022 Nekoroz\u00edvne \u2022 [&hellip;]\" \/>\n<meta property=\"og:url\" content=\"https:\/\/proventuss.eu\/sk\/produkt\/dowsil-3535-catalyst-cleaner-clear\/\" \/>\n<meta property=\"og:site_name\" content=\"Proventuss\" \/>\n<meta property=\"og:image\" content=\"https:\/\/proventuss.eu\/wp-content\/uploads\/2022\/04\/3535-CATALYST-CLEANER-CLEAR.jpg\" \/>\n\t<meta property=\"og:image:width\" content=\"200\" \/>\n\t<meta property=\"og:image:height\" content=\"222\" \/>\n\t<meta property=\"og:image:type\" content=\"image\/jpeg\" \/>\n<meta name=\"twitter:card\" content=\"summary_large_image\" \/>\n<script type=\"application\/ld+json\" class=\"yoast-schema-graph\">{\"@context\":\"https:\/\/schema.org\",\"@graph\":[{\"@type\":\"WebPage\",\"@id\":\"https:\/\/proventuss.eu\/sk\/produkt\/dowsil-3535-catalyst-cleaner-clear\/\",\"url\":\"https:\/\/proventuss.eu\/sk\/produkt\/dowsil-3535-catalyst-cleaner-clear\/\",\"name\":\"DOWSIL 3535 CATALYST CLEANER-CLEAR - Proventuss\",\"isPartOf\":{\"@id\":\"https:\/\/proventuss.eu\/#website\"},\"primaryImageOfPage\":{\"@id\":\"https:\/\/proventuss.eu\/sk\/produkt\/dowsil-3535-catalyst-cleaner-clear\/#primaryimage\"},\"image\":{\"@id\":\"https:\/\/proventuss.eu\/sk\/produkt\/dowsil-3535-catalyst-cleaner-clear\/#primaryimage\"},\"thumbnailUrl\":\"https:\/\/proventuss.eu\/wp-content\/uploads\/2022\/04\/3535-CATALYST-CLEANER-CLEAR.jpg\",\"datePublished\":\"2022-04-26T12:01:58+00:00\",\"dateModified\":\"2022-04-26T12:01:58+00:00\",\"breadcrumb\":{\"@id\":\"https:\/\/proventuss.eu\/sk\/produkt\/dowsil-3535-catalyst-cleaner-clear\/#breadcrumb\"},\"inLanguage\":\"sk-SK\",\"potentialAction\":[{\"@type\":\"ReadAction\",\"target\":[\"https:\/\/proventuss.eu\/sk\/produkt\/dowsil-3535-catalyst-cleaner-clear\/\"]}]},{\"@type\":\"ImageObject\",\"inLanguage\":\"sk-SK\",\"@id\":\"https:\/\/proventuss.eu\/sk\/produkt\/dowsil-3535-catalyst-cleaner-clear\/#primaryimage\",\"url\":\"https:\/\/proventuss.eu\/wp-content\/uploads\/2022\/04\/3535-CATALYST-CLEANER-CLEAR.jpg\",\"contentUrl\":\"https:\/\/proventuss.eu\/wp-content\/uploads\/2022\/04\/3535-CATALYST-CLEANER-CLEAR.jpg\",\"width\":200,\"height\":222},{\"@type\":\"BreadcrumbList\",\"@id\":\"https:\/\/proventuss.eu\/sk\/produkt\/dowsil-3535-catalyst-cleaner-clear\/#breadcrumb\",\"itemListElement\":[{\"@type\":\"ListItem\",\"position\":1,\"name\":\"Home\",\"item\":\"https:\/\/proventuss.eu\/\"},{\"@type\":\"ListItem\",\"position\":2,\"name\":\"Produkty\",\"item\":\"https:\/\/proventuss.eu\/produkty\/\"},{\"@type\":\"ListItem\",\"position\":3,\"name\":\"DOWSIL 3535 CATALYST CLEANER-CLEAR\"}]},{\"@type\":\"WebSite\",\"@id\":\"https:\/\/proventuss.eu\/#website\",\"url\":\"https:\/\/proventuss.eu\/\",\"name\":\"Proventuss\",\"description\":\"\",\"potentialAction\":[{\"@type\":\"SearchAction\",\"target\":{\"@type\":\"EntryPoint\",\"urlTemplate\":\"https:\/\/proventuss.eu\/?s={search_term_string}\"},\"query-input\":\"required name=search_term_string\"}],\"inLanguage\":\"sk-SK\"}]}<\/script>\n<!-- \/ Yoast SEO plugin. -->","yoast_head_json":{"title":"DOWSIL 3535 CATALYST CLEANER-CLEAR - Proventuss","robots":{"index":"index","follow":"follow","max-snippet":"max-snippet:-1","max-image-preview":"max-image-preview:large","max-video-preview":"max-video-preview:-1"},"canonical":"https:\/\/proventuss.eu\/sk\/produkt\/dowsil-3535-catalyst-cleaner-clear\/","og_locale":"sk_SK","og_type":"article","og_title":"DOWSIL 3535 CATALYST CLEANER-CLEAR - Proventuss","og_description":"\u010cISTIDLO NA VETVY KATALYZ\u00c1TORU pre 2-zlo\u017ekov\u00e9 d\u00e1vkovacie zariadenie. Umo\u017e\u0148uje r\u00fdchlu a jednoduch\u00fa v\u00fdmenu r\u00f4znych farieb katalyz\u00e1tora silik\u00f3nov\u00fdch tmelov, ktor\u00e9 sa pou\u017e\u00edvaj\u00fa v izola\u010dn\u00fdch skl\u00e1ch, \u0161truktur\u00e1lnych zaskleniach alebo sol\u00e1rnych a fotovoltaick\u00fdch aplik\u00e1ci\u00e1ch. V\u00ddHODY: \u2022 Umo\u017e\u0148uje r\u00fdchlu v\u00fdmenu farby katalyz\u00e1tora vo v\u00fdrobe \u2022 Jednoduch\u00e9 a bezpe\u010dn\u00e9 pou\u017eitie \u2022 Dlh\u00e1 doba skladovania \u2022 Bez z\u00e1pachu \u2022 Nekoroz\u00edvne \u2022 [&hellip;]","og_url":"https:\/\/proventuss.eu\/sk\/produkt\/dowsil-3535-catalyst-cleaner-clear\/","og_site_name":"Proventuss","og_image":[{"width":200,"height":222,"url":"https:\/\/proventuss.eu\/wp-content\/uploads\/2022\/04\/3535-CATALYST-CLEANER-CLEAR.jpg","type":"image\/jpeg"}],"twitter_card":"summary_large_image","schema":{"@context":"https:\/\/schema.org","@graph":[{"@type":"WebPage","@id":"https:\/\/proventuss.eu\/sk\/produkt\/dowsil-3535-catalyst-cleaner-clear\/","url":"https:\/\/proventuss.eu\/sk\/produkt\/dowsil-3535-catalyst-cleaner-clear\/","name":"DOWSIL 3535 CATALYST CLEANER-CLEAR - Proventuss","isPartOf":{"@id":"https:\/\/proventuss.eu\/#website"},"primaryImageOfPage":{"@id":"https:\/\/proventuss.eu\/sk\/produkt\/dowsil-3535-catalyst-cleaner-clear\/#primaryimage"},"image":{"@id":"https:\/\/proventuss.eu\/sk\/produkt\/dowsil-3535-catalyst-cleaner-clear\/#primaryimage"},"thumbnailUrl":"https:\/\/proventuss.eu\/wp-content\/uploads\/2022\/04\/3535-CATALYST-CLEANER-CLEAR.jpg","datePublished":"2022-04-26T12:01:58+00:00","dateModified":"2022-04-26T12:01:58+00:00","breadcrumb":{"@id":"https:\/\/proventuss.eu\/sk\/produkt\/dowsil-3535-catalyst-cleaner-clear\/#breadcrumb"},"inLanguage":"sk-SK","potentialAction":[{"@type":"ReadAction","target":["https:\/\/proventuss.eu\/sk\/produkt\/dowsil-3535-catalyst-cleaner-clear\/"]}]},{"@type":"ImageObject","inLanguage":"sk-SK","@id":"https:\/\/proventuss.eu\/sk\/produkt\/dowsil-3535-catalyst-cleaner-clear\/#primaryimage","url":"https:\/\/proventuss.eu\/wp-content\/uploads\/2022\/04\/3535-CATALYST-CLEANER-CLEAR.jpg","contentUrl":"https:\/\/proventuss.eu\/wp-content\/uploads\/2022\/04\/3535-CATALYST-CLEANER-CLEAR.jpg","width":200,"height":222},{"@type":"BreadcrumbList","@id":"https:\/\/proventuss.eu\/sk\/produkt\/dowsil-3535-catalyst-cleaner-clear\/#breadcrumb","itemListElement":[{"@type":"ListItem","position":1,"name":"Home","item":"https:\/\/proventuss.eu\/"},{"@type":"ListItem","position":2,"name":"Produkty","item":"https:\/\/proventuss.eu\/produkty\/"},{"@type":"ListItem","position":3,"name":"DOWSIL 3535 CATALYST CLEANER-CLEAR"}]},{"@type":"WebSite","@id":"https:\/\/proventuss.eu\/#website","url":"https:\/\/proventuss.eu\/","name":"Proventuss","description":"","potentialAction":[{"@type":"SearchAction","target":{"@type":"EntryPoint","urlTemplate":"https:\/\/proventuss.eu\/?s={search_term_string}"},"query-input":"required name=search_term_string"}],"inLanguage":"sk-SK"}]}},"_links":{"self":[{"href":"https:\/\/proventuss.eu\/sk\/wp-json\/wp\/v2\/product\/8909"}],"collection":[{"href":"https:\/\/proventuss.eu\/sk\/wp-json\/wp\/v2\/product"}],"about":[{"href":"https:\/\/proventuss.eu\/sk\/wp-json\/wp\/v2\/types\/product"}],"replies":[{"embeddable":true,"href":"https:\/\/proventuss.eu\/sk\/wp-json\/wp\/v2\/comments?post=8909"}],"wp:featuredmedia":[{"embeddable":true,"href":"https:\/\/proventuss.eu\/sk\/wp-json\/wp\/v2\/media\/7342"}],"wp:attachment":[{"href":"https:\/\/proventuss.eu\/sk\/wp-json\/wp\/v2\/media?parent=8909"}],"wp:term":[{"taxonomy":"product_cat","embeddable":true,"href":"https:\/\/proventuss.eu\/sk\/wp-json\/wp\/v2\/product_cat?post=8909"},{"taxonomy":"product_tag","embeddable":true,"href":"https:\/\/proventuss.eu\/sk\/wp-json\/wp\/v2\/product_tag?post=8909"}],"curies":[{"name":"wp","href":"https:\/\/api.w.org\/{rel}","templated":true}]}}