{"id":8908,"date":"2022-04-26T12:00:35","date_gmt":"2022-04-26T12:00:35","guid":{"rendered":"https:\/\/proventuss.eu\/produkt\/dowsil-3522-cleaning-solvent-concentrated\/"},"modified":"2022-04-26T12:00:35","modified_gmt":"2022-04-26T12:00:35","slug":"dowsil-3522-cleaning-solvent-concentrated","status":"publish","type":"product","link":"https:\/\/proventuss.eu\/sk\/produkt\/dowsil-3522-cleaning-solvent-concentrated\/","title":{"rendered":"DOWSIL 3522 CLEANING SOLVENT CONCENTRATED"},"content":{"rendered":"<p><strong>KONCENTROVAN\u00dd \u010cISTIACI ROZTOK<\/strong> je pou\u017e\u00edvan\u00fd na \u010distenie d\u00e1vkovac\u00edch zariaden\u00ed pre dvojkomponentn\u00e9 silik\u00f3nov\u00e9 tmely. V\u00fdrobok neobsahuje halog\u00e9nov\u00e9 rozp\u00fa\u0161\u0165adl\u00e1 a bol \u0161peci\u00e1lne vyvinut\u00fd na rozpustenie vytvrden\u00e9ho silik\u00f3nov\u00e9ho tmelu v hadiciach a zmie\u0161ava\u010doch zariaden\u00ed.<\/p>\n<p>V\u00fdrobok je mo\u017en\u00e9 priebe\u017ene recirkulova\u0165 v zariaden\u00ed, aby bolo zaisten\u00e9 starostliv\u00e9 vy\u010distenie had\u00edc a \u010dast\u00ed stroja. Vytvrdnut\u00fd tmel zhroma\u017eden\u00fd v n\u00e1dobe na recykl\u00e1ciu rozp\u00fa\u0161\u0165adla sa usadzuje a na zlep\u0161enie \u017eivotnosti rozp\u00fa\u0161\u0165adla v stroji je potrebn\u00e9 ho pravidelne odstra\u0148ova\u0165. Rozp\u00fa\u0161\u0165adlo je mo\u017en\u00e9 v\u010faka jeho schopnosti odstra\u0148ova\u0165 vytvrden\u00e9 a tvrdn\u00face silik\u00f3nov\u00e9 elastom\u00e9ry pou\u017ei\u0165 aj na \u010distenie podl\u00e1h a aplika\u010dn\u00fdch strojov na pracovisku, kde je spracov\u00e1van\u00fd silik\u00f3n.<\/p>\n<p><strong>V\u00ddHODY:<\/strong><br \/>\n\u2022 R\u00fdchle rozpustenie vytvrdnut\u00e9ho silik\u00f3nov\u00e9ho tmelu<br \/>\n\u2022 Nehalog\u00e9nov\u00e9 rozp\u00fa\u0161\u0165adlo<br \/>\n\u2022 Nehor\u013eav\u00fd<br \/>\n\u2022 Kompatibiln\u00fd so v\u0161etk\u00fdmi tmelmi Dowsil<\/p>\n<p>BALENIE: 25 L plechovka, 250 L sud<br \/>\nFARBA: hnedast\u00e1 tekutina<\/p>\n","protected":false},"excerpt":{"rendered":"<p>KONCENTROVAN\u00dd \u010cISTIACI ROZTOK je pou\u017e\u00edvan\u00fd na \u010distenie d\u00e1vkovac\u00edch zariaden\u00ed pre dvojkomponentn\u00e9 silik\u00f3nov\u00e9 tmely. V\u00fdrobok neobsahuje halog\u00e9nov\u00e9 rozp\u00fa\u0161\u0165adl\u00e1 a bol \u0161peci\u00e1lne vyvinut\u00fd na rozpustenie vytvrden\u00e9ho silik\u00f3nov\u00e9ho tmelu v hadiciach a zmie\u0161ava\u010doch zariaden\u00ed. V\u00fdrobok je mo\u017en\u00e9 priebe\u017ene recirkulova\u0165 v zariaden\u00ed, aby bolo zaisten\u00e9 starostliv\u00e9 vy\u010distenie had\u00edc a \u010dast\u00ed stroja. Vytvrdnut\u00fd tmel zhroma\u017eden\u00fd v n\u00e1dobe na recykl\u00e1ciu rozp\u00fa\u0161\u0165adla [&hellip;]<\/p>\n","protected":false},"featured_media":7363,"comment_status":"open","ping_status":"closed","template":"","meta":{"_acf_changed":false},"product_cat":[383],"product_tag":[],"acf":[],"yoast_head":"<!-- This site is optimized with the Yoast SEO plugin v22.9 - https:\/\/yoast.com\/wordpress\/plugins\/seo\/ -->\n<title>DOWSIL 3522 CLEANING SOLVENT CONCENTRATED - Proventuss<\/title>\n<meta name=\"robots\" content=\"index, follow, max-snippet:-1, max-image-preview:large, max-video-preview:-1\" \/>\n<link rel=\"canonical\" href=\"https:\/\/proventuss.eu\/sk\/produkt\/dowsil-3522-cleaning-solvent-concentrated\/\" \/>\n<meta property=\"og:locale\" content=\"sk_SK\" \/>\n<meta property=\"og:type\" content=\"article\" \/>\n<meta property=\"og:title\" content=\"DOWSIL 3522 CLEANING SOLVENT CONCENTRATED - Proventuss\" \/>\n<meta property=\"og:description\" content=\"KONCENTROVAN\u00dd \u010cISTIACI ROZTOK je pou\u017e\u00edvan\u00fd na \u010distenie d\u00e1vkovac\u00edch zariaden\u00ed pre dvojkomponentn\u00e9 silik\u00f3nov\u00e9 tmely. V\u00fdrobok neobsahuje halog\u00e9nov\u00e9 rozp\u00fa\u0161\u0165adl\u00e1 a bol \u0161peci\u00e1lne vyvinut\u00fd na rozpustenie vytvrden\u00e9ho silik\u00f3nov\u00e9ho tmelu v hadiciach a zmie\u0161ava\u010doch zariaden\u00ed. V\u00fdrobok je mo\u017en\u00e9 priebe\u017ene recirkulova\u0165 v zariaden\u00ed, aby bolo zaisten\u00e9 starostliv\u00e9 vy\u010distenie had\u00edc a \u010dast\u00ed stroja. Vytvrdnut\u00fd tmel zhroma\u017eden\u00fd v n\u00e1dobe na recykl\u00e1ciu rozp\u00fa\u0161\u0165adla [&hellip;]\" \/>\n<meta property=\"og:url\" content=\"https:\/\/proventuss.eu\/sk\/produkt\/dowsil-3522-cleaning-solvent-concentrated\/\" \/>\n<meta property=\"og:site_name\" content=\"Proventuss\" \/>\n<meta property=\"og:image\" content=\"https:\/\/proventuss.eu\/wp-content\/uploads\/2022\/04\/3522.jpg\" \/>\n\t<meta property=\"og:image:width\" content=\"640\" \/>\n\t<meta property=\"og:image:height\" content=\"640\" \/>\n\t<meta property=\"og:image:type\" content=\"image\/jpeg\" \/>\n<meta name=\"twitter:card\" content=\"summary_large_image\" \/>\n<meta name=\"twitter:label1\" content=\"Predpokladan\u00fd \u010das \u010d\u00edtania\" \/>\n\t<meta name=\"twitter:data1\" content=\"1 min\u00fata\" \/>\n<script type=\"application\/ld+json\" class=\"yoast-schema-graph\">{\"@context\":\"https:\/\/schema.org\",\"@graph\":[{\"@type\":\"WebPage\",\"@id\":\"https:\/\/proventuss.eu\/sk\/produkt\/dowsil-3522-cleaning-solvent-concentrated\/\",\"url\":\"https:\/\/proventuss.eu\/sk\/produkt\/dowsil-3522-cleaning-solvent-concentrated\/\",\"name\":\"DOWSIL 3522 CLEANING SOLVENT CONCENTRATED - Proventuss\",\"isPartOf\":{\"@id\":\"https:\/\/proventuss.eu\/#website\"},\"primaryImageOfPage\":{\"@id\":\"https:\/\/proventuss.eu\/sk\/produkt\/dowsil-3522-cleaning-solvent-concentrated\/#primaryimage\"},\"image\":{\"@id\":\"https:\/\/proventuss.eu\/sk\/produkt\/dowsil-3522-cleaning-solvent-concentrated\/#primaryimage\"},\"thumbnailUrl\":\"https:\/\/proventuss.eu\/wp-content\/uploads\/2022\/04\/3522.jpg\",\"datePublished\":\"2022-04-26T12:00:35+00:00\",\"dateModified\":\"2022-04-26T12:00:35+00:00\",\"breadcrumb\":{\"@id\":\"https:\/\/proventuss.eu\/sk\/produkt\/dowsil-3522-cleaning-solvent-concentrated\/#breadcrumb\"},\"inLanguage\":\"sk-SK\",\"potentialAction\":[{\"@type\":\"ReadAction\",\"target\":[\"https:\/\/proventuss.eu\/sk\/produkt\/dowsil-3522-cleaning-solvent-concentrated\/\"]}]},{\"@type\":\"ImageObject\",\"inLanguage\":\"sk-SK\",\"@id\":\"https:\/\/proventuss.eu\/sk\/produkt\/dowsil-3522-cleaning-solvent-concentrated\/#primaryimage\",\"url\":\"https:\/\/proventuss.eu\/wp-content\/uploads\/2022\/04\/3522.jpg\",\"contentUrl\":\"https:\/\/proventuss.eu\/wp-content\/uploads\/2022\/04\/3522.jpg\",\"width\":640,\"height\":640},{\"@type\":\"BreadcrumbList\",\"@id\":\"https:\/\/proventuss.eu\/sk\/produkt\/dowsil-3522-cleaning-solvent-concentrated\/#breadcrumb\",\"itemListElement\":[{\"@type\":\"ListItem\",\"position\":1,\"name\":\"Home\",\"item\":\"https:\/\/proventuss.eu\/\"},{\"@type\":\"ListItem\",\"position\":2,\"name\":\"Produkty\",\"item\":\"https:\/\/proventuss.eu\/produkty\/\"},{\"@type\":\"ListItem\",\"position\":3,\"name\":\"DOWSIL 3522 CLEANING SOLVENT CONCENTRATED\"}]},{\"@type\":\"WebSite\",\"@id\":\"https:\/\/proventuss.eu\/#website\",\"url\":\"https:\/\/proventuss.eu\/\",\"name\":\"Proventuss\",\"description\":\"\",\"potentialAction\":[{\"@type\":\"SearchAction\",\"target\":{\"@type\":\"EntryPoint\",\"urlTemplate\":\"https:\/\/proventuss.eu\/?s={search_term_string}\"},\"query-input\":\"required name=search_term_string\"}],\"inLanguage\":\"sk-SK\"}]}<\/script>\n<!-- \/ Yoast SEO plugin. -->","yoast_head_json":{"title":"DOWSIL 3522 CLEANING SOLVENT CONCENTRATED - Proventuss","robots":{"index":"index","follow":"follow","max-snippet":"max-snippet:-1","max-image-preview":"max-image-preview:large","max-video-preview":"max-video-preview:-1"},"canonical":"https:\/\/proventuss.eu\/sk\/produkt\/dowsil-3522-cleaning-solvent-concentrated\/","og_locale":"sk_SK","og_type":"article","og_title":"DOWSIL 3522 CLEANING SOLVENT CONCENTRATED - Proventuss","og_description":"KONCENTROVAN\u00dd \u010cISTIACI ROZTOK je pou\u017e\u00edvan\u00fd na \u010distenie d\u00e1vkovac\u00edch zariaden\u00ed pre dvojkomponentn\u00e9 silik\u00f3nov\u00e9 tmely. V\u00fdrobok neobsahuje halog\u00e9nov\u00e9 rozp\u00fa\u0161\u0165adl\u00e1 a bol \u0161peci\u00e1lne vyvinut\u00fd na rozpustenie vytvrden\u00e9ho silik\u00f3nov\u00e9ho tmelu v hadiciach a zmie\u0161ava\u010doch zariaden\u00ed. V\u00fdrobok je mo\u017en\u00e9 priebe\u017ene recirkulova\u0165 v zariaden\u00ed, aby bolo zaisten\u00e9 starostliv\u00e9 vy\u010distenie had\u00edc a \u010dast\u00ed stroja. Vytvrdnut\u00fd tmel zhroma\u017eden\u00fd v n\u00e1dobe na recykl\u00e1ciu rozp\u00fa\u0161\u0165adla [&hellip;]","og_url":"https:\/\/proventuss.eu\/sk\/produkt\/dowsil-3522-cleaning-solvent-concentrated\/","og_site_name":"Proventuss","og_image":[{"width":640,"height":640,"url":"https:\/\/proventuss.eu\/wp-content\/uploads\/2022\/04\/3522.jpg","type":"image\/jpeg"}],"twitter_card":"summary_large_image","twitter_misc":{"Predpokladan\u00fd \u010das \u010d\u00edtania":"1 min\u00fata"},"schema":{"@context":"https:\/\/schema.org","@graph":[{"@type":"WebPage","@id":"https:\/\/proventuss.eu\/sk\/produkt\/dowsil-3522-cleaning-solvent-concentrated\/","url":"https:\/\/proventuss.eu\/sk\/produkt\/dowsil-3522-cleaning-solvent-concentrated\/","name":"DOWSIL 3522 CLEANING SOLVENT CONCENTRATED - Proventuss","isPartOf":{"@id":"https:\/\/proventuss.eu\/#website"},"primaryImageOfPage":{"@id":"https:\/\/proventuss.eu\/sk\/produkt\/dowsil-3522-cleaning-solvent-concentrated\/#primaryimage"},"image":{"@id":"https:\/\/proventuss.eu\/sk\/produkt\/dowsil-3522-cleaning-solvent-concentrated\/#primaryimage"},"thumbnailUrl":"https:\/\/proventuss.eu\/wp-content\/uploads\/2022\/04\/3522.jpg","datePublished":"2022-04-26T12:00:35+00:00","dateModified":"2022-04-26T12:00:35+00:00","breadcrumb":{"@id":"https:\/\/proventuss.eu\/sk\/produkt\/dowsil-3522-cleaning-solvent-concentrated\/#breadcrumb"},"inLanguage":"sk-SK","potentialAction":[{"@type":"ReadAction","target":["https:\/\/proventuss.eu\/sk\/produkt\/dowsil-3522-cleaning-solvent-concentrated\/"]}]},{"@type":"ImageObject","inLanguage":"sk-SK","@id":"https:\/\/proventuss.eu\/sk\/produkt\/dowsil-3522-cleaning-solvent-concentrated\/#primaryimage","url":"https:\/\/proventuss.eu\/wp-content\/uploads\/2022\/04\/3522.jpg","contentUrl":"https:\/\/proventuss.eu\/wp-content\/uploads\/2022\/04\/3522.jpg","width":640,"height":640},{"@type":"BreadcrumbList","@id":"https:\/\/proventuss.eu\/sk\/produkt\/dowsil-3522-cleaning-solvent-concentrated\/#breadcrumb","itemListElement":[{"@type":"ListItem","position":1,"name":"Home","item":"https:\/\/proventuss.eu\/"},{"@type":"ListItem","position":2,"name":"Produkty","item":"https:\/\/proventuss.eu\/produkty\/"},{"@type":"ListItem","position":3,"name":"DOWSIL 3522 CLEANING SOLVENT CONCENTRATED"}]},{"@type":"WebSite","@id":"https:\/\/proventuss.eu\/#website","url":"https:\/\/proventuss.eu\/","name":"Proventuss","description":"","potentialAction":[{"@type":"SearchAction","target":{"@type":"EntryPoint","urlTemplate":"https:\/\/proventuss.eu\/?s={search_term_string}"},"query-input":"required name=search_term_string"}],"inLanguage":"sk-SK"}]}},"_links":{"self":[{"href":"https:\/\/proventuss.eu\/sk\/wp-json\/wp\/v2\/product\/8908"}],"collection":[{"href":"https:\/\/proventuss.eu\/sk\/wp-json\/wp\/v2\/product"}],"about":[{"href":"https:\/\/proventuss.eu\/sk\/wp-json\/wp\/v2\/types\/product"}],"replies":[{"embeddable":true,"href":"https:\/\/proventuss.eu\/sk\/wp-json\/wp\/v2\/comments?post=8908"}],"wp:featuredmedia":[{"embeddable":true,"href":"https:\/\/proventuss.eu\/sk\/wp-json\/wp\/v2\/media\/7363"}],"wp:attachment":[{"href":"https:\/\/proventuss.eu\/sk\/wp-json\/wp\/v2\/media?parent=8908"}],"wp:term":[{"taxonomy":"product_cat","embeddable":true,"href":"https:\/\/proventuss.eu\/sk\/wp-json\/wp\/v2\/product_cat?post=8908"},{"taxonomy":"product_tag","embeddable":true,"href":"https:\/\/proventuss.eu\/sk\/wp-json\/wp\/v2\/product_tag?post=8908"}],"curies":[{"name":"wp","href":"https:\/\/api.w.org\/{rel}","templated":true}]}}