{"id":8907,"date":"2022-04-26T11:59:24","date_gmt":"2022-04-26T11:59:24","guid":{"rendered":"https:\/\/proventuss.eu\/produkt\/dowsil-r41-cleaner-plus\/"},"modified":"2022-04-26T11:59:24","modified_gmt":"2022-04-26T11:59:24","slug":"dowsil-r41-cleaner-plus","status":"publish","type":"product","link":"https:\/\/proventuss.eu\/sk\/produkt\/dowsil-r41-cleaner-plus\/","title":{"rendered":"DOWSIL R41 CLEANER PLUS"},"content":{"rendered":"<p><strong>\u0160PECI\u00c1LNY \u010cISTIACI ROZTOK<\/strong> obsahuj\u00faci katalyz\u00e1tor navrhnut\u00fd pre zlep\u0161enie pri\u013enavosti na nepor\u00e9znych povrchoch.<\/p>\n<p>Odpor\u00fa\u010dan\u00e9 pre nepor\u00e9zne povrchy: sklo, kovy, plasty, obzvl\u00e1\u0161\u0165 vhodn\u00e9 pre br\u00fasen\u00fd hlin\u00edk.<\/p>\n<p><strong>V\u00ddHODY:<\/strong><br \/>\n\u2022 Obsahuje \u0161peci\u00e1lny katalyz\u00e1tor na zlep\u0161enie pri\u013enavosti<br \/>\n\u2022 Jednoduch\u00e9 a bezpe\u010dn\u00e9 pou\u017eitie<br \/>\n\u2022 \u010cist\u00ed a aktivizuje povrch pre lep\u0161iu pri\u013enavos\u0165 v jednom kroku<br \/>\n\u2022 Kompatibiln\u00fd so v\u0161etk\u00fdmi tmelmi Dowsil<\/p>\n<p>BALENIE: 5 L kanyster<br \/>\nFarba: \u010d\u00edra kvapalina<\/p>\n","protected":false},"excerpt":{"rendered":"<p>\u0160PECI\u00c1LNY \u010cISTIACI ROZTOK obsahuj\u00faci katalyz\u00e1tor navrhnut\u00fd pre zlep\u0161enie pri\u013enavosti na nepor\u00e9znych povrchoch. Odpor\u00fa\u010dan\u00e9 pre nepor\u00e9zne povrchy: sklo, kovy, plasty, obzvl\u00e1\u0161\u0165 vhodn\u00e9 pre br\u00fasen\u00fd hlin\u00edk. V\u00ddHODY: \u2022 Obsahuje \u0161peci\u00e1lny katalyz\u00e1tor na zlep\u0161enie pri\u013enavosti \u2022 Jednoduch\u00e9 a bezpe\u010dn\u00e9 pou\u017eitie \u2022 \u010cist\u00ed a aktivizuje povrch pre lep\u0161iu pri\u013enavos\u0165 v jednom kroku \u2022 Kompatibiln\u00fd so v\u0161etk\u00fdmi tmelmi Dowsil BALENIE: [&hellip;]<\/p>\n","protected":false},"featured_media":7369,"comment_status":"open","ping_status":"closed","template":"","meta":{"_acf_changed":false},"product_cat":[382,383],"product_tag":[],"acf":[],"yoast_head":"<!-- This site is optimized with the Yoast SEO plugin v22.9 - https:\/\/yoast.com\/wordpress\/plugins\/seo\/ -->\n<title>DOWSIL R41 CLEANER PLUS - Proventuss<\/title>\n<meta name=\"robots\" content=\"index, follow, max-snippet:-1, max-image-preview:large, max-video-preview:-1\" \/>\n<link rel=\"canonical\" href=\"https:\/\/proventuss.eu\/sk\/produkt\/dowsil-r41-cleaner-plus\/\" \/>\n<meta property=\"og:locale\" content=\"sk_SK\" \/>\n<meta property=\"og:type\" content=\"article\" \/>\n<meta property=\"og:title\" content=\"DOWSIL R41 CLEANER PLUS - Proventuss\" \/>\n<meta property=\"og:description\" content=\"\u0160PECI\u00c1LNY \u010cISTIACI ROZTOK obsahuj\u00faci katalyz\u00e1tor navrhnut\u00fd pre zlep\u0161enie pri\u013enavosti na nepor\u00e9znych povrchoch. Odpor\u00fa\u010dan\u00e9 pre nepor\u00e9zne povrchy: sklo, kovy, plasty, obzvl\u00e1\u0161\u0165 vhodn\u00e9 pre br\u00fasen\u00fd hlin\u00edk. V\u00ddHODY: \u2022 Obsahuje \u0161peci\u00e1lny katalyz\u00e1tor na zlep\u0161enie pri\u013enavosti \u2022 Jednoduch\u00e9 a bezpe\u010dn\u00e9 pou\u017eitie \u2022 \u010cist\u00ed a aktivizuje povrch pre lep\u0161iu pri\u013enavos\u0165 v jednom kroku \u2022 Kompatibiln\u00fd so v\u0161etk\u00fdmi tmelmi Dowsil BALENIE: [&hellip;]\" \/>\n<meta property=\"og:url\" content=\"https:\/\/proventuss.eu\/sk\/produkt\/dowsil-r41-cleaner-plus\/\" \/>\n<meta property=\"og:site_name\" content=\"Proventuss\" \/>\n<meta property=\"og:image\" content=\"https:\/\/proventuss.eu\/wp-content\/uploads\/2022\/04\/Dowsil-R41-Cleaner-Plus.jpg\" \/>\n\t<meta property=\"og:image:width\" content=\"640\" \/>\n\t<meta property=\"og:image:height\" content=\"905\" \/>\n\t<meta property=\"og:image:type\" content=\"image\/jpeg\" \/>\n<meta name=\"twitter:card\" content=\"summary_large_image\" \/>\n<script type=\"application\/ld+json\" class=\"yoast-schema-graph\">{\"@context\":\"https:\/\/schema.org\",\"@graph\":[{\"@type\":\"WebPage\",\"@id\":\"https:\/\/proventuss.eu\/sk\/produkt\/dowsil-r41-cleaner-plus\/\",\"url\":\"https:\/\/proventuss.eu\/sk\/produkt\/dowsil-r41-cleaner-plus\/\",\"name\":\"DOWSIL R41 CLEANER PLUS - Proventuss\",\"isPartOf\":{\"@id\":\"https:\/\/proventuss.eu\/#website\"},\"primaryImageOfPage\":{\"@id\":\"https:\/\/proventuss.eu\/sk\/produkt\/dowsil-r41-cleaner-plus\/#primaryimage\"},\"image\":{\"@id\":\"https:\/\/proventuss.eu\/sk\/produkt\/dowsil-r41-cleaner-plus\/#primaryimage\"},\"thumbnailUrl\":\"https:\/\/proventuss.eu\/wp-content\/uploads\/2022\/04\/Dowsil-R41-Cleaner-Plus.jpg\",\"datePublished\":\"2022-04-26T11:59:24+00:00\",\"dateModified\":\"2022-04-26T11:59:24+00:00\",\"breadcrumb\":{\"@id\":\"https:\/\/proventuss.eu\/sk\/produkt\/dowsil-r41-cleaner-plus\/#breadcrumb\"},\"inLanguage\":\"sk-SK\",\"potentialAction\":[{\"@type\":\"ReadAction\",\"target\":[\"https:\/\/proventuss.eu\/sk\/produkt\/dowsil-r41-cleaner-plus\/\"]}]},{\"@type\":\"ImageObject\",\"inLanguage\":\"sk-SK\",\"@id\":\"https:\/\/proventuss.eu\/sk\/produkt\/dowsil-r41-cleaner-plus\/#primaryimage\",\"url\":\"https:\/\/proventuss.eu\/wp-content\/uploads\/2022\/04\/Dowsil-R41-Cleaner-Plus.jpg\",\"contentUrl\":\"https:\/\/proventuss.eu\/wp-content\/uploads\/2022\/04\/Dowsil-R41-Cleaner-Plus.jpg\",\"width\":640,\"height\":905},{\"@type\":\"BreadcrumbList\",\"@id\":\"https:\/\/proventuss.eu\/sk\/produkt\/dowsil-r41-cleaner-plus\/#breadcrumb\",\"itemListElement\":[{\"@type\":\"ListItem\",\"position\":1,\"name\":\"Home\",\"item\":\"https:\/\/proventuss.eu\/\"},{\"@type\":\"ListItem\",\"position\":2,\"name\":\"Produkty\",\"item\":\"https:\/\/proventuss.eu\/produkty\/\"},{\"@type\":\"ListItem\",\"position\":3,\"name\":\"DOWSIL R41 CLEANER PLUS\"}]},{\"@type\":\"WebSite\",\"@id\":\"https:\/\/proventuss.eu\/#website\",\"url\":\"https:\/\/proventuss.eu\/\",\"name\":\"Proventuss\",\"description\":\"\",\"potentialAction\":[{\"@type\":\"SearchAction\",\"target\":{\"@type\":\"EntryPoint\",\"urlTemplate\":\"https:\/\/proventuss.eu\/?s={search_term_string}\"},\"query-input\":\"required name=search_term_string\"}],\"inLanguage\":\"sk-SK\"}]}<\/script>\n<!-- \/ Yoast SEO plugin. -->","yoast_head_json":{"title":"DOWSIL R41 CLEANER PLUS - Proventuss","robots":{"index":"index","follow":"follow","max-snippet":"max-snippet:-1","max-image-preview":"max-image-preview:large","max-video-preview":"max-video-preview:-1"},"canonical":"https:\/\/proventuss.eu\/sk\/produkt\/dowsil-r41-cleaner-plus\/","og_locale":"sk_SK","og_type":"article","og_title":"DOWSIL R41 CLEANER PLUS - Proventuss","og_description":"\u0160PECI\u00c1LNY \u010cISTIACI ROZTOK obsahuj\u00faci katalyz\u00e1tor navrhnut\u00fd pre zlep\u0161enie pri\u013enavosti na nepor\u00e9znych povrchoch. Odpor\u00fa\u010dan\u00e9 pre nepor\u00e9zne povrchy: sklo, kovy, plasty, obzvl\u00e1\u0161\u0165 vhodn\u00e9 pre br\u00fasen\u00fd hlin\u00edk. V\u00ddHODY: \u2022 Obsahuje \u0161peci\u00e1lny katalyz\u00e1tor na zlep\u0161enie pri\u013enavosti \u2022 Jednoduch\u00e9 a bezpe\u010dn\u00e9 pou\u017eitie \u2022 \u010cist\u00ed a aktivizuje povrch pre lep\u0161iu pri\u013enavos\u0165 v jednom kroku \u2022 Kompatibiln\u00fd so v\u0161etk\u00fdmi tmelmi Dowsil BALENIE: [&hellip;]","og_url":"https:\/\/proventuss.eu\/sk\/produkt\/dowsil-r41-cleaner-plus\/","og_site_name":"Proventuss","og_image":[{"width":640,"height":905,"url":"https:\/\/proventuss.eu\/wp-content\/uploads\/2022\/04\/Dowsil-R41-Cleaner-Plus.jpg","type":"image\/jpeg"}],"twitter_card":"summary_large_image","schema":{"@context":"https:\/\/schema.org","@graph":[{"@type":"WebPage","@id":"https:\/\/proventuss.eu\/sk\/produkt\/dowsil-r41-cleaner-plus\/","url":"https:\/\/proventuss.eu\/sk\/produkt\/dowsil-r41-cleaner-plus\/","name":"DOWSIL R41 CLEANER PLUS - Proventuss","isPartOf":{"@id":"https:\/\/proventuss.eu\/#website"},"primaryImageOfPage":{"@id":"https:\/\/proventuss.eu\/sk\/produkt\/dowsil-r41-cleaner-plus\/#primaryimage"},"image":{"@id":"https:\/\/proventuss.eu\/sk\/produkt\/dowsil-r41-cleaner-plus\/#primaryimage"},"thumbnailUrl":"https:\/\/proventuss.eu\/wp-content\/uploads\/2022\/04\/Dowsil-R41-Cleaner-Plus.jpg","datePublished":"2022-04-26T11:59:24+00:00","dateModified":"2022-04-26T11:59:24+00:00","breadcrumb":{"@id":"https:\/\/proventuss.eu\/sk\/produkt\/dowsil-r41-cleaner-plus\/#breadcrumb"},"inLanguage":"sk-SK","potentialAction":[{"@type":"ReadAction","target":["https:\/\/proventuss.eu\/sk\/produkt\/dowsil-r41-cleaner-plus\/"]}]},{"@type":"ImageObject","inLanguage":"sk-SK","@id":"https:\/\/proventuss.eu\/sk\/produkt\/dowsil-r41-cleaner-plus\/#primaryimage","url":"https:\/\/proventuss.eu\/wp-content\/uploads\/2022\/04\/Dowsil-R41-Cleaner-Plus.jpg","contentUrl":"https:\/\/proventuss.eu\/wp-content\/uploads\/2022\/04\/Dowsil-R41-Cleaner-Plus.jpg","width":640,"height":905},{"@type":"BreadcrumbList","@id":"https:\/\/proventuss.eu\/sk\/produkt\/dowsil-r41-cleaner-plus\/#breadcrumb","itemListElement":[{"@type":"ListItem","position":1,"name":"Home","item":"https:\/\/proventuss.eu\/"},{"@type":"ListItem","position":2,"name":"Produkty","item":"https:\/\/proventuss.eu\/produkty\/"},{"@type":"ListItem","position":3,"name":"DOWSIL R41 CLEANER PLUS"}]},{"@type":"WebSite","@id":"https:\/\/proventuss.eu\/#website","url":"https:\/\/proventuss.eu\/","name":"Proventuss","description":"","potentialAction":[{"@type":"SearchAction","target":{"@type":"EntryPoint","urlTemplate":"https:\/\/proventuss.eu\/?s={search_term_string}"},"query-input":"required name=search_term_string"}],"inLanguage":"sk-SK"}]}},"_links":{"self":[{"href":"https:\/\/proventuss.eu\/sk\/wp-json\/wp\/v2\/product\/8907"}],"collection":[{"href":"https:\/\/proventuss.eu\/sk\/wp-json\/wp\/v2\/product"}],"about":[{"href":"https:\/\/proventuss.eu\/sk\/wp-json\/wp\/v2\/types\/product"}],"replies":[{"embeddable":true,"href":"https:\/\/proventuss.eu\/sk\/wp-json\/wp\/v2\/comments?post=8907"}],"wp:featuredmedia":[{"embeddable":true,"href":"https:\/\/proventuss.eu\/sk\/wp-json\/wp\/v2\/media\/7369"}],"wp:attachment":[{"href":"https:\/\/proventuss.eu\/sk\/wp-json\/wp\/v2\/media?parent=8907"}],"wp:term":[{"taxonomy":"product_cat","embeddable":true,"href":"https:\/\/proventuss.eu\/sk\/wp-json\/wp\/v2\/product_cat?post=8907"},{"taxonomy":"product_tag","embeddable":true,"href":"https:\/\/proventuss.eu\/sk\/wp-json\/wp\/v2\/product_tag?post=8907"}],"curies":[{"name":"wp","href":"https:\/\/api.w.org\/{rel}","templated":true}]}}