{"id":8906,"date":"2022-04-26T11:58:15","date_gmt":"2022-04-26T11:58:15","guid":{"rendered":"https:\/\/proventuss.eu\/produkt\/dowsil-r40-universal-cleaner\/"},"modified":"2022-04-26T11:58:15","modified_gmt":"2022-04-26T11:58:15","slug":"dowsil-r40-universal-cleaner","status":"publish","type":"product","link":"https:\/\/proventuss.eu\/sk\/produkt\/dowsil-r40-universal-cleaner\/","title":{"rendered":"DOWSIL R40 UNIVERSAL CLEANER"},"content":{"rendered":"<p><strong>R40 CLEANER<\/strong> bol navrhnut\u00fd tak, aby odstr\u00e1nil \u0161irok\u00fa \u0161k\u00e1lu organick\u00fdch a anorganick\u00fdch zne\u010disten\u00ed z r\u00f4znych nepor\u00e9znych povrchov pou\u017e\u00edvan\u00fdch pri \u0161truktur\u00e1lnom zasklievan\u00ed, tesnen\u00ed fas\u00e1d, v\u00fdrobe okien a dver\u00ed, lepen\u00ed okien, lepen\u00ed panelov prevetr\u00e1van\u00fdch fas\u00e1d a pri v\u00fdrobe izola\u010dn\u00fdch skil. Be\u017ene sa pou\u017e\u00edva na : sklo, hlin\u00edkov\u00e9 profily, oce\u013eov\u00e9 profily a niektor\u00e9 plasty.<\/p>\n<p><strong>V\u00ddHODY:<\/strong><br \/>\n\u2022 Jednoduch\u00e9 a bezpe\u010dn\u00e9 pou\u017eitie<br \/>\n\u2022 R\u00fdchle odparenie<br \/>\n\u2022 Kompatibiln\u00fd so v\u0161etk\u00fdmi tmelmi Dowsil<\/p>\n<p>BALENIE: 1 L plechovka, 5 L kanyster<br \/>\nFarba: \u010d\u00edra kvapalina<\/p>\n","protected":false},"excerpt":{"rendered":"<p>R40 CLEANER bol navrhnut\u00fd tak, aby odstr\u00e1nil \u0161irok\u00fa \u0161k\u00e1lu organick\u00fdch a anorganick\u00fdch zne\u010disten\u00ed z r\u00f4znych nepor\u00e9znych povrchov pou\u017e\u00edvan\u00fdch pri \u0161truktur\u00e1lnom zasklievan\u00ed, tesnen\u00ed fas\u00e1d, v\u00fdrobe okien a dver\u00ed, lepen\u00ed okien, lepen\u00ed panelov prevetr\u00e1van\u00fdch fas\u00e1d a pri v\u00fdrobe izola\u010dn\u00fdch skil. Be\u017ene sa pou\u017e\u00edva na : sklo, hlin\u00edkov\u00e9 profily, oce\u013eov\u00e9 profily a niektor\u00e9 plasty. V\u00ddHODY: \u2022 Jednoduch\u00e9 a [&hellip;]<\/p>\n","protected":false},"featured_media":7368,"comment_status":"open","ping_status":"closed","template":"","meta":{"_acf_changed":false},"product_cat":[474,383],"product_tag":[],"acf":[],"yoast_head":"<!-- This site is optimized with the Yoast SEO plugin v22.9 - https:\/\/yoast.com\/wordpress\/plugins\/seo\/ -->\n<title>DOWSIL R40 UNIVERSAL CLEANER - Proventuss<\/title>\n<meta name=\"robots\" content=\"index, follow, max-snippet:-1, max-image-preview:large, max-video-preview:-1\" \/>\n<link rel=\"canonical\" href=\"https:\/\/proventuss.eu\/sk\/produkt\/dowsil-r40-universal-cleaner\/\" \/>\n<meta property=\"og:locale\" content=\"sk_SK\" \/>\n<meta property=\"og:type\" content=\"article\" \/>\n<meta property=\"og:title\" content=\"DOWSIL R40 UNIVERSAL CLEANER - Proventuss\" \/>\n<meta property=\"og:description\" content=\"R40 CLEANER bol navrhnut\u00fd tak, aby odstr\u00e1nil \u0161irok\u00fa \u0161k\u00e1lu organick\u00fdch a anorganick\u00fdch zne\u010disten\u00ed z r\u00f4znych nepor\u00e9znych povrchov pou\u017e\u00edvan\u00fdch pri \u0161truktur\u00e1lnom zasklievan\u00ed, tesnen\u00ed fas\u00e1d, v\u00fdrobe okien a dver\u00ed, lepen\u00ed okien, lepen\u00ed panelov prevetr\u00e1van\u00fdch fas\u00e1d a pri v\u00fdrobe izola\u010dn\u00fdch skil. Be\u017ene sa pou\u017e\u00edva na : sklo, hlin\u00edkov\u00e9 profily, oce\u013eov\u00e9 profily a niektor\u00e9 plasty. V\u00ddHODY: \u2022 Jednoduch\u00e9 a [&hellip;]\" \/>\n<meta property=\"og:url\" content=\"https:\/\/proventuss.eu\/sk\/produkt\/dowsil-r40-universal-cleaner\/\" \/>\n<meta property=\"og:site_name\" content=\"Proventuss\" \/>\n<meta property=\"og:image\" content=\"https:\/\/proventuss.eu\/wp-content\/uploads\/2022\/04\/Dowsil-R40-Universal-Cleaner.jpg\" \/>\n\t<meta property=\"og:image:width\" content=\"640\" \/>\n\t<meta property=\"og:image:height\" content=\"1085\" \/>\n\t<meta property=\"og:image:type\" content=\"image\/jpeg\" \/>\n<meta name=\"twitter:card\" content=\"summary_large_image\" \/>\n<script type=\"application\/ld+json\" class=\"yoast-schema-graph\">{\"@context\":\"https:\/\/schema.org\",\"@graph\":[{\"@type\":\"WebPage\",\"@id\":\"https:\/\/proventuss.eu\/sk\/produkt\/dowsil-r40-universal-cleaner\/\",\"url\":\"https:\/\/proventuss.eu\/sk\/produkt\/dowsil-r40-universal-cleaner\/\",\"name\":\"DOWSIL R40 UNIVERSAL CLEANER - Proventuss\",\"isPartOf\":{\"@id\":\"https:\/\/proventuss.eu\/#website\"},\"primaryImageOfPage\":{\"@id\":\"https:\/\/proventuss.eu\/sk\/produkt\/dowsil-r40-universal-cleaner\/#primaryimage\"},\"image\":{\"@id\":\"https:\/\/proventuss.eu\/sk\/produkt\/dowsil-r40-universal-cleaner\/#primaryimage\"},\"thumbnailUrl\":\"https:\/\/proventuss.eu\/wp-content\/uploads\/2022\/04\/Dowsil-R40-Universal-Cleaner.jpg\",\"datePublished\":\"2022-04-26T11:58:15+00:00\",\"dateModified\":\"2022-04-26T11:58:15+00:00\",\"breadcrumb\":{\"@id\":\"https:\/\/proventuss.eu\/sk\/produkt\/dowsil-r40-universal-cleaner\/#breadcrumb\"},\"inLanguage\":\"sk-SK\",\"potentialAction\":[{\"@type\":\"ReadAction\",\"target\":[\"https:\/\/proventuss.eu\/sk\/produkt\/dowsil-r40-universal-cleaner\/\"]}]},{\"@type\":\"ImageObject\",\"inLanguage\":\"sk-SK\",\"@id\":\"https:\/\/proventuss.eu\/sk\/produkt\/dowsil-r40-universal-cleaner\/#primaryimage\",\"url\":\"https:\/\/proventuss.eu\/wp-content\/uploads\/2022\/04\/Dowsil-R40-Universal-Cleaner.jpg\",\"contentUrl\":\"https:\/\/proventuss.eu\/wp-content\/uploads\/2022\/04\/Dowsil-R40-Universal-Cleaner.jpg\",\"width\":640,\"height\":1085},{\"@type\":\"BreadcrumbList\",\"@id\":\"https:\/\/proventuss.eu\/sk\/produkt\/dowsil-r40-universal-cleaner\/#breadcrumb\",\"itemListElement\":[{\"@type\":\"ListItem\",\"position\":1,\"name\":\"Home\",\"item\":\"https:\/\/proventuss.eu\/\"},{\"@type\":\"ListItem\",\"position\":2,\"name\":\"Produkty\",\"item\":\"https:\/\/proventuss.eu\/produkty\/\"},{\"@type\":\"ListItem\",\"position\":3,\"name\":\"DOWSIL R40 UNIVERSAL CLEANER\"}]},{\"@type\":\"WebSite\",\"@id\":\"https:\/\/proventuss.eu\/#website\",\"url\":\"https:\/\/proventuss.eu\/\",\"name\":\"Proventuss\",\"description\":\"\",\"potentialAction\":[{\"@type\":\"SearchAction\",\"target\":{\"@type\":\"EntryPoint\",\"urlTemplate\":\"https:\/\/proventuss.eu\/?s={search_term_string}\"},\"query-input\":\"required name=search_term_string\"}],\"inLanguage\":\"sk-SK\"}]}<\/script>\n<!-- \/ Yoast SEO plugin. -->","yoast_head_json":{"title":"DOWSIL R40 UNIVERSAL CLEANER - Proventuss","robots":{"index":"index","follow":"follow","max-snippet":"max-snippet:-1","max-image-preview":"max-image-preview:large","max-video-preview":"max-video-preview:-1"},"canonical":"https:\/\/proventuss.eu\/sk\/produkt\/dowsil-r40-universal-cleaner\/","og_locale":"sk_SK","og_type":"article","og_title":"DOWSIL R40 UNIVERSAL CLEANER - Proventuss","og_description":"R40 CLEANER bol navrhnut\u00fd tak, aby odstr\u00e1nil \u0161irok\u00fa \u0161k\u00e1lu organick\u00fdch a anorganick\u00fdch zne\u010disten\u00ed z r\u00f4znych nepor\u00e9znych povrchov pou\u017e\u00edvan\u00fdch pri \u0161truktur\u00e1lnom zasklievan\u00ed, tesnen\u00ed fas\u00e1d, v\u00fdrobe okien a dver\u00ed, lepen\u00ed okien, lepen\u00ed panelov prevetr\u00e1van\u00fdch fas\u00e1d a pri v\u00fdrobe izola\u010dn\u00fdch skil. Be\u017ene sa pou\u017e\u00edva na : sklo, hlin\u00edkov\u00e9 profily, oce\u013eov\u00e9 profily a niektor\u00e9 plasty. V\u00ddHODY: \u2022 Jednoduch\u00e9 a [&hellip;]","og_url":"https:\/\/proventuss.eu\/sk\/produkt\/dowsil-r40-universal-cleaner\/","og_site_name":"Proventuss","og_image":[{"width":640,"height":1085,"url":"https:\/\/proventuss.eu\/wp-content\/uploads\/2022\/04\/Dowsil-R40-Universal-Cleaner.jpg","type":"image\/jpeg"}],"twitter_card":"summary_large_image","schema":{"@context":"https:\/\/schema.org","@graph":[{"@type":"WebPage","@id":"https:\/\/proventuss.eu\/sk\/produkt\/dowsil-r40-universal-cleaner\/","url":"https:\/\/proventuss.eu\/sk\/produkt\/dowsil-r40-universal-cleaner\/","name":"DOWSIL R40 UNIVERSAL CLEANER - Proventuss","isPartOf":{"@id":"https:\/\/proventuss.eu\/#website"},"primaryImageOfPage":{"@id":"https:\/\/proventuss.eu\/sk\/produkt\/dowsil-r40-universal-cleaner\/#primaryimage"},"image":{"@id":"https:\/\/proventuss.eu\/sk\/produkt\/dowsil-r40-universal-cleaner\/#primaryimage"},"thumbnailUrl":"https:\/\/proventuss.eu\/wp-content\/uploads\/2022\/04\/Dowsil-R40-Universal-Cleaner.jpg","datePublished":"2022-04-26T11:58:15+00:00","dateModified":"2022-04-26T11:58:15+00:00","breadcrumb":{"@id":"https:\/\/proventuss.eu\/sk\/produkt\/dowsil-r40-universal-cleaner\/#breadcrumb"},"inLanguage":"sk-SK","potentialAction":[{"@type":"ReadAction","target":["https:\/\/proventuss.eu\/sk\/produkt\/dowsil-r40-universal-cleaner\/"]}]},{"@type":"ImageObject","inLanguage":"sk-SK","@id":"https:\/\/proventuss.eu\/sk\/produkt\/dowsil-r40-universal-cleaner\/#primaryimage","url":"https:\/\/proventuss.eu\/wp-content\/uploads\/2022\/04\/Dowsil-R40-Universal-Cleaner.jpg","contentUrl":"https:\/\/proventuss.eu\/wp-content\/uploads\/2022\/04\/Dowsil-R40-Universal-Cleaner.jpg","width":640,"height":1085},{"@type":"BreadcrumbList","@id":"https:\/\/proventuss.eu\/sk\/produkt\/dowsil-r40-universal-cleaner\/#breadcrumb","itemListElement":[{"@type":"ListItem","position":1,"name":"Home","item":"https:\/\/proventuss.eu\/"},{"@type":"ListItem","position":2,"name":"Produkty","item":"https:\/\/proventuss.eu\/produkty\/"},{"@type":"ListItem","position":3,"name":"DOWSIL R40 UNIVERSAL CLEANER"}]},{"@type":"WebSite","@id":"https:\/\/proventuss.eu\/#website","url":"https:\/\/proventuss.eu\/","name":"Proventuss","description":"","potentialAction":[{"@type":"SearchAction","target":{"@type":"EntryPoint","urlTemplate":"https:\/\/proventuss.eu\/?s={search_term_string}"},"query-input":"required name=search_term_string"}],"inLanguage":"sk-SK"}]}},"_links":{"self":[{"href":"https:\/\/proventuss.eu\/sk\/wp-json\/wp\/v2\/product\/8906"}],"collection":[{"href":"https:\/\/proventuss.eu\/sk\/wp-json\/wp\/v2\/product"}],"about":[{"href":"https:\/\/proventuss.eu\/sk\/wp-json\/wp\/v2\/types\/product"}],"replies":[{"embeddable":true,"href":"https:\/\/proventuss.eu\/sk\/wp-json\/wp\/v2\/comments?post=8906"}],"wp:featuredmedia":[{"embeddable":true,"href":"https:\/\/proventuss.eu\/sk\/wp-json\/wp\/v2\/media\/7368"}],"wp:attachment":[{"href":"https:\/\/proventuss.eu\/sk\/wp-json\/wp\/v2\/media?parent=8906"}],"wp:term":[{"taxonomy":"product_cat","embeddable":true,"href":"https:\/\/proventuss.eu\/sk\/wp-json\/wp\/v2\/product_cat?post=8906"},{"taxonomy":"product_tag","embeddable":true,"href":"https:\/\/proventuss.eu\/sk\/wp-json\/wp\/v2\/product_tag?post=8906"}],"curies":[{"name":"wp","href":"https:\/\/api.w.org\/{rel}","templated":true}]}}