{"id":8904,"date":"2022-04-26T11:53:35","date_gmt":"2022-04-26T11:53:35","guid":{"rendered":"https:\/\/proventuss.eu\/produkt\/dowsil-primer-1203-3w1\/"},"modified":"2022-04-26T11:53:35","modified_gmt":"2022-04-26T11:53:35","slug":"dowsil-primer-1203-3w1","status":"publish","type":"product","link":"https:\/\/proventuss.eu\/sk\/produkt\/dowsil-primer-1203-3w1\/","title":{"rendered":"DOWSIL Primer 1203 3w1"},"content":{"rendered":"<p><strong>CLEANER AND PRIMER (UV TRACEABLE)<\/strong> sa odpor\u00fa\u010da na \u010distenie podkladov a na zlep\u0161enie pri\u013enavosti silik\u00f3nov\u00fdch tmelov na r\u00f4znych nepor\u00e9znych podkladoch.<\/p>\n<p>Kompatibiln\u00fd so silik\u00f3nmi na \u0161truktur\u00e1lne zasklenie a silik\u00f3nmi odoln\u00fdmi vo\u010di poveternostn\u00fdm vplyvom. M\u00f4\u017ee sa pou\u017ei\u0165 na \u010distenie a z\u00e1kladn\u00fd n\u00e1ter podkladov v jednom kroku, aby sa eliminovalo riziko ch\u00fdb.<\/p>\n<p>Zlep\u0161uje pri\u013enavos\u0165 ku:<br \/>\n\u2022 eloxovan\u00e9mu hlin\u00edku<br \/>\n\u2022 pr\u00e1\u0161kovo lakovan\u00e9mu hlin\u00edku<br \/>\n\u2022 keramick\u00fdm materi\u00e1lom<br \/>\n\u2022 plastom<br \/>\n\u2022 smaltovan\u00e9mu sklu<\/p>\n<p>Silik\u00f3n treba aplikova\u0165 v lehote po aplik\u00e1cii z\u00e1kladn\u00e9ho n\u00e1teru:<br \/>\npri 25\u00b0C \u2013 15 min\u00fat. \u010cas medzi aplik\u00e1ciou z\u00e1kladn\u00e9ho n\u00e1teru a tmelu<br \/>\nnesmie presiahnu\u0165 6 hod\u00edn.<\/p>\n<p>BALENIE: 500 ml plechovka<br \/>\nFarba: \u010d\u00edra kvapalina<\/p>\n","protected":false},"excerpt":{"rendered":"<p>CLEANER AND PRIMER (UV TRACEABLE) sa odpor\u00fa\u010da na \u010distenie podkladov a na zlep\u0161enie pri\u013enavosti silik\u00f3nov\u00fdch tmelov na r\u00f4znych nepor\u00e9znych podkladoch. Kompatibiln\u00fd so silik\u00f3nmi na \u0161truktur\u00e1lne zasklenie a silik\u00f3nmi odoln\u00fdmi vo\u010di poveternostn\u00fdm vplyvom. M\u00f4\u017ee sa pou\u017ei\u0165 na \u010distenie a z\u00e1kladn\u00fd n\u00e1ter podkladov v jednom kroku, aby sa eliminovalo riziko ch\u00fdb. Zlep\u0161uje pri\u013enavos\u0165 ku: \u2022 eloxovan\u00e9mu hlin\u00edku [&hellip;]<\/p>\n","protected":false},"featured_media":7336,"comment_status":"open","ping_status":"closed","template":"","meta":{"_acf_changed":false},"product_cat":[474,383],"product_tag":[],"acf":[],"yoast_head":"<!-- This site is optimized with the Yoast SEO plugin v22.9 - https:\/\/yoast.com\/wordpress\/plugins\/seo\/ -->\n<title>DOWSIL Primer 1203 3w1 - Proventuss<\/title>\n<meta name=\"robots\" content=\"index, follow, max-snippet:-1, max-image-preview:large, max-video-preview:-1\" \/>\n<link rel=\"canonical\" href=\"https:\/\/proventuss.eu\/sk\/produkt\/dowsil-primer-1203-3w1\/\" \/>\n<meta property=\"og:locale\" content=\"sk_SK\" \/>\n<meta property=\"og:type\" content=\"article\" \/>\n<meta property=\"og:title\" content=\"DOWSIL Primer 1203 3w1 - Proventuss\" \/>\n<meta property=\"og:description\" content=\"CLEANER AND PRIMER (UV TRACEABLE) sa odpor\u00fa\u010da na \u010distenie podkladov a na zlep\u0161enie pri\u013enavosti silik\u00f3nov\u00fdch tmelov na r\u00f4znych nepor\u00e9znych podkladoch. Kompatibiln\u00fd so silik\u00f3nmi na \u0161truktur\u00e1lne zasklenie a silik\u00f3nmi odoln\u00fdmi vo\u010di poveternostn\u00fdm vplyvom. M\u00f4\u017ee sa pou\u017ei\u0165 na \u010distenie a z\u00e1kladn\u00fd n\u00e1ter podkladov v jednom kroku, aby sa eliminovalo riziko ch\u00fdb. Zlep\u0161uje pri\u013enavos\u0165 ku: \u2022 eloxovan\u00e9mu hlin\u00edku [&hellip;]\" \/>\n<meta property=\"og:url\" content=\"https:\/\/proventuss.eu\/sk\/produkt\/dowsil-primer-1203-3w1\/\" \/>\n<meta property=\"og:site_name\" content=\"Proventuss\" \/>\n<meta property=\"og:image\" content=\"https:\/\/proventuss.eu\/wp-content\/uploads\/2022\/04\/Dowsil-1203-3in1-Primer_1.png\" \/>\n\t<meta property=\"og:image:width\" content=\"640\" \/>\n\t<meta property=\"og:image:height\" content=\"640\" \/>\n\t<meta property=\"og:image:type\" content=\"image\/png\" \/>\n<meta name=\"twitter:card\" content=\"summary_large_image\" \/>\n<meta name=\"twitter:label1\" content=\"Predpokladan\u00fd \u010das \u010d\u00edtania\" \/>\n\t<meta name=\"twitter:data1\" content=\"1 min\u00fata\" \/>\n<script type=\"application\/ld+json\" class=\"yoast-schema-graph\">{\"@context\":\"https:\/\/schema.org\",\"@graph\":[{\"@type\":\"WebPage\",\"@id\":\"https:\/\/proventuss.eu\/sk\/produkt\/dowsil-primer-1203-3w1\/\",\"url\":\"https:\/\/proventuss.eu\/sk\/produkt\/dowsil-primer-1203-3w1\/\",\"name\":\"DOWSIL Primer 1203 3w1 - Proventuss\",\"isPartOf\":{\"@id\":\"https:\/\/proventuss.eu\/#website\"},\"primaryImageOfPage\":{\"@id\":\"https:\/\/proventuss.eu\/sk\/produkt\/dowsil-primer-1203-3w1\/#primaryimage\"},\"image\":{\"@id\":\"https:\/\/proventuss.eu\/sk\/produkt\/dowsil-primer-1203-3w1\/#primaryimage\"},\"thumbnailUrl\":\"https:\/\/proventuss.eu\/wp-content\/uploads\/2022\/04\/Dowsil-1203-3in1-Primer_1.png\",\"datePublished\":\"2022-04-26T11:53:35+00:00\",\"dateModified\":\"2022-04-26T11:53:35+00:00\",\"breadcrumb\":{\"@id\":\"https:\/\/proventuss.eu\/sk\/produkt\/dowsil-primer-1203-3w1\/#breadcrumb\"},\"inLanguage\":\"sk-SK\",\"potentialAction\":[{\"@type\":\"ReadAction\",\"target\":[\"https:\/\/proventuss.eu\/sk\/produkt\/dowsil-primer-1203-3w1\/\"]}]},{\"@type\":\"ImageObject\",\"inLanguage\":\"sk-SK\",\"@id\":\"https:\/\/proventuss.eu\/sk\/produkt\/dowsil-primer-1203-3w1\/#primaryimage\",\"url\":\"https:\/\/proventuss.eu\/wp-content\/uploads\/2022\/04\/Dowsil-1203-3in1-Primer_1.png\",\"contentUrl\":\"https:\/\/proventuss.eu\/wp-content\/uploads\/2022\/04\/Dowsil-1203-3in1-Primer_1.png\",\"width\":640,\"height\":640},{\"@type\":\"BreadcrumbList\",\"@id\":\"https:\/\/proventuss.eu\/sk\/produkt\/dowsil-primer-1203-3w1\/#breadcrumb\",\"itemListElement\":[{\"@type\":\"ListItem\",\"position\":1,\"name\":\"Home\",\"item\":\"https:\/\/proventuss.eu\/\"},{\"@type\":\"ListItem\",\"position\":2,\"name\":\"Produkty\",\"item\":\"https:\/\/proventuss.eu\/produkty\/\"},{\"@type\":\"ListItem\",\"position\":3,\"name\":\"DOWSIL Primer 1203 3w1\"}]},{\"@type\":\"WebSite\",\"@id\":\"https:\/\/proventuss.eu\/#website\",\"url\":\"https:\/\/proventuss.eu\/\",\"name\":\"Proventuss\",\"description\":\"\",\"potentialAction\":[{\"@type\":\"SearchAction\",\"target\":{\"@type\":\"EntryPoint\",\"urlTemplate\":\"https:\/\/proventuss.eu\/?s={search_term_string}\"},\"query-input\":\"required name=search_term_string\"}],\"inLanguage\":\"sk-SK\"}]}<\/script>\n<!-- \/ Yoast SEO plugin. -->","yoast_head_json":{"title":"DOWSIL Primer 1203 3w1 - Proventuss","robots":{"index":"index","follow":"follow","max-snippet":"max-snippet:-1","max-image-preview":"max-image-preview:large","max-video-preview":"max-video-preview:-1"},"canonical":"https:\/\/proventuss.eu\/sk\/produkt\/dowsil-primer-1203-3w1\/","og_locale":"sk_SK","og_type":"article","og_title":"DOWSIL Primer 1203 3w1 - Proventuss","og_description":"CLEANER AND PRIMER (UV TRACEABLE) sa odpor\u00fa\u010da na \u010distenie podkladov a na zlep\u0161enie pri\u013enavosti silik\u00f3nov\u00fdch tmelov na r\u00f4znych nepor\u00e9znych podkladoch. Kompatibiln\u00fd so silik\u00f3nmi na \u0161truktur\u00e1lne zasklenie a silik\u00f3nmi odoln\u00fdmi vo\u010di poveternostn\u00fdm vplyvom. M\u00f4\u017ee sa pou\u017ei\u0165 na \u010distenie a z\u00e1kladn\u00fd n\u00e1ter podkladov v jednom kroku, aby sa eliminovalo riziko ch\u00fdb. Zlep\u0161uje pri\u013enavos\u0165 ku: \u2022 eloxovan\u00e9mu hlin\u00edku [&hellip;]","og_url":"https:\/\/proventuss.eu\/sk\/produkt\/dowsil-primer-1203-3w1\/","og_site_name":"Proventuss","og_image":[{"width":640,"height":640,"url":"https:\/\/proventuss.eu\/wp-content\/uploads\/2022\/04\/Dowsil-1203-3in1-Primer_1.png","type":"image\/png"}],"twitter_card":"summary_large_image","twitter_misc":{"Predpokladan\u00fd \u010das \u010d\u00edtania":"1 min\u00fata"},"schema":{"@context":"https:\/\/schema.org","@graph":[{"@type":"WebPage","@id":"https:\/\/proventuss.eu\/sk\/produkt\/dowsil-primer-1203-3w1\/","url":"https:\/\/proventuss.eu\/sk\/produkt\/dowsil-primer-1203-3w1\/","name":"DOWSIL Primer 1203 3w1 - Proventuss","isPartOf":{"@id":"https:\/\/proventuss.eu\/#website"},"primaryImageOfPage":{"@id":"https:\/\/proventuss.eu\/sk\/produkt\/dowsil-primer-1203-3w1\/#primaryimage"},"image":{"@id":"https:\/\/proventuss.eu\/sk\/produkt\/dowsil-primer-1203-3w1\/#primaryimage"},"thumbnailUrl":"https:\/\/proventuss.eu\/wp-content\/uploads\/2022\/04\/Dowsil-1203-3in1-Primer_1.png","datePublished":"2022-04-26T11:53:35+00:00","dateModified":"2022-04-26T11:53:35+00:00","breadcrumb":{"@id":"https:\/\/proventuss.eu\/sk\/produkt\/dowsil-primer-1203-3w1\/#breadcrumb"},"inLanguage":"sk-SK","potentialAction":[{"@type":"ReadAction","target":["https:\/\/proventuss.eu\/sk\/produkt\/dowsil-primer-1203-3w1\/"]}]},{"@type":"ImageObject","inLanguage":"sk-SK","@id":"https:\/\/proventuss.eu\/sk\/produkt\/dowsil-primer-1203-3w1\/#primaryimage","url":"https:\/\/proventuss.eu\/wp-content\/uploads\/2022\/04\/Dowsil-1203-3in1-Primer_1.png","contentUrl":"https:\/\/proventuss.eu\/wp-content\/uploads\/2022\/04\/Dowsil-1203-3in1-Primer_1.png","width":640,"height":640},{"@type":"BreadcrumbList","@id":"https:\/\/proventuss.eu\/sk\/produkt\/dowsil-primer-1203-3w1\/#breadcrumb","itemListElement":[{"@type":"ListItem","position":1,"name":"Home","item":"https:\/\/proventuss.eu\/"},{"@type":"ListItem","position":2,"name":"Produkty","item":"https:\/\/proventuss.eu\/produkty\/"},{"@type":"ListItem","position":3,"name":"DOWSIL Primer 1203 3w1"}]},{"@type":"WebSite","@id":"https:\/\/proventuss.eu\/#website","url":"https:\/\/proventuss.eu\/","name":"Proventuss","description":"","potentialAction":[{"@type":"SearchAction","target":{"@type":"EntryPoint","urlTemplate":"https:\/\/proventuss.eu\/?s={search_term_string}"},"query-input":"required name=search_term_string"}],"inLanguage":"sk-SK"}]}},"_links":{"self":[{"href":"https:\/\/proventuss.eu\/sk\/wp-json\/wp\/v2\/product\/8904"}],"collection":[{"href":"https:\/\/proventuss.eu\/sk\/wp-json\/wp\/v2\/product"}],"about":[{"href":"https:\/\/proventuss.eu\/sk\/wp-json\/wp\/v2\/types\/product"}],"replies":[{"embeddable":true,"href":"https:\/\/proventuss.eu\/sk\/wp-json\/wp\/v2\/comments?post=8904"}],"wp:featuredmedia":[{"embeddable":true,"href":"https:\/\/proventuss.eu\/sk\/wp-json\/wp\/v2\/media\/7336"}],"wp:attachment":[{"href":"https:\/\/proventuss.eu\/sk\/wp-json\/wp\/v2\/media?parent=8904"}],"wp:term":[{"taxonomy":"product_cat","embeddable":true,"href":"https:\/\/proventuss.eu\/sk\/wp-json\/wp\/v2\/product_cat?post=8904"},{"taxonomy":"product_tag","embeddable":true,"href":"https:\/\/proventuss.eu\/sk\/wp-json\/wp\/v2\/product_tag?post=8904"}],"curies":[{"name":"wp","href":"https:\/\/api.w.org\/{rel}","templated":true}]}}