{"id":8900,"date":"2022-04-26T11:46:34","date_gmt":"2022-04-26T11:46:34","guid":{"rendered":"https:\/\/proventuss.eu\/produkt\/vi-pro-wipes\/"},"modified":"2024-05-20T07:39:12","modified_gmt":"2024-05-20T07:39:12","slug":"vi-pro-wipes","status":"publish","type":"product","link":"https:\/\/proventuss.eu\/sk\/produkt\/vi-pro-wipes\/","title":{"rendered":"Vi-Pro\u00ae Wipes"},"content":{"rendered":"<p>Odstra\u0148uje \u010diasto\u010dne vytvrden\u00e9 a nevytvrden\u00e9 tmely vr\u00e1tane silik\u00f3nu, polyuret\u00e1nu a polysulfidu z n\u00e1strojov a povrchov. Odstra\u0148uj\u00fa aj mokr\u00fa farbu, tmel, lepidlo, tmel a \u017eivice. Vi-Pro\u00ae WIPES s\u00fa netkan\u00e9 text\u00edlie napusten\u00e9 jemn\u00fdm \u010distiacim roztokom na vodnej b\u00e1ze. M\u00e4kk\u00fd sav\u00fd povrch nadvihuje a odstra\u0148uje &#8222;lepiv\u00e9 veci&#8220; a zanech\u00e1va povrch \u010dist\u00fd.<\/p>\n<p><strong>Pre\u010do pou\u017e\u00edva\u0165 Vi-Pro\u00ae WIPES:<\/strong><\/p>\n<ul>\n<li>Vysoko \u00fa\u010dinn\u00fd \u2013 odstra\u0148uje mokr\u00fd tmel, farbu, lepidlo a \u017eivicu z povrchov<\/li>\n<li>Skr\u00e1\u0165te dobu \u010distenia po in\u0161tal\u00e1cii<\/li>\n<li>Bezpe\u010dn\u00e9 pre plasty, povrchy s pr\u00e1\u0161kov\u00fdm n\u00e1strekom, lakovan\u00e9 povrchy, kov a sklo<\/li>\n<li>Pr\u00edjemn\u00e9 pou\u017eitie &#8211; \u010dist\u00e1 svie\u017ea citr\u00f3nov\u00e1 v\u00f4\u0148a<\/li>\n<li>Pohodlne zabalen\u00e9 v praktick\u00fdch vaniach \u2013 jednoduch\u00e9 pou\u017eitie<\/li>\n<li>Ekonomick\u00e9<\/li>\n<li>Dlh\u00e1 skladovate\u013enos\u0165 &#8211; va\u0148a m\u00e1 znovu uzatv\u00e1rate\u013en\u00fd uz\u00e1ver<\/li>\n<li>Zni\u017euje \u010distenie po in\u0161tal\u00e1cii<\/li>\n<li>Nerozp\u00fa\u0161\u0165a sa, tak\u017ee zvy\u0161ky sa neroz\u0161\u00edria po povrchu<\/li>\n<\/ul>\n<p><strong>BALENIE:<\/strong><\/p>\n<p>150 obr\u00faskov na va\u0148u \u0161tyri vane na puzdro; jednotliv\u00e9 balen\u00e9 f\u00f3liov\u00e9 vreck\u00e1<\/p>\n","protected":false},"excerpt":{"rendered":"<p>Odstra\u0148uje \u010diasto\u010dne vytvrden\u00e9 a nevytvrden\u00e9 tmely vr\u00e1tane silik\u00f3nu, polyuret\u00e1nu a polysulfidu z n\u00e1strojov a povrchov. Odstra\u0148uj\u00fa aj mokr\u00fa farbu, tmel, lepidlo, tmel a \u017eivice. Vi-Pro\u00ae WIPES s\u00fa netkan\u00e9 text\u00edlie napusten\u00e9 jemn\u00fdm \u010distiacim roztokom na vodnej b\u00e1ze. M\u00e4kk\u00fd sav\u00fd povrch nadvihuje a odstra\u0148uje &#8222;lepiv\u00e9 veci&#8220; a zanech\u00e1va povrch \u010dist\u00fd. Pre\u010do pou\u017e\u00edva\u0165 Vi-Pro\u00ae WIPES: Vysoko \u00fa\u010dinn\u00fd \u2013 [&hellip;]<\/p>\n","protected":false},"featured_media":16773,"comment_status":"open","ping_status":"closed","template":"","meta":{"_acf_changed":false},"product_cat":[383],"product_tag":[],"acf":[],"yoast_head":"<!-- This site is optimized with the Yoast SEO plugin v22.9 - https:\/\/yoast.com\/wordpress\/plugins\/seo\/ -->\n<title>Vi-Pro\u00ae Wipes - Proventuss<\/title>\n<meta name=\"robots\" content=\"index, follow, max-snippet:-1, max-image-preview:large, max-video-preview:-1\" \/>\n<link rel=\"canonical\" href=\"https:\/\/proventuss.eu\/sk\/produkt\/vi-pro-wipes\/\" \/>\n<meta property=\"og:locale\" content=\"sk_SK\" \/>\n<meta property=\"og:type\" content=\"article\" \/>\n<meta property=\"og:title\" content=\"Vi-Pro\u00ae Wipes - Proventuss\" \/>\n<meta property=\"og:description\" content=\"Odstra\u0148uje \u010diasto\u010dne vytvrden\u00e9 a nevytvrden\u00e9 tmely vr\u00e1tane silik\u00f3nu, polyuret\u00e1nu a polysulfidu z n\u00e1strojov a povrchov. Odstra\u0148uj\u00fa aj mokr\u00fa farbu, tmel, lepidlo, tmel a \u017eivice. Vi-Pro\u00ae WIPES s\u00fa netkan\u00e9 text\u00edlie napusten\u00e9 jemn\u00fdm \u010distiacim roztokom na vodnej b\u00e1ze. M\u00e4kk\u00fd sav\u00fd povrch nadvihuje a odstra\u0148uje &#8222;lepiv\u00e9 veci&#8220; a zanech\u00e1va povrch \u010dist\u00fd. Pre\u010do pou\u017e\u00edva\u0165 Vi-Pro\u00ae WIPES: Vysoko \u00fa\u010dinn\u00fd \u2013 [&hellip;]\" \/>\n<meta property=\"og:url\" content=\"https:\/\/proventuss.eu\/sk\/produkt\/vi-pro-wipes\/\" \/>\n<meta property=\"og:site_name\" content=\"Proventuss\" \/>\n<meta property=\"article:modified_time\" content=\"2024-05-20T07:39:12+00:00\" \/>\n<meta name=\"twitter:card\" content=\"summary_large_image\" \/>\n<meta name=\"twitter:label1\" content=\"Predpokladan\u00fd \u010das \u010d\u00edtania\" \/>\n\t<meta name=\"twitter:data1\" content=\"1 min\u00fata\" \/>\n<script type=\"application\/ld+json\" class=\"yoast-schema-graph\">{\"@context\":\"https:\/\/schema.org\",\"@graph\":[{\"@type\":\"WebPage\",\"@id\":\"https:\/\/proventuss.eu\/sk\/produkt\/vi-pro-wipes\/\",\"url\":\"https:\/\/proventuss.eu\/sk\/produkt\/vi-pro-wipes\/\",\"name\":\"Vi-Pro\u00ae Wipes - Proventuss\",\"isPartOf\":{\"@id\":\"https:\/\/proventuss.eu\/#website\"},\"primaryImageOfPage\":{\"@id\":\"https:\/\/proventuss.eu\/sk\/produkt\/vi-pro-wipes\/#primaryimage\"},\"image\":{\"@id\":\"https:\/\/proventuss.eu\/sk\/produkt\/vi-pro-wipes\/#primaryimage\"},\"thumbnailUrl\":\"https:\/\/proventuss.eu\/wp-content\/uploads\/2022\/04\/MG_7423a1M.png\",\"datePublished\":\"2022-04-26T11:46:34+00:00\",\"dateModified\":\"2024-05-20T07:39:12+00:00\",\"breadcrumb\":{\"@id\":\"https:\/\/proventuss.eu\/sk\/produkt\/vi-pro-wipes\/#breadcrumb\"},\"inLanguage\":\"sk-SK\",\"potentialAction\":[{\"@type\":\"ReadAction\",\"target\":[\"https:\/\/proventuss.eu\/sk\/produkt\/vi-pro-wipes\/\"]}]},{\"@type\":\"ImageObject\",\"inLanguage\":\"sk-SK\",\"@id\":\"https:\/\/proventuss.eu\/sk\/produkt\/vi-pro-wipes\/#primaryimage\",\"url\":\"https:\/\/proventuss.eu\/wp-content\/uploads\/2022\/04\/MG_7423a1M.png\",\"contentUrl\":\"https:\/\/proventuss.eu\/wp-content\/uploads\/2022\/04\/MG_7423a1M.png\",\"width\":1500,\"height\":1268,\"caption\":\"Na zdj\u0119ciu \u015aciereczki nas\u0105czone - \u0142atwe zmywanie pozosta\u0142o\u015bci po nieutwardzonych szczeliwach i klejach oraz innych zabrudze\u0144, w tym t\u0142ustych i oleistych.\"},{\"@type\":\"BreadcrumbList\",\"@id\":\"https:\/\/proventuss.eu\/sk\/produkt\/vi-pro-wipes\/#breadcrumb\",\"itemListElement\":[{\"@type\":\"ListItem\",\"position\":1,\"name\":\"Home\",\"item\":\"https:\/\/proventuss.eu\/\"},{\"@type\":\"ListItem\",\"position\":2,\"name\":\"Produkty\",\"item\":\"https:\/\/proventuss.eu\/produkty\/\"},{\"@type\":\"ListItem\",\"position\":3,\"name\":\"Vi-Pro\u00ae Wipes\"}]},{\"@type\":\"WebSite\",\"@id\":\"https:\/\/proventuss.eu\/#website\",\"url\":\"https:\/\/proventuss.eu\/\",\"name\":\"Proventuss\",\"description\":\"\",\"potentialAction\":[{\"@type\":\"SearchAction\",\"target\":{\"@type\":\"EntryPoint\",\"urlTemplate\":\"https:\/\/proventuss.eu\/?s={search_term_string}\"},\"query-input\":\"required name=search_term_string\"}],\"inLanguage\":\"sk-SK\"}]}<\/script>\n<!-- \/ Yoast SEO plugin. -->","yoast_head_json":{"title":"Vi-Pro\u00ae Wipes - Proventuss","robots":{"index":"index","follow":"follow","max-snippet":"max-snippet:-1","max-image-preview":"max-image-preview:large","max-video-preview":"max-video-preview:-1"},"canonical":"https:\/\/proventuss.eu\/sk\/produkt\/vi-pro-wipes\/","og_locale":"sk_SK","og_type":"article","og_title":"Vi-Pro\u00ae Wipes - Proventuss","og_description":"Odstra\u0148uje \u010diasto\u010dne vytvrden\u00e9 a nevytvrden\u00e9 tmely vr\u00e1tane silik\u00f3nu, polyuret\u00e1nu a polysulfidu z n\u00e1strojov a povrchov. Odstra\u0148uj\u00fa aj mokr\u00fa farbu, tmel, lepidlo, tmel a \u017eivice. Vi-Pro\u00ae WIPES s\u00fa netkan\u00e9 text\u00edlie napusten\u00e9 jemn\u00fdm \u010distiacim roztokom na vodnej b\u00e1ze. M\u00e4kk\u00fd sav\u00fd povrch nadvihuje a odstra\u0148uje &#8222;lepiv\u00e9 veci&#8220; a zanech\u00e1va povrch \u010dist\u00fd. Pre\u010do pou\u017e\u00edva\u0165 Vi-Pro\u00ae WIPES: Vysoko \u00fa\u010dinn\u00fd \u2013 [&hellip;]","og_url":"https:\/\/proventuss.eu\/sk\/produkt\/vi-pro-wipes\/","og_site_name":"Proventuss","article_modified_time":"2024-05-20T07:39:12+00:00","twitter_card":"summary_large_image","twitter_misc":{"Predpokladan\u00fd \u010das \u010d\u00edtania":"1 min\u00fata"},"schema":{"@context":"https:\/\/schema.org","@graph":[{"@type":"WebPage","@id":"https:\/\/proventuss.eu\/sk\/produkt\/vi-pro-wipes\/","url":"https:\/\/proventuss.eu\/sk\/produkt\/vi-pro-wipes\/","name":"Vi-Pro\u00ae Wipes - Proventuss","isPartOf":{"@id":"https:\/\/proventuss.eu\/#website"},"primaryImageOfPage":{"@id":"https:\/\/proventuss.eu\/sk\/produkt\/vi-pro-wipes\/#primaryimage"},"image":{"@id":"https:\/\/proventuss.eu\/sk\/produkt\/vi-pro-wipes\/#primaryimage"},"thumbnailUrl":"https:\/\/proventuss.eu\/wp-content\/uploads\/2022\/04\/MG_7423a1M.png","datePublished":"2022-04-26T11:46:34+00:00","dateModified":"2024-05-20T07:39:12+00:00","breadcrumb":{"@id":"https:\/\/proventuss.eu\/sk\/produkt\/vi-pro-wipes\/#breadcrumb"},"inLanguage":"sk-SK","potentialAction":[{"@type":"ReadAction","target":["https:\/\/proventuss.eu\/sk\/produkt\/vi-pro-wipes\/"]}]},{"@type":"ImageObject","inLanguage":"sk-SK","@id":"https:\/\/proventuss.eu\/sk\/produkt\/vi-pro-wipes\/#primaryimage","url":"https:\/\/proventuss.eu\/wp-content\/uploads\/2022\/04\/MG_7423a1M.png","contentUrl":"https:\/\/proventuss.eu\/wp-content\/uploads\/2022\/04\/MG_7423a1M.png","width":1500,"height":1268,"caption":"Na zdj\u0119ciu \u015aciereczki nas\u0105czone - \u0142atwe zmywanie pozosta\u0142o\u015bci po nieutwardzonych szczeliwach i klejach oraz innych zabrudze\u0144, w tym t\u0142ustych i oleistych."},{"@type":"BreadcrumbList","@id":"https:\/\/proventuss.eu\/sk\/produkt\/vi-pro-wipes\/#breadcrumb","itemListElement":[{"@type":"ListItem","position":1,"name":"Home","item":"https:\/\/proventuss.eu\/"},{"@type":"ListItem","position":2,"name":"Produkty","item":"https:\/\/proventuss.eu\/produkty\/"},{"@type":"ListItem","position":3,"name":"Vi-Pro\u00ae Wipes"}]},{"@type":"WebSite","@id":"https:\/\/proventuss.eu\/#website","url":"https:\/\/proventuss.eu\/","name":"Proventuss","description":"","potentialAction":[{"@type":"SearchAction","target":{"@type":"EntryPoint","urlTemplate":"https:\/\/proventuss.eu\/?s={search_term_string}"},"query-input":"required name=search_term_string"}],"inLanguage":"sk-SK"}]}},"_links":{"self":[{"href":"https:\/\/proventuss.eu\/sk\/wp-json\/wp\/v2\/product\/8900"}],"collection":[{"href":"https:\/\/proventuss.eu\/sk\/wp-json\/wp\/v2\/product"}],"about":[{"href":"https:\/\/proventuss.eu\/sk\/wp-json\/wp\/v2\/types\/product"}],"replies":[{"embeddable":true,"href":"https:\/\/proventuss.eu\/sk\/wp-json\/wp\/v2\/comments?post=8900"}],"wp:featuredmedia":[{"embeddable":true,"href":"https:\/\/proventuss.eu\/sk\/wp-json\/wp\/v2\/media\/16773"}],"wp:attachment":[{"href":"https:\/\/proventuss.eu\/sk\/wp-json\/wp\/v2\/media?parent=8900"}],"wp:term":[{"taxonomy":"product_cat","embeddable":true,"href":"https:\/\/proventuss.eu\/sk\/wp-json\/wp\/v2\/product_cat?post=8900"},{"taxonomy":"product_tag","embeddable":true,"href":"https:\/\/proventuss.eu\/sk\/wp-json\/wp\/v2\/product_tag?post=8900"}],"curies":[{"name":"wp","href":"https:\/\/api.w.org\/{rel}","templated":true}]}}