{"id":8897,"date":"2022-04-26T10:50:58","date_gmt":"2022-04-26T10:50:58","guid":{"rendered":"https:\/\/proventuss.eu\/produkt\/norbond-t444\/"},"modified":"2022-04-26T10:50:58","modified_gmt":"2022-04-26T10:50:58","slug":"norbond-t444","status":"publish","type":"product","link":"https:\/\/proventuss.eu\/sk\/produkt\/norbond-t444\/","title":{"rendered":"Norbond T444"},"content":{"rendered":"<p>Polyetyl\u00e9nov\u00e1 penov\u00e1 p\u00e1ska pre vysok\u00fa kone\u010dn\u00fa pevnos\u0165, vynikaj\u00facu pri\u013enavos\u0165 s vysokou teplotnou odolnos\u0165ou. Perfektn\u00e9 rie\u0161enie pre aplik\u00e1cie, kde je vy\u017eadovan\u00e1 vysok\u00e1 nosnos\u0165, ako je mont\u00e1\u017e panelov\u00fdch kon\u0161trukci\u00ed, zrkadl\u00e1, at\u010f.<\/p>\n<p><strong>ROZMERY:<\/strong><br \/>\nn\u00e1vin 50 m; hr\u00fabka 1,0 mm; \u0161\u00edrka 9 mm<br \/>\n\u010cierna farba<\/p>\n","protected":false},"excerpt":{"rendered":"<p>Polyetyl\u00e9nov\u00e1 penov\u00e1 p\u00e1ska pre vysok\u00fa kone\u010dn\u00fa pevnos\u0165, vynikaj\u00facu pri\u013enavos\u0165 s vysokou teplotnou odolnos\u0165ou. Perfektn\u00e9 rie\u0161enie pre aplik\u00e1cie, kde je vy\u017eadovan\u00e1 vysok\u00e1 nosnos\u0165, ako je mont\u00e1\u017e panelov\u00fdch kon\u0161trukci\u00ed, zrkadl\u00e1, at\u010f. ROZMERY: n\u00e1vin 50 m; hr\u00fabka 1,0 mm; \u0161\u00edrka 9 mm \u010cierna farba<\/p>\n","protected":false},"featured_media":7380,"comment_status":"open","ping_status":"closed","template":"","meta":{"_acf_changed":false},"product_cat":[393],"product_tag":[],"acf":[],"yoast_head":"<!-- This site is optimized with the Yoast SEO plugin v22.9 - https:\/\/yoast.com\/wordpress\/plugins\/seo\/ -->\n<title>Norbond T444 - Proventuss<\/title>\n<meta name=\"robots\" content=\"index, follow, max-snippet:-1, max-image-preview:large, max-video-preview:-1\" \/>\n<link rel=\"canonical\" href=\"https:\/\/proventuss.eu\/sk\/produkt\/norbond-t444\/\" \/>\n<meta property=\"og:locale\" content=\"sk_SK\" \/>\n<meta property=\"og:type\" content=\"article\" \/>\n<meta property=\"og:title\" content=\"Norbond T444 - Proventuss\" \/>\n<meta property=\"og:description\" content=\"Polyetyl\u00e9nov\u00e1 penov\u00e1 p\u00e1ska pre vysok\u00fa kone\u010dn\u00fa pevnos\u0165, vynikaj\u00facu pri\u013enavos\u0165 s vysokou teplotnou odolnos\u0165ou. Perfektn\u00e9 rie\u0161enie pre aplik\u00e1cie, kde je vy\u017eadovan\u00e1 vysok\u00e1 nosnos\u0165, ako je mont\u00e1\u017e panelov\u00fdch kon\u0161trukci\u00ed, zrkadl\u00e1, at\u010f. ROZMERY: n\u00e1vin 50 m; hr\u00fabka 1,0 mm; \u0161\u00edrka 9 mm \u010cierna farba\" \/>\n<meta property=\"og:url\" content=\"https:\/\/proventuss.eu\/sk\/produkt\/norbond-t444\/\" \/>\n<meta property=\"og:site_name\" content=\"Proventuss\" \/>\n<meta property=\"og:image\" content=\"https:\/\/proventuss.eu\/wp-content\/uploads\/2022\/04\/Norbond-T444.jpg\" \/>\n\t<meta property=\"og:image:width\" content=\"640\" \/>\n\t<meta property=\"og:image:height\" content=\"640\" \/>\n\t<meta property=\"og:image:type\" content=\"image\/jpeg\" \/>\n<meta name=\"twitter:card\" content=\"summary_large_image\" \/>\n<script type=\"application\/ld+json\" class=\"yoast-schema-graph\">{\"@context\":\"https:\/\/schema.org\",\"@graph\":[{\"@type\":\"WebPage\",\"@id\":\"https:\/\/proventuss.eu\/sk\/produkt\/norbond-t444\/\",\"url\":\"https:\/\/proventuss.eu\/sk\/produkt\/norbond-t444\/\",\"name\":\"Norbond T444 - Proventuss\",\"isPartOf\":{\"@id\":\"https:\/\/proventuss.eu\/#website\"},\"primaryImageOfPage\":{\"@id\":\"https:\/\/proventuss.eu\/sk\/produkt\/norbond-t444\/#primaryimage\"},\"image\":{\"@id\":\"https:\/\/proventuss.eu\/sk\/produkt\/norbond-t444\/#primaryimage\"},\"thumbnailUrl\":\"https:\/\/proventuss.eu\/wp-content\/uploads\/2022\/04\/Norbond-T444.jpg\",\"datePublished\":\"2022-04-26T10:50:58+00:00\",\"dateModified\":\"2022-04-26T10:50:58+00:00\",\"breadcrumb\":{\"@id\":\"https:\/\/proventuss.eu\/sk\/produkt\/norbond-t444\/#breadcrumb\"},\"inLanguage\":\"sk-SK\",\"potentialAction\":[{\"@type\":\"ReadAction\",\"target\":[\"https:\/\/proventuss.eu\/sk\/produkt\/norbond-t444\/\"]}]},{\"@type\":\"ImageObject\",\"inLanguage\":\"sk-SK\",\"@id\":\"https:\/\/proventuss.eu\/sk\/produkt\/norbond-t444\/#primaryimage\",\"url\":\"https:\/\/proventuss.eu\/wp-content\/uploads\/2022\/04\/Norbond-T444.jpg\",\"contentUrl\":\"https:\/\/proventuss.eu\/wp-content\/uploads\/2022\/04\/Norbond-T444.jpg\",\"width\":640,\"height\":640},{\"@type\":\"BreadcrumbList\",\"@id\":\"https:\/\/proventuss.eu\/sk\/produkt\/norbond-t444\/#breadcrumb\",\"itemListElement\":[{\"@type\":\"ListItem\",\"position\":1,\"name\":\"Home\",\"item\":\"https:\/\/proventuss.eu\/\"},{\"@type\":\"ListItem\",\"position\":2,\"name\":\"Produkty\",\"item\":\"https:\/\/proventuss.eu\/produkty\/\"},{\"@type\":\"ListItem\",\"position\":3,\"name\":\"Norbond T444\"}]},{\"@type\":\"WebSite\",\"@id\":\"https:\/\/proventuss.eu\/#website\",\"url\":\"https:\/\/proventuss.eu\/\",\"name\":\"Proventuss\",\"description\":\"\",\"potentialAction\":[{\"@type\":\"SearchAction\",\"target\":{\"@type\":\"EntryPoint\",\"urlTemplate\":\"https:\/\/proventuss.eu\/?s={search_term_string}\"},\"query-input\":\"required name=search_term_string\"}],\"inLanguage\":\"sk-SK\"}]}<\/script>\n<!-- \/ Yoast SEO plugin. -->","yoast_head_json":{"title":"Norbond T444 - Proventuss","robots":{"index":"index","follow":"follow","max-snippet":"max-snippet:-1","max-image-preview":"max-image-preview:large","max-video-preview":"max-video-preview:-1"},"canonical":"https:\/\/proventuss.eu\/sk\/produkt\/norbond-t444\/","og_locale":"sk_SK","og_type":"article","og_title":"Norbond T444 - Proventuss","og_description":"Polyetyl\u00e9nov\u00e1 penov\u00e1 p\u00e1ska pre vysok\u00fa kone\u010dn\u00fa pevnos\u0165, vynikaj\u00facu pri\u013enavos\u0165 s vysokou teplotnou odolnos\u0165ou. Perfektn\u00e9 rie\u0161enie pre aplik\u00e1cie, kde je vy\u017eadovan\u00e1 vysok\u00e1 nosnos\u0165, ako je mont\u00e1\u017e panelov\u00fdch kon\u0161trukci\u00ed, zrkadl\u00e1, at\u010f. ROZMERY: n\u00e1vin 50 m; hr\u00fabka 1,0 mm; \u0161\u00edrka 9 mm \u010cierna farba","og_url":"https:\/\/proventuss.eu\/sk\/produkt\/norbond-t444\/","og_site_name":"Proventuss","og_image":[{"width":640,"height":640,"url":"https:\/\/proventuss.eu\/wp-content\/uploads\/2022\/04\/Norbond-T444.jpg","type":"image\/jpeg"}],"twitter_card":"summary_large_image","schema":{"@context":"https:\/\/schema.org","@graph":[{"@type":"WebPage","@id":"https:\/\/proventuss.eu\/sk\/produkt\/norbond-t444\/","url":"https:\/\/proventuss.eu\/sk\/produkt\/norbond-t444\/","name":"Norbond T444 - Proventuss","isPartOf":{"@id":"https:\/\/proventuss.eu\/#website"},"primaryImageOfPage":{"@id":"https:\/\/proventuss.eu\/sk\/produkt\/norbond-t444\/#primaryimage"},"image":{"@id":"https:\/\/proventuss.eu\/sk\/produkt\/norbond-t444\/#primaryimage"},"thumbnailUrl":"https:\/\/proventuss.eu\/wp-content\/uploads\/2022\/04\/Norbond-T444.jpg","datePublished":"2022-04-26T10:50:58+00:00","dateModified":"2022-04-26T10:50:58+00:00","breadcrumb":{"@id":"https:\/\/proventuss.eu\/sk\/produkt\/norbond-t444\/#breadcrumb"},"inLanguage":"sk-SK","potentialAction":[{"@type":"ReadAction","target":["https:\/\/proventuss.eu\/sk\/produkt\/norbond-t444\/"]}]},{"@type":"ImageObject","inLanguage":"sk-SK","@id":"https:\/\/proventuss.eu\/sk\/produkt\/norbond-t444\/#primaryimage","url":"https:\/\/proventuss.eu\/wp-content\/uploads\/2022\/04\/Norbond-T444.jpg","contentUrl":"https:\/\/proventuss.eu\/wp-content\/uploads\/2022\/04\/Norbond-T444.jpg","width":640,"height":640},{"@type":"BreadcrumbList","@id":"https:\/\/proventuss.eu\/sk\/produkt\/norbond-t444\/#breadcrumb","itemListElement":[{"@type":"ListItem","position":1,"name":"Home","item":"https:\/\/proventuss.eu\/"},{"@type":"ListItem","position":2,"name":"Produkty","item":"https:\/\/proventuss.eu\/produkty\/"},{"@type":"ListItem","position":3,"name":"Norbond T444"}]},{"@type":"WebSite","@id":"https:\/\/proventuss.eu\/#website","url":"https:\/\/proventuss.eu\/","name":"Proventuss","description":"","potentialAction":[{"@type":"SearchAction","target":{"@type":"EntryPoint","urlTemplate":"https:\/\/proventuss.eu\/?s={search_term_string}"},"query-input":"required name=search_term_string"}],"inLanguage":"sk-SK"}]}},"_links":{"self":[{"href":"https:\/\/proventuss.eu\/sk\/wp-json\/wp\/v2\/product\/8897"}],"collection":[{"href":"https:\/\/proventuss.eu\/sk\/wp-json\/wp\/v2\/product"}],"about":[{"href":"https:\/\/proventuss.eu\/sk\/wp-json\/wp\/v2\/types\/product"}],"replies":[{"embeddable":true,"href":"https:\/\/proventuss.eu\/sk\/wp-json\/wp\/v2\/comments?post=8897"}],"wp:featuredmedia":[{"embeddable":true,"href":"https:\/\/proventuss.eu\/sk\/wp-json\/wp\/v2\/media\/7380"}],"wp:attachment":[{"href":"https:\/\/proventuss.eu\/sk\/wp-json\/wp\/v2\/media?parent=8897"}],"wp:term":[{"taxonomy":"product_cat","embeddable":true,"href":"https:\/\/proventuss.eu\/sk\/wp-json\/wp\/v2\/product_cat?post=8897"},{"taxonomy":"product_tag","embeddable":true,"href":"https:\/\/proventuss.eu\/sk\/wp-json\/wp\/v2\/product_tag?post=8897"}],"curies":[{"name":"wp","href":"https:\/\/api.w.org\/{rel}","templated":true}]}}