{"id":8893,"date":"2022-04-26T10:46:52","date_gmt":"2022-04-26T10:46:52","guid":{"rendered":"https:\/\/proventuss.eu\/produkt\/8893\/"},"modified":"2022-09-30T10:38:59","modified_gmt":"2022-09-30T10:38:59","slug":"vi-pro-sg-tape","status":"publish","type":"product","link":"https:\/\/proventuss.eu\/sk\/produkt\/vi-pro-sg-tape\/","title":{"rendered":"Vi-Pro\u00ae SG Tape"},"content":{"rendered":"<p><strong>OBOJSTRANN\u00c1 VYSOKO PRI\u013dNAV\u00c1 ZASKLIEVACIA PVC P\u00c1SKA S AKRYLOV\u00ddM LEPIDLOM<\/strong> \u0161peci\u00e1lne vyvinut\u00e1 pre pou\u017eitie v syst\u00e9moch \u0161truktur\u00e1lneho zasklievania. M\u00e1 \u010diasto\u010dne otvoren\u00fa \u0161trukt\u00faru p\u00f3rov k u\u013eah\u010deniu vulkaniz\u00e1cie \u0161truktur\u00e1lnych silik\u00f3nov zo v\u0161etk\u00fdch str\u00e1n.<\/p>\n<p><strong>VLASTNOSTI:<\/strong><br \/>\n\u2022 Farba: \u010cierna<br \/>\n\u2022 \u0160pecifik\u00e1cia lepidla: otvoren\u00e9, modifikovan\u00e9 akrylov\u00e9 lepidlo na b\u00e1ze rozp\u00fa\u0161\u0165adla, hr\u00fabka 90 mikr\u00f3nov<br \/>\n\u2022 Rozsah tepl\u00f4t: -20\u00b0C a\u017e + 90\u00b0C<br \/>\n\u2022 UV odolnos\u0165 : ve\u013emi dobr\u00e1<br \/>\n\u2022 Vodeodolnos\u0165 : ve\u013emi dobr\u00e1<\/p>\n","protected":false},"excerpt":{"rendered":"<p>OBOJSTRANN\u00c1 VYSOKO PRI\u013dNAV\u00c1 ZASKLIEVACIA PVC P\u00c1SKA S AKRYLOV\u00ddM LEPIDLOM \u0161peci\u00e1lne vyvinut\u00e1 pre pou\u017eitie v syst\u00e9moch \u0161truktur\u00e1lneho zasklievania. M\u00e1 \u010diasto\u010dne otvoren\u00fa \u0161trukt\u00faru p\u00f3rov k u\u013eah\u010deniu vulkaniz\u00e1cie \u0161truktur\u00e1lnych silik\u00f3nov zo v\u0161etk\u00fdch str\u00e1n. VLASTNOSTI: \u2022 Farba: \u010cierna \u2022 \u0160pecifik\u00e1cia lepidla: otvoren\u00e9, modifikovan\u00e9 akrylov\u00e9 lepidlo na b\u00e1ze rozp\u00fa\u0161\u0165adla, hr\u00fabka 90 mikr\u00f3nov \u2022 Rozsah tepl\u00f4t: -20\u00b0C a\u017e + 90\u00b0C \u2022 [&hellip;]<\/p>\n","protected":false},"featured_media":7315,"comment_status":"open","ping_status":"closed","template":"","meta":{"_acf_changed":false},"product_cat":[393],"product_tag":[],"acf":[],"yoast_head":"<!-- This site is optimized with the Yoast SEO plugin v22.9 - https:\/\/yoast.com\/wordpress\/plugins\/seo\/ -->\n<title>Vi-Pro\u00ae SG Tape - Proventuss<\/title>\n<meta name=\"robots\" content=\"index, follow, max-snippet:-1, max-image-preview:large, max-video-preview:-1\" \/>\n<link rel=\"canonical\" href=\"https:\/\/proventuss.eu\/sk\/produkt\/vi-pro-sg-tape\/\" \/>\n<meta property=\"og:locale\" content=\"sk_SK\" \/>\n<meta property=\"og:type\" content=\"article\" \/>\n<meta property=\"og:title\" content=\"Vi-Pro\u00ae SG Tape - Proventuss\" \/>\n<meta property=\"og:description\" content=\"OBOJSTRANN\u00c1 VYSOKO PRI\u013dNAV\u00c1 ZASKLIEVACIA PVC P\u00c1SKA S AKRYLOV\u00ddM LEPIDLOM \u0161peci\u00e1lne vyvinut\u00e1 pre pou\u017eitie v syst\u00e9moch \u0161truktur\u00e1lneho zasklievania. M\u00e1 \u010diasto\u010dne otvoren\u00fa \u0161trukt\u00faru p\u00f3rov k u\u013eah\u010deniu vulkaniz\u00e1cie \u0161truktur\u00e1lnych silik\u00f3nov zo v\u0161etk\u00fdch str\u00e1n. VLASTNOSTI: \u2022 Farba: \u010cierna \u2022 \u0160pecifik\u00e1cia lepidla: otvoren\u00e9, modifikovan\u00e9 akrylov\u00e9 lepidlo na b\u00e1ze rozp\u00fa\u0161\u0165adla, hr\u00fabka 90 mikr\u00f3nov \u2022 Rozsah tepl\u00f4t: -20\u00b0C a\u017e + 90\u00b0C \u2022 [&hellip;]\" \/>\n<meta property=\"og:url\" content=\"https:\/\/proventuss.eu\/sk\/produkt\/vi-pro-sg-tape\/\" \/>\n<meta property=\"og:site_name\" content=\"Proventuss\" \/>\n<meta property=\"article:modified_time\" content=\"2022-09-30T10:38:59+00:00\" \/>\n<meta property=\"og:image\" content=\"https:\/\/proventuss.eu\/wp-content\/uploads\/2022\/04\/Vi-pro-tasma-SG.png\" \/>\n\t<meta property=\"og:image:width\" content=\"967\" \/>\n\t<meta property=\"og:image:height\" content=\"640\" \/>\n\t<meta property=\"og:image:type\" content=\"image\/png\" \/>\n<meta name=\"twitter:card\" content=\"summary_large_image\" \/>\n<script type=\"application\/ld+json\" class=\"yoast-schema-graph\">{\"@context\":\"https:\/\/schema.org\",\"@graph\":[{\"@type\":\"WebPage\",\"@id\":\"https:\/\/proventuss.eu\/sk\/produkt\/vi-pro-sg-tape\/\",\"url\":\"https:\/\/proventuss.eu\/sk\/produkt\/vi-pro-sg-tape\/\",\"name\":\"Vi-Pro\u00ae SG Tape - Proventuss\",\"isPartOf\":{\"@id\":\"https:\/\/proventuss.eu\/#website\"},\"primaryImageOfPage\":{\"@id\":\"https:\/\/proventuss.eu\/sk\/produkt\/vi-pro-sg-tape\/#primaryimage\"},\"image\":{\"@id\":\"https:\/\/proventuss.eu\/sk\/produkt\/vi-pro-sg-tape\/#primaryimage\"},\"thumbnailUrl\":\"https:\/\/proventuss.eu\/wp-content\/uploads\/2022\/04\/Vi-pro-tasma-SG.png\",\"datePublished\":\"2022-04-26T10:46:52+00:00\",\"dateModified\":\"2022-09-30T10:38:59+00:00\",\"breadcrumb\":{\"@id\":\"https:\/\/proventuss.eu\/sk\/produkt\/vi-pro-sg-tape\/#breadcrumb\"},\"inLanguage\":\"sk-SK\",\"potentialAction\":[{\"@type\":\"ReadAction\",\"target\":[\"https:\/\/proventuss.eu\/sk\/produkt\/vi-pro-sg-tape\/\"]}]},{\"@type\":\"ImageObject\",\"inLanguage\":\"sk-SK\",\"@id\":\"https:\/\/proventuss.eu\/sk\/produkt\/vi-pro-sg-tape\/#primaryimage\",\"url\":\"https:\/\/proventuss.eu\/wp-content\/uploads\/2022\/04\/Vi-pro-tasma-SG.png\",\"contentUrl\":\"https:\/\/proventuss.eu\/wp-content\/uploads\/2022\/04\/Vi-pro-tasma-SG.png\",\"width\":967,\"height\":640,\"caption\":\"Na zdj\u0119ciu dwustronna ta\u015bma o wysokiej przyczepno\u015bci do stosowania w systemach szklenia strukturalnego. Odporno\u015b\u0107 na promieniowanie UV: bardzo dobra.\"},{\"@type\":\"BreadcrumbList\",\"@id\":\"https:\/\/proventuss.eu\/sk\/produkt\/vi-pro-sg-tape\/#breadcrumb\",\"itemListElement\":[{\"@type\":\"ListItem\",\"position\":1,\"name\":\"Home\",\"item\":\"https:\/\/proventuss.eu\/\"},{\"@type\":\"ListItem\",\"position\":2,\"name\":\"Produkty\",\"item\":\"https:\/\/proventuss.eu\/produkty\/\"},{\"@type\":\"ListItem\",\"position\":3,\"name\":\"Vi-Pro\u00ae SG Tape\"}]},{\"@type\":\"WebSite\",\"@id\":\"https:\/\/proventuss.eu\/#website\",\"url\":\"https:\/\/proventuss.eu\/\",\"name\":\"Proventuss\",\"description\":\"\",\"potentialAction\":[{\"@type\":\"SearchAction\",\"target\":{\"@type\":\"EntryPoint\",\"urlTemplate\":\"https:\/\/proventuss.eu\/?s={search_term_string}\"},\"query-input\":\"required name=search_term_string\"}],\"inLanguage\":\"sk-SK\"}]}<\/script>\n<!-- \/ Yoast SEO plugin. -->","yoast_head_json":{"title":"Vi-Pro\u00ae SG Tape - Proventuss","robots":{"index":"index","follow":"follow","max-snippet":"max-snippet:-1","max-image-preview":"max-image-preview:large","max-video-preview":"max-video-preview:-1"},"canonical":"https:\/\/proventuss.eu\/sk\/produkt\/vi-pro-sg-tape\/","og_locale":"sk_SK","og_type":"article","og_title":"Vi-Pro\u00ae SG Tape - Proventuss","og_description":"OBOJSTRANN\u00c1 VYSOKO PRI\u013dNAV\u00c1 ZASKLIEVACIA PVC P\u00c1SKA S AKRYLOV\u00ddM LEPIDLOM \u0161peci\u00e1lne vyvinut\u00e1 pre pou\u017eitie v syst\u00e9moch \u0161truktur\u00e1lneho zasklievania. M\u00e1 \u010diasto\u010dne otvoren\u00fa \u0161trukt\u00faru p\u00f3rov k u\u013eah\u010deniu vulkaniz\u00e1cie \u0161truktur\u00e1lnych silik\u00f3nov zo v\u0161etk\u00fdch str\u00e1n. VLASTNOSTI: \u2022 Farba: \u010cierna \u2022 \u0160pecifik\u00e1cia lepidla: otvoren\u00e9, modifikovan\u00e9 akrylov\u00e9 lepidlo na b\u00e1ze rozp\u00fa\u0161\u0165adla, hr\u00fabka 90 mikr\u00f3nov \u2022 Rozsah tepl\u00f4t: -20\u00b0C a\u017e + 90\u00b0C \u2022 [&hellip;]","og_url":"https:\/\/proventuss.eu\/sk\/produkt\/vi-pro-sg-tape\/","og_site_name":"Proventuss","article_modified_time":"2022-09-30T10:38:59+00:00","og_image":[{"width":967,"height":640,"url":"https:\/\/proventuss.eu\/wp-content\/uploads\/2022\/04\/Vi-pro-tasma-SG.png","type":"image\/png"}],"twitter_card":"summary_large_image","schema":{"@context":"https:\/\/schema.org","@graph":[{"@type":"WebPage","@id":"https:\/\/proventuss.eu\/sk\/produkt\/vi-pro-sg-tape\/","url":"https:\/\/proventuss.eu\/sk\/produkt\/vi-pro-sg-tape\/","name":"Vi-Pro\u00ae SG Tape - Proventuss","isPartOf":{"@id":"https:\/\/proventuss.eu\/#website"},"primaryImageOfPage":{"@id":"https:\/\/proventuss.eu\/sk\/produkt\/vi-pro-sg-tape\/#primaryimage"},"image":{"@id":"https:\/\/proventuss.eu\/sk\/produkt\/vi-pro-sg-tape\/#primaryimage"},"thumbnailUrl":"https:\/\/proventuss.eu\/wp-content\/uploads\/2022\/04\/Vi-pro-tasma-SG.png","datePublished":"2022-04-26T10:46:52+00:00","dateModified":"2022-09-30T10:38:59+00:00","breadcrumb":{"@id":"https:\/\/proventuss.eu\/sk\/produkt\/vi-pro-sg-tape\/#breadcrumb"},"inLanguage":"sk-SK","potentialAction":[{"@type":"ReadAction","target":["https:\/\/proventuss.eu\/sk\/produkt\/vi-pro-sg-tape\/"]}]},{"@type":"ImageObject","inLanguage":"sk-SK","@id":"https:\/\/proventuss.eu\/sk\/produkt\/vi-pro-sg-tape\/#primaryimage","url":"https:\/\/proventuss.eu\/wp-content\/uploads\/2022\/04\/Vi-pro-tasma-SG.png","contentUrl":"https:\/\/proventuss.eu\/wp-content\/uploads\/2022\/04\/Vi-pro-tasma-SG.png","width":967,"height":640,"caption":"Na zdj\u0119ciu dwustronna ta\u015bma o wysokiej przyczepno\u015bci do stosowania w systemach szklenia strukturalnego. Odporno\u015b\u0107 na promieniowanie UV: bardzo dobra."},{"@type":"BreadcrumbList","@id":"https:\/\/proventuss.eu\/sk\/produkt\/vi-pro-sg-tape\/#breadcrumb","itemListElement":[{"@type":"ListItem","position":1,"name":"Home","item":"https:\/\/proventuss.eu\/"},{"@type":"ListItem","position":2,"name":"Produkty","item":"https:\/\/proventuss.eu\/produkty\/"},{"@type":"ListItem","position":3,"name":"Vi-Pro\u00ae SG Tape"}]},{"@type":"WebSite","@id":"https:\/\/proventuss.eu\/#website","url":"https:\/\/proventuss.eu\/","name":"Proventuss","description":"","potentialAction":[{"@type":"SearchAction","target":{"@type":"EntryPoint","urlTemplate":"https:\/\/proventuss.eu\/?s={search_term_string}"},"query-input":"required name=search_term_string"}],"inLanguage":"sk-SK"}]}},"_links":{"self":[{"href":"https:\/\/proventuss.eu\/sk\/wp-json\/wp\/v2\/product\/8893"}],"collection":[{"href":"https:\/\/proventuss.eu\/sk\/wp-json\/wp\/v2\/product"}],"about":[{"href":"https:\/\/proventuss.eu\/sk\/wp-json\/wp\/v2\/types\/product"}],"replies":[{"embeddable":true,"href":"https:\/\/proventuss.eu\/sk\/wp-json\/wp\/v2\/comments?post=8893"}],"wp:featuredmedia":[{"embeddable":true,"href":"https:\/\/proventuss.eu\/sk\/wp-json\/wp\/v2\/media\/7315"}],"wp:attachment":[{"href":"https:\/\/proventuss.eu\/sk\/wp-json\/wp\/v2\/media?parent=8893"}],"wp:term":[{"taxonomy":"product_cat","embeddable":true,"href":"https:\/\/proventuss.eu\/sk\/wp-json\/wp\/v2\/product_cat?post=8893"},{"taxonomy":"product_tag","embeddable":true,"href":"https:\/\/proventuss.eu\/sk\/wp-json\/wp\/v2\/product_tag?post=8893"}],"curies":[{"name":"wp","href":"https:\/\/api.w.org\/{rel}","templated":true}]}}