{"id":8892,"date":"2022-04-26T10:45:35","date_gmt":"2022-04-26T10:45:35","guid":{"rendered":"https:\/\/proventuss.eu\/produkt\/vi-pro-backer-rod\/"},"modified":"2022-04-26T10:45:35","modified_gmt":"2022-04-26T10:45:35","slug":"vi-pro-backer-rod","status":"publish","type":"product","link":"https:\/\/proventuss.eu\/sk\/produkt\/vi-pro-backer-rod\/","title":{"rendered":"Vi-Pro\u00ae Backer Rod"},"content":{"rendered":"<p><strong>V\u00ddPL\u0147OVA \u0160N\u00daRA Z POLYURET\u00c1NOVEJ PENY.<\/strong> Ohybn\u00e1 expanzn\u00e1 a tesniaca \u0161n\u00fara z polyuret\u00e1novej peny pre tesnenie okenn\u00fdch a fas\u00e1dnych in\u0161tal\u00e1cii, stavebn\u00fdch izol\u00e1cii a in\u00fdch rekonstruk\u010dn\u00fdch a stavebn\u00fdch pr\u00e1c Vi-Pro\u00ae V\u00fdpl\u0148ova \u0161n\u00fara.<\/p>\n<p>Univerz\u00e1lna a jednoduch\u00e1 in\u0161tal\u00e1cia, \u0161n\u00fara m\u00f4\u017ee by\u0165 pou\u017eit\u00e1 vonku i vo vn\u00fatri budovy, na zvisl\u00fdch i vodorovn\u00fdch povrchoch. \u0160n\u00fara vytv\u00e1ra po\u010diato\u010dn\u00fa v\u00fdpl\u0148 medzier a umo\u017e\u0148uje ich spr\u00e1vn\u00fd prierez a zni\u017euje spotrebu v\u00fdpl\u0148ov\u00e9ho materi\u00e1lu (napr. silik\u00f3nu).<\/p>\n<p><strong>V\u00ddHODY:<\/strong><br \/>\n\u2022 Univerz\u00e1lna &#8211; pre tesnenie a dilat\u00e1ciu v r\u00f4zn\u00fdch aplik\u00e1ciach<br \/>\n\u2022 Jednoduch\u00e9 pou\u017eitie, m\u00f4\u017ee by\u0165 narezan\u00e1 na po\u017eadovan\u00fa d\u013a\u017eku<\/p>\n<p><strong>DOSTUPN\u00c9 ROZMERY:<\/strong><br \/>\n6 mm, 8 mm, 10 mm<br \/>\nRolka po 25 m<\/p>\n","protected":false},"excerpt":{"rendered":"<p>V\u00ddPL\u0147OVA \u0160N\u00daRA Z POLYURET\u00c1NOVEJ PENY. Ohybn\u00e1 expanzn\u00e1 a tesniaca \u0161n\u00fara z polyuret\u00e1novej peny pre tesnenie okenn\u00fdch a fas\u00e1dnych in\u0161tal\u00e1cii, stavebn\u00fdch izol\u00e1cii a in\u00fdch rekonstruk\u010dn\u00fdch a stavebn\u00fdch pr\u00e1c Vi-Pro\u00ae V\u00fdpl\u0148ova \u0161n\u00fara. Univerz\u00e1lna a jednoduch\u00e1 in\u0161tal\u00e1cia, \u0161n\u00fara m\u00f4\u017ee by\u0165 pou\u017eit\u00e1 vonku i vo vn\u00fatri budovy, na zvisl\u00fdch i vodorovn\u00fdch povrchoch. \u0160n\u00fara vytv\u00e1ra po\u010diato\u010dn\u00fa v\u00fdpl\u0148 medzier a umo\u017e\u0148uje [&hellip;]<\/p>\n","protected":false},"featured_media":7314,"comment_status":"open","ping_status":"closed","template":"","meta":{"_acf_changed":false},"product_cat":[393],"product_tag":[],"acf":[],"yoast_head":"<!-- This site is optimized with the Yoast SEO plugin v22.9 - https:\/\/yoast.com\/wordpress\/plugins\/seo\/ -->\n<title>Vi-Pro\u00ae Backer Rod - Proventuss<\/title>\n<meta name=\"robots\" content=\"index, follow, max-snippet:-1, max-image-preview:large, max-video-preview:-1\" \/>\n<link rel=\"canonical\" href=\"https:\/\/proventuss.eu\/sk\/produkt\/vi-pro-backer-rod\/\" \/>\n<meta property=\"og:locale\" content=\"sk_SK\" \/>\n<meta property=\"og:type\" content=\"article\" \/>\n<meta property=\"og:title\" content=\"Vi-Pro\u00ae Backer Rod - Proventuss\" \/>\n<meta property=\"og:description\" content=\"V\u00ddPL\u0147OVA \u0160N\u00daRA Z POLYURET\u00c1NOVEJ PENY. Ohybn\u00e1 expanzn\u00e1 a tesniaca \u0161n\u00fara z polyuret\u00e1novej peny pre tesnenie okenn\u00fdch a fas\u00e1dnych in\u0161tal\u00e1cii, stavebn\u00fdch izol\u00e1cii a in\u00fdch rekonstruk\u010dn\u00fdch a stavebn\u00fdch pr\u00e1c Vi-Pro\u00ae V\u00fdpl\u0148ova \u0161n\u00fara. Univerz\u00e1lna a jednoduch\u00e1 in\u0161tal\u00e1cia, \u0161n\u00fara m\u00f4\u017ee by\u0165 pou\u017eit\u00e1 vonku i vo vn\u00fatri budovy, na zvisl\u00fdch i vodorovn\u00fdch povrchoch. \u0160n\u00fara vytv\u00e1ra po\u010diato\u010dn\u00fa v\u00fdpl\u0148 medzier a umo\u017e\u0148uje [&hellip;]\" \/>\n<meta property=\"og:url\" content=\"https:\/\/proventuss.eu\/sk\/produkt\/vi-pro-backer-rod\/\" \/>\n<meta property=\"og:site_name\" content=\"Proventuss\" \/>\n<meta property=\"og:image\" content=\"https:\/\/proventuss.eu\/wp-content\/uploads\/2022\/04\/Vi-Pro-Backer-Rod-8-mm-na-25-m.png\" \/>\n\t<meta property=\"og:image:width\" content=\"640\" \/>\n\t<meta property=\"og:image:height\" content=\"640\" \/>\n\t<meta property=\"og:image:type\" content=\"image\/png\" \/>\n<meta name=\"twitter:card\" content=\"summary_large_image\" \/>\n<meta name=\"twitter:label1\" content=\"Predpokladan\u00fd \u010das \u010d\u00edtania\" \/>\n\t<meta name=\"twitter:data1\" content=\"1 min\u00fata\" \/>\n<script type=\"application\/ld+json\" class=\"yoast-schema-graph\">{\"@context\":\"https:\/\/schema.org\",\"@graph\":[{\"@type\":\"WebPage\",\"@id\":\"https:\/\/proventuss.eu\/sk\/produkt\/vi-pro-backer-rod\/\",\"url\":\"https:\/\/proventuss.eu\/sk\/produkt\/vi-pro-backer-rod\/\",\"name\":\"Vi-Pro\u00ae Backer Rod - Proventuss\",\"isPartOf\":{\"@id\":\"https:\/\/proventuss.eu\/#website\"},\"primaryImageOfPage\":{\"@id\":\"https:\/\/proventuss.eu\/sk\/produkt\/vi-pro-backer-rod\/#primaryimage\"},\"image\":{\"@id\":\"https:\/\/proventuss.eu\/sk\/produkt\/vi-pro-backer-rod\/#primaryimage\"},\"thumbnailUrl\":\"https:\/\/proventuss.eu\/wp-content\/uploads\/2022\/04\/Vi-Pro-Backer-Rod-8-mm-na-25-m.png\",\"datePublished\":\"2022-04-26T10:45:35+00:00\",\"dateModified\":\"2022-04-26T10:45:35+00:00\",\"breadcrumb\":{\"@id\":\"https:\/\/proventuss.eu\/sk\/produkt\/vi-pro-backer-rod\/#breadcrumb\"},\"inLanguage\":\"sk-SK\",\"potentialAction\":[{\"@type\":\"ReadAction\",\"target\":[\"https:\/\/proventuss.eu\/sk\/produkt\/vi-pro-backer-rod\/\"]}]},{\"@type\":\"ImageObject\",\"inLanguage\":\"sk-SK\",\"@id\":\"https:\/\/proventuss.eu\/sk\/produkt\/vi-pro-backer-rod\/#primaryimage\",\"url\":\"https:\/\/proventuss.eu\/wp-content\/uploads\/2022\/04\/Vi-Pro-Backer-Rod-8-mm-na-25-m.png\",\"contentUrl\":\"https:\/\/proventuss.eu\/wp-content\/uploads\/2022\/04\/Vi-Pro-Backer-Rod-8-mm-na-25-m.png\",\"width\":640,\"height\":640,\"caption\":\"Na zdj\u0119ciu sznur wype\u0142niaj\u0105cy z pianki polietylenowej - elastyczne wype\u0142nienie dylatacyjne i uszczelnienie przy monta\u017cu okien i fasad.\"},{\"@type\":\"BreadcrumbList\",\"@id\":\"https:\/\/proventuss.eu\/sk\/produkt\/vi-pro-backer-rod\/#breadcrumb\",\"itemListElement\":[{\"@type\":\"ListItem\",\"position\":1,\"name\":\"Home\",\"item\":\"https:\/\/proventuss.eu\/\"},{\"@type\":\"ListItem\",\"position\":2,\"name\":\"Produkty\",\"item\":\"https:\/\/proventuss.eu\/produkty\/\"},{\"@type\":\"ListItem\",\"position\":3,\"name\":\"Vi-Pro\u00ae Backer Rod\"}]},{\"@type\":\"WebSite\",\"@id\":\"https:\/\/proventuss.eu\/#website\",\"url\":\"https:\/\/proventuss.eu\/\",\"name\":\"Proventuss\",\"description\":\"\",\"potentialAction\":[{\"@type\":\"SearchAction\",\"target\":{\"@type\":\"EntryPoint\",\"urlTemplate\":\"https:\/\/proventuss.eu\/?s={search_term_string}\"},\"query-input\":\"required name=search_term_string\"}],\"inLanguage\":\"sk-SK\"}]}<\/script>\n<!-- \/ Yoast SEO plugin. -->","yoast_head_json":{"title":"Vi-Pro\u00ae Backer Rod - Proventuss","robots":{"index":"index","follow":"follow","max-snippet":"max-snippet:-1","max-image-preview":"max-image-preview:large","max-video-preview":"max-video-preview:-1"},"canonical":"https:\/\/proventuss.eu\/sk\/produkt\/vi-pro-backer-rod\/","og_locale":"sk_SK","og_type":"article","og_title":"Vi-Pro\u00ae Backer Rod - Proventuss","og_description":"V\u00ddPL\u0147OVA \u0160N\u00daRA Z POLYURET\u00c1NOVEJ PENY. Ohybn\u00e1 expanzn\u00e1 a tesniaca \u0161n\u00fara z polyuret\u00e1novej peny pre tesnenie okenn\u00fdch a fas\u00e1dnych in\u0161tal\u00e1cii, stavebn\u00fdch izol\u00e1cii a in\u00fdch rekonstruk\u010dn\u00fdch a stavebn\u00fdch pr\u00e1c Vi-Pro\u00ae V\u00fdpl\u0148ova \u0161n\u00fara. Univerz\u00e1lna a jednoduch\u00e1 in\u0161tal\u00e1cia, \u0161n\u00fara m\u00f4\u017ee by\u0165 pou\u017eit\u00e1 vonku i vo vn\u00fatri budovy, na zvisl\u00fdch i vodorovn\u00fdch povrchoch. \u0160n\u00fara vytv\u00e1ra po\u010diato\u010dn\u00fa v\u00fdpl\u0148 medzier a umo\u017e\u0148uje [&hellip;]","og_url":"https:\/\/proventuss.eu\/sk\/produkt\/vi-pro-backer-rod\/","og_site_name":"Proventuss","og_image":[{"width":640,"height":640,"url":"https:\/\/proventuss.eu\/wp-content\/uploads\/2022\/04\/Vi-Pro-Backer-Rod-8-mm-na-25-m.png","type":"image\/png"}],"twitter_card":"summary_large_image","twitter_misc":{"Predpokladan\u00fd \u010das \u010d\u00edtania":"1 min\u00fata"},"schema":{"@context":"https:\/\/schema.org","@graph":[{"@type":"WebPage","@id":"https:\/\/proventuss.eu\/sk\/produkt\/vi-pro-backer-rod\/","url":"https:\/\/proventuss.eu\/sk\/produkt\/vi-pro-backer-rod\/","name":"Vi-Pro\u00ae Backer Rod - Proventuss","isPartOf":{"@id":"https:\/\/proventuss.eu\/#website"},"primaryImageOfPage":{"@id":"https:\/\/proventuss.eu\/sk\/produkt\/vi-pro-backer-rod\/#primaryimage"},"image":{"@id":"https:\/\/proventuss.eu\/sk\/produkt\/vi-pro-backer-rod\/#primaryimage"},"thumbnailUrl":"https:\/\/proventuss.eu\/wp-content\/uploads\/2022\/04\/Vi-Pro-Backer-Rod-8-mm-na-25-m.png","datePublished":"2022-04-26T10:45:35+00:00","dateModified":"2022-04-26T10:45:35+00:00","breadcrumb":{"@id":"https:\/\/proventuss.eu\/sk\/produkt\/vi-pro-backer-rod\/#breadcrumb"},"inLanguage":"sk-SK","potentialAction":[{"@type":"ReadAction","target":["https:\/\/proventuss.eu\/sk\/produkt\/vi-pro-backer-rod\/"]}]},{"@type":"ImageObject","inLanguage":"sk-SK","@id":"https:\/\/proventuss.eu\/sk\/produkt\/vi-pro-backer-rod\/#primaryimage","url":"https:\/\/proventuss.eu\/wp-content\/uploads\/2022\/04\/Vi-Pro-Backer-Rod-8-mm-na-25-m.png","contentUrl":"https:\/\/proventuss.eu\/wp-content\/uploads\/2022\/04\/Vi-Pro-Backer-Rod-8-mm-na-25-m.png","width":640,"height":640,"caption":"Na zdj\u0119ciu sznur wype\u0142niaj\u0105cy z pianki polietylenowej - elastyczne wype\u0142nienie dylatacyjne i uszczelnienie przy monta\u017cu okien i fasad."},{"@type":"BreadcrumbList","@id":"https:\/\/proventuss.eu\/sk\/produkt\/vi-pro-backer-rod\/#breadcrumb","itemListElement":[{"@type":"ListItem","position":1,"name":"Home","item":"https:\/\/proventuss.eu\/"},{"@type":"ListItem","position":2,"name":"Produkty","item":"https:\/\/proventuss.eu\/produkty\/"},{"@type":"ListItem","position":3,"name":"Vi-Pro\u00ae Backer Rod"}]},{"@type":"WebSite","@id":"https:\/\/proventuss.eu\/#website","url":"https:\/\/proventuss.eu\/","name":"Proventuss","description":"","potentialAction":[{"@type":"SearchAction","target":{"@type":"EntryPoint","urlTemplate":"https:\/\/proventuss.eu\/?s={search_term_string}"},"query-input":"required name=search_term_string"}],"inLanguage":"sk-SK"}]}},"_links":{"self":[{"href":"https:\/\/proventuss.eu\/sk\/wp-json\/wp\/v2\/product\/8892"}],"collection":[{"href":"https:\/\/proventuss.eu\/sk\/wp-json\/wp\/v2\/product"}],"about":[{"href":"https:\/\/proventuss.eu\/sk\/wp-json\/wp\/v2\/types\/product"}],"replies":[{"embeddable":true,"href":"https:\/\/proventuss.eu\/sk\/wp-json\/wp\/v2\/comments?post=8892"}],"wp:featuredmedia":[{"embeddable":true,"href":"https:\/\/proventuss.eu\/sk\/wp-json\/wp\/v2\/media\/7314"}],"wp:attachment":[{"href":"https:\/\/proventuss.eu\/sk\/wp-json\/wp\/v2\/media?parent=8892"}],"wp:term":[{"taxonomy":"product_cat","embeddable":true,"href":"https:\/\/proventuss.eu\/sk\/wp-json\/wp\/v2\/product_cat?post=8892"},{"taxonomy":"product_tag","embeddable":true,"href":"https:\/\/proventuss.eu\/sk\/wp-json\/wp\/v2\/product_tag?post=8892"}],"curies":[{"name":"wp","href":"https:\/\/api.w.org\/{rel}","templated":true}]}}