{"id":8886,"date":"2022-04-26T10:34:58","date_gmt":"2022-04-26T10:34:58","guid":{"rendered":"https:\/\/proventuss.eu\/produkt\/vi-pro-strongbond-sb55-ms\/"},"modified":"2024-11-28T10:25:19","modified_gmt":"2024-11-28T10:25:19","slug":"vi-pro-strongbond-sb55-ms","status":"publish","type":"product","link":"https:\/\/proventuss.eu\/sk\/produkt\/vi-pro-strongbond-sb55-ms\/","title":{"rendered":"Vi-Pro\u00ae Strongbond SB55 MS"},"content":{"rendered":"<p><strong>Jednozlo\u017ekov\u00fd elastick\u00fd lepiaci tmel na b\u00e1ze MS polym\u00e9ru<\/strong><\/p>\n<p><strong>Vi-Pro\u00ae Strongbond SB55 MS<\/strong> je viac\u00fa\u010delov\u00e9 jednozlo\u017ekov\u00e9 nestekaj\u00face elastick\u00e9 lepidlo na b\u00e1ze polym\u00e9ru modifikovan\u00e9ho silylom na pou\u017eitie s aplika\u010dnou pi\u0161to\u013eou. Vytvrdzuje sa vplyvom atmosf\u00e9rickej vlhkosti za tvorby vysoko funk\u010dn\u00e9ho trvale ohybn\u00e9ho elastick\u00e9ho lepidla. Bez obsahu rozp\u00fa\u0161\u0165adiel a isokyan\u00e1tov.<\/p>\n<p><strong>TYPICK\u00c9 POU\u017dITIE:<\/strong><\/p>\n<p>Vi-Pro\u00ae Strongbond SB55 MS je univerz\u00e1lne a v\u00fdkonn\u00e9 elastick\u00e9 lepidlo a tmel pre pou\u017eitie v aplik\u00e1ciach elastick\u00fdch spojov v stavebnej a priemyselnej mont\u00e1\u017ei, automobilovom, dopravnom (autobusy, karavany, chladiarensk\u00e9 vozidl\u00e1, kontajnery) a v lodnom priemysle a vzduchotechnike, kde s\u00fa vy\u017eadovan\u00e9 pevn\u00e9 ohybn\u00e9 gumov\u00e9 spoje alebo je po\u017eadovan\u00e9 siln\u00e9 elastick\u00e9 lepidlo.<\/p>\n<p><strong>VLASTNOSTI:<\/strong><\/p>\n<p>\u2022 Modifikovan\u00fd silylov\u00fd polym\u00e9r<br \/>\n\u2022 Bez rozp\u00fa\u0161\u0165adiel a isokyan\u00e1tu<br \/>\n\u2022 Dobr\u00e1 odolnos\u0165 proti st\u00e1rnutiu a poveternostn\u00fdm vplyvom<br \/>\n\u2022 V\u00fdborn\u00e1 tixotropia, nestekav\u00fd, kr\u00e1tke ukon\u010dovacie vl\u00e1kno<br \/>\n\u2022 Trvale pru\u017en\u00fd v \u0161irokom rozsahu tepl\u00f4t<br \/>\n\u2022 Netvor\u00ed bubliny<br \/>\n\u2022 \u013dahk\u00e1 aplik\u00e1cia z pi\u0161tole s v\u00fdbornou spracovate\u013enos\u0165ou<br \/>\n\u2022 V\u00fdborn\u00e1 pri\u013enavos\u0165 bez primeru na v\u0161etk\u00fdch typick\u00fdch stavebn\u00fdch a priemyslov\u00fdch materi\u00e1loch a povrchoch<br \/>\n\u2022 Neutr\u00e1lne spr\u00e1vanie, neovplyv\u0148uje podkladov\u00fd povrch<br \/>\n\u2022 Nie s\u00fa potrebn\u00e9 rizikov\u00e9 symboly<br \/>\n\u2022 Pretierate\u013en\u00fd mnoh\u00fdmi n\u00e1termi rozpustn\u00fdmi vo vode a rozp\u00fa\u0161\u0165adl\u00e1ch (doporu\u010duje sa predch\u00e1dzaj\u00faca sk\u00fa\u0161ka)<\/p>\n<p>&nbsp;<\/p>\n<p>&nbsp;<\/p>\n<p>&nbsp;<\/p>\n","protected":false},"excerpt":{"rendered":"<p>Jednozlo\u017ekov\u00fd elastick\u00fd lepiaci tmel na b\u00e1ze MS polym\u00e9ru Vi-Pro\u00ae Strongbond SB55 MS je viac\u00fa\u010delov\u00e9 jednozlo\u017ekov\u00e9 nestekaj\u00face elastick\u00e9 lepidlo na b\u00e1ze polym\u00e9ru modifikovan\u00e9ho silylom na pou\u017eitie s aplika\u010dnou pi\u0161to\u013eou. Vytvrdzuje sa vplyvom atmosf\u00e9rickej vlhkosti za tvorby vysoko funk\u010dn\u00e9ho trvale ohybn\u00e9ho elastick\u00e9ho lepidla. Bez obsahu rozp\u00fa\u0161\u0165adiel a isokyan\u00e1tov. TYPICK\u00c9 POU\u017dITIE: Vi-Pro\u00ae Strongbond SB55 MS je univerz\u00e1lne a [&hellip;]<\/p>\n","protected":false},"featured_media":7772,"comment_status":"open","ping_status":"closed","template":"","meta":{"_acf_changed":false},"product_cat":[391,388],"product_tag":[],"acf":[],"yoast_head":"<!-- This site is optimized with the Yoast SEO plugin v22.9 - https:\/\/yoast.com\/wordpress\/plugins\/seo\/ -->\n<title>Vi-Pro\u00ae Strongbond SB55 MS - Proventuss<\/title>\n<meta name=\"robots\" content=\"index, follow, max-snippet:-1, max-image-preview:large, max-video-preview:-1\" \/>\n<link rel=\"canonical\" href=\"https:\/\/proventuss.eu\/sk\/produkt\/vi-pro-strongbond-sb55-ms\/\" \/>\n<meta property=\"og:locale\" content=\"sk_SK\" \/>\n<meta property=\"og:type\" content=\"article\" \/>\n<meta property=\"og:title\" content=\"Vi-Pro\u00ae Strongbond SB55 MS - Proventuss\" \/>\n<meta property=\"og:description\" content=\"Jednozlo\u017ekov\u00fd elastick\u00fd lepiaci tmel na b\u00e1ze MS polym\u00e9ru Vi-Pro\u00ae Strongbond SB55 MS je viac\u00fa\u010delov\u00e9 jednozlo\u017ekov\u00e9 nestekaj\u00face elastick\u00e9 lepidlo na b\u00e1ze polym\u00e9ru modifikovan\u00e9ho silylom na pou\u017eitie s aplika\u010dnou pi\u0161to\u013eou. Vytvrdzuje sa vplyvom atmosf\u00e9rickej vlhkosti za tvorby vysoko funk\u010dn\u00e9ho trvale ohybn\u00e9ho elastick\u00e9ho lepidla. Bez obsahu rozp\u00fa\u0161\u0165adiel a isokyan\u00e1tov. TYPICK\u00c9 POU\u017dITIE: Vi-Pro\u00ae Strongbond SB55 MS je univerz\u00e1lne a [&hellip;]\" \/>\n<meta property=\"og:url\" content=\"https:\/\/proventuss.eu\/sk\/produkt\/vi-pro-strongbond-sb55-ms\/\" \/>\n<meta property=\"og:site_name\" content=\"Proventuss\" \/>\n<meta property=\"article:modified_time\" content=\"2024-11-28T10:25:19+00:00\" \/>\n<meta property=\"og:image\" content=\"https:\/\/proventuss.eu\/wp-content\/uploads\/2022\/04\/Vi-Pro-Strongbond-SB55-MS.png\" \/>\n\t<meta property=\"og:image:width\" content=\"357\" \/>\n\t<meta property=\"og:image:height\" content=\"1920\" \/>\n\t<meta property=\"og:image:type\" content=\"image\/png\" \/>\n<meta name=\"twitter:card\" content=\"summary_large_image\" \/>\n<meta name=\"twitter:label1\" content=\"Predpokladan\u00fd \u010das \u010d\u00edtania\" \/>\n\t<meta name=\"twitter:data1\" content=\"2 min\u00faty\" \/>\n<script type=\"application\/ld+json\" class=\"yoast-schema-graph\">{\"@context\":\"https:\/\/schema.org\",\"@graph\":[{\"@type\":\"WebPage\",\"@id\":\"https:\/\/proventuss.eu\/sk\/produkt\/vi-pro-strongbond-sb55-ms\/\",\"url\":\"https:\/\/proventuss.eu\/sk\/produkt\/vi-pro-strongbond-sb55-ms\/\",\"name\":\"Vi-Pro\u00ae Strongbond SB55 MS - Proventuss\",\"isPartOf\":{\"@id\":\"https:\/\/proventuss.eu\/#website\"},\"primaryImageOfPage\":{\"@id\":\"https:\/\/proventuss.eu\/sk\/produkt\/vi-pro-strongbond-sb55-ms\/#primaryimage\"},\"image\":{\"@id\":\"https:\/\/proventuss.eu\/sk\/produkt\/vi-pro-strongbond-sb55-ms\/#primaryimage\"},\"thumbnailUrl\":\"https:\/\/proventuss.eu\/wp-content\/uploads\/2022\/04\/Vi-Pro-Strongbond-SB55-MS.png\",\"datePublished\":\"2022-04-26T10:34:58+00:00\",\"dateModified\":\"2024-11-28T10:25:19+00:00\",\"breadcrumb\":{\"@id\":\"https:\/\/proventuss.eu\/sk\/produkt\/vi-pro-strongbond-sb55-ms\/#breadcrumb\"},\"inLanguage\":\"sk-SK\",\"potentialAction\":[{\"@type\":\"ReadAction\",\"target\":[\"https:\/\/proventuss.eu\/sk\/produkt\/vi-pro-strongbond-sb55-ms\/\"]}]},{\"@type\":\"ImageObject\",\"inLanguage\":\"sk-SK\",\"@id\":\"https:\/\/proventuss.eu\/sk\/produkt\/vi-pro-strongbond-sb55-ms\/#primaryimage\",\"url\":\"https:\/\/proventuss.eu\/wp-content\/uploads\/2022\/04\/Vi-Pro-Strongbond-SB55-MS.png\",\"contentUrl\":\"https:\/\/proventuss.eu\/wp-content\/uploads\/2022\/04\/Vi-Pro-Strongbond-SB55-MS.png\",\"width\":357,\"height\":1920,\"caption\":\"Na zdj\u0119ciu Jednosk\u0142adnikowy elastyczny klej - doskona\u0142a przyczepno\u015b\u0107 bez podk\u0142adu do wszystkich typowych materia\u0142\u00f3w budowlanych i przemys\u0142owych oraz pod\u0142o\u017cy. Kie\u0142baska 600 ml.\"},{\"@type\":\"BreadcrumbList\",\"@id\":\"https:\/\/proventuss.eu\/sk\/produkt\/vi-pro-strongbond-sb55-ms\/#breadcrumb\",\"itemListElement\":[{\"@type\":\"ListItem\",\"position\":1,\"name\":\"Home\",\"item\":\"https:\/\/proventuss.eu\/\"},{\"@type\":\"ListItem\",\"position\":2,\"name\":\"Produkty\",\"item\":\"https:\/\/proventuss.eu\/produkty\/\"},{\"@type\":\"ListItem\",\"position\":3,\"name\":\"Vi-Pro\u00ae Strongbond SB55 MS\"}]},{\"@type\":\"WebSite\",\"@id\":\"https:\/\/proventuss.eu\/#website\",\"url\":\"https:\/\/proventuss.eu\/\",\"name\":\"Proventuss\",\"description\":\"\",\"potentialAction\":[{\"@type\":\"SearchAction\",\"target\":{\"@type\":\"EntryPoint\",\"urlTemplate\":\"https:\/\/proventuss.eu\/?s={search_term_string}\"},\"query-input\":\"required name=search_term_string\"}],\"inLanguage\":\"sk-SK\"}]}<\/script>\n<!-- \/ Yoast SEO plugin. -->","yoast_head_json":{"title":"Vi-Pro\u00ae Strongbond SB55 MS - Proventuss","robots":{"index":"index","follow":"follow","max-snippet":"max-snippet:-1","max-image-preview":"max-image-preview:large","max-video-preview":"max-video-preview:-1"},"canonical":"https:\/\/proventuss.eu\/sk\/produkt\/vi-pro-strongbond-sb55-ms\/","og_locale":"sk_SK","og_type":"article","og_title":"Vi-Pro\u00ae Strongbond SB55 MS - Proventuss","og_description":"Jednozlo\u017ekov\u00fd elastick\u00fd lepiaci tmel na b\u00e1ze MS polym\u00e9ru Vi-Pro\u00ae Strongbond SB55 MS je viac\u00fa\u010delov\u00e9 jednozlo\u017ekov\u00e9 nestekaj\u00face elastick\u00e9 lepidlo na b\u00e1ze polym\u00e9ru modifikovan\u00e9ho silylom na pou\u017eitie s aplika\u010dnou pi\u0161to\u013eou. Vytvrdzuje sa vplyvom atmosf\u00e9rickej vlhkosti za tvorby vysoko funk\u010dn\u00e9ho trvale ohybn\u00e9ho elastick\u00e9ho lepidla. Bez obsahu rozp\u00fa\u0161\u0165adiel a isokyan\u00e1tov. TYPICK\u00c9 POU\u017dITIE: Vi-Pro\u00ae Strongbond SB55 MS je univerz\u00e1lne a [&hellip;]","og_url":"https:\/\/proventuss.eu\/sk\/produkt\/vi-pro-strongbond-sb55-ms\/","og_site_name":"Proventuss","article_modified_time":"2024-11-28T10:25:19+00:00","og_image":[{"width":357,"height":1920,"url":"https:\/\/proventuss.eu\/wp-content\/uploads\/2022\/04\/Vi-Pro-Strongbond-SB55-MS.png","type":"image\/png"}],"twitter_card":"summary_large_image","twitter_misc":{"Predpokladan\u00fd \u010das \u010d\u00edtania":"2 min\u00faty"},"schema":{"@context":"https:\/\/schema.org","@graph":[{"@type":"WebPage","@id":"https:\/\/proventuss.eu\/sk\/produkt\/vi-pro-strongbond-sb55-ms\/","url":"https:\/\/proventuss.eu\/sk\/produkt\/vi-pro-strongbond-sb55-ms\/","name":"Vi-Pro\u00ae Strongbond SB55 MS - Proventuss","isPartOf":{"@id":"https:\/\/proventuss.eu\/#website"},"primaryImageOfPage":{"@id":"https:\/\/proventuss.eu\/sk\/produkt\/vi-pro-strongbond-sb55-ms\/#primaryimage"},"image":{"@id":"https:\/\/proventuss.eu\/sk\/produkt\/vi-pro-strongbond-sb55-ms\/#primaryimage"},"thumbnailUrl":"https:\/\/proventuss.eu\/wp-content\/uploads\/2022\/04\/Vi-Pro-Strongbond-SB55-MS.png","datePublished":"2022-04-26T10:34:58+00:00","dateModified":"2024-11-28T10:25:19+00:00","breadcrumb":{"@id":"https:\/\/proventuss.eu\/sk\/produkt\/vi-pro-strongbond-sb55-ms\/#breadcrumb"},"inLanguage":"sk-SK","potentialAction":[{"@type":"ReadAction","target":["https:\/\/proventuss.eu\/sk\/produkt\/vi-pro-strongbond-sb55-ms\/"]}]},{"@type":"ImageObject","inLanguage":"sk-SK","@id":"https:\/\/proventuss.eu\/sk\/produkt\/vi-pro-strongbond-sb55-ms\/#primaryimage","url":"https:\/\/proventuss.eu\/wp-content\/uploads\/2022\/04\/Vi-Pro-Strongbond-SB55-MS.png","contentUrl":"https:\/\/proventuss.eu\/wp-content\/uploads\/2022\/04\/Vi-Pro-Strongbond-SB55-MS.png","width":357,"height":1920,"caption":"Na zdj\u0119ciu Jednosk\u0142adnikowy elastyczny klej - doskona\u0142a przyczepno\u015b\u0107 bez podk\u0142adu do wszystkich typowych materia\u0142\u00f3w budowlanych i przemys\u0142owych oraz pod\u0142o\u017cy. Kie\u0142baska 600 ml."},{"@type":"BreadcrumbList","@id":"https:\/\/proventuss.eu\/sk\/produkt\/vi-pro-strongbond-sb55-ms\/#breadcrumb","itemListElement":[{"@type":"ListItem","position":1,"name":"Home","item":"https:\/\/proventuss.eu\/"},{"@type":"ListItem","position":2,"name":"Produkty","item":"https:\/\/proventuss.eu\/produkty\/"},{"@type":"ListItem","position":3,"name":"Vi-Pro\u00ae Strongbond SB55 MS"}]},{"@type":"WebSite","@id":"https:\/\/proventuss.eu\/#website","url":"https:\/\/proventuss.eu\/","name":"Proventuss","description":"","potentialAction":[{"@type":"SearchAction","target":{"@type":"EntryPoint","urlTemplate":"https:\/\/proventuss.eu\/?s={search_term_string}"},"query-input":"required name=search_term_string"}],"inLanguage":"sk-SK"}]}},"_links":{"self":[{"href":"https:\/\/proventuss.eu\/sk\/wp-json\/wp\/v2\/product\/8886"}],"collection":[{"href":"https:\/\/proventuss.eu\/sk\/wp-json\/wp\/v2\/product"}],"about":[{"href":"https:\/\/proventuss.eu\/sk\/wp-json\/wp\/v2\/types\/product"}],"replies":[{"embeddable":true,"href":"https:\/\/proventuss.eu\/sk\/wp-json\/wp\/v2\/comments?post=8886"}],"wp:featuredmedia":[{"embeddable":true,"href":"https:\/\/proventuss.eu\/sk\/wp-json\/wp\/v2\/media\/7772"}],"wp:attachment":[{"href":"https:\/\/proventuss.eu\/sk\/wp-json\/wp\/v2\/media?parent=8886"}],"wp:term":[{"taxonomy":"product_cat","embeddable":true,"href":"https:\/\/proventuss.eu\/sk\/wp-json\/wp\/v2\/product_cat?post=8886"},{"taxonomy":"product_tag","embeddable":true,"href":"https:\/\/proventuss.eu\/sk\/wp-json\/wp\/v2\/product_tag?post=8886"}],"curies":[{"name":"wp","href":"https:\/\/api.w.org\/{rel}","templated":true}]}}