{"id":8885,"date":"2022-04-26T10:32:32","date_gmt":"2022-04-26T10:32:32","guid":{"rendered":"https:\/\/proventuss.eu\/produkt\/vi-pro-strongbond-sb25-ms\/"},"modified":"2022-04-26T10:32:32","modified_gmt":"2022-04-26T10:32:32","slug":"vi-pro-strongbond-sb25-ms","status":"publish","type":"product","link":"https:\/\/proventuss.eu\/sk\/produkt\/vi-pro-strongbond-sb25-ms\/","title":{"rendered":"Vi-Pro\u00ae Strongbond SB25 MS"},"content":{"rendered":"<p><strong>Jednozlo\u017ekov\u00fd vysokomodulov\u00fd stavebn\u00fd tmel<\/strong><\/p>\n<p>Vi-Pro\u00ae Strongbond SB25 MS je jednozlo\u017ekov\u00fd a trvale elastick\u00fd stavebn\u00fd tmel z polym\u00e9ru so silylov\u00fdmi koncov\u00fdmi skupinami. Vytvrdzuje sa pod vlyvom vzdu\u0161nej vlhkosti za tvorby elastick\u00e9ho tmelu s vynikaj\u00facou pri\u013enavos\u0165ou a odolnos\u0165ou proti starnutiu a poveternostn\u00fdm vplyvom. Bez rozp\u00fa\u0161\u0165adiel a isokyan\u00e1tu, bez obsahu VOC. V\u00fdborn\u00e1 hutnos\u0165 a tixotropia.<\/p>\n<p><strong>TYPICK\u00c9 POU\u017dITIE:<\/strong><\/p>\n<p>\u2022 Tesnenie \u0161k\u00e1r vo vertik\u00e1lnych a horizont\u00e1lnych aplik\u00e1ciach<br \/>\n\u2022 Spoje extern\u00fdch stien a obkladov<br \/>\n\u2022 Utesnenie spojov medzi tehlami, tv\u00e1rnicami, murivom, drevom, bet\u00f3nom, kovov\u00fdmi r\u00e1mami proti poveternostn\u00fdm vplyvom<br \/>\n\u2022 Spoje v sten\u00e1ch, podlah\u00e1ch, balk\u00f3noch, okolo okenn\u00fdch a dverov\u00fdch r\u00e1mov<br \/>\n\u2022 Utesnenie kovov\u00fdch striech a odkvapov<br \/>\n\u2022 Tesnenie a lepenie medzi r\u00f4znymi materi\u00e1lmi<br \/>\n\u2022 Elastick\u00e9 spoje medzi kovmi, plastami, sklom a in\u00fdmi materi\u00e1lmi<\/p>\n<p><strong>VLASTNOSTI:<\/strong><\/p>\n<p>\u2022 Ekologick\u00fd \u2013 bez obsahu isokyan\u00e1tov a rozp\u00fa\u0161\u0165adiel<br \/>\n\u2022 Bez v\u00fdstra\u017en\u00fdch symbolov<br \/>\n\u2022 Netvor\u00ed bubliny &#8211; bez z\u00e1pachu<br \/>\n\u2022 Trvale pru\u017en\u00fd v \u0161irokom p\u00e1sme tepl\u00f4t<br \/>\n\u2022 Absorbuje dilata\u010dn\u00e9 pohyby spoja \u00b125%<br \/>\n\u2022 V\u00fdborn\u00e1 odolnos\u0165 proti starnutiu a poveternostn\u00fdm vplyvom; st\u00e1lofarebn\u00fd a ne\u017eltn\u00faci, bez silik\u00f3nu, pretierate\u013en\u00fd<br \/>\n\u2022 V\u00fdborn\u00e1 pri\u013elnavos\u0165 bez podkladov\u00e9ho n\u00e1teru ku v\u0161etk\u00fdm typick\u00fdm stavebn\u00fdm materi\u00e1lom a podkladom<\/p>\n","protected":false},"excerpt":{"rendered":"<p>Jednozlo\u017ekov\u00fd vysokomodulov\u00fd stavebn\u00fd tmel Vi-Pro\u00ae Strongbond SB25 MS je jednozlo\u017ekov\u00fd a trvale elastick\u00fd stavebn\u00fd tmel z polym\u00e9ru so silylov\u00fdmi koncov\u00fdmi skupinami. Vytvrdzuje sa pod vlyvom vzdu\u0161nej vlhkosti za tvorby elastick\u00e9ho tmelu s vynikaj\u00facou pri\u013enavos\u0165ou a odolnos\u0165ou proti starnutiu a poveternostn\u00fdm vplyvom. Bez rozp\u00fa\u0161\u0165adiel a isokyan\u00e1tu, bez obsahu VOC. V\u00fdborn\u00e1 hutnos\u0165 a tixotropia. TYPICK\u00c9 POU\u017dITIE: \u2022 [&hellip;]<\/p>\n","protected":false},"featured_media":7771,"comment_status":"open","ping_status":"closed","template":"","meta":{"_acf_changed":false},"product_cat":[391,388],"product_tag":[],"acf":[],"yoast_head":"<!-- This site is optimized with the Yoast SEO plugin v22.9 - https:\/\/yoast.com\/wordpress\/plugins\/seo\/ -->\n<title>Vi-Pro\u00ae Strongbond SB25 MS - Proventuss<\/title>\n<meta name=\"robots\" content=\"index, follow, max-snippet:-1, max-image-preview:large, max-video-preview:-1\" \/>\n<link rel=\"canonical\" href=\"https:\/\/proventuss.eu\/sk\/produkt\/vi-pro-strongbond-sb25-ms\/\" \/>\n<meta property=\"og:locale\" content=\"sk_SK\" \/>\n<meta property=\"og:type\" content=\"article\" \/>\n<meta property=\"og:title\" content=\"Vi-Pro\u00ae Strongbond SB25 MS - Proventuss\" \/>\n<meta property=\"og:description\" content=\"Jednozlo\u017ekov\u00fd vysokomodulov\u00fd stavebn\u00fd tmel Vi-Pro\u00ae Strongbond SB25 MS je jednozlo\u017ekov\u00fd a trvale elastick\u00fd stavebn\u00fd tmel z polym\u00e9ru so silylov\u00fdmi koncov\u00fdmi skupinami. Vytvrdzuje sa pod vlyvom vzdu\u0161nej vlhkosti za tvorby elastick\u00e9ho tmelu s vynikaj\u00facou pri\u013enavos\u0165ou a odolnos\u0165ou proti starnutiu a poveternostn\u00fdm vplyvom. Bez rozp\u00fa\u0161\u0165adiel a isokyan\u00e1tu, bez obsahu VOC. V\u00fdborn\u00e1 hutnos\u0165 a tixotropia. TYPICK\u00c9 POU\u017dITIE: \u2022 [&hellip;]\" \/>\n<meta property=\"og:url\" content=\"https:\/\/proventuss.eu\/sk\/produkt\/vi-pro-strongbond-sb25-ms\/\" \/>\n<meta property=\"og:site_name\" content=\"Proventuss\" \/>\n<meta property=\"og:image\" content=\"https:\/\/proventuss.eu\/wp-content\/uploads\/2022\/04\/Vi-Pro-Strongbond-SB25-MS.png\" \/>\n\t<meta property=\"og:image:width\" content=\"330\" \/>\n\t<meta property=\"og:image:height\" content=\"1920\" \/>\n\t<meta property=\"og:image:type\" content=\"image\/png\" \/>\n<meta name=\"twitter:card\" content=\"summary_large_image\" \/>\n<meta name=\"twitter:label1\" content=\"Predpokladan\u00fd \u010das \u010d\u00edtania\" \/>\n\t<meta name=\"twitter:data1\" content=\"1 min\u00fata\" \/>\n<script type=\"application\/ld+json\" class=\"yoast-schema-graph\">{\"@context\":\"https:\/\/schema.org\",\"@graph\":[{\"@type\":\"WebPage\",\"@id\":\"https:\/\/proventuss.eu\/sk\/produkt\/vi-pro-strongbond-sb25-ms\/\",\"url\":\"https:\/\/proventuss.eu\/sk\/produkt\/vi-pro-strongbond-sb25-ms\/\",\"name\":\"Vi-Pro\u00ae Strongbond SB25 MS - Proventuss\",\"isPartOf\":{\"@id\":\"https:\/\/proventuss.eu\/#website\"},\"primaryImageOfPage\":{\"@id\":\"https:\/\/proventuss.eu\/sk\/produkt\/vi-pro-strongbond-sb25-ms\/#primaryimage\"},\"image\":{\"@id\":\"https:\/\/proventuss.eu\/sk\/produkt\/vi-pro-strongbond-sb25-ms\/#primaryimage\"},\"thumbnailUrl\":\"https:\/\/proventuss.eu\/wp-content\/uploads\/2022\/04\/Vi-Pro-Strongbond-SB25-MS.png\",\"datePublished\":\"2022-04-26T10:32:32+00:00\",\"dateModified\":\"2022-04-26T10:32:32+00:00\",\"breadcrumb\":{\"@id\":\"https:\/\/proventuss.eu\/sk\/produkt\/vi-pro-strongbond-sb25-ms\/#breadcrumb\"},\"inLanguage\":\"sk-SK\",\"potentialAction\":[{\"@type\":\"ReadAction\",\"target\":[\"https:\/\/proventuss.eu\/sk\/produkt\/vi-pro-strongbond-sb25-ms\/\"]}]},{\"@type\":\"ImageObject\",\"inLanguage\":\"sk-SK\",\"@id\":\"https:\/\/proventuss.eu\/sk\/produkt\/vi-pro-strongbond-sb25-ms\/#primaryimage\",\"url\":\"https:\/\/proventuss.eu\/wp-content\/uploads\/2022\/04\/Vi-Pro-Strongbond-SB25-MS.png\",\"contentUrl\":\"https:\/\/proventuss.eu\/wp-content\/uploads\/2022\/04\/Vi-Pro-Strongbond-SB25-MS.png\",\"width\":330,\"height\":1920,\"caption\":\"Na zdj\u0119ciu jednosk\u0142adnikowy uszczelniacz budowlany - doskona\u0142a przyczepno\u015b\u0107 bez podk\u0142adu do wszystkich typowych materia\u0142\u00f3w budowlanych i pod\u0142o\u017cy. Kie\u0142baska 600 ml.\"},{\"@type\":\"BreadcrumbList\",\"@id\":\"https:\/\/proventuss.eu\/sk\/produkt\/vi-pro-strongbond-sb25-ms\/#breadcrumb\",\"itemListElement\":[{\"@type\":\"ListItem\",\"position\":1,\"name\":\"Home\",\"item\":\"https:\/\/proventuss.eu\/\"},{\"@type\":\"ListItem\",\"position\":2,\"name\":\"Produkty\",\"item\":\"https:\/\/proventuss.eu\/produkty\/\"},{\"@type\":\"ListItem\",\"position\":3,\"name\":\"Vi-Pro\u00ae Strongbond SB25 MS\"}]},{\"@type\":\"WebSite\",\"@id\":\"https:\/\/proventuss.eu\/#website\",\"url\":\"https:\/\/proventuss.eu\/\",\"name\":\"Proventuss\",\"description\":\"\",\"potentialAction\":[{\"@type\":\"SearchAction\",\"target\":{\"@type\":\"EntryPoint\",\"urlTemplate\":\"https:\/\/proventuss.eu\/?s={search_term_string}\"},\"query-input\":\"required name=search_term_string\"}],\"inLanguage\":\"sk-SK\"}]}<\/script>\n<!-- \/ Yoast SEO plugin. -->","yoast_head_json":{"title":"Vi-Pro\u00ae Strongbond SB25 MS - Proventuss","robots":{"index":"index","follow":"follow","max-snippet":"max-snippet:-1","max-image-preview":"max-image-preview:large","max-video-preview":"max-video-preview:-1"},"canonical":"https:\/\/proventuss.eu\/sk\/produkt\/vi-pro-strongbond-sb25-ms\/","og_locale":"sk_SK","og_type":"article","og_title":"Vi-Pro\u00ae Strongbond SB25 MS - Proventuss","og_description":"Jednozlo\u017ekov\u00fd vysokomodulov\u00fd stavebn\u00fd tmel Vi-Pro\u00ae Strongbond SB25 MS je jednozlo\u017ekov\u00fd a trvale elastick\u00fd stavebn\u00fd tmel z polym\u00e9ru so silylov\u00fdmi koncov\u00fdmi skupinami. Vytvrdzuje sa pod vlyvom vzdu\u0161nej vlhkosti za tvorby elastick\u00e9ho tmelu s vynikaj\u00facou pri\u013enavos\u0165ou a odolnos\u0165ou proti starnutiu a poveternostn\u00fdm vplyvom. Bez rozp\u00fa\u0161\u0165adiel a isokyan\u00e1tu, bez obsahu VOC. V\u00fdborn\u00e1 hutnos\u0165 a tixotropia. TYPICK\u00c9 POU\u017dITIE: \u2022 [&hellip;]","og_url":"https:\/\/proventuss.eu\/sk\/produkt\/vi-pro-strongbond-sb25-ms\/","og_site_name":"Proventuss","og_image":[{"width":330,"height":1920,"url":"https:\/\/proventuss.eu\/wp-content\/uploads\/2022\/04\/Vi-Pro-Strongbond-SB25-MS.png","type":"image\/png"}],"twitter_card":"summary_large_image","twitter_misc":{"Predpokladan\u00fd \u010das \u010d\u00edtania":"1 min\u00fata"},"schema":{"@context":"https:\/\/schema.org","@graph":[{"@type":"WebPage","@id":"https:\/\/proventuss.eu\/sk\/produkt\/vi-pro-strongbond-sb25-ms\/","url":"https:\/\/proventuss.eu\/sk\/produkt\/vi-pro-strongbond-sb25-ms\/","name":"Vi-Pro\u00ae Strongbond SB25 MS - Proventuss","isPartOf":{"@id":"https:\/\/proventuss.eu\/#website"},"primaryImageOfPage":{"@id":"https:\/\/proventuss.eu\/sk\/produkt\/vi-pro-strongbond-sb25-ms\/#primaryimage"},"image":{"@id":"https:\/\/proventuss.eu\/sk\/produkt\/vi-pro-strongbond-sb25-ms\/#primaryimage"},"thumbnailUrl":"https:\/\/proventuss.eu\/wp-content\/uploads\/2022\/04\/Vi-Pro-Strongbond-SB25-MS.png","datePublished":"2022-04-26T10:32:32+00:00","dateModified":"2022-04-26T10:32:32+00:00","breadcrumb":{"@id":"https:\/\/proventuss.eu\/sk\/produkt\/vi-pro-strongbond-sb25-ms\/#breadcrumb"},"inLanguage":"sk-SK","potentialAction":[{"@type":"ReadAction","target":["https:\/\/proventuss.eu\/sk\/produkt\/vi-pro-strongbond-sb25-ms\/"]}]},{"@type":"ImageObject","inLanguage":"sk-SK","@id":"https:\/\/proventuss.eu\/sk\/produkt\/vi-pro-strongbond-sb25-ms\/#primaryimage","url":"https:\/\/proventuss.eu\/wp-content\/uploads\/2022\/04\/Vi-Pro-Strongbond-SB25-MS.png","contentUrl":"https:\/\/proventuss.eu\/wp-content\/uploads\/2022\/04\/Vi-Pro-Strongbond-SB25-MS.png","width":330,"height":1920,"caption":"Na zdj\u0119ciu jednosk\u0142adnikowy uszczelniacz budowlany - doskona\u0142a przyczepno\u015b\u0107 bez podk\u0142adu do wszystkich typowych materia\u0142\u00f3w budowlanych i pod\u0142o\u017cy. Kie\u0142baska 600 ml."},{"@type":"BreadcrumbList","@id":"https:\/\/proventuss.eu\/sk\/produkt\/vi-pro-strongbond-sb25-ms\/#breadcrumb","itemListElement":[{"@type":"ListItem","position":1,"name":"Home","item":"https:\/\/proventuss.eu\/"},{"@type":"ListItem","position":2,"name":"Produkty","item":"https:\/\/proventuss.eu\/produkty\/"},{"@type":"ListItem","position":3,"name":"Vi-Pro\u00ae Strongbond SB25 MS"}]},{"@type":"WebSite","@id":"https:\/\/proventuss.eu\/#website","url":"https:\/\/proventuss.eu\/","name":"Proventuss","description":"","potentialAction":[{"@type":"SearchAction","target":{"@type":"EntryPoint","urlTemplate":"https:\/\/proventuss.eu\/?s={search_term_string}"},"query-input":"required name=search_term_string"}],"inLanguage":"sk-SK"}]}},"_links":{"self":[{"href":"https:\/\/proventuss.eu\/sk\/wp-json\/wp\/v2\/product\/8885"}],"collection":[{"href":"https:\/\/proventuss.eu\/sk\/wp-json\/wp\/v2\/product"}],"about":[{"href":"https:\/\/proventuss.eu\/sk\/wp-json\/wp\/v2\/types\/product"}],"replies":[{"embeddable":true,"href":"https:\/\/proventuss.eu\/sk\/wp-json\/wp\/v2\/comments?post=8885"}],"wp:featuredmedia":[{"embeddable":true,"href":"https:\/\/proventuss.eu\/sk\/wp-json\/wp\/v2\/media\/7771"}],"wp:attachment":[{"href":"https:\/\/proventuss.eu\/sk\/wp-json\/wp\/v2\/media?parent=8885"}],"wp:term":[{"taxonomy":"product_cat","embeddable":true,"href":"https:\/\/proventuss.eu\/sk\/wp-json\/wp\/v2\/product_cat?post=8885"},{"taxonomy":"product_tag","embeddable":true,"href":"https:\/\/proventuss.eu\/sk\/wp-json\/wp\/v2\/product_tag?post=8885"}],"curies":[{"name":"wp","href":"https:\/\/api.w.org\/{rel}","templated":true}]}}