{"id":8884,"date":"2022-04-26T10:30:27","date_gmt":"2022-04-26T10:30:27","guid":{"rendered":"https:\/\/proventuss.eu\/produkt\/vi-pro-strongbond-sb20-ms\/"},"modified":"2022-04-26T10:30:27","modified_gmt":"2022-04-26T10:30:27","slug":"vi-pro-strongbond-sb20-ms","status":"publish","type":"product","link":"https:\/\/proventuss.eu\/sk\/produkt\/vi-pro-strongbond-sb20-ms\/","title":{"rendered":"Vi-Pro\u00ae Strongbond SB20 MS"},"content":{"rendered":"<p><strong>Jednozlo\u017ekov\u00fd n\u00edzkomodulov\u00fd stavebn\u00fd tmel<\/strong><\/p>\n<p>Vi-Pro\u00ae Strongbond SB20 MS je jednozlo\u017ekov\u00fd, n\u00edzkomodulov\u00fd, nestekav\u00fd polym\u00e9rov\u00fd stavebn\u00fd tmel. Vytvrdzuje sa pod vplyvom vzdu\u0161nej vlhkosti za tvorby elastick\u00e9ho tmelu s vynikaj\u00facou pri\u013enavos\u0165ou a vysokou odolnos\u0165ou proti starnutiu a poveternostn\u00fdm vplyvom.<\/p>\n<p>Bez rozp\u00fa\u0161\u0165adiel a izokyan\u00e1tov. Vi-Pro\u00ae Strongbond SB20 MS je v\u0161estrann\u00fd a v\u00fdkonn\u00fd stavebn\u00fd tmel pre utes\u0148ovanie kon\u0161truk\u010dn\u00fdch a dilata\u010dn\u00fdch \u0161k\u00e1r, pre vertik\u00e1lne a horizont\u00e1lne aplik\u00e1cie, \u0161k\u00e1ry v prefabrikovan\u00fdch paneloch, \u0161k\u00e1ry extern\u00fdch stien a obvodov. Vhodn\u00fd pre utesnenie kovov\u00fdch striech a odkvapov, mostn\u00fdch r\u00edms a balk\u00f3nov\u00fdch parapiet, izol\u00e1ciu \u0161k\u00e1r medzi murivom, tv\u00e1rnicami, drevom, bet\u00f3nom, \u017eelezom, okolo okenn\u00fdch a dverov\u00fdch r\u00e1mov.<\/p>\n<p><strong>VLASTNOSTI:<\/strong><br \/>\nEkologick\u00fd \u2013 bez obsahu isokyan\u00e1tov a rozp\u00fa\u0161\u0165adiel<br \/>\n\u2022 Bez v\u00fdstra\u017en\u00fdch symbolov<br \/>\n\u2022 Netvor\u00ed bubliny &#8211; bez z\u00e1pachu<br \/>\n\u2022 Lep\u00ed a tesn\u00ed s\u00fa\u010dasne<br \/>\n\u2022 Trvale pru\u017en\u00fd, absorbuje dilata\u010dn\u00e9 pohyby spoja \u00b125%<br \/>\n\u2022 \u013dahk\u00e1 aplik\u00e1cia pi\u0161to\u013eou a v\u00fdborn\u00e1 spracovate\u013enos\u0165<br \/>\n\u2022 V\u00fdborn\u00e1 pri\u013enavos\u0165 ku stavebn\u00fdm materi\u00e1lom<br \/>\n\u2022 V\u00fdnimo\u010dne tixotropn\u00fd, nestek\u00e1, netiahne sa od trysky<br \/>\n\u2022 V\u00fdborn\u00e1 pri\u013enavos\u0165 bez podkladov\u00e9ho n\u00e1teru ku v\u0161etk\u00fdm typick\u00fdm stavebn\u00fdm a priemyslov\u00fdm materi\u00e1lom<br \/>\n\u2022 Nevytv\u00e1ra \u0161kvrny na bet\u00f3ne a por\u00e9znych materi\u00e1loch<br \/>\n\u2022 V\u00fdborn\u00e1 odolnos\u0165 proti starnutiu a p\u00f4sobeniu poveternostn\u00fdch vplyvov; st\u00e1lofarebn\u00fd a ne\u017eltn\u00faci<br \/>\n\u2022 Pretierate\u013en\u00fd mnoh\u00fdmi n\u00e1termi rozpustn\u00fdmi vo vode a organick\u00fdch rozp\u00fa\u0161\u0165adl\u00e1ch (doporu\u010duje sa predch\u00e1dzaj\u00faca sk\u00fa\u0161ka).<\/p>\n<p>&nbsp;<\/p>\n","protected":false},"excerpt":{"rendered":"<p>Jednozlo\u017ekov\u00fd n\u00edzkomodulov\u00fd stavebn\u00fd tmel Vi-Pro\u00ae Strongbond SB20 MS je jednozlo\u017ekov\u00fd, n\u00edzkomodulov\u00fd, nestekav\u00fd polym\u00e9rov\u00fd stavebn\u00fd tmel. Vytvrdzuje sa pod vplyvom vzdu\u0161nej vlhkosti za tvorby elastick\u00e9ho tmelu s vynikaj\u00facou pri\u013enavos\u0165ou a vysokou odolnos\u0165ou proti starnutiu a poveternostn\u00fdm vplyvom. Bez rozp\u00fa\u0161\u0165adiel a izokyan\u00e1tov. Vi-Pro\u00ae Strongbond SB20 MS je v\u0161estrann\u00fd a v\u00fdkonn\u00fd stavebn\u00fd tmel pre utes\u0148ovanie kon\u0161truk\u010dn\u00fdch a dilata\u010dn\u00fdch [&hellip;]<\/p>\n","protected":false},"featured_media":7770,"comment_status":"open","ping_status":"closed","template":"","meta":{"_acf_changed":false},"product_cat":[391],"product_tag":[],"acf":[],"yoast_head":"<!-- This site is optimized with the Yoast SEO plugin v22.9 - https:\/\/yoast.com\/wordpress\/plugins\/seo\/ -->\n<title>Vi-Pro\u00ae Strongbond SB20 MS - Proventuss<\/title>\n<meta name=\"robots\" content=\"index, follow, max-snippet:-1, max-image-preview:large, max-video-preview:-1\" \/>\n<link rel=\"canonical\" href=\"https:\/\/proventuss.eu\/sk\/produkt\/vi-pro-strongbond-sb20-ms\/\" \/>\n<meta property=\"og:locale\" content=\"sk_SK\" \/>\n<meta property=\"og:type\" content=\"article\" \/>\n<meta property=\"og:title\" content=\"Vi-Pro\u00ae Strongbond SB20 MS - Proventuss\" \/>\n<meta property=\"og:description\" content=\"Jednozlo\u017ekov\u00fd n\u00edzkomodulov\u00fd stavebn\u00fd tmel Vi-Pro\u00ae Strongbond SB20 MS je jednozlo\u017ekov\u00fd, n\u00edzkomodulov\u00fd, nestekav\u00fd polym\u00e9rov\u00fd stavebn\u00fd tmel. Vytvrdzuje sa pod vplyvom vzdu\u0161nej vlhkosti za tvorby elastick\u00e9ho tmelu s vynikaj\u00facou pri\u013enavos\u0165ou a vysokou odolnos\u0165ou proti starnutiu a poveternostn\u00fdm vplyvom. Bez rozp\u00fa\u0161\u0165adiel a izokyan\u00e1tov. Vi-Pro\u00ae Strongbond SB20 MS je v\u0161estrann\u00fd a v\u00fdkonn\u00fd stavebn\u00fd tmel pre utes\u0148ovanie kon\u0161truk\u010dn\u00fdch a dilata\u010dn\u00fdch [&hellip;]\" \/>\n<meta property=\"og:url\" content=\"https:\/\/proventuss.eu\/sk\/produkt\/vi-pro-strongbond-sb20-ms\/\" \/>\n<meta property=\"og:site_name\" content=\"Proventuss\" \/>\n<meta property=\"og:image\" content=\"https:\/\/proventuss.eu\/wp-content\/uploads\/2022\/04\/Vi-Pro-Strongbond-SB20-MS.png\" \/>\n\t<meta property=\"og:image:width\" content=\"317\" \/>\n\t<meta property=\"og:image:height\" content=\"1920\" \/>\n\t<meta property=\"og:image:type\" content=\"image\/png\" \/>\n<meta name=\"twitter:card\" content=\"summary_large_image\" \/>\n<meta name=\"twitter:label1\" content=\"Predpokladan\u00fd \u010das \u010d\u00edtania\" \/>\n\t<meta name=\"twitter:data1\" content=\"1 min\u00fata\" \/>\n<script type=\"application\/ld+json\" class=\"yoast-schema-graph\">{\"@context\":\"https:\/\/schema.org\",\"@graph\":[{\"@type\":\"WebPage\",\"@id\":\"https:\/\/proventuss.eu\/sk\/produkt\/vi-pro-strongbond-sb20-ms\/\",\"url\":\"https:\/\/proventuss.eu\/sk\/produkt\/vi-pro-strongbond-sb20-ms\/\",\"name\":\"Vi-Pro\u00ae Strongbond SB20 MS - Proventuss\",\"isPartOf\":{\"@id\":\"https:\/\/proventuss.eu\/#website\"},\"primaryImageOfPage\":{\"@id\":\"https:\/\/proventuss.eu\/sk\/produkt\/vi-pro-strongbond-sb20-ms\/#primaryimage\"},\"image\":{\"@id\":\"https:\/\/proventuss.eu\/sk\/produkt\/vi-pro-strongbond-sb20-ms\/#primaryimage\"},\"thumbnailUrl\":\"https:\/\/proventuss.eu\/wp-content\/uploads\/2022\/04\/Vi-Pro-Strongbond-SB20-MS.png\",\"datePublished\":\"2022-04-26T10:30:27+00:00\",\"dateModified\":\"2022-04-26T10:30:27+00:00\",\"breadcrumb\":{\"@id\":\"https:\/\/proventuss.eu\/sk\/produkt\/vi-pro-strongbond-sb20-ms\/#breadcrumb\"},\"inLanguage\":\"sk-SK\",\"potentialAction\":[{\"@type\":\"ReadAction\",\"target\":[\"https:\/\/proventuss.eu\/sk\/produkt\/vi-pro-strongbond-sb20-ms\/\"]}]},{\"@type\":\"ImageObject\",\"inLanguage\":\"sk-SK\",\"@id\":\"https:\/\/proventuss.eu\/sk\/produkt\/vi-pro-strongbond-sb20-ms\/#primaryimage\",\"url\":\"https:\/\/proventuss.eu\/wp-content\/uploads\/2022\/04\/Vi-Pro-Strongbond-SB20-MS.png\",\"contentUrl\":\"https:\/\/proventuss.eu\/wp-content\/uploads\/2022\/04\/Vi-Pro-Strongbond-SB20-MS.png\",\"width\":317,\"height\":1920,\"caption\":\"Na zdj\u0119ciu wydajny, jednosk\u0142adnikowy uszczelniacz budowlany do uszczelniania metalowych dach\u00f3w i rynien, most\u00f3w i parapet\u00f3w balkonowych. Kie\u0142baska.\"},{\"@type\":\"BreadcrumbList\",\"@id\":\"https:\/\/proventuss.eu\/sk\/produkt\/vi-pro-strongbond-sb20-ms\/#breadcrumb\",\"itemListElement\":[{\"@type\":\"ListItem\",\"position\":1,\"name\":\"Home\",\"item\":\"https:\/\/proventuss.eu\/\"},{\"@type\":\"ListItem\",\"position\":2,\"name\":\"Produkty\",\"item\":\"https:\/\/proventuss.eu\/produkty\/\"},{\"@type\":\"ListItem\",\"position\":3,\"name\":\"Vi-Pro\u00ae Strongbond SB20 MS\"}]},{\"@type\":\"WebSite\",\"@id\":\"https:\/\/proventuss.eu\/#website\",\"url\":\"https:\/\/proventuss.eu\/\",\"name\":\"Proventuss\",\"description\":\"\",\"potentialAction\":[{\"@type\":\"SearchAction\",\"target\":{\"@type\":\"EntryPoint\",\"urlTemplate\":\"https:\/\/proventuss.eu\/?s={search_term_string}\"},\"query-input\":\"required name=search_term_string\"}],\"inLanguage\":\"sk-SK\"}]}<\/script>\n<!-- \/ Yoast SEO plugin. -->","yoast_head_json":{"title":"Vi-Pro\u00ae Strongbond SB20 MS - Proventuss","robots":{"index":"index","follow":"follow","max-snippet":"max-snippet:-1","max-image-preview":"max-image-preview:large","max-video-preview":"max-video-preview:-1"},"canonical":"https:\/\/proventuss.eu\/sk\/produkt\/vi-pro-strongbond-sb20-ms\/","og_locale":"sk_SK","og_type":"article","og_title":"Vi-Pro\u00ae Strongbond SB20 MS - Proventuss","og_description":"Jednozlo\u017ekov\u00fd n\u00edzkomodulov\u00fd stavebn\u00fd tmel Vi-Pro\u00ae Strongbond SB20 MS je jednozlo\u017ekov\u00fd, n\u00edzkomodulov\u00fd, nestekav\u00fd polym\u00e9rov\u00fd stavebn\u00fd tmel. Vytvrdzuje sa pod vplyvom vzdu\u0161nej vlhkosti za tvorby elastick\u00e9ho tmelu s vynikaj\u00facou pri\u013enavos\u0165ou a vysokou odolnos\u0165ou proti starnutiu a poveternostn\u00fdm vplyvom. Bez rozp\u00fa\u0161\u0165adiel a izokyan\u00e1tov. Vi-Pro\u00ae Strongbond SB20 MS je v\u0161estrann\u00fd a v\u00fdkonn\u00fd stavebn\u00fd tmel pre utes\u0148ovanie kon\u0161truk\u010dn\u00fdch a dilata\u010dn\u00fdch [&hellip;]","og_url":"https:\/\/proventuss.eu\/sk\/produkt\/vi-pro-strongbond-sb20-ms\/","og_site_name":"Proventuss","og_image":[{"width":317,"height":1920,"url":"https:\/\/proventuss.eu\/wp-content\/uploads\/2022\/04\/Vi-Pro-Strongbond-SB20-MS.png","type":"image\/png"}],"twitter_card":"summary_large_image","twitter_misc":{"Predpokladan\u00fd \u010das \u010d\u00edtania":"1 min\u00fata"},"schema":{"@context":"https:\/\/schema.org","@graph":[{"@type":"WebPage","@id":"https:\/\/proventuss.eu\/sk\/produkt\/vi-pro-strongbond-sb20-ms\/","url":"https:\/\/proventuss.eu\/sk\/produkt\/vi-pro-strongbond-sb20-ms\/","name":"Vi-Pro\u00ae Strongbond SB20 MS - Proventuss","isPartOf":{"@id":"https:\/\/proventuss.eu\/#website"},"primaryImageOfPage":{"@id":"https:\/\/proventuss.eu\/sk\/produkt\/vi-pro-strongbond-sb20-ms\/#primaryimage"},"image":{"@id":"https:\/\/proventuss.eu\/sk\/produkt\/vi-pro-strongbond-sb20-ms\/#primaryimage"},"thumbnailUrl":"https:\/\/proventuss.eu\/wp-content\/uploads\/2022\/04\/Vi-Pro-Strongbond-SB20-MS.png","datePublished":"2022-04-26T10:30:27+00:00","dateModified":"2022-04-26T10:30:27+00:00","breadcrumb":{"@id":"https:\/\/proventuss.eu\/sk\/produkt\/vi-pro-strongbond-sb20-ms\/#breadcrumb"},"inLanguage":"sk-SK","potentialAction":[{"@type":"ReadAction","target":["https:\/\/proventuss.eu\/sk\/produkt\/vi-pro-strongbond-sb20-ms\/"]}]},{"@type":"ImageObject","inLanguage":"sk-SK","@id":"https:\/\/proventuss.eu\/sk\/produkt\/vi-pro-strongbond-sb20-ms\/#primaryimage","url":"https:\/\/proventuss.eu\/wp-content\/uploads\/2022\/04\/Vi-Pro-Strongbond-SB20-MS.png","contentUrl":"https:\/\/proventuss.eu\/wp-content\/uploads\/2022\/04\/Vi-Pro-Strongbond-SB20-MS.png","width":317,"height":1920,"caption":"Na zdj\u0119ciu wydajny, jednosk\u0142adnikowy uszczelniacz budowlany do uszczelniania metalowych dach\u00f3w i rynien, most\u00f3w i parapet\u00f3w balkonowych. Kie\u0142baska."},{"@type":"BreadcrumbList","@id":"https:\/\/proventuss.eu\/sk\/produkt\/vi-pro-strongbond-sb20-ms\/#breadcrumb","itemListElement":[{"@type":"ListItem","position":1,"name":"Home","item":"https:\/\/proventuss.eu\/"},{"@type":"ListItem","position":2,"name":"Produkty","item":"https:\/\/proventuss.eu\/produkty\/"},{"@type":"ListItem","position":3,"name":"Vi-Pro\u00ae Strongbond SB20 MS"}]},{"@type":"WebSite","@id":"https:\/\/proventuss.eu\/#website","url":"https:\/\/proventuss.eu\/","name":"Proventuss","description":"","potentialAction":[{"@type":"SearchAction","target":{"@type":"EntryPoint","urlTemplate":"https:\/\/proventuss.eu\/?s={search_term_string}"},"query-input":"required name=search_term_string"}],"inLanguage":"sk-SK"}]}},"_links":{"self":[{"href":"https:\/\/proventuss.eu\/sk\/wp-json\/wp\/v2\/product\/8884"}],"collection":[{"href":"https:\/\/proventuss.eu\/sk\/wp-json\/wp\/v2\/product"}],"about":[{"href":"https:\/\/proventuss.eu\/sk\/wp-json\/wp\/v2\/types\/product"}],"replies":[{"embeddable":true,"href":"https:\/\/proventuss.eu\/sk\/wp-json\/wp\/v2\/comments?post=8884"}],"wp:featuredmedia":[{"embeddable":true,"href":"https:\/\/proventuss.eu\/sk\/wp-json\/wp\/v2\/media\/7770"}],"wp:attachment":[{"href":"https:\/\/proventuss.eu\/sk\/wp-json\/wp\/v2\/media?parent=8884"}],"wp:term":[{"taxonomy":"product_cat","embeddable":true,"href":"https:\/\/proventuss.eu\/sk\/wp-json\/wp\/v2\/product_cat?post=8884"},{"taxonomy":"product_tag","embeddable":true,"href":"https:\/\/proventuss.eu\/sk\/wp-json\/wp\/v2\/product_tag?post=8884"}],"curies":[{"name":"wp","href":"https:\/\/api.w.org\/{rel}","templated":true}]}}