{"id":8883,"date":"2022-04-26T10:17:26","date_gmt":"2022-04-26T10:17:26","guid":{"rendered":"https:\/\/proventuss.eu\/produkt\/dowsil-881\/"},"modified":"2022-04-26T10:17:26","modified_gmt":"2022-04-26T10:17:26","slug":"dowsil-881","status":"publish","type":"product","link":"https:\/\/proventuss.eu\/sk\/produkt\/dowsil-881\/","title":{"rendered":"DOWSIL 881"},"content":{"rendered":"<p><strong>VYSOKOPEVNOSTN\u00c9 SILIK\u00d3NOV\u00c9 LEPIDLO<\/strong>, vysoko-modulov\u00e9 jednozlo\u017ekov\u00e9 acet\u00e1tov\u00e9 silik\u00f3nov\u00e9 lepidlo, vhodn\u00e9 pre lepenia skla tam, kde je vy\u017eadovan\u00e1 vysok\u00e1 pevnos\u0165 spoja spolo\u010dne s r\u00fdchlym vytvrdnut\u00edm a vysokou odolnos\u0165ou vo\u010di UV a styku s vodou. M\u00f4\u017ee by\u0165 pou\u017eit\u00e9 na lepenie mal\u00fdch akv\u00e1ri\u00ed pod\u013ea normy DIN 32622 a na lepenie a utes\u0148ovanie dvier zo sklenen\u00fdch blokov. Nie je vhodn\u00e9 na aplik\u00e1ciu \u0161truktur\u00e1lneho lepenia.<\/p>\n<p><strong>V\u00ddHODY:<\/strong><br \/>\n\u2022 R\u00fdchle tvrdn\u00faci jednozlo\u017ekov\u00fd acet\u00e1tov\u00fd tmel<br \/>\n\u2022 Odoln\u00fd vo\u010di UV<br \/>\n\u2022 Odoln\u00fd k preru\u0161ovan\u00e9mu ponoru do vody<br \/>\n\u2022 Vysok\u00e1 a trval\u00e1 pri\u013enavos\u0165 ku sklu<\/p>\n<p><strong>BALENIE\/FARBY:<\/strong><br \/>\nKartu\u0161a: 310 ml<br \/>\nFarba: transparentn\u00e1, \u010dierna<\/p>\n","protected":false},"excerpt":{"rendered":"<p>VYSOKOPEVNOSTN\u00c9 SILIK\u00d3NOV\u00c9 LEPIDLO, vysoko-modulov\u00e9 jednozlo\u017ekov\u00e9 acet\u00e1tov\u00e9 silik\u00f3nov\u00e9 lepidlo, vhodn\u00e9 pre lepenia skla tam, kde je vy\u017eadovan\u00e1 vysok\u00e1 pevnos\u0165 spoja spolo\u010dne s r\u00fdchlym vytvrdnut\u00edm a vysokou odolnos\u0165ou vo\u010di UV a styku s vodou. M\u00f4\u017ee by\u0165 pou\u017eit\u00e9 na lepenie mal\u00fdch akv\u00e1ri\u00ed pod\u013ea normy DIN 32622 a na lepenie a utes\u0148ovanie dvier zo sklenen\u00fdch blokov. Nie je vhodn\u00e9 [&hellip;]<\/p>\n","protected":false},"featured_media":7309,"comment_status":"open","ping_status":"closed","template":"","meta":{"_acf_changed":false},"product_cat":[391],"product_tag":[],"acf":[],"yoast_head":"<!-- This site is optimized with the Yoast SEO plugin v22.9 - https:\/\/yoast.com\/wordpress\/plugins\/seo\/ -->\n<title>DOWSIL 881 - Proventuss<\/title>\n<meta name=\"robots\" content=\"index, follow, max-snippet:-1, max-image-preview:large, max-video-preview:-1\" \/>\n<link rel=\"canonical\" href=\"https:\/\/proventuss.eu\/sk\/produkt\/dowsil-881\/\" \/>\n<meta property=\"og:locale\" content=\"sk_SK\" \/>\n<meta property=\"og:type\" content=\"article\" \/>\n<meta property=\"og:title\" content=\"DOWSIL 881 - Proventuss\" \/>\n<meta property=\"og:description\" content=\"VYSOKOPEVNOSTN\u00c9 SILIK\u00d3NOV\u00c9 LEPIDLO, vysoko-modulov\u00e9 jednozlo\u017ekov\u00e9 acet\u00e1tov\u00e9 silik\u00f3nov\u00e9 lepidlo, vhodn\u00e9 pre lepenia skla tam, kde je vy\u017eadovan\u00e1 vysok\u00e1 pevnos\u0165 spoja spolo\u010dne s r\u00fdchlym vytvrdnut\u00edm a vysokou odolnos\u0165ou vo\u010di UV a styku s vodou. M\u00f4\u017ee by\u0165 pou\u017eit\u00e9 na lepenie mal\u00fdch akv\u00e1ri\u00ed pod\u013ea normy DIN 32622 a na lepenie a utes\u0148ovanie dvier zo sklenen\u00fdch blokov. Nie je vhodn\u00e9 [&hellip;]\" \/>\n<meta property=\"og:url\" content=\"https:\/\/proventuss.eu\/sk\/produkt\/dowsil-881\/\" \/>\n<meta property=\"og:site_name\" content=\"Proventuss\" \/>\n<meta property=\"og:image\" content=\"https:\/\/proventuss.eu\/wp-content\/uploads\/2022\/04\/881.png\" \/>\n\t<meta property=\"og:image:width\" content=\"232\" \/>\n\t<meta property=\"og:image:height\" content=\"640\" \/>\n\t<meta property=\"og:image:type\" content=\"image\/png\" \/>\n<meta name=\"twitter:card\" content=\"summary_large_image\" \/>\n<meta name=\"twitter:label1\" content=\"Predpokladan\u00fd \u010das \u010d\u00edtania\" \/>\n\t<meta name=\"twitter:data1\" content=\"1 min\u00fata\" \/>\n<script type=\"application\/ld+json\" class=\"yoast-schema-graph\">{\"@context\":\"https:\/\/schema.org\",\"@graph\":[{\"@type\":\"WebPage\",\"@id\":\"https:\/\/proventuss.eu\/sk\/produkt\/dowsil-881\/\",\"url\":\"https:\/\/proventuss.eu\/sk\/produkt\/dowsil-881\/\",\"name\":\"DOWSIL 881 - Proventuss\",\"isPartOf\":{\"@id\":\"https:\/\/proventuss.eu\/#website\"},\"primaryImageOfPage\":{\"@id\":\"https:\/\/proventuss.eu\/sk\/produkt\/dowsil-881\/#primaryimage\"},\"image\":{\"@id\":\"https:\/\/proventuss.eu\/sk\/produkt\/dowsil-881\/#primaryimage\"},\"thumbnailUrl\":\"https:\/\/proventuss.eu\/wp-content\/uploads\/2022\/04\/881.png\",\"datePublished\":\"2022-04-26T10:17:26+00:00\",\"dateModified\":\"2022-04-26T10:17:26+00:00\",\"breadcrumb\":{\"@id\":\"https:\/\/proventuss.eu\/sk\/produkt\/dowsil-881\/#breadcrumb\"},\"inLanguage\":\"sk-SK\",\"potentialAction\":[{\"@type\":\"ReadAction\",\"target\":[\"https:\/\/proventuss.eu\/sk\/produkt\/dowsil-881\/\"]}]},{\"@type\":\"ImageObject\",\"inLanguage\":\"sk-SK\",\"@id\":\"https:\/\/proventuss.eu\/sk\/produkt\/dowsil-881\/#primaryimage\",\"url\":\"https:\/\/proventuss.eu\/wp-content\/uploads\/2022\/04\/881.png\",\"contentUrl\":\"https:\/\/proventuss.eu\/wp-content\/uploads\/2022\/04\/881.png\",\"width\":232,\"height\":640},{\"@type\":\"BreadcrumbList\",\"@id\":\"https:\/\/proventuss.eu\/sk\/produkt\/dowsil-881\/#breadcrumb\",\"itemListElement\":[{\"@type\":\"ListItem\",\"position\":1,\"name\":\"Home\",\"item\":\"https:\/\/proventuss.eu\/\"},{\"@type\":\"ListItem\",\"position\":2,\"name\":\"Produkty\",\"item\":\"https:\/\/proventuss.eu\/produkty\/\"},{\"@type\":\"ListItem\",\"position\":3,\"name\":\"DOWSIL 881\"}]},{\"@type\":\"WebSite\",\"@id\":\"https:\/\/proventuss.eu\/#website\",\"url\":\"https:\/\/proventuss.eu\/\",\"name\":\"Proventuss\",\"description\":\"\",\"potentialAction\":[{\"@type\":\"SearchAction\",\"target\":{\"@type\":\"EntryPoint\",\"urlTemplate\":\"https:\/\/proventuss.eu\/?s={search_term_string}\"},\"query-input\":\"required name=search_term_string\"}],\"inLanguage\":\"sk-SK\"}]}<\/script>\n<!-- \/ Yoast SEO plugin. -->","yoast_head_json":{"title":"DOWSIL 881 - Proventuss","robots":{"index":"index","follow":"follow","max-snippet":"max-snippet:-1","max-image-preview":"max-image-preview:large","max-video-preview":"max-video-preview:-1"},"canonical":"https:\/\/proventuss.eu\/sk\/produkt\/dowsil-881\/","og_locale":"sk_SK","og_type":"article","og_title":"DOWSIL 881 - Proventuss","og_description":"VYSOKOPEVNOSTN\u00c9 SILIK\u00d3NOV\u00c9 LEPIDLO, vysoko-modulov\u00e9 jednozlo\u017ekov\u00e9 acet\u00e1tov\u00e9 silik\u00f3nov\u00e9 lepidlo, vhodn\u00e9 pre lepenia skla tam, kde je vy\u017eadovan\u00e1 vysok\u00e1 pevnos\u0165 spoja spolo\u010dne s r\u00fdchlym vytvrdnut\u00edm a vysokou odolnos\u0165ou vo\u010di UV a styku s vodou. M\u00f4\u017ee by\u0165 pou\u017eit\u00e9 na lepenie mal\u00fdch akv\u00e1ri\u00ed pod\u013ea normy DIN 32622 a na lepenie a utes\u0148ovanie dvier zo sklenen\u00fdch blokov. Nie je vhodn\u00e9 [&hellip;]","og_url":"https:\/\/proventuss.eu\/sk\/produkt\/dowsil-881\/","og_site_name":"Proventuss","og_image":[{"width":232,"height":640,"url":"https:\/\/proventuss.eu\/wp-content\/uploads\/2022\/04\/881.png","type":"image\/png"}],"twitter_card":"summary_large_image","twitter_misc":{"Predpokladan\u00fd \u010das \u010d\u00edtania":"1 min\u00fata"},"schema":{"@context":"https:\/\/schema.org","@graph":[{"@type":"WebPage","@id":"https:\/\/proventuss.eu\/sk\/produkt\/dowsil-881\/","url":"https:\/\/proventuss.eu\/sk\/produkt\/dowsil-881\/","name":"DOWSIL 881 - Proventuss","isPartOf":{"@id":"https:\/\/proventuss.eu\/#website"},"primaryImageOfPage":{"@id":"https:\/\/proventuss.eu\/sk\/produkt\/dowsil-881\/#primaryimage"},"image":{"@id":"https:\/\/proventuss.eu\/sk\/produkt\/dowsil-881\/#primaryimage"},"thumbnailUrl":"https:\/\/proventuss.eu\/wp-content\/uploads\/2022\/04\/881.png","datePublished":"2022-04-26T10:17:26+00:00","dateModified":"2022-04-26T10:17:26+00:00","breadcrumb":{"@id":"https:\/\/proventuss.eu\/sk\/produkt\/dowsil-881\/#breadcrumb"},"inLanguage":"sk-SK","potentialAction":[{"@type":"ReadAction","target":["https:\/\/proventuss.eu\/sk\/produkt\/dowsil-881\/"]}]},{"@type":"ImageObject","inLanguage":"sk-SK","@id":"https:\/\/proventuss.eu\/sk\/produkt\/dowsil-881\/#primaryimage","url":"https:\/\/proventuss.eu\/wp-content\/uploads\/2022\/04\/881.png","contentUrl":"https:\/\/proventuss.eu\/wp-content\/uploads\/2022\/04\/881.png","width":232,"height":640},{"@type":"BreadcrumbList","@id":"https:\/\/proventuss.eu\/sk\/produkt\/dowsil-881\/#breadcrumb","itemListElement":[{"@type":"ListItem","position":1,"name":"Home","item":"https:\/\/proventuss.eu\/"},{"@type":"ListItem","position":2,"name":"Produkty","item":"https:\/\/proventuss.eu\/produkty\/"},{"@type":"ListItem","position":3,"name":"DOWSIL 881"}]},{"@type":"WebSite","@id":"https:\/\/proventuss.eu\/#website","url":"https:\/\/proventuss.eu\/","name":"Proventuss","description":"","potentialAction":[{"@type":"SearchAction","target":{"@type":"EntryPoint","urlTemplate":"https:\/\/proventuss.eu\/?s={search_term_string}"},"query-input":"required name=search_term_string"}],"inLanguage":"sk-SK"}]}},"_links":{"self":[{"href":"https:\/\/proventuss.eu\/sk\/wp-json\/wp\/v2\/product\/8883"}],"collection":[{"href":"https:\/\/proventuss.eu\/sk\/wp-json\/wp\/v2\/product"}],"about":[{"href":"https:\/\/proventuss.eu\/sk\/wp-json\/wp\/v2\/types\/product"}],"replies":[{"embeddable":true,"href":"https:\/\/proventuss.eu\/sk\/wp-json\/wp\/v2\/comments?post=8883"}],"wp:featuredmedia":[{"embeddable":true,"href":"https:\/\/proventuss.eu\/sk\/wp-json\/wp\/v2\/media\/7309"}],"wp:attachment":[{"href":"https:\/\/proventuss.eu\/sk\/wp-json\/wp\/v2\/media?parent=8883"}],"wp:term":[{"taxonomy":"product_cat","embeddable":true,"href":"https:\/\/proventuss.eu\/sk\/wp-json\/wp\/v2\/product_cat?post=8883"},{"taxonomy":"product_tag","embeddable":true,"href":"https:\/\/proventuss.eu\/sk\/wp-json\/wp\/v2\/product_tag?post=8883"}],"curies":[{"name":"wp","href":"https:\/\/api.w.org\/{rel}","templated":true}]}}