{"id":8881,"date":"2022-04-26T10:14:23","date_gmt":"2022-04-26T10:14:23","guid":{"rendered":"https:\/\/proventuss.eu\/produkt\/dowsil-817\/"},"modified":"2022-04-26T10:14:23","modified_gmt":"2022-04-26T10:14:23","slug":"dowsil-817","status":"publish","type":"product","link":"https:\/\/proventuss.eu\/sk\/produkt\/dowsil-817\/","title":{"rendered":"DOWSIL 817"},"content":{"rendered":"<p><strong>LEPIDLO NA ZRKADL\u00c1<\/strong>, vysokomodulov\u00fd jednozlo\u017ekov\u00fd neutr\u00e1lny silik\u00f3nov\u00fd tmel pre intern\u00e9 upevnenie zrkadiel, povlakov\u00e9ho skla alebo kovov\u00fdch panelov k r\u00f4znym podkladom.<\/p>\n<p><strong>V\u00ddHODY:<\/strong><br \/>\n\u2022 Vynikaj\u00faca pri\u013enavos\u0165 bez podkladov\u00e9ho n\u00e1teru k v\u00e4\u010d\u0161ine skiel, kovov a povlakom zrkadiel<br \/>\n\u2022 Neutr\u00e1lne vytvrdzovanie, nekoroz\u00edvny<br \/>\n\u2022 Vynikaj\u00edca odolnos\u0165 vo\u010di teplu a vlhkosti<br \/>\n\u2022 Bez z\u00e1pachu<br \/>\n\u2022 Odoln\u00fd k oz\u00f3nu, ultrafialov\u00e9mu \u017eiareniu a extr\u00e9mnym teplot\u00e1m<\/p>\n<p><strong>BALENIE\/FARBY:<\/strong><br \/>\nKartu\u0161a: 310 ml<br \/>\nFarba : biela<\/p>\n","protected":false},"excerpt":{"rendered":"<p>LEPIDLO NA ZRKADL\u00c1, vysokomodulov\u00fd jednozlo\u017ekov\u00fd neutr\u00e1lny silik\u00f3nov\u00fd tmel pre intern\u00e9 upevnenie zrkadiel, povlakov\u00e9ho skla alebo kovov\u00fdch panelov k r\u00f4znym podkladom. V\u00ddHODY: \u2022 Vynikaj\u00faca pri\u013enavos\u0165 bez podkladov\u00e9ho n\u00e1teru k v\u00e4\u010d\u0161ine skiel, kovov a povlakom zrkadiel \u2022 Neutr\u00e1lne vytvrdzovanie, nekoroz\u00edvny \u2022 Vynikaj\u00edca odolnos\u0165 vo\u010di teplu a vlhkosti \u2022 Bez z\u00e1pachu \u2022 Odoln\u00fd k oz\u00f3nu, ultrafialov\u00e9mu \u017eiareniu a [&hellip;]<\/p>\n","protected":false},"featured_media":7357,"comment_status":"open","ping_status":"closed","template":"","meta":{"_acf_changed":false},"product_cat":[391],"product_tag":[],"acf":[],"yoast_head":"<!-- This site is optimized with the Yoast SEO plugin v22.9 - https:\/\/yoast.com\/wordpress\/plugins\/seo\/ -->\n<title>DOWSIL 817 - Proventuss<\/title>\n<meta name=\"robots\" content=\"index, follow, max-snippet:-1, max-image-preview:large, max-video-preview:-1\" \/>\n<link rel=\"canonical\" href=\"https:\/\/proventuss.eu\/sk\/produkt\/dowsil-817\/\" \/>\n<meta property=\"og:locale\" content=\"sk_SK\" \/>\n<meta property=\"og:type\" content=\"article\" \/>\n<meta property=\"og:title\" content=\"DOWSIL 817 - Proventuss\" \/>\n<meta property=\"og:description\" content=\"LEPIDLO NA ZRKADL\u00c1, vysokomodulov\u00fd jednozlo\u017ekov\u00fd neutr\u00e1lny silik\u00f3nov\u00fd tmel pre intern\u00e9 upevnenie zrkadiel, povlakov\u00e9ho skla alebo kovov\u00fdch panelov k r\u00f4znym podkladom. V\u00ddHODY: \u2022 Vynikaj\u00faca pri\u013enavos\u0165 bez podkladov\u00e9ho n\u00e1teru k v\u00e4\u010d\u0161ine skiel, kovov a povlakom zrkadiel \u2022 Neutr\u00e1lne vytvrdzovanie, nekoroz\u00edvny \u2022 Vynikaj\u00edca odolnos\u0165 vo\u010di teplu a vlhkosti \u2022 Bez z\u00e1pachu \u2022 Odoln\u00fd k oz\u00f3nu, ultrafialov\u00e9mu \u017eiareniu a [&hellip;]\" \/>\n<meta property=\"og:url\" content=\"https:\/\/proventuss.eu\/sk\/produkt\/dowsil-817\/\" \/>\n<meta property=\"og:site_name\" content=\"Proventuss\" \/>\n<meta property=\"og:image\" content=\"https:\/\/proventuss.eu\/wp-content\/uploads\/2022\/04\/817.jpg\" \/>\n\t<meta property=\"og:image:width\" content=\"408\" \/>\n\t<meta property=\"og:image:height\" content=\"1136\" \/>\n\t<meta property=\"og:image:type\" content=\"image\/jpeg\" \/>\n<meta name=\"twitter:card\" content=\"summary_large_image\" \/>\n<script type=\"application\/ld+json\" class=\"yoast-schema-graph\">{\"@context\":\"https:\/\/schema.org\",\"@graph\":[{\"@type\":\"WebPage\",\"@id\":\"https:\/\/proventuss.eu\/sk\/produkt\/dowsil-817\/\",\"url\":\"https:\/\/proventuss.eu\/sk\/produkt\/dowsil-817\/\",\"name\":\"DOWSIL 817 - Proventuss\",\"isPartOf\":{\"@id\":\"https:\/\/proventuss.eu\/#website\"},\"primaryImageOfPage\":{\"@id\":\"https:\/\/proventuss.eu\/sk\/produkt\/dowsil-817\/#primaryimage\"},\"image\":{\"@id\":\"https:\/\/proventuss.eu\/sk\/produkt\/dowsil-817\/#primaryimage\"},\"thumbnailUrl\":\"https:\/\/proventuss.eu\/wp-content\/uploads\/2022\/04\/817.jpg\",\"datePublished\":\"2022-04-26T10:14:23+00:00\",\"dateModified\":\"2022-04-26T10:14:23+00:00\",\"breadcrumb\":{\"@id\":\"https:\/\/proventuss.eu\/sk\/produkt\/dowsil-817\/#breadcrumb\"},\"inLanguage\":\"sk-SK\",\"potentialAction\":[{\"@type\":\"ReadAction\",\"target\":[\"https:\/\/proventuss.eu\/sk\/produkt\/dowsil-817\/\"]}]},{\"@type\":\"ImageObject\",\"inLanguage\":\"sk-SK\",\"@id\":\"https:\/\/proventuss.eu\/sk\/produkt\/dowsil-817\/#primaryimage\",\"url\":\"https:\/\/proventuss.eu\/wp-content\/uploads\/2022\/04\/817.jpg\",\"contentUrl\":\"https:\/\/proventuss.eu\/wp-content\/uploads\/2022\/04\/817.jpg\",\"width\":408,\"height\":1136},{\"@type\":\"BreadcrumbList\",\"@id\":\"https:\/\/proventuss.eu\/sk\/produkt\/dowsil-817\/#breadcrumb\",\"itemListElement\":[{\"@type\":\"ListItem\",\"position\":1,\"name\":\"Home\",\"item\":\"https:\/\/proventuss.eu\/\"},{\"@type\":\"ListItem\",\"position\":2,\"name\":\"Produkty\",\"item\":\"https:\/\/proventuss.eu\/produkty\/\"},{\"@type\":\"ListItem\",\"position\":3,\"name\":\"DOWSIL 817\"}]},{\"@type\":\"WebSite\",\"@id\":\"https:\/\/proventuss.eu\/#website\",\"url\":\"https:\/\/proventuss.eu\/\",\"name\":\"Proventuss\",\"description\":\"\",\"potentialAction\":[{\"@type\":\"SearchAction\",\"target\":{\"@type\":\"EntryPoint\",\"urlTemplate\":\"https:\/\/proventuss.eu\/?s={search_term_string}\"},\"query-input\":\"required name=search_term_string\"}],\"inLanguage\":\"sk-SK\"}]}<\/script>\n<!-- \/ Yoast SEO plugin. -->","yoast_head_json":{"title":"DOWSIL 817 - Proventuss","robots":{"index":"index","follow":"follow","max-snippet":"max-snippet:-1","max-image-preview":"max-image-preview:large","max-video-preview":"max-video-preview:-1"},"canonical":"https:\/\/proventuss.eu\/sk\/produkt\/dowsil-817\/","og_locale":"sk_SK","og_type":"article","og_title":"DOWSIL 817 - Proventuss","og_description":"LEPIDLO NA ZRKADL\u00c1, vysokomodulov\u00fd jednozlo\u017ekov\u00fd neutr\u00e1lny silik\u00f3nov\u00fd tmel pre intern\u00e9 upevnenie zrkadiel, povlakov\u00e9ho skla alebo kovov\u00fdch panelov k r\u00f4znym podkladom. V\u00ddHODY: \u2022 Vynikaj\u00faca pri\u013enavos\u0165 bez podkladov\u00e9ho n\u00e1teru k v\u00e4\u010d\u0161ine skiel, kovov a povlakom zrkadiel \u2022 Neutr\u00e1lne vytvrdzovanie, nekoroz\u00edvny \u2022 Vynikaj\u00edca odolnos\u0165 vo\u010di teplu a vlhkosti \u2022 Bez z\u00e1pachu \u2022 Odoln\u00fd k oz\u00f3nu, ultrafialov\u00e9mu \u017eiareniu a [&hellip;]","og_url":"https:\/\/proventuss.eu\/sk\/produkt\/dowsil-817\/","og_site_name":"Proventuss","og_image":[{"width":408,"height":1136,"url":"https:\/\/proventuss.eu\/wp-content\/uploads\/2022\/04\/817.jpg","type":"image\/jpeg"}],"twitter_card":"summary_large_image","schema":{"@context":"https:\/\/schema.org","@graph":[{"@type":"WebPage","@id":"https:\/\/proventuss.eu\/sk\/produkt\/dowsil-817\/","url":"https:\/\/proventuss.eu\/sk\/produkt\/dowsil-817\/","name":"DOWSIL 817 - Proventuss","isPartOf":{"@id":"https:\/\/proventuss.eu\/#website"},"primaryImageOfPage":{"@id":"https:\/\/proventuss.eu\/sk\/produkt\/dowsil-817\/#primaryimage"},"image":{"@id":"https:\/\/proventuss.eu\/sk\/produkt\/dowsil-817\/#primaryimage"},"thumbnailUrl":"https:\/\/proventuss.eu\/wp-content\/uploads\/2022\/04\/817.jpg","datePublished":"2022-04-26T10:14:23+00:00","dateModified":"2022-04-26T10:14:23+00:00","breadcrumb":{"@id":"https:\/\/proventuss.eu\/sk\/produkt\/dowsil-817\/#breadcrumb"},"inLanguage":"sk-SK","potentialAction":[{"@type":"ReadAction","target":["https:\/\/proventuss.eu\/sk\/produkt\/dowsil-817\/"]}]},{"@type":"ImageObject","inLanguage":"sk-SK","@id":"https:\/\/proventuss.eu\/sk\/produkt\/dowsil-817\/#primaryimage","url":"https:\/\/proventuss.eu\/wp-content\/uploads\/2022\/04\/817.jpg","contentUrl":"https:\/\/proventuss.eu\/wp-content\/uploads\/2022\/04\/817.jpg","width":408,"height":1136},{"@type":"BreadcrumbList","@id":"https:\/\/proventuss.eu\/sk\/produkt\/dowsil-817\/#breadcrumb","itemListElement":[{"@type":"ListItem","position":1,"name":"Home","item":"https:\/\/proventuss.eu\/"},{"@type":"ListItem","position":2,"name":"Produkty","item":"https:\/\/proventuss.eu\/produkty\/"},{"@type":"ListItem","position":3,"name":"DOWSIL 817"}]},{"@type":"WebSite","@id":"https:\/\/proventuss.eu\/#website","url":"https:\/\/proventuss.eu\/","name":"Proventuss","description":"","potentialAction":[{"@type":"SearchAction","target":{"@type":"EntryPoint","urlTemplate":"https:\/\/proventuss.eu\/?s={search_term_string}"},"query-input":"required name=search_term_string"}],"inLanguage":"sk-SK"}]}},"_links":{"self":[{"href":"https:\/\/proventuss.eu\/sk\/wp-json\/wp\/v2\/product\/8881"}],"collection":[{"href":"https:\/\/proventuss.eu\/sk\/wp-json\/wp\/v2\/product"}],"about":[{"href":"https:\/\/proventuss.eu\/sk\/wp-json\/wp\/v2\/types\/product"}],"replies":[{"embeddable":true,"href":"https:\/\/proventuss.eu\/sk\/wp-json\/wp\/v2\/comments?post=8881"}],"wp:featuredmedia":[{"embeddable":true,"href":"https:\/\/proventuss.eu\/sk\/wp-json\/wp\/v2\/media\/7357"}],"wp:attachment":[{"href":"https:\/\/proventuss.eu\/sk\/wp-json\/wp\/v2\/media?parent=8881"}],"wp:term":[{"taxonomy":"product_cat","embeddable":true,"href":"https:\/\/proventuss.eu\/sk\/wp-json\/wp\/v2\/product_cat?post=8881"},{"taxonomy":"product_tag","embeddable":true,"href":"https:\/\/proventuss.eu\/sk\/wp-json\/wp\/v2\/product_tag?post=8881"}],"curies":[{"name":"wp","href":"https:\/\/api.w.org\/{rel}","templated":true}]}}