{"id":8879,"date":"2022-04-26T10:11:56","date_gmt":"2022-04-26T10:11:56","guid":{"rendered":"https:\/\/proventuss.eu\/produkt\/dowsil-781\/"},"modified":"2022-04-26T10:11:56","modified_gmt":"2022-04-26T10:11:56","slug":"dowsil-781","status":"publish","type":"product","link":"https:\/\/proventuss.eu\/sk\/produkt\/dowsil-781\/","title":{"rendered":"DOWSIL 781"},"content":{"rendered":"<p><strong>ACET\u00c1TOV\u00dd SILIKON\u00d3V\u00dd TMEL<\/strong>, jednozlo\u017ekov\u00fd silik\u00f3nov\u00fd tmel so stredn\u00fdm\/vysok\u00fdm modulom, s dobrou pri\u013enavos\u0165ou k mnoh\u00fdm nepor\u00e9zny podkladom vr\u00e1tane skla, hlin\u00edku, lakovan\u00fdm povrchom a kompozitn\u00fdm panelom. Poskytuje v\u00fdborn\u00fa odolnos\u0165 vo\u010di st\u00e1rnutiu, zmr\u0161\u0165ovaniu, praskaniu a zmen\u00e1m farby.<\/p>\n<p><strong>V\u00ddHODY:<\/strong><br \/>\n\u2022 Vysok\u00e1 pevnos\u0165<br \/>\n\u2022 Dobr\u00e1 pru\u017enos\u0165<br \/>\n\u2022 100% silik\u00f3nov\u00fd polymer<br \/>\n\u2022 Bez rozp\u00fa\u0161\u0165adiel<br \/>\n\u2022 Odoln\u00fd k oz\u00f3nu, ultrafialov\u00e9mu \u017eiareniiu a extr\u00e9mnym teplot\u00e1m<br \/>\n\u2022 Vyhovuje ISO 11600-F&amp;G-20LM<\/p>\n<p><strong>BALENIE\/FARBY:<\/strong><br \/>\nKartu\u0161a: 310 ml<br \/>\nFarba: transparentn\u00e1, biela, \u010dierna, hned\u00e1, \u0161ed\u00e1, hlin\u00edk<\/p>\n","protected":false},"excerpt":{"rendered":"<p>ACET\u00c1TOV\u00dd SILIKON\u00d3V\u00dd TMEL, jednozlo\u017ekov\u00fd silik\u00f3nov\u00fd tmel so stredn\u00fdm\/vysok\u00fdm modulom, s dobrou pri\u013enavos\u0165ou k mnoh\u00fdm nepor\u00e9zny podkladom vr\u00e1tane skla, hlin\u00edku, lakovan\u00fdm povrchom a kompozitn\u00fdm panelom. Poskytuje v\u00fdborn\u00fa odolnos\u0165 vo\u010di st\u00e1rnutiu, zmr\u0161\u0165ovaniu, praskaniu a zmen\u00e1m farby. V\u00ddHODY: \u2022 Vysok\u00e1 pevnos\u0165 \u2022 Dobr\u00e1 pru\u017enos\u0165 \u2022 100% silik\u00f3nov\u00fd polymer \u2022 Bez rozp\u00fa\u0161\u0165adiel \u2022 Odoln\u00fd k oz\u00f3nu, ultrafialov\u00e9mu \u017eiareniiu a [&hellip;]<\/p>\n","protected":false},"featured_media":7351,"comment_status":"open","ping_status":"closed","template":"","meta":{"_acf_changed":false},"product_cat":[391],"product_tag":[],"acf":[],"yoast_head":"<!-- This site is optimized with the Yoast SEO plugin v22.9 - https:\/\/yoast.com\/wordpress\/plugins\/seo\/ -->\n<title>DOWSIL 781 - Proventuss<\/title>\n<meta name=\"robots\" content=\"index, follow, max-snippet:-1, max-image-preview:large, max-video-preview:-1\" \/>\n<link rel=\"canonical\" href=\"https:\/\/proventuss.eu\/sk\/produkt\/dowsil-781\/\" \/>\n<meta property=\"og:locale\" content=\"sk_SK\" \/>\n<meta property=\"og:type\" content=\"article\" \/>\n<meta property=\"og:title\" content=\"DOWSIL 781 - Proventuss\" \/>\n<meta property=\"og:description\" content=\"ACET\u00c1TOV\u00dd SILIKON\u00d3V\u00dd TMEL, jednozlo\u017ekov\u00fd silik\u00f3nov\u00fd tmel so stredn\u00fdm\/vysok\u00fdm modulom, s dobrou pri\u013enavos\u0165ou k mnoh\u00fdm nepor\u00e9zny podkladom vr\u00e1tane skla, hlin\u00edku, lakovan\u00fdm povrchom a kompozitn\u00fdm panelom. Poskytuje v\u00fdborn\u00fa odolnos\u0165 vo\u010di st\u00e1rnutiu, zmr\u0161\u0165ovaniu, praskaniu a zmen\u00e1m farby. V\u00ddHODY: \u2022 Vysok\u00e1 pevnos\u0165 \u2022 Dobr\u00e1 pru\u017enos\u0165 \u2022 100% silik\u00f3nov\u00fd polymer \u2022 Bez rozp\u00fa\u0161\u0165adiel \u2022 Odoln\u00fd k oz\u00f3nu, ultrafialov\u00e9mu \u017eiareniiu a [&hellip;]\" \/>\n<meta property=\"og:url\" content=\"https:\/\/proventuss.eu\/sk\/produkt\/dowsil-781\/\" \/>\n<meta property=\"og:site_name\" content=\"Proventuss\" \/>\n<meta property=\"og:image\" content=\"https:\/\/proventuss.eu\/wp-content\/uploads\/2022\/04\/781.jpg\" \/>\n\t<meta property=\"og:image:width\" content=\"408\" \/>\n\t<meta property=\"og:image:height\" content=\"1136\" \/>\n\t<meta property=\"og:image:type\" content=\"image\/jpeg\" \/>\n<meta name=\"twitter:card\" content=\"summary_large_image\" \/>\n<script type=\"application\/ld+json\" class=\"yoast-schema-graph\">{\"@context\":\"https:\/\/schema.org\",\"@graph\":[{\"@type\":\"WebPage\",\"@id\":\"https:\/\/proventuss.eu\/sk\/produkt\/dowsil-781\/\",\"url\":\"https:\/\/proventuss.eu\/sk\/produkt\/dowsil-781\/\",\"name\":\"DOWSIL 781 - Proventuss\",\"isPartOf\":{\"@id\":\"https:\/\/proventuss.eu\/#website\"},\"primaryImageOfPage\":{\"@id\":\"https:\/\/proventuss.eu\/sk\/produkt\/dowsil-781\/#primaryimage\"},\"image\":{\"@id\":\"https:\/\/proventuss.eu\/sk\/produkt\/dowsil-781\/#primaryimage\"},\"thumbnailUrl\":\"https:\/\/proventuss.eu\/wp-content\/uploads\/2022\/04\/781.jpg\",\"datePublished\":\"2022-04-26T10:11:56+00:00\",\"dateModified\":\"2022-04-26T10:11:56+00:00\",\"breadcrumb\":{\"@id\":\"https:\/\/proventuss.eu\/sk\/produkt\/dowsil-781\/#breadcrumb\"},\"inLanguage\":\"sk-SK\",\"potentialAction\":[{\"@type\":\"ReadAction\",\"target\":[\"https:\/\/proventuss.eu\/sk\/produkt\/dowsil-781\/\"]}]},{\"@type\":\"ImageObject\",\"inLanguage\":\"sk-SK\",\"@id\":\"https:\/\/proventuss.eu\/sk\/produkt\/dowsil-781\/#primaryimage\",\"url\":\"https:\/\/proventuss.eu\/wp-content\/uploads\/2022\/04\/781.jpg\",\"contentUrl\":\"https:\/\/proventuss.eu\/wp-content\/uploads\/2022\/04\/781.jpg\",\"width\":408,\"height\":1136},{\"@type\":\"BreadcrumbList\",\"@id\":\"https:\/\/proventuss.eu\/sk\/produkt\/dowsil-781\/#breadcrumb\",\"itemListElement\":[{\"@type\":\"ListItem\",\"position\":1,\"name\":\"Home\",\"item\":\"https:\/\/proventuss.eu\/\"},{\"@type\":\"ListItem\",\"position\":2,\"name\":\"Produkty\",\"item\":\"https:\/\/proventuss.eu\/produkty\/\"},{\"@type\":\"ListItem\",\"position\":3,\"name\":\"DOWSIL 781\"}]},{\"@type\":\"WebSite\",\"@id\":\"https:\/\/proventuss.eu\/#website\",\"url\":\"https:\/\/proventuss.eu\/\",\"name\":\"Proventuss\",\"description\":\"\",\"potentialAction\":[{\"@type\":\"SearchAction\",\"target\":{\"@type\":\"EntryPoint\",\"urlTemplate\":\"https:\/\/proventuss.eu\/?s={search_term_string}\"},\"query-input\":\"required name=search_term_string\"}],\"inLanguage\":\"sk-SK\"}]}<\/script>\n<!-- \/ Yoast SEO plugin. -->","yoast_head_json":{"title":"DOWSIL 781 - Proventuss","robots":{"index":"index","follow":"follow","max-snippet":"max-snippet:-1","max-image-preview":"max-image-preview:large","max-video-preview":"max-video-preview:-1"},"canonical":"https:\/\/proventuss.eu\/sk\/produkt\/dowsil-781\/","og_locale":"sk_SK","og_type":"article","og_title":"DOWSIL 781 - Proventuss","og_description":"ACET\u00c1TOV\u00dd SILIKON\u00d3V\u00dd TMEL, jednozlo\u017ekov\u00fd silik\u00f3nov\u00fd tmel so stredn\u00fdm\/vysok\u00fdm modulom, s dobrou pri\u013enavos\u0165ou k mnoh\u00fdm nepor\u00e9zny podkladom vr\u00e1tane skla, hlin\u00edku, lakovan\u00fdm povrchom a kompozitn\u00fdm panelom. Poskytuje v\u00fdborn\u00fa odolnos\u0165 vo\u010di st\u00e1rnutiu, zmr\u0161\u0165ovaniu, praskaniu a zmen\u00e1m farby. V\u00ddHODY: \u2022 Vysok\u00e1 pevnos\u0165 \u2022 Dobr\u00e1 pru\u017enos\u0165 \u2022 100% silik\u00f3nov\u00fd polymer \u2022 Bez rozp\u00fa\u0161\u0165adiel \u2022 Odoln\u00fd k oz\u00f3nu, ultrafialov\u00e9mu \u017eiareniiu a [&hellip;]","og_url":"https:\/\/proventuss.eu\/sk\/produkt\/dowsil-781\/","og_site_name":"Proventuss","og_image":[{"width":408,"height":1136,"url":"https:\/\/proventuss.eu\/wp-content\/uploads\/2022\/04\/781.jpg","type":"image\/jpeg"}],"twitter_card":"summary_large_image","schema":{"@context":"https:\/\/schema.org","@graph":[{"@type":"WebPage","@id":"https:\/\/proventuss.eu\/sk\/produkt\/dowsil-781\/","url":"https:\/\/proventuss.eu\/sk\/produkt\/dowsil-781\/","name":"DOWSIL 781 - Proventuss","isPartOf":{"@id":"https:\/\/proventuss.eu\/#website"},"primaryImageOfPage":{"@id":"https:\/\/proventuss.eu\/sk\/produkt\/dowsil-781\/#primaryimage"},"image":{"@id":"https:\/\/proventuss.eu\/sk\/produkt\/dowsil-781\/#primaryimage"},"thumbnailUrl":"https:\/\/proventuss.eu\/wp-content\/uploads\/2022\/04\/781.jpg","datePublished":"2022-04-26T10:11:56+00:00","dateModified":"2022-04-26T10:11:56+00:00","breadcrumb":{"@id":"https:\/\/proventuss.eu\/sk\/produkt\/dowsil-781\/#breadcrumb"},"inLanguage":"sk-SK","potentialAction":[{"@type":"ReadAction","target":["https:\/\/proventuss.eu\/sk\/produkt\/dowsil-781\/"]}]},{"@type":"ImageObject","inLanguage":"sk-SK","@id":"https:\/\/proventuss.eu\/sk\/produkt\/dowsil-781\/#primaryimage","url":"https:\/\/proventuss.eu\/wp-content\/uploads\/2022\/04\/781.jpg","contentUrl":"https:\/\/proventuss.eu\/wp-content\/uploads\/2022\/04\/781.jpg","width":408,"height":1136},{"@type":"BreadcrumbList","@id":"https:\/\/proventuss.eu\/sk\/produkt\/dowsil-781\/#breadcrumb","itemListElement":[{"@type":"ListItem","position":1,"name":"Home","item":"https:\/\/proventuss.eu\/"},{"@type":"ListItem","position":2,"name":"Produkty","item":"https:\/\/proventuss.eu\/produkty\/"},{"@type":"ListItem","position":3,"name":"DOWSIL 781"}]},{"@type":"WebSite","@id":"https:\/\/proventuss.eu\/#website","url":"https:\/\/proventuss.eu\/","name":"Proventuss","description":"","potentialAction":[{"@type":"SearchAction","target":{"@type":"EntryPoint","urlTemplate":"https:\/\/proventuss.eu\/?s={search_term_string}"},"query-input":"required name=search_term_string"}],"inLanguage":"sk-SK"}]}},"_links":{"self":[{"href":"https:\/\/proventuss.eu\/sk\/wp-json\/wp\/v2\/product\/8879"}],"collection":[{"href":"https:\/\/proventuss.eu\/sk\/wp-json\/wp\/v2\/product"}],"about":[{"href":"https:\/\/proventuss.eu\/sk\/wp-json\/wp\/v2\/types\/product"}],"replies":[{"embeddable":true,"href":"https:\/\/proventuss.eu\/sk\/wp-json\/wp\/v2\/comments?post=8879"}],"wp:featuredmedia":[{"embeddable":true,"href":"https:\/\/proventuss.eu\/sk\/wp-json\/wp\/v2\/media\/7351"}],"wp:attachment":[{"href":"https:\/\/proventuss.eu\/sk\/wp-json\/wp\/v2\/media?parent=8879"}],"wp:term":[{"taxonomy":"product_cat","embeddable":true,"href":"https:\/\/proventuss.eu\/sk\/wp-json\/wp\/v2\/product_cat?post=8879"},{"taxonomy":"product_tag","embeddable":true,"href":"https:\/\/proventuss.eu\/sk\/wp-json\/wp\/v2\/product_tag?post=8879"}],"curies":[{"name":"wp","href":"https:\/\/api.w.org\/{rel}","templated":true}]}}