{"id":8878,"date":"2022-04-26T10:09:52","date_gmt":"2022-04-26T10:09:52","guid":{"rendered":"https:\/\/proventuss.eu\/produkt\/siderise-cvb-c\/"},"modified":"2022-04-26T10:09:52","modified_gmt":"2022-04-26T10:09:52","slug":"siderise-cvb-c","status":"publish","type":"product","link":"https:\/\/proventuss.eu\/sk\/produkt\/siderise-cvb-c\/","title":{"rendered":"SIDERISE CVB\/C"},"content":{"rendered":"<p>Akustick\u00e9 bari\u00e9ry SIDERISE pre fas\u00e1dy s\u00fa dostupn\u00e9 v mnoh\u00fdch triedach a hr\u00fabkach, ktor\u00e9 pon\u00fakaj\u00fa \u0161irok\u00fd rozsah hodn\u00f4t zn\u00ed\u017eenia hluku.<\/p>\n<p><strong>V\u00ddHODY:<\/strong><br \/>\n\u2022 Pon\u00faka 51 dB+ (Rw)<br \/>\n\u2022 Protipo\u017eiarna izol\u00e1cia<br \/>\n\u2022 Nez\u00e1visle testovan\u00e9<br \/>\n\u2022 Po\u017eiarna odolnos\u0165 do 1 hodiny.<\/p>\n<p>Izola\u010dn\u00fd produkt je k dispoz\u00edcii aj s v\u00fdberom volite\u013en\u00fdch centr\u00e1lnych membr\u00e1n s vysokou hmotnos\u0165ou na dosiahnutie podstatne vy\u0161\u0161\u00edch hodn\u00f4t SRI. Niektor\u00e9 produkty z radu akustick\u00fdch bari\u00e9r SIDERISE maj\u00fa certifikovan\u00fa po\u017eiarnu odolnos\u0165, ktor\u00e1 umo\u017e\u0148uje ich dvojit\u00e9 pou\u017eitie ako stropn\u00e9 alebo podlahov\u00e9 protipo\u017eiarne bari\u00e9ry. Produkt sa ve\u013emi jednoducho fixuje a mo\u017eno ho \u013eahko odreza\u0165, aby sa prisp\u00f4sobil prestupom.<\/p>\n<p>Pozn\u00e1mka: Tento produkt bol predt\u00fdm zn\u00e1my ako akustick\u00e9 bari\u00e9ry radu Lamaphon CVB.<\/p>\n","protected":false},"excerpt":{"rendered":"<p>Akustick\u00e9 bari\u00e9ry SIDERISE pre fas\u00e1dy s\u00fa dostupn\u00e9 v mnoh\u00fdch triedach a hr\u00fabkach, ktor\u00e9 pon\u00fakaj\u00fa \u0161irok\u00fd rozsah hodn\u00f4t zn\u00ed\u017eenia hluku. V\u00ddHODY: \u2022 Pon\u00faka 51 dB+ (Rw) \u2022 Protipo\u017eiarna izol\u00e1cia \u2022 Nez\u00e1visle testovan\u00e9 \u2022 Po\u017eiarna odolnos\u0165 do 1 hodiny. Izola\u010dn\u00fd produkt je k dispoz\u00edcii aj s v\u00fdberom volite\u013en\u00fdch centr\u00e1lnych membr\u00e1n s vysokou hmotnos\u0165ou na dosiahnutie podstatne vy\u0161\u0161\u00edch [&hellip;]<\/p>\n","protected":false},"featured_media":7384,"comment_status":"open","ping_status":"closed","template":"","meta":{"_acf_changed":false},"product_cat":[386],"product_tag":[],"acf":[],"yoast_head":"<!-- This site is optimized with the Yoast SEO plugin v22.9 - https:\/\/yoast.com\/wordpress\/plugins\/seo\/ -->\n<title>SIDERISE CVB\/C - Proventuss<\/title>\n<meta name=\"robots\" content=\"index, follow, max-snippet:-1, max-image-preview:large, max-video-preview:-1\" \/>\n<link rel=\"canonical\" href=\"https:\/\/proventuss.eu\/sk\/produkt\/siderise-cvb-c\/\" \/>\n<meta property=\"og:locale\" content=\"sk_SK\" \/>\n<meta property=\"og:type\" content=\"article\" \/>\n<meta property=\"og:title\" content=\"SIDERISE CVB\/C - Proventuss\" \/>\n<meta property=\"og:description\" content=\"Akustick\u00e9 bari\u00e9ry SIDERISE pre fas\u00e1dy s\u00fa dostupn\u00e9 v mnoh\u00fdch triedach a hr\u00fabkach, ktor\u00e9 pon\u00fakaj\u00fa \u0161irok\u00fd rozsah hodn\u00f4t zn\u00ed\u017eenia hluku. V\u00ddHODY: \u2022 Pon\u00faka 51 dB+ (Rw) \u2022 Protipo\u017eiarna izol\u00e1cia \u2022 Nez\u00e1visle testovan\u00e9 \u2022 Po\u017eiarna odolnos\u0165 do 1 hodiny. Izola\u010dn\u00fd produkt je k dispoz\u00edcii aj s v\u00fdberom volite\u013en\u00fdch centr\u00e1lnych membr\u00e1n s vysokou hmotnos\u0165ou na dosiahnutie podstatne vy\u0161\u0161\u00edch [&hellip;]\" \/>\n<meta property=\"og:url\" content=\"https:\/\/proventuss.eu\/sk\/produkt\/siderise-cvb-c\/\" \/>\n<meta property=\"og:site_name\" content=\"Proventuss\" \/>\n<meta property=\"og:image\" content=\"https:\/\/proventuss.eu\/wp-content\/uploads\/2022\/04\/Siderise-CVB-C-akustyczne.jpg\" \/>\n\t<meta property=\"og:image:width\" content=\"224\" \/>\n\t<meta property=\"og:image:height\" content=\"224\" \/>\n\t<meta property=\"og:image:type\" content=\"image\/jpeg\" \/>\n<meta name=\"twitter:card\" content=\"summary_large_image\" \/>\n<meta name=\"twitter:label1\" content=\"Predpokladan\u00fd \u010das \u010d\u00edtania\" \/>\n\t<meta name=\"twitter:data1\" content=\"1 min\u00fata\" \/>\n<script type=\"application\/ld+json\" class=\"yoast-schema-graph\">{\"@context\":\"https:\/\/schema.org\",\"@graph\":[{\"@type\":\"WebPage\",\"@id\":\"https:\/\/proventuss.eu\/sk\/produkt\/siderise-cvb-c\/\",\"url\":\"https:\/\/proventuss.eu\/sk\/produkt\/siderise-cvb-c\/\",\"name\":\"SIDERISE CVB\/C - Proventuss\",\"isPartOf\":{\"@id\":\"https:\/\/proventuss.eu\/#website\"},\"primaryImageOfPage\":{\"@id\":\"https:\/\/proventuss.eu\/sk\/produkt\/siderise-cvb-c\/#primaryimage\"},\"image\":{\"@id\":\"https:\/\/proventuss.eu\/sk\/produkt\/siderise-cvb-c\/#primaryimage\"},\"thumbnailUrl\":\"https:\/\/proventuss.eu\/wp-content\/uploads\/2022\/04\/Siderise-CVB-C-akustyczne.jpg\",\"datePublished\":\"2022-04-26T10:09:52+00:00\",\"dateModified\":\"2022-04-26T10:09:52+00:00\",\"breadcrumb\":{\"@id\":\"https:\/\/proventuss.eu\/sk\/produkt\/siderise-cvb-c\/#breadcrumb\"},\"inLanguage\":\"sk-SK\",\"potentialAction\":[{\"@type\":\"ReadAction\",\"target\":[\"https:\/\/proventuss.eu\/sk\/produkt\/siderise-cvb-c\/\"]}]},{\"@type\":\"ImageObject\",\"inLanguage\":\"sk-SK\",\"@id\":\"https:\/\/proventuss.eu\/sk\/produkt\/siderise-cvb-c\/#primaryimage\",\"url\":\"https:\/\/proventuss.eu\/wp-content\/uploads\/2022\/04\/Siderise-CVB-C-akustyczne.jpg\",\"contentUrl\":\"https:\/\/proventuss.eu\/wp-content\/uploads\/2022\/04\/Siderise-CVB-C-akustyczne.jpg\",\"width\":224,\"height\":224},{\"@type\":\"BreadcrumbList\",\"@id\":\"https:\/\/proventuss.eu\/sk\/produkt\/siderise-cvb-c\/#breadcrumb\",\"itemListElement\":[{\"@type\":\"ListItem\",\"position\":1,\"name\":\"Home\",\"item\":\"https:\/\/proventuss.eu\/\"},{\"@type\":\"ListItem\",\"position\":2,\"name\":\"Produkty\",\"item\":\"https:\/\/proventuss.eu\/produkty\/\"},{\"@type\":\"ListItem\",\"position\":3,\"name\":\"SIDERISE CVB\/C\"}]},{\"@type\":\"WebSite\",\"@id\":\"https:\/\/proventuss.eu\/#website\",\"url\":\"https:\/\/proventuss.eu\/\",\"name\":\"Proventuss\",\"description\":\"\",\"potentialAction\":[{\"@type\":\"SearchAction\",\"target\":{\"@type\":\"EntryPoint\",\"urlTemplate\":\"https:\/\/proventuss.eu\/?s={search_term_string}\"},\"query-input\":\"required name=search_term_string\"}],\"inLanguage\":\"sk-SK\"}]}<\/script>\n<!-- \/ Yoast SEO plugin. -->","yoast_head_json":{"title":"SIDERISE CVB\/C - Proventuss","robots":{"index":"index","follow":"follow","max-snippet":"max-snippet:-1","max-image-preview":"max-image-preview:large","max-video-preview":"max-video-preview:-1"},"canonical":"https:\/\/proventuss.eu\/sk\/produkt\/siderise-cvb-c\/","og_locale":"sk_SK","og_type":"article","og_title":"SIDERISE CVB\/C - Proventuss","og_description":"Akustick\u00e9 bari\u00e9ry SIDERISE pre fas\u00e1dy s\u00fa dostupn\u00e9 v mnoh\u00fdch triedach a hr\u00fabkach, ktor\u00e9 pon\u00fakaj\u00fa \u0161irok\u00fd rozsah hodn\u00f4t zn\u00ed\u017eenia hluku. V\u00ddHODY: \u2022 Pon\u00faka 51 dB+ (Rw) \u2022 Protipo\u017eiarna izol\u00e1cia \u2022 Nez\u00e1visle testovan\u00e9 \u2022 Po\u017eiarna odolnos\u0165 do 1 hodiny. Izola\u010dn\u00fd produkt je k dispoz\u00edcii aj s v\u00fdberom volite\u013en\u00fdch centr\u00e1lnych membr\u00e1n s vysokou hmotnos\u0165ou na dosiahnutie podstatne vy\u0161\u0161\u00edch [&hellip;]","og_url":"https:\/\/proventuss.eu\/sk\/produkt\/siderise-cvb-c\/","og_site_name":"Proventuss","og_image":[{"width":224,"height":224,"url":"https:\/\/proventuss.eu\/wp-content\/uploads\/2022\/04\/Siderise-CVB-C-akustyczne.jpg","type":"image\/jpeg"}],"twitter_card":"summary_large_image","twitter_misc":{"Predpokladan\u00fd \u010das \u010d\u00edtania":"1 min\u00fata"},"schema":{"@context":"https:\/\/schema.org","@graph":[{"@type":"WebPage","@id":"https:\/\/proventuss.eu\/sk\/produkt\/siderise-cvb-c\/","url":"https:\/\/proventuss.eu\/sk\/produkt\/siderise-cvb-c\/","name":"SIDERISE CVB\/C - Proventuss","isPartOf":{"@id":"https:\/\/proventuss.eu\/#website"},"primaryImageOfPage":{"@id":"https:\/\/proventuss.eu\/sk\/produkt\/siderise-cvb-c\/#primaryimage"},"image":{"@id":"https:\/\/proventuss.eu\/sk\/produkt\/siderise-cvb-c\/#primaryimage"},"thumbnailUrl":"https:\/\/proventuss.eu\/wp-content\/uploads\/2022\/04\/Siderise-CVB-C-akustyczne.jpg","datePublished":"2022-04-26T10:09:52+00:00","dateModified":"2022-04-26T10:09:52+00:00","breadcrumb":{"@id":"https:\/\/proventuss.eu\/sk\/produkt\/siderise-cvb-c\/#breadcrumb"},"inLanguage":"sk-SK","potentialAction":[{"@type":"ReadAction","target":["https:\/\/proventuss.eu\/sk\/produkt\/siderise-cvb-c\/"]}]},{"@type":"ImageObject","inLanguage":"sk-SK","@id":"https:\/\/proventuss.eu\/sk\/produkt\/siderise-cvb-c\/#primaryimage","url":"https:\/\/proventuss.eu\/wp-content\/uploads\/2022\/04\/Siderise-CVB-C-akustyczne.jpg","contentUrl":"https:\/\/proventuss.eu\/wp-content\/uploads\/2022\/04\/Siderise-CVB-C-akustyczne.jpg","width":224,"height":224},{"@type":"BreadcrumbList","@id":"https:\/\/proventuss.eu\/sk\/produkt\/siderise-cvb-c\/#breadcrumb","itemListElement":[{"@type":"ListItem","position":1,"name":"Home","item":"https:\/\/proventuss.eu\/"},{"@type":"ListItem","position":2,"name":"Produkty","item":"https:\/\/proventuss.eu\/produkty\/"},{"@type":"ListItem","position":3,"name":"SIDERISE CVB\/C"}]},{"@type":"WebSite","@id":"https:\/\/proventuss.eu\/#website","url":"https:\/\/proventuss.eu\/","name":"Proventuss","description":"","potentialAction":[{"@type":"SearchAction","target":{"@type":"EntryPoint","urlTemplate":"https:\/\/proventuss.eu\/?s={search_term_string}"},"query-input":"required name=search_term_string"}],"inLanguage":"sk-SK"}]}},"_links":{"self":[{"href":"https:\/\/proventuss.eu\/sk\/wp-json\/wp\/v2\/product\/8878"}],"collection":[{"href":"https:\/\/proventuss.eu\/sk\/wp-json\/wp\/v2\/product"}],"about":[{"href":"https:\/\/proventuss.eu\/sk\/wp-json\/wp\/v2\/types\/product"}],"replies":[{"embeddable":true,"href":"https:\/\/proventuss.eu\/sk\/wp-json\/wp\/v2\/comments?post=8878"}],"wp:featuredmedia":[{"embeddable":true,"href":"https:\/\/proventuss.eu\/sk\/wp-json\/wp\/v2\/media\/7384"}],"wp:attachment":[{"href":"https:\/\/proventuss.eu\/sk\/wp-json\/wp\/v2\/media?parent=8878"}],"wp:term":[{"taxonomy":"product_cat","embeddable":true,"href":"https:\/\/proventuss.eu\/sk\/wp-json\/wp\/v2\/product_cat?post=8878"},{"taxonomy":"product_tag","embeddable":true,"href":"https:\/\/proventuss.eu\/sk\/wp-json\/wp\/v2\/product_tag?post=8878"}],"curies":[{"name":"wp","href":"https:\/\/api.w.org\/{rel}","templated":true}]}}