{"id":8876,"date":"2022-04-26T10:04:59","date_gmt":"2022-04-26T10:04:59","guid":{"rendered":"https:\/\/proventuss.eu\/produkt\/siderise-mi\/"},"modified":"2022-04-26T10:04:59","modified_gmt":"2022-04-26T10:04:59","slug":"siderise-mi","status":"publish","type":"product","link":"https:\/\/proventuss.eu\/sk\/produkt\/siderise-mi\/","title":{"rendered":"SIDERISE MI"},"content":{"rendered":"<p>SIDERISE v\u00fdplne st\u013apikov\/prie\u010dok zah\u0155\u0148a portf\u00f3lio \u0161pecializovan\u00fdch prvkov ur\u010den\u00fdch na zlep\u0161enie protihlukov\u00fdch izola\u010dn\u00fdch vlastnost\u00ed \u013eahk\u00fdch fas\u00e1d alebo zasklen\u00fdch pl\u00f4ch s dut\u00fdmi r\u00e1mami.<\/p>\n<p><strong>V\u00ddHODY:<\/strong><br \/>\n\u2022 A\u017e 41 dB Rw \u201epriechodn\u00fd\u201c r\u00e1m na 50 mm st\u013apiku<br \/>\n\u2022 Jednoduch\u00e1 in\u0161tal\u00e1cia<br \/>\n\u2022 \u0160irok\u00e1 \u0161k\u00e1la z\u00e1kladn\u00fdch materi\u00e1lov<br \/>\n\u2022 Rozmery a tvary na z\u00e1kazku<\/p>\n<p>Zatia\u013e \u010do v\u00fdplne m\u00f4\u017eu by\u0165 pou\u017eit\u00e9 na \u00fa\u010dely zlep\u0161enia vlastnost\u00ed prenosu zvuku obvodov\u00fdch pl\u00e1\u0161\u0165ov budov, napr\u00edklad zvonku do vn\u00fatra,\u010dastej\u0161ie sa pou\u017e\u00edvaj\u00fa na zn\u00ed\u017eenie prestupu po stran\u00e1ch medzi susedn\u00fdmi vn\u00fatorn\u00fdmi priestormi. Zah\u0155\u0148a to okrajov\u00fd prenos zvuku \u201ez miestnosti do miestnosti\u201c a \u201ez poschodia na poschodie\u201c.<\/p>\n<p>\u0160pecifick\u00e9 optim\u00e1lne rie\u0161enia boli vyvinut\u00e9 pre ka\u017ed\u00fa z be\u017en\u00fdch podmienok, s ktor\u00fdmi sa stret\u00e1vame v kon\u0161trukci\u00e1ch obvodov\u00fdch pl\u00e1\u0161\u0165ov. N\u00e1vrh vhodn\u00fdch v\u00fdpln\u00ed zoh\u013ead\u0148uje nielen akustick\u00fd v\u00fdkon, ale aj jednoduchos\u0165 a praktickos\u0165 in\u0161tal\u00e1cie. Vlastn\u00e9 v\u00fdrobn\u00e9 techniky ako CNC\/vysek\u00e1vanie alebo fr\u00e9zovanie, umo\u017e\u0148uje presn\u00fa<br \/>\n\u00fapravu na mieru konkr\u00e9tnemu prvku dut\u00e9ho r\u00e1mu.<\/p>\n<p>Pozn\u00e1mka: Tento produkt bol predt\u00fdm zn\u00e1my ako v\u00fdpl\u0148 st\u013apikov\/prie\u010dok Lamaphon<\/p>\n","protected":false},"excerpt":{"rendered":"<p>SIDERISE v\u00fdplne st\u013apikov\/prie\u010dok zah\u0155\u0148a portf\u00f3lio \u0161pecializovan\u00fdch prvkov ur\u010den\u00fdch na zlep\u0161enie protihlukov\u00fdch izola\u010dn\u00fdch vlastnost\u00ed \u013eahk\u00fdch fas\u00e1d alebo zasklen\u00fdch pl\u00f4ch s dut\u00fdmi r\u00e1mami. V\u00ddHODY: \u2022 A\u017e 41 dB Rw \u201epriechodn\u00fd\u201c r\u00e1m na 50 mm st\u013apiku \u2022 Jednoduch\u00e1 in\u0161tal\u00e1cia \u2022 \u0160irok\u00e1 \u0161k\u00e1la z\u00e1kladn\u00fdch materi\u00e1lov \u2022 Rozmery a tvary na z\u00e1kazku Zatia\u013e \u010do v\u00fdplne m\u00f4\u017eu by\u0165 pou\u017eit\u00e9 na \u00fa\u010dely [&hellip;]<\/p>\n","protected":false},"featured_media":7386,"comment_status":"open","ping_status":"closed","template":"","meta":{"_acf_changed":false},"product_cat":[386],"product_tag":[],"acf":[],"yoast_head":"<!-- This site is optimized with the Yoast SEO plugin v22.9 - https:\/\/yoast.com\/wordpress\/plugins\/seo\/ -->\n<title>SIDERISE MI - Proventuss<\/title>\n<meta name=\"robots\" content=\"index, follow, max-snippet:-1, max-image-preview:large, max-video-preview:-1\" \/>\n<link rel=\"canonical\" href=\"https:\/\/proventuss.eu\/sk\/produkt\/siderise-mi\/\" \/>\n<meta property=\"og:locale\" content=\"sk_SK\" \/>\n<meta property=\"og:type\" content=\"article\" \/>\n<meta property=\"og:title\" content=\"SIDERISE MI - Proventuss\" \/>\n<meta property=\"og:description\" content=\"SIDERISE v\u00fdplne st\u013apikov\/prie\u010dok zah\u0155\u0148a portf\u00f3lio \u0161pecializovan\u00fdch prvkov ur\u010den\u00fdch na zlep\u0161enie protihlukov\u00fdch izola\u010dn\u00fdch vlastnost\u00ed \u013eahk\u00fdch fas\u00e1d alebo zasklen\u00fdch pl\u00f4ch s dut\u00fdmi r\u00e1mami. V\u00ddHODY: \u2022 A\u017e 41 dB Rw \u201epriechodn\u00fd\u201c r\u00e1m na 50 mm st\u013apiku \u2022 Jednoduch\u00e1 in\u0161tal\u00e1cia \u2022 \u0160irok\u00e1 \u0161k\u00e1la z\u00e1kladn\u00fdch materi\u00e1lov \u2022 Rozmery a tvary na z\u00e1kazku Zatia\u013e \u010do v\u00fdplne m\u00f4\u017eu by\u0165 pou\u017eit\u00e9 na \u00fa\u010dely [&hellip;]\" \/>\n<meta property=\"og:url\" content=\"https:\/\/proventuss.eu\/sk\/produkt\/siderise-mi\/\" \/>\n<meta property=\"og:site_name\" content=\"Proventuss\" \/>\n<meta property=\"og:image\" content=\"https:\/\/proventuss.eu\/wp-content\/uploads\/2022\/04\/Siderise-Mi-akustyczne.jpg\" \/>\n\t<meta property=\"og:image:width\" content=\"224\" \/>\n\t<meta property=\"og:image:height\" content=\"224\" \/>\n\t<meta property=\"og:image:type\" content=\"image\/jpeg\" \/>\n<meta name=\"twitter:card\" content=\"summary_large_image\" \/>\n<meta name=\"twitter:label1\" content=\"Predpokladan\u00fd \u010das \u010d\u00edtania\" \/>\n\t<meta name=\"twitter:data1\" content=\"1 min\u00fata\" \/>\n<script type=\"application\/ld+json\" class=\"yoast-schema-graph\">{\"@context\":\"https:\/\/schema.org\",\"@graph\":[{\"@type\":\"WebPage\",\"@id\":\"https:\/\/proventuss.eu\/sk\/produkt\/siderise-mi\/\",\"url\":\"https:\/\/proventuss.eu\/sk\/produkt\/siderise-mi\/\",\"name\":\"SIDERISE MI - Proventuss\",\"isPartOf\":{\"@id\":\"https:\/\/proventuss.eu\/#website\"},\"primaryImageOfPage\":{\"@id\":\"https:\/\/proventuss.eu\/sk\/produkt\/siderise-mi\/#primaryimage\"},\"image\":{\"@id\":\"https:\/\/proventuss.eu\/sk\/produkt\/siderise-mi\/#primaryimage\"},\"thumbnailUrl\":\"https:\/\/proventuss.eu\/wp-content\/uploads\/2022\/04\/Siderise-Mi-akustyczne.jpg\",\"datePublished\":\"2022-04-26T10:04:59+00:00\",\"dateModified\":\"2022-04-26T10:04:59+00:00\",\"breadcrumb\":{\"@id\":\"https:\/\/proventuss.eu\/sk\/produkt\/siderise-mi\/#breadcrumb\"},\"inLanguage\":\"sk-SK\",\"potentialAction\":[{\"@type\":\"ReadAction\",\"target\":[\"https:\/\/proventuss.eu\/sk\/produkt\/siderise-mi\/\"]}]},{\"@type\":\"ImageObject\",\"inLanguage\":\"sk-SK\",\"@id\":\"https:\/\/proventuss.eu\/sk\/produkt\/siderise-mi\/#primaryimage\",\"url\":\"https:\/\/proventuss.eu\/wp-content\/uploads\/2022\/04\/Siderise-Mi-akustyczne.jpg\",\"contentUrl\":\"https:\/\/proventuss.eu\/wp-content\/uploads\/2022\/04\/Siderise-Mi-akustyczne.jpg\",\"width\":224,\"height\":224},{\"@type\":\"BreadcrumbList\",\"@id\":\"https:\/\/proventuss.eu\/sk\/produkt\/siderise-mi\/#breadcrumb\",\"itemListElement\":[{\"@type\":\"ListItem\",\"position\":1,\"name\":\"Home\",\"item\":\"https:\/\/proventuss.eu\/\"},{\"@type\":\"ListItem\",\"position\":2,\"name\":\"Produkty\",\"item\":\"https:\/\/proventuss.eu\/produkty\/\"},{\"@type\":\"ListItem\",\"position\":3,\"name\":\"SIDERISE MI\"}]},{\"@type\":\"WebSite\",\"@id\":\"https:\/\/proventuss.eu\/#website\",\"url\":\"https:\/\/proventuss.eu\/\",\"name\":\"Proventuss\",\"description\":\"\",\"potentialAction\":[{\"@type\":\"SearchAction\",\"target\":{\"@type\":\"EntryPoint\",\"urlTemplate\":\"https:\/\/proventuss.eu\/?s={search_term_string}\"},\"query-input\":\"required name=search_term_string\"}],\"inLanguage\":\"sk-SK\"}]}<\/script>\n<!-- \/ Yoast SEO plugin. -->","yoast_head_json":{"title":"SIDERISE MI - Proventuss","robots":{"index":"index","follow":"follow","max-snippet":"max-snippet:-1","max-image-preview":"max-image-preview:large","max-video-preview":"max-video-preview:-1"},"canonical":"https:\/\/proventuss.eu\/sk\/produkt\/siderise-mi\/","og_locale":"sk_SK","og_type":"article","og_title":"SIDERISE MI - Proventuss","og_description":"SIDERISE v\u00fdplne st\u013apikov\/prie\u010dok zah\u0155\u0148a portf\u00f3lio \u0161pecializovan\u00fdch prvkov ur\u010den\u00fdch na zlep\u0161enie protihlukov\u00fdch izola\u010dn\u00fdch vlastnost\u00ed \u013eahk\u00fdch fas\u00e1d alebo zasklen\u00fdch pl\u00f4ch s dut\u00fdmi r\u00e1mami. V\u00ddHODY: \u2022 A\u017e 41 dB Rw \u201epriechodn\u00fd\u201c r\u00e1m na 50 mm st\u013apiku \u2022 Jednoduch\u00e1 in\u0161tal\u00e1cia \u2022 \u0160irok\u00e1 \u0161k\u00e1la z\u00e1kladn\u00fdch materi\u00e1lov \u2022 Rozmery a tvary na z\u00e1kazku Zatia\u013e \u010do v\u00fdplne m\u00f4\u017eu by\u0165 pou\u017eit\u00e9 na \u00fa\u010dely [&hellip;]","og_url":"https:\/\/proventuss.eu\/sk\/produkt\/siderise-mi\/","og_site_name":"Proventuss","og_image":[{"width":224,"height":224,"url":"https:\/\/proventuss.eu\/wp-content\/uploads\/2022\/04\/Siderise-Mi-akustyczne.jpg","type":"image\/jpeg"}],"twitter_card":"summary_large_image","twitter_misc":{"Predpokladan\u00fd \u010das \u010d\u00edtania":"1 min\u00fata"},"schema":{"@context":"https:\/\/schema.org","@graph":[{"@type":"WebPage","@id":"https:\/\/proventuss.eu\/sk\/produkt\/siderise-mi\/","url":"https:\/\/proventuss.eu\/sk\/produkt\/siderise-mi\/","name":"SIDERISE MI - Proventuss","isPartOf":{"@id":"https:\/\/proventuss.eu\/#website"},"primaryImageOfPage":{"@id":"https:\/\/proventuss.eu\/sk\/produkt\/siderise-mi\/#primaryimage"},"image":{"@id":"https:\/\/proventuss.eu\/sk\/produkt\/siderise-mi\/#primaryimage"},"thumbnailUrl":"https:\/\/proventuss.eu\/wp-content\/uploads\/2022\/04\/Siderise-Mi-akustyczne.jpg","datePublished":"2022-04-26T10:04:59+00:00","dateModified":"2022-04-26T10:04:59+00:00","breadcrumb":{"@id":"https:\/\/proventuss.eu\/sk\/produkt\/siderise-mi\/#breadcrumb"},"inLanguage":"sk-SK","potentialAction":[{"@type":"ReadAction","target":["https:\/\/proventuss.eu\/sk\/produkt\/siderise-mi\/"]}]},{"@type":"ImageObject","inLanguage":"sk-SK","@id":"https:\/\/proventuss.eu\/sk\/produkt\/siderise-mi\/#primaryimage","url":"https:\/\/proventuss.eu\/wp-content\/uploads\/2022\/04\/Siderise-Mi-akustyczne.jpg","contentUrl":"https:\/\/proventuss.eu\/wp-content\/uploads\/2022\/04\/Siderise-Mi-akustyczne.jpg","width":224,"height":224},{"@type":"BreadcrumbList","@id":"https:\/\/proventuss.eu\/sk\/produkt\/siderise-mi\/#breadcrumb","itemListElement":[{"@type":"ListItem","position":1,"name":"Home","item":"https:\/\/proventuss.eu\/"},{"@type":"ListItem","position":2,"name":"Produkty","item":"https:\/\/proventuss.eu\/produkty\/"},{"@type":"ListItem","position":3,"name":"SIDERISE MI"}]},{"@type":"WebSite","@id":"https:\/\/proventuss.eu\/#website","url":"https:\/\/proventuss.eu\/","name":"Proventuss","description":"","potentialAction":[{"@type":"SearchAction","target":{"@type":"EntryPoint","urlTemplate":"https:\/\/proventuss.eu\/?s={search_term_string}"},"query-input":"required name=search_term_string"}],"inLanguage":"sk-SK"}]}},"_links":{"self":[{"href":"https:\/\/proventuss.eu\/sk\/wp-json\/wp\/v2\/product\/8876"}],"collection":[{"href":"https:\/\/proventuss.eu\/sk\/wp-json\/wp\/v2\/product"}],"about":[{"href":"https:\/\/proventuss.eu\/sk\/wp-json\/wp\/v2\/types\/product"}],"replies":[{"embeddable":true,"href":"https:\/\/proventuss.eu\/sk\/wp-json\/wp\/v2\/comments?post=8876"}],"wp:featuredmedia":[{"embeddable":true,"href":"https:\/\/proventuss.eu\/sk\/wp-json\/wp\/v2\/media\/7386"}],"wp:attachment":[{"href":"https:\/\/proventuss.eu\/sk\/wp-json\/wp\/v2\/media?parent=8876"}],"wp:term":[{"taxonomy":"product_cat","embeddable":true,"href":"https:\/\/proventuss.eu\/sk\/wp-json\/wp\/v2\/product_cat?post=8876"},{"taxonomy":"product_tag","embeddable":true,"href":"https:\/\/proventuss.eu\/sk\/wp-json\/wp\/v2\/product_tag?post=8876"}],"curies":[{"name":"wp","href":"https:\/\/api.w.org\/{rel}","templated":true}]}}