{"id":8875,"date":"2022-04-26T09:55:42","date_gmt":"2022-04-26T09:55:42","guid":{"rendered":"https:\/\/proventuss.eu\/produkt\/siderise-osci\/"},"modified":"2022-04-26T09:55:42","modified_gmt":"2022-04-26T09:55:42","slug":"siderise-osci","status":"publish","type":"product","link":"https:\/\/proventuss.eu\/sk\/produkt\/siderise-osci\/","title":{"rendered":"SIDERISE OSCI"},"content":{"rendered":"<p>OSCI mo\u017eno pou\u017ei\u0165 horizont\u00e1lne alebo vertik\u00e1lne ako s\u00fa\u010das\u0165 obkladov\u00e9ho syst\u00e9mu, aplikovan\u00e9ho priamo na vn\u00fatorn\u00fd povrch kazetov\u00e9ho panelu, pre zjednodu\u0161enie in\u0161tal\u00e1cie a dokon\u010denie pri\u013eahl\u00fdch izol\u00e1ci\u00ed dut\u00edn a\/alebo zaistenie toho, aby ventila\u010dn\u00e9 medzery mali rozmery v r\u00e1mci pr\u00edpustn\u00fdch limitov.<\/p>\n<p><strong>V\u00ddHODY:<\/strong><br \/>\n\u2022 Testovan\u00e9 vo viacer\u00fdch syst\u00e9mov\u00fdch testoch BS 8414 a NFPA 285<br \/>\n\u2022 Mo\u017ee by\u0165 pou\u017eit\u00fd v kombin\u00e1ci\u00ed s bu\u010f RH25 alebo RH50 (horizont\u00e1lnymi) alebo RV (vertik\u00e1lnymi) izol\u00e1ciami dut\u00edn<br \/>\n\u2022 \u0160irok\u00e9 spektrum hr\u00fabok a \u0161\u00edrok na prisp\u00f4sobenie sa \u0161irokej \u0161k\u00e1le kazetov\u00fdch panelovov<br \/>\n\u2022 Klasifik\u00e1cia A2-s1, d0 pod\u013ea EN 13501-1.<\/p>\n<p>OSCI s\u00fa umiestnen\u00e9 rovnobe\u017ene a zarovnan\u00e9 na stred SIDERISE \u201eRH\u201c alebo \u201eRV\u201c izol\u00e1ci\u00ed dut\u00edn, pod\u013ea \u0161pecifik\u00e1cie mont\u00e1\u017ee obkladov\u00fdch syst\u00e9mov. Zvy\u010dajne je potreba uv\u00e1\u017ei\u0165 \u0161pecifik\u00e1ciu a konfigur\u00e1ciu obkladov\u00fdch panelov, umiestnenie podporn\u00fdch profilov alebo podobn\u00fdch oce\u013eov\u00fdch kon\u0161trukci\u00ed a\/alebo zavesenie alebo podopretie<br \/>\npanelov.<\/p>\n","protected":false},"excerpt":{"rendered":"<p>OSCI mo\u017eno pou\u017ei\u0165 horizont\u00e1lne alebo vertik\u00e1lne ako s\u00fa\u010das\u0165 obkladov\u00e9ho syst\u00e9mu, aplikovan\u00e9ho priamo na vn\u00fatorn\u00fd povrch kazetov\u00e9ho panelu, pre zjednodu\u0161enie in\u0161tal\u00e1cie a dokon\u010denie pri\u013eahl\u00fdch izol\u00e1ci\u00ed dut\u00edn a\/alebo zaistenie toho, aby ventila\u010dn\u00e9 medzery mali rozmery v r\u00e1mci pr\u00edpustn\u00fdch limitov. V\u00ddHODY: \u2022 Testovan\u00e9 vo viacer\u00fdch syst\u00e9mov\u00fdch testoch BS 8414 a NFPA 285 \u2022 Mo\u017ee by\u0165 pou\u017eit\u00fd v kombin\u00e1ci\u00ed [&hellip;]<\/p>\n","protected":false},"featured_media":7762,"comment_status":"open","ping_status":"closed","template":"","meta":{"_acf_changed":false},"product_cat":[387],"product_tag":[],"acf":[],"yoast_head":"<!-- This site is optimized with the Yoast SEO plugin v22.9 - https:\/\/yoast.com\/wordpress\/plugins\/seo\/ -->\n<title>SIDERISE OSCI - Proventuss<\/title>\n<meta name=\"robots\" content=\"index, follow, max-snippet:-1, max-image-preview:large, max-video-preview:-1\" \/>\n<link rel=\"canonical\" href=\"https:\/\/proventuss.eu\/sk\/produkt\/siderise-osci\/\" \/>\n<meta property=\"og:locale\" content=\"sk_SK\" \/>\n<meta property=\"og:type\" content=\"article\" \/>\n<meta property=\"og:title\" content=\"SIDERISE OSCI - Proventuss\" \/>\n<meta property=\"og:description\" content=\"OSCI mo\u017eno pou\u017ei\u0165 horizont\u00e1lne alebo vertik\u00e1lne ako s\u00fa\u010das\u0165 obkladov\u00e9ho syst\u00e9mu, aplikovan\u00e9ho priamo na vn\u00fatorn\u00fd povrch kazetov\u00e9ho panelu, pre zjednodu\u0161enie in\u0161tal\u00e1cie a dokon\u010denie pri\u013eahl\u00fdch izol\u00e1ci\u00ed dut\u00edn a\/alebo zaistenie toho, aby ventila\u010dn\u00e9 medzery mali rozmery v r\u00e1mci pr\u00edpustn\u00fdch limitov. V\u00ddHODY: \u2022 Testovan\u00e9 vo viacer\u00fdch syst\u00e9mov\u00fdch testoch BS 8414 a NFPA 285 \u2022 Mo\u017ee by\u0165 pou\u017eit\u00fd v kombin\u00e1ci\u00ed [&hellip;]\" \/>\n<meta property=\"og:url\" content=\"https:\/\/proventuss.eu\/sk\/produkt\/siderise-osci\/\" \/>\n<meta property=\"og:site_name\" content=\"Proventuss\" \/>\n<meta property=\"og:image\" content=\"https:\/\/proventuss.eu\/wp-content\/uploads\/2022\/04\/OSCI.jpg\" \/>\n\t<meta property=\"og:image:width\" content=\"756\" \/>\n\t<meta property=\"og:image:height\" content=\"756\" \/>\n\t<meta property=\"og:image:type\" content=\"image\/jpeg\" \/>\n<meta name=\"twitter:card\" content=\"summary_large_image\" \/>\n<meta name=\"twitter:label1\" content=\"Predpokladan\u00fd \u010das \u010d\u00edtania\" \/>\n\t<meta name=\"twitter:data1\" content=\"1 min\u00fata\" \/>\n<script type=\"application\/ld+json\" class=\"yoast-schema-graph\">{\"@context\":\"https:\/\/schema.org\",\"@graph\":[{\"@type\":\"WebPage\",\"@id\":\"https:\/\/proventuss.eu\/sk\/produkt\/siderise-osci\/\",\"url\":\"https:\/\/proventuss.eu\/sk\/produkt\/siderise-osci\/\",\"name\":\"SIDERISE OSCI - Proventuss\",\"isPartOf\":{\"@id\":\"https:\/\/proventuss.eu\/#website\"},\"primaryImageOfPage\":{\"@id\":\"https:\/\/proventuss.eu\/sk\/produkt\/siderise-osci\/#primaryimage\"},\"image\":{\"@id\":\"https:\/\/proventuss.eu\/sk\/produkt\/siderise-osci\/#primaryimage\"},\"thumbnailUrl\":\"https:\/\/proventuss.eu\/wp-content\/uploads\/2022\/04\/OSCI.jpg\",\"datePublished\":\"2022-04-26T09:55:42+00:00\",\"dateModified\":\"2022-04-26T09:55:42+00:00\",\"breadcrumb\":{\"@id\":\"https:\/\/proventuss.eu\/sk\/produkt\/siderise-osci\/#breadcrumb\"},\"inLanguage\":\"sk-SK\",\"potentialAction\":[{\"@type\":\"ReadAction\",\"target\":[\"https:\/\/proventuss.eu\/sk\/produkt\/siderise-osci\/\"]}]},{\"@type\":\"ImageObject\",\"inLanguage\":\"sk-SK\",\"@id\":\"https:\/\/proventuss.eu\/sk\/produkt\/siderise-osci\/#primaryimage\",\"url\":\"https:\/\/proventuss.eu\/wp-content\/uploads\/2022\/04\/OSCI.jpg\",\"contentUrl\":\"https:\/\/proventuss.eu\/wp-content\/uploads\/2022\/04\/OSCI.jpg\",\"width\":756,\"height\":756},{\"@type\":\"BreadcrumbList\",\"@id\":\"https:\/\/proventuss.eu\/sk\/produkt\/siderise-osci\/#breadcrumb\",\"itemListElement\":[{\"@type\":\"ListItem\",\"position\":1,\"name\":\"Home\",\"item\":\"https:\/\/proventuss.eu\/\"},{\"@type\":\"ListItem\",\"position\":2,\"name\":\"Produkty\",\"item\":\"https:\/\/proventuss.eu\/produkty\/\"},{\"@type\":\"ListItem\",\"position\":3,\"name\":\"SIDERISE OSCI\"}]},{\"@type\":\"WebSite\",\"@id\":\"https:\/\/proventuss.eu\/#website\",\"url\":\"https:\/\/proventuss.eu\/\",\"name\":\"Proventuss\",\"description\":\"\",\"potentialAction\":[{\"@type\":\"SearchAction\",\"target\":{\"@type\":\"EntryPoint\",\"urlTemplate\":\"https:\/\/proventuss.eu\/?s={search_term_string}\"},\"query-input\":\"required name=search_term_string\"}],\"inLanguage\":\"sk-SK\"}]}<\/script>\n<!-- \/ Yoast SEO plugin. -->","yoast_head_json":{"title":"SIDERISE OSCI - Proventuss","robots":{"index":"index","follow":"follow","max-snippet":"max-snippet:-1","max-image-preview":"max-image-preview:large","max-video-preview":"max-video-preview:-1"},"canonical":"https:\/\/proventuss.eu\/sk\/produkt\/siderise-osci\/","og_locale":"sk_SK","og_type":"article","og_title":"SIDERISE OSCI - Proventuss","og_description":"OSCI mo\u017eno pou\u017ei\u0165 horizont\u00e1lne alebo vertik\u00e1lne ako s\u00fa\u010das\u0165 obkladov\u00e9ho syst\u00e9mu, aplikovan\u00e9ho priamo na vn\u00fatorn\u00fd povrch kazetov\u00e9ho panelu, pre zjednodu\u0161enie in\u0161tal\u00e1cie a dokon\u010denie pri\u013eahl\u00fdch izol\u00e1ci\u00ed dut\u00edn a\/alebo zaistenie toho, aby ventila\u010dn\u00e9 medzery mali rozmery v r\u00e1mci pr\u00edpustn\u00fdch limitov. V\u00ddHODY: \u2022 Testovan\u00e9 vo viacer\u00fdch syst\u00e9mov\u00fdch testoch BS 8414 a NFPA 285 \u2022 Mo\u017ee by\u0165 pou\u017eit\u00fd v kombin\u00e1ci\u00ed [&hellip;]","og_url":"https:\/\/proventuss.eu\/sk\/produkt\/siderise-osci\/","og_site_name":"Proventuss","og_image":[{"width":756,"height":756,"url":"https:\/\/proventuss.eu\/wp-content\/uploads\/2022\/04\/OSCI.jpg","type":"image\/jpeg"}],"twitter_card":"summary_large_image","twitter_misc":{"Predpokladan\u00fd \u010das \u010d\u00edtania":"1 min\u00fata"},"schema":{"@context":"https:\/\/schema.org","@graph":[{"@type":"WebPage","@id":"https:\/\/proventuss.eu\/sk\/produkt\/siderise-osci\/","url":"https:\/\/proventuss.eu\/sk\/produkt\/siderise-osci\/","name":"SIDERISE OSCI - Proventuss","isPartOf":{"@id":"https:\/\/proventuss.eu\/#website"},"primaryImageOfPage":{"@id":"https:\/\/proventuss.eu\/sk\/produkt\/siderise-osci\/#primaryimage"},"image":{"@id":"https:\/\/proventuss.eu\/sk\/produkt\/siderise-osci\/#primaryimage"},"thumbnailUrl":"https:\/\/proventuss.eu\/wp-content\/uploads\/2022\/04\/OSCI.jpg","datePublished":"2022-04-26T09:55:42+00:00","dateModified":"2022-04-26T09:55:42+00:00","breadcrumb":{"@id":"https:\/\/proventuss.eu\/sk\/produkt\/siderise-osci\/#breadcrumb"},"inLanguage":"sk-SK","potentialAction":[{"@type":"ReadAction","target":["https:\/\/proventuss.eu\/sk\/produkt\/siderise-osci\/"]}]},{"@type":"ImageObject","inLanguage":"sk-SK","@id":"https:\/\/proventuss.eu\/sk\/produkt\/siderise-osci\/#primaryimage","url":"https:\/\/proventuss.eu\/wp-content\/uploads\/2022\/04\/OSCI.jpg","contentUrl":"https:\/\/proventuss.eu\/wp-content\/uploads\/2022\/04\/OSCI.jpg","width":756,"height":756},{"@type":"BreadcrumbList","@id":"https:\/\/proventuss.eu\/sk\/produkt\/siderise-osci\/#breadcrumb","itemListElement":[{"@type":"ListItem","position":1,"name":"Home","item":"https:\/\/proventuss.eu\/"},{"@type":"ListItem","position":2,"name":"Produkty","item":"https:\/\/proventuss.eu\/produkty\/"},{"@type":"ListItem","position":3,"name":"SIDERISE OSCI"}]},{"@type":"WebSite","@id":"https:\/\/proventuss.eu\/#website","url":"https:\/\/proventuss.eu\/","name":"Proventuss","description":"","potentialAction":[{"@type":"SearchAction","target":{"@type":"EntryPoint","urlTemplate":"https:\/\/proventuss.eu\/?s={search_term_string}"},"query-input":"required name=search_term_string"}],"inLanguage":"sk-SK"}]}},"_links":{"self":[{"href":"https:\/\/proventuss.eu\/sk\/wp-json\/wp\/v2\/product\/8875"}],"collection":[{"href":"https:\/\/proventuss.eu\/sk\/wp-json\/wp\/v2\/product"}],"about":[{"href":"https:\/\/proventuss.eu\/sk\/wp-json\/wp\/v2\/types\/product"}],"replies":[{"embeddable":true,"href":"https:\/\/proventuss.eu\/sk\/wp-json\/wp\/v2\/comments?post=8875"}],"wp:featuredmedia":[{"embeddable":true,"href":"https:\/\/proventuss.eu\/sk\/wp-json\/wp\/v2\/media\/7762"}],"wp:attachment":[{"href":"https:\/\/proventuss.eu\/sk\/wp-json\/wp\/v2\/media?parent=8875"}],"wp:term":[{"taxonomy":"product_cat","embeddable":true,"href":"https:\/\/proventuss.eu\/sk\/wp-json\/wp\/v2\/product_cat?post=8875"},{"taxonomy":"product_tag","embeddable":true,"href":"https:\/\/proventuss.eu\/sk\/wp-json\/wp\/v2\/product_tag?post=8875"}],"curies":[{"name":"wp","href":"https:\/\/api.w.org\/{rel}","templated":true}]}}