{"id":8874,"date":"2022-04-26T09:54:26","date_gmt":"2022-04-26T09:54:26","guid":{"rendered":"https:\/\/proventuss.eu\/produkt\/siderise-rh\/"},"modified":"2022-04-26T09:54:26","modified_gmt":"2022-04-26T09:54:26","slug":"siderise-rh","status":"publish","type":"product","link":"https:\/\/proventuss.eu\/sk\/produkt\/siderise-rh\/","title":{"rendered":"SIDERISE RH"},"content":{"rendered":"<p>SIDERISE RH\/RV syst\u00e9m izol\u00e1cie dut\u00edn predstavuje z\u00e1kladn\u00fd v\u00fdber re \u0161pi\u010dkov\u00e9, n\u00e1ro\u010dn\u00e9 aplik\u00e1cie \u201eIzol\u00e1cie dut\u00edn obkladan\u00fdch obvodov\u00fdch pl\u00e1\u0161\u0165ov\u201c. Umo\u017e\u0148uje nepretr\u017eit\u00e9 vetranie a odvodnenie za obkladmi.<\/p>\n<p><strong>V\u00ddHODY:<\/strong><br \/>\n\u2022 Po\u017eiarna odolnos\u0165 a\u017e 120 min\u00fat<br \/>\n\u2022 Testovan\u00e9 pod\u013ea ASFP \u201eSk\u00fa\u0161ka po\u017eiarnej odolnosti dutinov\u00fdch bari\u00e9r v otvorenom stave\u201c s vyu\u017eit\u00edm BS EN 1363-1 a princ\u00edpov BS EN 1366-4<br \/>\n\u2022 Vhodn\u00e9 pre horizont\u00e1lne (otvoren\u00e1 dutina) aplik\u00e1cie<br \/>\n\u2022 Schv\u00e1len\u00e9 tre\u0165ou stranou<br \/>\n\u2022 V\u0161etky horizont\u00e1lne dutinov\u00e9 bari\u00e9ry s\u00fa farebne ozna\u010den\u00e9 pre \u013eahk\u00fa identifik\u00e1ciu.<\/p>\n<p>Obsahuje s\u00favisl\u00fd napu\u010diavac\u00ed p\u00e1sik k predn\u00e9mu okraju a zapuzdren\u00fd v polym\u00e9rnom filme odolnom vo\u010di poveternostn\u00fdm vplyvom. V pr\u00edpade vystavenia oh\u0148u sa roz\u0161\u00edri a \u00faplne utesn\u00ed navrhnut\u00e1 ventila\u010dn\u00e1 medzera vytvoren\u00e1 v \u010dase in\u0161tal\u00e1cie medzi bari\u00e9rou a zadnou \u010das\u0165ou opl\u00e1\u0161tenia v s\u00falade s pokynmi CWCT a NHBC pre vzduchov\u00e9 medzery do 50 mm. Sortiment dutinov\u00fdch bari\u00e9r je farebne odl\u00ed\u0161en\u00fd pre \u013eahk\u00fa identifik\u00e1ciu. SIDERISE\u00ae RH s\u00fa prv\u00e9 dutinov\u00e9 bari\u00e9ry s certifik\u00e1ciou ewcl5 pre otvoren\u00e9 fas\u00e1dy typu \u201eda\u017e\u010fov\u00e1 ochrana\u201c.<\/p>\n","protected":false},"excerpt":{"rendered":"<p>SIDERISE RH\/RV syst\u00e9m izol\u00e1cie dut\u00edn predstavuje z\u00e1kladn\u00fd v\u00fdber re \u0161pi\u010dkov\u00e9, n\u00e1ro\u010dn\u00e9 aplik\u00e1cie \u201eIzol\u00e1cie dut\u00edn obkladan\u00fdch obvodov\u00fdch pl\u00e1\u0161\u0165ov\u201c. Umo\u017e\u0148uje nepretr\u017eit\u00e9 vetranie a odvodnenie za obkladmi. V\u00ddHODY: \u2022 Po\u017eiarna odolnos\u0165 a\u017e 120 min\u00fat \u2022 Testovan\u00e9 pod\u013ea ASFP \u201eSk\u00fa\u0161ka po\u017eiarnej odolnosti dutinov\u00fdch bari\u00e9r v otvorenom stave\u201c s vyu\u017eit\u00edm BS EN 1363-1 a princ\u00edpov BS EN 1366-4 \u2022 Vhodn\u00e9 [&hellip;]<\/p>\n","protected":false},"featured_media":7763,"comment_status":"open","ping_status":"closed","template":"","meta":{"_acf_changed":false},"product_cat":[387],"product_tag":[],"acf":[],"yoast_head":"<!-- This site is optimized with the Yoast SEO plugin v22.9 - https:\/\/yoast.com\/wordpress\/plugins\/seo\/ -->\n<title>SIDERISE RH - Proventuss<\/title>\n<meta name=\"robots\" content=\"index, follow, max-snippet:-1, max-image-preview:large, max-video-preview:-1\" \/>\n<link rel=\"canonical\" href=\"https:\/\/proventuss.eu\/sk\/produkt\/siderise-rh\/\" \/>\n<meta property=\"og:locale\" content=\"sk_SK\" \/>\n<meta property=\"og:type\" content=\"article\" \/>\n<meta property=\"og:title\" content=\"SIDERISE RH - Proventuss\" \/>\n<meta property=\"og:description\" content=\"SIDERISE RH\/RV syst\u00e9m izol\u00e1cie dut\u00edn predstavuje z\u00e1kladn\u00fd v\u00fdber re \u0161pi\u010dkov\u00e9, n\u00e1ro\u010dn\u00e9 aplik\u00e1cie \u201eIzol\u00e1cie dut\u00edn obkladan\u00fdch obvodov\u00fdch pl\u00e1\u0161\u0165ov\u201c. Umo\u017e\u0148uje nepretr\u017eit\u00e9 vetranie a odvodnenie za obkladmi. V\u00ddHODY: \u2022 Po\u017eiarna odolnos\u0165 a\u017e 120 min\u00fat \u2022 Testovan\u00e9 pod\u013ea ASFP \u201eSk\u00fa\u0161ka po\u017eiarnej odolnosti dutinov\u00fdch bari\u00e9r v otvorenom stave\u201c s vyu\u017eit\u00edm BS EN 1363-1 a princ\u00edpov BS EN 1366-4 \u2022 Vhodn\u00e9 [&hellip;]\" \/>\n<meta property=\"og:url\" content=\"https:\/\/proventuss.eu\/sk\/produkt\/siderise-rh\/\" \/>\n<meta property=\"og:site_name\" content=\"Proventuss\" \/>\n<meta property=\"og:image\" content=\"https:\/\/proventuss.eu\/wp-content\/uploads\/2022\/04\/RH.jpg\" \/>\n\t<meta property=\"og:image:width\" content=\"756\" \/>\n\t<meta property=\"og:image:height\" content=\"756\" \/>\n\t<meta property=\"og:image:type\" content=\"image\/jpeg\" \/>\n<meta name=\"twitter:card\" content=\"summary_large_image\" \/>\n<meta name=\"twitter:label1\" content=\"Predpokladan\u00fd \u010das \u010d\u00edtania\" \/>\n\t<meta name=\"twitter:data1\" content=\"1 min\u00fata\" \/>\n<script type=\"application\/ld+json\" class=\"yoast-schema-graph\">{\"@context\":\"https:\/\/schema.org\",\"@graph\":[{\"@type\":\"WebPage\",\"@id\":\"https:\/\/proventuss.eu\/sk\/produkt\/siderise-rh\/\",\"url\":\"https:\/\/proventuss.eu\/sk\/produkt\/siderise-rh\/\",\"name\":\"SIDERISE RH - Proventuss\",\"isPartOf\":{\"@id\":\"https:\/\/proventuss.eu\/#website\"},\"primaryImageOfPage\":{\"@id\":\"https:\/\/proventuss.eu\/sk\/produkt\/siderise-rh\/#primaryimage\"},\"image\":{\"@id\":\"https:\/\/proventuss.eu\/sk\/produkt\/siderise-rh\/#primaryimage\"},\"thumbnailUrl\":\"https:\/\/proventuss.eu\/wp-content\/uploads\/2022\/04\/RH.jpg\",\"datePublished\":\"2022-04-26T09:54:26+00:00\",\"dateModified\":\"2022-04-26T09:54:26+00:00\",\"breadcrumb\":{\"@id\":\"https:\/\/proventuss.eu\/sk\/produkt\/siderise-rh\/#breadcrumb\"},\"inLanguage\":\"sk-SK\",\"potentialAction\":[{\"@type\":\"ReadAction\",\"target\":[\"https:\/\/proventuss.eu\/sk\/produkt\/siderise-rh\/\"]}]},{\"@type\":\"ImageObject\",\"inLanguage\":\"sk-SK\",\"@id\":\"https:\/\/proventuss.eu\/sk\/produkt\/siderise-rh\/#primaryimage\",\"url\":\"https:\/\/proventuss.eu\/wp-content\/uploads\/2022\/04\/RH.jpg\",\"contentUrl\":\"https:\/\/proventuss.eu\/wp-content\/uploads\/2022\/04\/RH.jpg\",\"width\":756,\"height\":756},{\"@type\":\"BreadcrumbList\",\"@id\":\"https:\/\/proventuss.eu\/sk\/produkt\/siderise-rh\/#breadcrumb\",\"itemListElement\":[{\"@type\":\"ListItem\",\"position\":1,\"name\":\"Home\",\"item\":\"https:\/\/proventuss.eu\/\"},{\"@type\":\"ListItem\",\"position\":2,\"name\":\"Produkty\",\"item\":\"https:\/\/proventuss.eu\/produkty\/\"},{\"@type\":\"ListItem\",\"position\":3,\"name\":\"SIDERISE RH\"}]},{\"@type\":\"WebSite\",\"@id\":\"https:\/\/proventuss.eu\/#website\",\"url\":\"https:\/\/proventuss.eu\/\",\"name\":\"Proventuss\",\"description\":\"\",\"potentialAction\":[{\"@type\":\"SearchAction\",\"target\":{\"@type\":\"EntryPoint\",\"urlTemplate\":\"https:\/\/proventuss.eu\/?s={search_term_string}\"},\"query-input\":\"required name=search_term_string\"}],\"inLanguage\":\"sk-SK\"}]}<\/script>\n<!-- \/ Yoast SEO plugin. -->","yoast_head_json":{"title":"SIDERISE RH - Proventuss","robots":{"index":"index","follow":"follow","max-snippet":"max-snippet:-1","max-image-preview":"max-image-preview:large","max-video-preview":"max-video-preview:-1"},"canonical":"https:\/\/proventuss.eu\/sk\/produkt\/siderise-rh\/","og_locale":"sk_SK","og_type":"article","og_title":"SIDERISE RH - Proventuss","og_description":"SIDERISE RH\/RV syst\u00e9m izol\u00e1cie dut\u00edn predstavuje z\u00e1kladn\u00fd v\u00fdber re \u0161pi\u010dkov\u00e9, n\u00e1ro\u010dn\u00e9 aplik\u00e1cie \u201eIzol\u00e1cie dut\u00edn obkladan\u00fdch obvodov\u00fdch pl\u00e1\u0161\u0165ov\u201c. Umo\u017e\u0148uje nepretr\u017eit\u00e9 vetranie a odvodnenie za obkladmi. V\u00ddHODY: \u2022 Po\u017eiarna odolnos\u0165 a\u017e 120 min\u00fat \u2022 Testovan\u00e9 pod\u013ea ASFP \u201eSk\u00fa\u0161ka po\u017eiarnej odolnosti dutinov\u00fdch bari\u00e9r v otvorenom stave\u201c s vyu\u017eit\u00edm BS EN 1363-1 a princ\u00edpov BS EN 1366-4 \u2022 Vhodn\u00e9 [&hellip;]","og_url":"https:\/\/proventuss.eu\/sk\/produkt\/siderise-rh\/","og_site_name":"Proventuss","og_image":[{"width":756,"height":756,"url":"https:\/\/proventuss.eu\/wp-content\/uploads\/2022\/04\/RH.jpg","type":"image\/jpeg"}],"twitter_card":"summary_large_image","twitter_misc":{"Predpokladan\u00fd \u010das \u010d\u00edtania":"1 min\u00fata"},"schema":{"@context":"https:\/\/schema.org","@graph":[{"@type":"WebPage","@id":"https:\/\/proventuss.eu\/sk\/produkt\/siderise-rh\/","url":"https:\/\/proventuss.eu\/sk\/produkt\/siderise-rh\/","name":"SIDERISE RH - Proventuss","isPartOf":{"@id":"https:\/\/proventuss.eu\/#website"},"primaryImageOfPage":{"@id":"https:\/\/proventuss.eu\/sk\/produkt\/siderise-rh\/#primaryimage"},"image":{"@id":"https:\/\/proventuss.eu\/sk\/produkt\/siderise-rh\/#primaryimage"},"thumbnailUrl":"https:\/\/proventuss.eu\/wp-content\/uploads\/2022\/04\/RH.jpg","datePublished":"2022-04-26T09:54:26+00:00","dateModified":"2022-04-26T09:54:26+00:00","breadcrumb":{"@id":"https:\/\/proventuss.eu\/sk\/produkt\/siderise-rh\/#breadcrumb"},"inLanguage":"sk-SK","potentialAction":[{"@type":"ReadAction","target":["https:\/\/proventuss.eu\/sk\/produkt\/siderise-rh\/"]}]},{"@type":"ImageObject","inLanguage":"sk-SK","@id":"https:\/\/proventuss.eu\/sk\/produkt\/siderise-rh\/#primaryimage","url":"https:\/\/proventuss.eu\/wp-content\/uploads\/2022\/04\/RH.jpg","contentUrl":"https:\/\/proventuss.eu\/wp-content\/uploads\/2022\/04\/RH.jpg","width":756,"height":756},{"@type":"BreadcrumbList","@id":"https:\/\/proventuss.eu\/sk\/produkt\/siderise-rh\/#breadcrumb","itemListElement":[{"@type":"ListItem","position":1,"name":"Home","item":"https:\/\/proventuss.eu\/"},{"@type":"ListItem","position":2,"name":"Produkty","item":"https:\/\/proventuss.eu\/produkty\/"},{"@type":"ListItem","position":3,"name":"SIDERISE RH"}]},{"@type":"WebSite","@id":"https:\/\/proventuss.eu\/#website","url":"https:\/\/proventuss.eu\/","name":"Proventuss","description":"","potentialAction":[{"@type":"SearchAction","target":{"@type":"EntryPoint","urlTemplate":"https:\/\/proventuss.eu\/?s={search_term_string}"},"query-input":"required name=search_term_string"}],"inLanguage":"sk-SK"}]}},"_links":{"self":[{"href":"https:\/\/proventuss.eu\/sk\/wp-json\/wp\/v2\/product\/8874"}],"collection":[{"href":"https:\/\/proventuss.eu\/sk\/wp-json\/wp\/v2\/product"}],"about":[{"href":"https:\/\/proventuss.eu\/sk\/wp-json\/wp\/v2\/types\/product"}],"replies":[{"embeddable":true,"href":"https:\/\/proventuss.eu\/sk\/wp-json\/wp\/v2\/comments?post=8874"}],"wp:featuredmedia":[{"embeddable":true,"href":"https:\/\/proventuss.eu\/sk\/wp-json\/wp\/v2\/media\/7763"}],"wp:attachment":[{"href":"https:\/\/proventuss.eu\/sk\/wp-json\/wp\/v2\/media?parent=8874"}],"wp:term":[{"taxonomy":"product_cat","embeddable":true,"href":"https:\/\/proventuss.eu\/sk\/wp-json\/wp\/v2\/product_cat?post=8874"},{"taxonomy":"product_tag","embeddable":true,"href":"https:\/\/proventuss.eu\/sk\/wp-json\/wp\/v2\/product_tag?post=8874"}],"curies":[{"name":"wp","href":"https:\/\/api.w.org\/{rel}","templated":true}]}}