{"id":8873,"date":"2022-04-26T09:52:19","date_gmt":"2022-04-26T09:52:19","guid":{"rendered":"https:\/\/proventuss.eu\/produkt\/siderise-rv\/"},"modified":"2022-04-26T09:52:19","modified_gmt":"2022-04-26T09:52:19","slug":"siderise-rv","status":"publish","type":"product","link":"https:\/\/proventuss.eu\/sk\/produkt\/siderise-rv\/","title":{"rendered":"SIDERISE RV"},"content":{"rendered":"<p>Pou\u017e\u00edva sa v obvodov\u00fdch pl\u00e1\u0161toch budov pre zaistenie vo\u013en\u00e9ho odtoku vody, pri\u010dom zachov\u00e1va vo\u013en\u00e9 pr\u00fadenie vzduchu a poskytuje \u00fa\u010dinn\u00e9 utesnenie hor\u00faceho dymu a oh\u0148a.<\/p>\n<p><strong>V\u00ddHODY:<\/strong><br \/>\n\u2022 Umo\u017e\u0148uje priebe\u017en\u00fa ventil\u00e1ciu a odtok vody za obkladmi<br \/>\n\u2022 A\u017e 120 min\u00fat po\u017eiarnej odolnosti<br \/>\n\u2022 Testovan\u00e9 pod\u013ea ASFP \u201eTest po\u017eiarnej odolnosti ochrany ovoren\u00fdch dut\u00edn\u201c za pou\u017eitia BS EN 1363-1 a pravidiel BS EN 1366-4<br \/>\n\u2022 Vhodn\u00e9 pre vertik\u00e1lne (pln\u00e9 tesnenie) aplik\u00e1cie<br \/>\n\u2022 Schv\u00e1len\u00e9 tre\u0165ou stranou<\/p>\n<p>Vertik\u00e1lne dutinov\u00e9 bari\u00e9ry SIDERISE RV sa pou\u017e\u00edvaj\u00fa na \u00fapln\u00e9 vyplnenie medzier medzi vonkaj\u0161\u00edm pl\u00e1\u0161\u0165om a vn\u00fatornou kon\u0161trukciou. Kon\u0161trukcia pon\u00faka vynikaj\u00facu odolnos\u0165 vo\u010di prechodu dymu aj oh\u0148a. Okrem toho, \u00fapln\u00fdm utesnen\u00edm pr\u00e1zdneho priestoru pom\u00e1haj\u00fa vetran\u00fdm fas\u00e1dam fungova\u0165 t\u00fdm, \u017ee udr\u017eiavaj\u00fa oddelenie stla\u010den\u00e9ho vzduchu. D\u00f4le\u017eit\u00e9 je, \u017ee ich jedine\u010dn\u00e1 kon\u0161trukcia jadra<br \/>\nz lamiel z kamennej vlny umo\u017e\u0148uje zvisl\u00fdm bari\u00e9ram prisp\u00f4sobi\u0165 sa pohybu pri prev\u00e1dzke, ktor\u00fd je be\u017ene spojen\u00fd s fas\u00e1dami proti da\u017e\u010fu. SIDERISE\u00ae RV s\u00fa prv\u00e9 dutinov\u00e9 bari\u00e9ry s certifik\u00e1ciou ewcl5 pre otvoren\u00e9 fas\u00e1dy typu \u201eda\u017e\u010fov\u00e1 ochrana.<\/p>\n","protected":false},"excerpt":{"rendered":"<p>Pou\u017e\u00edva sa v obvodov\u00fdch pl\u00e1\u0161toch budov pre zaistenie vo\u013en\u00e9ho odtoku vody, pri\u010dom zachov\u00e1va vo\u013en\u00e9 pr\u00fadenie vzduchu a poskytuje \u00fa\u010dinn\u00e9 utesnenie hor\u00faceho dymu a oh\u0148a. V\u00ddHODY: \u2022 Umo\u017e\u0148uje priebe\u017en\u00fa ventil\u00e1ciu a odtok vody za obkladmi \u2022 A\u017e 120 min\u00fat po\u017eiarnej odolnosti \u2022 Testovan\u00e9 pod\u013ea ASFP \u201eTest po\u017eiarnej odolnosti ochrany ovoren\u00fdch dut\u00edn\u201c za pou\u017eitia BS EN 1363-1 [&hellip;]<\/p>\n","protected":false},"featured_media":7764,"comment_status":"open","ping_status":"closed","template":"","meta":{"_acf_changed":false},"product_cat":[387],"product_tag":[],"acf":[],"yoast_head":"<!-- This site is optimized with the Yoast SEO plugin v22.9 - https:\/\/yoast.com\/wordpress\/plugins\/seo\/ -->\n<title>SIDERISE RV - Proventuss<\/title>\n<meta name=\"robots\" content=\"index, follow, max-snippet:-1, max-image-preview:large, max-video-preview:-1\" \/>\n<link rel=\"canonical\" href=\"https:\/\/proventuss.eu\/sk\/produkt\/siderise-rv\/\" \/>\n<meta property=\"og:locale\" content=\"sk_SK\" \/>\n<meta property=\"og:type\" content=\"article\" \/>\n<meta property=\"og:title\" content=\"SIDERISE RV - Proventuss\" \/>\n<meta property=\"og:description\" content=\"Pou\u017e\u00edva sa v obvodov\u00fdch pl\u00e1\u0161toch budov pre zaistenie vo\u013en\u00e9ho odtoku vody, pri\u010dom zachov\u00e1va vo\u013en\u00e9 pr\u00fadenie vzduchu a poskytuje \u00fa\u010dinn\u00e9 utesnenie hor\u00faceho dymu a oh\u0148a. V\u00ddHODY: \u2022 Umo\u017e\u0148uje priebe\u017en\u00fa ventil\u00e1ciu a odtok vody za obkladmi \u2022 A\u017e 120 min\u00fat po\u017eiarnej odolnosti \u2022 Testovan\u00e9 pod\u013ea ASFP \u201eTest po\u017eiarnej odolnosti ochrany ovoren\u00fdch dut\u00edn\u201c za pou\u017eitia BS EN 1363-1 [&hellip;]\" \/>\n<meta property=\"og:url\" content=\"https:\/\/proventuss.eu\/sk\/produkt\/siderise-rv\/\" \/>\n<meta property=\"og:site_name\" content=\"Proventuss\" \/>\n<meta property=\"og:image\" content=\"https:\/\/proventuss.eu\/wp-content\/uploads\/2022\/04\/RV.jpg\" \/>\n\t<meta property=\"og:image:width\" content=\"756\" \/>\n\t<meta property=\"og:image:height\" content=\"756\" \/>\n\t<meta property=\"og:image:type\" content=\"image\/jpeg\" \/>\n<meta name=\"twitter:card\" content=\"summary_large_image\" \/>\n<meta name=\"twitter:label1\" content=\"Predpokladan\u00fd \u010das \u010d\u00edtania\" \/>\n\t<meta name=\"twitter:data1\" content=\"1 min\u00fata\" \/>\n<script type=\"application\/ld+json\" class=\"yoast-schema-graph\">{\"@context\":\"https:\/\/schema.org\",\"@graph\":[{\"@type\":\"WebPage\",\"@id\":\"https:\/\/proventuss.eu\/sk\/produkt\/siderise-rv\/\",\"url\":\"https:\/\/proventuss.eu\/sk\/produkt\/siderise-rv\/\",\"name\":\"SIDERISE RV - Proventuss\",\"isPartOf\":{\"@id\":\"https:\/\/proventuss.eu\/#website\"},\"primaryImageOfPage\":{\"@id\":\"https:\/\/proventuss.eu\/sk\/produkt\/siderise-rv\/#primaryimage\"},\"image\":{\"@id\":\"https:\/\/proventuss.eu\/sk\/produkt\/siderise-rv\/#primaryimage\"},\"thumbnailUrl\":\"https:\/\/proventuss.eu\/wp-content\/uploads\/2022\/04\/RV.jpg\",\"datePublished\":\"2022-04-26T09:52:19+00:00\",\"dateModified\":\"2022-04-26T09:52:19+00:00\",\"breadcrumb\":{\"@id\":\"https:\/\/proventuss.eu\/sk\/produkt\/siderise-rv\/#breadcrumb\"},\"inLanguage\":\"sk-SK\",\"potentialAction\":[{\"@type\":\"ReadAction\",\"target\":[\"https:\/\/proventuss.eu\/sk\/produkt\/siderise-rv\/\"]}]},{\"@type\":\"ImageObject\",\"inLanguage\":\"sk-SK\",\"@id\":\"https:\/\/proventuss.eu\/sk\/produkt\/siderise-rv\/#primaryimage\",\"url\":\"https:\/\/proventuss.eu\/wp-content\/uploads\/2022\/04\/RV.jpg\",\"contentUrl\":\"https:\/\/proventuss.eu\/wp-content\/uploads\/2022\/04\/RV.jpg\",\"width\":756,\"height\":756},{\"@type\":\"BreadcrumbList\",\"@id\":\"https:\/\/proventuss.eu\/sk\/produkt\/siderise-rv\/#breadcrumb\",\"itemListElement\":[{\"@type\":\"ListItem\",\"position\":1,\"name\":\"Home\",\"item\":\"https:\/\/proventuss.eu\/\"},{\"@type\":\"ListItem\",\"position\":2,\"name\":\"Produkty\",\"item\":\"https:\/\/proventuss.eu\/produkty\/\"},{\"@type\":\"ListItem\",\"position\":3,\"name\":\"SIDERISE RV\"}]},{\"@type\":\"WebSite\",\"@id\":\"https:\/\/proventuss.eu\/#website\",\"url\":\"https:\/\/proventuss.eu\/\",\"name\":\"Proventuss\",\"description\":\"\",\"potentialAction\":[{\"@type\":\"SearchAction\",\"target\":{\"@type\":\"EntryPoint\",\"urlTemplate\":\"https:\/\/proventuss.eu\/?s={search_term_string}\"},\"query-input\":\"required name=search_term_string\"}],\"inLanguage\":\"sk-SK\"}]}<\/script>\n<!-- \/ Yoast SEO plugin. -->","yoast_head_json":{"title":"SIDERISE RV - Proventuss","robots":{"index":"index","follow":"follow","max-snippet":"max-snippet:-1","max-image-preview":"max-image-preview:large","max-video-preview":"max-video-preview:-1"},"canonical":"https:\/\/proventuss.eu\/sk\/produkt\/siderise-rv\/","og_locale":"sk_SK","og_type":"article","og_title":"SIDERISE RV - Proventuss","og_description":"Pou\u017e\u00edva sa v obvodov\u00fdch pl\u00e1\u0161toch budov pre zaistenie vo\u013en\u00e9ho odtoku vody, pri\u010dom zachov\u00e1va vo\u013en\u00e9 pr\u00fadenie vzduchu a poskytuje \u00fa\u010dinn\u00e9 utesnenie hor\u00faceho dymu a oh\u0148a. V\u00ddHODY: \u2022 Umo\u017e\u0148uje priebe\u017en\u00fa ventil\u00e1ciu a odtok vody za obkladmi \u2022 A\u017e 120 min\u00fat po\u017eiarnej odolnosti \u2022 Testovan\u00e9 pod\u013ea ASFP \u201eTest po\u017eiarnej odolnosti ochrany ovoren\u00fdch dut\u00edn\u201c za pou\u017eitia BS EN 1363-1 [&hellip;]","og_url":"https:\/\/proventuss.eu\/sk\/produkt\/siderise-rv\/","og_site_name":"Proventuss","og_image":[{"width":756,"height":756,"url":"https:\/\/proventuss.eu\/wp-content\/uploads\/2022\/04\/RV.jpg","type":"image\/jpeg"}],"twitter_card":"summary_large_image","twitter_misc":{"Predpokladan\u00fd \u010das \u010d\u00edtania":"1 min\u00fata"},"schema":{"@context":"https:\/\/schema.org","@graph":[{"@type":"WebPage","@id":"https:\/\/proventuss.eu\/sk\/produkt\/siderise-rv\/","url":"https:\/\/proventuss.eu\/sk\/produkt\/siderise-rv\/","name":"SIDERISE RV - Proventuss","isPartOf":{"@id":"https:\/\/proventuss.eu\/#website"},"primaryImageOfPage":{"@id":"https:\/\/proventuss.eu\/sk\/produkt\/siderise-rv\/#primaryimage"},"image":{"@id":"https:\/\/proventuss.eu\/sk\/produkt\/siderise-rv\/#primaryimage"},"thumbnailUrl":"https:\/\/proventuss.eu\/wp-content\/uploads\/2022\/04\/RV.jpg","datePublished":"2022-04-26T09:52:19+00:00","dateModified":"2022-04-26T09:52:19+00:00","breadcrumb":{"@id":"https:\/\/proventuss.eu\/sk\/produkt\/siderise-rv\/#breadcrumb"},"inLanguage":"sk-SK","potentialAction":[{"@type":"ReadAction","target":["https:\/\/proventuss.eu\/sk\/produkt\/siderise-rv\/"]}]},{"@type":"ImageObject","inLanguage":"sk-SK","@id":"https:\/\/proventuss.eu\/sk\/produkt\/siderise-rv\/#primaryimage","url":"https:\/\/proventuss.eu\/wp-content\/uploads\/2022\/04\/RV.jpg","contentUrl":"https:\/\/proventuss.eu\/wp-content\/uploads\/2022\/04\/RV.jpg","width":756,"height":756},{"@type":"BreadcrumbList","@id":"https:\/\/proventuss.eu\/sk\/produkt\/siderise-rv\/#breadcrumb","itemListElement":[{"@type":"ListItem","position":1,"name":"Home","item":"https:\/\/proventuss.eu\/"},{"@type":"ListItem","position":2,"name":"Produkty","item":"https:\/\/proventuss.eu\/produkty\/"},{"@type":"ListItem","position":3,"name":"SIDERISE RV"}]},{"@type":"WebSite","@id":"https:\/\/proventuss.eu\/#website","url":"https:\/\/proventuss.eu\/","name":"Proventuss","description":"","potentialAction":[{"@type":"SearchAction","target":{"@type":"EntryPoint","urlTemplate":"https:\/\/proventuss.eu\/?s={search_term_string}"},"query-input":"required name=search_term_string"}],"inLanguage":"sk-SK"}]}},"_links":{"self":[{"href":"https:\/\/proventuss.eu\/sk\/wp-json\/wp\/v2\/product\/8873"}],"collection":[{"href":"https:\/\/proventuss.eu\/sk\/wp-json\/wp\/v2\/product"}],"about":[{"href":"https:\/\/proventuss.eu\/sk\/wp-json\/wp\/v2\/types\/product"}],"replies":[{"embeddable":true,"href":"https:\/\/proventuss.eu\/sk\/wp-json\/wp\/v2\/comments?post=8873"}],"wp:featuredmedia":[{"embeddable":true,"href":"https:\/\/proventuss.eu\/sk\/wp-json\/wp\/v2\/media\/7764"}],"wp:attachment":[{"href":"https:\/\/proventuss.eu\/sk\/wp-json\/wp\/v2\/media?parent=8873"}],"wp:term":[{"taxonomy":"product_cat","embeddable":true,"href":"https:\/\/proventuss.eu\/sk\/wp-json\/wp\/v2\/product_cat?post=8873"},{"taxonomy":"product_tag","embeddable":true,"href":"https:\/\/proventuss.eu\/sk\/wp-json\/wp\/v2\/product_tag?post=8873"}],"curies":[{"name":"wp","href":"https:\/\/api.w.org\/{rel}","templated":true}]}}