{"id":8872,"date":"2022-04-26T09:51:00","date_gmt":"2022-04-26T09:51:00","guid":{"rendered":"https:\/\/proventuss.eu\/produkt\/siderise-ch\/"},"modified":"2022-04-26T09:51:00","modified_gmt":"2022-04-26T09:51:00","slug":"siderise-ch","status":"publish","type":"product","link":"https:\/\/proventuss.eu\/sk\/produkt\/siderise-ch\/","title":{"rendered":"SIDERISE CH"},"content":{"rendered":"<p>Pou\u017e\u00edva sa v obvodovom pl\u00e1\u0161ti budov pre poskytnutie pru\u017enej a overenej protipo\u017eiarnej odolnoti. Testovan\u00e9 pod\u013ea EN 1366-4 a\u017e do 2 hod\u00edn protipo\u017eiarnej odolnosti.<\/p>\n<p><strong>V\u00ddHODY:<\/strong><br \/>\n\u2022 Klasifik\u00e1cia \u201eA1\u201c pod\u013ea EN 13501-1<br \/>\n\u2022 Testovan\u00e9 vo viacer\u00fdch syst\u00e9mov\u00fdch testoch BS 8414 a NFPA 285.<\/p>\n<p>Poskytuje \u201e\u00fapln\u00fa\u201c protipo\u017eiarnu bari\u00e9ru pre aplik\u00e1ciu vonkaj\u0161\u00edch obkladov a bol testovan\u00fd pod\u013ea najnov\u0161\u00edch eur\u00f3pskych noriem protipo\u017eiarnych testov. Vyr\u00e1baj\u00fa sa jedine\u010dn\u00fdm v\u00fdrobn\u00fdm procesom, ktor\u00fd prin\u00e1\u0161a pru\u017en\u00e9 mechanick\u00e9 vlastnosti, ktor\u00e9 zvy\u0161uj\u00fa protipo\u017eiarny v\u00fdkon a u\u013eah\u010duj\u00fa in\u0161tal\u00e1ciu. Okrem toho boli testovan\u00e9 v<br \/>\nspojen\u00ed s vertik\u00e1lnymi v\u00fdpl\u0148ami dut\u00edn ako s\u00fa\u010das\u0165 syst\u00e9mu.<\/p>\n","protected":false},"excerpt":{"rendered":"<p>Pou\u017e\u00edva sa v obvodovom pl\u00e1\u0161ti budov pre poskytnutie pru\u017enej a overenej protipo\u017eiarnej odolnoti. Testovan\u00e9 pod\u013ea EN 1366-4 a\u017e do 2 hod\u00edn protipo\u017eiarnej odolnosti. V\u00ddHODY: \u2022 Klasifik\u00e1cia \u201eA1\u201c pod\u013ea EN 13501-1 \u2022 Testovan\u00e9 vo viacer\u00fdch syst\u00e9mov\u00fdch testoch BS 8414 a NFPA 285. Poskytuje \u201e\u00fapln\u00fa\u201c protipo\u017eiarnu bari\u00e9ru pre aplik\u00e1ciu vonkaj\u0161\u00edch obkladov a bol testovan\u00fd pod\u013ea najnov\u0161\u00edch eur\u00f3pskych [&hellip;]<\/p>\n","protected":false},"featured_media":7758,"comment_status":"open","ping_status":"closed","template":"","meta":{"_acf_changed":false},"product_cat":[387],"product_tag":[],"acf":[],"yoast_head":"<!-- This site is optimized with the Yoast SEO plugin v22.9 - https:\/\/yoast.com\/wordpress\/plugins\/seo\/ -->\n<title>SIDERISE CH - Proventuss<\/title>\n<meta name=\"robots\" content=\"index, follow, max-snippet:-1, max-image-preview:large, max-video-preview:-1\" \/>\n<link rel=\"canonical\" href=\"https:\/\/proventuss.eu\/sk\/produkt\/siderise-ch\/\" \/>\n<meta property=\"og:locale\" content=\"sk_SK\" \/>\n<meta property=\"og:type\" content=\"article\" \/>\n<meta property=\"og:title\" content=\"SIDERISE CH - Proventuss\" \/>\n<meta property=\"og:description\" content=\"Pou\u017e\u00edva sa v obvodovom pl\u00e1\u0161ti budov pre poskytnutie pru\u017enej a overenej protipo\u017eiarnej odolnoti. Testovan\u00e9 pod\u013ea EN 1366-4 a\u017e do 2 hod\u00edn protipo\u017eiarnej odolnosti. V\u00ddHODY: \u2022 Klasifik\u00e1cia \u201eA1\u201c pod\u013ea EN 13501-1 \u2022 Testovan\u00e9 vo viacer\u00fdch syst\u00e9mov\u00fdch testoch BS 8414 a NFPA 285. Poskytuje \u201e\u00fapln\u00fa\u201c protipo\u017eiarnu bari\u00e9ru pre aplik\u00e1ciu vonkaj\u0161\u00edch obkladov a bol testovan\u00fd pod\u013ea najnov\u0161\u00edch eur\u00f3pskych [&hellip;]\" \/>\n<meta property=\"og:url\" content=\"https:\/\/proventuss.eu\/sk\/produkt\/siderise-ch\/\" \/>\n<meta property=\"og:site_name\" content=\"Proventuss\" \/>\n<meta property=\"og:image\" content=\"https:\/\/proventuss.eu\/wp-content\/uploads\/2022\/04\/CH.jpg\" \/>\n\t<meta property=\"og:image:width\" content=\"591\" \/>\n\t<meta property=\"og:image:height\" content=\"591\" \/>\n\t<meta property=\"og:image:type\" content=\"image\/jpeg\" \/>\n<meta name=\"twitter:card\" content=\"summary_large_image\" \/>\n<meta name=\"twitter:label1\" content=\"Predpokladan\u00fd \u010das \u010d\u00edtania\" \/>\n\t<meta name=\"twitter:data1\" content=\"1 min\u00fata\" \/>\n<script type=\"application\/ld+json\" class=\"yoast-schema-graph\">{\"@context\":\"https:\/\/schema.org\",\"@graph\":[{\"@type\":\"WebPage\",\"@id\":\"https:\/\/proventuss.eu\/sk\/produkt\/siderise-ch\/\",\"url\":\"https:\/\/proventuss.eu\/sk\/produkt\/siderise-ch\/\",\"name\":\"SIDERISE CH - Proventuss\",\"isPartOf\":{\"@id\":\"https:\/\/proventuss.eu\/#website\"},\"primaryImageOfPage\":{\"@id\":\"https:\/\/proventuss.eu\/sk\/produkt\/siderise-ch\/#primaryimage\"},\"image\":{\"@id\":\"https:\/\/proventuss.eu\/sk\/produkt\/siderise-ch\/#primaryimage\"},\"thumbnailUrl\":\"https:\/\/proventuss.eu\/wp-content\/uploads\/2022\/04\/CH.jpg\",\"datePublished\":\"2022-04-26T09:51:00+00:00\",\"dateModified\":\"2022-04-26T09:51:00+00:00\",\"breadcrumb\":{\"@id\":\"https:\/\/proventuss.eu\/sk\/produkt\/siderise-ch\/#breadcrumb\"},\"inLanguage\":\"sk-SK\",\"potentialAction\":[{\"@type\":\"ReadAction\",\"target\":[\"https:\/\/proventuss.eu\/sk\/produkt\/siderise-ch\/\"]}]},{\"@type\":\"ImageObject\",\"inLanguage\":\"sk-SK\",\"@id\":\"https:\/\/proventuss.eu\/sk\/produkt\/siderise-ch\/#primaryimage\",\"url\":\"https:\/\/proventuss.eu\/wp-content\/uploads\/2022\/04\/CH.jpg\",\"contentUrl\":\"https:\/\/proventuss.eu\/wp-content\/uploads\/2022\/04\/CH.jpg\",\"width\":591,\"height\":591},{\"@type\":\"BreadcrumbList\",\"@id\":\"https:\/\/proventuss.eu\/sk\/produkt\/siderise-ch\/#breadcrumb\",\"itemListElement\":[{\"@type\":\"ListItem\",\"position\":1,\"name\":\"Home\",\"item\":\"https:\/\/proventuss.eu\/\"},{\"@type\":\"ListItem\",\"position\":2,\"name\":\"Produkty\",\"item\":\"https:\/\/proventuss.eu\/produkty\/\"},{\"@type\":\"ListItem\",\"position\":3,\"name\":\"SIDERISE CH\"}]},{\"@type\":\"WebSite\",\"@id\":\"https:\/\/proventuss.eu\/#website\",\"url\":\"https:\/\/proventuss.eu\/\",\"name\":\"Proventuss\",\"description\":\"\",\"potentialAction\":[{\"@type\":\"SearchAction\",\"target\":{\"@type\":\"EntryPoint\",\"urlTemplate\":\"https:\/\/proventuss.eu\/?s={search_term_string}\"},\"query-input\":\"required name=search_term_string\"}],\"inLanguage\":\"sk-SK\"}]}<\/script>\n<!-- \/ Yoast SEO plugin. -->","yoast_head_json":{"title":"SIDERISE CH - Proventuss","robots":{"index":"index","follow":"follow","max-snippet":"max-snippet:-1","max-image-preview":"max-image-preview:large","max-video-preview":"max-video-preview:-1"},"canonical":"https:\/\/proventuss.eu\/sk\/produkt\/siderise-ch\/","og_locale":"sk_SK","og_type":"article","og_title":"SIDERISE CH - Proventuss","og_description":"Pou\u017e\u00edva sa v obvodovom pl\u00e1\u0161ti budov pre poskytnutie pru\u017enej a overenej protipo\u017eiarnej odolnoti. Testovan\u00e9 pod\u013ea EN 1366-4 a\u017e do 2 hod\u00edn protipo\u017eiarnej odolnosti. V\u00ddHODY: \u2022 Klasifik\u00e1cia \u201eA1\u201c pod\u013ea EN 13501-1 \u2022 Testovan\u00e9 vo viacer\u00fdch syst\u00e9mov\u00fdch testoch BS 8414 a NFPA 285. Poskytuje \u201e\u00fapln\u00fa\u201c protipo\u017eiarnu bari\u00e9ru pre aplik\u00e1ciu vonkaj\u0161\u00edch obkladov a bol testovan\u00fd pod\u013ea najnov\u0161\u00edch eur\u00f3pskych [&hellip;]","og_url":"https:\/\/proventuss.eu\/sk\/produkt\/siderise-ch\/","og_site_name":"Proventuss","og_image":[{"width":591,"height":591,"url":"https:\/\/proventuss.eu\/wp-content\/uploads\/2022\/04\/CH.jpg","type":"image\/jpeg"}],"twitter_card":"summary_large_image","twitter_misc":{"Predpokladan\u00fd \u010das \u010d\u00edtania":"1 min\u00fata"},"schema":{"@context":"https:\/\/schema.org","@graph":[{"@type":"WebPage","@id":"https:\/\/proventuss.eu\/sk\/produkt\/siderise-ch\/","url":"https:\/\/proventuss.eu\/sk\/produkt\/siderise-ch\/","name":"SIDERISE CH - Proventuss","isPartOf":{"@id":"https:\/\/proventuss.eu\/#website"},"primaryImageOfPage":{"@id":"https:\/\/proventuss.eu\/sk\/produkt\/siderise-ch\/#primaryimage"},"image":{"@id":"https:\/\/proventuss.eu\/sk\/produkt\/siderise-ch\/#primaryimage"},"thumbnailUrl":"https:\/\/proventuss.eu\/wp-content\/uploads\/2022\/04\/CH.jpg","datePublished":"2022-04-26T09:51:00+00:00","dateModified":"2022-04-26T09:51:00+00:00","breadcrumb":{"@id":"https:\/\/proventuss.eu\/sk\/produkt\/siderise-ch\/#breadcrumb"},"inLanguage":"sk-SK","potentialAction":[{"@type":"ReadAction","target":["https:\/\/proventuss.eu\/sk\/produkt\/siderise-ch\/"]}]},{"@type":"ImageObject","inLanguage":"sk-SK","@id":"https:\/\/proventuss.eu\/sk\/produkt\/siderise-ch\/#primaryimage","url":"https:\/\/proventuss.eu\/wp-content\/uploads\/2022\/04\/CH.jpg","contentUrl":"https:\/\/proventuss.eu\/wp-content\/uploads\/2022\/04\/CH.jpg","width":591,"height":591},{"@type":"BreadcrumbList","@id":"https:\/\/proventuss.eu\/sk\/produkt\/siderise-ch\/#breadcrumb","itemListElement":[{"@type":"ListItem","position":1,"name":"Home","item":"https:\/\/proventuss.eu\/"},{"@type":"ListItem","position":2,"name":"Produkty","item":"https:\/\/proventuss.eu\/produkty\/"},{"@type":"ListItem","position":3,"name":"SIDERISE CH"}]},{"@type":"WebSite","@id":"https:\/\/proventuss.eu\/#website","url":"https:\/\/proventuss.eu\/","name":"Proventuss","description":"","potentialAction":[{"@type":"SearchAction","target":{"@type":"EntryPoint","urlTemplate":"https:\/\/proventuss.eu\/?s={search_term_string}"},"query-input":"required name=search_term_string"}],"inLanguage":"sk-SK"}]}},"_links":{"self":[{"href":"https:\/\/proventuss.eu\/sk\/wp-json\/wp\/v2\/product\/8872"}],"collection":[{"href":"https:\/\/proventuss.eu\/sk\/wp-json\/wp\/v2\/product"}],"about":[{"href":"https:\/\/proventuss.eu\/sk\/wp-json\/wp\/v2\/types\/product"}],"replies":[{"embeddable":true,"href":"https:\/\/proventuss.eu\/sk\/wp-json\/wp\/v2\/comments?post=8872"}],"wp:featuredmedia":[{"embeddable":true,"href":"https:\/\/proventuss.eu\/sk\/wp-json\/wp\/v2\/media\/7758"}],"wp:attachment":[{"href":"https:\/\/proventuss.eu\/sk\/wp-json\/wp\/v2\/media?parent=8872"}],"wp:term":[{"taxonomy":"product_cat","embeddable":true,"href":"https:\/\/proventuss.eu\/sk\/wp-json\/wp\/v2\/product_cat?post=8872"},{"taxonomy":"product_tag","embeddable":true,"href":"https:\/\/proventuss.eu\/sk\/wp-json\/wp\/v2\/product_tag?post=8872"}],"curies":[{"name":"wp","href":"https:\/\/api.w.org\/{rel}","templated":true}]}}