{"id":8871,"date":"2022-04-26T09:49:31","date_gmt":"2022-04-26T09:49:31","guid":{"rendered":"https:\/\/proventuss.eu\/produkt\/siderise-lgs\/"},"modified":"2022-04-26T09:49:31","modified_gmt":"2022-04-26T09:49:31","slug":"siderise-lgs","status":"publish","type":"product","link":"https:\/\/proventuss.eu\/sk\/produkt\/siderise-lgs\/","title":{"rendered":"SIDERISE LGS"},"content":{"rendered":"<p>SIDERISE LGS Linear Gap Seals s\u00fa flexibiln\u00e9, vode odoln\u00e9, napu\u010diavaj\u00face line\u00e1rne tesniace \u0161n\u00fary, ktor\u00e9 sa pri vystaven\u00ed teplu roz\u0165ahuj\u00fa. Poskytuj\u00fa univerz\u00e1lny sp\u00f4sob na utesnenie spojov medzi stavebn\u00fdmi prvkami proti prieniku po\u017eiaru.<\/p>\n<p><strong>V\u00ddHODY:<\/strong><br \/>\n\u2022 Po\u017eiarna odolnos\u0165 a\u017e 2 hodiny<br \/>\n\u2022 Schv\u00e1len\u00e9 tre\u0165ou stranou: CF 5386<br \/>\n\u2022 R\u00fdchla a jednoduch\u00e1 in\u0161tal\u00e1cia<br \/>\n\u2022 Umo\u017e\u0148uje pohyb kon\u0161trukcie +\/- 25%.<\/p>\n<p>Stla\u010dite\u013en\u00e9 penov\u00e9 jadro sa prisp\u00f4sob\u00ed r\u00f4znym \u0161\u00edrkam spojov, aby umo\u017enilo kon\u0161truk\u010dn\u00e9 pohyby a z\u00e1rove\u0148 splnilo po\u017eiadavky na utesnenie proti dymu, tepeln\u00e9 a akustick\u00e9 vlastnosti. Standardn\u00e9 ve\u013ekosti s\u00fa dostupn\u00e9 pre \u0161k\u00e1ry a\u017e do \u0161\u00edrky 150 mm a<br \/>\nposkytovali 2-hodinov\u00fa po\u017eiarnu ochranu. Materi\u00e1l mo\u017eno pou\u017ei\u0165 aj ako \u00fa\u010dinn\u00fa, prisp\u00f4sobite\u013en\u00fa protipo\u017eiarnu ochranu k\u00e1blovych kan\u00e1lov \u2013 \u010do umo\u017e\u0148uje in\u0161tal\u00e1ciu \u010fal\u0161\u00edch k\u00e1blov.<\/p>\n","protected":false},"excerpt":{"rendered":"<p>SIDERISE LGS Linear Gap Seals s\u00fa flexibiln\u00e9, vode odoln\u00e9, napu\u010diavaj\u00face line\u00e1rne tesniace \u0161n\u00fary, ktor\u00e9 sa pri vystaven\u00ed teplu roz\u0165ahuj\u00fa. Poskytuj\u00fa univerz\u00e1lny sp\u00f4sob na utesnenie spojov medzi stavebn\u00fdmi prvkami proti prieniku po\u017eiaru. V\u00ddHODY: \u2022 Po\u017eiarna odolnos\u0165 a\u017e 2 hodiny \u2022 Schv\u00e1len\u00e9 tre\u0165ou stranou: CF 5386 \u2022 R\u00fdchla a jednoduch\u00e1 in\u0161tal\u00e1cia \u2022 Umo\u017e\u0148uje pohyb kon\u0161trukcie +\/- 25%. [&hellip;]<\/p>\n","protected":false},"featured_media":7761,"comment_status":"open","ping_status":"closed","template":"","meta":{"_acf_changed":false},"product_cat":[387],"product_tag":[],"acf":[],"yoast_head":"<!-- This site is optimized with the Yoast SEO plugin v22.9 - https:\/\/yoast.com\/wordpress\/plugins\/seo\/ -->\n<title>SIDERISE LGS - Proventuss<\/title>\n<meta name=\"robots\" content=\"index, follow, max-snippet:-1, max-image-preview:large, max-video-preview:-1\" \/>\n<link rel=\"canonical\" href=\"https:\/\/proventuss.eu\/sk\/produkt\/siderise-lgs\/\" \/>\n<meta property=\"og:locale\" content=\"sk_SK\" \/>\n<meta property=\"og:type\" content=\"article\" \/>\n<meta property=\"og:title\" content=\"SIDERISE LGS - Proventuss\" \/>\n<meta property=\"og:description\" content=\"SIDERISE LGS Linear Gap Seals s\u00fa flexibiln\u00e9, vode odoln\u00e9, napu\u010diavaj\u00face line\u00e1rne tesniace \u0161n\u00fary, ktor\u00e9 sa pri vystaven\u00ed teplu roz\u0165ahuj\u00fa. Poskytuj\u00fa univerz\u00e1lny sp\u00f4sob na utesnenie spojov medzi stavebn\u00fdmi prvkami proti prieniku po\u017eiaru. V\u00ddHODY: \u2022 Po\u017eiarna odolnos\u0165 a\u017e 2 hodiny \u2022 Schv\u00e1len\u00e9 tre\u0165ou stranou: CF 5386 \u2022 R\u00fdchla a jednoduch\u00e1 in\u0161tal\u00e1cia \u2022 Umo\u017e\u0148uje pohyb kon\u0161trukcie +\/- 25%. [&hellip;]\" \/>\n<meta property=\"og:url\" content=\"https:\/\/proventuss.eu\/sk\/produkt\/siderise-lgs\/\" \/>\n<meta property=\"og:site_name\" content=\"Proventuss\" \/>\n<meta property=\"og:image\" content=\"https:\/\/proventuss.eu\/wp-content\/uploads\/2022\/04\/LGS.jpg\" \/>\n\t<meta property=\"og:image:width\" content=\"756\" \/>\n\t<meta property=\"og:image:height\" content=\"756\" \/>\n\t<meta property=\"og:image:type\" content=\"image\/jpeg\" \/>\n<meta name=\"twitter:card\" content=\"summary_large_image\" \/>\n<meta name=\"twitter:label1\" content=\"Predpokladan\u00fd \u010das \u010d\u00edtania\" \/>\n\t<meta name=\"twitter:data1\" content=\"1 min\u00fata\" \/>\n<script type=\"application\/ld+json\" class=\"yoast-schema-graph\">{\"@context\":\"https:\/\/schema.org\",\"@graph\":[{\"@type\":\"WebPage\",\"@id\":\"https:\/\/proventuss.eu\/sk\/produkt\/siderise-lgs\/\",\"url\":\"https:\/\/proventuss.eu\/sk\/produkt\/siderise-lgs\/\",\"name\":\"SIDERISE LGS - Proventuss\",\"isPartOf\":{\"@id\":\"https:\/\/proventuss.eu\/#website\"},\"primaryImageOfPage\":{\"@id\":\"https:\/\/proventuss.eu\/sk\/produkt\/siderise-lgs\/#primaryimage\"},\"image\":{\"@id\":\"https:\/\/proventuss.eu\/sk\/produkt\/siderise-lgs\/#primaryimage\"},\"thumbnailUrl\":\"https:\/\/proventuss.eu\/wp-content\/uploads\/2022\/04\/LGS.jpg\",\"datePublished\":\"2022-04-26T09:49:31+00:00\",\"dateModified\":\"2022-04-26T09:49:31+00:00\",\"breadcrumb\":{\"@id\":\"https:\/\/proventuss.eu\/sk\/produkt\/siderise-lgs\/#breadcrumb\"},\"inLanguage\":\"sk-SK\",\"potentialAction\":[{\"@type\":\"ReadAction\",\"target\":[\"https:\/\/proventuss.eu\/sk\/produkt\/siderise-lgs\/\"]}]},{\"@type\":\"ImageObject\",\"inLanguage\":\"sk-SK\",\"@id\":\"https:\/\/proventuss.eu\/sk\/produkt\/siderise-lgs\/#primaryimage\",\"url\":\"https:\/\/proventuss.eu\/wp-content\/uploads\/2022\/04\/LGS.jpg\",\"contentUrl\":\"https:\/\/proventuss.eu\/wp-content\/uploads\/2022\/04\/LGS.jpg\",\"width\":756,\"height\":756},{\"@type\":\"BreadcrumbList\",\"@id\":\"https:\/\/proventuss.eu\/sk\/produkt\/siderise-lgs\/#breadcrumb\",\"itemListElement\":[{\"@type\":\"ListItem\",\"position\":1,\"name\":\"Home\",\"item\":\"https:\/\/proventuss.eu\/\"},{\"@type\":\"ListItem\",\"position\":2,\"name\":\"Produkty\",\"item\":\"https:\/\/proventuss.eu\/produkty\/\"},{\"@type\":\"ListItem\",\"position\":3,\"name\":\"SIDERISE LGS\"}]},{\"@type\":\"WebSite\",\"@id\":\"https:\/\/proventuss.eu\/#website\",\"url\":\"https:\/\/proventuss.eu\/\",\"name\":\"Proventuss\",\"description\":\"\",\"potentialAction\":[{\"@type\":\"SearchAction\",\"target\":{\"@type\":\"EntryPoint\",\"urlTemplate\":\"https:\/\/proventuss.eu\/?s={search_term_string}\"},\"query-input\":\"required name=search_term_string\"}],\"inLanguage\":\"sk-SK\"}]}<\/script>\n<!-- \/ Yoast SEO plugin. -->","yoast_head_json":{"title":"SIDERISE LGS - Proventuss","robots":{"index":"index","follow":"follow","max-snippet":"max-snippet:-1","max-image-preview":"max-image-preview:large","max-video-preview":"max-video-preview:-1"},"canonical":"https:\/\/proventuss.eu\/sk\/produkt\/siderise-lgs\/","og_locale":"sk_SK","og_type":"article","og_title":"SIDERISE LGS - Proventuss","og_description":"SIDERISE LGS Linear Gap Seals s\u00fa flexibiln\u00e9, vode odoln\u00e9, napu\u010diavaj\u00face line\u00e1rne tesniace \u0161n\u00fary, ktor\u00e9 sa pri vystaven\u00ed teplu roz\u0165ahuj\u00fa. Poskytuj\u00fa univerz\u00e1lny sp\u00f4sob na utesnenie spojov medzi stavebn\u00fdmi prvkami proti prieniku po\u017eiaru. V\u00ddHODY: \u2022 Po\u017eiarna odolnos\u0165 a\u017e 2 hodiny \u2022 Schv\u00e1len\u00e9 tre\u0165ou stranou: CF 5386 \u2022 R\u00fdchla a jednoduch\u00e1 in\u0161tal\u00e1cia \u2022 Umo\u017e\u0148uje pohyb kon\u0161trukcie +\/- 25%. [&hellip;]","og_url":"https:\/\/proventuss.eu\/sk\/produkt\/siderise-lgs\/","og_site_name":"Proventuss","og_image":[{"width":756,"height":756,"url":"https:\/\/proventuss.eu\/wp-content\/uploads\/2022\/04\/LGS.jpg","type":"image\/jpeg"}],"twitter_card":"summary_large_image","twitter_misc":{"Predpokladan\u00fd \u010das \u010d\u00edtania":"1 min\u00fata"},"schema":{"@context":"https:\/\/schema.org","@graph":[{"@type":"WebPage","@id":"https:\/\/proventuss.eu\/sk\/produkt\/siderise-lgs\/","url":"https:\/\/proventuss.eu\/sk\/produkt\/siderise-lgs\/","name":"SIDERISE LGS - Proventuss","isPartOf":{"@id":"https:\/\/proventuss.eu\/#website"},"primaryImageOfPage":{"@id":"https:\/\/proventuss.eu\/sk\/produkt\/siderise-lgs\/#primaryimage"},"image":{"@id":"https:\/\/proventuss.eu\/sk\/produkt\/siderise-lgs\/#primaryimage"},"thumbnailUrl":"https:\/\/proventuss.eu\/wp-content\/uploads\/2022\/04\/LGS.jpg","datePublished":"2022-04-26T09:49:31+00:00","dateModified":"2022-04-26T09:49:31+00:00","breadcrumb":{"@id":"https:\/\/proventuss.eu\/sk\/produkt\/siderise-lgs\/#breadcrumb"},"inLanguage":"sk-SK","potentialAction":[{"@type":"ReadAction","target":["https:\/\/proventuss.eu\/sk\/produkt\/siderise-lgs\/"]}]},{"@type":"ImageObject","inLanguage":"sk-SK","@id":"https:\/\/proventuss.eu\/sk\/produkt\/siderise-lgs\/#primaryimage","url":"https:\/\/proventuss.eu\/wp-content\/uploads\/2022\/04\/LGS.jpg","contentUrl":"https:\/\/proventuss.eu\/wp-content\/uploads\/2022\/04\/LGS.jpg","width":756,"height":756},{"@type":"BreadcrumbList","@id":"https:\/\/proventuss.eu\/sk\/produkt\/siderise-lgs\/#breadcrumb","itemListElement":[{"@type":"ListItem","position":1,"name":"Home","item":"https:\/\/proventuss.eu\/"},{"@type":"ListItem","position":2,"name":"Produkty","item":"https:\/\/proventuss.eu\/produkty\/"},{"@type":"ListItem","position":3,"name":"SIDERISE LGS"}]},{"@type":"WebSite","@id":"https:\/\/proventuss.eu\/#website","url":"https:\/\/proventuss.eu\/","name":"Proventuss","description":"","potentialAction":[{"@type":"SearchAction","target":{"@type":"EntryPoint","urlTemplate":"https:\/\/proventuss.eu\/?s={search_term_string}"},"query-input":"required name=search_term_string"}],"inLanguage":"sk-SK"}]}},"_links":{"self":[{"href":"https:\/\/proventuss.eu\/sk\/wp-json\/wp\/v2\/product\/8871"}],"collection":[{"href":"https:\/\/proventuss.eu\/sk\/wp-json\/wp\/v2\/product"}],"about":[{"href":"https:\/\/proventuss.eu\/sk\/wp-json\/wp\/v2\/types\/product"}],"replies":[{"embeddable":true,"href":"https:\/\/proventuss.eu\/sk\/wp-json\/wp\/v2\/comments?post=8871"}],"wp:featuredmedia":[{"embeddable":true,"href":"https:\/\/proventuss.eu\/sk\/wp-json\/wp\/v2\/media\/7761"}],"wp:attachment":[{"href":"https:\/\/proventuss.eu\/sk\/wp-json\/wp\/v2\/media?parent=8871"}],"wp:term":[{"taxonomy":"product_cat","embeddable":true,"href":"https:\/\/proventuss.eu\/sk\/wp-json\/wp\/v2\/product_cat?post=8871"},{"taxonomy":"product_tag","embeddable":true,"href":"https:\/\/proventuss.eu\/sk\/wp-json\/wp\/v2\/product_tag?post=8871"}],"curies":[{"name":"wp","href":"https:\/\/api.w.org\/{rel}","templated":true}]}}