{"id":8868,"date":"2022-04-26T09:44:57","date_gmt":"2022-04-26T09:44:57","guid":{"rendered":"https:\/\/proventuss.eu\/produkt\/dowsil-firestop-700\/"},"modified":"2022-04-26T09:44:57","modified_gmt":"2022-04-26T09:44:57","slug":"dowsil-firestop-700","status":"publish","type":"product","link":"https:\/\/proventuss.eu\/sk\/produkt\/dowsil-firestop-700\/","title":{"rendered":"DOWSIL FIRESTOP 700"},"content":{"rendered":"<p><strong>PROTIPO\u017dIARNY NEUTR\u00c1LNY SILIK\u00d3NOV\u00dd TMEL<\/strong>, jednozlo\u017ekov\u00fd silik\u00f3nov\u00fd tmel na utesnenie interi\u00e9rov\u00fdch a exteri\u00e9rov\u00fdch line\u00e1rnych spojov a priechodov. Je ide\u00e1lny na utesnenie fas\u00e1d proti poveternostn\u00fdm vplyvom a expanzn\u00fdch spojov tam, kde je vy\u017eadovan\u00e1 protipo\u017eiarna klasifik\u00e1cia. Je tie\u017e vhodn\u00fd na utesnenie mal\u00fdch priechodov, ktor\u00fdmi s\u00fa veden\u00e9 r\u00farky a k\u00e1ble cez po\u017eiarne odoln\u00e9 kon\u0161trukcie stien.<\/p>\n<p><strong>V\u00ddHODY:<\/strong><br \/>\n\u2022 Vyhovuje BS 476 \u010das\u0165 22,<br \/>\n\u2022 Klasifik\u00e1cia po\u017eiarnej odolnosti a\u017e 4 hodiny<br \/>\n\u2022 Skvel\u00e1 pri\u013enavos\u0165 bez podkladov\u00e9ho n\u00e1teru k v\u00e4\u010d\u0161ine stavebn\u00fdch materi\u00e1lov<br \/>\n\u2022 Pracovn\u00e1 pru\u017enos\u0165 spoja \u00b150%<br \/>\n\u2022 Skvel\u00e1 odolnos\u0165 vo\u010di klimatick\u00fdm vplyvom, po\u010dasiu, oz\u00f3nu a UV \u017eiareniu<br \/>\n\u2022 Neutr\u00e1lne vytvrdzovanie<br \/>\n\u2022 Plne kompatibiln\u00fd o ostatn\u00fdmi tmelmi DOWSIL\u2122 pre izola\u010dn\u00e9 skl\u00e1 a \u0161truktur\u00e1lne lepenie<br \/>\n\u2022 Vyhovuje ISO 11600-F&amp;G-25LM<\/p>\n<p><strong>BALENIE\/FARBY:<\/strong><br \/>\nSal\u00e1ma: 600 ml, Kartu\u0161a: 310 ml<br \/>\nFarby: \u010dierna, \u0161ed\u00e1, biela<\/p>\n","protected":false},"excerpt":{"rendered":"<p>PROTIPO\u017dIARNY NEUTR\u00c1LNY SILIK\u00d3NOV\u00dd TMEL, jednozlo\u017ekov\u00fd silik\u00f3nov\u00fd tmel na utesnenie interi\u00e9rov\u00fdch a exteri\u00e9rov\u00fdch line\u00e1rnych spojov a priechodov. Je ide\u00e1lny na utesnenie fas\u00e1d proti poveternostn\u00fdm vplyvom a expanzn\u00fdch spojov tam, kde je vy\u017eadovan\u00e1 protipo\u017eiarna klasifik\u00e1cia. Je tie\u017e vhodn\u00fd na utesnenie mal\u00fdch priechodov, ktor\u00fdmi s\u00fa veden\u00e9 r\u00farky a k\u00e1ble cez po\u017eiarne odoln\u00e9 kon\u0161trukcie stien. V\u00ddHODY: \u2022 Vyhovuje BS [&hellip;]<\/p>\n","protected":false},"featured_media":7349,"comment_status":"open","ping_status":"closed","template":"","meta":{"_acf_changed":false},"product_cat":[387],"product_tag":[],"acf":[],"yoast_head":"<!-- This site is optimized with the Yoast SEO plugin v22.9 - https:\/\/yoast.com\/wordpress\/plugins\/seo\/ -->\n<title>DOWSIL FIRESTOP 700 - Proventuss<\/title>\n<meta name=\"robots\" content=\"index, follow, max-snippet:-1, max-image-preview:large, max-video-preview:-1\" \/>\n<link rel=\"canonical\" href=\"https:\/\/proventuss.eu\/sk\/produkt\/dowsil-firestop-700\/\" \/>\n<meta property=\"og:locale\" content=\"sk_SK\" \/>\n<meta property=\"og:type\" content=\"article\" \/>\n<meta property=\"og:title\" content=\"DOWSIL FIRESTOP 700 - Proventuss\" \/>\n<meta property=\"og:description\" content=\"PROTIPO\u017dIARNY NEUTR\u00c1LNY SILIK\u00d3NOV\u00dd TMEL, jednozlo\u017ekov\u00fd silik\u00f3nov\u00fd tmel na utesnenie interi\u00e9rov\u00fdch a exteri\u00e9rov\u00fdch line\u00e1rnych spojov a priechodov. Je ide\u00e1lny na utesnenie fas\u00e1d proti poveternostn\u00fdm vplyvom a expanzn\u00fdch spojov tam, kde je vy\u017eadovan\u00e1 protipo\u017eiarna klasifik\u00e1cia. Je tie\u017e vhodn\u00fd na utesnenie mal\u00fdch priechodov, ktor\u00fdmi s\u00fa veden\u00e9 r\u00farky a k\u00e1ble cez po\u017eiarne odoln\u00e9 kon\u0161trukcie stien. V\u00ddHODY: \u2022 Vyhovuje BS [&hellip;]\" \/>\n<meta property=\"og:url\" content=\"https:\/\/proventuss.eu\/sk\/produkt\/dowsil-firestop-700\/\" \/>\n<meta property=\"og:site_name\" content=\"Proventuss\" \/>\n<meta property=\"og:image\" content=\"https:\/\/proventuss.eu\/wp-content\/uploads\/2022\/04\/700.jpg\" \/>\n\t<meta property=\"og:image:width\" content=\"408\" \/>\n\t<meta property=\"og:image:height\" content=\"1136\" \/>\n\t<meta property=\"og:image:type\" content=\"image\/jpeg\" \/>\n<meta name=\"twitter:card\" content=\"summary_large_image\" \/>\n<meta name=\"twitter:label1\" content=\"Predpokladan\u00fd \u010das \u010d\u00edtania\" \/>\n\t<meta name=\"twitter:data1\" content=\"1 min\u00fata\" \/>\n<script type=\"application\/ld+json\" class=\"yoast-schema-graph\">{\"@context\":\"https:\/\/schema.org\",\"@graph\":[{\"@type\":\"WebPage\",\"@id\":\"https:\/\/proventuss.eu\/sk\/produkt\/dowsil-firestop-700\/\",\"url\":\"https:\/\/proventuss.eu\/sk\/produkt\/dowsil-firestop-700\/\",\"name\":\"DOWSIL FIRESTOP 700 - Proventuss\",\"isPartOf\":{\"@id\":\"https:\/\/proventuss.eu\/#website\"},\"primaryImageOfPage\":{\"@id\":\"https:\/\/proventuss.eu\/sk\/produkt\/dowsil-firestop-700\/#primaryimage\"},\"image\":{\"@id\":\"https:\/\/proventuss.eu\/sk\/produkt\/dowsil-firestop-700\/#primaryimage\"},\"thumbnailUrl\":\"https:\/\/proventuss.eu\/wp-content\/uploads\/2022\/04\/700.jpg\",\"datePublished\":\"2022-04-26T09:44:57+00:00\",\"dateModified\":\"2022-04-26T09:44:57+00:00\",\"breadcrumb\":{\"@id\":\"https:\/\/proventuss.eu\/sk\/produkt\/dowsil-firestop-700\/#breadcrumb\"},\"inLanguage\":\"sk-SK\",\"potentialAction\":[{\"@type\":\"ReadAction\",\"target\":[\"https:\/\/proventuss.eu\/sk\/produkt\/dowsil-firestop-700\/\"]}]},{\"@type\":\"ImageObject\",\"inLanguage\":\"sk-SK\",\"@id\":\"https:\/\/proventuss.eu\/sk\/produkt\/dowsil-firestop-700\/#primaryimage\",\"url\":\"https:\/\/proventuss.eu\/wp-content\/uploads\/2022\/04\/700.jpg\",\"contentUrl\":\"https:\/\/proventuss.eu\/wp-content\/uploads\/2022\/04\/700.jpg\",\"width\":408,\"height\":1136},{\"@type\":\"BreadcrumbList\",\"@id\":\"https:\/\/proventuss.eu\/sk\/produkt\/dowsil-firestop-700\/#breadcrumb\",\"itemListElement\":[{\"@type\":\"ListItem\",\"position\":1,\"name\":\"Home\",\"item\":\"https:\/\/proventuss.eu\/\"},{\"@type\":\"ListItem\",\"position\":2,\"name\":\"Produkty\",\"item\":\"https:\/\/proventuss.eu\/produkty\/\"},{\"@type\":\"ListItem\",\"position\":3,\"name\":\"DOWSIL FIRESTOP 700\"}]},{\"@type\":\"WebSite\",\"@id\":\"https:\/\/proventuss.eu\/#website\",\"url\":\"https:\/\/proventuss.eu\/\",\"name\":\"Proventuss\",\"description\":\"\",\"potentialAction\":[{\"@type\":\"SearchAction\",\"target\":{\"@type\":\"EntryPoint\",\"urlTemplate\":\"https:\/\/proventuss.eu\/?s={search_term_string}\"},\"query-input\":\"required name=search_term_string\"}],\"inLanguage\":\"sk-SK\"}]}<\/script>\n<!-- \/ Yoast SEO plugin. -->","yoast_head_json":{"title":"DOWSIL FIRESTOP 700 - Proventuss","robots":{"index":"index","follow":"follow","max-snippet":"max-snippet:-1","max-image-preview":"max-image-preview:large","max-video-preview":"max-video-preview:-1"},"canonical":"https:\/\/proventuss.eu\/sk\/produkt\/dowsil-firestop-700\/","og_locale":"sk_SK","og_type":"article","og_title":"DOWSIL FIRESTOP 700 - Proventuss","og_description":"PROTIPO\u017dIARNY NEUTR\u00c1LNY SILIK\u00d3NOV\u00dd TMEL, jednozlo\u017ekov\u00fd silik\u00f3nov\u00fd tmel na utesnenie interi\u00e9rov\u00fdch a exteri\u00e9rov\u00fdch line\u00e1rnych spojov a priechodov. Je ide\u00e1lny na utesnenie fas\u00e1d proti poveternostn\u00fdm vplyvom a expanzn\u00fdch spojov tam, kde je vy\u017eadovan\u00e1 protipo\u017eiarna klasifik\u00e1cia. Je tie\u017e vhodn\u00fd na utesnenie mal\u00fdch priechodov, ktor\u00fdmi s\u00fa veden\u00e9 r\u00farky a k\u00e1ble cez po\u017eiarne odoln\u00e9 kon\u0161trukcie stien. V\u00ddHODY: \u2022 Vyhovuje BS [&hellip;]","og_url":"https:\/\/proventuss.eu\/sk\/produkt\/dowsil-firestop-700\/","og_site_name":"Proventuss","og_image":[{"width":408,"height":1136,"url":"https:\/\/proventuss.eu\/wp-content\/uploads\/2022\/04\/700.jpg","type":"image\/jpeg"}],"twitter_card":"summary_large_image","twitter_misc":{"Predpokladan\u00fd \u010das \u010d\u00edtania":"1 min\u00fata"},"schema":{"@context":"https:\/\/schema.org","@graph":[{"@type":"WebPage","@id":"https:\/\/proventuss.eu\/sk\/produkt\/dowsil-firestop-700\/","url":"https:\/\/proventuss.eu\/sk\/produkt\/dowsil-firestop-700\/","name":"DOWSIL FIRESTOP 700 - Proventuss","isPartOf":{"@id":"https:\/\/proventuss.eu\/#website"},"primaryImageOfPage":{"@id":"https:\/\/proventuss.eu\/sk\/produkt\/dowsil-firestop-700\/#primaryimage"},"image":{"@id":"https:\/\/proventuss.eu\/sk\/produkt\/dowsil-firestop-700\/#primaryimage"},"thumbnailUrl":"https:\/\/proventuss.eu\/wp-content\/uploads\/2022\/04\/700.jpg","datePublished":"2022-04-26T09:44:57+00:00","dateModified":"2022-04-26T09:44:57+00:00","breadcrumb":{"@id":"https:\/\/proventuss.eu\/sk\/produkt\/dowsil-firestop-700\/#breadcrumb"},"inLanguage":"sk-SK","potentialAction":[{"@type":"ReadAction","target":["https:\/\/proventuss.eu\/sk\/produkt\/dowsil-firestop-700\/"]}]},{"@type":"ImageObject","inLanguage":"sk-SK","@id":"https:\/\/proventuss.eu\/sk\/produkt\/dowsil-firestop-700\/#primaryimage","url":"https:\/\/proventuss.eu\/wp-content\/uploads\/2022\/04\/700.jpg","contentUrl":"https:\/\/proventuss.eu\/wp-content\/uploads\/2022\/04\/700.jpg","width":408,"height":1136},{"@type":"BreadcrumbList","@id":"https:\/\/proventuss.eu\/sk\/produkt\/dowsil-firestop-700\/#breadcrumb","itemListElement":[{"@type":"ListItem","position":1,"name":"Home","item":"https:\/\/proventuss.eu\/"},{"@type":"ListItem","position":2,"name":"Produkty","item":"https:\/\/proventuss.eu\/produkty\/"},{"@type":"ListItem","position":3,"name":"DOWSIL FIRESTOP 700"}]},{"@type":"WebSite","@id":"https:\/\/proventuss.eu\/#website","url":"https:\/\/proventuss.eu\/","name":"Proventuss","description":"","potentialAction":[{"@type":"SearchAction","target":{"@type":"EntryPoint","urlTemplate":"https:\/\/proventuss.eu\/?s={search_term_string}"},"query-input":"required name=search_term_string"}],"inLanguage":"sk-SK"}]}},"_links":{"self":[{"href":"https:\/\/proventuss.eu\/sk\/wp-json\/wp\/v2\/product\/8868"}],"collection":[{"href":"https:\/\/proventuss.eu\/sk\/wp-json\/wp\/v2\/product"}],"about":[{"href":"https:\/\/proventuss.eu\/sk\/wp-json\/wp\/v2\/types\/product"}],"replies":[{"embeddable":true,"href":"https:\/\/proventuss.eu\/sk\/wp-json\/wp\/v2\/comments?post=8868"}],"wp:featuredmedia":[{"embeddable":true,"href":"https:\/\/proventuss.eu\/sk\/wp-json\/wp\/v2\/media\/7349"}],"wp:attachment":[{"href":"https:\/\/proventuss.eu\/sk\/wp-json\/wp\/v2\/media?parent=8868"}],"wp:term":[{"taxonomy":"product_cat","embeddable":true,"href":"https:\/\/proventuss.eu\/sk\/wp-json\/wp\/v2\/product_cat?post=8868"},{"taxonomy":"product_tag","embeddable":true,"href":"https:\/\/proventuss.eu\/sk\/wp-json\/wp\/v2\/product_tag?post=8868"}],"curies":[{"name":"wp","href":"https:\/\/api.w.org\/{rel}","templated":true}]}}