{"id":8867,"date":"2022-04-26T09:41:39","date_gmt":"2022-04-26T09:41:39","guid":{"rendered":"https:\/\/proventuss.eu\/produkt\/va-q-tec-vacuum-insulation-panel\/"},"modified":"2022-04-26T09:41:39","modified_gmt":"2022-04-26T09:41:39","slug":"va-q-tec-vacuum-insulation-panel","status":"publish","type":"product","link":"https:\/\/proventuss.eu\/sk\/produkt\/va-q-tec-vacuum-insulation-panel\/","title":{"rendered":"Va-Q-Tec &#8211; Vacuum Insulation Panel"},"content":{"rendered":"<p><strong>VIP \u2013 V\u00c1KUOV\u00c9 IZOLA\u010cN\u00c9 PANELY<\/strong> s\u00fa tenk\u00e9 plechy s v\u00fdborn\u00fdmi tepelnotechnick\u00fdmi vlastnos\u0165ami (ve\u013emi n\u00edzka tepeln\u00e1 vodivos\u0165) ur\u010den\u00e9 na<br \/>\nizol\u00e1ciu budov a vyr\u00e1ban\u00e9 pomocou v\u00e1kuovej technol\u00f3gie. S\u00fa viac ako 10-kr\u00e1t \u00fa\u010dinnej\u0161ie ako tradi\u010dn\u00e9 izola\u010dn\u00e9 materi\u00e1ly rovnakej hr\u00fabky.<\/p>\n<p>Nehor\u013eav\u00e9 jadro panelu pozost\u00e1va z mikropor\u00e9zneho pr\u00e1\u0161ku oxidu kremi\u010dit\u00e9ho a bolo chr\u00e1nen\u00e9 f\u00f3liou s vysokou plynovou bari\u00e9rou, ktor\u00e1 chr\u00e1ni vn\u00fatro panelu pred infiltr\u00e1ciou vody a vzduchu. Toto ve\u013emi inovat\u00edvne izola\u010dn\u00e9 rie\u0161enie je mo\u017en\u00e9 pou\u017ei\u0165 vo v\u0161etk\u00fdch aplik\u00e1ci\u00e1ch, s vysokou izol\u00e1ciou by boli kombinovan\u00e9 s obmedzen\u00fdm priestorom, tak\u017ee tradi\u010dn\u00e9 materi\u00e1ly by nemohli fungova\u0165.<\/p>\n<p><strong>V\u00ddHODY:<\/strong><br \/>\n\u2022 Vynikaj\u00face tepelnoizola\u010dn\u00e9 parametre v kombin\u00e1cii s minim\u00e1lnou hr\u00fabkou<br \/>\n\u2022 Menej priestoru, poskytuje v\u00e4\u010d\u0161iu \u00fa\u017eitkov\u00fa plochu budovy<br \/>\n\u2022 \u017diadne kon\u0161truk\u010dn\u00e9 obmedzenia<br \/>\n\u2022 Modul\u00e1rna kon\u0161trukcia, r\u00f4zne tvary a ve\u013ekosti vr\u00e1tane oh\u00fdban\u00fdch prvkov<br \/>\n\u2022 Dlh\u00e1 \u017eivotnos\u0165<\/p>\n<p><strong>APLIK\u00c1CIA:<\/strong><br \/>\n\u2022 Fas\u00e1dy<br \/>\n\u2022 Strechy<br \/>\n\u2022 Zimn\u00e9 z\u00e1hrady<br \/>\n\u2022 Podlahy<br \/>\n\u2022 Stropy<br \/>\n\u2022 Steny<\/p>\n","protected":false},"excerpt":{"rendered":"<p>VIP \u2013 V\u00c1KUOV\u00c9 IZOLA\u010cN\u00c9 PANELY s\u00fa tenk\u00e9 plechy s v\u00fdborn\u00fdmi tepelnotechnick\u00fdmi vlastnos\u0165ami (ve\u013emi n\u00edzka tepeln\u00e1 vodivos\u0165) ur\u010den\u00e9 na izol\u00e1ciu budov a vyr\u00e1ban\u00e9 pomocou v\u00e1kuovej technol\u00f3gie. S\u00fa viac ako 10-kr\u00e1t \u00fa\u010dinnej\u0161ie ako tradi\u010dn\u00e9 izola\u010dn\u00e9 materi\u00e1ly rovnakej hr\u00fabky. Nehor\u013eav\u00e9 jadro panelu pozost\u00e1va z mikropor\u00e9zneho pr\u00e1\u0161ku oxidu kremi\u010dit\u00e9ho a bolo chr\u00e1nen\u00e9 f\u00f3liou s vysokou plynovou bari\u00e9rou, ktor\u00e1 chr\u00e1ni [&hellip;]<\/p>\n","protected":false},"featured_media":7426,"comment_status":"open","ping_status":"closed","template":"","meta":{"_acf_changed":false},"product_cat":[394],"product_tag":[],"acf":[],"yoast_head":"<!-- This site is optimized with the Yoast SEO plugin v22.9 - https:\/\/yoast.com\/wordpress\/plugins\/seo\/ -->\n<title>Va-Q-Tec - Vacuum Insulation Panel - Proventuss<\/title>\n<meta name=\"robots\" content=\"index, follow, max-snippet:-1, max-image-preview:large, max-video-preview:-1\" \/>\n<link rel=\"canonical\" href=\"https:\/\/proventuss.eu\/sk\/produkt\/va-q-tec-vacuum-insulation-panel\/\" \/>\n<meta property=\"og:locale\" content=\"sk_SK\" \/>\n<meta property=\"og:type\" content=\"article\" \/>\n<meta property=\"og:title\" content=\"Va-Q-Tec - Vacuum Insulation Panel - Proventuss\" \/>\n<meta property=\"og:description\" content=\"VIP \u2013 V\u00c1KUOV\u00c9 IZOLA\u010cN\u00c9 PANELY s\u00fa tenk\u00e9 plechy s v\u00fdborn\u00fdmi tepelnotechnick\u00fdmi vlastnos\u0165ami (ve\u013emi n\u00edzka tepeln\u00e1 vodivos\u0165) ur\u010den\u00e9 na izol\u00e1ciu budov a vyr\u00e1ban\u00e9 pomocou v\u00e1kuovej technol\u00f3gie. S\u00fa viac ako 10-kr\u00e1t \u00fa\u010dinnej\u0161ie ako tradi\u010dn\u00e9 izola\u010dn\u00e9 materi\u00e1ly rovnakej hr\u00fabky. Nehor\u013eav\u00e9 jadro panelu pozost\u00e1va z mikropor\u00e9zneho pr\u00e1\u0161ku oxidu kremi\u010dit\u00e9ho a bolo chr\u00e1nen\u00e9 f\u00f3liou s vysokou plynovou bari\u00e9rou, ktor\u00e1 chr\u00e1ni [&hellip;]\" \/>\n<meta property=\"og:url\" content=\"https:\/\/proventuss.eu\/sk\/produkt\/va-q-tec-vacuum-insulation-panel\/\" \/>\n<meta property=\"og:site_name\" content=\"Proventuss\" \/>\n<meta property=\"og:image\" content=\"https:\/\/proventuss.eu\/wp-content\/uploads\/2022\/04\/va-Q-vip_F_GGM_524x336.png\" \/>\n\t<meta property=\"og:image:width\" content=\"524\" \/>\n\t<meta property=\"og:image:height\" content=\"336\" \/>\n\t<meta property=\"og:image:type\" content=\"image\/png\" \/>\n<meta name=\"twitter:card\" content=\"summary_large_image\" \/>\n<meta name=\"twitter:label1\" content=\"Predpokladan\u00fd \u010das \u010d\u00edtania\" \/>\n\t<meta name=\"twitter:data1\" content=\"1 min\u00fata\" \/>\n<script type=\"application\/ld+json\" class=\"yoast-schema-graph\">{\"@context\":\"https:\/\/schema.org\",\"@graph\":[{\"@type\":\"WebPage\",\"@id\":\"https:\/\/proventuss.eu\/sk\/produkt\/va-q-tec-vacuum-insulation-panel\/\",\"url\":\"https:\/\/proventuss.eu\/sk\/produkt\/va-q-tec-vacuum-insulation-panel\/\",\"name\":\"Va-Q-Tec - Vacuum Insulation Panel - Proventuss\",\"isPartOf\":{\"@id\":\"https:\/\/proventuss.eu\/#website\"},\"primaryImageOfPage\":{\"@id\":\"https:\/\/proventuss.eu\/sk\/produkt\/va-q-tec-vacuum-insulation-panel\/#primaryimage\"},\"image\":{\"@id\":\"https:\/\/proventuss.eu\/sk\/produkt\/va-q-tec-vacuum-insulation-panel\/#primaryimage\"},\"thumbnailUrl\":\"https:\/\/proventuss.eu\/wp-content\/uploads\/2022\/04\/va-Q-vip_F_GGM_524x336.png\",\"datePublished\":\"2022-04-26T09:41:39+00:00\",\"dateModified\":\"2022-04-26T09:41:39+00:00\",\"breadcrumb\":{\"@id\":\"https:\/\/proventuss.eu\/sk\/produkt\/va-q-tec-vacuum-insulation-panel\/#breadcrumb\"},\"inLanguage\":\"sk-SK\",\"potentialAction\":[{\"@type\":\"ReadAction\",\"target\":[\"https:\/\/proventuss.eu\/sk\/produkt\/va-q-tec-vacuum-insulation-panel\/\"]}]},{\"@type\":\"ImageObject\",\"inLanguage\":\"sk-SK\",\"@id\":\"https:\/\/proventuss.eu\/sk\/produkt\/va-q-tec-vacuum-insulation-panel\/#primaryimage\",\"url\":\"https:\/\/proventuss.eu\/wp-content\/uploads\/2022\/04\/va-Q-vip_F_GGM_524x336.png\",\"contentUrl\":\"https:\/\/proventuss.eu\/wp-content\/uploads\/2022\/04\/va-Q-vip_F_GGM_524x336.png\",\"width\":524,\"height\":336},{\"@type\":\"BreadcrumbList\",\"@id\":\"https:\/\/proventuss.eu\/sk\/produkt\/va-q-tec-vacuum-insulation-panel\/#breadcrumb\",\"itemListElement\":[{\"@type\":\"ListItem\",\"position\":1,\"name\":\"Home\",\"item\":\"https:\/\/proventuss.eu\/\"},{\"@type\":\"ListItem\",\"position\":2,\"name\":\"Produkty\",\"item\":\"https:\/\/proventuss.eu\/produkty\/\"},{\"@type\":\"ListItem\",\"position\":3,\"name\":\"Va-Q-Tec &#8211; Vacuum Insulation Panel\"}]},{\"@type\":\"WebSite\",\"@id\":\"https:\/\/proventuss.eu\/#website\",\"url\":\"https:\/\/proventuss.eu\/\",\"name\":\"Proventuss\",\"description\":\"\",\"potentialAction\":[{\"@type\":\"SearchAction\",\"target\":{\"@type\":\"EntryPoint\",\"urlTemplate\":\"https:\/\/proventuss.eu\/?s={search_term_string}\"},\"query-input\":\"required name=search_term_string\"}],\"inLanguage\":\"sk-SK\"}]}<\/script>\n<!-- \/ Yoast SEO plugin. -->","yoast_head_json":{"title":"Va-Q-Tec - Vacuum Insulation Panel - Proventuss","robots":{"index":"index","follow":"follow","max-snippet":"max-snippet:-1","max-image-preview":"max-image-preview:large","max-video-preview":"max-video-preview:-1"},"canonical":"https:\/\/proventuss.eu\/sk\/produkt\/va-q-tec-vacuum-insulation-panel\/","og_locale":"sk_SK","og_type":"article","og_title":"Va-Q-Tec - Vacuum Insulation Panel - Proventuss","og_description":"VIP \u2013 V\u00c1KUOV\u00c9 IZOLA\u010cN\u00c9 PANELY s\u00fa tenk\u00e9 plechy s v\u00fdborn\u00fdmi tepelnotechnick\u00fdmi vlastnos\u0165ami (ve\u013emi n\u00edzka tepeln\u00e1 vodivos\u0165) ur\u010den\u00e9 na izol\u00e1ciu budov a vyr\u00e1ban\u00e9 pomocou v\u00e1kuovej technol\u00f3gie. S\u00fa viac ako 10-kr\u00e1t \u00fa\u010dinnej\u0161ie ako tradi\u010dn\u00e9 izola\u010dn\u00e9 materi\u00e1ly rovnakej hr\u00fabky. Nehor\u013eav\u00e9 jadro panelu pozost\u00e1va z mikropor\u00e9zneho pr\u00e1\u0161ku oxidu kremi\u010dit\u00e9ho a bolo chr\u00e1nen\u00e9 f\u00f3liou s vysokou plynovou bari\u00e9rou, ktor\u00e1 chr\u00e1ni [&hellip;]","og_url":"https:\/\/proventuss.eu\/sk\/produkt\/va-q-tec-vacuum-insulation-panel\/","og_site_name":"Proventuss","og_image":[{"width":524,"height":336,"url":"https:\/\/proventuss.eu\/wp-content\/uploads\/2022\/04\/va-Q-vip_F_GGM_524x336.png","type":"image\/png"}],"twitter_card":"summary_large_image","twitter_misc":{"Predpokladan\u00fd \u010das \u010d\u00edtania":"1 min\u00fata"},"schema":{"@context":"https:\/\/schema.org","@graph":[{"@type":"WebPage","@id":"https:\/\/proventuss.eu\/sk\/produkt\/va-q-tec-vacuum-insulation-panel\/","url":"https:\/\/proventuss.eu\/sk\/produkt\/va-q-tec-vacuum-insulation-panel\/","name":"Va-Q-Tec - Vacuum Insulation Panel - Proventuss","isPartOf":{"@id":"https:\/\/proventuss.eu\/#website"},"primaryImageOfPage":{"@id":"https:\/\/proventuss.eu\/sk\/produkt\/va-q-tec-vacuum-insulation-panel\/#primaryimage"},"image":{"@id":"https:\/\/proventuss.eu\/sk\/produkt\/va-q-tec-vacuum-insulation-panel\/#primaryimage"},"thumbnailUrl":"https:\/\/proventuss.eu\/wp-content\/uploads\/2022\/04\/va-Q-vip_F_GGM_524x336.png","datePublished":"2022-04-26T09:41:39+00:00","dateModified":"2022-04-26T09:41:39+00:00","breadcrumb":{"@id":"https:\/\/proventuss.eu\/sk\/produkt\/va-q-tec-vacuum-insulation-panel\/#breadcrumb"},"inLanguage":"sk-SK","potentialAction":[{"@type":"ReadAction","target":["https:\/\/proventuss.eu\/sk\/produkt\/va-q-tec-vacuum-insulation-panel\/"]}]},{"@type":"ImageObject","inLanguage":"sk-SK","@id":"https:\/\/proventuss.eu\/sk\/produkt\/va-q-tec-vacuum-insulation-panel\/#primaryimage","url":"https:\/\/proventuss.eu\/wp-content\/uploads\/2022\/04\/va-Q-vip_F_GGM_524x336.png","contentUrl":"https:\/\/proventuss.eu\/wp-content\/uploads\/2022\/04\/va-Q-vip_F_GGM_524x336.png","width":524,"height":336},{"@type":"BreadcrumbList","@id":"https:\/\/proventuss.eu\/sk\/produkt\/va-q-tec-vacuum-insulation-panel\/#breadcrumb","itemListElement":[{"@type":"ListItem","position":1,"name":"Home","item":"https:\/\/proventuss.eu\/"},{"@type":"ListItem","position":2,"name":"Produkty","item":"https:\/\/proventuss.eu\/produkty\/"},{"@type":"ListItem","position":3,"name":"Va-Q-Tec &#8211; Vacuum Insulation Panel"}]},{"@type":"WebSite","@id":"https:\/\/proventuss.eu\/#website","url":"https:\/\/proventuss.eu\/","name":"Proventuss","description":"","potentialAction":[{"@type":"SearchAction","target":{"@type":"EntryPoint","urlTemplate":"https:\/\/proventuss.eu\/?s={search_term_string}"},"query-input":"required name=search_term_string"}],"inLanguage":"sk-SK"}]}},"_links":{"self":[{"href":"https:\/\/proventuss.eu\/sk\/wp-json\/wp\/v2\/product\/8867"}],"collection":[{"href":"https:\/\/proventuss.eu\/sk\/wp-json\/wp\/v2\/product"}],"about":[{"href":"https:\/\/proventuss.eu\/sk\/wp-json\/wp\/v2\/types\/product"}],"replies":[{"embeddable":true,"href":"https:\/\/proventuss.eu\/sk\/wp-json\/wp\/v2\/comments?post=8867"}],"wp:featuredmedia":[{"embeddable":true,"href":"https:\/\/proventuss.eu\/sk\/wp-json\/wp\/v2\/media\/7426"}],"wp:attachment":[{"href":"https:\/\/proventuss.eu\/sk\/wp-json\/wp\/v2\/media?parent=8867"}],"wp:term":[{"taxonomy":"product_cat","embeddable":true,"href":"https:\/\/proventuss.eu\/sk\/wp-json\/wp\/v2\/product_cat?post=8867"},{"taxonomy":"product_tag","embeddable":true,"href":"https:\/\/proventuss.eu\/sk\/wp-json\/wp\/v2\/product_tag?post=8867"}],"curies":[{"name":"wp","href":"https:\/\/api.w.org\/{rel}","templated":true}]}}