{"id":8866,"date":"2022-04-26T09:37:29","date_gmt":"2022-04-26T09:37:29","guid":{"rendered":"https:\/\/proventuss.eu\/produkt\/dupont-insta-stik-mp-fc\/"},"modified":"2024-11-27T08:28:20","modified_gmt":"2024-11-27T08:28:20","slug":"dupont-insta-stik-mp-fc","status":"publish","type":"product","link":"https:\/\/proventuss.eu\/sk\/produkt\/dupont-insta-stik-mp-fc\/","title":{"rendered":"DuPont Insta-Stik MP FC"},"content":{"rendered":"<p>Univerz\u00e1lne, r\u00fdchlotuhn\u00face polyuret\u00e1nov\u00e9 lepidlo s n\u00edzkou roz\u0165a\u017enos\u0165ou, \u0161peci\u00e1lne vyvinut\u00e9 na vertik\u00e1lne a horizont\u00e1lne lepenie dosiek alebo obkladov z XPS, EPS, PIR, PUR, miner\u00e1lnej vlny a sadrokart\u00f3nov\u00fdch dosiek na bet\u00f3n, tehlu, omietku, kame\u0148, drevo, kov a bit\u00fameny membr\u00e1ny alebo na netkanej b\u00e1ze. Mo\u017enos\u0165 osadenia parapetov a nalepenia z\u00e1kladov.<\/p>\n<p>V\u00ddHODY:<br \/>\n&#8211; Vysok\u00e1 \u00fa\u010dinnos\u0165: 750 ml plechovka vysta\u010d\u00ed na pokrytie pribli\u017ene 15 m2 plochy.<br \/>\n&#8211; Zlep\u0161uje s\u00fa\u010dinite\u013e tepelnej izol\u00e1cie fas\u00e1dneho syst\u00e9mu.<br \/>\n&#8211; \u0160irok\u00fd rozsah tepelnej odolnosti: od -40\u00b0C do +100\u00b0C.<br \/>\n&#8211; \u010cist\u00e9 pou\u017eitie &#8211; nezanech\u00e1va prach ani zvy\u0161ky po\u010das in\u0161tal\u00e1cie.<br \/>\n&#8211; R\u00fdchlo vytvrdzuj\u00faca recept\u00fara \u200b\u200bzlep\u0161uje v\u00fdkon na mieste.<br \/>\n&#8211; R\u00fdchla pr\u00edprava a jednoduch\u00e1 in\u0161tal\u00e1cia zni\u017euj\u00fa n\u00e1klady na pr\u00e1cu a materi\u00e1l.<br \/>\n&#8211; Poskytuje pevn\u00e9 a odoln\u00e9 spojenie.<\/p>\n<p>BALENIE:<br \/>\nPlechovka: 750 ml<br \/>\nKart\u00f3n: 12 ks.<\/p>\n","protected":false},"excerpt":{"rendered":"<p>Univerz\u00e1lne, r\u00fdchlotuhn\u00face polyuret\u00e1nov\u00e9 lepidlo s n\u00edzkou roz\u0165a\u017enos\u0165ou, \u0161peci\u00e1lne vyvinut\u00e9 na vertik\u00e1lne a horizont\u00e1lne lepenie dosiek alebo obkladov z XPS, EPS, PIR, PUR, miner\u00e1lnej vlny a sadrokart\u00f3nov\u00fdch dosiek na bet\u00f3n, tehlu, omietku, kame\u0148, drevo, kov a bit\u00fameny membr\u00e1ny alebo na netkanej b\u00e1ze. Mo\u017enos\u0165 osadenia parapetov a nalepenia z\u00e1kladov. V\u00ddHODY: &#8211; Vysok\u00e1 \u00fa\u010dinnos\u0165: 750 ml plechovka vysta\u010d\u00ed [&hellip;]<\/p>\n","protected":false},"featured_media":7787,"comment_status":"open","ping_status":"closed","template":"","meta":{"_acf_changed":false},"product_cat":[394],"product_tag":[],"acf":[],"yoast_head":"<!-- This site is optimized with the Yoast SEO plugin v22.9 - https:\/\/yoast.com\/wordpress\/plugins\/seo\/ -->\n<title>DuPont Insta-Stik MP FC - Proventuss<\/title>\n<meta name=\"robots\" content=\"index, follow, max-snippet:-1, max-image-preview:large, max-video-preview:-1\" \/>\n<link rel=\"canonical\" href=\"https:\/\/proventuss.eu\/sk\/produkt\/dupont-insta-stik-mp-fc\/\" \/>\n<meta property=\"og:locale\" content=\"sk_SK\" \/>\n<meta property=\"og:type\" content=\"article\" \/>\n<meta property=\"og:title\" content=\"DuPont Insta-Stik MP FC - Proventuss\" \/>\n<meta property=\"og:description\" content=\"Univerz\u00e1lne, r\u00fdchlotuhn\u00face polyuret\u00e1nov\u00e9 lepidlo s n\u00edzkou roz\u0165a\u017enos\u0165ou, \u0161peci\u00e1lne vyvinut\u00e9 na vertik\u00e1lne a horizont\u00e1lne lepenie dosiek alebo obkladov z XPS, EPS, PIR, PUR, miner\u00e1lnej vlny a sadrokart\u00f3nov\u00fdch dosiek na bet\u00f3n, tehlu, omietku, kame\u0148, drevo, kov a bit\u00fameny membr\u00e1ny alebo na netkanej b\u00e1ze. Mo\u017enos\u0165 osadenia parapetov a nalepenia z\u00e1kladov. V\u00ddHODY: &#8211; Vysok\u00e1 \u00fa\u010dinnos\u0165: 750 ml plechovka vysta\u010d\u00ed [&hellip;]\" \/>\n<meta property=\"og:url\" content=\"https:\/\/proventuss.eu\/sk\/produkt\/dupont-insta-stik-mp-fc\/\" \/>\n<meta property=\"og:site_name\" content=\"Proventuss\" \/>\n<meta property=\"article:modified_time\" content=\"2024-11-27T08:28:20+00:00\" \/>\n<meta property=\"og:image\" content=\"https:\/\/proventuss.eu\/wp-content\/uploads\/2022\/04\/DuPont-InstStik-Fast-Cure.jpg\" \/>\n\t<meta property=\"og:image:width\" content=\"600\" \/>\n\t<meta property=\"og:image:height\" content=\"600\" \/>\n\t<meta property=\"og:image:type\" content=\"image\/jpeg\" \/>\n<meta name=\"twitter:card\" content=\"summary_large_image\" \/>\n<meta name=\"twitter:label1\" content=\"Predpokladan\u00fd \u010das \u010d\u00edtania\" \/>\n\t<meta name=\"twitter:data1\" content=\"2 min\u00faty\" \/>\n<script type=\"application\/ld+json\" class=\"yoast-schema-graph\">{\"@context\":\"https:\/\/schema.org\",\"@graph\":[{\"@type\":\"WebPage\",\"@id\":\"https:\/\/proventuss.eu\/sk\/produkt\/dupont-insta-stik-mp-fc\/\",\"url\":\"https:\/\/proventuss.eu\/sk\/produkt\/dupont-insta-stik-mp-fc\/\",\"name\":\"DuPont Insta-Stik MP FC - Proventuss\",\"isPartOf\":{\"@id\":\"https:\/\/proventuss.eu\/#website\"},\"primaryImageOfPage\":{\"@id\":\"https:\/\/proventuss.eu\/sk\/produkt\/dupont-insta-stik-mp-fc\/#primaryimage\"},\"image\":{\"@id\":\"https:\/\/proventuss.eu\/sk\/produkt\/dupont-insta-stik-mp-fc\/#primaryimage\"},\"thumbnailUrl\":\"https:\/\/proventuss.eu\/wp-content\/uploads\/2022\/04\/DuPont-InstStik-Fast-Cure.jpg\",\"datePublished\":\"2022-04-26T09:37:29+00:00\",\"dateModified\":\"2024-11-27T08:28:20+00:00\",\"breadcrumb\":{\"@id\":\"https:\/\/proventuss.eu\/sk\/produkt\/dupont-insta-stik-mp-fc\/#breadcrumb\"},\"inLanguage\":\"sk-SK\",\"potentialAction\":[{\"@type\":\"ReadAction\",\"target\":[\"https:\/\/proventuss.eu\/sk\/produkt\/dupont-insta-stik-mp-fc\/\"]}]},{\"@type\":\"ImageObject\",\"inLanguage\":\"sk-SK\",\"@id\":\"https:\/\/proventuss.eu\/sk\/produkt\/dupont-insta-stik-mp-fc\/#primaryimage\",\"url\":\"https:\/\/proventuss.eu\/wp-content\/uploads\/2022\/04\/DuPont-InstStik-Fast-Cure.jpg\",\"contentUrl\":\"https:\/\/proventuss.eu\/wp-content\/uploads\/2022\/04\/DuPont-InstStik-Fast-Cure.jpg\",\"width\":600,\"height\":600,\"caption\":\"Na zdj\u0119ciu szybkowi\u0105\u017c\u0105cy klej DuPont\u2122 Insta-Stik MP FC o dobrej przyczepno\u015bci do wielu materia\u0142\u00f3w budowlanych, ogranicza ha\u0142as i wibracje.\"},{\"@type\":\"BreadcrumbList\",\"@id\":\"https:\/\/proventuss.eu\/sk\/produkt\/dupont-insta-stik-mp-fc\/#breadcrumb\",\"itemListElement\":[{\"@type\":\"ListItem\",\"position\":1,\"name\":\"Home\",\"item\":\"https:\/\/proventuss.eu\/\"},{\"@type\":\"ListItem\",\"position\":2,\"name\":\"Produkty\",\"item\":\"https:\/\/proventuss.eu\/produkty\/\"},{\"@type\":\"ListItem\",\"position\":3,\"name\":\"DuPont Insta-Stik MP FC\"}]},{\"@type\":\"WebSite\",\"@id\":\"https:\/\/proventuss.eu\/#website\",\"url\":\"https:\/\/proventuss.eu\/\",\"name\":\"Proventuss\",\"description\":\"\",\"potentialAction\":[{\"@type\":\"SearchAction\",\"target\":{\"@type\":\"EntryPoint\",\"urlTemplate\":\"https:\/\/proventuss.eu\/?s={search_term_string}\"},\"query-input\":\"required name=search_term_string\"}],\"inLanguage\":\"sk-SK\"}]}<\/script>\n<!-- \/ Yoast SEO plugin. -->","yoast_head_json":{"title":"DuPont Insta-Stik MP FC - Proventuss","robots":{"index":"index","follow":"follow","max-snippet":"max-snippet:-1","max-image-preview":"max-image-preview:large","max-video-preview":"max-video-preview:-1"},"canonical":"https:\/\/proventuss.eu\/sk\/produkt\/dupont-insta-stik-mp-fc\/","og_locale":"sk_SK","og_type":"article","og_title":"DuPont Insta-Stik MP FC - Proventuss","og_description":"Univerz\u00e1lne, r\u00fdchlotuhn\u00face polyuret\u00e1nov\u00e9 lepidlo s n\u00edzkou roz\u0165a\u017enos\u0165ou, \u0161peci\u00e1lne vyvinut\u00e9 na vertik\u00e1lne a horizont\u00e1lne lepenie dosiek alebo obkladov z XPS, EPS, PIR, PUR, miner\u00e1lnej vlny a sadrokart\u00f3nov\u00fdch dosiek na bet\u00f3n, tehlu, omietku, kame\u0148, drevo, kov a bit\u00fameny membr\u00e1ny alebo na netkanej b\u00e1ze. Mo\u017enos\u0165 osadenia parapetov a nalepenia z\u00e1kladov. V\u00ddHODY: &#8211; Vysok\u00e1 \u00fa\u010dinnos\u0165: 750 ml plechovka vysta\u010d\u00ed [&hellip;]","og_url":"https:\/\/proventuss.eu\/sk\/produkt\/dupont-insta-stik-mp-fc\/","og_site_name":"Proventuss","article_modified_time":"2024-11-27T08:28:20+00:00","og_image":[{"width":600,"height":600,"url":"https:\/\/proventuss.eu\/wp-content\/uploads\/2022\/04\/DuPont-InstStik-Fast-Cure.jpg","type":"image\/jpeg"}],"twitter_card":"summary_large_image","twitter_misc":{"Predpokladan\u00fd \u010das \u010d\u00edtania":"2 min\u00faty"},"schema":{"@context":"https:\/\/schema.org","@graph":[{"@type":"WebPage","@id":"https:\/\/proventuss.eu\/sk\/produkt\/dupont-insta-stik-mp-fc\/","url":"https:\/\/proventuss.eu\/sk\/produkt\/dupont-insta-stik-mp-fc\/","name":"DuPont Insta-Stik MP FC - Proventuss","isPartOf":{"@id":"https:\/\/proventuss.eu\/#website"},"primaryImageOfPage":{"@id":"https:\/\/proventuss.eu\/sk\/produkt\/dupont-insta-stik-mp-fc\/#primaryimage"},"image":{"@id":"https:\/\/proventuss.eu\/sk\/produkt\/dupont-insta-stik-mp-fc\/#primaryimage"},"thumbnailUrl":"https:\/\/proventuss.eu\/wp-content\/uploads\/2022\/04\/DuPont-InstStik-Fast-Cure.jpg","datePublished":"2022-04-26T09:37:29+00:00","dateModified":"2024-11-27T08:28:20+00:00","breadcrumb":{"@id":"https:\/\/proventuss.eu\/sk\/produkt\/dupont-insta-stik-mp-fc\/#breadcrumb"},"inLanguage":"sk-SK","potentialAction":[{"@type":"ReadAction","target":["https:\/\/proventuss.eu\/sk\/produkt\/dupont-insta-stik-mp-fc\/"]}]},{"@type":"ImageObject","inLanguage":"sk-SK","@id":"https:\/\/proventuss.eu\/sk\/produkt\/dupont-insta-stik-mp-fc\/#primaryimage","url":"https:\/\/proventuss.eu\/wp-content\/uploads\/2022\/04\/DuPont-InstStik-Fast-Cure.jpg","contentUrl":"https:\/\/proventuss.eu\/wp-content\/uploads\/2022\/04\/DuPont-InstStik-Fast-Cure.jpg","width":600,"height":600,"caption":"Na zdj\u0119ciu szybkowi\u0105\u017c\u0105cy klej DuPont\u2122 Insta-Stik MP FC o dobrej przyczepno\u015bci do wielu materia\u0142\u00f3w budowlanych, ogranicza ha\u0142as i wibracje."},{"@type":"BreadcrumbList","@id":"https:\/\/proventuss.eu\/sk\/produkt\/dupont-insta-stik-mp-fc\/#breadcrumb","itemListElement":[{"@type":"ListItem","position":1,"name":"Home","item":"https:\/\/proventuss.eu\/"},{"@type":"ListItem","position":2,"name":"Produkty","item":"https:\/\/proventuss.eu\/produkty\/"},{"@type":"ListItem","position":3,"name":"DuPont Insta-Stik MP FC"}]},{"@type":"WebSite","@id":"https:\/\/proventuss.eu\/#website","url":"https:\/\/proventuss.eu\/","name":"Proventuss","description":"","potentialAction":[{"@type":"SearchAction","target":{"@type":"EntryPoint","urlTemplate":"https:\/\/proventuss.eu\/?s={search_term_string}"},"query-input":"required name=search_term_string"}],"inLanguage":"sk-SK"}]}},"_links":{"self":[{"href":"https:\/\/proventuss.eu\/sk\/wp-json\/wp\/v2\/product\/8866"}],"collection":[{"href":"https:\/\/proventuss.eu\/sk\/wp-json\/wp\/v2\/product"}],"about":[{"href":"https:\/\/proventuss.eu\/sk\/wp-json\/wp\/v2\/types\/product"}],"replies":[{"embeddable":true,"href":"https:\/\/proventuss.eu\/sk\/wp-json\/wp\/v2\/comments?post=8866"}],"wp:featuredmedia":[{"embeddable":true,"href":"https:\/\/proventuss.eu\/sk\/wp-json\/wp\/v2\/media\/7787"}],"wp:attachment":[{"href":"https:\/\/proventuss.eu\/sk\/wp-json\/wp\/v2\/media?parent=8866"}],"wp:term":[{"taxonomy":"product_cat","embeddable":true,"href":"https:\/\/proventuss.eu\/sk\/wp-json\/wp\/v2\/product_cat?post=8866"},{"taxonomy":"product_tag","embeddable":true,"href":"https:\/\/proventuss.eu\/sk\/wp-json\/wp\/v2\/product_tag?post=8866"}],"curies":[{"name":"wp","href":"https:\/\/api.w.org\/{rel}","templated":true}]}}