{"id":8865,"date":"2022-04-26T09:33:42","date_gmt":"2022-04-26T09:33:42","guid":{"rendered":"https:\/\/proventuss.eu\/produkt\/bituthene\/"},"modified":"2022-04-26T09:33:42","modified_gmt":"2022-04-26T09:33:42","slug":"bituthene","status":"publish","type":"product","link":"https:\/\/proventuss.eu\/sk\/produkt\/bituthene\/","title":{"rendered":"BITUTHENE\u00ae"},"content":{"rendered":"<p>Poch\u00f4dzne strechy, inverzn\u00e9 ploch\u00e9 strechy, zelen\u00e9 strechy a vyv\u00fd\u0161en\u00e9 terasy. Z\u00e1kladov\u00e9 m\u00fary. Tunely, stanice metra a infra\u0161trukt\u00fara. Pre ka\u017ed\u00fa z t\u00fdchto aplik\u00e1ci\u00ed aj pre mnoho \u010fal\u0161\u00edch, existuje v\u00fdrobok BITUTHENE\u00ae vyvinut\u00fd GCP Applied Technologies. HYDROIZOLA\u010cN\u00dd SYST\u00c9M BITUTHEN\u00ae najspo\u013eahlivej\u0161ia hydroizola\u010dn\u00e1 f\u00f3lia pre dodato\u010dn\u00fa izol\u00e1ciu, ich \u00fa\u010dinnos\u0165 bola overen\u00e1 \u010dasom v nespo\u010detn\u00fdch projektoch. Trvanliv\u00fd, univerz\u00e1lny a \u013eahko aplikovate\u013en\u00fd, hydroizola\u010dn\u00fd syst\u00e9m BITUTHENE\u00ae odvedie svoju pr\u00e1cu.<\/p>\n<p><strong>V\u00ddHODY:<\/strong><br \/>\n\u2022 Robustn\u00e1 f\u00f3lia a \u0161peci\u00e1lne formulovan\u00e9 lepidlo poskytne maxim\u00e1lnu ochranu pred vodou<br \/>\n\u2022 Ohybn\u00e1, ale siln\u00e1 f\u00f3lia poskytuje schopnos\u0165 preklen\u00fa\u0165 praskliny a pohybuje sa s bet\u00f3nom a akomoduje drobn\u00e9 pohyby<br \/>\n\u2022 Riaden\u00e1 hr\u00fabka zni\u017euje odch\u00fdlky<\/p>\n<p>BITUTHENE\u00ae je dostupn\u00fd v mnoh\u00fdch variantoch, aby splnil po\u017eiadavky V\u00e1\u0161ho projektu. Je dod\u00e1van\u00fd ako \u013eahko aplikovate\u013en\u00e1 tabu\u013ea, m\u00f4\u017ee by\u0165 aplikovan\u00fd pri n\u00edzkych teplot\u00e1ch a\u017e 3,9 \u00b0 C a m\u00f4\u017ee by\u0165 polo\u017een\u00fd na r\u00f4zne bet\u00f3nov\u00e9 povrchy. Jeho robustn\u00e9 hydroizola\u010dn\u00e9 vlastnosti, kombinovan\u00e9 s jednoduchos\u0165ou aplik\u00e1cie, prin\u00e1\u0161aj\u00fa produkt \u00fastretov\u00fd k dod\u00e1vate\u013eom a prid\u00e1va hodnotu stavebn\u00fdm projektom.<\/p>\n","protected":false},"excerpt":{"rendered":"<p>Poch\u00f4dzne strechy, inverzn\u00e9 ploch\u00e9 strechy, zelen\u00e9 strechy a vyv\u00fd\u0161en\u00e9 terasy. Z\u00e1kladov\u00e9 m\u00fary. Tunely, stanice metra a infra\u0161trukt\u00fara. Pre ka\u017ed\u00fa z t\u00fdchto aplik\u00e1ci\u00ed aj pre mnoho \u010fal\u0161\u00edch, existuje v\u00fdrobok BITUTHENE\u00ae vyvinut\u00fd GCP Applied Technologies. HYDROIZOLA\u010cN\u00dd SYST\u00c9M BITUTHEN\u00ae najspo\u013eahlivej\u0161ia hydroizola\u010dn\u00e1 f\u00f3lia pre dodato\u010dn\u00fa izol\u00e1ciu, ich \u00fa\u010dinnos\u0165 bola overen\u00e1 \u010dasom v nespo\u010detn\u00fdch projektoch. Trvanliv\u00fd, univerz\u00e1lny a \u013eahko aplikovate\u013en\u00fd, [&hellip;]<\/p>\n","protected":false},"featured_media":7427,"comment_status":"open","ping_status":"closed","template":"","meta":{"_acf_changed":false},"product_cat":[15],"product_tag":[],"acf":[],"yoast_head":"<!-- This site is optimized with the Yoast SEO plugin v22.9 - https:\/\/yoast.com\/wordpress\/plugins\/seo\/ -->\n<title>BITUTHENE\u00ae - Proventuss<\/title>\n<meta name=\"robots\" content=\"index, follow, max-snippet:-1, max-image-preview:large, max-video-preview:-1\" \/>\n<link rel=\"canonical\" href=\"https:\/\/proventuss.eu\/sk\/produkt\/bituthene\/\" \/>\n<meta property=\"og:locale\" content=\"sk_SK\" \/>\n<meta property=\"og:type\" content=\"article\" \/>\n<meta property=\"og:title\" content=\"BITUTHENE\u00ae - Proventuss\" \/>\n<meta property=\"og:description\" content=\"Poch\u00f4dzne strechy, inverzn\u00e9 ploch\u00e9 strechy, zelen\u00e9 strechy a vyv\u00fd\u0161en\u00e9 terasy. Z\u00e1kladov\u00e9 m\u00fary. Tunely, stanice metra a infra\u0161trukt\u00fara. Pre ka\u017ed\u00fa z t\u00fdchto aplik\u00e1ci\u00ed aj pre mnoho \u010fal\u0161\u00edch, existuje v\u00fdrobok BITUTHENE\u00ae vyvinut\u00fd GCP Applied Technologies. HYDROIZOLA\u010cN\u00dd SYST\u00c9M BITUTHEN\u00ae najspo\u013eahlivej\u0161ia hydroizola\u010dn\u00e1 f\u00f3lia pre dodato\u010dn\u00fa izol\u00e1ciu, ich \u00fa\u010dinnos\u0165 bola overen\u00e1 \u010dasom v nespo\u010detn\u00fdch projektoch. Trvanliv\u00fd, univerz\u00e1lny a \u013eahko aplikovate\u013en\u00fd, [&hellip;]\" \/>\n<meta property=\"og:url\" content=\"https:\/\/proventuss.eu\/sk\/produkt\/bituthene\/\" \/>\n<meta property=\"og:site_name\" content=\"Proventuss\" \/>\n<meta property=\"og:image\" content=\"https:\/\/proventuss.eu\/wp-content\/uploads\/2022\/04\/hydro-bituthene.jpg\" \/>\n\t<meta property=\"og:image:width\" content=\"1024\" \/>\n\t<meta property=\"og:image:height\" content=\"678\" \/>\n\t<meta property=\"og:image:type\" content=\"image\/jpeg\" \/>\n<meta name=\"twitter:card\" content=\"summary_large_image\" \/>\n<meta name=\"twitter:label1\" content=\"Predpokladan\u00fd \u010das \u010d\u00edtania\" \/>\n\t<meta name=\"twitter:data1\" content=\"1 min\u00fata\" \/>\n<script type=\"application\/ld+json\" class=\"yoast-schema-graph\">{\"@context\":\"https:\/\/schema.org\",\"@graph\":[{\"@type\":\"WebPage\",\"@id\":\"https:\/\/proventuss.eu\/sk\/produkt\/bituthene\/\",\"url\":\"https:\/\/proventuss.eu\/sk\/produkt\/bituthene\/\",\"name\":\"BITUTHENE\u00ae - Proventuss\",\"isPartOf\":{\"@id\":\"https:\/\/proventuss.eu\/#website\"},\"primaryImageOfPage\":{\"@id\":\"https:\/\/proventuss.eu\/sk\/produkt\/bituthene\/#primaryimage\"},\"image\":{\"@id\":\"https:\/\/proventuss.eu\/sk\/produkt\/bituthene\/#primaryimage\"},\"thumbnailUrl\":\"https:\/\/proventuss.eu\/wp-content\/uploads\/2022\/04\/hydro-bituthene.jpg\",\"datePublished\":\"2022-04-26T09:33:42+00:00\",\"dateModified\":\"2022-04-26T09:33:42+00:00\",\"breadcrumb\":{\"@id\":\"https:\/\/proventuss.eu\/sk\/produkt\/bituthene\/#breadcrumb\"},\"inLanguage\":\"sk-SK\",\"potentialAction\":[{\"@type\":\"ReadAction\",\"target\":[\"https:\/\/proventuss.eu\/sk\/produkt\/bituthene\/\"]}]},{\"@type\":\"ImageObject\",\"inLanguage\":\"sk-SK\",\"@id\":\"https:\/\/proventuss.eu\/sk\/produkt\/bituthene\/#primaryimage\",\"url\":\"https:\/\/proventuss.eu\/wp-content\/uploads\/2022\/04\/hydro-bituthene.jpg\",\"contentUrl\":\"https:\/\/proventuss.eu\/wp-content\/uploads\/2022\/04\/hydro-bituthene.jpg\",\"width\":1024,\"height\":678},{\"@type\":\"BreadcrumbList\",\"@id\":\"https:\/\/proventuss.eu\/sk\/produkt\/bituthene\/#breadcrumb\",\"itemListElement\":[{\"@type\":\"ListItem\",\"position\":1,\"name\":\"Home\",\"item\":\"https:\/\/proventuss.eu\/\"},{\"@type\":\"ListItem\",\"position\":2,\"name\":\"Produkty\",\"item\":\"https:\/\/proventuss.eu\/produkty\/\"},{\"@type\":\"ListItem\",\"position\":3,\"name\":\"BITUTHENE\u00ae\"}]},{\"@type\":\"WebSite\",\"@id\":\"https:\/\/proventuss.eu\/#website\",\"url\":\"https:\/\/proventuss.eu\/\",\"name\":\"Proventuss\",\"description\":\"\",\"potentialAction\":[{\"@type\":\"SearchAction\",\"target\":{\"@type\":\"EntryPoint\",\"urlTemplate\":\"https:\/\/proventuss.eu\/?s={search_term_string}\"},\"query-input\":\"required name=search_term_string\"}],\"inLanguage\":\"sk-SK\"}]}<\/script>\n<!-- \/ Yoast SEO plugin. -->","yoast_head_json":{"title":"BITUTHENE\u00ae - Proventuss","robots":{"index":"index","follow":"follow","max-snippet":"max-snippet:-1","max-image-preview":"max-image-preview:large","max-video-preview":"max-video-preview:-1"},"canonical":"https:\/\/proventuss.eu\/sk\/produkt\/bituthene\/","og_locale":"sk_SK","og_type":"article","og_title":"BITUTHENE\u00ae - Proventuss","og_description":"Poch\u00f4dzne strechy, inverzn\u00e9 ploch\u00e9 strechy, zelen\u00e9 strechy a vyv\u00fd\u0161en\u00e9 terasy. Z\u00e1kladov\u00e9 m\u00fary. Tunely, stanice metra a infra\u0161trukt\u00fara. Pre ka\u017ed\u00fa z t\u00fdchto aplik\u00e1ci\u00ed aj pre mnoho \u010fal\u0161\u00edch, existuje v\u00fdrobok BITUTHENE\u00ae vyvinut\u00fd GCP Applied Technologies. HYDROIZOLA\u010cN\u00dd SYST\u00c9M BITUTHEN\u00ae najspo\u013eahlivej\u0161ia hydroizola\u010dn\u00e1 f\u00f3lia pre dodato\u010dn\u00fa izol\u00e1ciu, ich \u00fa\u010dinnos\u0165 bola overen\u00e1 \u010dasom v nespo\u010detn\u00fdch projektoch. Trvanliv\u00fd, univerz\u00e1lny a \u013eahko aplikovate\u013en\u00fd, [&hellip;]","og_url":"https:\/\/proventuss.eu\/sk\/produkt\/bituthene\/","og_site_name":"Proventuss","og_image":[{"width":1024,"height":678,"url":"https:\/\/proventuss.eu\/wp-content\/uploads\/2022\/04\/hydro-bituthene.jpg","type":"image\/jpeg"}],"twitter_card":"summary_large_image","twitter_misc":{"Predpokladan\u00fd \u010das \u010d\u00edtania":"1 min\u00fata"},"schema":{"@context":"https:\/\/schema.org","@graph":[{"@type":"WebPage","@id":"https:\/\/proventuss.eu\/sk\/produkt\/bituthene\/","url":"https:\/\/proventuss.eu\/sk\/produkt\/bituthene\/","name":"BITUTHENE\u00ae - Proventuss","isPartOf":{"@id":"https:\/\/proventuss.eu\/#website"},"primaryImageOfPage":{"@id":"https:\/\/proventuss.eu\/sk\/produkt\/bituthene\/#primaryimage"},"image":{"@id":"https:\/\/proventuss.eu\/sk\/produkt\/bituthene\/#primaryimage"},"thumbnailUrl":"https:\/\/proventuss.eu\/wp-content\/uploads\/2022\/04\/hydro-bituthene.jpg","datePublished":"2022-04-26T09:33:42+00:00","dateModified":"2022-04-26T09:33:42+00:00","breadcrumb":{"@id":"https:\/\/proventuss.eu\/sk\/produkt\/bituthene\/#breadcrumb"},"inLanguage":"sk-SK","potentialAction":[{"@type":"ReadAction","target":["https:\/\/proventuss.eu\/sk\/produkt\/bituthene\/"]}]},{"@type":"ImageObject","inLanguage":"sk-SK","@id":"https:\/\/proventuss.eu\/sk\/produkt\/bituthene\/#primaryimage","url":"https:\/\/proventuss.eu\/wp-content\/uploads\/2022\/04\/hydro-bituthene.jpg","contentUrl":"https:\/\/proventuss.eu\/wp-content\/uploads\/2022\/04\/hydro-bituthene.jpg","width":1024,"height":678},{"@type":"BreadcrumbList","@id":"https:\/\/proventuss.eu\/sk\/produkt\/bituthene\/#breadcrumb","itemListElement":[{"@type":"ListItem","position":1,"name":"Home","item":"https:\/\/proventuss.eu\/"},{"@type":"ListItem","position":2,"name":"Produkty","item":"https:\/\/proventuss.eu\/produkty\/"},{"@type":"ListItem","position":3,"name":"BITUTHENE\u00ae"}]},{"@type":"WebSite","@id":"https:\/\/proventuss.eu\/#website","url":"https:\/\/proventuss.eu\/","name":"Proventuss","description":"","potentialAction":[{"@type":"SearchAction","target":{"@type":"EntryPoint","urlTemplate":"https:\/\/proventuss.eu\/?s={search_term_string}"},"query-input":"required name=search_term_string"}],"inLanguage":"sk-SK"}]}},"_links":{"self":[{"href":"https:\/\/proventuss.eu\/sk\/wp-json\/wp\/v2\/product\/8865"}],"collection":[{"href":"https:\/\/proventuss.eu\/sk\/wp-json\/wp\/v2\/product"}],"about":[{"href":"https:\/\/proventuss.eu\/sk\/wp-json\/wp\/v2\/types\/product"}],"replies":[{"embeddable":true,"href":"https:\/\/proventuss.eu\/sk\/wp-json\/wp\/v2\/comments?post=8865"}],"wp:featuredmedia":[{"embeddable":true,"href":"https:\/\/proventuss.eu\/sk\/wp-json\/wp\/v2\/media\/7427"}],"wp:attachment":[{"href":"https:\/\/proventuss.eu\/sk\/wp-json\/wp\/v2\/media?parent=8865"}],"wp:term":[{"taxonomy":"product_cat","embeddable":true,"href":"https:\/\/proventuss.eu\/sk\/wp-json\/wp\/v2\/product_cat?post=8865"},{"taxonomy":"product_tag","embeddable":true,"href":"https:\/\/proventuss.eu\/sk\/wp-json\/wp\/v2\/product_tag?post=8865"}],"curies":[{"name":"wp","href":"https:\/\/api.w.org\/{rel}","templated":true}]}}