{"id":8864,"date":"2022-04-26T09:30:23","date_gmt":"2022-04-26T09:30:23","guid":{"rendered":"https:\/\/proventuss.eu\/produkt\/servidek-servipak\/"},"modified":"2022-04-26T09:30:23","modified_gmt":"2022-04-26T09:30:23","slug":"servidek-servipak","status":"publish","type":"product","link":"https:\/\/proventuss.eu\/sk\/produkt\/servidek-servipak\/","title":{"rendered":"Servidek\u00ae\/Servipak\u00ae"},"content":{"rendered":"<p><strong>TEKUT\u00dd HYDROIZOLA\u010cN\u00dd SYST\u00c9M<\/strong> dvojzlo\u017ekov\u00fd za studena aplikovan\u00fd hydroizola\u010dn\u00fd materi\u00e1l na b\u00e1ze gumy\/asfaltu je navrhnut\u00fd pre bet\u00f3nov\u00e9 a oce\u013eov\u00e9 cestn\u00e9 a \u017eelezni\u010dn\u00e9 mosty.<\/p>\n<p>Servidek\u00ae\/Servipak\u00ae je vhodn\u00fd pre nov\u00e9 a opravn\u00e9 hydroizola\u010dn\u00e9 aplik\u00e1cie v mostoch s nutnos\u0165ou zn\u00ed\u017ei\u0165 dopravn\u00e9 obmedzenia.<\/p>\n<p><strong>V\u00ddHODY:<\/strong><br \/>\n\u2022 Tolerantn\u00fd vo\u010di vlhk\u00e9mu povrchu &#8211; \u0161irok\u00e9 \u201eokno pre po\u010dasie\u201d pri aplik\u00e1cii<br \/>\n\u2022 Elastomerick\u00fd &#8211; bude zn\u00e1\u0161a\u0165 praskanie v podkladoch sp\u00f4soben\u00e9 ohybom alebo zmr\u0161\u0165ovan\u00edm<br \/>\n\u2022 Vlastnosti pri n\u00edzkych teplot\u00e1ch &#8211; pri\u013enavos\u0165 a flexibilita zachovan\u00e9 pri prev\u00e1dzkov\u00fdch podmienkach -40\u00b0C<br \/>\n\u2022 Kritick\u00e1 cesta &#8211; dokon\u010dovacie pr\u00e1ce m\u00f4\u017eu by\u0165 vykonan\u00e9 4 hodiny po in\u0161tal\u00e1cii hydroizol\u00e1cie<br \/>\n\u2022 Bez podkladov\u00e9ho n\u00e1teru &#8211; hydroizol\u00e1cia SERVIDEK\u00ae je aplikovan\u00e1 priamo na \u010dist\u00e9 povrchy<br \/>\n\u2022 Jednoduch\u00e1 aplik\u00e1cia stierkou &#8211; bez \u0161pecializovan\u00e9ho vybavenia<br \/>\n\u2022 Robustn\u00fd SERVIPAK\u00ae Ochrann\u00e9 dosky &#8211; prevencia po\u0161kodenia f\u00f3lie \u010fal\u0161\u00edmi remeslami a zariaden\u00edm na nan\u00e1\u0161anie asfaltu<br \/>\n\u2022 Vhodn\u00e9 pre aplik\u00e1ciu na \u201e\u010derstvom\u201d bet\u00f3ne &#8211; v pr\u00edpade potreby m\u00f4\u017ee by\u0165 syst\u00e9m nanesen\u00fd na \u010derstvom bet\u00f3ne, obvykle po 24 hodin\u00e1ch.<br \/>\nRovnako m\u00f4\u017ee sl\u00fa\u017ei\u0165 ako vrstva na zrenie \u010derstv\u00e9ho bet\u00f3nu.<\/p>\n<p><strong>BALENIE:<\/strong><br \/>\n<strong>SERVIDEK\u00ae<\/strong><br \/>\nVedro: 20.47 kg + 4.5 kg (Zlo\u017eka A + Zlo\u017eka B)<\/p>\n<p><strong>SERVIPAK\u00ae:<\/strong><br \/>\n<strong>Dosky:<\/strong><br \/>\nServipak\u00ae 3: 3 mm x 1 m x 1.5 m (1.5 m2)<br \/>\nServipak\u00ae 6: 6 mm x 1 m x 1.5 m (1.5 m2)<br \/>\nServipak\u00ae 12: 12 mm x 1 m x 1 m (1 m2)<\/p>\n","protected":false},"excerpt":{"rendered":"<p>TEKUT\u00dd HYDROIZOLA\u010cN\u00dd SYST\u00c9M dvojzlo\u017ekov\u00fd za studena aplikovan\u00fd hydroizola\u010dn\u00fd materi\u00e1l na b\u00e1ze gumy\/asfaltu je navrhnut\u00fd pre bet\u00f3nov\u00e9 a oce\u013eov\u00e9 cestn\u00e9 a \u017eelezni\u010dn\u00e9 mosty. Servidek\u00ae\/Servipak\u00ae je vhodn\u00fd pre nov\u00e9 a opravn\u00e9 hydroizola\u010dn\u00e9 aplik\u00e1cie v mostoch s nutnos\u0165ou zn\u00ed\u017ei\u0165 dopravn\u00e9 obmedzenia. V\u00ddHODY: \u2022 Tolerantn\u00fd vo\u010di vlhk\u00e9mu povrchu &#8211; \u0161irok\u00e9 \u201eokno pre po\u010dasie\u201d pri aplik\u00e1cii \u2022 Elastomerick\u00fd &#8211; bude [&hellip;]<\/p>\n","protected":false},"featured_media":7428,"comment_status":"open","ping_status":"closed","template":"","meta":{"_acf_changed":false},"product_cat":[15],"product_tag":[],"acf":[],"yoast_head":"<!-- This site is optimized with the Yoast SEO plugin v22.9 - https:\/\/yoast.com\/wordpress\/plugins\/seo\/ -->\n<title>Servidek\u00ae\/Servipak\u00ae - Proventuss<\/title>\n<meta name=\"robots\" content=\"index, follow, max-snippet:-1, max-image-preview:large, max-video-preview:-1\" \/>\n<link rel=\"canonical\" href=\"https:\/\/proventuss.eu\/sk\/produkt\/servidek-servipak\/\" \/>\n<meta property=\"og:locale\" content=\"sk_SK\" \/>\n<meta property=\"og:type\" content=\"article\" \/>\n<meta property=\"og:title\" content=\"Servidek\u00ae\/Servipak\u00ae - Proventuss\" \/>\n<meta property=\"og:description\" content=\"TEKUT\u00dd HYDROIZOLA\u010cN\u00dd SYST\u00c9M dvojzlo\u017ekov\u00fd za studena aplikovan\u00fd hydroizola\u010dn\u00fd materi\u00e1l na b\u00e1ze gumy\/asfaltu je navrhnut\u00fd pre bet\u00f3nov\u00e9 a oce\u013eov\u00e9 cestn\u00e9 a \u017eelezni\u010dn\u00e9 mosty. Servidek\u00ae\/Servipak\u00ae je vhodn\u00fd pre nov\u00e9 a opravn\u00e9 hydroizola\u010dn\u00e9 aplik\u00e1cie v mostoch s nutnos\u0165ou zn\u00ed\u017ei\u0165 dopravn\u00e9 obmedzenia. V\u00ddHODY: \u2022 Tolerantn\u00fd vo\u010di vlhk\u00e9mu povrchu &#8211; \u0161irok\u00e9 \u201eokno pre po\u010dasie\u201d pri aplik\u00e1cii \u2022 Elastomerick\u00fd &#8211; bude [&hellip;]\" \/>\n<meta property=\"og:url\" content=\"https:\/\/proventuss.eu\/sk\/produkt\/servidek-servipak\/\" \/>\n<meta property=\"og:site_name\" content=\"Proventuss\" \/>\n<meta property=\"og:image\" content=\"https:\/\/proventuss.eu\/wp-content\/uploads\/2022\/04\/hydro-servepak-servidek.jpg\" \/>\n\t<meta property=\"og:image:width\" content=\"1024\" \/>\n\t<meta property=\"og:image:height\" content=\"683\" \/>\n\t<meta property=\"og:image:type\" content=\"image\/jpeg\" \/>\n<meta name=\"twitter:card\" content=\"summary_large_image\" \/>\n<meta name=\"twitter:label1\" content=\"Predpokladan\u00fd \u010das \u010d\u00edtania\" \/>\n\t<meta name=\"twitter:data1\" content=\"1 min\u00fata\" \/>\n<script type=\"application\/ld+json\" class=\"yoast-schema-graph\">{\"@context\":\"https:\/\/schema.org\",\"@graph\":[{\"@type\":\"WebPage\",\"@id\":\"https:\/\/proventuss.eu\/sk\/produkt\/servidek-servipak\/\",\"url\":\"https:\/\/proventuss.eu\/sk\/produkt\/servidek-servipak\/\",\"name\":\"Servidek\u00ae\/Servipak\u00ae - Proventuss\",\"isPartOf\":{\"@id\":\"https:\/\/proventuss.eu\/#website\"},\"primaryImageOfPage\":{\"@id\":\"https:\/\/proventuss.eu\/sk\/produkt\/servidek-servipak\/#primaryimage\"},\"image\":{\"@id\":\"https:\/\/proventuss.eu\/sk\/produkt\/servidek-servipak\/#primaryimage\"},\"thumbnailUrl\":\"https:\/\/proventuss.eu\/wp-content\/uploads\/2022\/04\/hydro-servepak-servidek.jpg\",\"datePublished\":\"2022-04-26T09:30:23+00:00\",\"dateModified\":\"2022-04-26T09:30:23+00:00\",\"breadcrumb\":{\"@id\":\"https:\/\/proventuss.eu\/sk\/produkt\/servidek-servipak\/#breadcrumb\"},\"inLanguage\":\"sk-SK\",\"potentialAction\":[{\"@type\":\"ReadAction\",\"target\":[\"https:\/\/proventuss.eu\/sk\/produkt\/servidek-servipak\/\"]}]},{\"@type\":\"ImageObject\",\"inLanguage\":\"sk-SK\",\"@id\":\"https:\/\/proventuss.eu\/sk\/produkt\/servidek-servipak\/#primaryimage\",\"url\":\"https:\/\/proventuss.eu\/wp-content\/uploads\/2022\/04\/hydro-servepak-servidek.jpg\",\"contentUrl\":\"https:\/\/proventuss.eu\/wp-content\/uploads\/2022\/04\/hydro-servepak-servidek.jpg\",\"width\":1024,\"height\":683},{\"@type\":\"BreadcrumbList\",\"@id\":\"https:\/\/proventuss.eu\/sk\/produkt\/servidek-servipak\/#breadcrumb\",\"itemListElement\":[{\"@type\":\"ListItem\",\"position\":1,\"name\":\"Home\",\"item\":\"https:\/\/proventuss.eu\/\"},{\"@type\":\"ListItem\",\"position\":2,\"name\":\"Produkty\",\"item\":\"https:\/\/proventuss.eu\/produkty\/\"},{\"@type\":\"ListItem\",\"position\":3,\"name\":\"Servidek\u00ae\/Servipak\u00ae\"}]},{\"@type\":\"WebSite\",\"@id\":\"https:\/\/proventuss.eu\/#website\",\"url\":\"https:\/\/proventuss.eu\/\",\"name\":\"Proventuss\",\"description\":\"\",\"potentialAction\":[{\"@type\":\"SearchAction\",\"target\":{\"@type\":\"EntryPoint\",\"urlTemplate\":\"https:\/\/proventuss.eu\/?s={search_term_string}\"},\"query-input\":\"required name=search_term_string\"}],\"inLanguage\":\"sk-SK\"}]}<\/script>\n<!-- \/ Yoast SEO plugin. -->","yoast_head_json":{"title":"Servidek\u00ae\/Servipak\u00ae - Proventuss","robots":{"index":"index","follow":"follow","max-snippet":"max-snippet:-1","max-image-preview":"max-image-preview:large","max-video-preview":"max-video-preview:-1"},"canonical":"https:\/\/proventuss.eu\/sk\/produkt\/servidek-servipak\/","og_locale":"sk_SK","og_type":"article","og_title":"Servidek\u00ae\/Servipak\u00ae - Proventuss","og_description":"TEKUT\u00dd HYDROIZOLA\u010cN\u00dd SYST\u00c9M dvojzlo\u017ekov\u00fd za studena aplikovan\u00fd hydroizola\u010dn\u00fd materi\u00e1l na b\u00e1ze gumy\/asfaltu je navrhnut\u00fd pre bet\u00f3nov\u00e9 a oce\u013eov\u00e9 cestn\u00e9 a \u017eelezni\u010dn\u00e9 mosty. Servidek\u00ae\/Servipak\u00ae je vhodn\u00fd pre nov\u00e9 a opravn\u00e9 hydroizola\u010dn\u00e9 aplik\u00e1cie v mostoch s nutnos\u0165ou zn\u00ed\u017ei\u0165 dopravn\u00e9 obmedzenia. V\u00ddHODY: \u2022 Tolerantn\u00fd vo\u010di vlhk\u00e9mu povrchu &#8211; \u0161irok\u00e9 \u201eokno pre po\u010dasie\u201d pri aplik\u00e1cii \u2022 Elastomerick\u00fd &#8211; bude [&hellip;]","og_url":"https:\/\/proventuss.eu\/sk\/produkt\/servidek-servipak\/","og_site_name":"Proventuss","og_image":[{"width":1024,"height":683,"url":"https:\/\/proventuss.eu\/wp-content\/uploads\/2022\/04\/hydro-servepak-servidek.jpg","type":"image\/jpeg"}],"twitter_card":"summary_large_image","twitter_misc":{"Predpokladan\u00fd \u010das \u010d\u00edtania":"1 min\u00fata"},"schema":{"@context":"https:\/\/schema.org","@graph":[{"@type":"WebPage","@id":"https:\/\/proventuss.eu\/sk\/produkt\/servidek-servipak\/","url":"https:\/\/proventuss.eu\/sk\/produkt\/servidek-servipak\/","name":"Servidek\u00ae\/Servipak\u00ae - Proventuss","isPartOf":{"@id":"https:\/\/proventuss.eu\/#website"},"primaryImageOfPage":{"@id":"https:\/\/proventuss.eu\/sk\/produkt\/servidek-servipak\/#primaryimage"},"image":{"@id":"https:\/\/proventuss.eu\/sk\/produkt\/servidek-servipak\/#primaryimage"},"thumbnailUrl":"https:\/\/proventuss.eu\/wp-content\/uploads\/2022\/04\/hydro-servepak-servidek.jpg","datePublished":"2022-04-26T09:30:23+00:00","dateModified":"2022-04-26T09:30:23+00:00","breadcrumb":{"@id":"https:\/\/proventuss.eu\/sk\/produkt\/servidek-servipak\/#breadcrumb"},"inLanguage":"sk-SK","potentialAction":[{"@type":"ReadAction","target":["https:\/\/proventuss.eu\/sk\/produkt\/servidek-servipak\/"]}]},{"@type":"ImageObject","inLanguage":"sk-SK","@id":"https:\/\/proventuss.eu\/sk\/produkt\/servidek-servipak\/#primaryimage","url":"https:\/\/proventuss.eu\/wp-content\/uploads\/2022\/04\/hydro-servepak-servidek.jpg","contentUrl":"https:\/\/proventuss.eu\/wp-content\/uploads\/2022\/04\/hydro-servepak-servidek.jpg","width":1024,"height":683},{"@type":"BreadcrumbList","@id":"https:\/\/proventuss.eu\/sk\/produkt\/servidek-servipak\/#breadcrumb","itemListElement":[{"@type":"ListItem","position":1,"name":"Home","item":"https:\/\/proventuss.eu\/"},{"@type":"ListItem","position":2,"name":"Produkty","item":"https:\/\/proventuss.eu\/produkty\/"},{"@type":"ListItem","position":3,"name":"Servidek\u00ae\/Servipak\u00ae"}]},{"@type":"WebSite","@id":"https:\/\/proventuss.eu\/#website","url":"https:\/\/proventuss.eu\/","name":"Proventuss","description":"","potentialAction":[{"@type":"SearchAction","target":{"@type":"EntryPoint","urlTemplate":"https:\/\/proventuss.eu\/?s={search_term_string}"},"query-input":"required name=search_term_string"}],"inLanguage":"sk-SK"}]}},"_links":{"self":[{"href":"https:\/\/proventuss.eu\/sk\/wp-json\/wp\/v2\/product\/8864"}],"collection":[{"href":"https:\/\/proventuss.eu\/sk\/wp-json\/wp\/v2\/product"}],"about":[{"href":"https:\/\/proventuss.eu\/sk\/wp-json\/wp\/v2\/types\/product"}],"replies":[{"embeddable":true,"href":"https:\/\/proventuss.eu\/sk\/wp-json\/wp\/v2\/comments?post=8864"}],"wp:featuredmedia":[{"embeddable":true,"href":"https:\/\/proventuss.eu\/sk\/wp-json\/wp\/v2\/media\/7428"}],"wp:attachment":[{"href":"https:\/\/proventuss.eu\/sk\/wp-json\/wp\/v2\/media?parent=8864"}],"wp:term":[{"taxonomy":"product_cat","embeddable":true,"href":"https:\/\/proventuss.eu\/sk\/wp-json\/wp\/v2\/product_cat?post=8864"},{"taxonomy":"product_tag","embeddable":true,"href":"https:\/\/proventuss.eu\/sk\/wp-json\/wp\/v2\/product_tag?post=8864"}],"curies":[{"name":"wp","href":"https:\/\/api.w.org\/{rel}","templated":true}]}}