{"id":8863,"date":"2022-04-26T09:26:20","date_gmt":"2022-04-26T09:26:20","guid":{"rendered":"https:\/\/proventuss.eu\/produkt\/system-preprufe\/"},"modified":"2022-04-26T09:26:20","modified_gmt":"2022-04-26T09:26:20","slug":"system-preprufe","status":"publish","type":"product","link":"https:\/\/proventuss.eu\/sk\/produkt\/system-preprufe\/","title":{"rendered":"System Preprufe\u00ae"},"content":{"rendered":"<p><strong>HYDROIZOLA\u010cN\u00c1 F\u00d3LIA PREPRUFE\u00ae JE F\u00d3LIA Z MODIFIKOVAN\u00c9HO HDPE<\/strong> pokryt\u00e1 na jednej strane lepidlom citliv\u00fdm na tlak, ktor\u00e9 sa integr\u00e1lne spoj\u00ed s vyliatym \u0161truktur\u00e1lnym bet\u00f3nom. Tento unik\u00e1tny integr\u00e1lny spoj je \u0161peci\u00e1lne vyvinut\u00fd na prevenciu vniknutia alebo migr\u00e1cie vody okolo kon\u0161trukcie hydrostatick\u00fdm tlakom alebo kontamin\u00e1ciu spodnej vody.<\/p>\n<p><strong>V\u00ddHODY:<\/strong><br \/>\n\u2022 Roz\u0161\u00edren\u00e1 doba expoz\u00edcie &#8211; m\u00f4\u017ee by\u0165 vystaven\u00fd prostrediu a\u017e 40 dn\u00ed po aplik\u00e1cii a pred nanesen\u00edm bet\u00f3nu bez \u0161kodliv\u00e9ho \u00fa\u010dinku<br \/>\n\u2022 Poskytuje \u00fa\u010dinn\u00fa izol\u00e1ciu od vody, vlhkosti, rad\u00f3nu a met\u00e1nu<br \/>\n\u2022 Skvel\u00e1 chemick\u00e1 odolnos\u0165 vo\u010di soli, sulf\u00e1tom a chloridom<br \/>\n\u2022 Odol\u00e1va postrann\u00e9mu toku vody pri extr\u00e9mne vysok\u00fdch tlakoch a\u017e do tlaku 70 m vodn\u00e9ho st\u013apca<br \/>\n\u2022 Samo-ochrann\u00fd: nie je potrebn\u00fd \u017eiadny poter ani ochrann\u00e1 vrstva po in\u0161tal\u00e1cii f\u00f3lie a pred vyliat\u00edm bet\u00f3nu<br \/>\n\u2022 CE zna\u010dka a medzin\u00e1rodn\u00e9 certifik\u00e1ty vr\u00e1tane BBA, IBDiM, COBR, EOTA, ICITE, CSTB<\/p>\n<p><strong>Syst\u00e9m Preprufe\u00ae pre r\u00fdchlu a jednoduch\u00fa aplik\u00e1ciu vo v\u0161etk\u00fdch ro\u010dn\u00fdch obdobiach a klimatick\u00fdch podmienkach zni\u017euje riziko ch\u00fdb a z\u00e1rove\u0148 \u0161etr\u00ed \u010das a mzdov\u00e9 n\u00e1klady<\/strong><\/p>\n","protected":false},"excerpt":{"rendered":"<p>HYDROIZOLA\u010cN\u00c1 F\u00d3LIA PREPRUFE\u00ae JE F\u00d3LIA Z MODIFIKOVAN\u00c9HO HDPE pokryt\u00e1 na jednej strane lepidlom citliv\u00fdm na tlak, ktor\u00e9 sa integr\u00e1lne spoj\u00ed s vyliatym \u0161truktur\u00e1lnym bet\u00f3nom. Tento unik\u00e1tny integr\u00e1lny spoj je \u0161peci\u00e1lne vyvinut\u00fd na prevenciu vniknutia alebo migr\u00e1cie vody okolo kon\u0161trukcie hydrostatick\u00fdm tlakom alebo kontamin\u00e1ciu spodnej vody. V\u00ddHODY: \u2022 Roz\u0161\u00edren\u00e1 doba expoz\u00edcie &#8211; m\u00f4\u017ee by\u0165 vystaven\u00fd prostrediu [&hellip;]<\/p>\n","protected":false},"featured_media":12577,"comment_status":"open","ping_status":"closed","template":"","meta":{"_acf_changed":false},"product_cat":[15],"product_tag":[],"acf":[],"yoast_head":"<!-- This site is optimized with the Yoast SEO plugin v22.9 - https:\/\/yoast.com\/wordpress\/plugins\/seo\/ -->\n<title>System Preprufe\u00ae - Proventuss<\/title>\n<meta name=\"robots\" content=\"index, follow, max-snippet:-1, max-image-preview:large, max-video-preview:-1\" \/>\n<link rel=\"canonical\" href=\"https:\/\/proventuss.eu\/sk\/produkt\/system-preprufe\/\" \/>\n<meta property=\"og:locale\" content=\"sk_SK\" \/>\n<meta property=\"og:type\" content=\"article\" \/>\n<meta property=\"og:title\" content=\"System Preprufe\u00ae - Proventuss\" \/>\n<meta property=\"og:description\" content=\"HYDROIZOLA\u010cN\u00c1 F\u00d3LIA PREPRUFE\u00ae JE F\u00d3LIA Z MODIFIKOVAN\u00c9HO HDPE pokryt\u00e1 na jednej strane lepidlom citliv\u00fdm na tlak, ktor\u00e9 sa integr\u00e1lne spoj\u00ed s vyliatym \u0161truktur\u00e1lnym bet\u00f3nom. Tento unik\u00e1tny integr\u00e1lny spoj je \u0161peci\u00e1lne vyvinut\u00fd na prevenciu vniknutia alebo migr\u00e1cie vody okolo kon\u0161trukcie hydrostatick\u00fdm tlakom alebo kontamin\u00e1ciu spodnej vody. V\u00ddHODY: \u2022 Roz\u0161\u00edren\u00e1 doba expoz\u00edcie &#8211; m\u00f4\u017ee by\u0165 vystaven\u00fd prostrediu [&hellip;]\" \/>\n<meta property=\"og:url\" content=\"https:\/\/proventuss.eu\/sk\/produkt\/system-preprufe\/\" \/>\n<meta property=\"og:site_name\" content=\"Proventuss\" \/>\n<meta property=\"og:image\" content=\"https:\/\/proventuss.eu\/wp-content\/uploads\/2022\/04\/hydro-preprufe.jpg\" \/>\n\t<meta property=\"og:image:width\" content=\"1024\" \/>\n\t<meta property=\"og:image:height\" content=\"683\" \/>\n\t<meta property=\"og:image:type\" content=\"image\/jpeg\" \/>\n<meta name=\"twitter:card\" content=\"summary_large_image\" \/>\n<meta name=\"twitter:label1\" content=\"Predpokladan\u00fd \u010das \u010d\u00edtania\" \/>\n\t<meta name=\"twitter:data1\" content=\"1 min\u00fata\" \/>\n<script type=\"application\/ld+json\" class=\"yoast-schema-graph\">{\"@context\":\"https:\/\/schema.org\",\"@graph\":[{\"@type\":\"WebPage\",\"@id\":\"https:\/\/proventuss.eu\/sk\/produkt\/system-preprufe\/\",\"url\":\"https:\/\/proventuss.eu\/sk\/produkt\/system-preprufe\/\",\"name\":\"System Preprufe\u00ae - Proventuss\",\"isPartOf\":{\"@id\":\"https:\/\/proventuss.eu\/#website\"},\"primaryImageOfPage\":{\"@id\":\"https:\/\/proventuss.eu\/sk\/produkt\/system-preprufe\/#primaryimage\"},\"image\":{\"@id\":\"https:\/\/proventuss.eu\/sk\/produkt\/system-preprufe\/#primaryimage\"},\"thumbnailUrl\":\"https:\/\/proventuss.eu\/wp-content\/uploads\/2022\/04\/SystemPreprufeFoliaHDPE--scaled.jpg\",\"datePublished\":\"2022-04-26T09:26:20+00:00\",\"dateModified\":\"2022-04-26T09:26:20+00:00\",\"breadcrumb\":{\"@id\":\"https:\/\/proventuss.eu\/sk\/produkt\/system-preprufe\/#breadcrumb\"},\"inLanguage\":\"sk-SK\",\"potentialAction\":[{\"@type\":\"ReadAction\",\"target\":[\"https:\/\/proventuss.eu\/sk\/produkt\/system-preprufe\/\"]}]},{\"@type\":\"ImageObject\",\"inLanguage\":\"sk-SK\",\"@id\":\"https:\/\/proventuss.eu\/sk\/produkt\/system-preprufe\/#primaryimage\",\"url\":\"https:\/\/proventuss.eu\/wp-content\/uploads\/2022\/04\/SystemPreprufeFoliaHDPE--scaled.jpg\",\"contentUrl\":\"https:\/\/proventuss.eu\/wp-content\/uploads\/2022\/04\/SystemPreprufeFoliaHDPE--scaled.jpg\",\"width\":2560,\"height\":1920},{\"@type\":\"BreadcrumbList\",\"@id\":\"https:\/\/proventuss.eu\/sk\/produkt\/system-preprufe\/#breadcrumb\",\"itemListElement\":[{\"@type\":\"ListItem\",\"position\":1,\"name\":\"Home\",\"item\":\"https:\/\/proventuss.eu\/\"},{\"@type\":\"ListItem\",\"position\":2,\"name\":\"Produkty\",\"item\":\"https:\/\/proventuss.eu\/produkty\/\"},{\"@type\":\"ListItem\",\"position\":3,\"name\":\"System Preprufe\u00ae\"}]},{\"@type\":\"WebSite\",\"@id\":\"https:\/\/proventuss.eu\/#website\",\"url\":\"https:\/\/proventuss.eu\/\",\"name\":\"Proventuss\",\"description\":\"\",\"potentialAction\":[{\"@type\":\"SearchAction\",\"target\":{\"@type\":\"EntryPoint\",\"urlTemplate\":\"https:\/\/proventuss.eu\/?s={search_term_string}\"},\"query-input\":\"required name=search_term_string\"}],\"inLanguage\":\"sk-SK\"}]}<\/script>\n<!-- \/ Yoast SEO plugin. -->","yoast_head_json":{"title":"System Preprufe\u00ae - Proventuss","robots":{"index":"index","follow":"follow","max-snippet":"max-snippet:-1","max-image-preview":"max-image-preview:large","max-video-preview":"max-video-preview:-1"},"canonical":"https:\/\/proventuss.eu\/sk\/produkt\/system-preprufe\/","og_locale":"sk_SK","og_type":"article","og_title":"System Preprufe\u00ae - Proventuss","og_description":"HYDROIZOLA\u010cN\u00c1 F\u00d3LIA PREPRUFE\u00ae JE F\u00d3LIA Z MODIFIKOVAN\u00c9HO HDPE pokryt\u00e1 na jednej strane lepidlom citliv\u00fdm na tlak, ktor\u00e9 sa integr\u00e1lne spoj\u00ed s vyliatym \u0161truktur\u00e1lnym bet\u00f3nom. Tento unik\u00e1tny integr\u00e1lny spoj je \u0161peci\u00e1lne vyvinut\u00fd na prevenciu vniknutia alebo migr\u00e1cie vody okolo kon\u0161trukcie hydrostatick\u00fdm tlakom alebo kontamin\u00e1ciu spodnej vody. V\u00ddHODY: \u2022 Roz\u0161\u00edren\u00e1 doba expoz\u00edcie &#8211; m\u00f4\u017ee by\u0165 vystaven\u00fd prostrediu [&hellip;]","og_url":"https:\/\/proventuss.eu\/sk\/produkt\/system-preprufe\/","og_site_name":"Proventuss","og_image":[{"width":1024,"height":683,"url":"https:\/\/proventuss.eu\/wp-content\/uploads\/2022\/04\/hydro-preprufe.jpg","type":"image\/jpeg"}],"twitter_card":"summary_large_image","twitter_misc":{"Predpokladan\u00fd \u010das \u010d\u00edtania":"1 min\u00fata"},"schema":{"@context":"https:\/\/schema.org","@graph":[{"@type":"WebPage","@id":"https:\/\/proventuss.eu\/sk\/produkt\/system-preprufe\/","url":"https:\/\/proventuss.eu\/sk\/produkt\/system-preprufe\/","name":"System Preprufe\u00ae - Proventuss","isPartOf":{"@id":"https:\/\/proventuss.eu\/#website"},"primaryImageOfPage":{"@id":"https:\/\/proventuss.eu\/sk\/produkt\/system-preprufe\/#primaryimage"},"image":{"@id":"https:\/\/proventuss.eu\/sk\/produkt\/system-preprufe\/#primaryimage"},"thumbnailUrl":"https:\/\/proventuss.eu\/wp-content\/uploads\/2022\/04\/SystemPreprufeFoliaHDPE--scaled.jpg","datePublished":"2022-04-26T09:26:20+00:00","dateModified":"2022-04-26T09:26:20+00:00","breadcrumb":{"@id":"https:\/\/proventuss.eu\/sk\/produkt\/system-preprufe\/#breadcrumb"},"inLanguage":"sk-SK","potentialAction":[{"@type":"ReadAction","target":["https:\/\/proventuss.eu\/sk\/produkt\/system-preprufe\/"]}]},{"@type":"ImageObject","inLanguage":"sk-SK","@id":"https:\/\/proventuss.eu\/sk\/produkt\/system-preprufe\/#primaryimage","url":"https:\/\/proventuss.eu\/wp-content\/uploads\/2022\/04\/SystemPreprufeFoliaHDPE--scaled.jpg","contentUrl":"https:\/\/proventuss.eu\/wp-content\/uploads\/2022\/04\/SystemPreprufeFoliaHDPE--scaled.jpg","width":2560,"height":1920},{"@type":"BreadcrumbList","@id":"https:\/\/proventuss.eu\/sk\/produkt\/system-preprufe\/#breadcrumb","itemListElement":[{"@type":"ListItem","position":1,"name":"Home","item":"https:\/\/proventuss.eu\/"},{"@type":"ListItem","position":2,"name":"Produkty","item":"https:\/\/proventuss.eu\/produkty\/"},{"@type":"ListItem","position":3,"name":"System Preprufe\u00ae"}]},{"@type":"WebSite","@id":"https:\/\/proventuss.eu\/#website","url":"https:\/\/proventuss.eu\/","name":"Proventuss","description":"","potentialAction":[{"@type":"SearchAction","target":{"@type":"EntryPoint","urlTemplate":"https:\/\/proventuss.eu\/?s={search_term_string}"},"query-input":"required name=search_term_string"}],"inLanguage":"sk-SK"}]}},"_links":{"self":[{"href":"https:\/\/proventuss.eu\/sk\/wp-json\/wp\/v2\/product\/8863"}],"collection":[{"href":"https:\/\/proventuss.eu\/sk\/wp-json\/wp\/v2\/product"}],"about":[{"href":"https:\/\/proventuss.eu\/sk\/wp-json\/wp\/v2\/types\/product"}],"replies":[{"embeddable":true,"href":"https:\/\/proventuss.eu\/sk\/wp-json\/wp\/v2\/comments?post=8863"}],"wp:featuredmedia":[{"embeddable":true,"href":"https:\/\/proventuss.eu\/sk\/wp-json\/wp\/v2\/media\/12577"}],"wp:attachment":[{"href":"https:\/\/proventuss.eu\/sk\/wp-json\/wp\/v2\/media?parent=8863"}],"wp:term":[{"taxonomy":"product_cat","embeddable":true,"href":"https:\/\/proventuss.eu\/sk\/wp-json\/wp\/v2\/product_cat?post=8863"},{"taxonomy":"product_tag","embeddable":true,"href":"https:\/\/proventuss.eu\/sk\/wp-json\/wp\/v2\/product_tag?post=8863"}],"curies":[{"name":"wp","href":"https:\/\/api.w.org\/{rel}","templated":true}]}}