{"id":8860,"date":"2022-05-09T08:15:10","date_gmt":"2022-05-09T08:15:10","guid":{"rendered":"https:\/\/proventuss.eu\/produkt\/sadev-decor\/"},"modified":"2022-05-09T08:15:10","modified_gmt":"2022-05-09T08:15:10","slug":"sadev-decor","status":"publish","type":"product","link":"https:\/\/proventuss.eu\/sk\/produkt\/sadev-decor\/","title":{"rendered":"Sadev Decor"},"content":{"rendered":"<p><strong>SYST\u00c9M BODOV\u00c9HO KOTVENIA SKIEL<\/strong><\/p>\n<p><strong>Syst\u00e9mov\u00e9 prvky:<\/strong><br \/>\n\u2022 Balustr\u00e1dy a z\u00e1bradlia<br \/>\n\u2022 Posuvn\u00e9 dvere<br \/>\n\u2022 Oto\u010dn\u00e9 dvere<br \/>\n\u2022 Madl\u00e1 a p\u00e1nty<br \/>\n\u2022 Sprchov\u00e9 syst\u00e9my<br \/>\n\u2022 Spojenie skiel<br \/>\n\u2022 Dekorat\u00edvne prvky<br \/>\n\u2022 Stenov\u00e9 body<\/p>\n<p><strong>Aplik\u00e1cia:<\/strong><br \/>\n\u2022 Dvere<br \/>\n\u2022 Balustr\u00e1dy<br \/>\n\u2022 Sprchov\u00e9 k\u00faty<br \/>\n\u2022 Balk\u00f3ny<br \/>\n\u2022 Interi\u00e9rov\u00e9 prie\u010dky<\/p>\n","protected":false},"excerpt":{"rendered":"<p>SYST\u00c9M BODOV\u00c9HO KOTVENIA SKIEL Syst\u00e9mov\u00e9 prvky: \u2022 Balustr\u00e1dy a z\u00e1bradlia \u2022 Posuvn\u00e9 dvere \u2022 Oto\u010dn\u00e9 dvere \u2022 Madl\u00e1 a p\u00e1nty \u2022 Sprchov\u00e9 syst\u00e9my \u2022 Spojenie skiel \u2022 Dekorat\u00edvne prvky \u2022 Stenov\u00e9 body Aplik\u00e1cia: \u2022 Dvere \u2022 Balustr\u00e1dy \u2022 Sprchov\u00e9 k\u00faty \u2022 Balk\u00f3ny \u2022 Interi\u00e9rov\u00e9 prie\u010dky<\/p>\n","protected":false},"featured_media":7395,"comment_status":"open","ping_status":"closed","template":"","meta":{"_acf_changed":false},"product_cat":[384],"product_tag":[],"acf":[],"yoast_head":"<!-- This site is optimized with the Yoast SEO plugin v22.9 - https:\/\/yoast.com\/wordpress\/plugins\/seo\/ -->\n<title>Sadev Decor - Proventuss<\/title>\n<meta name=\"robots\" content=\"index, follow, max-snippet:-1, max-image-preview:large, max-video-preview:-1\" \/>\n<link rel=\"canonical\" href=\"https:\/\/proventuss.eu\/sk\/produkt\/sadev-decor\/\" \/>\n<meta property=\"og:locale\" content=\"sk_SK\" \/>\n<meta property=\"og:type\" content=\"article\" \/>\n<meta property=\"og:title\" content=\"Sadev Decor - Proventuss\" \/>\n<meta property=\"og:description\" content=\"SYST\u00c9M BODOV\u00c9HO KOTVENIA SKIEL Syst\u00e9mov\u00e9 prvky: \u2022 Balustr\u00e1dy a z\u00e1bradlia \u2022 Posuvn\u00e9 dvere \u2022 Oto\u010dn\u00e9 dvere \u2022 Madl\u00e1 a p\u00e1nty \u2022 Sprchov\u00e9 syst\u00e9my \u2022 Spojenie skiel \u2022 Dekorat\u00edvne prvky \u2022 Stenov\u00e9 body Aplik\u00e1cia: \u2022 Dvere \u2022 Balustr\u00e1dy \u2022 Sprchov\u00e9 k\u00faty \u2022 Balk\u00f3ny \u2022 Interi\u00e9rov\u00e9 prie\u010dky\" \/>\n<meta property=\"og:url\" content=\"https:\/\/proventuss.eu\/sk\/produkt\/sadev-decor\/\" \/>\n<meta property=\"og:site_name\" content=\"Proventuss\" \/>\n<meta property=\"og:image\" content=\"https:\/\/proventuss.eu\/wp-content\/uploads\/2022\/05\/sadev-decor.jpg\" \/>\n\t<meta property=\"og:image:width\" content=\"900\" \/>\n\t<meta property=\"og:image:height\" content=\"900\" \/>\n\t<meta property=\"og:image:type\" content=\"image\/jpeg\" \/>\n<meta name=\"twitter:card\" content=\"summary_large_image\" \/>\n<script type=\"application\/ld+json\" class=\"yoast-schema-graph\">{\"@context\":\"https:\/\/schema.org\",\"@graph\":[{\"@type\":\"WebPage\",\"@id\":\"https:\/\/proventuss.eu\/sk\/produkt\/sadev-decor\/\",\"url\":\"https:\/\/proventuss.eu\/sk\/produkt\/sadev-decor\/\",\"name\":\"Sadev Decor - Proventuss\",\"isPartOf\":{\"@id\":\"https:\/\/proventuss.eu\/#website\"},\"primaryImageOfPage\":{\"@id\":\"https:\/\/proventuss.eu\/sk\/produkt\/sadev-decor\/#primaryimage\"},\"image\":{\"@id\":\"https:\/\/proventuss.eu\/sk\/produkt\/sadev-decor\/#primaryimage\"},\"thumbnailUrl\":\"https:\/\/proventuss.eu\/wp-content\/uploads\/2022\/05\/sadev-decor.jpg\",\"datePublished\":\"2022-05-09T08:15:10+00:00\",\"dateModified\":\"2022-05-09T08:15:10+00:00\",\"breadcrumb\":{\"@id\":\"https:\/\/proventuss.eu\/sk\/produkt\/sadev-decor\/#breadcrumb\"},\"inLanguage\":\"sk-SK\",\"potentialAction\":[{\"@type\":\"ReadAction\",\"target\":[\"https:\/\/proventuss.eu\/sk\/produkt\/sadev-decor\/\"]}]},{\"@type\":\"ImageObject\",\"inLanguage\":\"sk-SK\",\"@id\":\"https:\/\/proventuss.eu\/sk\/produkt\/sadev-decor\/#primaryimage\",\"url\":\"https:\/\/proventuss.eu\/wp-content\/uploads\/2022\/05\/sadev-decor.jpg\",\"contentUrl\":\"https:\/\/proventuss.eu\/wp-content\/uploads\/2022\/05\/sadev-decor.jpg\",\"width\":900,\"height\":900},{\"@type\":\"BreadcrumbList\",\"@id\":\"https:\/\/proventuss.eu\/sk\/produkt\/sadev-decor\/#breadcrumb\",\"itemListElement\":[{\"@type\":\"ListItem\",\"position\":1,\"name\":\"Home\",\"item\":\"https:\/\/proventuss.eu\/\"},{\"@type\":\"ListItem\",\"position\":2,\"name\":\"Produkty\",\"item\":\"https:\/\/proventuss.eu\/produkty\/\"},{\"@type\":\"ListItem\",\"position\":3,\"name\":\"Sadev Decor\"}]},{\"@type\":\"WebSite\",\"@id\":\"https:\/\/proventuss.eu\/#website\",\"url\":\"https:\/\/proventuss.eu\/\",\"name\":\"Proventuss\",\"description\":\"\",\"potentialAction\":[{\"@type\":\"SearchAction\",\"target\":{\"@type\":\"EntryPoint\",\"urlTemplate\":\"https:\/\/proventuss.eu\/?s={search_term_string}\"},\"query-input\":\"required name=search_term_string\"}],\"inLanguage\":\"sk-SK\"}]}<\/script>\n<!-- \/ Yoast SEO plugin. -->","yoast_head_json":{"title":"Sadev Decor - Proventuss","robots":{"index":"index","follow":"follow","max-snippet":"max-snippet:-1","max-image-preview":"max-image-preview:large","max-video-preview":"max-video-preview:-1"},"canonical":"https:\/\/proventuss.eu\/sk\/produkt\/sadev-decor\/","og_locale":"sk_SK","og_type":"article","og_title":"Sadev Decor - Proventuss","og_description":"SYST\u00c9M BODOV\u00c9HO KOTVENIA SKIEL Syst\u00e9mov\u00e9 prvky: \u2022 Balustr\u00e1dy a z\u00e1bradlia \u2022 Posuvn\u00e9 dvere \u2022 Oto\u010dn\u00e9 dvere \u2022 Madl\u00e1 a p\u00e1nty \u2022 Sprchov\u00e9 syst\u00e9my \u2022 Spojenie skiel \u2022 Dekorat\u00edvne prvky \u2022 Stenov\u00e9 body Aplik\u00e1cia: \u2022 Dvere \u2022 Balustr\u00e1dy \u2022 Sprchov\u00e9 k\u00faty \u2022 Balk\u00f3ny \u2022 Interi\u00e9rov\u00e9 prie\u010dky","og_url":"https:\/\/proventuss.eu\/sk\/produkt\/sadev-decor\/","og_site_name":"Proventuss","og_image":[{"width":900,"height":900,"url":"https:\/\/proventuss.eu\/wp-content\/uploads\/2022\/05\/sadev-decor.jpg","type":"image\/jpeg"}],"twitter_card":"summary_large_image","schema":{"@context":"https:\/\/schema.org","@graph":[{"@type":"WebPage","@id":"https:\/\/proventuss.eu\/sk\/produkt\/sadev-decor\/","url":"https:\/\/proventuss.eu\/sk\/produkt\/sadev-decor\/","name":"Sadev Decor - Proventuss","isPartOf":{"@id":"https:\/\/proventuss.eu\/#website"},"primaryImageOfPage":{"@id":"https:\/\/proventuss.eu\/sk\/produkt\/sadev-decor\/#primaryimage"},"image":{"@id":"https:\/\/proventuss.eu\/sk\/produkt\/sadev-decor\/#primaryimage"},"thumbnailUrl":"https:\/\/proventuss.eu\/wp-content\/uploads\/2022\/05\/sadev-decor.jpg","datePublished":"2022-05-09T08:15:10+00:00","dateModified":"2022-05-09T08:15:10+00:00","breadcrumb":{"@id":"https:\/\/proventuss.eu\/sk\/produkt\/sadev-decor\/#breadcrumb"},"inLanguage":"sk-SK","potentialAction":[{"@type":"ReadAction","target":["https:\/\/proventuss.eu\/sk\/produkt\/sadev-decor\/"]}]},{"@type":"ImageObject","inLanguage":"sk-SK","@id":"https:\/\/proventuss.eu\/sk\/produkt\/sadev-decor\/#primaryimage","url":"https:\/\/proventuss.eu\/wp-content\/uploads\/2022\/05\/sadev-decor.jpg","contentUrl":"https:\/\/proventuss.eu\/wp-content\/uploads\/2022\/05\/sadev-decor.jpg","width":900,"height":900},{"@type":"BreadcrumbList","@id":"https:\/\/proventuss.eu\/sk\/produkt\/sadev-decor\/#breadcrumb","itemListElement":[{"@type":"ListItem","position":1,"name":"Home","item":"https:\/\/proventuss.eu\/"},{"@type":"ListItem","position":2,"name":"Produkty","item":"https:\/\/proventuss.eu\/produkty\/"},{"@type":"ListItem","position":3,"name":"Sadev Decor"}]},{"@type":"WebSite","@id":"https:\/\/proventuss.eu\/#website","url":"https:\/\/proventuss.eu\/","name":"Proventuss","description":"","potentialAction":[{"@type":"SearchAction","target":{"@type":"EntryPoint","urlTemplate":"https:\/\/proventuss.eu\/?s={search_term_string}"},"query-input":"required name=search_term_string"}],"inLanguage":"sk-SK"}]}},"_links":{"self":[{"href":"https:\/\/proventuss.eu\/sk\/wp-json\/wp\/v2\/product\/8860"}],"collection":[{"href":"https:\/\/proventuss.eu\/sk\/wp-json\/wp\/v2\/product"}],"about":[{"href":"https:\/\/proventuss.eu\/sk\/wp-json\/wp\/v2\/types\/product"}],"replies":[{"embeddable":true,"href":"https:\/\/proventuss.eu\/sk\/wp-json\/wp\/v2\/comments?post=8860"}],"wp:featuredmedia":[{"embeddable":true,"href":"https:\/\/proventuss.eu\/sk\/wp-json\/wp\/v2\/media\/7395"}],"wp:attachment":[{"href":"https:\/\/proventuss.eu\/sk\/wp-json\/wp\/v2\/media?parent=8860"}],"wp:term":[{"taxonomy":"product_cat","embeddable":true,"href":"https:\/\/proventuss.eu\/sk\/wp-json\/wp\/v2\/product_cat?post=8860"},{"taxonomy":"product_tag","embeddable":true,"href":"https:\/\/proventuss.eu\/sk\/wp-json\/wp\/v2\/product_tag?post=8860"}],"curies":[{"name":"wp","href":"https:\/\/api.w.org\/{rel}","templated":true}]}}