{"id":8859,"date":"2022-04-26T09:22:25","date_gmt":"2022-04-26T09:22:25","guid":{"rendered":"https:\/\/proventuss.eu\/produkt\/dowsil-375\/"},"modified":"2022-04-26T09:22:25","modified_gmt":"2022-04-26T09:22:25","slug":"dowsil-375","status":"publish","type":"product","link":"https:\/\/proventuss.eu\/sk\/produkt\/dowsil-375\/","title":{"rendered":"DOWSIL 375"},"content":{"rendered":"<p><strong>DOWSIL\u2122 375 Construction &amp; Glass Embedding<\/strong> bol vyvinut\u00fd pre bezpe\u010dn\u00fa mont\u00e1\u017e ploch\u00fdch a oh\u00fdban\u00fdch monolitick\u00fdch a laminovan\u00fdch sklenen\u00fdch panelov do U-profilov pou\u017e\u00edvan\u00fdch v bezr\u00e1mov\u00fdch syst\u00e9moch balustr\u00e1d a v in\u00fdch aplik\u00e1ci\u00e1ch kotvenia v interi\u00e9roch aj exteri\u00e9roch.<\/p>\n<p>Jednoduch\u00e1 manipul\u00e1cia a mie\u0161anie na mieste, spolu so skvelou tekutos\u0165ou DOWSIL \u2122 375 Construction &amp; Glass Embedding pom\u00e1haj\u00fa efekt\u00edvnej aplik\u00e1cii a r\u00fdchlemu vybudovaniu pevnosti, \u010d\u00edm zvy\u0161uj\u00fa bezpe\u010dnos\u0165. Trvanliv\u00fd syst\u00e9m so z\u00e1rukami &#8211; mont\u00e1\u017ee balustr\u00e1d vykonan\u00e9 s DOWSIL\u2122 375 Construction &amp; Glass Embedding pre\u0161li sk\u00fa\u0161kami n\u00e1razom kyvadla pod\u013ea DIN 18008-4 v nez\u00e1vislej in\u0161tit\u00facii.<\/p>\n<p><strong>POU\u017dITIE A V\u00ddHODY:<\/strong><br \/>\n\u2022 Kotvenie sklenen\u00fdch panelov do U-profilov v sklenen\u00fdch z\u00e1bradliach<br \/>\n\u2022 Vhodn\u00e9 pre vn\u00fatorn\u00e9 aj vonkaj\u0161ie pou\u017eitie<br \/>\n\u2022 Estetika \u010dist\u00e9ho skla s nevidite\u013en\u00fdm ukotven\u00edm<br \/>\n\u2022 Skvel\u00e1 tekutos\u0165 pre efekt\u00edvnu aplik\u00e1ciu<br \/>\n\u2022 \u013dahk\u00e9 balenie pre \u013eahk\u00fa manipul\u00e1ciu<br \/>\n\u2022 Efekt\u00edvna a r\u00fdchla aplik\u00e1cia pre zv\u00fd\u0161enie produktivity<br \/>\n\u2022 Ve\u013emi tuh\u00fd pre minimaliz\u00e1ciu ohybu panelu<br \/>\n\u2022 Dlh\u00e1 doba spracovate\u013enosti<br \/>\n\u2022 Ve\u013emi r\u00fdchle vytvrdnutie pri izbovej teplote<br \/>\n\u2022 Mo\u017en\u00e9 farby na z\u00e1kazku na zladenie s profilom<\/p>\n","protected":false},"excerpt":{"rendered":"<p>DOWSIL\u2122 375 Construction &amp; Glass Embedding bol vyvinut\u00fd pre bezpe\u010dn\u00fa mont\u00e1\u017e ploch\u00fdch a oh\u00fdban\u00fdch monolitick\u00fdch a laminovan\u00fdch sklenen\u00fdch panelov do U-profilov pou\u017e\u00edvan\u00fdch v bezr\u00e1mov\u00fdch syst\u00e9moch balustr\u00e1d a v in\u00fdch aplik\u00e1ci\u00e1ch kotvenia v interi\u00e9roch aj exteri\u00e9roch. Jednoduch\u00e1 manipul\u00e1cia a mie\u0161anie na mieste, spolu so skvelou tekutos\u0165ou DOWSIL \u2122 375 Construction &amp; Glass Embedding pom\u00e1haj\u00fa efekt\u00edvnej aplik\u00e1cii [&hellip;]<\/p>\n","protected":false},"featured_media":7348,"comment_status":"open","ping_status":"closed","template":"","meta":{"_acf_changed":false},"product_cat":[384],"product_tag":[],"acf":[],"yoast_head":"<!-- This site is optimized with the Yoast SEO plugin v22.9 - https:\/\/yoast.com\/wordpress\/plugins\/seo\/ -->\n<title>DOWSIL 375 - Proventuss<\/title>\n<meta name=\"robots\" content=\"index, follow, max-snippet:-1, max-image-preview:large, max-video-preview:-1\" \/>\n<link rel=\"canonical\" href=\"https:\/\/proventuss.eu\/sk\/produkt\/dowsil-375\/\" \/>\n<meta property=\"og:locale\" content=\"sk_SK\" \/>\n<meta property=\"og:type\" content=\"article\" \/>\n<meta property=\"og:title\" content=\"DOWSIL 375 - Proventuss\" \/>\n<meta property=\"og:description\" content=\"DOWSIL\u2122 375 Construction &amp; Glass Embedding bol vyvinut\u00fd pre bezpe\u010dn\u00fa mont\u00e1\u017e ploch\u00fdch a oh\u00fdban\u00fdch monolitick\u00fdch a laminovan\u00fdch sklenen\u00fdch panelov do U-profilov pou\u017e\u00edvan\u00fdch v bezr\u00e1mov\u00fdch syst\u00e9moch balustr\u00e1d a v in\u00fdch aplik\u00e1ci\u00e1ch kotvenia v interi\u00e9roch aj exteri\u00e9roch. Jednoduch\u00e1 manipul\u00e1cia a mie\u0161anie na mieste, spolu so skvelou tekutos\u0165ou DOWSIL \u2122 375 Construction &amp; Glass Embedding pom\u00e1haj\u00fa efekt\u00edvnej aplik\u00e1cii [&hellip;]\" \/>\n<meta property=\"og:url\" content=\"https:\/\/proventuss.eu\/sk\/produkt\/dowsil-375\/\" \/>\n<meta property=\"og:site_name\" content=\"Proventuss\" \/>\n<meta property=\"og:image\" content=\"https:\/\/proventuss.eu\/wp-content\/uploads\/2022\/04\/375.png\" \/>\n\t<meta property=\"og:image:width\" content=\"338\" \/>\n\t<meta property=\"og:image:height\" content=\"433\" \/>\n\t<meta property=\"og:image:type\" content=\"image\/png\" \/>\n<meta name=\"twitter:card\" content=\"summary_large_image\" \/>\n<meta name=\"twitter:label1\" content=\"Predpokladan\u00fd \u010das \u010d\u00edtania\" \/>\n\t<meta name=\"twitter:data1\" content=\"1 min\u00fata\" \/>\n<script type=\"application\/ld+json\" class=\"yoast-schema-graph\">{\"@context\":\"https:\/\/schema.org\",\"@graph\":[{\"@type\":\"WebPage\",\"@id\":\"https:\/\/proventuss.eu\/sk\/produkt\/dowsil-375\/\",\"url\":\"https:\/\/proventuss.eu\/sk\/produkt\/dowsil-375\/\",\"name\":\"DOWSIL 375 - Proventuss\",\"isPartOf\":{\"@id\":\"https:\/\/proventuss.eu\/#website\"},\"primaryImageOfPage\":{\"@id\":\"https:\/\/proventuss.eu\/sk\/produkt\/dowsil-375\/#primaryimage\"},\"image\":{\"@id\":\"https:\/\/proventuss.eu\/sk\/produkt\/dowsil-375\/#primaryimage\"},\"thumbnailUrl\":\"https:\/\/proventuss.eu\/wp-content\/uploads\/2022\/04\/375.png\",\"datePublished\":\"2022-04-26T09:22:25+00:00\",\"dateModified\":\"2022-04-26T09:22:25+00:00\",\"breadcrumb\":{\"@id\":\"https:\/\/proventuss.eu\/sk\/produkt\/dowsil-375\/#breadcrumb\"},\"inLanguage\":\"sk-SK\",\"potentialAction\":[{\"@type\":\"ReadAction\",\"target\":[\"https:\/\/proventuss.eu\/sk\/produkt\/dowsil-375\/\"]}]},{\"@type\":\"ImageObject\",\"inLanguage\":\"sk-SK\",\"@id\":\"https:\/\/proventuss.eu\/sk\/produkt\/dowsil-375\/#primaryimage\",\"url\":\"https:\/\/proventuss.eu\/wp-content\/uploads\/2022\/04\/375.png\",\"contentUrl\":\"https:\/\/proventuss.eu\/wp-content\/uploads\/2022\/04\/375.png\",\"width\":338,\"height\":433},{\"@type\":\"BreadcrumbList\",\"@id\":\"https:\/\/proventuss.eu\/sk\/produkt\/dowsil-375\/#breadcrumb\",\"itemListElement\":[{\"@type\":\"ListItem\",\"position\":1,\"name\":\"Home\",\"item\":\"https:\/\/proventuss.eu\/\"},{\"@type\":\"ListItem\",\"position\":2,\"name\":\"Produkty\",\"item\":\"https:\/\/proventuss.eu\/produkty\/\"},{\"@type\":\"ListItem\",\"position\":3,\"name\":\"DOWSIL 375\"}]},{\"@type\":\"WebSite\",\"@id\":\"https:\/\/proventuss.eu\/#website\",\"url\":\"https:\/\/proventuss.eu\/\",\"name\":\"Proventuss\",\"description\":\"\",\"potentialAction\":[{\"@type\":\"SearchAction\",\"target\":{\"@type\":\"EntryPoint\",\"urlTemplate\":\"https:\/\/proventuss.eu\/?s={search_term_string}\"},\"query-input\":\"required name=search_term_string\"}],\"inLanguage\":\"sk-SK\"}]}<\/script>\n<!-- \/ Yoast SEO plugin. -->","yoast_head_json":{"title":"DOWSIL 375 - Proventuss","robots":{"index":"index","follow":"follow","max-snippet":"max-snippet:-1","max-image-preview":"max-image-preview:large","max-video-preview":"max-video-preview:-1"},"canonical":"https:\/\/proventuss.eu\/sk\/produkt\/dowsil-375\/","og_locale":"sk_SK","og_type":"article","og_title":"DOWSIL 375 - Proventuss","og_description":"DOWSIL\u2122 375 Construction &amp; Glass Embedding bol vyvinut\u00fd pre bezpe\u010dn\u00fa mont\u00e1\u017e ploch\u00fdch a oh\u00fdban\u00fdch monolitick\u00fdch a laminovan\u00fdch sklenen\u00fdch panelov do U-profilov pou\u017e\u00edvan\u00fdch v bezr\u00e1mov\u00fdch syst\u00e9moch balustr\u00e1d a v in\u00fdch aplik\u00e1ci\u00e1ch kotvenia v interi\u00e9roch aj exteri\u00e9roch. Jednoduch\u00e1 manipul\u00e1cia a mie\u0161anie na mieste, spolu so skvelou tekutos\u0165ou DOWSIL \u2122 375 Construction &amp; Glass Embedding pom\u00e1haj\u00fa efekt\u00edvnej aplik\u00e1cii [&hellip;]","og_url":"https:\/\/proventuss.eu\/sk\/produkt\/dowsil-375\/","og_site_name":"Proventuss","og_image":[{"width":338,"height":433,"url":"https:\/\/proventuss.eu\/wp-content\/uploads\/2022\/04\/375.png","type":"image\/png"}],"twitter_card":"summary_large_image","twitter_misc":{"Predpokladan\u00fd \u010das \u010d\u00edtania":"1 min\u00fata"},"schema":{"@context":"https:\/\/schema.org","@graph":[{"@type":"WebPage","@id":"https:\/\/proventuss.eu\/sk\/produkt\/dowsil-375\/","url":"https:\/\/proventuss.eu\/sk\/produkt\/dowsil-375\/","name":"DOWSIL 375 - Proventuss","isPartOf":{"@id":"https:\/\/proventuss.eu\/#website"},"primaryImageOfPage":{"@id":"https:\/\/proventuss.eu\/sk\/produkt\/dowsil-375\/#primaryimage"},"image":{"@id":"https:\/\/proventuss.eu\/sk\/produkt\/dowsil-375\/#primaryimage"},"thumbnailUrl":"https:\/\/proventuss.eu\/wp-content\/uploads\/2022\/04\/375.png","datePublished":"2022-04-26T09:22:25+00:00","dateModified":"2022-04-26T09:22:25+00:00","breadcrumb":{"@id":"https:\/\/proventuss.eu\/sk\/produkt\/dowsil-375\/#breadcrumb"},"inLanguage":"sk-SK","potentialAction":[{"@type":"ReadAction","target":["https:\/\/proventuss.eu\/sk\/produkt\/dowsil-375\/"]}]},{"@type":"ImageObject","inLanguage":"sk-SK","@id":"https:\/\/proventuss.eu\/sk\/produkt\/dowsil-375\/#primaryimage","url":"https:\/\/proventuss.eu\/wp-content\/uploads\/2022\/04\/375.png","contentUrl":"https:\/\/proventuss.eu\/wp-content\/uploads\/2022\/04\/375.png","width":338,"height":433},{"@type":"BreadcrumbList","@id":"https:\/\/proventuss.eu\/sk\/produkt\/dowsil-375\/#breadcrumb","itemListElement":[{"@type":"ListItem","position":1,"name":"Home","item":"https:\/\/proventuss.eu\/"},{"@type":"ListItem","position":2,"name":"Produkty","item":"https:\/\/proventuss.eu\/produkty\/"},{"@type":"ListItem","position":3,"name":"DOWSIL 375"}]},{"@type":"WebSite","@id":"https:\/\/proventuss.eu\/#website","url":"https:\/\/proventuss.eu\/","name":"Proventuss","description":"","potentialAction":[{"@type":"SearchAction","target":{"@type":"EntryPoint","urlTemplate":"https:\/\/proventuss.eu\/?s={search_term_string}"},"query-input":"required name=search_term_string"}],"inLanguage":"sk-SK"}]}},"_links":{"self":[{"href":"https:\/\/proventuss.eu\/sk\/wp-json\/wp\/v2\/product\/8859"}],"collection":[{"href":"https:\/\/proventuss.eu\/sk\/wp-json\/wp\/v2\/product"}],"about":[{"href":"https:\/\/proventuss.eu\/sk\/wp-json\/wp\/v2\/types\/product"}],"replies":[{"embeddable":true,"href":"https:\/\/proventuss.eu\/sk\/wp-json\/wp\/v2\/comments?post=8859"}],"wp:featuredmedia":[{"embeddable":true,"href":"https:\/\/proventuss.eu\/sk\/wp-json\/wp\/v2\/media\/7348"}],"wp:attachment":[{"href":"https:\/\/proventuss.eu\/sk\/wp-json\/wp\/v2\/media?parent=8859"}],"wp:term":[{"taxonomy":"product_cat","embeddable":true,"href":"https:\/\/proventuss.eu\/sk\/wp-json\/wp\/v2\/product_cat?post=8859"},{"taxonomy":"product_tag","embeddable":true,"href":"https:\/\/proventuss.eu\/sk\/wp-json\/wp\/v2\/product_tag?post=8859"}],"curies":[{"name":"wp","href":"https:\/\/api.w.org\/{rel}","templated":true}]}}