{"id":8858,"date":"2022-04-26T09:17:16","date_gmt":"2022-04-26T09:17:16","guid":{"rendered":"https:\/\/proventuss.eu\/produkt\/vi-pro-epdm-primer-908\/"},"modified":"2022-04-26T09:17:16","modified_gmt":"2022-04-26T09:17:16","slug":"vi-pro-epdm-primer-908","status":"publish","type":"product","link":"https:\/\/proventuss.eu\/sk\/produkt\/vi-pro-epdm-primer-908\/","title":{"rendered":"Vi-Pro\u00ae EPDM Primer 908"},"content":{"rendered":"<p>S PODKLADOV\u00ddM N\u00c1TEROM Vi-Pro\u00ae EPDM Primer 908 m\u00f4\u017eete spr\u00e1vne pripravi\u0165 povrch pred nanesen\u00edm f\u00f3lie EPDM. Podkladov\u00fd n\u00e1ter je vysoko kvalitn\u00fd v\u00fdrobok na b\u00e1ze silik\u00f3nu s n\u00edzkym obsahem rozp\u00fa\u0161tadiel. M\u00f4\u017ee by\u0165 pou\u017eit\u00fd na bet\u00f3n, porobet\u00f3n, kame\u0148, perlit, rovnako ako na dosky a miner\u00e1lne povrchy. \u00da\u010dinn\u011b posil\u0148uje a vyrovn\u00e1n\u00e1 nasiakavos\u0165 povrchu.<\/p>\n<p><strong>V\u00ddHODY:<\/strong><br \/>\n\u2022 Zjednocuje a zlep\u0161uje pri\u013elnavos\u0165 povrchu<br \/>\n\u2022 Na r\u00f4zne druhy por\u00e9znych povrchov<br \/>\n\u2022 Dostupn\u00fd v \u010dervenej farbe<\/p>\n","protected":false},"excerpt":{"rendered":"<p>S PODKLADOV\u00ddM N\u00c1TEROM Vi-Pro\u00ae EPDM Primer 908 m\u00f4\u017eete spr\u00e1vne pripravi\u0165 povrch pred nanesen\u00edm f\u00f3lie EPDM. Podkladov\u00fd n\u00e1ter je vysoko kvalitn\u00fd v\u00fdrobok na b\u00e1ze silik\u00f3nu s n\u00edzkym obsahem rozp\u00fa\u0161tadiel. M\u00f4\u017ee by\u0165 pou\u017eit\u00fd na bet\u00f3n, porobet\u00f3n, kame\u0148, perlit, rovnako ako na dosky a miner\u00e1lne povrchy. \u00da\u010dinn\u011b posil\u0148uje a vyrovn\u00e1n\u00e1 nasiakavos\u0165 povrchu. V\u00ddHODY: \u2022 Zjednocuje a zlep\u0161uje pri\u013elnavos\u0165 [&hellip;]<\/p>\n","protected":false},"featured_media":7293,"comment_status":"open","ping_status":"closed","template":"","meta":{"_acf_changed":false},"product_cat":[390],"product_tag":[],"acf":[],"yoast_head":"<!-- This site is optimized with the Yoast SEO plugin v22.9 - https:\/\/yoast.com\/wordpress\/plugins\/seo\/ -->\n<title>Vi-Pro\u00ae EPDM Primer 908 - Proventuss<\/title>\n<meta name=\"robots\" content=\"index, follow, max-snippet:-1, max-image-preview:large, max-video-preview:-1\" \/>\n<link rel=\"canonical\" href=\"https:\/\/proventuss.eu\/sk\/produkt\/vi-pro-epdm-primer-908\/\" \/>\n<meta property=\"og:locale\" content=\"sk_SK\" \/>\n<meta property=\"og:type\" content=\"article\" \/>\n<meta property=\"og:title\" content=\"Vi-Pro\u00ae EPDM Primer 908 - Proventuss\" \/>\n<meta property=\"og:description\" content=\"S PODKLADOV\u00ddM N\u00c1TEROM Vi-Pro\u00ae EPDM Primer 908 m\u00f4\u017eete spr\u00e1vne pripravi\u0165 povrch pred nanesen\u00edm f\u00f3lie EPDM. Podkladov\u00fd n\u00e1ter je vysoko kvalitn\u00fd v\u00fdrobok na b\u00e1ze silik\u00f3nu s n\u00edzkym obsahem rozp\u00fa\u0161tadiel. M\u00f4\u017ee by\u0165 pou\u017eit\u00fd na bet\u00f3n, porobet\u00f3n, kame\u0148, perlit, rovnako ako na dosky a miner\u00e1lne povrchy. \u00da\u010dinn\u011b posil\u0148uje a vyrovn\u00e1n\u00e1 nasiakavos\u0165 povrchu. V\u00ddHODY: \u2022 Zjednocuje a zlep\u0161uje pri\u013elnavos\u0165 [&hellip;]\" \/>\n<meta property=\"og:url\" content=\"https:\/\/proventuss.eu\/sk\/produkt\/vi-pro-epdm-primer-908\/\" \/>\n<meta property=\"og:site_name\" content=\"Proventuss\" \/>\n<meta property=\"og:image\" content=\"https:\/\/proventuss.eu\/wp-content\/uploads\/2022\/04\/Vi-Pro-EPDM-Primer-908_2.png\" \/>\n\t<meta property=\"og:image:width\" content=\"640\" \/>\n\t<meta property=\"og:image:height\" content=\"640\" \/>\n\t<meta property=\"og:image:type\" content=\"image\/png\" \/>\n<meta name=\"twitter:card\" content=\"summary_large_image\" \/>\n<script type=\"application\/ld+json\" class=\"yoast-schema-graph\">{\"@context\":\"https:\/\/schema.org\",\"@graph\":[{\"@type\":\"WebPage\",\"@id\":\"https:\/\/proventuss.eu\/sk\/produkt\/vi-pro-epdm-primer-908\/\",\"url\":\"https:\/\/proventuss.eu\/sk\/produkt\/vi-pro-epdm-primer-908\/\",\"name\":\"Vi-Pro\u00ae EPDM Primer 908 - Proventuss\",\"isPartOf\":{\"@id\":\"https:\/\/proventuss.eu\/#website\"},\"primaryImageOfPage\":{\"@id\":\"https:\/\/proventuss.eu\/sk\/produkt\/vi-pro-epdm-primer-908\/#primaryimage\"},\"image\":{\"@id\":\"https:\/\/proventuss.eu\/sk\/produkt\/vi-pro-epdm-primer-908\/#primaryimage\"},\"thumbnailUrl\":\"https:\/\/proventuss.eu\/wp-content\/uploads\/2022\/04\/Vi-Pro-EPDM-Primer-908_2.png\",\"datePublished\":\"2022-04-26T09:17:16+00:00\",\"dateModified\":\"2022-04-26T09:17:16+00:00\",\"breadcrumb\":{\"@id\":\"https:\/\/proventuss.eu\/sk\/produkt\/vi-pro-epdm-primer-908\/#breadcrumb\"},\"inLanguage\":\"sk-SK\",\"potentialAction\":[{\"@type\":\"ReadAction\",\"target\":[\"https:\/\/proventuss.eu\/sk\/produkt\/vi-pro-epdm-primer-908\/\"]}]},{\"@type\":\"ImageObject\",\"inLanguage\":\"sk-SK\",\"@id\":\"https:\/\/proventuss.eu\/sk\/produkt\/vi-pro-epdm-primer-908\/#primaryimage\",\"url\":\"https:\/\/proventuss.eu\/wp-content\/uploads\/2022\/04\/Vi-Pro-EPDM-Primer-908_2.png\",\"contentUrl\":\"https:\/\/proventuss.eu\/wp-content\/uploads\/2022\/04\/Vi-Pro-EPDM-Primer-908_2.png\",\"width\":640,\"height\":640,\"caption\":\"Na zdj\u0119ciu podk\u0142ad na bazie silikonu o niskiej zawarto\u015bci rozpuszczalnik\u00f3w stosowany na r\u00f3\u017cnego rodzaju pod\u0142o\u017ca porowate. Ujednolica i poprawia przyczepno\u015b\u0107 pod\u0142o\u017ca.\"},{\"@type\":\"BreadcrumbList\",\"@id\":\"https:\/\/proventuss.eu\/sk\/produkt\/vi-pro-epdm-primer-908\/#breadcrumb\",\"itemListElement\":[{\"@type\":\"ListItem\",\"position\":1,\"name\":\"Home\",\"item\":\"https:\/\/proventuss.eu\/\"},{\"@type\":\"ListItem\",\"position\":2,\"name\":\"Produkty\",\"item\":\"https:\/\/proventuss.eu\/produkty\/\"},{\"@type\":\"ListItem\",\"position\":3,\"name\":\"Vi-Pro\u00ae EPDM Primer 908\"}]},{\"@type\":\"WebSite\",\"@id\":\"https:\/\/proventuss.eu\/#website\",\"url\":\"https:\/\/proventuss.eu\/\",\"name\":\"Proventuss\",\"description\":\"\",\"potentialAction\":[{\"@type\":\"SearchAction\",\"target\":{\"@type\":\"EntryPoint\",\"urlTemplate\":\"https:\/\/proventuss.eu\/?s={search_term_string}\"},\"query-input\":\"required name=search_term_string\"}],\"inLanguage\":\"sk-SK\"}]}<\/script>\n<!-- \/ Yoast SEO plugin. -->","yoast_head_json":{"title":"Vi-Pro\u00ae EPDM Primer 908 - Proventuss","robots":{"index":"index","follow":"follow","max-snippet":"max-snippet:-1","max-image-preview":"max-image-preview:large","max-video-preview":"max-video-preview:-1"},"canonical":"https:\/\/proventuss.eu\/sk\/produkt\/vi-pro-epdm-primer-908\/","og_locale":"sk_SK","og_type":"article","og_title":"Vi-Pro\u00ae EPDM Primer 908 - Proventuss","og_description":"S PODKLADOV\u00ddM N\u00c1TEROM Vi-Pro\u00ae EPDM Primer 908 m\u00f4\u017eete spr\u00e1vne pripravi\u0165 povrch pred nanesen\u00edm f\u00f3lie EPDM. Podkladov\u00fd n\u00e1ter je vysoko kvalitn\u00fd v\u00fdrobok na b\u00e1ze silik\u00f3nu s n\u00edzkym obsahem rozp\u00fa\u0161tadiel. M\u00f4\u017ee by\u0165 pou\u017eit\u00fd na bet\u00f3n, porobet\u00f3n, kame\u0148, perlit, rovnako ako na dosky a miner\u00e1lne povrchy. \u00da\u010dinn\u011b posil\u0148uje a vyrovn\u00e1n\u00e1 nasiakavos\u0165 povrchu. V\u00ddHODY: \u2022 Zjednocuje a zlep\u0161uje pri\u013elnavos\u0165 [&hellip;]","og_url":"https:\/\/proventuss.eu\/sk\/produkt\/vi-pro-epdm-primer-908\/","og_site_name":"Proventuss","og_image":[{"width":640,"height":640,"url":"https:\/\/proventuss.eu\/wp-content\/uploads\/2022\/04\/Vi-Pro-EPDM-Primer-908_2.png","type":"image\/png"}],"twitter_card":"summary_large_image","schema":{"@context":"https:\/\/schema.org","@graph":[{"@type":"WebPage","@id":"https:\/\/proventuss.eu\/sk\/produkt\/vi-pro-epdm-primer-908\/","url":"https:\/\/proventuss.eu\/sk\/produkt\/vi-pro-epdm-primer-908\/","name":"Vi-Pro\u00ae EPDM Primer 908 - Proventuss","isPartOf":{"@id":"https:\/\/proventuss.eu\/#website"},"primaryImageOfPage":{"@id":"https:\/\/proventuss.eu\/sk\/produkt\/vi-pro-epdm-primer-908\/#primaryimage"},"image":{"@id":"https:\/\/proventuss.eu\/sk\/produkt\/vi-pro-epdm-primer-908\/#primaryimage"},"thumbnailUrl":"https:\/\/proventuss.eu\/wp-content\/uploads\/2022\/04\/Vi-Pro-EPDM-Primer-908_2.png","datePublished":"2022-04-26T09:17:16+00:00","dateModified":"2022-04-26T09:17:16+00:00","breadcrumb":{"@id":"https:\/\/proventuss.eu\/sk\/produkt\/vi-pro-epdm-primer-908\/#breadcrumb"},"inLanguage":"sk-SK","potentialAction":[{"@type":"ReadAction","target":["https:\/\/proventuss.eu\/sk\/produkt\/vi-pro-epdm-primer-908\/"]}]},{"@type":"ImageObject","inLanguage":"sk-SK","@id":"https:\/\/proventuss.eu\/sk\/produkt\/vi-pro-epdm-primer-908\/#primaryimage","url":"https:\/\/proventuss.eu\/wp-content\/uploads\/2022\/04\/Vi-Pro-EPDM-Primer-908_2.png","contentUrl":"https:\/\/proventuss.eu\/wp-content\/uploads\/2022\/04\/Vi-Pro-EPDM-Primer-908_2.png","width":640,"height":640,"caption":"Na zdj\u0119ciu podk\u0142ad na bazie silikonu o niskiej zawarto\u015bci rozpuszczalnik\u00f3w stosowany na r\u00f3\u017cnego rodzaju pod\u0142o\u017ca porowate. Ujednolica i poprawia przyczepno\u015b\u0107 pod\u0142o\u017ca."},{"@type":"BreadcrumbList","@id":"https:\/\/proventuss.eu\/sk\/produkt\/vi-pro-epdm-primer-908\/#breadcrumb","itemListElement":[{"@type":"ListItem","position":1,"name":"Home","item":"https:\/\/proventuss.eu\/"},{"@type":"ListItem","position":2,"name":"Produkty","item":"https:\/\/proventuss.eu\/produkty\/"},{"@type":"ListItem","position":3,"name":"Vi-Pro\u00ae EPDM Primer 908"}]},{"@type":"WebSite","@id":"https:\/\/proventuss.eu\/#website","url":"https:\/\/proventuss.eu\/","name":"Proventuss","description":"","potentialAction":[{"@type":"SearchAction","target":{"@type":"EntryPoint","urlTemplate":"https:\/\/proventuss.eu\/?s={search_term_string}"},"query-input":"required name=search_term_string"}],"inLanguage":"sk-SK"}]}},"_links":{"self":[{"href":"https:\/\/proventuss.eu\/sk\/wp-json\/wp\/v2\/product\/8858"}],"collection":[{"href":"https:\/\/proventuss.eu\/sk\/wp-json\/wp\/v2\/product"}],"about":[{"href":"https:\/\/proventuss.eu\/sk\/wp-json\/wp\/v2\/types\/product"}],"replies":[{"embeddable":true,"href":"https:\/\/proventuss.eu\/sk\/wp-json\/wp\/v2\/comments?post=8858"}],"wp:featuredmedia":[{"embeddable":true,"href":"https:\/\/proventuss.eu\/sk\/wp-json\/wp\/v2\/media\/7293"}],"wp:attachment":[{"href":"https:\/\/proventuss.eu\/sk\/wp-json\/wp\/v2\/media?parent=8858"}],"wp:term":[{"taxonomy":"product_cat","embeddable":true,"href":"https:\/\/proventuss.eu\/sk\/wp-json\/wp\/v2\/product_cat?post=8858"},{"taxonomy":"product_tag","embeddable":true,"href":"https:\/\/proventuss.eu\/sk\/wp-json\/wp\/v2\/product_tag?post=8858"}],"curies":[{"name":"wp","href":"https:\/\/api.w.org\/{rel}","templated":true}]}}