{"id":8854,"date":"2022-04-26T09:07:48","date_gmt":"2022-04-26T09:07:48","guid":{"rendered":"https:\/\/proventuss.eu\/produkt\/vi-pro-epdm-membrane-butyl-layer\/"},"modified":"2023-06-23T09:37:33","modified_gmt":"2023-06-23T09:37:33","slug":"vi-pro-epdm-membrane-butyl-layer","status":"publish","type":"product","link":"https:\/\/proventuss.eu\/sk\/produkt\/vi-pro-epdm-membrane-butyl-layer\/","title":{"rendered":"Vi-Pro EPDM Membrane Butyl Layer"},"content":{"rendered":"<p><strong>SAMOLEPIACE HYDROIZOLA\u010cN\u00c9 P\u00c1SY<\/strong> na b\u00e1ze gumov\u00e9ho polym\u00e9ru EPDM. V\u00fdrobok pozost\u00e1va z 1,0 mm hrubej EPDM f\u00f3lie vyztu\u017eenej tkaninou s nanesenou vrstvou 0,6 mm lepiaceho butylu, ktor\u00fd je pokryt\u00fd ochrannou p\u00e1skou. EPDM a samolepiaci butyl spolu poskytuj\u00fa v\u00fdrobok s vysok\u00fdm s\u00fa\u010dinite\u013eom priepustnosti vodnej pary. Vi-Pro EPDM Butyl Layer je dostupn\u00fd v \u010diernej farbe.<\/p>\n","protected":false},"excerpt":{"rendered":"<p>SAMOLEPIACE HYDROIZOLA\u010cN\u00c9 P\u00c1SY na b\u00e1ze gumov\u00e9ho polym\u00e9ru EPDM. V\u00fdrobok pozost\u00e1va z 1,0 mm hrubej EPDM f\u00f3lie vyztu\u017eenej tkaninou s nanesenou vrstvou 0,6 mm lepiaceho butylu, ktor\u00fd je pokryt\u00fd ochrannou p\u00e1skou. EPDM a samolepiaci butyl spolu poskytuj\u00fa v\u00fdrobok s vysok\u00fdm s\u00fa\u010dinite\u013eom priepustnosti vodnej pary. Vi-Pro EPDM Butyl Layer je dostupn\u00fd v \u010diernej farbe.<\/p>\n","protected":false},"featured_media":7290,"comment_status":"open","ping_status":"closed","template":"","meta":{"_acf_changed":false},"product_cat":[390],"product_tag":[],"acf":[],"yoast_head":"<!-- This site is optimized with the Yoast SEO plugin v22.9 - https:\/\/yoast.com\/wordpress\/plugins\/seo\/ -->\n<title>Vi-Pro EPDM Membrane Butyl Layer - Proventuss<\/title>\n<meta name=\"robots\" content=\"index, follow, max-snippet:-1, max-image-preview:large, max-video-preview:-1\" \/>\n<link rel=\"canonical\" href=\"https:\/\/proventuss.eu\/sk\/produkt\/vi-pro-epdm-membrane-butyl-layer\/\" \/>\n<meta property=\"og:locale\" content=\"sk_SK\" \/>\n<meta property=\"og:type\" content=\"article\" \/>\n<meta property=\"og:title\" content=\"Vi-Pro EPDM Membrane Butyl Layer - Proventuss\" \/>\n<meta property=\"og:description\" content=\"SAMOLEPIACE HYDROIZOLA\u010cN\u00c9 P\u00c1SY na b\u00e1ze gumov\u00e9ho polym\u00e9ru EPDM. V\u00fdrobok pozost\u00e1va z 1,0 mm hrubej EPDM f\u00f3lie vyztu\u017eenej tkaninou s nanesenou vrstvou 0,6 mm lepiaceho butylu, ktor\u00fd je pokryt\u00fd ochrannou p\u00e1skou. EPDM a samolepiaci butyl spolu poskytuj\u00fa v\u00fdrobok s vysok\u00fdm s\u00fa\u010dinite\u013eom priepustnosti vodnej pary. Vi-Pro EPDM Butyl Layer je dostupn\u00fd v \u010diernej farbe.\" \/>\n<meta property=\"og:url\" content=\"https:\/\/proventuss.eu\/sk\/produkt\/vi-pro-epdm-membrane-butyl-layer\/\" \/>\n<meta property=\"og:site_name\" content=\"Proventuss\" \/>\n<meta property=\"article:modified_time\" content=\"2023-06-23T09:37:33+00:00\" \/>\n<meta property=\"og:image\" content=\"https:\/\/proventuss.eu\/wp-content\/uploads\/2022\/04\/EPDM-Butyl-Layer.jpg\" \/>\n\t<meta property=\"og:image:width\" content=\"832\" \/>\n\t<meta property=\"og:image:height\" content=\"640\" \/>\n\t<meta property=\"og:image:type\" content=\"image\/jpeg\" \/>\n<meta name=\"twitter:card\" content=\"summary_large_image\" \/>\n<meta name=\"twitter:label1\" content=\"Predpokladan\u00fd \u010das \u010d\u00edtania\" \/>\n\t<meta name=\"twitter:data1\" content=\"1 min\u00fata\" \/>\n<script type=\"application\/ld+json\" class=\"yoast-schema-graph\">{\"@context\":\"https:\/\/schema.org\",\"@graph\":[{\"@type\":\"WebPage\",\"@id\":\"https:\/\/proventuss.eu\/sk\/produkt\/vi-pro-epdm-membrane-butyl-layer\/\",\"url\":\"https:\/\/proventuss.eu\/sk\/produkt\/vi-pro-epdm-membrane-butyl-layer\/\",\"name\":\"Vi-Pro EPDM Membrane Butyl Layer - Proventuss\",\"isPartOf\":{\"@id\":\"https:\/\/proventuss.eu\/#website\"},\"primaryImageOfPage\":{\"@id\":\"https:\/\/proventuss.eu\/sk\/produkt\/vi-pro-epdm-membrane-butyl-layer\/#primaryimage\"},\"image\":{\"@id\":\"https:\/\/proventuss.eu\/sk\/produkt\/vi-pro-epdm-membrane-butyl-layer\/#primaryimage\"},\"thumbnailUrl\":\"https:\/\/proventuss.eu\/wp-content\/uploads\/2022\/04\/EPDM-Butyl-Layer.jpg\",\"datePublished\":\"2022-04-26T09:07:48+00:00\",\"dateModified\":\"2023-06-23T09:37:33+00:00\",\"breadcrumb\":{\"@id\":\"https:\/\/proventuss.eu\/sk\/produkt\/vi-pro-epdm-membrane-butyl-layer\/#breadcrumb\"},\"inLanguage\":\"sk-SK\",\"potentialAction\":[{\"@type\":\"ReadAction\",\"target\":[\"https:\/\/proventuss.eu\/sk\/produkt\/vi-pro-epdm-membrane-butyl-layer\/\"]}]},{\"@type\":\"ImageObject\",\"inLanguage\":\"sk-SK\",\"@id\":\"https:\/\/proventuss.eu\/sk\/produkt\/vi-pro-epdm-membrane-butyl-layer\/#primaryimage\",\"url\":\"https:\/\/proventuss.eu\/wp-content\/uploads\/2022\/04\/EPDM-Butyl-Layer.jpg\",\"contentUrl\":\"https:\/\/proventuss.eu\/wp-content\/uploads\/2022\/04\/EPDM-Butyl-Layer.jpg\",\"width\":832,\"height\":640,\"caption\":\"Na zdj\u0119ciu samoprzylepny, fasadowy pas uszczelniaj\u0105cy z EPDM o grubo\u015bci 1,6 mm o niskim wsp\u00f3\u0142czynniku oporu na dyfuzje pary wodnej. Kolor czarny. Rolka.\"},{\"@type\":\"BreadcrumbList\",\"@id\":\"https:\/\/proventuss.eu\/sk\/produkt\/vi-pro-epdm-membrane-butyl-layer\/#breadcrumb\",\"itemListElement\":[{\"@type\":\"ListItem\",\"position\":1,\"name\":\"Home\",\"item\":\"https:\/\/proventuss.eu\/\"},{\"@type\":\"ListItem\",\"position\":2,\"name\":\"Produkty\",\"item\":\"https:\/\/proventuss.eu\/produkty\/\"},{\"@type\":\"ListItem\",\"position\":3,\"name\":\"Vi-Pro EPDM Membrane Butyl Layer\"}]},{\"@type\":\"WebSite\",\"@id\":\"https:\/\/proventuss.eu\/#website\",\"url\":\"https:\/\/proventuss.eu\/\",\"name\":\"Proventuss\",\"description\":\"\",\"potentialAction\":[{\"@type\":\"SearchAction\",\"target\":{\"@type\":\"EntryPoint\",\"urlTemplate\":\"https:\/\/proventuss.eu\/?s={search_term_string}\"},\"query-input\":\"required name=search_term_string\"}],\"inLanguage\":\"sk-SK\"}]}<\/script>\n<!-- \/ Yoast SEO plugin. -->","yoast_head_json":{"title":"Vi-Pro EPDM Membrane Butyl Layer - Proventuss","robots":{"index":"index","follow":"follow","max-snippet":"max-snippet:-1","max-image-preview":"max-image-preview:large","max-video-preview":"max-video-preview:-1"},"canonical":"https:\/\/proventuss.eu\/sk\/produkt\/vi-pro-epdm-membrane-butyl-layer\/","og_locale":"sk_SK","og_type":"article","og_title":"Vi-Pro EPDM Membrane Butyl Layer - Proventuss","og_description":"SAMOLEPIACE HYDROIZOLA\u010cN\u00c9 P\u00c1SY na b\u00e1ze gumov\u00e9ho polym\u00e9ru EPDM. V\u00fdrobok pozost\u00e1va z 1,0 mm hrubej EPDM f\u00f3lie vyztu\u017eenej tkaninou s nanesenou vrstvou 0,6 mm lepiaceho butylu, ktor\u00fd je pokryt\u00fd ochrannou p\u00e1skou. EPDM a samolepiaci butyl spolu poskytuj\u00fa v\u00fdrobok s vysok\u00fdm s\u00fa\u010dinite\u013eom priepustnosti vodnej pary. Vi-Pro EPDM Butyl Layer je dostupn\u00fd v \u010diernej farbe.","og_url":"https:\/\/proventuss.eu\/sk\/produkt\/vi-pro-epdm-membrane-butyl-layer\/","og_site_name":"Proventuss","article_modified_time":"2023-06-23T09:37:33+00:00","og_image":[{"width":832,"height":640,"url":"https:\/\/proventuss.eu\/wp-content\/uploads\/2022\/04\/EPDM-Butyl-Layer.jpg","type":"image\/jpeg"}],"twitter_card":"summary_large_image","twitter_misc":{"Predpokladan\u00fd \u010das \u010d\u00edtania":"1 min\u00fata"},"schema":{"@context":"https:\/\/schema.org","@graph":[{"@type":"WebPage","@id":"https:\/\/proventuss.eu\/sk\/produkt\/vi-pro-epdm-membrane-butyl-layer\/","url":"https:\/\/proventuss.eu\/sk\/produkt\/vi-pro-epdm-membrane-butyl-layer\/","name":"Vi-Pro EPDM Membrane Butyl Layer - Proventuss","isPartOf":{"@id":"https:\/\/proventuss.eu\/#website"},"primaryImageOfPage":{"@id":"https:\/\/proventuss.eu\/sk\/produkt\/vi-pro-epdm-membrane-butyl-layer\/#primaryimage"},"image":{"@id":"https:\/\/proventuss.eu\/sk\/produkt\/vi-pro-epdm-membrane-butyl-layer\/#primaryimage"},"thumbnailUrl":"https:\/\/proventuss.eu\/wp-content\/uploads\/2022\/04\/EPDM-Butyl-Layer.jpg","datePublished":"2022-04-26T09:07:48+00:00","dateModified":"2023-06-23T09:37:33+00:00","breadcrumb":{"@id":"https:\/\/proventuss.eu\/sk\/produkt\/vi-pro-epdm-membrane-butyl-layer\/#breadcrumb"},"inLanguage":"sk-SK","potentialAction":[{"@type":"ReadAction","target":["https:\/\/proventuss.eu\/sk\/produkt\/vi-pro-epdm-membrane-butyl-layer\/"]}]},{"@type":"ImageObject","inLanguage":"sk-SK","@id":"https:\/\/proventuss.eu\/sk\/produkt\/vi-pro-epdm-membrane-butyl-layer\/#primaryimage","url":"https:\/\/proventuss.eu\/wp-content\/uploads\/2022\/04\/EPDM-Butyl-Layer.jpg","contentUrl":"https:\/\/proventuss.eu\/wp-content\/uploads\/2022\/04\/EPDM-Butyl-Layer.jpg","width":832,"height":640,"caption":"Na zdj\u0119ciu samoprzylepny, fasadowy pas uszczelniaj\u0105cy z EPDM o grubo\u015bci 1,6 mm o niskim wsp\u00f3\u0142czynniku oporu na dyfuzje pary wodnej. Kolor czarny. Rolka."},{"@type":"BreadcrumbList","@id":"https:\/\/proventuss.eu\/sk\/produkt\/vi-pro-epdm-membrane-butyl-layer\/#breadcrumb","itemListElement":[{"@type":"ListItem","position":1,"name":"Home","item":"https:\/\/proventuss.eu\/"},{"@type":"ListItem","position":2,"name":"Produkty","item":"https:\/\/proventuss.eu\/produkty\/"},{"@type":"ListItem","position":3,"name":"Vi-Pro EPDM Membrane Butyl Layer"}]},{"@type":"WebSite","@id":"https:\/\/proventuss.eu\/#website","url":"https:\/\/proventuss.eu\/","name":"Proventuss","description":"","potentialAction":[{"@type":"SearchAction","target":{"@type":"EntryPoint","urlTemplate":"https:\/\/proventuss.eu\/?s={search_term_string}"},"query-input":"required name=search_term_string"}],"inLanguage":"sk-SK"}]}},"_links":{"self":[{"href":"https:\/\/proventuss.eu\/sk\/wp-json\/wp\/v2\/product\/8854"}],"collection":[{"href":"https:\/\/proventuss.eu\/sk\/wp-json\/wp\/v2\/product"}],"about":[{"href":"https:\/\/proventuss.eu\/sk\/wp-json\/wp\/v2\/types\/product"}],"replies":[{"embeddable":true,"href":"https:\/\/proventuss.eu\/sk\/wp-json\/wp\/v2\/comments?post=8854"}],"wp:featuredmedia":[{"embeddable":true,"href":"https:\/\/proventuss.eu\/sk\/wp-json\/wp\/v2\/media\/7290"}],"wp:attachment":[{"href":"https:\/\/proventuss.eu\/sk\/wp-json\/wp\/v2\/media?parent=8854"}],"wp:term":[{"taxonomy":"product_cat","embeddable":true,"href":"https:\/\/proventuss.eu\/sk\/wp-json\/wp\/v2\/product_cat?post=8854"},{"taxonomy":"product_tag","embeddable":true,"href":"https:\/\/proventuss.eu\/sk\/wp-json\/wp\/v2\/product_tag?post=8854"}],"curies":[{"name":"wp","href":"https:\/\/api.w.org\/{rel}","templated":true}]}}