{"id":8850,"date":"2022-04-26T09:01:31","date_gmt":"2022-04-26T09:01:31","guid":{"rendered":"https:\/\/proventuss.eu\/produkt\/vi-pro-epdm-membrane-internal\/"},"modified":"2024-09-04T07:32:45","modified_gmt":"2024-09-04T07:32:45","slug":"vi-pro-epdm-membrane-internal","status":"publish","type":"product","link":"https:\/\/proventuss.eu\/sk\/produkt\/vi-pro-epdm-membrane-internal\/","title":{"rendered":"EPDM Vi-Pro\u00ae Membrane Internal"},"content":{"rendered":"<p><strong>HYDROIZOLA\u010cN\u00c1 F\u00d3LIA Vi-Pro\u00ae EPDM<\/strong> Vn\u00fatorn\u00e1 je vyroben\u00e1 na b\u00e1ze syntetickej gumy s vysok\u00fdm s\u00fa\u010dinite\u013eom priepustnosti vodnej pary. Pou\u017e\u00edva sa pre utesnenie okolo okenn\u00fdch r\u00e1mov a\/alebo vn\u00fatorn\u00fdch za\u0165a\u017een\u00fdch kon\u0161trukci\u00ed.<\/p>\n<p>Syst\u00e9m Vi-Pro\u00ae EPDM F\u00f3lia poskytuje s\u00favisl\u00fa izol\u00e1ciu proti vlhkosti, je trvanliv\u00e1, ohybn\u00e1 a odoln\u00e1 ku konstruk\u010dn\u00fdm pohybom.<\/p>\n<p>Je dostupn\u00e1 v \u010diernej farbe a povrch f\u00f3lie m\u00e1 dez\u00e9n potla\u010de text\u00edlie pre zaistenie maxim\u00e1lnej pri\u013enavosti.<\/p>\n","protected":false},"excerpt":{"rendered":"<p>HYDROIZOLA\u010cN\u00c1 F\u00d3LIA Vi-Pro\u00ae EPDM Vn\u00fatorn\u00e1 je vyroben\u00e1 na b\u00e1ze syntetickej gumy s vysok\u00fdm s\u00fa\u010dinite\u013eom priepustnosti vodnej pary. Pou\u017e\u00edva sa pre utesnenie okolo okenn\u00fdch r\u00e1mov a\/alebo vn\u00fatorn\u00fdch za\u0165a\u017een\u00fdch kon\u0161trukci\u00ed. Syst\u00e9m Vi-Pro\u00ae EPDM F\u00f3lia poskytuje s\u00favisl\u00fa izol\u00e1ciu proti vlhkosti, je trvanliv\u00e1, ohybn\u00e1 a odoln\u00e1 ku konstruk\u010dn\u00fdm pohybom. Je dostupn\u00e1 v \u010diernej farbe a povrch f\u00f3lie m\u00e1 dez\u00e9n [&hellip;]<\/p>\n","protected":false},"featured_media":15215,"comment_status":"open","ping_status":"closed","template":"","meta":{"_acf_changed":false},"product_cat":[390],"product_tag":[],"acf":[],"yoast_head":"<!-- This site is optimized with the Yoast SEO plugin v22.9 - https:\/\/yoast.com\/wordpress\/plugins\/seo\/ -->\n<title>EPDM Vi-Pro\u00ae Membrane Internal - Proventuss<\/title>\n<meta name=\"robots\" content=\"index, follow, max-snippet:-1, max-image-preview:large, max-video-preview:-1\" \/>\n<link rel=\"canonical\" href=\"https:\/\/proventuss.eu\/sk\/produkt\/vi-pro-epdm-membrane-internal\/\" \/>\n<meta property=\"og:locale\" content=\"sk_SK\" \/>\n<meta property=\"og:type\" content=\"article\" \/>\n<meta property=\"og:title\" content=\"EPDM Vi-Pro\u00ae Membrane Internal - Proventuss\" \/>\n<meta property=\"og:description\" content=\"HYDROIZOLA\u010cN\u00c1 F\u00d3LIA Vi-Pro\u00ae EPDM Vn\u00fatorn\u00e1 je vyroben\u00e1 na b\u00e1ze syntetickej gumy s vysok\u00fdm s\u00fa\u010dinite\u013eom priepustnosti vodnej pary. Pou\u017e\u00edva sa pre utesnenie okolo okenn\u00fdch r\u00e1mov a\/alebo vn\u00fatorn\u00fdch za\u0165a\u017een\u00fdch kon\u0161trukci\u00ed. Syst\u00e9m Vi-Pro\u00ae EPDM F\u00f3lia poskytuje s\u00favisl\u00fa izol\u00e1ciu proti vlhkosti, je trvanliv\u00e1, ohybn\u00e1 a odoln\u00e1 ku konstruk\u010dn\u00fdm pohybom. Je dostupn\u00e1 v \u010diernej farbe a povrch f\u00f3lie m\u00e1 dez\u00e9n [&hellip;]\" \/>\n<meta property=\"og:url\" content=\"https:\/\/proventuss.eu\/sk\/produkt\/vi-pro-epdm-membrane-internal\/\" \/>\n<meta property=\"og:site_name\" content=\"Proventuss\" \/>\n<meta property=\"article:modified_time\" content=\"2024-09-04T07:32:45+00:00\" \/>\n<meta property=\"og:image\" content=\"https:\/\/proventuss.eu\/wp-content\/uploads\/2022\/04\/IMG_20240312_114636m.jpg\" \/>\n\t<meta property=\"og:image:width\" content=\"500\" \/>\n\t<meta property=\"og:image:height\" content=\"528\" \/>\n\t<meta property=\"og:image:type\" content=\"image\/jpeg\" \/>\n<meta name=\"twitter:card\" content=\"summary_large_image\" \/>\n<meta name=\"twitter:label1\" content=\"Predpokladan\u00fd \u010das \u010d\u00edtania\" \/>\n\t<meta name=\"twitter:data1\" content=\"1 min\u00fata\" \/>\n<script type=\"application\/ld+json\" class=\"yoast-schema-graph\">{\"@context\":\"https:\/\/schema.org\",\"@graph\":[{\"@type\":\"WebPage\",\"@id\":\"https:\/\/proventuss.eu\/sk\/produkt\/vi-pro-epdm-membrane-internal\/\",\"url\":\"https:\/\/proventuss.eu\/sk\/produkt\/vi-pro-epdm-membrane-internal\/\",\"name\":\"EPDM Vi-Pro\u00ae Membrane Internal - Proventuss\",\"isPartOf\":{\"@id\":\"https:\/\/proventuss.eu\/#website\"},\"primaryImageOfPage\":{\"@id\":\"https:\/\/proventuss.eu\/sk\/produkt\/vi-pro-epdm-membrane-internal\/#primaryimage\"},\"image\":{\"@id\":\"https:\/\/proventuss.eu\/sk\/produkt\/vi-pro-epdm-membrane-internal\/#primaryimage\"},\"thumbnailUrl\":\"https:\/\/proventuss.eu\/wp-content\/uploads\/2022\/04\/IMG_20240312_114636m.jpg\",\"datePublished\":\"2022-04-26T09:01:31+00:00\",\"dateModified\":\"2024-09-04T07:32:45+00:00\",\"breadcrumb\":{\"@id\":\"https:\/\/proventuss.eu\/sk\/produkt\/vi-pro-epdm-membrane-internal\/#breadcrumb\"},\"inLanguage\":\"sk-SK\",\"potentialAction\":[{\"@type\":\"ReadAction\",\"target\":[\"https:\/\/proventuss.eu\/sk\/produkt\/vi-pro-epdm-membrane-internal\/\"]}]},{\"@type\":\"ImageObject\",\"inLanguage\":\"sk-SK\",\"@id\":\"https:\/\/proventuss.eu\/sk\/produkt\/vi-pro-epdm-membrane-internal\/#primaryimage\",\"url\":\"https:\/\/proventuss.eu\/wp-content\/uploads\/2022\/04\/IMG_20240312_114636m.jpg\",\"contentUrl\":\"https:\/\/proventuss.eu\/wp-content\/uploads\/2022\/04\/IMG_20240312_114636m.jpg\",\"width\":500,\"height\":528,\"caption\":\"Na zdj\u0119ciu\"},{\"@type\":\"BreadcrumbList\",\"@id\":\"https:\/\/proventuss.eu\/sk\/produkt\/vi-pro-epdm-membrane-internal\/#breadcrumb\",\"itemListElement\":[{\"@type\":\"ListItem\",\"position\":1,\"name\":\"Home\",\"item\":\"https:\/\/proventuss.eu\/\"},{\"@type\":\"ListItem\",\"position\":2,\"name\":\"Produkty\",\"item\":\"https:\/\/proventuss.eu\/produkty\/\"},{\"@type\":\"ListItem\",\"position\":3,\"name\":\"EPDM Vi-Pro\u00ae Membrane Internal\"}]},{\"@type\":\"WebSite\",\"@id\":\"https:\/\/proventuss.eu\/#website\",\"url\":\"https:\/\/proventuss.eu\/\",\"name\":\"Proventuss\",\"description\":\"\",\"potentialAction\":[{\"@type\":\"SearchAction\",\"target\":{\"@type\":\"EntryPoint\",\"urlTemplate\":\"https:\/\/proventuss.eu\/?s={search_term_string}\"},\"query-input\":\"required name=search_term_string\"}],\"inLanguage\":\"sk-SK\"}]}<\/script>\n<!-- \/ Yoast SEO plugin. -->","yoast_head_json":{"title":"EPDM Vi-Pro\u00ae Membrane Internal - Proventuss","robots":{"index":"index","follow":"follow","max-snippet":"max-snippet:-1","max-image-preview":"max-image-preview:large","max-video-preview":"max-video-preview:-1"},"canonical":"https:\/\/proventuss.eu\/sk\/produkt\/vi-pro-epdm-membrane-internal\/","og_locale":"sk_SK","og_type":"article","og_title":"EPDM Vi-Pro\u00ae Membrane Internal - Proventuss","og_description":"HYDROIZOLA\u010cN\u00c1 F\u00d3LIA Vi-Pro\u00ae EPDM Vn\u00fatorn\u00e1 je vyroben\u00e1 na b\u00e1ze syntetickej gumy s vysok\u00fdm s\u00fa\u010dinite\u013eom priepustnosti vodnej pary. Pou\u017e\u00edva sa pre utesnenie okolo okenn\u00fdch r\u00e1mov a\/alebo vn\u00fatorn\u00fdch za\u0165a\u017een\u00fdch kon\u0161trukci\u00ed. Syst\u00e9m Vi-Pro\u00ae EPDM F\u00f3lia poskytuje s\u00favisl\u00fa izol\u00e1ciu proti vlhkosti, je trvanliv\u00e1, ohybn\u00e1 a odoln\u00e1 ku konstruk\u010dn\u00fdm pohybom. Je dostupn\u00e1 v \u010diernej farbe a povrch f\u00f3lie m\u00e1 dez\u00e9n [&hellip;]","og_url":"https:\/\/proventuss.eu\/sk\/produkt\/vi-pro-epdm-membrane-internal\/","og_site_name":"Proventuss","article_modified_time":"2024-09-04T07:32:45+00:00","og_image":[{"width":500,"height":528,"url":"https:\/\/proventuss.eu\/wp-content\/uploads\/2022\/04\/IMG_20240312_114636m.jpg","type":"image\/jpeg"}],"twitter_card":"summary_large_image","twitter_misc":{"Predpokladan\u00fd \u010das \u010d\u00edtania":"1 min\u00fata"},"schema":{"@context":"https:\/\/schema.org","@graph":[{"@type":"WebPage","@id":"https:\/\/proventuss.eu\/sk\/produkt\/vi-pro-epdm-membrane-internal\/","url":"https:\/\/proventuss.eu\/sk\/produkt\/vi-pro-epdm-membrane-internal\/","name":"EPDM Vi-Pro\u00ae Membrane Internal - Proventuss","isPartOf":{"@id":"https:\/\/proventuss.eu\/#website"},"primaryImageOfPage":{"@id":"https:\/\/proventuss.eu\/sk\/produkt\/vi-pro-epdm-membrane-internal\/#primaryimage"},"image":{"@id":"https:\/\/proventuss.eu\/sk\/produkt\/vi-pro-epdm-membrane-internal\/#primaryimage"},"thumbnailUrl":"https:\/\/proventuss.eu\/wp-content\/uploads\/2022\/04\/IMG_20240312_114636m.jpg","datePublished":"2022-04-26T09:01:31+00:00","dateModified":"2024-09-04T07:32:45+00:00","breadcrumb":{"@id":"https:\/\/proventuss.eu\/sk\/produkt\/vi-pro-epdm-membrane-internal\/#breadcrumb"},"inLanguage":"sk-SK","potentialAction":[{"@type":"ReadAction","target":["https:\/\/proventuss.eu\/sk\/produkt\/vi-pro-epdm-membrane-internal\/"]}]},{"@type":"ImageObject","inLanguage":"sk-SK","@id":"https:\/\/proventuss.eu\/sk\/produkt\/vi-pro-epdm-membrane-internal\/#primaryimage","url":"https:\/\/proventuss.eu\/wp-content\/uploads\/2022\/04\/IMG_20240312_114636m.jpg","contentUrl":"https:\/\/proventuss.eu\/wp-content\/uploads\/2022\/04\/IMG_20240312_114636m.jpg","width":500,"height":528,"caption":"Na zdj\u0119ciu"},{"@type":"BreadcrumbList","@id":"https:\/\/proventuss.eu\/sk\/produkt\/vi-pro-epdm-membrane-internal\/#breadcrumb","itemListElement":[{"@type":"ListItem","position":1,"name":"Home","item":"https:\/\/proventuss.eu\/"},{"@type":"ListItem","position":2,"name":"Produkty","item":"https:\/\/proventuss.eu\/produkty\/"},{"@type":"ListItem","position":3,"name":"EPDM Vi-Pro\u00ae Membrane Internal"}]},{"@type":"WebSite","@id":"https:\/\/proventuss.eu\/#website","url":"https:\/\/proventuss.eu\/","name":"Proventuss","description":"","potentialAction":[{"@type":"SearchAction","target":{"@type":"EntryPoint","urlTemplate":"https:\/\/proventuss.eu\/?s={search_term_string}"},"query-input":"required name=search_term_string"}],"inLanguage":"sk-SK"}]}},"_links":{"self":[{"href":"https:\/\/proventuss.eu\/sk\/wp-json\/wp\/v2\/product\/8850"}],"collection":[{"href":"https:\/\/proventuss.eu\/sk\/wp-json\/wp\/v2\/product"}],"about":[{"href":"https:\/\/proventuss.eu\/sk\/wp-json\/wp\/v2\/types\/product"}],"replies":[{"embeddable":true,"href":"https:\/\/proventuss.eu\/sk\/wp-json\/wp\/v2\/comments?post=8850"}],"wp:featuredmedia":[{"embeddable":true,"href":"https:\/\/proventuss.eu\/sk\/wp-json\/wp\/v2\/media\/15215"}],"wp:attachment":[{"href":"https:\/\/proventuss.eu\/sk\/wp-json\/wp\/v2\/media?parent=8850"}],"wp:term":[{"taxonomy":"product_cat","embeddable":true,"href":"https:\/\/proventuss.eu\/sk\/wp-json\/wp\/v2\/product_cat?post=8850"},{"taxonomy":"product_tag","embeddable":true,"href":"https:\/\/proventuss.eu\/sk\/wp-json\/wp\/v2\/product_tag?post=8850"}],"curies":[{"name":"wp","href":"https:\/\/api.w.org\/{rel}","templated":true}]}}