{"id":8848,"date":"2022-04-26T08:51:11","date_gmt":"2022-04-26T08:51:11","guid":{"rendered":"https:\/\/proventuss.eu\/produkt\/vi-pro-wns\/"},"modified":"2022-04-26T08:51:11","modified_gmt":"2022-04-26T08:51:11","slug":"vi-pro-wns","status":"publish","type":"product","link":"https:\/\/proventuss.eu\/sk\/produkt\/vi-pro-wns\/","title":{"rendered":"Vi-Pro\u00ae WNS"},"content":{"rendered":"<p><strong>JEDNOZLO\u017dKOV\u00dd, N\u00cdZKOMODULOV\u00dd, NEUTR\u00c1LNE VYTVRDZOVAN\u00dd <\/strong><br \/>\n<strong>TMEL<\/strong> \u0161peci\u00e1lne formulovan\u00fd pre zasklievanie a tmelenie proti poveternostn\u00fdm vplyvom. Obzvl\u00e1\u0161\u0165 vhodn\u00fd pre zasklievanie a obvodov\u00e9 tmelenie okien a dver\u00ed z dreva, PVC nebo hlin\u00edku.<\/p>\n<p><strong>V\u00ddHODY:<\/strong><br \/>\n\u2022 Syst\u00e9m neutr\u00e1lneho vytvrdzovania<br \/>\n\u2022 N\u00edzk\u00fd modulus, vysok\u00e1 pru\u017enos\u0165<br \/>\n\u2022 Dobr\u00e1 pri\u013enavos\u0165 k v\u00e4\u010d\u0161ine materi\u00e1lov bez primeru<br \/>\n\u2022 Nekoroz\u00edvny ku kovom<br \/>\n\u2022 \u013dahk\u00e1 aplik\u00e1cia a pou\u017eitie<br \/>\n\u2022 Slab\u00fd z\u00e1pach<br \/>\n\u2022 Odolnos\u0165 vo\u010di UV \u017eiareniu a poveternostn\u00fdm vplyvom<\/p>\n<p><strong>BALENIE:<\/strong><br \/>\n600 ml sal\u00e1my, 20 ks\/kart\u00f3n<\/p>\n","protected":false},"excerpt":{"rendered":"<p>JEDNOZLO\u017dKOV\u00dd, N\u00cdZKOMODULOV\u00dd, NEUTR\u00c1LNE VYTVRDZOVAN\u00dd TMEL \u0161peci\u00e1lne formulovan\u00fd pre zasklievanie a tmelenie proti poveternostn\u00fdm vplyvom. Obzvl\u00e1\u0161\u0165 vhodn\u00fd pre zasklievanie a obvodov\u00e9 tmelenie okien a dver\u00ed z dreva, PVC nebo hlin\u00edku. V\u00ddHODY: \u2022 Syst\u00e9m neutr\u00e1lneho vytvrdzovania \u2022 N\u00edzk\u00fd modulus, vysok\u00e1 pru\u017enos\u0165 \u2022 Dobr\u00e1 pri\u013enavos\u0165 k v\u00e4\u010d\u0161ine materi\u00e1lov bez primeru \u2022 Nekoroz\u00edvny ku kovom \u2022 \u013dahk\u00e1 aplik\u00e1cia a [&hellip;]<\/p>\n","protected":false},"featured_media":7389,"comment_status":"open","ping_status":"closed","template":"","meta":{"_acf_changed":false},"product_cat":[388],"product_tag":[],"acf":[],"yoast_head":"<!-- This site is optimized with the Yoast SEO plugin v22.9 - https:\/\/yoast.com\/wordpress\/plugins\/seo\/ -->\n<title>Vi-Pro\u00ae WNS - Proventuss<\/title>\n<meta name=\"robots\" content=\"index, follow, max-snippet:-1, max-image-preview:large, max-video-preview:-1\" \/>\n<link rel=\"canonical\" href=\"https:\/\/proventuss.eu\/sk\/produkt\/vi-pro-wns\/\" \/>\n<meta property=\"og:locale\" content=\"sk_SK\" \/>\n<meta property=\"og:type\" content=\"article\" \/>\n<meta property=\"og:title\" content=\"Vi-Pro\u00ae WNS - Proventuss\" \/>\n<meta property=\"og:description\" content=\"JEDNOZLO\u017dKOV\u00dd, N\u00cdZKOMODULOV\u00dd, NEUTR\u00c1LNE VYTVRDZOVAN\u00dd TMEL \u0161peci\u00e1lne formulovan\u00fd pre zasklievanie a tmelenie proti poveternostn\u00fdm vplyvom. Obzvl\u00e1\u0161\u0165 vhodn\u00fd pre zasklievanie a obvodov\u00e9 tmelenie okien a dver\u00ed z dreva, PVC nebo hlin\u00edku. V\u00ddHODY: \u2022 Syst\u00e9m neutr\u00e1lneho vytvrdzovania \u2022 N\u00edzk\u00fd modulus, vysok\u00e1 pru\u017enos\u0165 \u2022 Dobr\u00e1 pri\u013enavos\u0165 k v\u00e4\u010d\u0161ine materi\u00e1lov bez primeru \u2022 Nekoroz\u00edvny ku kovom \u2022 \u013dahk\u00e1 aplik\u00e1cia a [&hellip;]\" \/>\n<meta property=\"og:url\" content=\"https:\/\/proventuss.eu\/sk\/produkt\/vi-pro-wns\/\" \/>\n<meta property=\"og:site_name\" content=\"Proventuss\" \/>\n<meta property=\"og:image\" content=\"https:\/\/proventuss.eu\/wp-content\/uploads\/2022\/04\/Vi-Pro-WNS.png\" \/>\n\t<meta property=\"og:image:width\" content=\"153\" \/>\n\t<meta property=\"og:image:height\" content=\"921\" \/>\n\t<meta property=\"og:image:type\" content=\"image\/png\" \/>\n<meta name=\"twitter:card\" content=\"summary_large_image\" \/>\n<script type=\"application\/ld+json\" class=\"yoast-schema-graph\">{\"@context\":\"https:\/\/schema.org\",\"@graph\":[{\"@type\":\"WebPage\",\"@id\":\"https:\/\/proventuss.eu\/sk\/produkt\/vi-pro-wns\/\",\"url\":\"https:\/\/proventuss.eu\/sk\/produkt\/vi-pro-wns\/\",\"name\":\"Vi-Pro\u00ae WNS - Proventuss\",\"isPartOf\":{\"@id\":\"https:\/\/proventuss.eu\/#website\"},\"primaryImageOfPage\":{\"@id\":\"https:\/\/proventuss.eu\/sk\/produkt\/vi-pro-wns\/#primaryimage\"},\"image\":{\"@id\":\"https:\/\/proventuss.eu\/sk\/produkt\/vi-pro-wns\/#primaryimage\"},\"thumbnailUrl\":\"https:\/\/proventuss.eu\/wp-content\/uploads\/2022\/04\/Vi-Pro-WNS.png\",\"datePublished\":\"2022-04-26T08:51:11+00:00\",\"dateModified\":\"2022-04-26T08:51:11+00:00\",\"breadcrumb\":{\"@id\":\"https:\/\/proventuss.eu\/sk\/produkt\/vi-pro-wns\/#breadcrumb\"},\"inLanguage\":\"sk-SK\",\"potentialAction\":[{\"@type\":\"ReadAction\",\"target\":[\"https:\/\/proventuss.eu\/sk\/produkt\/vi-pro-wns\/\"]}]},{\"@type\":\"ImageObject\",\"inLanguage\":\"sk-SK\",\"@id\":\"https:\/\/proventuss.eu\/sk\/produkt\/vi-pro-wns\/#primaryimage\",\"url\":\"https:\/\/proventuss.eu\/wp-content\/uploads\/2022\/04\/Vi-Pro-WNS.png\",\"contentUrl\":\"https:\/\/proventuss.eu\/wp-content\/uploads\/2022\/04\/Vi-Pro-WNS.png\",\"width\":153,\"height\":921,\"caption\":\"Na zdj\u0119ciu jednosk\u0142adnikowe szczeliwo do szklenia oraz uszczelniania obwod\u00f3w futryn okiennych i drzwiowych wykonanych z drewna, PVC lub aluminium.\"},{\"@type\":\"BreadcrumbList\",\"@id\":\"https:\/\/proventuss.eu\/sk\/produkt\/vi-pro-wns\/#breadcrumb\",\"itemListElement\":[{\"@type\":\"ListItem\",\"position\":1,\"name\":\"Home\",\"item\":\"https:\/\/proventuss.eu\/\"},{\"@type\":\"ListItem\",\"position\":2,\"name\":\"Produkty\",\"item\":\"https:\/\/proventuss.eu\/produkty\/\"},{\"@type\":\"ListItem\",\"position\":3,\"name\":\"Vi-Pro\u00ae WNS\"}]},{\"@type\":\"WebSite\",\"@id\":\"https:\/\/proventuss.eu\/#website\",\"url\":\"https:\/\/proventuss.eu\/\",\"name\":\"Proventuss\",\"description\":\"\",\"potentialAction\":[{\"@type\":\"SearchAction\",\"target\":{\"@type\":\"EntryPoint\",\"urlTemplate\":\"https:\/\/proventuss.eu\/?s={search_term_string}\"},\"query-input\":\"required name=search_term_string\"}],\"inLanguage\":\"sk-SK\"}]}<\/script>\n<!-- \/ Yoast SEO plugin. -->","yoast_head_json":{"title":"Vi-Pro\u00ae WNS - Proventuss","robots":{"index":"index","follow":"follow","max-snippet":"max-snippet:-1","max-image-preview":"max-image-preview:large","max-video-preview":"max-video-preview:-1"},"canonical":"https:\/\/proventuss.eu\/sk\/produkt\/vi-pro-wns\/","og_locale":"sk_SK","og_type":"article","og_title":"Vi-Pro\u00ae WNS - Proventuss","og_description":"JEDNOZLO\u017dKOV\u00dd, N\u00cdZKOMODULOV\u00dd, NEUTR\u00c1LNE VYTVRDZOVAN\u00dd TMEL \u0161peci\u00e1lne formulovan\u00fd pre zasklievanie a tmelenie proti poveternostn\u00fdm vplyvom. Obzvl\u00e1\u0161\u0165 vhodn\u00fd pre zasklievanie a obvodov\u00e9 tmelenie okien a dver\u00ed z dreva, PVC nebo hlin\u00edku. V\u00ddHODY: \u2022 Syst\u00e9m neutr\u00e1lneho vytvrdzovania \u2022 N\u00edzk\u00fd modulus, vysok\u00e1 pru\u017enos\u0165 \u2022 Dobr\u00e1 pri\u013enavos\u0165 k v\u00e4\u010d\u0161ine materi\u00e1lov bez primeru \u2022 Nekoroz\u00edvny ku kovom \u2022 \u013dahk\u00e1 aplik\u00e1cia a [&hellip;]","og_url":"https:\/\/proventuss.eu\/sk\/produkt\/vi-pro-wns\/","og_site_name":"Proventuss","og_image":[{"width":153,"height":921,"url":"https:\/\/proventuss.eu\/wp-content\/uploads\/2022\/04\/Vi-Pro-WNS.png","type":"image\/png"}],"twitter_card":"summary_large_image","schema":{"@context":"https:\/\/schema.org","@graph":[{"@type":"WebPage","@id":"https:\/\/proventuss.eu\/sk\/produkt\/vi-pro-wns\/","url":"https:\/\/proventuss.eu\/sk\/produkt\/vi-pro-wns\/","name":"Vi-Pro\u00ae WNS - Proventuss","isPartOf":{"@id":"https:\/\/proventuss.eu\/#website"},"primaryImageOfPage":{"@id":"https:\/\/proventuss.eu\/sk\/produkt\/vi-pro-wns\/#primaryimage"},"image":{"@id":"https:\/\/proventuss.eu\/sk\/produkt\/vi-pro-wns\/#primaryimage"},"thumbnailUrl":"https:\/\/proventuss.eu\/wp-content\/uploads\/2022\/04\/Vi-Pro-WNS.png","datePublished":"2022-04-26T08:51:11+00:00","dateModified":"2022-04-26T08:51:11+00:00","breadcrumb":{"@id":"https:\/\/proventuss.eu\/sk\/produkt\/vi-pro-wns\/#breadcrumb"},"inLanguage":"sk-SK","potentialAction":[{"@type":"ReadAction","target":["https:\/\/proventuss.eu\/sk\/produkt\/vi-pro-wns\/"]}]},{"@type":"ImageObject","inLanguage":"sk-SK","@id":"https:\/\/proventuss.eu\/sk\/produkt\/vi-pro-wns\/#primaryimage","url":"https:\/\/proventuss.eu\/wp-content\/uploads\/2022\/04\/Vi-Pro-WNS.png","contentUrl":"https:\/\/proventuss.eu\/wp-content\/uploads\/2022\/04\/Vi-Pro-WNS.png","width":153,"height":921,"caption":"Na zdj\u0119ciu jednosk\u0142adnikowe szczeliwo do szklenia oraz uszczelniania obwod\u00f3w futryn okiennych i drzwiowych wykonanych z drewna, PVC lub aluminium."},{"@type":"BreadcrumbList","@id":"https:\/\/proventuss.eu\/sk\/produkt\/vi-pro-wns\/#breadcrumb","itemListElement":[{"@type":"ListItem","position":1,"name":"Home","item":"https:\/\/proventuss.eu\/"},{"@type":"ListItem","position":2,"name":"Produkty","item":"https:\/\/proventuss.eu\/produkty\/"},{"@type":"ListItem","position":3,"name":"Vi-Pro\u00ae WNS"}]},{"@type":"WebSite","@id":"https:\/\/proventuss.eu\/#website","url":"https:\/\/proventuss.eu\/","name":"Proventuss","description":"","potentialAction":[{"@type":"SearchAction","target":{"@type":"EntryPoint","urlTemplate":"https:\/\/proventuss.eu\/?s={search_term_string}"},"query-input":"required name=search_term_string"}],"inLanguage":"sk-SK"}]}},"_links":{"self":[{"href":"https:\/\/proventuss.eu\/sk\/wp-json\/wp\/v2\/product\/8848"}],"collection":[{"href":"https:\/\/proventuss.eu\/sk\/wp-json\/wp\/v2\/product"}],"about":[{"href":"https:\/\/proventuss.eu\/sk\/wp-json\/wp\/v2\/types\/product"}],"replies":[{"embeddable":true,"href":"https:\/\/proventuss.eu\/sk\/wp-json\/wp\/v2\/comments?post=8848"}],"wp:featuredmedia":[{"embeddable":true,"href":"https:\/\/proventuss.eu\/sk\/wp-json\/wp\/v2\/media\/7389"}],"wp:attachment":[{"href":"https:\/\/proventuss.eu\/sk\/wp-json\/wp\/v2\/media?parent=8848"}],"wp:term":[{"taxonomy":"product_cat","embeddable":true,"href":"https:\/\/proventuss.eu\/sk\/wp-json\/wp\/v2\/product_cat?post=8848"},{"taxonomy":"product_tag","embeddable":true,"href":"https:\/\/proventuss.eu\/sk\/wp-json\/wp\/v2\/product_tag?post=8848"}],"curies":[{"name":"wp","href":"https:\/\/api.w.org\/{rel}","templated":true}]}}