{"id":8847,"date":"2022-04-26T08:49:22","date_gmt":"2022-04-26T08:49:22","guid":{"rendered":"https:\/\/proventuss.eu\/produkt\/dowsil-776-instantfix-wb\/"},"modified":"2022-04-26T08:49:22","modified_gmt":"2022-04-26T08:49:22","slug":"dowsil-776-instantfix-wb","status":"publish","type":"product","link":"https:\/\/proventuss.eu\/sk\/produkt\/dowsil-776-instantfix-wb\/","title":{"rendered":"DOWSIL 776 InstantFix WB"},"content":{"rendered":"<p><strong>NEUTR\u00c1LNY SILIK\u00d3N S OKAM\u017dITOU PEVNOS\u0164OU<\/strong>, jednozlo\u017ekov\u00fd silik\u00f3nov\u00fd tmel \u0161peci\u00e1lne vyvinut\u00fd pre aplik\u00e1ciu lepenia okien a dver\u00ed v manu\u00e1lnych a automatizovan\u00fdch procesoch. Poskytuje okam\u017eit\u00fa pevnos\u0165 ihne\u010f po aplik\u00e1cii, \u010d\u00edm zvy\u0161uje produktivitu. V\u00fdrobok se vyzna\u010duje pri\u013enavos\u0165ou bez primeru k mnoh\u00fdm povrchom typick\u00fdm preo okn\u00e1 a dvere.<\/p>\n<p><strong>V\u00ddHODY:<\/strong><br \/>\n\u2022 R\u00fdchle vytvrdzovanie<br \/>\n\u2022 Vynikaj\u00faca dlhodob\u00e1 odolnos\u0165<br \/>\n\u2022 Okam\u017eit\u00e1 po\u010diato\u010dn\u00e1 pevnos\u0165 umo\u017e\u0148uje ihne\u010f manipulova\u0165 s \u010derstvo zlepen\u00fdmi oknami<br \/>\n\u2022 V\u00fdborn\u00e1 pri\u013enavos\u0165 k v\u00e4\u010d\u0161ine be\u017en\u00fdch oken\u00e1rskych materi\u00e1lov bez podkladov\u00e9ho n\u00e1teru<br \/>\n\u2022 Kompatibiln\u00fd s v\u00e4\u010d\u0161inou be\u017ene pou\u017e\u00edvan\u00fdch povrchov a materi\u00e1ov<br \/>\n\u2022 Nestekav\u00fd, dobr\u00e1 spracovatelnos\u0165<br \/>\n\u2022 V\u0161etky v\u00fdhody silik\u00f3nu (odolnos\u0165 k povetenostn\u00fdm podmienkam, UV \u017eiareniu a extr\u00e9mnym teplot\u00e1m)<br \/>\n\u2022 Vysok\u00e1 pevnos\u0165 v \u0165ahu<\/p>\n<p><strong>BALENIE\/FARBYY:<\/strong><br \/>\nSal\u00e1my: 600 ml, Kartu\u0161e: 310 ml<br \/>\nFarba: \u010dierna<\/p>\n","protected":false},"excerpt":{"rendered":"<p>NEUTR\u00c1LNY SILIK\u00d3N S OKAM\u017dITOU PEVNOS\u0164OU, jednozlo\u017ekov\u00fd silik\u00f3nov\u00fd tmel \u0161peci\u00e1lne vyvinut\u00fd pre aplik\u00e1ciu lepenia okien a dver\u00ed v manu\u00e1lnych a automatizovan\u00fdch procesoch. Poskytuje okam\u017eit\u00fa pevnos\u0165 ihne\u010f po aplik\u00e1cii, \u010d\u00edm zvy\u0161uje produktivitu. V\u00fdrobok se vyzna\u010duje pri\u013enavos\u0165ou bez primeru k mnoh\u00fdm povrchom typick\u00fdm preo okn\u00e1 a dvere. V\u00ddHODY: \u2022 R\u00fdchle vytvrdzovanie \u2022 Vynikaj\u00faca dlhodob\u00e1 odolnos\u0165 \u2022 Okam\u017eit\u00e1 po\u010diato\u010dn\u00e1 [&hellip;]<\/p>\n","protected":false},"featured_media":7350,"comment_status":"open","ping_status":"closed","template":"","meta":{"_acf_changed":false},"product_cat":[388],"product_tag":[],"acf":[],"yoast_head":"<!-- This site is optimized with the Yoast SEO plugin v22.9 - https:\/\/yoast.com\/wordpress\/plugins\/seo\/ -->\n<title>DOWSIL 776 InstantFix WB - Proventuss<\/title>\n<meta name=\"robots\" content=\"index, follow, max-snippet:-1, max-image-preview:large, max-video-preview:-1\" \/>\n<link rel=\"canonical\" href=\"https:\/\/proventuss.eu\/sk\/produkt\/dowsil-776-instantfix-wb\/\" \/>\n<meta property=\"og:locale\" content=\"sk_SK\" \/>\n<meta property=\"og:type\" content=\"article\" \/>\n<meta property=\"og:title\" content=\"DOWSIL 776 InstantFix WB - Proventuss\" \/>\n<meta property=\"og:description\" content=\"NEUTR\u00c1LNY SILIK\u00d3N S OKAM\u017dITOU PEVNOS\u0164OU, jednozlo\u017ekov\u00fd silik\u00f3nov\u00fd tmel \u0161peci\u00e1lne vyvinut\u00fd pre aplik\u00e1ciu lepenia okien a dver\u00ed v manu\u00e1lnych a automatizovan\u00fdch procesoch. Poskytuje okam\u017eit\u00fa pevnos\u0165 ihne\u010f po aplik\u00e1cii, \u010d\u00edm zvy\u0161uje produktivitu. V\u00fdrobok se vyzna\u010duje pri\u013enavos\u0165ou bez primeru k mnoh\u00fdm povrchom typick\u00fdm preo okn\u00e1 a dvere. V\u00ddHODY: \u2022 R\u00fdchle vytvrdzovanie \u2022 Vynikaj\u00faca dlhodob\u00e1 odolnos\u0165 \u2022 Okam\u017eit\u00e1 po\u010diato\u010dn\u00e1 [&hellip;]\" \/>\n<meta property=\"og:url\" content=\"https:\/\/proventuss.eu\/sk\/produkt\/dowsil-776-instantfix-wb\/\" \/>\n<meta property=\"og:site_name\" content=\"Proventuss\" \/>\n<meta property=\"og:image\" content=\"https:\/\/proventuss.eu\/wp-content\/uploads\/2022\/04\/776.jpg\" \/>\n\t<meta property=\"og:image:width\" content=\"408\" \/>\n\t<meta property=\"og:image:height\" content=\"1136\" \/>\n\t<meta property=\"og:image:type\" content=\"image\/jpeg\" \/>\n<meta name=\"twitter:card\" content=\"summary_large_image\" \/>\n<meta name=\"twitter:label1\" content=\"Predpokladan\u00fd \u010das \u010d\u00edtania\" \/>\n\t<meta name=\"twitter:data1\" content=\"1 min\u00fata\" \/>\n<script type=\"application\/ld+json\" class=\"yoast-schema-graph\">{\"@context\":\"https:\/\/schema.org\",\"@graph\":[{\"@type\":\"WebPage\",\"@id\":\"https:\/\/proventuss.eu\/sk\/produkt\/dowsil-776-instantfix-wb\/\",\"url\":\"https:\/\/proventuss.eu\/sk\/produkt\/dowsil-776-instantfix-wb\/\",\"name\":\"DOWSIL 776 InstantFix WB - Proventuss\",\"isPartOf\":{\"@id\":\"https:\/\/proventuss.eu\/#website\"},\"primaryImageOfPage\":{\"@id\":\"https:\/\/proventuss.eu\/sk\/produkt\/dowsil-776-instantfix-wb\/#primaryimage\"},\"image\":{\"@id\":\"https:\/\/proventuss.eu\/sk\/produkt\/dowsil-776-instantfix-wb\/#primaryimage\"},\"thumbnailUrl\":\"https:\/\/proventuss.eu\/wp-content\/uploads\/2022\/04\/776.jpg\",\"datePublished\":\"2022-04-26T08:49:22+00:00\",\"dateModified\":\"2022-04-26T08:49:22+00:00\",\"breadcrumb\":{\"@id\":\"https:\/\/proventuss.eu\/sk\/produkt\/dowsil-776-instantfix-wb\/#breadcrumb\"},\"inLanguage\":\"sk-SK\",\"potentialAction\":[{\"@type\":\"ReadAction\",\"target\":[\"https:\/\/proventuss.eu\/sk\/produkt\/dowsil-776-instantfix-wb\/\"]}]},{\"@type\":\"ImageObject\",\"inLanguage\":\"sk-SK\",\"@id\":\"https:\/\/proventuss.eu\/sk\/produkt\/dowsil-776-instantfix-wb\/#primaryimage\",\"url\":\"https:\/\/proventuss.eu\/wp-content\/uploads\/2022\/04\/776.jpg\",\"contentUrl\":\"https:\/\/proventuss.eu\/wp-content\/uploads\/2022\/04\/776.jpg\",\"width\":408,\"height\":1136},{\"@type\":\"BreadcrumbList\",\"@id\":\"https:\/\/proventuss.eu\/sk\/produkt\/dowsil-776-instantfix-wb\/#breadcrumb\",\"itemListElement\":[{\"@type\":\"ListItem\",\"position\":1,\"name\":\"Home\",\"item\":\"https:\/\/proventuss.eu\/\"},{\"@type\":\"ListItem\",\"position\":2,\"name\":\"Produkty\",\"item\":\"https:\/\/proventuss.eu\/produkty\/\"},{\"@type\":\"ListItem\",\"position\":3,\"name\":\"DOWSIL 776 InstantFix WB\"}]},{\"@type\":\"WebSite\",\"@id\":\"https:\/\/proventuss.eu\/#website\",\"url\":\"https:\/\/proventuss.eu\/\",\"name\":\"Proventuss\",\"description\":\"\",\"potentialAction\":[{\"@type\":\"SearchAction\",\"target\":{\"@type\":\"EntryPoint\",\"urlTemplate\":\"https:\/\/proventuss.eu\/?s={search_term_string}\"},\"query-input\":\"required name=search_term_string\"}],\"inLanguage\":\"sk-SK\"}]}<\/script>\n<!-- \/ Yoast SEO plugin. -->","yoast_head_json":{"title":"DOWSIL 776 InstantFix WB - Proventuss","robots":{"index":"index","follow":"follow","max-snippet":"max-snippet:-1","max-image-preview":"max-image-preview:large","max-video-preview":"max-video-preview:-1"},"canonical":"https:\/\/proventuss.eu\/sk\/produkt\/dowsil-776-instantfix-wb\/","og_locale":"sk_SK","og_type":"article","og_title":"DOWSIL 776 InstantFix WB - Proventuss","og_description":"NEUTR\u00c1LNY SILIK\u00d3N S OKAM\u017dITOU PEVNOS\u0164OU, jednozlo\u017ekov\u00fd silik\u00f3nov\u00fd tmel \u0161peci\u00e1lne vyvinut\u00fd pre aplik\u00e1ciu lepenia okien a dver\u00ed v manu\u00e1lnych a automatizovan\u00fdch procesoch. Poskytuje okam\u017eit\u00fa pevnos\u0165 ihne\u010f po aplik\u00e1cii, \u010d\u00edm zvy\u0161uje produktivitu. V\u00fdrobok se vyzna\u010duje pri\u013enavos\u0165ou bez primeru k mnoh\u00fdm povrchom typick\u00fdm preo okn\u00e1 a dvere. V\u00ddHODY: \u2022 R\u00fdchle vytvrdzovanie \u2022 Vynikaj\u00faca dlhodob\u00e1 odolnos\u0165 \u2022 Okam\u017eit\u00e1 po\u010diato\u010dn\u00e1 [&hellip;]","og_url":"https:\/\/proventuss.eu\/sk\/produkt\/dowsil-776-instantfix-wb\/","og_site_name":"Proventuss","og_image":[{"width":408,"height":1136,"url":"https:\/\/proventuss.eu\/wp-content\/uploads\/2022\/04\/776.jpg","type":"image\/jpeg"}],"twitter_card":"summary_large_image","twitter_misc":{"Predpokladan\u00fd \u010das \u010d\u00edtania":"1 min\u00fata"},"schema":{"@context":"https:\/\/schema.org","@graph":[{"@type":"WebPage","@id":"https:\/\/proventuss.eu\/sk\/produkt\/dowsil-776-instantfix-wb\/","url":"https:\/\/proventuss.eu\/sk\/produkt\/dowsil-776-instantfix-wb\/","name":"DOWSIL 776 InstantFix WB - Proventuss","isPartOf":{"@id":"https:\/\/proventuss.eu\/#website"},"primaryImageOfPage":{"@id":"https:\/\/proventuss.eu\/sk\/produkt\/dowsil-776-instantfix-wb\/#primaryimage"},"image":{"@id":"https:\/\/proventuss.eu\/sk\/produkt\/dowsil-776-instantfix-wb\/#primaryimage"},"thumbnailUrl":"https:\/\/proventuss.eu\/wp-content\/uploads\/2022\/04\/776.jpg","datePublished":"2022-04-26T08:49:22+00:00","dateModified":"2022-04-26T08:49:22+00:00","breadcrumb":{"@id":"https:\/\/proventuss.eu\/sk\/produkt\/dowsil-776-instantfix-wb\/#breadcrumb"},"inLanguage":"sk-SK","potentialAction":[{"@type":"ReadAction","target":["https:\/\/proventuss.eu\/sk\/produkt\/dowsil-776-instantfix-wb\/"]}]},{"@type":"ImageObject","inLanguage":"sk-SK","@id":"https:\/\/proventuss.eu\/sk\/produkt\/dowsil-776-instantfix-wb\/#primaryimage","url":"https:\/\/proventuss.eu\/wp-content\/uploads\/2022\/04\/776.jpg","contentUrl":"https:\/\/proventuss.eu\/wp-content\/uploads\/2022\/04\/776.jpg","width":408,"height":1136},{"@type":"BreadcrumbList","@id":"https:\/\/proventuss.eu\/sk\/produkt\/dowsil-776-instantfix-wb\/#breadcrumb","itemListElement":[{"@type":"ListItem","position":1,"name":"Home","item":"https:\/\/proventuss.eu\/"},{"@type":"ListItem","position":2,"name":"Produkty","item":"https:\/\/proventuss.eu\/produkty\/"},{"@type":"ListItem","position":3,"name":"DOWSIL 776 InstantFix WB"}]},{"@type":"WebSite","@id":"https:\/\/proventuss.eu\/#website","url":"https:\/\/proventuss.eu\/","name":"Proventuss","description":"","potentialAction":[{"@type":"SearchAction","target":{"@type":"EntryPoint","urlTemplate":"https:\/\/proventuss.eu\/?s={search_term_string}"},"query-input":"required name=search_term_string"}],"inLanguage":"sk-SK"}]}},"_links":{"self":[{"href":"https:\/\/proventuss.eu\/sk\/wp-json\/wp\/v2\/product\/8847"}],"collection":[{"href":"https:\/\/proventuss.eu\/sk\/wp-json\/wp\/v2\/product"}],"about":[{"href":"https:\/\/proventuss.eu\/sk\/wp-json\/wp\/v2\/types\/product"}],"replies":[{"embeddable":true,"href":"https:\/\/proventuss.eu\/sk\/wp-json\/wp\/v2\/comments?post=8847"}],"wp:featuredmedia":[{"embeddable":true,"href":"https:\/\/proventuss.eu\/sk\/wp-json\/wp\/v2\/media\/7350"}],"wp:attachment":[{"href":"https:\/\/proventuss.eu\/sk\/wp-json\/wp\/v2\/media?parent=8847"}],"wp:term":[{"taxonomy":"product_cat","embeddable":true,"href":"https:\/\/proventuss.eu\/sk\/wp-json\/wp\/v2\/product_cat?post=8847"},{"taxonomy":"product_tag","embeddable":true,"href":"https:\/\/proventuss.eu\/sk\/wp-json\/wp\/v2\/product_tag?post=8847"}],"curies":[{"name":"wp","href":"https:\/\/api.w.org\/{rel}","templated":true}]}}