{"id":8840,"date":"2022-04-26T08:33:04","date_gmt":"2022-04-26T08:33:04","guid":{"rendered":"https:\/\/proventuss.eu\/produkt\/igk-511\/"},"modified":"2022-04-26T08:33:04","modified_gmt":"2022-04-26T08:33:04","slug":"igk-511","status":"publish","type":"product","link":"https:\/\/proventuss.eu\/sk\/produkt\/igk-511\/","title":{"rendered":"IGK 511"},"content":{"rendered":"<p><strong>PRIM\u00c1RNY BUTYLOV\u00dd TMEL<\/strong> jednozlo\u017ekov\u00fd, termoplastick\u00fd tmel bez rozp\u00fa\u0161\u0165adiel na b\u00e1ze polyisobutylenu, \u0161peci\u00e1lne vyvinut\u00fd ako prim\u00e1rny tmel izola\u010dnych skiel.<\/p>\n<p><strong>V\u00ddHODY:<\/strong><br \/>\n\u2022 V\u00fdborn\u00fd faktor priepustnosti p\u00e1r<br \/>\n\u2022 Prvotriedna pri\u013enavos\u0165 ku sklu, hlin\u00edku, vysoko kvalitnej oceli a pozinkovanej oceli i k plastick\u00fdm di\u0161tan\u010dn\u00fdm r\u00e1m\u010dekom<br \/>\n\u2022 Bez rozp\u00fa\u0161\u0165adiel<br \/>\n\u2022 V\u00fdborn\u00e1 odolnos\u0165 vo\u010di oz\u00f3nu a UV \u017eiareniu<br \/>\n\u2022 Bez z\u00e1pachu<\/p>\n<p><strong>BALENIE\/FARBY<\/strong><br \/>\nSud: 200 kg<br \/>\nValec: 7,4 kg<br \/>\nFarba: \u010dierna<\/p>\n","protected":false},"excerpt":{"rendered":"<p>PRIM\u00c1RNY BUTYLOV\u00dd TMEL jednozlo\u017ekov\u00fd, termoplastick\u00fd tmel bez rozp\u00fa\u0161\u0165adiel na b\u00e1ze polyisobutylenu, \u0161peci\u00e1lne vyvinut\u00fd ako prim\u00e1rny tmel izola\u010dnych skiel. V\u00ddHODY: \u2022 V\u00fdborn\u00fd faktor priepustnosti p\u00e1r \u2022 Prvotriedna pri\u013enavos\u0165 ku sklu, hlin\u00edku, vysoko kvalitnej oceli a pozinkovanej oceli i k plastick\u00fdm di\u0161tan\u010dn\u00fdm r\u00e1m\u010dekom \u2022 Bez rozp\u00fa\u0161\u0165adiel \u2022 V\u00fdborn\u00e1 odolnos\u0165 vo\u010di oz\u00f3nu a UV \u017eiareniu \u2022 Bez z\u00e1pachu [&hellip;]<\/p>\n","protected":false},"featured_media":7684,"comment_status":"open","ping_status":"closed","template":"","meta":{"_acf_changed":false},"product_cat":[389],"product_tag":[],"acf":[],"yoast_head":"<!-- This site is optimized with the Yoast SEO plugin v22.9 - https:\/\/yoast.com\/wordpress\/plugins\/seo\/ -->\n<title>IGK 511 - Proventuss<\/title>\n<meta name=\"robots\" content=\"index, follow, max-snippet:-1, max-image-preview:large, max-video-preview:-1\" \/>\n<link rel=\"canonical\" href=\"https:\/\/proventuss.eu\/sk\/produkt\/igk-511\/\" \/>\n<meta property=\"og:locale\" content=\"sk_SK\" \/>\n<meta property=\"og:type\" content=\"article\" \/>\n<meta property=\"og:title\" content=\"IGK 511 - Proventuss\" \/>\n<meta property=\"og:description\" content=\"PRIM\u00c1RNY BUTYLOV\u00dd TMEL jednozlo\u017ekov\u00fd, termoplastick\u00fd tmel bez rozp\u00fa\u0161\u0165adiel na b\u00e1ze polyisobutylenu, \u0161peci\u00e1lne vyvinut\u00fd ako prim\u00e1rny tmel izola\u010dnych skiel. V\u00ddHODY: \u2022 V\u00fdborn\u00fd faktor priepustnosti p\u00e1r \u2022 Prvotriedna pri\u013enavos\u0165 ku sklu, hlin\u00edku, vysoko kvalitnej oceli a pozinkovanej oceli i k plastick\u00fdm di\u0161tan\u010dn\u00fdm r\u00e1m\u010dekom \u2022 Bez rozp\u00fa\u0161\u0165adiel \u2022 V\u00fdborn\u00e1 odolnos\u0165 vo\u010di oz\u00f3nu a UV \u017eiareniu \u2022 Bez z\u00e1pachu [&hellip;]\" \/>\n<meta property=\"og:url\" content=\"https:\/\/proventuss.eu\/sk\/produkt\/igk-511\/\" \/>\n<meta property=\"og:site_name\" content=\"Proventuss\" \/>\n<meta property=\"og:image\" content=\"https:\/\/proventuss.eu\/wp-content\/uploads\/2022\/04\/IGK511.jpg\" \/>\n\t<meta property=\"og:image:width\" content=\"640\" \/>\n\t<meta property=\"og:image:height\" content=\"960\" \/>\n\t<meta property=\"og:image:type\" content=\"image\/jpeg\" \/>\n<meta name=\"twitter:card\" content=\"summary_large_image\" \/>\n<script type=\"application\/ld+json\" class=\"yoast-schema-graph\">{\"@context\":\"https:\/\/schema.org\",\"@graph\":[{\"@type\":\"WebPage\",\"@id\":\"https:\/\/proventuss.eu\/sk\/produkt\/igk-511\/\",\"url\":\"https:\/\/proventuss.eu\/sk\/produkt\/igk-511\/\",\"name\":\"IGK 511 - Proventuss\",\"isPartOf\":{\"@id\":\"https:\/\/proventuss.eu\/#website\"},\"primaryImageOfPage\":{\"@id\":\"https:\/\/proventuss.eu\/sk\/produkt\/igk-511\/#primaryimage\"},\"image\":{\"@id\":\"https:\/\/proventuss.eu\/sk\/produkt\/igk-511\/#primaryimage\"},\"thumbnailUrl\":\"https:\/\/proventuss.eu\/wp-content\/uploads\/2022\/04\/IGK511.jpg\",\"datePublished\":\"2022-04-26T08:33:04+00:00\",\"dateModified\":\"2022-04-26T08:33:04+00:00\",\"breadcrumb\":{\"@id\":\"https:\/\/proventuss.eu\/sk\/produkt\/igk-511\/#breadcrumb\"},\"inLanguage\":\"sk-SK\",\"potentialAction\":[{\"@type\":\"ReadAction\",\"target\":[\"https:\/\/proventuss.eu\/sk\/produkt\/igk-511\/\"]}]},{\"@type\":\"ImageObject\",\"inLanguage\":\"sk-SK\",\"@id\":\"https:\/\/proventuss.eu\/sk\/produkt\/igk-511\/#primaryimage\",\"url\":\"https:\/\/proventuss.eu\/wp-content\/uploads\/2022\/04\/IGK511.jpg\",\"contentUrl\":\"https:\/\/proventuss.eu\/wp-content\/uploads\/2022\/04\/IGK511.jpg\",\"width\":640,\"height\":960},{\"@type\":\"BreadcrumbList\",\"@id\":\"https:\/\/proventuss.eu\/sk\/produkt\/igk-511\/#breadcrumb\",\"itemListElement\":[{\"@type\":\"ListItem\",\"position\":1,\"name\":\"Home\",\"item\":\"https:\/\/proventuss.eu\/\"},{\"@type\":\"ListItem\",\"position\":2,\"name\":\"Produkty\",\"item\":\"https:\/\/proventuss.eu\/produkty\/\"},{\"@type\":\"ListItem\",\"position\":3,\"name\":\"IGK 511\"}]},{\"@type\":\"WebSite\",\"@id\":\"https:\/\/proventuss.eu\/#website\",\"url\":\"https:\/\/proventuss.eu\/\",\"name\":\"Proventuss\",\"description\":\"\",\"potentialAction\":[{\"@type\":\"SearchAction\",\"target\":{\"@type\":\"EntryPoint\",\"urlTemplate\":\"https:\/\/proventuss.eu\/?s={search_term_string}\"},\"query-input\":\"required name=search_term_string\"}],\"inLanguage\":\"sk-SK\"}]}<\/script>\n<!-- \/ Yoast SEO plugin. -->","yoast_head_json":{"title":"IGK 511 - Proventuss","robots":{"index":"index","follow":"follow","max-snippet":"max-snippet:-1","max-image-preview":"max-image-preview:large","max-video-preview":"max-video-preview:-1"},"canonical":"https:\/\/proventuss.eu\/sk\/produkt\/igk-511\/","og_locale":"sk_SK","og_type":"article","og_title":"IGK 511 - Proventuss","og_description":"PRIM\u00c1RNY BUTYLOV\u00dd TMEL jednozlo\u017ekov\u00fd, termoplastick\u00fd tmel bez rozp\u00fa\u0161\u0165adiel na b\u00e1ze polyisobutylenu, \u0161peci\u00e1lne vyvinut\u00fd ako prim\u00e1rny tmel izola\u010dnych skiel. V\u00ddHODY: \u2022 V\u00fdborn\u00fd faktor priepustnosti p\u00e1r \u2022 Prvotriedna pri\u013enavos\u0165 ku sklu, hlin\u00edku, vysoko kvalitnej oceli a pozinkovanej oceli i k plastick\u00fdm di\u0161tan\u010dn\u00fdm r\u00e1m\u010dekom \u2022 Bez rozp\u00fa\u0161\u0165adiel \u2022 V\u00fdborn\u00e1 odolnos\u0165 vo\u010di oz\u00f3nu a UV \u017eiareniu \u2022 Bez z\u00e1pachu [&hellip;]","og_url":"https:\/\/proventuss.eu\/sk\/produkt\/igk-511\/","og_site_name":"Proventuss","og_image":[{"width":640,"height":960,"url":"https:\/\/proventuss.eu\/wp-content\/uploads\/2022\/04\/IGK511.jpg","type":"image\/jpeg"}],"twitter_card":"summary_large_image","schema":{"@context":"https:\/\/schema.org","@graph":[{"@type":"WebPage","@id":"https:\/\/proventuss.eu\/sk\/produkt\/igk-511\/","url":"https:\/\/proventuss.eu\/sk\/produkt\/igk-511\/","name":"IGK 511 - Proventuss","isPartOf":{"@id":"https:\/\/proventuss.eu\/#website"},"primaryImageOfPage":{"@id":"https:\/\/proventuss.eu\/sk\/produkt\/igk-511\/#primaryimage"},"image":{"@id":"https:\/\/proventuss.eu\/sk\/produkt\/igk-511\/#primaryimage"},"thumbnailUrl":"https:\/\/proventuss.eu\/wp-content\/uploads\/2022\/04\/IGK511.jpg","datePublished":"2022-04-26T08:33:04+00:00","dateModified":"2022-04-26T08:33:04+00:00","breadcrumb":{"@id":"https:\/\/proventuss.eu\/sk\/produkt\/igk-511\/#breadcrumb"},"inLanguage":"sk-SK","potentialAction":[{"@type":"ReadAction","target":["https:\/\/proventuss.eu\/sk\/produkt\/igk-511\/"]}]},{"@type":"ImageObject","inLanguage":"sk-SK","@id":"https:\/\/proventuss.eu\/sk\/produkt\/igk-511\/#primaryimage","url":"https:\/\/proventuss.eu\/wp-content\/uploads\/2022\/04\/IGK511.jpg","contentUrl":"https:\/\/proventuss.eu\/wp-content\/uploads\/2022\/04\/IGK511.jpg","width":640,"height":960},{"@type":"BreadcrumbList","@id":"https:\/\/proventuss.eu\/sk\/produkt\/igk-511\/#breadcrumb","itemListElement":[{"@type":"ListItem","position":1,"name":"Home","item":"https:\/\/proventuss.eu\/"},{"@type":"ListItem","position":2,"name":"Produkty","item":"https:\/\/proventuss.eu\/produkty\/"},{"@type":"ListItem","position":3,"name":"IGK 511"}]},{"@type":"WebSite","@id":"https:\/\/proventuss.eu\/#website","url":"https:\/\/proventuss.eu\/","name":"Proventuss","description":"","potentialAction":[{"@type":"SearchAction","target":{"@type":"EntryPoint","urlTemplate":"https:\/\/proventuss.eu\/?s={search_term_string}"},"query-input":"required name=search_term_string"}],"inLanguage":"sk-SK"}]}},"_links":{"self":[{"href":"https:\/\/proventuss.eu\/sk\/wp-json\/wp\/v2\/product\/8840"}],"collection":[{"href":"https:\/\/proventuss.eu\/sk\/wp-json\/wp\/v2\/product"}],"about":[{"href":"https:\/\/proventuss.eu\/sk\/wp-json\/wp\/v2\/types\/product"}],"replies":[{"embeddable":true,"href":"https:\/\/proventuss.eu\/sk\/wp-json\/wp\/v2\/comments?post=8840"}],"wp:featuredmedia":[{"embeddable":true,"href":"https:\/\/proventuss.eu\/sk\/wp-json\/wp\/v2\/media\/7684"}],"wp:attachment":[{"href":"https:\/\/proventuss.eu\/sk\/wp-json\/wp\/v2\/media?parent=8840"}],"wp:term":[{"taxonomy":"product_cat","embeddable":true,"href":"https:\/\/proventuss.eu\/sk\/wp-json\/wp\/v2\/product_cat?post=8840"},{"taxonomy":"product_tag","embeddable":true,"href":"https:\/\/proventuss.eu\/sk\/wp-json\/wp\/v2\/product_tag?post=8840"}],"curies":[{"name":"wp","href":"https:\/\/api.w.org\/{rel}","templated":true}]}}