{"id":8837,"date":"2022-04-26T08:28:01","date_gmt":"2022-04-26T08:28:01","guid":{"rendered":"https:\/\/proventuss.eu\/produkt\/dowsil-crystal-clear-spacer\/"},"modified":"2022-04-26T08:28:01","modified_gmt":"2022-04-26T08:28:01","slug":"dowsil-crystal-clear-spacer","status":"publish","type":"product","link":"https:\/\/proventuss.eu\/sk\/produkt\/dowsil-crystal-clear-spacer\/","title":{"rendered":"DOWSIL Crystal Clear Spacer"},"content":{"rendered":"<p>Predtvarovan\u00fd \u010d\u00edry silik\u00f3nov\u00fd di\u0161tan\u010dn\u00fd r\u00e1m\u010dek pre pou\u017eitie vo v\u00fdrobe vzduchom plnen\u00fdch izola\u010dn\u00fdch sklenen\u00fdch skiel a dver\u00ed vy\u017eaduj\u00facich pln\u00fa prieh\u013eadnos\u0165.<br \/>\nKompatibiln\u00fd so v\u0161etk\u00fdmi tmelmi Dowsil.<\/p>\n<p><strong>APLIK\u00c1CIA<\/strong><br \/>\nDOWSIL Crystal Clear Spacer je vhodn\u00fd k aplik\u00e1cii pri teplot\u00e1ch 10-40\u00b0C a relativnej vlhkosti 30-80%RH. Vy\u0161\u0161ie teploty alebo vlhkos\u0165 m\u00f4\u017eu nepriaznivo ovlyvni\u0165 pri\u013enavos\u0165 a pevnos\u0165 v\u00fdrobku.<\/p>\n","protected":false},"excerpt":{"rendered":"<p>Predtvarovan\u00fd \u010d\u00edry silik\u00f3nov\u00fd di\u0161tan\u010dn\u00fd r\u00e1m\u010dek pre pou\u017eitie vo v\u00fdrobe vzduchom plnen\u00fdch izola\u010dn\u00fdch sklenen\u00fdch skiel a dver\u00ed vy\u017eaduj\u00facich pln\u00fa prieh\u013eadnos\u0165. Kompatibiln\u00fd so v\u0161etk\u00fdmi tmelmi Dowsil. APLIK\u00c1CIA DOWSIL Crystal Clear Spacer je vhodn\u00fd k aplik\u00e1cii pri teplot\u00e1ch 10-40\u00b0C a relativnej vlhkosti 30-80%RH. Vy\u0161\u0161ie teploty alebo vlhkos\u0165 m\u00f4\u017eu nepriaznivo ovlyvni\u0165 pri\u013enavos\u0165 a pevnos\u0165 v\u00fdrobku.<\/p>\n","protected":false},"featured_media":7366,"comment_status":"open","ping_status":"closed","template":"","meta":{"_acf_changed":false},"product_cat":[389],"product_tag":[],"acf":[],"yoast_head":"<!-- This site is optimized with the Yoast SEO plugin v22.9 - https:\/\/yoast.com\/wordpress\/plugins\/seo\/ -->\n<title>DOWSIL Crystal Clear Spacer - Proventuss<\/title>\n<meta name=\"robots\" content=\"index, follow, max-snippet:-1, max-image-preview:large, max-video-preview:-1\" \/>\n<link rel=\"canonical\" href=\"https:\/\/proventuss.eu\/sk\/produkt\/dowsil-crystal-clear-spacer\/\" \/>\n<meta property=\"og:locale\" content=\"sk_SK\" \/>\n<meta property=\"og:type\" content=\"article\" \/>\n<meta property=\"og:title\" content=\"DOWSIL Crystal Clear Spacer - Proventuss\" \/>\n<meta property=\"og:description\" content=\"Predtvarovan\u00fd \u010d\u00edry silik\u00f3nov\u00fd di\u0161tan\u010dn\u00fd r\u00e1m\u010dek pre pou\u017eitie vo v\u00fdrobe vzduchom plnen\u00fdch izola\u010dn\u00fdch sklenen\u00fdch skiel a dver\u00ed vy\u017eaduj\u00facich pln\u00fa prieh\u013eadnos\u0165. Kompatibiln\u00fd so v\u0161etk\u00fdmi tmelmi Dowsil. APLIK\u00c1CIA DOWSIL Crystal Clear Spacer je vhodn\u00fd k aplik\u00e1cii pri teplot\u00e1ch 10-40\u00b0C a relativnej vlhkosti 30-80%RH. Vy\u0161\u0161ie teploty alebo vlhkos\u0165 m\u00f4\u017eu nepriaznivo ovlyvni\u0165 pri\u013enavos\u0165 a pevnos\u0165 v\u00fdrobku.\" \/>\n<meta property=\"og:url\" content=\"https:\/\/proventuss.eu\/sk\/produkt\/dowsil-crystal-clear-spacer\/\" \/>\n<meta property=\"og:site_name\" content=\"Proventuss\" \/>\n<meta property=\"og:image\" content=\"https:\/\/proventuss.eu\/wp-content\/uploads\/2022\/04\/DOWSIL-Crystal-Clear-Spacer.jpg\" \/>\n\t<meta property=\"og:image:width\" content=\"640\" \/>\n\t<meta property=\"og:image:height\" content=\"549\" \/>\n\t<meta property=\"og:image:type\" content=\"image\/jpeg\" \/>\n<meta name=\"twitter:card\" content=\"summary_large_image\" \/>\n<script type=\"application\/ld+json\" class=\"yoast-schema-graph\">{\"@context\":\"https:\/\/schema.org\",\"@graph\":[{\"@type\":\"WebPage\",\"@id\":\"https:\/\/proventuss.eu\/sk\/produkt\/dowsil-crystal-clear-spacer\/\",\"url\":\"https:\/\/proventuss.eu\/sk\/produkt\/dowsil-crystal-clear-spacer\/\",\"name\":\"DOWSIL Crystal Clear Spacer - Proventuss\",\"isPartOf\":{\"@id\":\"https:\/\/proventuss.eu\/#website\"},\"primaryImageOfPage\":{\"@id\":\"https:\/\/proventuss.eu\/sk\/produkt\/dowsil-crystal-clear-spacer\/#primaryimage\"},\"image\":{\"@id\":\"https:\/\/proventuss.eu\/sk\/produkt\/dowsil-crystal-clear-spacer\/#primaryimage\"},\"thumbnailUrl\":\"https:\/\/proventuss.eu\/wp-content\/uploads\/2022\/04\/DOWSIL-Crystal-Clear-Spacer.jpg\",\"datePublished\":\"2022-04-26T08:28:01+00:00\",\"dateModified\":\"2022-04-26T08:28:01+00:00\",\"breadcrumb\":{\"@id\":\"https:\/\/proventuss.eu\/sk\/produkt\/dowsil-crystal-clear-spacer\/#breadcrumb\"},\"inLanguage\":\"sk-SK\",\"potentialAction\":[{\"@type\":\"ReadAction\",\"target\":[\"https:\/\/proventuss.eu\/sk\/produkt\/dowsil-crystal-clear-spacer\/\"]}]},{\"@type\":\"ImageObject\",\"inLanguage\":\"sk-SK\",\"@id\":\"https:\/\/proventuss.eu\/sk\/produkt\/dowsil-crystal-clear-spacer\/#primaryimage\",\"url\":\"https:\/\/proventuss.eu\/wp-content\/uploads\/2022\/04\/DOWSIL-Crystal-Clear-Spacer.jpg\",\"contentUrl\":\"https:\/\/proventuss.eu\/wp-content\/uploads\/2022\/04\/DOWSIL-Crystal-Clear-Spacer.jpg\",\"width\":640,\"height\":549},{\"@type\":\"BreadcrumbList\",\"@id\":\"https:\/\/proventuss.eu\/sk\/produkt\/dowsil-crystal-clear-spacer\/#breadcrumb\",\"itemListElement\":[{\"@type\":\"ListItem\",\"position\":1,\"name\":\"Home\",\"item\":\"https:\/\/proventuss.eu\/\"},{\"@type\":\"ListItem\",\"position\":2,\"name\":\"Produkty\",\"item\":\"https:\/\/proventuss.eu\/produkty\/\"},{\"@type\":\"ListItem\",\"position\":3,\"name\":\"DOWSIL Crystal Clear Spacer\"}]},{\"@type\":\"WebSite\",\"@id\":\"https:\/\/proventuss.eu\/#website\",\"url\":\"https:\/\/proventuss.eu\/\",\"name\":\"Proventuss\",\"description\":\"\",\"potentialAction\":[{\"@type\":\"SearchAction\",\"target\":{\"@type\":\"EntryPoint\",\"urlTemplate\":\"https:\/\/proventuss.eu\/?s={search_term_string}\"},\"query-input\":\"required name=search_term_string\"}],\"inLanguage\":\"sk-SK\"}]}<\/script>\n<!-- \/ Yoast SEO plugin. -->","yoast_head_json":{"title":"DOWSIL Crystal Clear Spacer - Proventuss","robots":{"index":"index","follow":"follow","max-snippet":"max-snippet:-1","max-image-preview":"max-image-preview:large","max-video-preview":"max-video-preview:-1"},"canonical":"https:\/\/proventuss.eu\/sk\/produkt\/dowsil-crystal-clear-spacer\/","og_locale":"sk_SK","og_type":"article","og_title":"DOWSIL Crystal Clear Spacer - Proventuss","og_description":"Predtvarovan\u00fd \u010d\u00edry silik\u00f3nov\u00fd di\u0161tan\u010dn\u00fd r\u00e1m\u010dek pre pou\u017eitie vo v\u00fdrobe vzduchom plnen\u00fdch izola\u010dn\u00fdch sklenen\u00fdch skiel a dver\u00ed vy\u017eaduj\u00facich pln\u00fa prieh\u013eadnos\u0165. Kompatibiln\u00fd so v\u0161etk\u00fdmi tmelmi Dowsil. APLIK\u00c1CIA DOWSIL Crystal Clear Spacer je vhodn\u00fd k aplik\u00e1cii pri teplot\u00e1ch 10-40\u00b0C a relativnej vlhkosti 30-80%RH. Vy\u0161\u0161ie teploty alebo vlhkos\u0165 m\u00f4\u017eu nepriaznivo ovlyvni\u0165 pri\u013enavos\u0165 a pevnos\u0165 v\u00fdrobku.","og_url":"https:\/\/proventuss.eu\/sk\/produkt\/dowsil-crystal-clear-spacer\/","og_site_name":"Proventuss","og_image":[{"width":640,"height":549,"url":"https:\/\/proventuss.eu\/wp-content\/uploads\/2022\/04\/DOWSIL-Crystal-Clear-Spacer.jpg","type":"image\/jpeg"}],"twitter_card":"summary_large_image","schema":{"@context":"https:\/\/schema.org","@graph":[{"@type":"WebPage","@id":"https:\/\/proventuss.eu\/sk\/produkt\/dowsil-crystal-clear-spacer\/","url":"https:\/\/proventuss.eu\/sk\/produkt\/dowsil-crystal-clear-spacer\/","name":"DOWSIL Crystal Clear Spacer - Proventuss","isPartOf":{"@id":"https:\/\/proventuss.eu\/#website"},"primaryImageOfPage":{"@id":"https:\/\/proventuss.eu\/sk\/produkt\/dowsil-crystal-clear-spacer\/#primaryimage"},"image":{"@id":"https:\/\/proventuss.eu\/sk\/produkt\/dowsil-crystal-clear-spacer\/#primaryimage"},"thumbnailUrl":"https:\/\/proventuss.eu\/wp-content\/uploads\/2022\/04\/DOWSIL-Crystal-Clear-Spacer.jpg","datePublished":"2022-04-26T08:28:01+00:00","dateModified":"2022-04-26T08:28:01+00:00","breadcrumb":{"@id":"https:\/\/proventuss.eu\/sk\/produkt\/dowsil-crystal-clear-spacer\/#breadcrumb"},"inLanguage":"sk-SK","potentialAction":[{"@type":"ReadAction","target":["https:\/\/proventuss.eu\/sk\/produkt\/dowsil-crystal-clear-spacer\/"]}]},{"@type":"ImageObject","inLanguage":"sk-SK","@id":"https:\/\/proventuss.eu\/sk\/produkt\/dowsil-crystal-clear-spacer\/#primaryimage","url":"https:\/\/proventuss.eu\/wp-content\/uploads\/2022\/04\/DOWSIL-Crystal-Clear-Spacer.jpg","contentUrl":"https:\/\/proventuss.eu\/wp-content\/uploads\/2022\/04\/DOWSIL-Crystal-Clear-Spacer.jpg","width":640,"height":549},{"@type":"BreadcrumbList","@id":"https:\/\/proventuss.eu\/sk\/produkt\/dowsil-crystal-clear-spacer\/#breadcrumb","itemListElement":[{"@type":"ListItem","position":1,"name":"Home","item":"https:\/\/proventuss.eu\/"},{"@type":"ListItem","position":2,"name":"Produkty","item":"https:\/\/proventuss.eu\/produkty\/"},{"@type":"ListItem","position":3,"name":"DOWSIL Crystal Clear Spacer"}]},{"@type":"WebSite","@id":"https:\/\/proventuss.eu\/#website","url":"https:\/\/proventuss.eu\/","name":"Proventuss","description":"","potentialAction":[{"@type":"SearchAction","target":{"@type":"EntryPoint","urlTemplate":"https:\/\/proventuss.eu\/?s={search_term_string}"},"query-input":"required name=search_term_string"}],"inLanguage":"sk-SK"}]}},"_links":{"self":[{"href":"https:\/\/proventuss.eu\/sk\/wp-json\/wp\/v2\/product\/8837"}],"collection":[{"href":"https:\/\/proventuss.eu\/sk\/wp-json\/wp\/v2\/product"}],"about":[{"href":"https:\/\/proventuss.eu\/sk\/wp-json\/wp\/v2\/types\/product"}],"replies":[{"embeddable":true,"href":"https:\/\/proventuss.eu\/sk\/wp-json\/wp\/v2\/comments?post=8837"}],"wp:featuredmedia":[{"embeddable":true,"href":"https:\/\/proventuss.eu\/sk\/wp-json\/wp\/v2\/media\/7366"}],"wp:attachment":[{"href":"https:\/\/proventuss.eu\/sk\/wp-json\/wp\/v2\/media?parent=8837"}],"wp:term":[{"taxonomy":"product_cat","embeddable":true,"href":"https:\/\/proventuss.eu\/sk\/wp-json\/wp\/v2\/product_cat?post=8837"},{"taxonomy":"product_tag","embeddable":true,"href":"https:\/\/proventuss.eu\/sk\/wp-json\/wp\/v2\/product_tag?post=8837"}],"curies":[{"name":"wp","href":"https:\/\/api.w.org\/{rel}","templated":true}]}}