{"id":8836,"date":"2022-04-26T08:25:39","date_gmt":"2022-04-26T08:25:39","guid":{"rendered":"https:\/\/proventuss.eu\/produkt\/dowsil-3793\/"},"modified":"2022-04-26T08:25:39","modified_gmt":"2022-04-26T08:25:39","slug":"dowsil-3793","status":"publish","type":"product","link":"https:\/\/proventuss.eu\/sk\/produkt\/dowsil-3793\/","title":{"rendered":"DOWSIL 3793"},"content":{"rendered":"<p><strong>JEDNOZLO\u017dKOV\u00dd NEUTR\u00c1LNY TMEL PRE IZOLA\u010cN\u00c9 SKL\u00c1<\/strong> \u0161peci\u00e1lnE vyvinut\u00fd pre priemysel izola\u010dn\u00fdch skiel s v\u00fdrobou hermeticky zatmelen\u00fdch izola\u010dn\u00fdch skiel.<\/p>\n<p><strong>V\u00ddHODY:<\/strong><br \/>\n\u2022 Vyhovuje po\u017eiadavk\u00e1m EOTA ETAG 002 \u2013 m\u00f4\u017ee by\u0165 pou\u017eit\u00fd ako sekund\u00e1rny tmel v izola\u010dn\u00fdch skl\u00e1ch pre \u0161truktur\u00e1lne zasklievanie komer\u010dn\u00fdch budov<br \/>\n\u2022 V\u00fdborn\u00e1 pri\u013enavos\u0165 k povlakov\u00fdm alebo reflexn\u00fdm skl\u00e1m, di\u0161tan\u010dn\u00fdm r\u00e1m\u010dekom z hlin\u00edka a nerezerovej oceli<br \/>\n\u2022 Technol\u00f3gia jednozlo\u017ekov\u00e9ho neutr\u00e1lneho alkoxy silik\u00f3nu, bez z\u00e1pachu, nekoroz\u00edvny<br \/>\n\u2022 V\u00fdborn\u00e1 odolnos\u0165 k poveternostn\u00fdm podmienkam, oz\u00f3nu, UV a vlhkosti<br \/>\n\u2022 V\u00fdborn\u00e1 st\u00e1los\u0165 v \u0161irokom rozsahu tepl\u00f4t<br \/>\n\u2022 Bez mie\u0161ania a prid\u00e1v\u00e1nia katalyz\u00e1toru, \u013eahk\u00e1 aplik\u00e1cia<\/p>\n<p><strong>BALENIE\/ FARBY:<\/strong><br \/>\nSal\u00e1ma: 600 ml, sud: 250 kg<br \/>\nFarba: \u010dierna<\/p>\n","protected":false},"excerpt":{"rendered":"<p>JEDNOZLO\u017dKOV\u00dd NEUTR\u00c1LNY TMEL PRE IZOLA\u010cN\u00c9 SKL\u00c1 \u0161peci\u00e1lnE vyvinut\u00fd pre priemysel izola\u010dn\u00fdch skiel s v\u00fdrobou hermeticky zatmelen\u00fdch izola\u010dn\u00fdch skiel. V\u00ddHODY: \u2022 Vyhovuje po\u017eiadavk\u00e1m EOTA ETAG 002 \u2013 m\u00f4\u017ee by\u0165 pou\u017eit\u00fd ako sekund\u00e1rny tmel v izola\u010dn\u00fdch skl\u00e1ch pre \u0161truktur\u00e1lne zasklievanie komer\u010dn\u00fdch budov \u2022 V\u00fdborn\u00e1 pri\u013enavos\u0165 k povlakov\u00fdm alebo reflexn\u00fdm skl\u00e1m, di\u0161tan\u010dn\u00fdm r\u00e1m\u010dekom z hlin\u00edka a nerezerovej oceli [&hellip;]<\/p>\n","protected":false},"featured_media":7277,"comment_status":"open","ping_status":"closed","template":"","meta":{"_acf_changed":false},"product_cat":[389],"product_tag":[],"acf":[],"yoast_head":"<!-- This site is optimized with the Yoast SEO plugin v22.9 - https:\/\/yoast.com\/wordpress\/plugins\/seo\/ -->\n<title>DOWSIL 3793 - Proventuss<\/title>\n<meta name=\"robots\" content=\"index, follow, max-snippet:-1, max-image-preview:large, max-video-preview:-1\" \/>\n<link rel=\"canonical\" href=\"https:\/\/proventuss.eu\/sk\/produkt\/dowsil-3793\/\" \/>\n<meta property=\"og:locale\" content=\"sk_SK\" \/>\n<meta property=\"og:type\" content=\"article\" \/>\n<meta property=\"og:title\" content=\"DOWSIL 3793 - Proventuss\" \/>\n<meta property=\"og:description\" content=\"JEDNOZLO\u017dKOV\u00dd NEUTR\u00c1LNY TMEL PRE IZOLA\u010cN\u00c9 SKL\u00c1 \u0161peci\u00e1lnE vyvinut\u00fd pre priemysel izola\u010dn\u00fdch skiel s v\u00fdrobou hermeticky zatmelen\u00fdch izola\u010dn\u00fdch skiel. V\u00ddHODY: \u2022 Vyhovuje po\u017eiadavk\u00e1m EOTA ETAG 002 \u2013 m\u00f4\u017ee by\u0165 pou\u017eit\u00fd ako sekund\u00e1rny tmel v izola\u010dn\u00fdch skl\u00e1ch pre \u0161truktur\u00e1lne zasklievanie komer\u010dn\u00fdch budov \u2022 V\u00fdborn\u00e1 pri\u013enavos\u0165 k povlakov\u00fdm alebo reflexn\u00fdm skl\u00e1m, di\u0161tan\u010dn\u00fdm r\u00e1m\u010dekom z hlin\u00edka a nerezerovej oceli [&hellip;]\" \/>\n<meta property=\"og:url\" content=\"https:\/\/proventuss.eu\/sk\/produkt\/dowsil-3793\/\" \/>\n<meta property=\"og:site_name\" content=\"Proventuss\" \/>\n<meta property=\"og:image\" content=\"https:\/\/proventuss.eu\/wp-content\/uploads\/2022\/04\/Dowsil-3793.jpg\" \/>\n\t<meta property=\"og:image:width\" content=\"453\" \/>\n\t<meta property=\"og:image:height\" content=\"640\" \/>\n\t<meta property=\"og:image:type\" content=\"image\/jpeg\" \/>\n<meta name=\"twitter:card\" content=\"summary_large_image\" \/>\n<meta name=\"twitter:label1\" content=\"Predpokladan\u00fd \u010das \u010d\u00edtania\" \/>\n\t<meta name=\"twitter:data1\" content=\"1 min\u00fata\" \/>\n<script type=\"application\/ld+json\" class=\"yoast-schema-graph\">{\"@context\":\"https:\/\/schema.org\",\"@graph\":[{\"@type\":\"WebPage\",\"@id\":\"https:\/\/proventuss.eu\/sk\/produkt\/dowsil-3793\/\",\"url\":\"https:\/\/proventuss.eu\/sk\/produkt\/dowsil-3793\/\",\"name\":\"DOWSIL 3793 - Proventuss\",\"isPartOf\":{\"@id\":\"https:\/\/proventuss.eu\/#website\"},\"primaryImageOfPage\":{\"@id\":\"https:\/\/proventuss.eu\/sk\/produkt\/dowsil-3793\/#primaryimage\"},\"image\":{\"@id\":\"https:\/\/proventuss.eu\/sk\/produkt\/dowsil-3793\/#primaryimage\"},\"thumbnailUrl\":\"https:\/\/proventuss.eu\/wp-content\/uploads\/2022\/04\/Dowsil-3793.jpg\",\"datePublished\":\"2022-04-26T08:25:39+00:00\",\"dateModified\":\"2022-04-26T08:25:39+00:00\",\"breadcrumb\":{\"@id\":\"https:\/\/proventuss.eu\/sk\/produkt\/dowsil-3793\/#breadcrumb\"},\"inLanguage\":\"sk-SK\",\"potentialAction\":[{\"@type\":\"ReadAction\",\"target\":[\"https:\/\/proventuss.eu\/sk\/produkt\/dowsil-3793\/\"]}]},{\"@type\":\"ImageObject\",\"inLanguage\":\"sk-SK\",\"@id\":\"https:\/\/proventuss.eu\/sk\/produkt\/dowsil-3793\/#primaryimage\",\"url\":\"https:\/\/proventuss.eu\/wp-content\/uploads\/2022\/04\/Dowsil-3793.jpg\",\"contentUrl\":\"https:\/\/proventuss.eu\/wp-content\/uploads\/2022\/04\/Dowsil-3793.jpg\",\"width\":453,\"height\":640},{\"@type\":\"BreadcrumbList\",\"@id\":\"https:\/\/proventuss.eu\/sk\/produkt\/dowsil-3793\/#breadcrumb\",\"itemListElement\":[{\"@type\":\"ListItem\",\"position\":1,\"name\":\"Home\",\"item\":\"https:\/\/proventuss.eu\/\"},{\"@type\":\"ListItem\",\"position\":2,\"name\":\"Produkty\",\"item\":\"https:\/\/proventuss.eu\/produkty\/\"},{\"@type\":\"ListItem\",\"position\":3,\"name\":\"DOWSIL 3793\"}]},{\"@type\":\"WebSite\",\"@id\":\"https:\/\/proventuss.eu\/#website\",\"url\":\"https:\/\/proventuss.eu\/\",\"name\":\"Proventuss\",\"description\":\"\",\"potentialAction\":[{\"@type\":\"SearchAction\",\"target\":{\"@type\":\"EntryPoint\",\"urlTemplate\":\"https:\/\/proventuss.eu\/?s={search_term_string}\"},\"query-input\":\"required name=search_term_string\"}],\"inLanguage\":\"sk-SK\"}]}<\/script>\n<!-- \/ Yoast SEO plugin. -->","yoast_head_json":{"title":"DOWSIL 3793 - Proventuss","robots":{"index":"index","follow":"follow","max-snippet":"max-snippet:-1","max-image-preview":"max-image-preview:large","max-video-preview":"max-video-preview:-1"},"canonical":"https:\/\/proventuss.eu\/sk\/produkt\/dowsil-3793\/","og_locale":"sk_SK","og_type":"article","og_title":"DOWSIL 3793 - Proventuss","og_description":"JEDNOZLO\u017dKOV\u00dd NEUTR\u00c1LNY TMEL PRE IZOLA\u010cN\u00c9 SKL\u00c1 \u0161peci\u00e1lnE vyvinut\u00fd pre priemysel izola\u010dn\u00fdch skiel s v\u00fdrobou hermeticky zatmelen\u00fdch izola\u010dn\u00fdch skiel. V\u00ddHODY: \u2022 Vyhovuje po\u017eiadavk\u00e1m EOTA ETAG 002 \u2013 m\u00f4\u017ee by\u0165 pou\u017eit\u00fd ako sekund\u00e1rny tmel v izola\u010dn\u00fdch skl\u00e1ch pre \u0161truktur\u00e1lne zasklievanie komer\u010dn\u00fdch budov \u2022 V\u00fdborn\u00e1 pri\u013enavos\u0165 k povlakov\u00fdm alebo reflexn\u00fdm skl\u00e1m, di\u0161tan\u010dn\u00fdm r\u00e1m\u010dekom z hlin\u00edka a nerezerovej oceli [&hellip;]","og_url":"https:\/\/proventuss.eu\/sk\/produkt\/dowsil-3793\/","og_site_name":"Proventuss","og_image":[{"width":453,"height":640,"url":"https:\/\/proventuss.eu\/wp-content\/uploads\/2022\/04\/Dowsil-3793.jpg","type":"image\/jpeg"}],"twitter_card":"summary_large_image","twitter_misc":{"Predpokladan\u00fd \u010das \u010d\u00edtania":"1 min\u00fata"},"schema":{"@context":"https:\/\/schema.org","@graph":[{"@type":"WebPage","@id":"https:\/\/proventuss.eu\/sk\/produkt\/dowsil-3793\/","url":"https:\/\/proventuss.eu\/sk\/produkt\/dowsil-3793\/","name":"DOWSIL 3793 - Proventuss","isPartOf":{"@id":"https:\/\/proventuss.eu\/#website"},"primaryImageOfPage":{"@id":"https:\/\/proventuss.eu\/sk\/produkt\/dowsil-3793\/#primaryimage"},"image":{"@id":"https:\/\/proventuss.eu\/sk\/produkt\/dowsil-3793\/#primaryimage"},"thumbnailUrl":"https:\/\/proventuss.eu\/wp-content\/uploads\/2022\/04\/Dowsil-3793.jpg","datePublished":"2022-04-26T08:25:39+00:00","dateModified":"2022-04-26T08:25:39+00:00","breadcrumb":{"@id":"https:\/\/proventuss.eu\/sk\/produkt\/dowsil-3793\/#breadcrumb"},"inLanguage":"sk-SK","potentialAction":[{"@type":"ReadAction","target":["https:\/\/proventuss.eu\/sk\/produkt\/dowsil-3793\/"]}]},{"@type":"ImageObject","inLanguage":"sk-SK","@id":"https:\/\/proventuss.eu\/sk\/produkt\/dowsil-3793\/#primaryimage","url":"https:\/\/proventuss.eu\/wp-content\/uploads\/2022\/04\/Dowsil-3793.jpg","contentUrl":"https:\/\/proventuss.eu\/wp-content\/uploads\/2022\/04\/Dowsil-3793.jpg","width":453,"height":640},{"@type":"BreadcrumbList","@id":"https:\/\/proventuss.eu\/sk\/produkt\/dowsil-3793\/#breadcrumb","itemListElement":[{"@type":"ListItem","position":1,"name":"Home","item":"https:\/\/proventuss.eu\/"},{"@type":"ListItem","position":2,"name":"Produkty","item":"https:\/\/proventuss.eu\/produkty\/"},{"@type":"ListItem","position":3,"name":"DOWSIL 3793"}]},{"@type":"WebSite","@id":"https:\/\/proventuss.eu\/#website","url":"https:\/\/proventuss.eu\/","name":"Proventuss","description":"","potentialAction":[{"@type":"SearchAction","target":{"@type":"EntryPoint","urlTemplate":"https:\/\/proventuss.eu\/?s={search_term_string}"},"query-input":"required name=search_term_string"}],"inLanguage":"sk-SK"}]}},"_links":{"self":[{"href":"https:\/\/proventuss.eu\/sk\/wp-json\/wp\/v2\/product\/8836"}],"collection":[{"href":"https:\/\/proventuss.eu\/sk\/wp-json\/wp\/v2\/product"}],"about":[{"href":"https:\/\/proventuss.eu\/sk\/wp-json\/wp\/v2\/types\/product"}],"replies":[{"embeddable":true,"href":"https:\/\/proventuss.eu\/sk\/wp-json\/wp\/v2\/comments?post=8836"}],"wp:featuredmedia":[{"embeddable":true,"href":"https:\/\/proventuss.eu\/sk\/wp-json\/wp\/v2\/media\/7277"}],"wp:attachment":[{"href":"https:\/\/proventuss.eu\/sk\/wp-json\/wp\/v2\/media?parent=8836"}],"wp:term":[{"taxonomy":"product_cat","embeddable":true,"href":"https:\/\/proventuss.eu\/sk\/wp-json\/wp\/v2\/product_cat?post=8836"},{"taxonomy":"product_tag","embeddable":true,"href":"https:\/\/proventuss.eu\/sk\/wp-json\/wp\/v2\/product_tag?post=8836"}],"curies":[{"name":"wp","href":"https:\/\/api.w.org\/{rel}","templated":true}]}}